{"id":413,"date":"2018-12-03T11:20:14","date_gmt":"2018-12-03T11:20:14","guid":{"rendered":"https:\/\/testi-e2c55b704894.senaatti.fi\/asema-alueet\/etusivu\/"},"modified":"2024-01-11T10:18:47","modified_gmt":"2024-01-11T10:18:47","slug":"etusivu","status":"publish","type":"page","link":"https:\/\/testi-e2c55b704894.senaatti.fi\/asema-alueet\/sv\/","title":{"rendered":"Framsida"},"content":{"rendered":"<div class=\"wpb-content-wrapper\"><p>[vc_row][vc_column][senaatti_homehero heading=&#8221;Senatstationfastigheter Ab&#8221; text=&#8221;Vi utvecklar j\u00e4rnv\u00e4gstrafikens stationsomr\u00e5den i samarbete med st\u00e4der och kommuner.<\/p>\n<p>Vi planerar med vilka medel varje stationsomr\u00e5de b\u00e4st betj\u00e4nar en h\u00e5llbar stadsutveckling i sin omgivning.&#8221; image=&#8221;446&#8243;][\/vc_column][\/vc_row][vc_row][vc_column][senaatti_feature align=&#8221;right&#8221; background_color=&#8221;senaatti-konserni-purple-25&#8243; heading=&#8221;V\u00e5r uppgift&#8221; text=&#8221;J\u00e4rnv\u00e4gsstationer och deras omgivningar har en betydande roll vid planering och ordnande av boende, tj\u00e4nster och mobilitet i framtidens centrumomr\u00e5den. Genom det nya bolaget f\u00e5r st\u00e4der och kommuner en effektiv och sakkunnig partner f\u00f6r f\u00f6rnyelse av sina stationsomr\u00e5den och f\u00f6r en h\u00e5llbar stadsutveckling.<\/p>\n<p>Bolaget utvecklar anv\u00e4ndnings\u00e4ndam\u00e5l f\u00f6r stationsomr\u00e5den i f\u00f6rsta hand genom planl\u00e4ggning och bidrar till att omr\u00e5dena p\u00e5 ett m\u00e5ngsidigt s\u00e4tt kan anv\u00e4ndas f\u00f6r bostadsbyggande och aff\u00e4rsverksamhet samt som knutpunkter f\u00f6r trafik. Bolagets uppgift \u00e4r ocks\u00e5 att s\u00e4lja de fastigheter som det utvecklat.&#8221; image=&#8221;21&#8243;][\/senaatti_feature][\/vc_column][\/vc_row][vc_row][vc_column][senaatti_numbers_alt background_color=&#8221;senaatti-konserni-light-red-25&#8243; title=&#8221;Objekt runt om i Finland&#8221; items=&#8221;%5B%7B%22number%22%3A%2221%22%2C%22label_below%22%3A%22p%C3%A5%20orter%22%7D%5D&#8221; image=&#8221;135&#8243;][\/vc_column][\/vc_row][vc_row][vc_column][senaatti_feature align=&#8221;right&#8221; background_color=&#8221;bg-white&#8221; image_is_drawing=&#8221;true&#8221; heading=&#8221;Varf\u00f6r Senatstationfastigheter Ab?&#8221; text=&#8221;Bakomliggande orsak till att bolaget grundades \u00e4r att statens fastighetstillg\u00e5ngar vid t\u00e5gtrafikens stationsomr\u00e5den har spritts p\u00e5 flera akt\u00f6rer. Hittills har \u00e4gandet spridits i allm\u00e4nhet mellan Senatfastigheter, VR och Trafikverket (nuv. Trafikledsverket). Genom att koncentrera \u00e4gandet och ansvaret uppn\u00e5s tydlighet och smidighet vid utvecklingen av omr\u00e5dena.<\/p>\n<p>Bolaget inledde sin verksamhet i b\u00f6rjan av 2019 och ska i samarbete med st\u00e4der och kommuner b\u00f6rja planera hur varje stationsomr\u00e5de som \u00e4r p\u00e5 bolagets ansvar b\u00e4st betj\u00e4nar en h\u00e5llbar utveckling i sin omgivning&#8221; image=&#8221;1586&#8243;][\/senaatti_feature][\/vc_column][\/vc_row][vc_row][vc_column][senaatti_feature background_color=&#8221;senaatti-konserni-green-25&#8243; text=&#8221;Stationsomr\u00e5dena kring t\u00e5gtrafiken ska vara v\u00e4lfungerande knutpunkter f\u00f6r t\u00e4tare st\u00e4der och kollektivtrafik. Stationsomr\u00e5dena ska inte enbart vara genomfartsplatser, utan de ska representera omgivningar d\u00e4r det \u00e4r bra att bo, leva och bedriva aff\u00e4rsverksamhet.<\/p>\n<p>Bolaget utvecklar fastigheterna i n\u00e4ra samarbete med st\u00e4derna och kommunerna i f\u00f6rsta hand genom planl\u00e4ggningsmetoder, varefter det s\u00e4ljer fastigheterna. Bolaget kan efter egen pr\u00f6vning delta ocks\u00e5 i mer l\u00e5ngt g\u00e5ende utveckling av fastigheterna med olika lokala bolag.&#8221; image=&#8221;437&#8243; heading=&#8221;Fungerande l\u00f6sningar f\u00f6r inv\u00e5narnas b\u00e4sta&#8221;][\/senaatti_feature][\/vc_column][\/vc_row][vc_row][vc_column][senaatti_feature align=&#8221;right&#8221; background_color=&#8221;senaatti-konserni-purple&#8221; heading=&#8221;Aktuellt&#8221; text=&#8221;Bolagets styrelse har inlett sin verksamhet i b\u00f6rjan av 2019 och uts\u00e5g vid sitt f\u00f6rsta sammantr\u00e4de bl.a. bolagets verkst\u00e4llande direkt\u00f6r. I bolagets styrelse sitter ocks\u00e5 representanter f\u00f6r milj\u00f6ministeriet, kommunikationsministeriet, statsr\u00e5dets kansli och Senatfastigheter.<\/p>\n<p>Bolaget informerar om sin verksamhet och om aktuella nyheter p\u00e5 denna webbplats.&#8221; image=&#8221;146&#8243; btn=&#8221;|||&#8221; btn_2=&#8221;||target:%20_blank|&#8221;][\/senaatti_feature][\/vc_column][\/vc_row]<\/p>\n<\/div>","protected":false},"excerpt":{"rendered":"<p>[vc_row][vc_column][senaatti_homehero heading=&#8221;Senatstationfastigheter Ab&#8221; text=&#8221;Vi utvecklar j\u00e4rnv\u00e4gstrafikens stationsomr\u00e5den i samarbete med st\u00e4der och kommuner. Vi planerar med vilka medel varje stationsomr\u00e5de b\u00e4st betj\u00e4nar en h\u00e5llbar stadsutveckling i sin omgivning.&#8221; image=&#8221;446&#8243;][\/vc_column][\/vc_row][vc_row][vc_column][senaatti_feature align=&#8221;right&#8221; background_color=&#8221;senaatti-konserni-purple-25&#8243; heading=&#8221;V\u00e5r uppgift&#8221; text=&#8221;J\u00e4rnv\u00e4gsstationer och deras omgivningar har en betydande roll vid planering och ordnande av boende, tj\u00e4nster och mobilitet i framtidens centrumomr\u00e5den. Genom det [&hellip;]<\/p>\n","protected":false},"author":11,"featured_media":0,"parent":0,"menu_order":0,"comment_status":"closed","ping_status":"closed","template":"","meta":{"_acf_changed":false,"_exactmetrics_skip_tracking":false,"_exactmetrics_sitenote_active":false,"_exactmetrics_sitenote_note":"","_exactmetrics_sitenote_category":0,"footnotes":""},"class_list":["post-413","page","type-page","status-publish","hentry"],"acf":[],"yoast_head":"<!-- This site is optimized with the Yoast SEO plugin v23.9 - https:\/\/yoast.com\/wordpress\/plugins\/seo\/ -->\n<title>Framsida - Asema-alueet<\/title>\n<meta name=\"robots\" content=\"noindex, follow, max-snippet:-1, max-image-preview:large, max-video-preview:-1\" \/>\n<meta property=\"og:locale\" content=\"sv_SE\" \/>\n<meta property=\"og:type\" content=\"article\" \/>\n<meta property=\"og:title\" content=\"Framsida - Asema-alueet\" \/>\n<meta property=\"og:description\" content=\"[vc_row][vc_column][senaatti_homehero heading=&#8221;Senatstationfastigheter Ab&#8221; text=&#8221;Vi utvecklar j\u00e4rnv\u00e4gstrafikens stationsomr\u00e5den i samarbete med st\u00e4der och kommuner. Vi planerar med vilka medel varje stationsomr\u00e5de b\u00e4st betj\u00e4nar en h\u00e5llbar stadsutveckling i sin omgivning.&#8221; image=&#8221;446&#8243;][\/vc_column][\/vc_row][vc_row][vc_column][senaatti_feature align=&#8221;right&#8221; background_color=&#8221;senaatti-konserni-purple-25&#8243; heading=&#8221;V\u00e5r uppgift&#8221; text=&#8221;J\u00e4rnv\u00e4gsstationer och deras omgivningar har en betydande roll vid planering och ordnande av boende, tj\u00e4nster och mobilitet i framtidens centrumomr\u00e5den. Genom det [&hellip;]\" \/>\n<meta property=\"og:url\" content=\"https:\/\/www.senaatti.fi\/asema-alueet\/sv\/\" \/>\n<meta property=\"og:site_name\" content=\"Asema-alueet\" \/>\n<meta property=\"article:modified_time\" content=\"2024-01-11T10:18:47+00:00\" \/>\n<meta name=\"twitter:card\" content=\"summary_large_image\" \/>\n<meta name=\"twitter:label1\" content=\"Ber\u00e4knad l\u00e4stid\" \/>\n\t<meta name=\"twitter:data1\" content=\"3 minuter\" \/>\n<script type=\"application\/ld+json\" class=\"yoast-schema-graph\">{\"@context\":\"https:\/\/schema.org\",\"@graph\":[{\"@type\":\"WebPage\",\"@id\":\"https:\/\/www.senaatti.fi\/asema-alueet\/sv\/\",\"url\":\"https:\/\/www.senaatti.fi\/asema-alueet\/sv\/\",\"name\":\"Framsida - Asema-alueet\",\"isPartOf\":{\"@id\":\"https:\/\/www.senaatti.fi\/asema-alueet\/#website\"},\"datePublished\":\"2018-12-03T11:20:14+00:00\",\"dateModified\":\"2024-01-11T10:18:47+00:00\",\"breadcrumb\":{\"@id\":\"https:\/\/www.senaatti.fi\/asema-alueet\/sv\/#breadcrumb\"},\"inLanguage\":\"sv-SE\",\"potentialAction\":[{\"@type\":\"ReadAction\",\"target\":[\"https:\/\/www.senaatti.fi\/asema-alueet\/sv\/\"]}]},{\"@type\":\"BreadcrumbList\",\"@id\":\"https:\/\/www.senaatti.fi\/asema-alueet\/sv\/#breadcrumb\",\"itemListElement\":[{\"@type\":\"ListItem\",\"position\":1,\"name\":\"Etusivu\",\"item\":\"https:\/\/www.senaatti.fi\/asema-alueet\/sv\/\"},{\"@type\":\"ListItem\",\"position\":2,\"name\":\"Framsida\"}]},{\"@type\":\"WebSite\",\"@id\":\"https:\/\/www.senaatti.fi\/asema-alueet\/#website\",\"url\":\"https:\/\/www.senaatti.fi\/asema-alueet\/\",\"name\":\"Asema-alueet\",\"description\":\"Senaatin Asema-alueet\",\"potentialAction\":[{\"@type\":\"SearchAction\",\"target\":{\"@type\":\"EntryPoint\",\"urlTemplate\":\"https:\/\/www.senaatti.fi\/asema-alueet\/?s={search_term_string}\"},\"query-input\":{\"@type\":\"PropertyValueSpecification\",\"valueRequired\":true,\"valueName\":\"search_term_string\"}}],\"inLanguage\":\"sv-SE\"}]}<\/script>\n<!-- \/ Yoast SEO plugin. -->","yoast_head_json":{"title":"Framsida - Asema-alueet","robots":{"index":"noindex","follow":"follow","max-snippet":"max-snippet:-1","max-image-preview":"max-image-preview:large","max-video-preview":"max-video-preview:-1"},"og_locale":"sv_SE","og_type":"article","og_title":"Framsida - Asema-alueet","og_description":"[vc_row][vc_column][senaatti_homehero heading=&#8221;Senatstationfastigheter Ab&#8221; text=&#8221;Vi utvecklar j\u00e4rnv\u00e4gstrafikens stationsomr\u00e5den i samarbete med st\u00e4der och kommuner. Vi planerar med vilka medel varje stationsomr\u00e5de b\u00e4st betj\u00e4nar en h\u00e5llbar stadsutveckling i sin omgivning.&#8221; image=&#8221;446&#8243;][\/vc_column][\/vc_row][vc_row][vc_column][senaatti_feature align=&#8221;right&#8221; background_color=&#8221;senaatti-konserni-purple-25&#8243; heading=&#8221;V\u00e5r uppgift&#8221; text=&#8221;J\u00e4rnv\u00e4gsstationer och deras omgivningar har en betydande roll vid planering och ordnande av boende, tj\u00e4nster och mobilitet i framtidens centrumomr\u00e5den. Genom det [&hellip;]","og_url":"https:\/\/www.senaatti.fi\/asema-alueet\/sv\/","og_site_name":"Asema-alueet","article_modified_time":"2024-01-11T10:18:47+00:00","twitter_card":"summary_large_image","twitter_misc":{"Ber\u00e4knad l\u00e4stid":"3 minuter"},"schema":{"@context":"https:\/\/schema.org","@graph":[{"@type":"WebPage","@id":"https:\/\/www.senaatti.fi\/asema-alueet\/sv\/","url":"https:\/\/www.senaatti.fi\/asema-alueet\/sv\/","name":"Framsida - Asema-alueet","isPartOf":{"@id":"https:\/\/www.senaatti.fi\/asema-alueet\/#website"},"datePublished":"2018-12-03T11:20:14+00:00","dateModified":"2024-01-11T10:18:47+00:00","breadcrumb":{"@id":"https:\/\/www.senaatti.fi\/asema-alueet\/sv\/#breadcrumb"},"inLanguage":"sv-SE","potentialAction":[{"@type":"ReadAction","target":["https:\/\/www.senaatti.fi\/asema-alueet\/sv\/"]}]},{"@type":"BreadcrumbList","@id":"https:\/\/www.senaatti.fi\/asema-alueet\/sv\/#breadcrumb","itemListElement":[{"@type":"ListItem","position":1,"name":"Etusivu","item":"https:\/\/www.senaatti.fi\/asema-alueet\/sv\/"},{"@type":"ListItem","position":2,"name":"Framsida"}]},{"@type":"WebSite","@id":"https:\/\/www.senaatti.fi\/asema-alueet\/#website","url":"https:\/\/www.senaatti.fi\/asema-alueet\/","name":"Asema-alueet","description":"Senaatin Asema-alueet","potentialAction":[{"@type":"SearchAction","target":{"@type":"EntryPoint","urlTemplate":"https:\/\/www.senaatti.fi\/asema-alueet\/?s={search_term_string}"},"query-input":{"@type":"PropertyValueSpecification","valueRequired":true,"valueName":"search_term_string"}}],"inLanguage":"sv-SE"}]}},"_links":{"self":[{"href":"https:\/\/testi-e2c55b704894.senaatti.fi\/asema-alueet\/sv\/wp-json\/wp\/v2\/pages\/413","targetHints":{"allow":["GET"]}}],"collection":[{"href":"https:\/\/testi-e2c55b704894.senaatti.fi\/asema-alueet\/sv\/wp-json\/wp\/v2\/pages"}],"about":[{"href":"https:\/\/testi-e2c55b704894.senaatti.fi\/asema-alueet\/sv\/wp-json\/wp\/v2\/types\/page"}],"author":[{"embeddable":true,"href":"https:\/\/testi-e2c55b704894.senaatti.fi\/asema-alueet\/sv\/wp-json\/wp\/v2\/users\/11"}],"replies":[{"embeddable":true,"href":"https:\/\/testi-e2c55b704894.senaatti.fi\/asema-alueet\/sv\/wp-json\/wp\/v2\/comments?post=413"}],"version-history":[{"count":10,"href":"https:\/\/testi-e2c55b704894.senaatti.fi\/asema-alueet\/sv\/wp-json\/wp\/v2\/pages\/413\/revisions"}],"predecessor-version":[{"id":1753,"href":"https:\/\/testi-e2c55b704894.senaatti.fi\/asema-alueet\/sv\/wp-json\/wp\/v2\/pages\/413\/revisions\/1753"}],"wp:attachment":[{"href":"https:\/\/testi-e2c55b704894.senaatti.fi\/asema-alueet\/sv\/wp-json\/wp\/v2\/media?parent=413"}],"curies":[{"name":"wp","href":"https:\/\/api.w.org\/{rel}","templated":true}]}}