{"id":463,"date":"2019-04-26T11:59:52","date_gmt":"2019-04-26T11:59:52","guid":{"rendered":"https:\/\/testi-e2c55b704894.senaatti.fi\/asema-alueet\/?page_id=463"},"modified":"2023-04-18T12:50:44","modified_gmt":"2023-04-18T12:50:44","slug":"kontaktinformation","status":"publish","type":"page","link":"https:\/\/testi-e2c55b704894.senaatti.fi\/asema-alueet\/sv\/kontaktinformation\/","title":{"rendered":"Kontaktinformation"},"content":{"rendered":"<div class=\"wpb-content-wrapper\"><p>[vc_row][vc_column][senaatti_hero heading=&#8221;Ta kontakt&#8221; text=&#8221;H\u00e4r finner du v\u00e5ra kontaktuppgifter.&#8221;][\/vc_column][\/vc_row][vc_row][vc_column][vc_column_text remove_empty_space_above=&#8221;true&#8221; remove_empty_space_below=&#8221;true&#8221;]<\/p>\n<h2>Senatstationfastigheter Ab<\/h2>\n<p>c\/o Senatfastigheter<br \/>\nF\u00e5gelviksgatan 5 A, PL 237<br \/>\n00530 Helsingfors<\/p>\n<p><strong>FO-nummer 2956119-4<\/strong><\/p>\n<p><a href=\"mailto:asema-alueet@senaatti.fi\">asema-alueet@senaatti.fi<\/a><\/p>\n<p><strong>Bolagets ledning<\/strong><br \/>\nMarko H\u00e4rk\u00f6nen<br \/>\nverkst\u00e4llande direkt\u00f6r<br \/>\n+358 40 546 6627<br \/>\nmarko.harkonen@senaatti.fi<\/p>\n<p><strong>F\u00f6rvaltning av tillg\u00e5ngar<\/strong><br \/>\n<span lang=\"EN-GB\">Virpi Koikkalainen<br \/>\n+358 40 747 7226<br \/>\nvirpi.koikkalainen@senaatti.fi<\/span><\/p>\n<p><strong>Bolagets styrelse<\/strong><br \/>\nI bolagets styrelse finns representanter f\u00f6r milj\u00f6ministeriet, kommunikationsministeriet, statsr\u00e5dets kansli och Senatfastigheter.[\/vc_column_text][\/vc_column][\/vc_row]<\/p>\n<\/div>","protected":false},"excerpt":{"rendered":"<p>[vc_row][vc_column][senaatti_hero heading=&#8221;Ta kontakt&#8221; text=&#8221;H\u00e4r finner du v\u00e5ra kontaktuppgifter.&#8221;][\/vc_column][\/vc_row][vc_row][vc_column][vc_column_text remove_empty_space_above=&#8221;true&#8221; remove_empty_space_below=&#8221;true&#8221;] Senatstationfastigheter Ab c\/o Senatfastigheter F\u00e5gelviksgatan 5 A, PL 237 00530 Helsingfors FO-nummer 2956119-4 asema-alueet@senaatti.fi Bolagets ledning Marko H\u00e4rk\u00f6nen verkst\u00e4llande direkt\u00f6r +358 40 546 6627 marko.harkonen@senaatti.fi F\u00f6rvaltning av tillg\u00e5ngar Virpi Koikkalainen +358 40 747 7226 virpi.koikkalainen@senaatti.fi Bolagets styrelse I bolagets styrelse finns representanter f\u00f6r milj\u00f6ministeriet, kommunikationsministeriet, [&hellip;]<\/p>\n","protected":false},"author":16,"featured_media":0,"parent":0,"menu_order":0,"comment_status":"closed","ping_status":"closed","template":"","meta":{"_acf_changed":false,"_exactmetrics_skip_tracking":false,"_exactmetrics_sitenote_active":false,"_exactmetrics_sitenote_note":"","_exactmetrics_sitenote_category":0,"footnotes":""},"class_list":["post-463","page","type-page","status-publish","hentry"],"acf":[],"yoast_head":"<!-- This site is optimized with the Yoast SEO plugin v23.9 - https:\/\/yoast.com\/wordpress\/plugins\/seo\/ -->\n<title>Kontaktinformation - Asema-alueet<\/title>\n<meta name=\"robots\" content=\"noindex, follow, max-snippet:-1, max-image-preview:large, max-video-preview:-1\" \/>\n<meta property=\"og:locale\" content=\"sv_SE\" \/>\n<meta property=\"og:type\" content=\"article\" \/>\n<meta property=\"og:title\" content=\"Kontaktinformation - Asema-alueet\" \/>\n<meta property=\"og:description\" content=\"[vc_row][vc_column][senaatti_hero heading=&#8221;Ta kontakt&#8221; text=&#8221;H\u00e4r finner du v\u00e5ra kontaktuppgifter.&#8221;][\/vc_column][\/vc_row][vc_row][vc_column][vc_column_text remove_empty_space_above=&#8221;true&#8221; remove_empty_space_below=&#8221;true&#8221;] Senatstationfastigheter Ab c\/o Senatfastigheter F\u00e5gelviksgatan 5 A, PL 237 00530 Helsingfors FO-nummer 2956119-4 asema-alueet@senaatti.fi Bolagets ledning Marko H\u00e4rk\u00f6nen verkst\u00e4llande direkt\u00f6r +358 40 546 6627 marko.harkonen@senaatti.fi F\u00f6rvaltning av tillg\u00e5ngar Virpi Koikkalainen +358 40 747 7226 virpi.koikkalainen@senaatti.fi Bolagets styrelse I bolagets styrelse finns representanter f\u00f6r milj\u00f6ministeriet, kommunikationsministeriet, [&hellip;]\" \/>\n<meta property=\"og:url\" content=\"https:\/\/www.senaatti.fi\/asema-alueet\/yhteystiedot\/\" \/>\n<meta property=\"og:site_name\" content=\"Asema-alueet\" \/>\n<meta property=\"article:modified_time\" content=\"2023-04-18T12:50:44+00:00\" \/>\n<meta name=\"twitter:card\" content=\"summary_large_image\" \/>\n<meta name=\"twitter:label1\" content=\"Ber\u00e4knad l\u00e4stid\" \/>\n\t<meta name=\"twitter:data1\" content=\"1 minut\" \/>\n<script type=\"application\/ld+json\" class=\"yoast-schema-graph\">{\"@context\":\"https:\/\/schema.org\",\"@graph\":[{\"@type\":\"WebPage\",\"@id\":\"https:\/\/www.senaatti.fi\/asema-alueet\/yhteystiedot\/\",\"url\":\"https:\/\/www.senaatti.fi\/asema-alueet\/yhteystiedot\/\",\"name\":\"Kontaktinformation - Asema-alueet\",\"isPartOf\":{\"@id\":\"https:\/\/www.senaatti.fi\/asema-alueet\/#website\"},\"datePublished\":\"2019-04-26T11:59:52+00:00\",\"dateModified\":\"2023-04-18T12:50:44+00:00\",\"breadcrumb\":{\"@id\":\"https:\/\/www.senaatti.fi\/asema-alueet\/yhteystiedot\/#breadcrumb\"},\"inLanguage\":\"sv-SE\",\"potentialAction\":[{\"@type\":\"ReadAction\",\"target\":[\"https:\/\/www.senaatti.fi\/asema-alueet\/yhteystiedot\/\"]}]},{\"@type\":\"BreadcrumbList\",\"@id\":\"https:\/\/www.senaatti.fi\/asema-alueet\/yhteystiedot\/#breadcrumb\",\"itemListElement\":[{\"@type\":\"ListItem\",\"position\":1,\"name\":\"Etusivu\",\"item\":\"https:\/\/www.senaatti.fi\/asema-alueet\/sv\/\"},{\"@type\":\"ListItem\",\"position\":2,\"name\":\"Kontaktinformation\"}]},{\"@type\":\"WebSite\",\"@id\":\"https:\/\/www.senaatti.fi\/asema-alueet\/#website\",\"url\":\"https:\/\/www.senaatti.fi\/asema-alueet\/\",\"name\":\"Asema-alueet\",\"description\":\"Senaatin Asema-alueet\",\"potentialAction\":[{\"@type\":\"SearchAction\",\"target\":{\"@type\":\"EntryPoint\",\"urlTemplate\":\"https:\/\/www.senaatti.fi\/asema-alueet\/?s={search_term_string}\"},\"query-input\":{\"@type\":\"PropertyValueSpecification\",\"valueRequired\":true,\"valueName\":\"search_term_string\"}}],\"inLanguage\":\"sv-SE\"}]}<\/script>\n<!-- \/ Yoast SEO plugin. -->","yoast_head_json":{"title":"Kontaktinformation - Asema-alueet","robots":{"index":"noindex","follow":"follow","max-snippet":"max-snippet:-1","max-image-preview":"max-image-preview:large","max-video-preview":"max-video-preview:-1"},"og_locale":"sv_SE","og_type":"article","og_title":"Kontaktinformation - Asema-alueet","og_description":"[vc_row][vc_column][senaatti_hero heading=&#8221;Ta kontakt&#8221; text=&#8221;H\u00e4r finner du v\u00e5ra kontaktuppgifter.&#8221;][\/vc_column][\/vc_row][vc_row][vc_column][vc_column_text remove_empty_space_above=&#8221;true&#8221; remove_empty_space_below=&#8221;true&#8221;] Senatstationfastigheter Ab c\/o Senatfastigheter F\u00e5gelviksgatan 5 A, PL 237 00530 Helsingfors FO-nummer 2956119-4 asema-alueet@senaatti.fi Bolagets ledning Marko H\u00e4rk\u00f6nen verkst\u00e4llande direkt\u00f6r +358 40 546 6627 marko.harkonen@senaatti.fi F\u00f6rvaltning av tillg\u00e5ngar Virpi Koikkalainen +358 40 747 7226 virpi.koikkalainen@senaatti.fi Bolagets styrelse I bolagets styrelse finns representanter f\u00f6r milj\u00f6ministeriet, kommunikationsministeriet, [&hellip;]","og_url":"https:\/\/www.senaatti.fi\/asema-alueet\/yhteystiedot\/","og_site_name":"Asema-alueet","article_modified_time":"2023-04-18T12:50:44+00:00","twitter_card":"summary_large_image","twitter_misc":{"Ber\u00e4knad l\u00e4stid":"1 minut"},"schema":{"@context":"https:\/\/schema.org","@graph":[{"@type":"WebPage","@id":"https:\/\/www.senaatti.fi\/asema-alueet\/yhteystiedot\/","url":"https:\/\/www.senaatti.fi\/asema-alueet\/yhteystiedot\/","name":"Kontaktinformation - Asema-alueet","isPartOf":{"@id":"https:\/\/www.senaatti.fi\/asema-alueet\/#website"},"datePublished":"2019-04-26T11:59:52+00:00","dateModified":"2023-04-18T12:50:44+00:00","breadcrumb":{"@id":"https:\/\/www.senaatti.fi\/asema-alueet\/yhteystiedot\/#breadcrumb"},"inLanguage":"sv-SE","potentialAction":[{"@type":"ReadAction","target":["https:\/\/www.senaatti.fi\/asema-alueet\/yhteystiedot\/"]}]},{"@type":"BreadcrumbList","@id":"https:\/\/www.senaatti.fi\/asema-alueet\/yhteystiedot\/#breadcrumb","itemListElement":[{"@type":"ListItem","position":1,"name":"Etusivu","item":"https:\/\/www.senaatti.fi\/asema-alueet\/sv\/"},{"@type":"ListItem","position":2,"name":"Kontaktinformation"}]},{"@type":"WebSite","@id":"https:\/\/www.senaatti.fi\/asema-alueet\/#website","url":"https:\/\/www.senaatti.fi\/asema-alueet\/","name":"Asema-alueet","description":"Senaatin Asema-alueet","potentialAction":[{"@type":"SearchAction","target":{"@type":"EntryPoint","urlTemplate":"https:\/\/www.senaatti.fi\/asema-alueet\/?s={search_term_string}"},"query-input":{"@type":"PropertyValueSpecification","valueRequired":true,"valueName":"search_term_string"}}],"inLanguage":"sv-SE"}]}},"_links":{"self":[{"href":"https:\/\/testi-e2c55b704894.senaatti.fi\/asema-alueet\/sv\/wp-json\/wp\/v2\/pages\/463","targetHints":{"allow":["GET"]}}],"collection":[{"href":"https:\/\/testi-e2c55b704894.senaatti.fi\/asema-alueet\/sv\/wp-json\/wp\/v2\/pages"}],"about":[{"href":"https:\/\/testi-e2c55b704894.senaatti.fi\/asema-alueet\/sv\/wp-json\/wp\/v2\/types\/page"}],"author":[{"embeddable":true,"href":"https:\/\/testi-e2c55b704894.senaatti.fi\/asema-alueet\/sv\/wp-json\/wp\/v2\/users\/16"}],"replies":[{"embeddable":true,"href":"https:\/\/testi-e2c55b704894.senaatti.fi\/asema-alueet\/sv\/wp-json\/wp\/v2\/comments?post=463"}],"version-history":[{"count":10,"href":"https:\/\/testi-e2c55b704894.senaatti.fi\/asema-alueet\/sv\/wp-json\/wp\/v2\/pages\/463\/revisions"}],"predecessor-version":[{"id":1672,"href":"https:\/\/testi-e2c55b704894.senaatti.fi\/asema-alueet\/sv\/wp-json\/wp\/v2\/pages\/463\/revisions\/1672"}],"wp:attachment":[{"href":"https:\/\/testi-e2c55b704894.senaatti.fi\/asema-alueet\/sv\/wp-json\/wp\/v2\/media?parent=463"}],"curies":[{"name":"wp","href":"https:\/\/api.w.org\/{rel}","templated":true}]}}