{"id":114,"date":"2019-01-02T12:19:46","date_gmt":"2019-01-02T12:19:46","guid":{"rendered":"https:\/\/testi-e2c55b704894.senaatti.fi\/asema-alueet\/?page_id=114"},"modified":"2024-02-23T13:18:52","modified_gmt":"2024-02-23T13:18:52","slug":"yhteystiedot","status":"publish","type":"page","link":"https:\/\/testi-e2c55b704894.senaatti.fi\/asema-alueet\/yhteystiedot\/","title":{"rendered":"Yhteystiedot"},"content":{"rendered":"<div class=\"wpb-content-wrapper\"><p>[vc_row][vc_column][senaatti_hero heading=&#8221;Ota yhteytt\u00e4&#8221; text=&#8221;Senaatin Asema-alueet Oy:n yhteystiedot ja laskutusohjeet.&#8221;][\/vc_column][\/vc_row][vc_row][vc_column width=&#8221;1\/2&#8243;][senaatti_feature_small background_color=&#8221;bg-white&#8221; heading=&#8221;Senaatin Asema-alueet Oy&#8221; text=&#8221;c\/o Senaatti-kiinteist\u00f6t<br \/>\nPL 237<br \/>\n00531 HELSINKI<\/p>\n<p><strong>K\u00e4yntiosoite<\/strong><\/p>\n<p>Senaatin Asema-alueet Oy<br \/>\nc\/o Senaatti-kiinteist\u00f6t<br \/>\nLintulahdenkatu 5 A<br \/>\n00530 HELSINKI<\/p>\n<p><strong>Y-tunnus 2956119-4<\/strong><\/p>\n<p><strong>S\u00e4hk\u00f6posti:<\/strong> asema-alueet@senaatti.fi<\/p>\n<p><strong>Yhti\u00f6n johto<\/strong><\/p>\n<p>Marko H\u00e4rk\u00f6nen<br \/>\ntoimitusjohtaja<br \/>\n+358 40 546 6627<br \/>\nmarko.harkonen@senaatti.fi<\/p>\n<p><strong>Omaisuuden hallinta<\/strong><br \/>\nVirpi Koikkalainen<br \/>\ninvestointip\u00e4\u00e4llikk\u00f6<br \/>\n+358 40 747 7226<br \/>\nvirpi.koikkalainen@senaatti.fi<\/p>\n<p>Kohdekohtaisten kiinteist\u00f6p\u00e4\u00e4llik\u00f6iden yhteystiedot saat vaihteen 0294 830 000 kautta.<\/p>\n<p><strong>Yhti\u00f6n hallitus<\/strong><br \/>\nYhti\u00f6n hallituksessa on ymp\u00e4rist\u00f6ministeri\u00f6n, liikenne- ja viestint\u00e4ministeri\u00f6n, valtioneuvoston kanslian sek\u00e4 Senaatti-kiinteist\u00f6jen edustajat.&#8221;][\/vc_column][vc_column width=&#8221;1\/2&#8243;][senaatti_feature_small background_color=&#8221;bg-white&#8221; heading=&#8221;Laskutus&#8221; text=&#8221;<strong>Verkkolaskutusosoite:<\/strong><br \/>\nOperaattorin v\u00e4litt\u00e4j\u00e4tunnus BAWCFI22<br \/>\nY-tunnus 2956119-4<br \/>\nOVT-tunnus 003729561194<\/p>\n<p><strong>Tilinumero:<\/strong><br \/>\nOP FI27 5000 0120 4443 50<\/p>\n<p>Otamme laskuja vastaan vain s\u00e4hk\u00f6isesti.<\/p>\n<p><strong>Laskutukseen liittyv\u00e4t kysymykset ja lis\u00e4tiedot:<\/strong><\/p>\n<p>Kirsi L\u00f6tj\u00f6nen<br \/>\nkiinteist\u00f6assistentti<br \/>\n+358 40 704 0799<br \/>\nkirsi.lotjonen@senaatti.fi&#8221; btn=&#8221;url:https%3A%2F%2Ftesti-e2c55b704894.senaatti.fi%2Fasema-alueet%2Flaskutusohjeet%2F|title:Laskutusohjeet&#8221;][\/vc_column][\/vc_row][vc_row][vc_column][senaatti_loop_contacts contacts=&#8221;36660, 39548, 8972, 52858, 32819, 20307&#8243;][\/vc_column][\/vc_row]<\/p>\n<\/div>","protected":false},"excerpt":{"rendered":"<p>[vc_row][vc_column][senaatti_hero heading=&#8221;Ota yhteytt\u00e4&#8221; text=&#8221;Senaatin Asema-alueet Oy:n yhteystiedot ja laskutusohjeet.&#8221;][\/vc_column][\/vc_row][vc_row][vc_column width=&#8221;1\/2&#8243;][senaatti_feature_small background_color=&#8221;bg-white&#8221; heading=&#8221;Senaatin Asema-alueet Oy&#8221; text=&#8221;c\/o Senaatti-kiinteist\u00f6t PL 237 00531 HELSINKI K\u00e4yntiosoite Senaatin Asema-alueet Oy c\/o Senaatti-kiinteist\u00f6t Lintulahdenkatu 5 A 00530 HELSINKI Y-tunnus 2956119-4 S\u00e4hk\u00f6posti: asema-alueet@senaatti.fi Yhti\u00f6n johto Marko H\u00e4rk\u00f6nen toimitusjohtaja +358 40 546 6627 marko.harkonen@senaatti.fi Omaisuuden hallinta Virpi Koikkalainen investointip\u00e4\u00e4llikk\u00f6 +358 40 747 7226 virpi.koikkalainen@senaatti.fi [&hellip;]<\/p>\n","protected":false},"author":16,"featured_media":0,"parent":0,"menu_order":0,"comment_status":"closed","ping_status":"closed","template":"","meta":{"_acf_changed":false,"_exactmetrics_skip_tracking":false,"_exactmetrics_sitenote_active":false,"_exactmetrics_sitenote_note":"","_exactmetrics_sitenote_category":0,"footnotes":""},"class_list":["post-114","page","type-page","status-publish","hentry"],"acf":[],"yoast_head":"<!-- This site is optimized with the Yoast SEO plugin v23.9 - https:\/\/yoast.com\/wordpress\/plugins\/seo\/ -->\n<title>Yhteystiedot - Asema-alueet<\/title>\n<meta name=\"robots\" content=\"noindex, follow, max-snippet:-1, max-image-preview:large, max-video-preview:-1\" \/>\n<meta property=\"og:locale\" content=\"fi_FI\" \/>\n<meta property=\"og:type\" content=\"article\" \/>\n<meta property=\"og:title\" content=\"Yhteystiedot - Asema-alueet\" \/>\n<meta property=\"og:description\" content=\"[vc_row][vc_column][senaatti_hero heading=&#8221;Ota yhteytt\u00e4&#8221; text=&#8221;Senaatin Asema-alueet Oy:n yhteystiedot ja laskutusohjeet.&#8221;][\/vc_column][\/vc_row][vc_row][vc_column width=&#8221;1\/2&#8243;][senaatti_feature_small background_color=&#8221;bg-white&#8221; heading=&#8221;Senaatin Asema-alueet Oy&#8221; text=&#8221;c\/o Senaatti-kiinteist\u00f6t PL 237 00531 HELSINKI K\u00e4yntiosoite Senaatin Asema-alueet Oy c\/o Senaatti-kiinteist\u00f6t Lintulahdenkatu 5 A 00530 HELSINKI Y-tunnus 2956119-4 S\u00e4hk\u00f6posti: asema-alueet@senaatti.fi Yhti\u00f6n johto Marko H\u00e4rk\u00f6nen toimitusjohtaja +358 40 546 6627 marko.harkonen@senaatti.fi Omaisuuden hallinta Virpi Koikkalainen investointip\u00e4\u00e4llikk\u00f6 +358 40 747 7226 virpi.koikkalainen@senaatti.fi [&hellip;]\" \/>\n<meta property=\"og:url\" content=\"https:\/\/www.senaatti.fi\/asema-alueet\/yhteystiedot\/\" \/>\n<meta property=\"og:site_name\" content=\"Asema-alueet\" \/>\n<meta property=\"article:modified_time\" content=\"2024-02-23T13:18:52+00:00\" \/>\n<meta name=\"twitter:card\" content=\"summary_large_image\" \/>\n<meta name=\"twitter:label1\" content=\"Arvioitu lukuaika\" \/>\n\t<meta name=\"twitter:data1\" content=\"1 minuutti\" \/>\n<script type=\"application\/ld+json\" class=\"yoast-schema-graph\">{\"@context\":\"https:\/\/schema.org\",\"@graph\":[{\"@type\":\"WebPage\",\"@id\":\"https:\/\/www.senaatti.fi\/asema-alueet\/yhteystiedot\/\",\"url\":\"https:\/\/www.senaatti.fi\/asema-alueet\/yhteystiedot\/\",\"name\":\"Yhteystiedot - Asema-alueet\",\"isPartOf\":{\"@id\":\"https:\/\/www.senaatti.fi\/asema-alueet\/#website\"},\"datePublished\":\"2019-01-02T12:19:46+00:00\",\"dateModified\":\"2024-02-23T13:18:52+00:00\",\"breadcrumb\":{\"@id\":\"https:\/\/www.senaatti.fi\/asema-alueet\/yhteystiedot\/#breadcrumb\"},\"inLanguage\":\"fi\",\"potentialAction\":[{\"@type\":\"ReadAction\",\"target\":[\"https:\/\/www.senaatti.fi\/asema-alueet\/yhteystiedot\/\"]}]},{\"@type\":\"BreadcrumbList\",\"@id\":\"https:\/\/www.senaatti.fi\/asema-alueet\/yhteystiedot\/#breadcrumb\",\"itemListElement\":[{\"@type\":\"ListItem\",\"position\":1,\"name\":\"Etusivu\",\"item\":\"https:\/\/www.senaatti.fi\/asema-alueet\/\"},{\"@type\":\"ListItem\",\"position\":2,\"name\":\"Yhteystiedot\"}]},{\"@type\":\"WebSite\",\"@id\":\"https:\/\/www.senaatti.fi\/asema-alueet\/#website\",\"url\":\"https:\/\/www.senaatti.fi\/asema-alueet\/\",\"name\":\"Asema-alueet\",\"description\":\"Senaatin Asema-alueet\",\"potentialAction\":[{\"@type\":\"SearchAction\",\"target\":{\"@type\":\"EntryPoint\",\"urlTemplate\":\"https:\/\/www.senaatti.fi\/asema-alueet\/?s={search_term_string}\"},\"query-input\":{\"@type\":\"PropertyValueSpecification\",\"valueRequired\":true,\"valueName\":\"search_term_string\"}}],\"inLanguage\":\"fi\"}]}<\/script>\n<!-- \/ Yoast SEO plugin. -->","yoast_head_json":{"title":"Yhteystiedot - Asema-alueet","robots":{"index":"noindex","follow":"follow","max-snippet":"max-snippet:-1","max-image-preview":"max-image-preview:large","max-video-preview":"max-video-preview:-1"},"og_locale":"fi_FI","og_type":"article","og_title":"Yhteystiedot - Asema-alueet","og_description":"[vc_row][vc_column][senaatti_hero heading=&#8221;Ota yhteytt\u00e4&#8221; text=&#8221;Senaatin Asema-alueet Oy:n yhteystiedot ja laskutusohjeet.&#8221;][\/vc_column][\/vc_row][vc_row][vc_column width=&#8221;1\/2&#8243;][senaatti_feature_small background_color=&#8221;bg-white&#8221; heading=&#8221;Senaatin Asema-alueet Oy&#8221; text=&#8221;c\/o Senaatti-kiinteist\u00f6t PL 237 00531 HELSINKI K\u00e4yntiosoite Senaatin Asema-alueet Oy c\/o Senaatti-kiinteist\u00f6t Lintulahdenkatu 5 A 00530 HELSINKI Y-tunnus 2956119-4 S\u00e4hk\u00f6posti: asema-alueet@senaatti.fi Yhti\u00f6n johto Marko H\u00e4rk\u00f6nen toimitusjohtaja +358 40 546 6627 marko.harkonen@senaatti.fi Omaisuuden hallinta Virpi Koikkalainen investointip\u00e4\u00e4llikk\u00f6 +358 40 747 7226 virpi.koikkalainen@senaatti.fi [&hellip;]","og_url":"https:\/\/www.senaatti.fi\/asema-alueet\/yhteystiedot\/","og_site_name":"Asema-alueet","article_modified_time":"2024-02-23T13:18:52+00:00","twitter_card":"summary_large_image","twitter_misc":{"Arvioitu lukuaika":"1 minuutti"},"schema":{"@context":"https:\/\/schema.org","@graph":[{"@type":"WebPage","@id":"https:\/\/www.senaatti.fi\/asema-alueet\/yhteystiedot\/","url":"https:\/\/www.senaatti.fi\/asema-alueet\/yhteystiedot\/","name":"Yhteystiedot - Asema-alueet","isPartOf":{"@id":"https:\/\/www.senaatti.fi\/asema-alueet\/#website"},"datePublished":"2019-01-02T12:19:46+00:00","dateModified":"2024-02-23T13:18:52+00:00","breadcrumb":{"@id":"https:\/\/www.senaatti.fi\/asema-alueet\/yhteystiedot\/#breadcrumb"},"inLanguage":"fi","potentialAction":[{"@type":"ReadAction","target":["https:\/\/www.senaatti.fi\/asema-alueet\/yhteystiedot\/"]}]},{"@type":"BreadcrumbList","@id":"https:\/\/www.senaatti.fi\/asema-alueet\/yhteystiedot\/#breadcrumb","itemListElement":[{"@type":"ListItem","position":1,"name":"Etusivu","item":"https:\/\/www.senaatti.fi\/asema-alueet\/"},{"@type":"ListItem","position":2,"name":"Yhteystiedot"}]},{"@type":"WebSite","@id":"https:\/\/www.senaatti.fi\/asema-alueet\/#website","url":"https:\/\/www.senaatti.fi\/asema-alueet\/","name":"Asema-alueet","description":"Senaatin Asema-alueet","potentialAction":[{"@type":"SearchAction","target":{"@type":"EntryPoint","urlTemplate":"https:\/\/www.senaatti.fi\/asema-alueet\/?s={search_term_string}"},"query-input":{"@type":"PropertyValueSpecification","valueRequired":true,"valueName":"search_term_string"}}],"inLanguage":"fi"}]}},"_links":{"self":[{"href":"https:\/\/testi-e2c55b704894.senaatti.fi\/asema-alueet\/wp-json\/wp\/v2\/pages\/114","targetHints":{"allow":["GET"]}}],"collection":[{"href":"https:\/\/testi-e2c55b704894.senaatti.fi\/asema-alueet\/wp-json\/wp\/v2\/pages"}],"about":[{"href":"https:\/\/testi-e2c55b704894.senaatti.fi\/asema-alueet\/wp-json\/wp\/v2\/types\/page"}],"author":[{"embeddable":true,"href":"https:\/\/testi-e2c55b704894.senaatti.fi\/asema-alueet\/wp-json\/wp\/v2\/users\/16"}],"replies":[{"embeddable":true,"href":"https:\/\/testi-e2c55b704894.senaatti.fi\/asema-alueet\/wp-json\/wp\/v2\/comments?post=114"}],"version-history":[{"count":11,"href":"https:\/\/testi-e2c55b704894.senaatti.fi\/asema-alueet\/wp-json\/wp\/v2\/pages\/114\/revisions"}],"predecessor-version":[{"id":358,"href":"https:\/\/testi-e2c55b704894.senaatti.fi\/asema-alueet\/wp-json\/wp\/v2\/pages\/114\/revisions\/358"}],"wp:attachment":[{"href":"https:\/\/testi-e2c55b704894.senaatti.fi\/asema-alueet\/wp-json\/wp\/v2\/media?parent=114"}],"curies":[{"name":"wp","href":"https:\/\/api.w.org\/{rel}","templated":true}]}}