{"id":1389,"date":"2022-01-07T12:55:31","date_gmt":"2022-01-07T12:55:31","guid":{"rendered":"https:\/\/testi-e2c55b704894.senaatti.fi\/asema-alueet\/?page_id=1389"},"modified":"2023-06-05T07:07:12","modified_gmt":"2023-06-05T07:07:12","slug":"palvelupaikkakuvaus","status":"publish","type":"page","link":"https:\/\/testi-e2c55b704894.senaatti.fi\/asema-alueet\/palvelupaikkakuvaus\/","title":{"rendered":"Palvelupaikkakuvaus"},"content":{"rendered":"<div class=\"wpb-content-wrapper\"><p>[vc_row][vc_column][senaatti_hero heading=&#8221;Palvelupaikkakuvaus&#8221;][\/vc_column][\/vc_row][vc_row][vc_column][vc_column_text]<\/p>\n<h2>Senaatin Asema-alueet Oy:n matkustaja-asemat, niihin kuuluvat rakennukset ja muut tilat sek\u00e4 soveltuvat tilat lipunmyyntipalveluille<\/h2>\n<h3>1.\u00a0\u00a0 Johdanto<\/h3>\n<p>T\u00e4m\u00e4 asiakirja on EY:n t\u00e4yt\u00e4nt\u00f6\u00f6npanoasetuksen 2017\/2177 vaatimusten mukainen palvelupaikan kuvaus:<br \/>\nSenaatin Asema-alueet Oy:n hallinnoimat matkustaja-asemat, niihin kuuluvat rakennukset ja muut tilat sek\u00e4 soveltuvat tilat lipunmyyntipalveluille (Direktiivin 2012\/34 liitteen II kohdan 2a) mukaisesti), j\u00e4ljemp\u00e4n\u00e4 yhdess\u00e4 \u201dmatkustaja-asemat\u201d. Tilojen vuokralaiset harjoittavat tiloissa matkustaja-asemaan liittyv\u00e4\u00e4 tiedotusta ja lipunmyynti\u00e4.<\/p>\n<p>T\u00e4m\u00e4 palvelupaikka-asiakirja on julkaistu osoitteessa .<\/p>\n<p>T\u00e4m\u00e4 asiakirja (versio 1.0) on voimassa 13.12.2021 alkaen toistaiseksi. Asiakirjaa p\u00e4ivitet\u00e4\u00e4n matkustaja-asemien k\u00e4ytt\u00e4j\u00e4tilanteen, palveluntarjonnan muuttuessa tai muutoin tarvittaessa.<\/p>\n<h3>2. Asiakirjan tuottaja ja palvelupaikan yll\u00e4pit\u00e4j\u00e4<\/h3>\n<h4>Postiosoite<\/h4>\n<p>Senaatin Asema-alueet Oy<\/p>\n<p>c\/o Senaatti-kiinteist\u00f6t<\/p>\n<p>PL 237<\/p>\n<p>00531 HELSINKI<\/p>\n<h4>K\u00e4yntiosoite<\/h4>\n<p>Senaatin Asema-alueet Oy<\/p>\n<p>c\/o Senaatti-kiinteist\u00f6t<\/p>\n<p>Lintulahdenkatu 5 A<\/p>\n<p>00530 Helsinki<\/p>\n<p>S\u00e4hk\u00f6posti <a href=\"mailto:asema-alueet@senaatti.fi\">asema-alueet@senaatti.fi<\/a><\/p>\n<p>Y-tunnus 2956119-4<\/p>\n<h4>Yhti\u00f6n johto<\/h4>\n<p>Toimitusjohtaja<br \/>\nMarko H\u00e4rk\u00f6nen<br \/>\n+358 40\u00a0546 6627<br \/>\nmarko.harkonen@senaatti.fi<\/p>\n<h4>Omaisuuden hallinta<\/h4>\n<p>Investointip\u00e4\u00e4llikk\u00f6<br \/>\nVirpi Koikkalainen<br \/>\n+358 40 747 7226<br \/>\nvirpi.koikkalainen@senaatti.fi<\/p>\n<h3>3.\u00a0\u00a0 Palvelupaikan esittely, tarjottavat palvelut ja vapaana olevat tilat<\/h3>\n<p>Senaatin Asema-alueet Oy:ll\u00e4 on laaja kiinteist\u00f6kanta, joka pit\u00e4\u00e4 sis\u00e4ll\u00e4\u00e4n erilaisia kiinteist\u00f6j\u00e4, mm. asemarakennuksia 12 paikkakunnalla. Senaatin Asema-alueet Oy vuokraa vapaana olevia matkusta-asemien tiloja niit\u00e4 haluaville t\u00e4m\u00e4n palvelukuvauksen mukaisesti.<\/p>\n<p>Luettelo t\u00e4m\u00e4n palvelupaikan kuvauksen kohteena olevista matkustaja-asemista (ml. sijaintiedot, sek\u00e4 erittelyt kullakin matkustaja-asemalla olevista tiloista, niiden vapaana-olosta ja tarjottavista palveluista)\u00a0<a href=\"https:\/\/testi-e2c55b704894.senaatti.fi\/app\/uploads\/sites\/6\/2023\/03\/Senaatin-Asema-alueet-Oy-Asemarakennukset-matkustajaliikenneasemilla-7.3.2023.xlsx\"><u>l\u00f6ytyy t\u00e4st\u00e4<\/u><u> linkist\u00e4<\/u>.<\/a><\/p>\n<p>Palvelun hakija (vuokralainen) m\u00e4\u00e4rittelee tilojen aukioloajat. Vuokralaiset voivat halutessaan ja vuokrasopimuksissa erikseen sovittavilla tavoilla sijoittaa matkakeskuksen tiloihin matkatieton\u00e4ytt\u00f6j\u00e4. Vuokralaiset voivat vuokraamissaan tiloissa harjoittaa lipunmyynti\u00e4.<\/p>\n<h3>4.\u00a0\u00a0 Maksut ja muut k\u00e4ytt\u00f6ehdot<\/h3>\n<p>Vapaat tilat vuokrataan markkinaehtoisin hinnoin tapauskohtaisesti paikkakunnan k\u00e4yv\u00e4n hintatason ja tilatyypin mukaisesti. Vuokralaisiksi haluaville ei s\u00e4\u00e4nn\u00f6nmukaisesti tai automaattisesti anneta alennuksia.<\/p>\n<p>Vuokrattavan tilan hinnan muodostumiseen vaikuttavat mm. alueen markkinatilanne, sijainti, k\u00e4ytt\u00f6tarkoitus, rakennuksen ik\u00e4 ja kunto. Lopullinen vuokrahinta muodostuu sopimusneuvottelussa osapuolten kesken.<\/p>\n<p>Jokaisen tilan k\u00e4ytt\u00e4j\u00e4n kanssa tehd\u00e4\u00e4n vuokrasopimus. Vuokrasopimukseen sovelletaan liikehuoneiston vuokrauksesta annettua lakia (482\/1995) ja omistajan kulloinkin voimassa olevia yleisi\u00e4 vuokrausehtoja.<\/p>\n<p>Vuokratilojen kunnostus- ja muutosty\u00f6t p\u00e4\u00e4tet\u00e4\u00e4n aina tapauskohtaisesti. Teht\u00e4vist\u00e4 t\u00f6ist\u00e4 laaditaan sopimus, jossa korjausty\u00f6n kustannukset sovitaan laskutettavaksi kertakorvauksena tai lis\u00e4tt\u00e4v\u00e4ksi erillisen\u00e4 investointivuokrana. Mik\u00e4li vuokrasuhde p\u00e4\u00e4ttyy ennen takaisinmaksuajan p\u00e4\u00e4ttymist\u00e4, maksamatta oleva osuus laskutetaan vuokralaiselta kertasuorituksena. T\u00e4st\u00e4 on maininta vuokrasopimuksessa.<\/p>\n<h3>5.\u00a0\u00a0 Kapasiteetin k\u00e4ytt\u00f6oikeuden my\u00f6nt\u00e4minen<\/h3>\n<p>Pyynt\u00f6 palveluihin liittyv\u00e4n k\u00e4ytt\u00f6oikeuksien saamiseksi voidaan toimittaa vapaamuotoisena vuokratarjouspyynt\u00f6n\u00e4 osoitteeseen <a href=\"mailto:asema-alueet@senaatti.fi\">asema-alueet@senaatti.fi<\/a>. Hakemuksessa on mainittava, ett\u00e4 kysymys on \u201dPalvelupaikka-asetuksen mukaisesta vuokrahakemuksesta matkustaja-asemalle\u201d. Palvelun hakija voi toimittaa useampaa matkustaja-asemaa koskevan vuokrapyynn\u00f6n my\u00f6s yhdell\u00e4 hakemuksella. Tiloihin voidaan sopia esittelyit\u00e4 jo ennen hakemuksen l\u00e4hett\u00e4mist\u00e4<\/p>\n<p>Vuokrapyynt\u00f6hakemuksiin sovelletaan ohjetta S\u00e4\u00e4ntelyelimen asettamista m\u00e4\u00e4r\u00e4ajoista palvelupyynt\u00f6\u00f6n vastaamiselle (TRAFICOM\/270984\/03.06.04\/2019). Palvelupaikan yll\u00e4pit\u00e4j\u00e4 vastaa tiedusteluihin ja palvelupyynt\u00f6hakemuksiin 14 p\u00e4iv\u00e4n kuluessa.<\/p>\n<p>Palvelunhakijoille pyrit\u00e4\u00e4n varmistamaan yht\u00e4l\u00e4inen p\u00e4\u00e4sy tiloihin, tilat ovat kuitenkin rajalliset.<\/p>\n<p>Kulloinkin vapaana olevista tiloista ilmoitetaan osoitteessa <a href=\"http:\/\/testi-e2c55b704894.senaatti.fi\/asema-alueet\">testi-e2c55b704894.senaatti.fi\/asema-alueet.<\/a>[\/vc_column_text][\/vc_column][\/vc_row]<\/p>\n<\/div>","protected":false},"excerpt":{"rendered":"<p>[vc_row][vc_column][senaatti_hero heading=&#8221;Palvelupaikkakuvaus&#8221;][\/vc_column][\/vc_row][vc_row][vc_column][vc_column_text] Senaatin Asema-alueet Oy:n matkustaja-asemat, niihin kuuluvat rakennukset ja muut tilat sek\u00e4 soveltuvat tilat lipunmyyntipalveluille 1.\u00a0\u00a0 Johdanto T\u00e4m\u00e4 asiakirja on EY:n t\u00e4yt\u00e4nt\u00f6\u00f6npanoasetuksen 2017\/2177 vaatimusten mukainen palvelupaikan kuvaus: Senaatin Asema-alueet Oy:n hallinnoimat matkustaja-asemat, niihin kuuluvat rakennukset ja muut tilat sek\u00e4 soveltuvat tilat lipunmyyntipalveluille (Direktiivin 2012\/34 liitteen II kohdan 2a) mukaisesti), j\u00e4ljemp\u00e4n\u00e4 yhdess\u00e4 \u201dmatkustaja-asemat\u201d. Tilojen vuokralaiset [&hellip;]<\/p>\n","protected":false},"author":16,"featured_media":0,"parent":0,"menu_order":0,"comment_status":"closed","ping_status":"closed","template":"","meta":{"_acf_changed":false,"_exactmetrics_skip_tracking":false,"_exactmetrics_sitenote_active":false,"_exactmetrics_sitenote_note":"","_exactmetrics_sitenote_category":0,"footnotes":""},"class_list":["post-1389","page","type-page","status-publish","hentry"],"acf":[],"yoast_head":"<!-- This site is optimized with the Yoast SEO plugin v23.9 - https:\/\/yoast.com\/wordpress\/plugins\/seo\/ -->\n<title>Palvelupaikkakuvaus - Asema-alueet<\/title>\n<meta name=\"robots\" content=\"noindex, follow, max-snippet:-1, max-image-preview:large, max-video-preview:-1\" \/>\n<meta property=\"og:locale\" content=\"fi_FI\" \/>\n<meta property=\"og:type\" content=\"article\" \/>\n<meta property=\"og:title\" content=\"Palvelupaikkakuvaus - Asema-alueet\" \/>\n<meta property=\"og:description\" content=\"[vc_row][vc_column][senaatti_hero heading=&#8221;Palvelupaikkakuvaus&#8221;][\/vc_column][\/vc_row][vc_row][vc_column][vc_column_text] Senaatin Asema-alueet Oy:n matkustaja-asemat, niihin kuuluvat rakennukset ja muut tilat sek\u00e4 soveltuvat tilat lipunmyyntipalveluille 1.\u00a0\u00a0 Johdanto T\u00e4m\u00e4 asiakirja on EY:n t\u00e4yt\u00e4nt\u00f6\u00f6npanoasetuksen 2017\/2177 vaatimusten mukainen palvelupaikan kuvaus: Senaatin Asema-alueet Oy:n hallinnoimat matkustaja-asemat, niihin kuuluvat rakennukset ja muut tilat sek\u00e4 soveltuvat tilat lipunmyyntipalveluille (Direktiivin 2012\/34 liitteen II kohdan 2a) mukaisesti), j\u00e4ljemp\u00e4n\u00e4 yhdess\u00e4 \u201dmatkustaja-asemat\u201d. Tilojen vuokralaiset [&hellip;]\" \/>\n<meta property=\"og:url\" content=\"https:\/\/www.senaatti.fi\/asema-alueet\/palvelupaikkakuvaus\/\" \/>\n<meta property=\"og:site_name\" content=\"Asema-alueet\" \/>\n<meta property=\"article:modified_time\" content=\"2023-06-05T07:07:12+00:00\" \/>\n<meta name=\"twitter:card\" content=\"summary_large_image\" \/>\n<meta name=\"twitter:label1\" content=\"Arvioitu lukuaika\" \/>\n\t<meta name=\"twitter:data1\" content=\"3 minuuttia\" \/>\n<script type=\"application\/ld+json\" class=\"yoast-schema-graph\">{\"@context\":\"https:\/\/schema.org\",\"@graph\":[{\"@type\":\"WebPage\",\"@id\":\"https:\/\/www.senaatti.fi\/asema-alueet\/palvelupaikkakuvaus\/\",\"url\":\"https:\/\/www.senaatti.fi\/asema-alueet\/palvelupaikkakuvaus\/\",\"name\":\"Palvelupaikkakuvaus - Asema-alueet\",\"isPartOf\":{\"@id\":\"https:\/\/www.senaatti.fi\/asema-alueet\/#website\"},\"datePublished\":\"2022-01-07T12:55:31+00:00\",\"dateModified\":\"2023-06-05T07:07:12+00:00\",\"breadcrumb\":{\"@id\":\"https:\/\/www.senaatti.fi\/asema-alueet\/palvelupaikkakuvaus\/#breadcrumb\"},\"inLanguage\":\"fi\",\"potentialAction\":[{\"@type\":\"ReadAction\",\"target\":[\"https:\/\/www.senaatti.fi\/asema-alueet\/palvelupaikkakuvaus\/\"]}]},{\"@type\":\"BreadcrumbList\",\"@id\":\"https:\/\/www.senaatti.fi\/asema-alueet\/palvelupaikkakuvaus\/#breadcrumb\",\"itemListElement\":[{\"@type\":\"ListItem\",\"position\":1,\"name\":\"Etusivu\",\"item\":\"https:\/\/www.senaatti.fi\/asema-alueet\/\"},{\"@type\":\"ListItem\",\"position\":2,\"name\":\"Palvelupaikkakuvaus\"}]},{\"@type\":\"WebSite\",\"@id\":\"https:\/\/www.senaatti.fi\/asema-alueet\/#website\",\"url\":\"https:\/\/www.senaatti.fi\/asema-alueet\/\",\"name\":\"Asema-alueet\",\"description\":\"Senaatin Asema-alueet\",\"potentialAction\":[{\"@type\":\"SearchAction\",\"target\":{\"@type\":\"EntryPoint\",\"urlTemplate\":\"https:\/\/www.senaatti.fi\/asema-alueet\/?s={search_term_string}\"},\"query-input\":{\"@type\":\"PropertyValueSpecification\",\"valueRequired\":true,\"valueName\":\"search_term_string\"}}],\"inLanguage\":\"fi\"}]}<\/script>\n<!-- \/ Yoast SEO plugin. -->","yoast_head_json":{"title":"Palvelupaikkakuvaus - Asema-alueet","robots":{"index":"noindex","follow":"follow","max-snippet":"max-snippet:-1","max-image-preview":"max-image-preview:large","max-video-preview":"max-video-preview:-1"},"og_locale":"fi_FI","og_type":"article","og_title":"Palvelupaikkakuvaus - Asema-alueet","og_description":"[vc_row][vc_column][senaatti_hero heading=&#8221;Palvelupaikkakuvaus&#8221;][\/vc_column][\/vc_row][vc_row][vc_column][vc_column_text] Senaatin Asema-alueet Oy:n matkustaja-asemat, niihin kuuluvat rakennukset ja muut tilat sek\u00e4 soveltuvat tilat lipunmyyntipalveluille 1.\u00a0\u00a0 Johdanto T\u00e4m\u00e4 asiakirja on EY:n t\u00e4yt\u00e4nt\u00f6\u00f6npanoasetuksen 2017\/2177 vaatimusten mukainen palvelupaikan kuvaus: Senaatin Asema-alueet Oy:n hallinnoimat matkustaja-asemat, niihin kuuluvat rakennukset ja muut tilat sek\u00e4 soveltuvat tilat lipunmyyntipalveluille (Direktiivin 2012\/34 liitteen II kohdan 2a) mukaisesti), j\u00e4ljemp\u00e4n\u00e4 yhdess\u00e4 \u201dmatkustaja-asemat\u201d. Tilojen vuokralaiset [&hellip;]","og_url":"https:\/\/www.senaatti.fi\/asema-alueet\/palvelupaikkakuvaus\/","og_site_name":"Asema-alueet","article_modified_time":"2023-06-05T07:07:12+00:00","twitter_card":"summary_large_image","twitter_misc":{"Arvioitu lukuaika":"3 minuuttia"},"schema":{"@context":"https:\/\/schema.org","@graph":[{"@type":"WebPage","@id":"https:\/\/www.senaatti.fi\/asema-alueet\/palvelupaikkakuvaus\/","url":"https:\/\/www.senaatti.fi\/asema-alueet\/palvelupaikkakuvaus\/","name":"Palvelupaikkakuvaus - Asema-alueet","isPartOf":{"@id":"https:\/\/www.senaatti.fi\/asema-alueet\/#website"},"datePublished":"2022-01-07T12:55:31+00:00","dateModified":"2023-06-05T07:07:12+00:00","breadcrumb":{"@id":"https:\/\/www.senaatti.fi\/asema-alueet\/palvelupaikkakuvaus\/#breadcrumb"},"inLanguage":"fi","potentialAction":[{"@type":"ReadAction","target":["https:\/\/www.senaatti.fi\/asema-alueet\/palvelupaikkakuvaus\/"]}]},{"@type":"BreadcrumbList","@id":"https:\/\/www.senaatti.fi\/asema-alueet\/palvelupaikkakuvaus\/#breadcrumb","itemListElement":[{"@type":"ListItem","position":1,"name":"Etusivu","item":"https:\/\/www.senaatti.fi\/asema-alueet\/"},{"@type":"ListItem","position":2,"name":"Palvelupaikkakuvaus"}]},{"@type":"WebSite","@id":"https:\/\/www.senaatti.fi\/asema-alueet\/#website","url":"https:\/\/www.senaatti.fi\/asema-alueet\/","name":"Asema-alueet","description":"Senaatin Asema-alueet","potentialAction":[{"@type":"SearchAction","target":{"@type":"EntryPoint","urlTemplate":"https:\/\/www.senaatti.fi\/asema-alueet\/?s={search_term_string}"},"query-input":{"@type":"PropertyValueSpecification","valueRequired":true,"valueName":"search_term_string"}}],"inLanguage":"fi"}]}},"_links":{"self":[{"href":"https:\/\/testi-e2c55b704894.senaatti.fi\/asema-alueet\/wp-json\/wp\/v2\/pages\/1389","targetHints":{"allow":["GET"]}}],"collection":[{"href":"https:\/\/testi-e2c55b704894.senaatti.fi\/asema-alueet\/wp-json\/wp\/v2\/pages"}],"about":[{"href":"https:\/\/testi-e2c55b704894.senaatti.fi\/asema-alueet\/wp-json\/wp\/v2\/types\/page"}],"author":[{"embeddable":true,"href":"https:\/\/testi-e2c55b704894.senaatti.fi\/asema-alueet\/wp-json\/wp\/v2\/users\/16"}],"replies":[{"embeddable":true,"href":"https:\/\/testi-e2c55b704894.senaatti.fi\/asema-alueet\/wp-json\/wp\/v2\/comments?post=1389"}],"version-history":[{"count":6,"href":"https:\/\/testi-e2c55b704894.senaatti.fi\/asema-alueet\/wp-json\/wp\/v2\/pages\/1389\/revisions"}],"predecessor-version":[{"id":1710,"href":"https:\/\/testi-e2c55b704894.senaatti.fi\/asema-alueet\/wp-json\/wp\/v2\/pages\/1389\/revisions\/1710"}],"wp:attachment":[{"href":"https:\/\/testi-e2c55b704894.senaatti.fi\/asema-alueet\/wp-json\/wp\/v2\/media?parent=1389"}],"curies":[{"name":"wp","href":"https:\/\/api.w.org\/{rel}","templated":true}]}}