{"id":173,"date":"2019-02-01T13:58:44","date_gmt":"2019-02-01T13:58:44","guid":{"rendered":"https:\/\/testi-e2c55b704894.senaatti.fi\/asema-alueet\/?page_id=173"},"modified":"2024-11-08T12:39:13","modified_gmt":"2024-11-08T12:39:13","slug":"kehitettavat-asema-alueet","status":"publish","type":"page","link":"https:\/\/testi-e2c55b704894.senaatti.fi\/asema-alueet\/kehitettavat-asema-alueet\/","title":{"rendered":"Oulu"},"content":{"rendered":"<div class=\"wpb-content-wrapper\"><p>[vc_row][vc_column][senaatti_hero heading=&#8221;Oulu, Nokelan ratapiha&#8221; text=&#8221;Alueen k\u00e4ytt\u00f6mahdollisuuksia tutkitaan liikerakennusten-, toimitilarakennusten- tai ymp\u00e4rist\u00f6h\u00e4iri\u00f6t\u00e4 aiheuttamattomien teollisuus- ja varastorakennusten korttelialueeksi.&#8221; image=&#8221;875&#8243;][\/vc_column][\/vc_row][vc_row][vc_column][senaatti_feature align=&#8221;right&#8221; background_color=&#8221;senaatti-konserni-purple-25&#8243; heading=&#8221;Lis\u00e4tiedot&#8221; text=&#8221;Senaatti-kiinteist\u00f6t<br \/>\nKiinteist\u00f6kehitysp\u00e4\u00e4llikk\u00f6 Janne Marttinen<br \/>\n+358 40 867 4667<br \/>\njanne.marttinen@senaatti.fi&#8221; image=&#8221;1378&#8243;][\/senaatti_feature][\/vc_column][\/vc_row]<\/p>\n<\/div>","protected":false},"excerpt":{"rendered":"<p>[vc_row][vc_column][senaatti_hero heading=&#8221;Oulu, Nokelan ratapiha&#8221; text=&#8221;Alueen k\u00e4ytt\u00f6mahdollisuuksia tutkitaan liikerakennusten-, toimitilarakennusten- tai ymp\u00e4rist\u00f6h\u00e4iri\u00f6t\u00e4 aiheuttamattomien teollisuus- ja varastorakennusten korttelialueeksi.&#8221; image=&#8221;875&#8243;][\/vc_column][\/vc_row][vc_row][vc_column][senaatti_feature align=&#8221;right&#8221; background_color=&#8221;senaatti-konserni-purple-25&#8243; heading=&#8221;Lis\u00e4tiedot&#8221; text=&#8221;Senaatti-kiinteist\u00f6t Kiinteist\u00f6kehitysp\u00e4\u00e4llikk\u00f6 Janne Marttinen +358 40 867 4667 janne.marttinen@senaatti.fi&#8221; image=&#8221;1378&#8243;][\/senaatti_feature][\/vc_column][\/vc_row]<\/p>\n","protected":false},"author":16,"featured_media":0,"parent":0,"menu_order":0,"comment_status":"closed","ping_status":"closed","template":"","meta":{"_acf_changed":false,"_exactmetrics_skip_tracking":false,"_exactmetrics_sitenote_active":false,"_exactmetrics_sitenote_note":"","_exactmetrics_sitenote_category":0,"footnotes":""},"class_list":["post-173","page","type-page","status-publish","hentry"],"acf":[],"yoast_head":"<!-- This site is optimized with the Yoast SEO plugin v23.9 - https:\/\/yoast.com\/wordpress\/plugins\/seo\/ -->\n<title>Oulu - Asema-alueet<\/title>\n<meta name=\"robots\" content=\"noindex, follow, max-snippet:-1, max-image-preview:large, max-video-preview:-1\" \/>\n<meta property=\"og:locale\" content=\"fi_FI\" \/>\n<meta property=\"og:type\" content=\"article\" \/>\n<meta property=\"og:title\" content=\"Oulu - Asema-alueet\" \/>\n<meta property=\"og:description\" content=\"[vc_row][vc_column][senaatti_hero heading=&#8221;Oulu, Nokelan ratapiha&#8221; text=&#8221;Alueen k\u00e4ytt\u00f6mahdollisuuksia tutkitaan liikerakennusten-, toimitilarakennusten- tai ymp\u00e4rist\u00f6h\u00e4iri\u00f6t\u00e4 aiheuttamattomien teollisuus- ja varastorakennusten korttelialueeksi.&#8221; image=&#8221;875&#8243;][\/vc_column][\/vc_row][vc_row][vc_column][senaatti_feature align=&#8221;right&#8221; background_color=&#8221;senaatti-konserni-purple-25&#8243; heading=&#8221;Lis\u00e4tiedot&#8221; text=&#8221;Senaatti-kiinteist\u00f6t Kiinteist\u00f6kehitysp\u00e4\u00e4llikk\u00f6 Janne Marttinen +358 40 867 4667 janne.marttinen@senaatti.fi&#8221; image=&#8221;1378&#8243;][\/senaatti_feature][\/vc_column][\/vc_row]\" \/>\n<meta property=\"og:url\" content=\"https:\/\/www.senaatti.fi\/asema-alueet\/kehitettavat-asema-alueet\/\" \/>\n<meta property=\"og:site_name\" content=\"Asema-alueet\" \/>\n<meta property=\"article:modified_time\" content=\"2024-11-08T12:39:13+00:00\" \/>\n<meta name=\"twitter:card\" content=\"summary_large_image\" \/>\n<meta name=\"twitter:label1\" content=\"Arvioitu lukuaika\" \/>\n\t<meta name=\"twitter:data1\" content=\"1 minuutti\" \/>\n<script type=\"application\/ld+json\" class=\"yoast-schema-graph\">{\"@context\":\"https:\/\/schema.org\",\"@graph\":[{\"@type\":\"WebPage\",\"@id\":\"https:\/\/www.senaatti.fi\/asema-alueet\/kehitettavat-asema-alueet\/\",\"url\":\"https:\/\/www.senaatti.fi\/asema-alueet\/kehitettavat-asema-alueet\/\",\"name\":\"Oulu - Asema-alueet\",\"isPartOf\":{\"@id\":\"https:\/\/www.senaatti.fi\/asema-alueet\/#website\"},\"datePublished\":\"2019-02-01T13:58:44+00:00\",\"dateModified\":\"2024-11-08T12:39:13+00:00\",\"breadcrumb\":{\"@id\":\"https:\/\/www.senaatti.fi\/asema-alueet\/kehitettavat-asema-alueet\/#breadcrumb\"},\"inLanguage\":\"fi\",\"potentialAction\":[{\"@type\":\"ReadAction\",\"target\":[\"https:\/\/www.senaatti.fi\/asema-alueet\/kehitettavat-asema-alueet\/\"]}]},{\"@type\":\"BreadcrumbList\",\"@id\":\"https:\/\/www.senaatti.fi\/asema-alueet\/kehitettavat-asema-alueet\/#breadcrumb\",\"itemListElement\":[{\"@type\":\"ListItem\",\"position\":1,\"name\":\"Etusivu\",\"item\":\"https:\/\/www.senaatti.fi\/asema-alueet\/\"},{\"@type\":\"ListItem\",\"position\":2,\"name\":\"Oulu\"}]},{\"@type\":\"WebSite\",\"@id\":\"https:\/\/www.senaatti.fi\/asema-alueet\/#website\",\"url\":\"https:\/\/www.senaatti.fi\/asema-alueet\/\",\"name\":\"Asema-alueet\",\"description\":\"Senaatin Asema-alueet\",\"potentialAction\":[{\"@type\":\"SearchAction\",\"target\":{\"@type\":\"EntryPoint\",\"urlTemplate\":\"https:\/\/www.senaatti.fi\/asema-alueet\/?s={search_term_string}\"},\"query-input\":{\"@type\":\"PropertyValueSpecification\",\"valueRequired\":true,\"valueName\":\"search_term_string\"}}],\"inLanguage\":\"fi\"}]}<\/script>\n<!-- \/ Yoast SEO plugin. -->","yoast_head_json":{"title":"Oulu - Asema-alueet","robots":{"index":"noindex","follow":"follow","max-snippet":"max-snippet:-1","max-image-preview":"max-image-preview:large","max-video-preview":"max-video-preview:-1"},"og_locale":"fi_FI","og_type":"article","og_title":"Oulu - Asema-alueet","og_description":"[vc_row][vc_column][senaatti_hero heading=&#8221;Oulu, Nokelan ratapiha&#8221; text=&#8221;Alueen k\u00e4ytt\u00f6mahdollisuuksia tutkitaan liikerakennusten-, toimitilarakennusten- tai ymp\u00e4rist\u00f6h\u00e4iri\u00f6t\u00e4 aiheuttamattomien teollisuus- ja varastorakennusten korttelialueeksi.&#8221; image=&#8221;875&#8243;][\/vc_column][\/vc_row][vc_row][vc_column][senaatti_feature align=&#8221;right&#8221; background_color=&#8221;senaatti-konserni-purple-25&#8243; heading=&#8221;Lis\u00e4tiedot&#8221; text=&#8221;Senaatti-kiinteist\u00f6t Kiinteist\u00f6kehitysp\u00e4\u00e4llikk\u00f6 Janne Marttinen +358 40 867 4667 janne.marttinen@senaatti.fi&#8221; image=&#8221;1378&#8243;][\/senaatti_feature][\/vc_column][\/vc_row]","og_url":"https:\/\/www.senaatti.fi\/asema-alueet\/kehitettavat-asema-alueet\/","og_site_name":"Asema-alueet","article_modified_time":"2024-11-08T12:39:13+00:00","twitter_card":"summary_large_image","twitter_misc":{"Arvioitu lukuaika":"1 minuutti"},"schema":{"@context":"https:\/\/schema.org","@graph":[{"@type":"WebPage","@id":"https:\/\/www.senaatti.fi\/asema-alueet\/kehitettavat-asema-alueet\/","url":"https:\/\/www.senaatti.fi\/asema-alueet\/kehitettavat-asema-alueet\/","name":"Oulu - Asema-alueet","isPartOf":{"@id":"https:\/\/www.senaatti.fi\/asema-alueet\/#website"},"datePublished":"2019-02-01T13:58:44+00:00","dateModified":"2024-11-08T12:39:13+00:00","breadcrumb":{"@id":"https:\/\/www.senaatti.fi\/asema-alueet\/kehitettavat-asema-alueet\/#breadcrumb"},"inLanguage":"fi","potentialAction":[{"@type":"ReadAction","target":["https:\/\/www.senaatti.fi\/asema-alueet\/kehitettavat-asema-alueet\/"]}]},{"@type":"BreadcrumbList","@id":"https:\/\/www.senaatti.fi\/asema-alueet\/kehitettavat-asema-alueet\/#breadcrumb","itemListElement":[{"@type":"ListItem","position":1,"name":"Etusivu","item":"https:\/\/www.senaatti.fi\/asema-alueet\/"},{"@type":"ListItem","position":2,"name":"Oulu"}]},{"@type":"WebSite","@id":"https:\/\/www.senaatti.fi\/asema-alueet\/#website","url":"https:\/\/www.senaatti.fi\/asema-alueet\/","name":"Asema-alueet","description":"Senaatin Asema-alueet","potentialAction":[{"@type":"SearchAction","target":{"@type":"EntryPoint","urlTemplate":"https:\/\/www.senaatti.fi\/asema-alueet\/?s={search_term_string}"},"query-input":{"@type":"PropertyValueSpecification","valueRequired":true,"valueName":"search_term_string"}}],"inLanguage":"fi"}]}},"_links":{"self":[{"href":"https:\/\/testi-e2c55b704894.senaatti.fi\/asema-alueet\/wp-json\/wp\/v2\/pages\/173","targetHints":{"allow":["GET"]}}],"collection":[{"href":"https:\/\/testi-e2c55b704894.senaatti.fi\/asema-alueet\/wp-json\/wp\/v2\/pages"}],"about":[{"href":"https:\/\/testi-e2c55b704894.senaatti.fi\/asema-alueet\/wp-json\/wp\/v2\/types\/page"}],"author":[{"embeddable":true,"href":"https:\/\/testi-e2c55b704894.senaatti.fi\/asema-alueet\/wp-json\/wp\/v2\/users\/16"}],"replies":[{"embeddable":true,"href":"https:\/\/testi-e2c55b704894.senaatti.fi\/asema-alueet\/wp-json\/wp\/v2\/comments?post=173"}],"version-history":[{"count":10,"href":"https:\/\/testi-e2c55b704894.senaatti.fi\/asema-alueet\/wp-json\/wp\/v2\/pages\/173\/revisions"}],"predecessor-version":[{"id":1880,"href":"https:\/\/testi-e2c55b704894.senaatti.fi\/asema-alueet\/wp-json\/wp\/v2\/pages\/173\/revisions\/1880"}],"wp:attachment":[{"href":"https:\/\/testi-e2c55b704894.senaatti.fi\/asema-alueet\/wp-json\/wp\/v2\/media?parent=173"}],"curies":[{"name":"wp","href":"https:\/\/api.w.org\/{rel}","templated":true}]}}