{"id":191,"date":"2019-02-05T12:25:14","date_gmt":"2019-02-05T12:25:14","guid":{"rendered":"https:\/\/testi-e2c55b704894.senaatti.fi\/asema-alueet\/?page_id=191"},"modified":"2024-11-20T06:32:39","modified_gmt":"2024-11-20T06:32:39","slug":"kehitettavia-asema-alueita","status":"publish","type":"page","link":"https:\/\/testi-e2c55b704894.senaatti.fi\/asema-alueet\/kehitettavia-asema-alueita\/","title":{"rendered":"Kehitett\u00e4vi\u00e4 asema-alueita"},"content":{"rendered":"<div class=\"wpb-content-wrapper\"><p>[vc_row][vc_column][senaatti_hero heading=&#8221;Asema-alueita 21 paikkakunnalla eri puolella Suomea&#8221; image=&#8221;146&#8243;][\/vc_column][\/vc_row][vc_row][vc_column][senaatti_feature align=&#8221;right&#8221; background_color=&#8221;bg-white&#8221; image_is_drawing=&#8221;true&#8221; heading=&#8221;Paikkakunnat&#8221; text=&#8221;Kehitystoimet ovat monella paikkakunnilla k\u00e4ynniss\u00e4 ja osin pitk\u00e4ll\u00e4kin. Esimerkkej\u00e4 k\u00e4ynniss\u00e4 olevista kehityshankkeista ovat mm. Espoon Kauklahti, Kauniainen, Kuopio, Lappeenranta, Pori, Sein\u00e4joki ja Vaasa.<\/p>\n<p>Meneill\u00e4\u00e4n olevat kehityshankkeet jatkuvat saumattomasti, ja uusia k\u00e4ynnistet\u00e4\u00e4n, kun kunkin kaupungin tai kunnan kanssa on saatu yhteiset tavoitteet ja hankkeen aikataulut m\u00e4\u00e4ritelty\u00e4. Valmisteleva ty\u00f6 ja suunnittelu on teht\u00e4v\u00e4 huolella, jotta huomioidaan kunkin alueen pitk\u00e4n t\u00e4ht\u00e4imen kehitys.&#8221; image=&#8221;1584&#8243;][\/senaatti_feature][\/vc_column][\/vc_row][vc_row][vc_column][senaatti_feature background_color=&#8221;senaatti-konserni-light-red-25&#8243; heading=&#8221;Hanko&#8221; image=&#8221;756&#8243; btn=&#8221;url:https%3A%2F%2Ftesti-e2c55b704894.senaatti.fi%2Fasema-alueet%2Fhanko%2F|title:Tutustu%20Hangon%20asema-alueeseen&#8221;][\/senaatti_feature][\/vc_column][\/vc_row][vc_row][vc_column][senaatti_feature align=&#8221;right&#8221; background_color=&#8221;bg-white&#8221; heading=&#8221;Iisalmi&#8221; text=&#8221;Kehitett\u00e4v\u00e4n\u00e4 alueena Iisalmessa on asema-alueen kiinteist\u00f6, johon kuuluvat vanha tavara-aseman rakennus sek\u00e4 asemarakennus.&#8221; image=&#8221;919&#8243; btn=&#8221;url:https%3A%2F%2Ftesti-e2c55b704894.senaatti.fi%2Fasema-alueet%2Fiisalmi%2F|title:Tutustu%20Iisalmen%20asema-alueeseen&#8221;][\/senaatti_feature][\/vc_column][\/vc_row][vc_row][vc_column][senaatti_feature heading=&#8221;Jokela, Asemapolun alue&#8221; text=&#8221;Jokelassa Asemanpolun alueella suunnitellaan uutta asuinrakentamista osaksi valmista kaupunkirakennetta hyvien joukkoliikenneyhteyksien varrelle. Alueen kaavamuutos on vireill\u00e4, ja asemakaavaehdotus on ollut n\u00e4ht\u00e4vill\u00e4. Kaavan hyv\u00e4ksymisen tavoite on loppuvuosi 2025. Suunnitelmaan sis\u00e4ltyy 8 800 kerrosneli\u00f6metri\u00e4 asuinkerrostaloja (AK), ja pys\u00e4k\u00f6inti toteutetaan maantasolla. Hankkeen toteutus on mahdollista vaiheistaa, mik\u00e4 tarjoaa joustavuutta rakentamiseen.&#8221; image=&#8221;1898&#8243; btn=&#8221;url:https%3A%2F%2Ftesti-e2c55b704894.senaatti.fi%2Fasema-alueet%2Fjokela%2F|title:Lue%20lis%C3%A4%C3%A4%20Jokelan%20alueesta&#8221;][\/senaatti_feature][\/vc_column][\/vc_row][vc_row][vc_column][senaatti_feature align=&#8221;right&#8221; background_color=&#8221;senaatti-konserni-green-25&#8243; heading=&#8221;J\u00e4rvenp\u00e4\u00e4&#8221; text=&#8221;J\u00e4rvenp\u00e4\u00e4n asema on merkitt\u00e4v\u00e4 kauko-ja l\u00e4hiliikenteen risteysasema, joka sijaitsee vain noin 30 minuutin junamatkan p\u00e4\u00e4ss\u00e4 Helsingin p\u00e4\u00e4rautatieasemalta. Matka lentoasemalle kest\u00e4\u00e4 my\u00f6s vain 20 minuuttia. Senaatin Asema-alueilla on kehitett\u00e4v\u00e4n\u00e4 kohteena kiinteist\u00f6 radan l\u00e4nsipuolella.&#8221; image=&#8221;816&#8243; btn=&#8221;url:https%3A%2F%2Ftesti-e2c55b704894.senaatti.fi%2Fasema-alueet%2Fjarvenpaa%2F|title:Tutustu%20J%C3%A4rvenp%C3%A4%C3%A4n%20asema-alueeseen&#8221;][\/senaatti_feature][\/vc_column][\/vc_row][vc_row][vc_column][senaatti_video heading=&#8221;Senaatin Asema-alueet Oy&#8221; image=&#8221;1533&#8243; video_link=&#8221;https:\/\/www.youtube.com\/watch?v=9DAxKVS0SGQ&#8221;][\/vc_column][\/vc_row][vc_row][vc_column][senaatti_feature background_color=&#8221;senaatti-konserni-green&#8221; heading=&#8221;Kauklahti&#8221; image=&#8221;1029&#8243; btn=&#8221;url:https%3A%2F%2Ftesti-e2c55b704894.senaatti.fi%2Fasema-alueet%2Fespoo-kauklahti%2F|title:Tutustu%20Kauklahden%20asema-alueeseen&#8221; text=&#8221;Espoonjoen jokilaaksossa oleva Kauklahden rautatieasema ymp\u00e4rist\u00f6ineen uudistuu, kun Lasihytin teollisuusalueelle mahdollistetaan uutta asumista.&#8221;][\/senaatti_feature][\/vc_column][\/vc_row][vc_row][vc_column][senaatti_feature align=&#8221;right&#8221; heading=&#8221;Kauniainen&#8221; text=&#8221;Kauniaisten asema on merkitt\u00e4v\u00e4 ty\u00f6matkaliikenteen solmukohta, joka sijaitsee vain 13 kilometrin p\u00e4\u00e4ss\u00e4 Helsingin p\u00e4\u00e4rautatieasemalta. Senaatin Asema-alueet Oy:ll\u00e4 on kehitett\u00e4v\u00e4n\u00e4 alueina asemarakennuksen kiinteist\u00f6.&#8221; image=&#8221;822&#8243; btn=&#8221;url:https%3A%2F%2Ftesti-e2c55b704894.senaatti.fi%2Fasema-alueet%2Fkauniainen%2F|title:Tutustu%20Kauniaisten%20asema-alueeseen&#8221;][\/senaatti_feature][\/vc_column][\/vc_row][vc_row][vc_column][senaatti_feature background_color=&#8221;bg-white&#8221; heading=&#8221;Kemi&#8221; text=&#8221;Kehitett\u00e4v\u00e4n\u00e4 kiinteist\u00f6n\u00e4 Kemiss\u00e4 kaavoittamaton alue junaradan l\u00e4nsipuolella.&#8221; image=&#8221;883&#8243; btn=&#8221;url:https%3A%2F%2Ftesti-e2c55b704894.senaatti.fi%2Fasema-alueet%2Fkemi%2F|title:Tutustu%20Kemin%20asema-alueeseen&#8221;][\/senaatti_feature][\/vc_column][\/vc_row][vc_row][vc_column][senaatti_feature align=&#8221;right&#8221; background_color=&#8221;senaatti-konserni-purple&#8221; heading=&#8221;Kirkkonummi&#8221; image=&#8221;279&#8243; btn=&#8221;url:https%3A%2F%2Ftesti-e2c55b704894.senaatti.fi%2Fasema-alueet%2Fkirkkonummi%2F|title:Tutustu%20Kirkkonummen%20asema-alueeseen&#8221; text=&#8221;Asema-alueen etel\u00e4puolella, keskustan v\u00e4litt\u00f6m\u00e4ss\u00e4 l\u00e4heisyydess\u00e4 sijaitseva Munkinm\u00e4enpuisto tarjoaa hyvi\u00e4 kehitysmahdollisuuksia.&#8221;][\/senaatti_feature][\/vc_column][\/vc_row][vc_row][vc_column][senaatti_feature background_color=&#8221;bg-white&#8221; heading=&#8221;Kokkola&#8221; text=&#8221;Rautatieaseman alue Kokkolassa on merkitt\u00e4v\u00e4 rahtiliikenteen kulkupaikka kasvavan matkustajaliikenteen ohessa. Senaatin Asema-alueet Oy:ll\u00e4 on kehitett\u00e4v\u00e4n\u00e4 Kosilan alueella sijaitseva kiinteist\u00f6.&#8221; image=&#8221;1514&#8243; btn=&#8221;url:https%3A%2F%2Ftesti-e2c55b704894.senaatti.fi%2Fasema-alueet%2Fkokkola%2F|title:Tutustu%20Kokkolan%20asema-alueeseen&#8221;][\/senaatti_feature][\/vc_column][\/vc_row][vc_row][vc_column][senaatti_feature align=&#8221;right&#8221; background_color=&#8221;senaatti-konserni-purple-25&#8243; heading=&#8221;Kotka&#8221; btn=&#8221;url:https%3A%2F%2Ftesti-e2c55b704894.senaatti.fi%2Fasema-alueet%2Fkotka-satamakadun-makasiinialue%2F|title:Tutustu%20Kotkan%20asema-alueeseen&#8221; text=&#8221;Palotorninvuoren ja Kotkantien sillan v\u00e4liselle alueelle halutaan muodostaa tulevaisuudessa uusia korttelialueita. Bulevardimaiseksi sis\u00e4\u00e4ntulotieksi kehittyv\u00e4 Satamakatu luo kehitt\u00e4miselle uusia mahdollisuuksia asumisen, palveluiden, kaupan ja ty\u00f6paikkojen alueena.&#8221; image=&#8221;1553&#8243;][\/senaatti_feature][\/vc_column][\/vc_row][vc_row][vc_column][senaatti_feature background_color=&#8221;bg-white&#8221; heading=&#8221;Kuopio&#8221; text=&#8221;Senaatin Asema-alueet Oy:ll\u00e4 on kehitett\u00e4vin\u00e4 alueina vanha konepajan kiinteist\u00f6. Alueella on sijainnut aikaisemmin my\u00f6s muun muassa Kuopion vanha rautatieasema. Kuopion Itkonniemi &#8211; Vanha-Asema osayleiskaavaluonnos on julkaistu n\u00e4ht\u00e4ville.&#8221; image=&#8221;1519&#8243; btn=&#8221;url:https%3A%2F%2Ftesti-e2c55b704894.senaatti.fi%2Fasema-alueet%2Fkuopio%2F|title:Tutustu%20Kuopion%20asema-alueeseen&#8221;][\/senaatti_feature][\/vc_column][\/vc_row][vc_row][vc_column][senaatti_feature align=&#8221;right&#8221; background_color=&#8221;senaatti-konserni-green-25&#8243; heading=&#8221;Lahti&#8221; text=&#8221;Senaatin Asema-alueet Oy:ll\u00e4 on kehitett\u00e4v\u00e4n\u00e4 Lahdessa asemarakennuksen l\u00e4nsipuolella sijaitseva vanha tavararatapihan alue.&#8221; image=&#8221;916&#8243; btn=&#8221;url:https%3A%2F%2Ftesti-e2c55b704894.senaatti.fi%2Fasema-alueet%2Flahti-asemakeskus%2F|title:Tutustu%20Lahden%20asema-alueeseen&#8221;][\/senaatti_feature][\/vc_column][\/vc_row][vc_row][vc_column][senaatti_feature heading=&#8221;Lappeenranta&#8221; text=&#8221;Lappeenrannassa kehitett\u00e4vi\u00e4 alueita Senaatin Asema-alueet Oy:ll\u00e4 on entinen huolinta-alue, tavara-asema-alue sek\u00e4 aseman alue. Lis\u00e4ksi omistuksessa on asemarakennuksen vieress\u00e4 sijaitseva liitynt\u00e4pys\u00e4k\u00f6intialue.&#8221; image=&#8221;1547&#8243; btn=&#8221;url:https%3A%2F%2Ftesti-e2c55b704894.senaatti.fi%2Fasema-alueet%2Flappeenranta%2F|title:Tutustu%20Lappeenrannan%20asema-alueeseen&#8221;][\/senaatti_feature][\/vc_column][\/vc_row][vc_row][vc_column][senaatti_feature background_color=&#8221;bg-white&#8221; heading=&#8221;Malmi&#8221; text=&#8221;Malmin nykyinen keskusta tulee kehittym\u00e4\u00e4n tulevaisuudessa ja samalla Malmin asema sek\u00e4 sen palvelut, sill\u00e4 Malmi on Helsingin uudessa yleiskaavassa yksi kolmesta kantakaupungin ulkopuolisesta suuresta liike- ja palve\u00adlukeskusta-alueesta. T\u00e4m\u00e4n my\u00f6t\u00e4 alueen kehittyess\u00e4 asemanseudun kaupallinen kysynt\u00e4 tulee kasvamaan merkit\u00adt\u00e4v\u00e4sti.&#8221; image=&#8221;58&#8243; btn=&#8221;url:https%3A%2F%2Ftesti-e2c55b704894.senaatti.fi%2Fasema-alueet%2Fhelsinki-malmi%2F|title:Tutustu%20Malmin%20asema-alueeseen&#8221;][\/senaatti_feature][\/vc_column][\/vc_row][vc_row][vc_column][senaatti_feature align=&#8221;right&#8221; heading=&#8221;Oulu, Nokelan ratapiha&#8221; text=&#8221;Nokelan ratapihan alueen k\u00e4ytt\u00f6mahdollisuuksia tutkitaan liikerakennusten-, toimitilarakennusten- tai ymp\u00e4rist\u00f6h\u00e4iri\u00f6t\u00e4 aiheuttamattomien teollisuus- ja varastorakennusten korttelialueeksi.&#8221; image=&#8221;875&#8243; btn=&#8221;url:https%3A%2F%2Ftesti-e2c55b704894.senaatti.fi%2Fasema-alueet%2Fkehitettavat-asema-alueet%2F|title:Lue%20lis%C3%A4%C3%A4&#8243;][\/senaatti_feature][\/vc_column][\/vc_row][vc_row][vc_column][senaatti_feature background_color=&#8221;senaatti-konserni-light-red-25&#8243; heading=&#8221;Pori&#8221; text=&#8221;Matkakeskuksen yhteydess\u00e4 sijaitsevan rautatieaseman lis\u00e4ksi kehitett\u00e4v\u00e4n\u00e4 on vanha tavara-aseman alue, Ratapihantien alue sek\u00e4 pohjoisessa sijaitseva veturitallialue.&#8221; image=&#8221;860&#8243; btn=&#8221;url:https%3A%2F%2Ftesti-e2c55b704894.senaatti.fi%2Fasema-alueet%2Fpori%2F|title:Tutustu%20Porin%20asema-alueeseen&#8221;][\/senaatti_feature][\/vc_column][\/vc_row][vc_row][vc_column][senaatti_feature align=&#8221;right&#8221; background_color=&#8221;bg-white&#8221; heading=&#8221;Riihim\u00e4ki&#8221; text=&#8221;Riihim\u00e4en aseman alue sek\u00e4 pohjoinen ratapiha ovat merkitt\u00e4v\u00e4ss\u00e4 roolissa kaupungin kehittyess\u00e4 radan ymp\u00e4rist\u00f6\u00f6n. Rata-alueen ymp\u00e4rist\u00f6n kehitt\u00e4misen tavoitteena on keskustan alueen tiivist\u00e4minen, liikenneyhteyksien parantaminen sek\u00e4 kulttuuripalveluiden ja virkistysalueiden yhdist\u00e4minen. Asemanseutua korostetaan keskustan syd\u00e4men\u00e4 suurien liikennevirtojen sek\u00e4 palveluiden l\u00e4heisyydess\u00e4.&#8221; image=&#8221;835&#8243; btn=&#8221;url:https%3A%2F%2Ftesti-e2c55b704894.senaatti.fi%2Fasema-alueet%2Friihimaki%2F|title:Tutustu%20Riihim%C3%A4en%20asema-alueeseen&#8221;][\/senaatti_feature][\/vc_column][\/vc_row][vc_row][vc_column][senaatti_feature background_color=&#8221;senaatti-konserni-purple-25&#8243; heading=&#8221;Rovaniemi&#8221; text=&#8221;Senaatin Asema-alueet Oy:ll\u00e4 on kehitett\u00e4vin\u00e4 alueina aseman kiinteist\u00f6 sek\u00e4 asemarakennuksen l\u00e4nsipuolella sijaitsevat huoltorakennusten kiinteist\u00f6t. Rautatieasema on t\u00e4rke\u00e4 kauttakulkupaikka nopeasti kasvavalle ulkomaan-ja kotimaan matkailuliikenteelle. Aseman alue on my\u00f6s merkitt\u00e4v\u00e4 liitynt\u00e4liikenteen solmukohta koko Lapin alueelle.&#8221; image=&#8221;20&#8243; btn=&#8221;url:https%3A%2F%2Ftesti-e2c55b704894.senaatti.fi%2Fasema-alueet%2Frovaniemi%2F|title:Tutustu%20Rovaniemen%20asema-alueeseen&#8221;][\/senaatti_feature][\/vc_column][\/vc_row][vc_row][vc_column][senaatti_feature align=&#8221;right&#8221; background_color=&#8221;senaatti-konserni-green-25&#8243; heading=&#8221;Sein\u00e4joki&#8221; text=&#8221;Asema-alue keskeisell\u00e4 paikalla kaupungin keskustassa. Asemaseudun kehitt\u00e4misell\u00e4 tavoitellaan tiiviimp\u00e4\u00e4 ja monitoimintaista urbaania kaupunkirakennetta.&#8221; btn=&#8221;url:https%3A%2F%2Ftesti-e2c55b704894.senaatti.fi%2Fasema-alueet%2Fseinajoki%2F|title:Tutustu%20Sein%C3%A4joen%20asema-alueeseen&#8221; image=&#8221;150&#8243;][\/senaatti_feature][\/vc_column][\/vc_row][vc_row][vc_column][senaatti_feature background_color=&#8221;bg-white&#8221; heading=&#8221;Vaasa&#8221; text=&#8221;Vaasassa kehitett\u00e4vin\u00e4 kiinteist\u00f6in\u00e4 on tavara-aseman alue sek\u00e4 vieress\u00e4 sijaitseva varastoalue.&#8221; image=&#8221;927&#8243; btn=&#8221;url:https%3A%2F%2Ftesti-e2c55b704894.senaatti.fi%2Fasema-alueet%2Fvaasa%2F|title:Tutustu%20Vaasan%20asema-alueeseen&#8221;][\/senaatti_feature][\/vc_column][\/vc_row][vc_row][vc_column][senaatti_feature align=&#8221;right&#8221; heading=&#8221;Ylivieska&#8221; text=&#8221;Kehitett\u00e4v\u00e4n\u00e4 alueena Ylivieskassa Senaatin Asema-alueet Oy:ll\u00e4 on junaradan it\u00e4puolella oleva tavara-aseman kiinteist\u00f6.&#8221; image=&#8221;844&#8243; btn=&#8221;url:https%3A%2F%2Ftesti-e2c55b704894.senaatti.fi%2Fasema-alueet%2Fylivieska%2F|title:Tutustu%20Ylivieskan%20asema-alueeseen&#8221;][\/senaatti_feature][\/vc_column][\/vc_row]<\/p>\n<\/div>","protected":false},"excerpt":{"rendered":"<p>[vc_row][vc_column][senaatti_hero heading=&#8221;Asema-alueita 21 paikkakunnalla eri puolella Suomea&#8221; image=&#8221;146&#8243;][\/vc_column][\/vc_row][vc_row][vc_column][senaatti_feature align=&#8221;right&#8221; background_color=&#8221;bg-white&#8221; image_is_drawing=&#8221;true&#8221; heading=&#8221;Paikkakunnat&#8221; text=&#8221;Kehitystoimet ovat monella paikkakunnilla k\u00e4ynniss\u00e4 ja osin pitk\u00e4ll\u00e4kin. Esimerkkej\u00e4 k\u00e4ynniss\u00e4 olevista kehityshankkeista ovat mm. Espoon Kauklahti, Kauniainen, Kuopio, Lappeenranta, Pori, Sein\u00e4joki ja Vaasa. Meneill\u00e4\u00e4n olevat kehityshankkeet jatkuvat saumattomasti, ja uusia k\u00e4ynnistet\u00e4\u00e4n, kun kunkin kaupungin tai kunnan kanssa on saatu yhteiset tavoitteet ja hankkeen [&hellip;]<\/p>\n","protected":false},"author":16,"featured_media":0,"parent":0,"menu_order":0,"comment_status":"closed","ping_status":"closed","template":"","meta":{"_acf_changed":false,"_exactmetrics_skip_tracking":false,"_exactmetrics_sitenote_active":false,"_exactmetrics_sitenote_note":"","_exactmetrics_sitenote_category":0,"footnotes":""},"class_list":["post-191","page","type-page","status-publish","hentry"],"acf":[],"yoast_head":"<!-- This site is optimized with the Yoast SEO plugin v23.9 - https:\/\/yoast.com\/wordpress\/plugins\/seo\/ -->\n<title>Kehitett\u00e4vi\u00e4 asema-alueita - Asema-alueet<\/title>\n<meta name=\"robots\" content=\"noindex, follow, max-snippet:-1, max-image-preview:large, max-video-preview:-1\" \/>\n<meta property=\"og:locale\" content=\"fi_FI\" \/>\n<meta property=\"og:type\" content=\"article\" \/>\n<meta property=\"og:title\" content=\"Kehitett\u00e4vi\u00e4 asema-alueita - Asema-alueet\" \/>\n<meta property=\"og:description\" content=\"[vc_row][vc_column][senaatti_hero heading=&#8221;Asema-alueita 21 paikkakunnalla eri puolella Suomea&#8221; image=&#8221;146&#8243;][\/vc_column][\/vc_row][vc_row][vc_column][senaatti_feature align=&#8221;right&#8221; background_color=&#8221;bg-white&#8221; image_is_drawing=&#8221;true&#8221; heading=&#8221;Paikkakunnat&#8221; text=&#8221;Kehitystoimet ovat monella paikkakunnilla k\u00e4ynniss\u00e4 ja osin pitk\u00e4ll\u00e4kin. Esimerkkej\u00e4 k\u00e4ynniss\u00e4 olevista kehityshankkeista ovat mm. Espoon Kauklahti, Kauniainen, Kuopio, Lappeenranta, Pori, Sein\u00e4joki ja Vaasa. Meneill\u00e4\u00e4n olevat kehityshankkeet jatkuvat saumattomasti, ja uusia k\u00e4ynnistet\u00e4\u00e4n, kun kunkin kaupungin tai kunnan kanssa on saatu yhteiset tavoitteet ja hankkeen [&hellip;]\" \/>\n<meta property=\"og:url\" content=\"https:\/\/www.senaatti.fi\/asema-alueet\/kehitettavia-asema-alueita\/\" \/>\n<meta property=\"og:site_name\" content=\"Asema-alueet\" \/>\n<meta property=\"article:modified_time\" content=\"2024-11-20T06:32:39+00:00\" \/>\n<meta name=\"twitter:card\" content=\"summary_large_image\" \/>\n<meta name=\"twitter:label1\" content=\"Arvioitu lukuaika\" \/>\n\t<meta name=\"twitter:data1\" content=\"4 minuuttia\" \/>\n<script type=\"application\/ld+json\" class=\"yoast-schema-graph\">{\"@context\":\"https:\/\/schema.org\",\"@graph\":[{\"@type\":\"WebPage\",\"@id\":\"https:\/\/www.senaatti.fi\/asema-alueet\/kehitettavia-asema-alueita\/\",\"url\":\"https:\/\/www.senaatti.fi\/asema-alueet\/kehitettavia-asema-alueita\/\",\"name\":\"Kehitett\u00e4vi\u00e4 asema-alueita - Asema-alueet\",\"isPartOf\":{\"@id\":\"https:\/\/www.senaatti.fi\/asema-alueet\/#website\"},\"datePublished\":\"2019-02-05T12:25:14+00:00\",\"dateModified\":\"2024-11-20T06:32:39+00:00\",\"breadcrumb\":{\"@id\":\"https:\/\/www.senaatti.fi\/asema-alueet\/kehitettavia-asema-alueita\/#breadcrumb\"},\"inLanguage\":\"fi\",\"potentialAction\":[{\"@type\":\"ReadAction\",\"target\":[\"https:\/\/www.senaatti.fi\/asema-alueet\/kehitettavia-asema-alueita\/\"]}]},{\"@type\":\"BreadcrumbList\",\"@id\":\"https:\/\/www.senaatti.fi\/asema-alueet\/kehitettavia-asema-alueita\/#breadcrumb\",\"itemListElement\":[{\"@type\":\"ListItem\",\"position\":1,\"name\":\"Etusivu\",\"item\":\"https:\/\/www.senaatti.fi\/asema-alueet\/\"},{\"@type\":\"ListItem\",\"position\":2,\"name\":\"Kehitett\u00e4vi\u00e4 asema-alueita\"}]},{\"@type\":\"WebSite\",\"@id\":\"https:\/\/www.senaatti.fi\/asema-alueet\/#website\",\"url\":\"https:\/\/www.senaatti.fi\/asema-alueet\/\",\"name\":\"Asema-alueet\",\"description\":\"Senaatin Asema-alueet\",\"potentialAction\":[{\"@type\":\"SearchAction\",\"target\":{\"@type\":\"EntryPoint\",\"urlTemplate\":\"https:\/\/www.senaatti.fi\/asema-alueet\/?s={search_term_string}\"},\"query-input\":{\"@type\":\"PropertyValueSpecification\",\"valueRequired\":true,\"valueName\":\"search_term_string\"}}],\"inLanguage\":\"fi\"}]}<\/script>\n<!-- \/ Yoast SEO plugin. -->","yoast_head_json":{"title":"Kehitett\u00e4vi\u00e4 asema-alueita - Asema-alueet","robots":{"index":"noindex","follow":"follow","max-snippet":"max-snippet:-1","max-image-preview":"max-image-preview:large","max-video-preview":"max-video-preview:-1"},"og_locale":"fi_FI","og_type":"article","og_title":"Kehitett\u00e4vi\u00e4 asema-alueita - Asema-alueet","og_description":"[vc_row][vc_column][senaatti_hero heading=&#8221;Asema-alueita 21 paikkakunnalla eri puolella Suomea&#8221; image=&#8221;146&#8243;][\/vc_column][\/vc_row][vc_row][vc_column][senaatti_feature align=&#8221;right&#8221; background_color=&#8221;bg-white&#8221; image_is_drawing=&#8221;true&#8221; heading=&#8221;Paikkakunnat&#8221; text=&#8221;Kehitystoimet ovat monella paikkakunnilla k\u00e4ynniss\u00e4 ja osin pitk\u00e4ll\u00e4kin. Esimerkkej\u00e4 k\u00e4ynniss\u00e4 olevista kehityshankkeista ovat mm. Espoon Kauklahti, Kauniainen, Kuopio, Lappeenranta, Pori, Sein\u00e4joki ja Vaasa. Meneill\u00e4\u00e4n olevat kehityshankkeet jatkuvat saumattomasti, ja uusia k\u00e4ynnistet\u00e4\u00e4n, kun kunkin kaupungin tai kunnan kanssa on saatu yhteiset tavoitteet ja hankkeen [&hellip;]","og_url":"https:\/\/www.senaatti.fi\/asema-alueet\/kehitettavia-asema-alueita\/","og_site_name":"Asema-alueet","article_modified_time":"2024-11-20T06:32:39+00:00","twitter_card":"summary_large_image","twitter_misc":{"Arvioitu lukuaika":"4 minuuttia"},"schema":{"@context":"https:\/\/schema.org","@graph":[{"@type":"WebPage","@id":"https:\/\/www.senaatti.fi\/asema-alueet\/kehitettavia-asema-alueita\/","url":"https:\/\/www.senaatti.fi\/asema-alueet\/kehitettavia-asema-alueita\/","name":"Kehitett\u00e4vi\u00e4 asema-alueita - Asema-alueet","isPartOf":{"@id":"https:\/\/www.senaatti.fi\/asema-alueet\/#website"},"datePublished":"2019-02-05T12:25:14+00:00","dateModified":"2024-11-20T06:32:39+00:00","breadcrumb":{"@id":"https:\/\/www.senaatti.fi\/asema-alueet\/kehitettavia-asema-alueita\/#breadcrumb"},"inLanguage":"fi","potentialAction":[{"@type":"ReadAction","target":["https:\/\/www.senaatti.fi\/asema-alueet\/kehitettavia-asema-alueita\/"]}]},{"@type":"BreadcrumbList","@id":"https:\/\/www.senaatti.fi\/asema-alueet\/kehitettavia-asema-alueita\/#breadcrumb","itemListElement":[{"@type":"ListItem","position":1,"name":"Etusivu","item":"https:\/\/www.senaatti.fi\/asema-alueet\/"},{"@type":"ListItem","position":2,"name":"Kehitett\u00e4vi\u00e4 asema-alueita"}]},{"@type":"WebSite","@id":"https:\/\/www.senaatti.fi\/asema-alueet\/#website","url":"https:\/\/www.senaatti.fi\/asema-alueet\/","name":"Asema-alueet","description":"Senaatin Asema-alueet","potentialAction":[{"@type":"SearchAction","target":{"@type":"EntryPoint","urlTemplate":"https:\/\/www.senaatti.fi\/asema-alueet\/?s={search_term_string}"},"query-input":{"@type":"PropertyValueSpecification","valueRequired":true,"valueName":"search_term_string"}}],"inLanguage":"fi"}]}},"_links":{"self":[{"href":"https:\/\/testi-e2c55b704894.senaatti.fi\/asema-alueet\/wp-json\/wp\/v2\/pages\/191","targetHints":{"allow":["GET"]}}],"collection":[{"href":"https:\/\/testi-e2c55b704894.senaatti.fi\/asema-alueet\/wp-json\/wp\/v2\/pages"}],"about":[{"href":"https:\/\/testi-e2c55b704894.senaatti.fi\/asema-alueet\/wp-json\/wp\/v2\/types\/page"}],"author":[{"embeddable":true,"href":"https:\/\/testi-e2c55b704894.senaatti.fi\/asema-alueet\/wp-json\/wp\/v2\/users\/16"}],"replies":[{"embeddable":true,"href":"https:\/\/testi-e2c55b704894.senaatti.fi\/asema-alueet\/wp-json\/wp\/v2\/comments?post=191"}],"version-history":[{"count":11,"href":"https:\/\/testi-e2c55b704894.senaatti.fi\/asema-alueet\/wp-json\/wp\/v2\/pages\/191\/revisions"}],"predecessor-version":[{"id":1916,"href":"https:\/\/testi-e2c55b704894.senaatti.fi\/asema-alueet\/wp-json\/wp\/v2\/pages\/191\/revisions\/1916"}],"wp:attachment":[{"href":"https:\/\/testi-e2c55b704894.senaatti.fi\/asema-alueet\/wp-json\/wp\/v2\/media?parent=191"}],"curies":[{"name":"wp","href":"https:\/\/api.w.org\/{rel}","templated":true}]}}