{"id":206,"date":"2019-02-21T06:01:51","date_gmt":"2019-02-21T06:01:51","guid":{"rendered":"https:\/\/testi-e2c55b704894.senaatti.fi\/asema-alueet\/?page_id=206"},"modified":"2024-09-23T10:57:21","modified_gmt":"2024-09-23T10:57:21","slug":"espoo-kauklahti","status":"publish","type":"page","link":"https:\/\/testi-e2c55b704894.senaatti.fi\/asema-alueet\/espoo-kauklahti\/","title":{"rendered":"Espoo, Kauklahti"},"content":{"rendered":"<div class=\"wpb-content-wrapper\"><p>[vc_row][vc_column][senaatti_hero heading=&#8221;Espoo, Kauklahti&#8221; text=&#8221;Espoonjoen jokilaaksossa oleva Kauklahden rautatieasema ymp\u00e4rist\u00f6ineen uudistuu, kun Lasihytin teollisuusalueelle mahdollistetaan uutta asumista.&#8221; image=&#8221;1020&#8243;][\/vc_column][\/vc_row][vc_row][vc_column][vc_column_text]Kauklahden asema-alueen tuntumaan Lasihytin alueelle suunnitellaan yhteisty\u00f6ss\u00e4 Espoon kaupungin ja alueen maanomistajien kanssa tiivist\u00e4 asuinaluetta.\u00a0Rantaradan ja Hyttimestarintien v\u00e4liss\u00e4 sijaitseva alue on ollut aikaisemmin p\u00e4\u00e4osin teollisuuden k\u00e4yt\u00f6ss\u00e4, palvelut ja asuminen on keskittynyt radan pohjoispuolelle. Valtakunnallisesti merkitt\u00e4v\u00e4lle rakennetulle kulttuuriymp\u00e4rist\u00f6lle rakentuu kaupunkikuvallisesti arvokas alue, jonka erityispiirteit\u00e4 ovat rautatie, vanhat rakennukset ja Espoonjoki. Tulevan suunnitelman tavoitteena on mahdollistaa joen varrelle my\u00f6s aktiivista virkistystoimintaa.[\/vc_column_text][\/vc_column][\/vc_row][vc_row][vc_column][senaatti_directions heading=&#8221;Sijainti ja l\u00e4hiymp\u00e4rist\u00f6&#8221; address=&#8221;Hansatie 3, 02780 Espoo&#8221;]Kauklahti on Espoon l\u00e4nsiosassa Keh\u00e4 III varrella sijaitseva kaupunginosa. Kehitett\u00e4v\u00e4 alue on Kauklahden aseman etel\u00e4puolella. Rautatieasemalla pys\u00e4htyv\u00e4t junat E, L, U, Y ja X Espoon uuden kaupunkiradan odotetaan parantavan joukkoliikenneyhteyksi\u00e4 merkitt\u00e4v\u00e4sti.<\/p>\n<p>&nbsp;<\/p>\n<p>L\u00e4hiet\u00e4isyydell\u00e4:<\/p>\n<ul>\n<li>Kauklahden kirjasto 450 m<\/li>\n<li>Espoon Yhteislyseon Lukio 500 m<\/li>\n<li>Espoon keskusta 4,9 km<\/li>\n<li>Espoo IKEA, 5,7 km<\/li>\n<li>Iso Omena 12 km<\/li>\n<\/ul>\n<p>[\/senaatti_directions][\/vc_column][\/vc_row][vc_row][vc_column][senaatti_loop_contacts heading=&#8221;Yhteystiedot&#8221; contacts=&#8221;20307&#8243;][\/vc_column][\/vc_row]<\/p>\n<\/div>","protected":false},"excerpt":{"rendered":"<p>[vc_row][vc_column][senaatti_hero heading=&#8221;Espoo, Kauklahti&#8221; text=&#8221;Espoonjoen jokilaaksossa oleva Kauklahden rautatieasema ymp\u00e4rist\u00f6ineen uudistuu, kun Lasihytin teollisuusalueelle mahdollistetaan uutta asumista.&#8221; image=&#8221;1020&#8243;][\/vc_column][\/vc_row][vc_row][vc_column][vc_column_text]Kauklahden asema-alueen tuntumaan Lasihytin alueelle suunnitellaan yhteisty\u00f6ss\u00e4 Espoon kaupungin ja alueen maanomistajien kanssa tiivist\u00e4 asuinaluetta.\u00a0Rantaradan ja Hyttimestarintien v\u00e4liss\u00e4 sijaitseva alue on ollut aikaisemmin p\u00e4\u00e4osin teollisuuden k\u00e4yt\u00f6ss\u00e4, palvelut ja asuminen on keskittynyt radan pohjoispuolelle. Valtakunnallisesti merkitt\u00e4v\u00e4lle rakennetulle kulttuuriymp\u00e4rist\u00f6lle rakentuu kaupunkikuvallisesti [&hellip;]<\/p>\n","protected":false},"author":16,"featured_media":0,"parent":0,"menu_order":0,"comment_status":"closed","ping_status":"closed","template":"","meta":{"_acf_changed":false,"_exactmetrics_skip_tracking":false,"_exactmetrics_sitenote_active":false,"_exactmetrics_sitenote_note":"","_exactmetrics_sitenote_category":0,"footnotes":""},"class_list":["post-206","page","type-page","status-publish","hentry"],"acf":[],"yoast_head":"<!-- This site is optimized with the Yoast SEO plugin v23.9 - https:\/\/yoast.com\/wordpress\/plugins\/seo\/ -->\n<title>Espoo, Kauklahti - Asema-alueet<\/title>\n<meta name=\"robots\" content=\"noindex, follow, max-snippet:-1, max-image-preview:large, max-video-preview:-1\" \/>\n<meta property=\"og:locale\" content=\"fi_FI\" \/>\n<meta property=\"og:type\" content=\"article\" \/>\n<meta property=\"og:title\" content=\"Espoo, Kauklahti - Asema-alueet\" \/>\n<meta property=\"og:description\" content=\"[vc_row][vc_column][senaatti_hero heading=&#8221;Espoo, Kauklahti&#8221; text=&#8221;Espoonjoen jokilaaksossa oleva Kauklahden rautatieasema ymp\u00e4rist\u00f6ineen uudistuu, kun Lasihytin teollisuusalueelle mahdollistetaan uutta asumista.&#8221; image=&#8221;1020&#8243;][\/vc_column][\/vc_row][vc_row][vc_column][vc_column_text]Kauklahden asema-alueen tuntumaan Lasihytin alueelle suunnitellaan yhteisty\u00f6ss\u00e4 Espoon kaupungin ja alueen maanomistajien kanssa tiivist\u00e4 asuinaluetta.\u00a0Rantaradan ja Hyttimestarintien v\u00e4liss\u00e4 sijaitseva alue on ollut aikaisemmin p\u00e4\u00e4osin teollisuuden k\u00e4yt\u00f6ss\u00e4, palvelut ja asuminen on keskittynyt radan pohjoispuolelle. Valtakunnallisesti merkitt\u00e4v\u00e4lle rakennetulle kulttuuriymp\u00e4rist\u00f6lle rakentuu kaupunkikuvallisesti [&hellip;]\" \/>\n<meta property=\"og:url\" content=\"https:\/\/www.senaatti.fi\/asema-alueet\/espoo-kauklahti\/\" \/>\n<meta property=\"og:site_name\" content=\"Asema-alueet\" \/>\n<meta property=\"article:modified_time\" content=\"2024-09-23T10:57:21+00:00\" \/>\n<meta name=\"twitter:card\" content=\"summary_large_image\" \/>\n<meta name=\"twitter:label1\" content=\"Arvioitu lukuaika\" \/>\n\t<meta name=\"twitter:data1\" content=\"2 minuuttia\" \/>\n<script type=\"application\/ld+json\" class=\"yoast-schema-graph\">{\"@context\":\"https:\/\/schema.org\",\"@graph\":[{\"@type\":\"WebPage\",\"@id\":\"https:\/\/www.senaatti.fi\/asema-alueet\/espoo-kauklahti\/\",\"url\":\"https:\/\/www.senaatti.fi\/asema-alueet\/espoo-kauklahti\/\",\"name\":\"Espoo, Kauklahti - Asema-alueet\",\"isPartOf\":{\"@id\":\"https:\/\/www.senaatti.fi\/asema-alueet\/#website\"},\"datePublished\":\"2019-02-21T06:01:51+00:00\",\"dateModified\":\"2024-09-23T10:57:21+00:00\",\"breadcrumb\":{\"@id\":\"https:\/\/www.senaatti.fi\/asema-alueet\/espoo-kauklahti\/#breadcrumb\"},\"inLanguage\":\"fi\",\"potentialAction\":[{\"@type\":\"ReadAction\",\"target\":[\"https:\/\/www.senaatti.fi\/asema-alueet\/espoo-kauklahti\/\"]}]},{\"@type\":\"BreadcrumbList\",\"@id\":\"https:\/\/www.senaatti.fi\/asema-alueet\/espoo-kauklahti\/#breadcrumb\",\"itemListElement\":[{\"@type\":\"ListItem\",\"position\":1,\"name\":\"Etusivu\",\"item\":\"https:\/\/www.senaatti.fi\/asema-alueet\/\"},{\"@type\":\"ListItem\",\"position\":2,\"name\":\"Espoo, Kauklahti\"}]},{\"@type\":\"WebSite\",\"@id\":\"https:\/\/www.senaatti.fi\/asema-alueet\/#website\",\"url\":\"https:\/\/www.senaatti.fi\/asema-alueet\/\",\"name\":\"Asema-alueet\",\"description\":\"Senaatin Asema-alueet\",\"potentialAction\":[{\"@type\":\"SearchAction\",\"target\":{\"@type\":\"EntryPoint\",\"urlTemplate\":\"https:\/\/www.senaatti.fi\/asema-alueet\/?s={search_term_string}\"},\"query-input\":{\"@type\":\"PropertyValueSpecification\",\"valueRequired\":true,\"valueName\":\"search_term_string\"}}],\"inLanguage\":\"fi\"}]}<\/script>\n<!-- \/ Yoast SEO plugin. -->","yoast_head_json":{"title":"Espoo, Kauklahti - Asema-alueet","robots":{"index":"noindex","follow":"follow","max-snippet":"max-snippet:-1","max-image-preview":"max-image-preview:large","max-video-preview":"max-video-preview:-1"},"og_locale":"fi_FI","og_type":"article","og_title":"Espoo, Kauklahti - Asema-alueet","og_description":"[vc_row][vc_column][senaatti_hero heading=&#8221;Espoo, Kauklahti&#8221; text=&#8221;Espoonjoen jokilaaksossa oleva Kauklahden rautatieasema ymp\u00e4rist\u00f6ineen uudistuu, kun Lasihytin teollisuusalueelle mahdollistetaan uutta asumista.&#8221; image=&#8221;1020&#8243;][\/vc_column][\/vc_row][vc_row][vc_column][vc_column_text]Kauklahden asema-alueen tuntumaan Lasihytin alueelle suunnitellaan yhteisty\u00f6ss\u00e4 Espoon kaupungin ja alueen maanomistajien kanssa tiivist\u00e4 asuinaluetta.\u00a0Rantaradan ja Hyttimestarintien v\u00e4liss\u00e4 sijaitseva alue on ollut aikaisemmin p\u00e4\u00e4osin teollisuuden k\u00e4yt\u00f6ss\u00e4, palvelut ja asuminen on keskittynyt radan pohjoispuolelle. Valtakunnallisesti merkitt\u00e4v\u00e4lle rakennetulle kulttuuriymp\u00e4rist\u00f6lle rakentuu kaupunkikuvallisesti [&hellip;]","og_url":"https:\/\/www.senaatti.fi\/asema-alueet\/espoo-kauklahti\/","og_site_name":"Asema-alueet","article_modified_time":"2024-09-23T10:57:21+00:00","twitter_card":"summary_large_image","twitter_misc":{"Arvioitu lukuaika":"2 minuuttia"},"schema":{"@context":"https:\/\/schema.org","@graph":[{"@type":"WebPage","@id":"https:\/\/www.senaatti.fi\/asema-alueet\/espoo-kauklahti\/","url":"https:\/\/www.senaatti.fi\/asema-alueet\/espoo-kauklahti\/","name":"Espoo, Kauklahti - Asema-alueet","isPartOf":{"@id":"https:\/\/www.senaatti.fi\/asema-alueet\/#website"},"datePublished":"2019-02-21T06:01:51+00:00","dateModified":"2024-09-23T10:57:21+00:00","breadcrumb":{"@id":"https:\/\/www.senaatti.fi\/asema-alueet\/espoo-kauklahti\/#breadcrumb"},"inLanguage":"fi","potentialAction":[{"@type":"ReadAction","target":["https:\/\/www.senaatti.fi\/asema-alueet\/espoo-kauklahti\/"]}]},{"@type":"BreadcrumbList","@id":"https:\/\/www.senaatti.fi\/asema-alueet\/espoo-kauklahti\/#breadcrumb","itemListElement":[{"@type":"ListItem","position":1,"name":"Etusivu","item":"https:\/\/www.senaatti.fi\/asema-alueet\/"},{"@type":"ListItem","position":2,"name":"Espoo, Kauklahti"}]},{"@type":"WebSite","@id":"https:\/\/www.senaatti.fi\/asema-alueet\/#website","url":"https:\/\/www.senaatti.fi\/asema-alueet\/","name":"Asema-alueet","description":"Senaatin Asema-alueet","potentialAction":[{"@type":"SearchAction","target":{"@type":"EntryPoint","urlTemplate":"https:\/\/www.senaatti.fi\/asema-alueet\/?s={search_term_string}"},"query-input":{"@type":"PropertyValueSpecification","valueRequired":true,"valueName":"search_term_string"}}],"inLanguage":"fi"}]}},"_links":{"self":[{"href":"https:\/\/testi-e2c55b704894.senaatti.fi\/asema-alueet\/wp-json\/wp\/v2\/pages\/206","targetHints":{"allow":["GET"]}}],"collection":[{"href":"https:\/\/testi-e2c55b704894.senaatti.fi\/asema-alueet\/wp-json\/wp\/v2\/pages"}],"about":[{"href":"https:\/\/testi-e2c55b704894.senaatti.fi\/asema-alueet\/wp-json\/wp\/v2\/types\/page"}],"author":[{"embeddable":true,"href":"https:\/\/testi-e2c55b704894.senaatti.fi\/asema-alueet\/wp-json\/wp\/v2\/users\/16"}],"replies":[{"embeddable":true,"href":"https:\/\/testi-e2c55b704894.senaatti.fi\/asema-alueet\/wp-json\/wp\/v2\/comments?post=206"}],"version-history":[{"count":10,"href":"https:\/\/testi-e2c55b704894.senaatti.fi\/asema-alueet\/wp-json\/wp\/v2\/pages\/206\/revisions"}],"predecessor-version":[{"id":1849,"href":"https:\/\/testi-e2c55b704894.senaatti.fi\/asema-alueet\/wp-json\/wp\/v2\/pages\/206\/revisions\/1849"}],"wp:attachment":[{"href":"https:\/\/testi-e2c55b704894.senaatti.fi\/asema-alueet\/wp-json\/wp\/v2\/media?parent=206"}],"curies":[{"name":"wp","href":"https:\/\/api.w.org\/{rel}","templated":true}]}}