{"id":208,"date":"2019-02-21T06:01:55","date_gmt":"2019-02-21T06:01:55","guid":{"rendered":"https:\/\/testi-e2c55b704894.senaatti.fi\/asema-alueet\/?page_id=208"},"modified":"2023-06-05T07:08:51","modified_gmt":"2023-06-05T07:08:51","slug":"seinajoki","status":"publish","type":"page","link":"https:\/\/testi-e2c55b704894.senaatti.fi\/asema-alueet\/seinajoki\/","title":{"rendered":"Sein\u00e4joki"},"content":{"rendered":"<div class=\"wpb-content-wrapper\"><p>[vc_row][vc_column][senaatti_hero heading=&#8221;Sein\u00e4joki&#8221; image=&#8221;852&#8243; text=&#8221;Asema-alue keskeisell\u00e4 paikalla kaupungin keskustassa. Asemaseudun kehitt\u00e4misell\u00e4 tavoitellaan tiiviimp\u00e4\u00e4 ja monitoimintaista urbaania kaupunkirakennetta.&#8221; btn=&#8221;url:http%3A%2F%2Fwww.seinajoki.fi%2Fasuminenjaymparisto%2Fkaupunkisuunnittelujakaavoitus%2Fvireillaolevatasemakaavat%2F01108keskustaasemanaluekortteli47.html|title:Aseman%20keskustakortteleiden%20kaavaluonnos|target:%20_blank|&#8221;][\/vc_column][\/vc_row][vc_row][vc_column][vc_column_text remove_empty_space_above=&#8221;true&#8221;]<\/p>\n<h2>Asemanseutu kehittyy vetovoimaisemmaksi<\/h2>\n<p>L\u00e4ht\u00f6kohtana asema-alueen kehitt\u00e4miselle on ollut keskusta- ja asema-alueen tiivist\u00e4minen sek\u00e4 toiminnallisuuden parantaminen. Tulevaisuudessa alue voisi toimia liikenteen ja logistiikan, asumisen, palveluiden ja osaamisintensiivisen yritystoiminnan kehitt\u00e4misalustana.<\/p>\n<p>Vuonna 2018 valmistunut asema-alueen yleissuunnitelma palvelee laadittavana olevaa ydinkeskustan yleiskaavoitusta ja alueen tulevaa asemakaavoitusta. Suunnitelma on maank\u00e4yt\u00f6n, liikenteen, liikkumisen ja yleisten alueiden yleissuunnitelma.<\/p>\n<p>Tavoitteena on saavuttaa laadukas ja vetovoimainen asemanseutu, joka erottuu kansallisesti. Alueella tulee olemaan asumista ja yritystoimintaa, luoden viihtyisyytt\u00e4 ja el\u00e4vyytt\u00e4 Sein\u00e4joen kaupunkikeskustaan.<\/p>\n<h2>Pajuluoman alueen kunnostamisselvitys k\u00e4ynniss\u00e4<\/h2>\n<p>Sein\u00e4joella sijaitseva Pajuluoma-joki on Sein\u00e4joki-joen sivuhaara. Pajuluoman kunnostamisselvityksen tavoitteena on selvitt\u00e4\u00e4 vesist\u00f6n nykytila, jotta voidaan p\u00e4\u00e4tt\u00e4\u00e4 mahdollisesta kunnostustarpeesta, -tavasta ja sen laajuudesta.<\/p>\n<p>Sein\u00e4joen Pajuluoman pohjasedimentin tilaa selvitt\u00e4viss\u00e4 tutkimuksissa on todettu haitta-aineita. Selvitysten perusteella on arvioitu, ett\u00e4 haitta-aineita on kulkeutunut Pajuluomaan ainakin Sein\u00e4joen ratapihan alueen vanhoista toiminnoista. Alueella on sijainnut \u00f6ljys\u00e4ili\u00f6it\u00e4, tankkauspaikkoja sek\u00e4 vanha &#8221;kaasutehdas&#8221; eli rakennus, jossa on tuotettu karbidikaasua. \u201dKaasutehtaan\u201d rakennus ja maap\u00e4\u00e4lliset \u00f6ljys\u00e4il\u00f6t on purettu noin kymmenen vuotta sitten ja samassa yhteydess\u00e4 alueella tehtiin mittavia maaper\u00e4n puhdistust\u00f6it\u00e4.<\/p>\n<p>K\u00e4ynniss\u00e4 olevaa kunnostamisselvityst\u00e4 tehd\u00e4\u00e4n yhteisty\u00f6ss\u00e4 <a href=\"https:\/\/vayla.fi\/\" target=\"_blank\" rel=\"noopener noreferrer\">V\u00e4yl\u00e4viraston<\/a> kanssa ja hanketta voit seurata <a href=\"https:\/\/vayla.fi\/kaikki-hankkeet\/seinajoen-pajuluoman-kunnostamisselvitys\" target=\"_blank\" rel=\"noopener noreferrer\">V\u00e4yl\u00e4viraston verkkosivuilla<\/a>.<\/p>\n<h2>Pys\u00e4k\u00f6inti asema-alueella on muuttunut<\/h2>\n<p>Senaatin Asema-alueet Oy keskitt\u00e4\u00e4 asema-alueen parkkipaikkojen vuokrauksen yhdelle taholle ja pys\u00e4k\u00f6intioperaattoriksi on valittu Finnpark Oy. Jatkossa alueella huomioidaan paremmin autoilijoiden pys\u00e4k\u00f6intitarpeet ja mahdollistetaan lyhyt- sek\u00e4 pitk\u00e4aikaiset sopimuspys\u00e4k\u00f6innit. Samalla yhten\u00e4istet\u00e4\u00e4n autopaikkojen vuokrat vastaamaan alueen yleist\u00e4 vuokratasoa.<\/p>\n<p>Pys\u00e4k\u00f6inti asema-alueelle tapahtuu <a href=\"https:\/\/moovy.fi\/autoilijoille\/?gclid=EAIaIQobChMI74qW4bGn7AIVBd-yCh3QNQmyEAAYASAAEgKlUvD_BwE#utm_source=Google%20SEM&amp;utm_medium=SEM_brand_Autoilijoille&amp;utm_campaign=Moovy_ADS\">Moovy<\/a> sovellusta k\u00e4ytt\u00e4m\u00e4ll\u00e4. Ohjeet sovelluksen lataukseen ja yhteystiedot asiakaspalveluun l\u00f6yd\u00e4t <a href=\"https:\/\/moovy.fi\/autoilijoille\/?gclid=EAIaIQobChMI74qW4bGn7AIVBd-yCh3QNQmyEAAYASAAEgKlUvD_BwE#utm_source=Google%20SEM&amp;utm_medium=SEM_brand_Autoilijoille&amp;utm_campaign=Moovy_ADS\">Moovyn verkkosivuilta t\u00e4st\u00e4<\/a>.[\/vc_column_text][\/vc_column][\/vc_row][vc_row][vc_column][senaatti_directions heading=&#8221;Sijainti ja l\u00e4hiymp\u00e4rist\u00f6&#8221; address=&#8221;Ruukintie 2, 60100 Sein\u00e4joki&#8221;]Joukkoliikenteell\u00e4 ja henkil\u00f6autoilla helposti saavutettavissa oleva Sein\u00e4joen asema-alue sijaitsee keskustan v\u00e4litt\u00f6m\u00e4ss\u00e4 l\u00e4heisyydess\u00e4.<\/p>\n<p>&nbsp;<\/p>\n<p>L\u00e4hiet\u00e4isyydell\u00e4:<\/p>\n<ul>\n<li>Sein\u00e4joen Kauppatori 450 m<\/li>\n<li>Original Sokos Hotel Vaakuna ja Lakeus 500 m<\/li>\n<li>Torikeskus Kauppakeskus 500 m<\/li>\n<li>P\u00e4\u00e4kirjasto 800 m<\/li>\n<li>Sein\u00e4joen ammattikorkeakoulu 2 km<\/li>\n<li>Duudsonit Activity Park 2 km<\/li>\n<li>Huhtalan sairaala 2,6 km<\/li>\n<\/ul>\n<p>[\/senaatti_directions][\/vc_column][\/vc_row][vc_row][vc_column][senaatti_loop_contacts heading=&#8221;Yhteystiedot&#8221; contacts=&#8221;32819&#8243;][\/vc_column][\/vc_row]<\/p>\n<\/div>","protected":false},"excerpt":{"rendered":"<p>[vc_row][vc_column][senaatti_hero heading=&#8221;Sein\u00e4joki&#8221; image=&#8221;852&#8243; text=&#8221;Asema-alue keskeisell\u00e4 paikalla kaupungin keskustassa. Asemaseudun kehitt\u00e4misell\u00e4 tavoitellaan tiiviimp\u00e4\u00e4 ja monitoimintaista urbaania kaupunkirakennetta.&#8221; btn=&#8221;url:http%3A%2F%2Fwww.seinajoki.fi%2Fasuminenjaymparisto%2Fkaupunkisuunnittelujakaavoitus%2Fvireillaolevatasemakaavat%2F01108keskustaasemanaluekortteli47.html|title:Aseman%20keskustakortteleiden%20kaavaluonnos|target:%20_blank|&#8221;][\/vc_column][\/vc_row][vc_row][vc_column][vc_column_text remove_empty_space_above=&#8221;true&#8221;] Asemanseutu kehittyy vetovoimaisemmaksi L\u00e4ht\u00f6kohtana asema-alueen kehitt\u00e4miselle on ollut keskusta- ja asema-alueen tiivist\u00e4minen sek\u00e4 toiminnallisuuden parantaminen. Tulevaisuudessa alue voisi toimia liikenteen ja logistiikan, asumisen, palveluiden ja osaamisintensiivisen yritystoiminnan kehitt\u00e4misalustana. Vuonna 2018 valmistunut asema-alueen yleissuunnitelma palvelee laadittavana olevaa ydinkeskustan [&hellip;]<\/p>\n","protected":false},"author":16,"featured_media":0,"parent":0,"menu_order":0,"comment_status":"closed","ping_status":"closed","template":"","meta":{"_acf_changed":false,"_exactmetrics_skip_tracking":false,"_exactmetrics_sitenote_active":false,"_exactmetrics_sitenote_note":"","_exactmetrics_sitenote_category":0,"footnotes":""},"class_list":["post-208","page","type-page","status-publish","hentry"],"acf":[],"yoast_head":"<!-- This site is optimized with the Yoast SEO plugin v23.9 - https:\/\/yoast.com\/wordpress\/plugins\/seo\/ -->\n<title>Sein\u00e4joki - Asema-alueet<\/title>\n<meta name=\"robots\" content=\"noindex, follow, max-snippet:-1, max-image-preview:large, max-video-preview:-1\" \/>\n<meta property=\"og:locale\" content=\"fi_FI\" \/>\n<meta property=\"og:type\" content=\"article\" \/>\n<meta property=\"og:title\" content=\"Sein\u00e4joki - Asema-alueet\" \/>\n<meta property=\"og:description\" content=\"[vc_row][vc_column][senaatti_hero heading=&#8221;Sein\u00e4joki&#8221; image=&#8221;852&#8243; text=&#8221;Asema-alue keskeisell\u00e4 paikalla kaupungin keskustassa. Asemaseudun kehitt\u00e4misell\u00e4 tavoitellaan tiiviimp\u00e4\u00e4 ja monitoimintaista urbaania kaupunkirakennetta.&#8221; btn=&#8221;url:http%3A%2F%2Fwww.seinajoki.fi%2Fasuminenjaymparisto%2Fkaupunkisuunnittelujakaavoitus%2Fvireillaolevatasemakaavat%2F01108keskustaasemanaluekortteli47.html|title:Aseman%20keskustakortteleiden%20kaavaluonnos|target:%20_blank|&#8221;][\/vc_column][\/vc_row][vc_row][vc_column][vc_column_text remove_empty_space_above=&#8221;true&#8221;] Asemanseutu kehittyy vetovoimaisemmaksi L\u00e4ht\u00f6kohtana asema-alueen kehitt\u00e4miselle on ollut keskusta- ja asema-alueen tiivist\u00e4minen sek\u00e4 toiminnallisuuden parantaminen. Tulevaisuudessa alue voisi toimia liikenteen ja logistiikan, asumisen, palveluiden ja osaamisintensiivisen yritystoiminnan kehitt\u00e4misalustana. Vuonna 2018 valmistunut asema-alueen yleissuunnitelma palvelee laadittavana olevaa ydinkeskustan [&hellip;]\" \/>\n<meta property=\"og:url\" content=\"https:\/\/www.senaatti.fi\/asema-alueet\/seinajoki\/\" \/>\n<meta property=\"og:site_name\" content=\"Asema-alueet\" \/>\n<meta property=\"article:modified_time\" content=\"2023-06-05T07:08:51+00:00\" \/>\n<meta name=\"twitter:card\" content=\"summary_large_image\" \/>\n<meta name=\"twitter:label1\" content=\"Arvioitu lukuaika\" \/>\n\t<meta name=\"twitter:data1\" content=\"2 minuuttia\" \/>\n<script type=\"application\/ld+json\" class=\"yoast-schema-graph\">{\"@context\":\"https:\/\/schema.org\",\"@graph\":[{\"@type\":\"WebPage\",\"@id\":\"https:\/\/www.senaatti.fi\/asema-alueet\/seinajoki\/\",\"url\":\"https:\/\/www.senaatti.fi\/asema-alueet\/seinajoki\/\",\"name\":\"Sein\u00e4joki - Asema-alueet\",\"isPartOf\":{\"@id\":\"https:\/\/www.senaatti.fi\/asema-alueet\/#website\"},\"datePublished\":\"2019-02-21T06:01:55+00:00\",\"dateModified\":\"2023-06-05T07:08:51+00:00\",\"breadcrumb\":{\"@id\":\"https:\/\/www.senaatti.fi\/asema-alueet\/seinajoki\/#breadcrumb\"},\"inLanguage\":\"fi\",\"potentialAction\":[{\"@type\":\"ReadAction\",\"target\":[\"https:\/\/www.senaatti.fi\/asema-alueet\/seinajoki\/\"]}]},{\"@type\":\"BreadcrumbList\",\"@id\":\"https:\/\/www.senaatti.fi\/asema-alueet\/seinajoki\/#breadcrumb\",\"itemListElement\":[{\"@type\":\"ListItem\",\"position\":1,\"name\":\"Etusivu\",\"item\":\"https:\/\/www.senaatti.fi\/asema-alueet\/\"},{\"@type\":\"ListItem\",\"position\":2,\"name\":\"Sein\u00e4joki\"}]},{\"@type\":\"WebSite\",\"@id\":\"https:\/\/www.senaatti.fi\/asema-alueet\/#website\",\"url\":\"https:\/\/www.senaatti.fi\/asema-alueet\/\",\"name\":\"Asema-alueet\",\"description\":\"Senaatin Asema-alueet\",\"potentialAction\":[{\"@type\":\"SearchAction\",\"target\":{\"@type\":\"EntryPoint\",\"urlTemplate\":\"https:\/\/www.senaatti.fi\/asema-alueet\/?s={search_term_string}\"},\"query-input\":{\"@type\":\"PropertyValueSpecification\",\"valueRequired\":true,\"valueName\":\"search_term_string\"}}],\"inLanguage\":\"fi\"}]}<\/script>\n<!-- \/ Yoast SEO plugin. -->","yoast_head_json":{"title":"Sein\u00e4joki - Asema-alueet","robots":{"index":"noindex","follow":"follow","max-snippet":"max-snippet:-1","max-image-preview":"max-image-preview:large","max-video-preview":"max-video-preview:-1"},"og_locale":"fi_FI","og_type":"article","og_title":"Sein\u00e4joki - Asema-alueet","og_description":"[vc_row][vc_column][senaatti_hero heading=&#8221;Sein\u00e4joki&#8221; image=&#8221;852&#8243; text=&#8221;Asema-alue keskeisell\u00e4 paikalla kaupungin keskustassa. Asemaseudun kehitt\u00e4misell\u00e4 tavoitellaan tiiviimp\u00e4\u00e4 ja monitoimintaista urbaania kaupunkirakennetta.&#8221; btn=&#8221;url:http%3A%2F%2Fwww.seinajoki.fi%2Fasuminenjaymparisto%2Fkaupunkisuunnittelujakaavoitus%2Fvireillaolevatasemakaavat%2F01108keskustaasemanaluekortteli47.html|title:Aseman%20keskustakortteleiden%20kaavaluonnos|target:%20_blank|&#8221;][\/vc_column][\/vc_row][vc_row][vc_column][vc_column_text remove_empty_space_above=&#8221;true&#8221;] Asemanseutu kehittyy vetovoimaisemmaksi L\u00e4ht\u00f6kohtana asema-alueen kehitt\u00e4miselle on ollut keskusta- ja asema-alueen tiivist\u00e4minen sek\u00e4 toiminnallisuuden parantaminen. Tulevaisuudessa alue voisi toimia liikenteen ja logistiikan, asumisen, palveluiden ja osaamisintensiivisen yritystoiminnan kehitt\u00e4misalustana. Vuonna 2018 valmistunut asema-alueen yleissuunnitelma palvelee laadittavana olevaa ydinkeskustan [&hellip;]","og_url":"https:\/\/www.senaatti.fi\/asema-alueet\/seinajoki\/","og_site_name":"Asema-alueet","article_modified_time":"2023-06-05T07:08:51+00:00","twitter_card":"summary_large_image","twitter_misc":{"Arvioitu lukuaika":"2 minuuttia"},"schema":{"@context":"https:\/\/schema.org","@graph":[{"@type":"WebPage","@id":"https:\/\/www.senaatti.fi\/asema-alueet\/seinajoki\/","url":"https:\/\/www.senaatti.fi\/asema-alueet\/seinajoki\/","name":"Sein\u00e4joki - Asema-alueet","isPartOf":{"@id":"https:\/\/www.senaatti.fi\/asema-alueet\/#website"},"datePublished":"2019-02-21T06:01:55+00:00","dateModified":"2023-06-05T07:08:51+00:00","breadcrumb":{"@id":"https:\/\/www.senaatti.fi\/asema-alueet\/seinajoki\/#breadcrumb"},"inLanguage":"fi","potentialAction":[{"@type":"ReadAction","target":["https:\/\/www.senaatti.fi\/asema-alueet\/seinajoki\/"]}]},{"@type":"BreadcrumbList","@id":"https:\/\/www.senaatti.fi\/asema-alueet\/seinajoki\/#breadcrumb","itemListElement":[{"@type":"ListItem","position":1,"name":"Etusivu","item":"https:\/\/www.senaatti.fi\/asema-alueet\/"},{"@type":"ListItem","position":2,"name":"Sein\u00e4joki"}]},{"@type":"WebSite","@id":"https:\/\/www.senaatti.fi\/asema-alueet\/#website","url":"https:\/\/www.senaatti.fi\/asema-alueet\/","name":"Asema-alueet","description":"Senaatin Asema-alueet","potentialAction":[{"@type":"SearchAction","target":{"@type":"EntryPoint","urlTemplate":"https:\/\/www.senaatti.fi\/asema-alueet\/?s={search_term_string}"},"query-input":{"@type":"PropertyValueSpecification","valueRequired":true,"valueName":"search_term_string"}}],"inLanguage":"fi"}]}},"_links":{"self":[{"href":"https:\/\/testi-e2c55b704894.senaatti.fi\/asema-alueet\/wp-json\/wp\/v2\/pages\/208","targetHints":{"allow":["GET"]}}],"collection":[{"href":"https:\/\/testi-e2c55b704894.senaatti.fi\/asema-alueet\/wp-json\/wp\/v2\/pages"}],"about":[{"href":"https:\/\/testi-e2c55b704894.senaatti.fi\/asema-alueet\/wp-json\/wp\/v2\/types\/page"}],"author":[{"embeddable":true,"href":"https:\/\/testi-e2c55b704894.senaatti.fi\/asema-alueet\/wp-json\/wp\/v2\/users\/16"}],"replies":[{"embeddable":true,"href":"https:\/\/testi-e2c55b704894.senaatti.fi\/asema-alueet\/wp-json\/wp\/v2\/comments?post=208"}],"version-history":[{"count":10,"href":"https:\/\/testi-e2c55b704894.senaatti.fi\/asema-alueet\/wp-json\/wp\/v2\/pages\/208\/revisions"}],"predecessor-version":[{"id":1712,"href":"https:\/\/testi-e2c55b704894.senaatti.fi\/asema-alueet\/wp-json\/wp\/v2\/pages\/208\/revisions\/1712"}],"wp:attachment":[{"href":"https:\/\/testi-e2c55b704894.senaatti.fi\/asema-alueet\/wp-json\/wp\/v2\/media?parent=208"}],"curies":[{"name":"wp","href":"https:\/\/api.w.org\/{rel}","templated":true}]}}