{"id":213,"date":"2019-10-25T11:26:08","date_gmt":"2019-10-25T11:26:08","guid":{"rendered":"https:\/\/testi-e2c55b704894.senaatti.fi\/asema-alueet\/?page_id=213"},"modified":"2024-01-15T13:00:56","modified_gmt":"2024-01-15T13:00:56","slug":"lahti-asemakeskus","status":"publish","type":"page","link":"https:\/\/testi-e2c55b704894.senaatti.fi\/asema-alueet\/lahti-asemakeskus\/","title":{"rendered":"Lahti, asemakeskus"},"content":{"rendered":"<div class=\"wpb-content-wrapper\"><p>[vc_row][vc_column][senaatti_hero align=&#8221;right&#8221; heading=&#8221;Lahti&#8221; image=&#8221;916&#8243; text=&#8221;Senaatin Asema-alueet Oy:ll\u00e4 on kehitett\u00e4v\u00e4n\u00e4 Lahdessa asemarakennuksen l\u00e4nsipuolella sijaitseva vanha tavararatapihan alue.&#8221; btn=&#8221;url:https%3A%2F%2Fwww.lahti.fi%2Fpalvelut%2Faluehankkeet%2Fradanvarsi|title:Tutustu%20Lahden%20kaupungin%20Radanvarsi%20aluehankkeen%20kotisivuihin|target:%20_blank|&#8221;][\/vc_column][\/vc_row][vc_row][vc_column][vc_column_text]<\/p>\n<h2>Pys\u00e4k\u00f6inti asema-alueella on muuttunut<\/h2>\n<p>Senaatin Asema-alueet Oy keskitt\u00e4\u00e4 asema-alueen parkkipaikkojen vuokrauksen yhdelle taholle ja pys\u00e4k\u00f6intioperaattoriksi on valittu Finnpark Oy. Jatkossa alueella huomioidaan paremmin autoilijoiden pys\u00e4k\u00f6intitarpeet ja mahdollistetaan lyhyt- sek\u00e4 pitk\u00e4aikaiset sopimuspys\u00e4k\u00f6innit. Samalla yhten\u00e4istet\u00e4\u00e4n autopaikkojen vuokrat vastaamaan alueen yleist\u00e4 vuokratasoa.<\/p>\n<p>Pys\u00e4k\u00f6inti asema-alueelle tapahtuu <a href=\"https:\/\/moovy.fi\/autoilijoille\/?gclid=EAIaIQobChMI74qW4bGn7AIVBd-yCh3QNQmyEAAYASAAEgKlUvD_BwE#utm_source=Google%20SEM&amp;utm_medium=SEM_brand_Autoilijoille&amp;utm_campaign=Moovy_ADS\">Moovy<\/a> sovellusta k\u00e4ytt\u00e4m\u00e4ll\u00e4. Ohjeet sovelluksen lataukseen ja yhteystiedot asiakaspalveluun l\u00f6yd\u00e4t <a href=\"https:\/\/moovy.fi\/autoilijoille\/?gclid=EAIaIQobChMI74qW4bGn7AIVBd-yCh3QNQmyEAAYASAAEgKlUvD_BwE#utm_source=Google%20SEM&amp;utm_medium=SEM_brand_Autoilijoille&amp;utm_campaign=Moovy_ADS\">Moovyn verkkosivuilta t\u00e4st\u00e4<\/a>.[\/vc_column_text][\/vc_column][\/vc_row][vc_row][vc_column][senaatti_directions heading=&#8221;Sijainti ja l\u00e4hiymp\u00e4rist\u00f6&#8221; address=&#8221;60.977576, 25.646864&#8243;]L\u00e4hiet\u00e4isyydell\u00e4:<\/p>\n<ul>\n<li>Lahden rautatieasema 200 m<\/li>\n<li>Scandic Lahti 350 m<\/li>\n<li>Matkahuolto 400 m<\/li>\n<li>Kaupungintalo 450 m<\/li>\n<li>Sokos Lahti 750 m<\/li>\n<li>Lahden kauppatori 750 m<\/li>\n<li>Solo Sokos Hotel Lahden Seurahuone 800 m<\/li>\n<li>Helsinki 100 km<\/li>\n<\/ul>\n<p>[\/senaatti_directions][\/vc_column][\/vc_row][vc_row][vc_column][senaatti_loop_contacts heading=&#8221;Yhteystiedot&#8221; contacts=&#8221;32819&#8243;][\/vc_column][\/vc_row]<\/p>\n<\/div>","protected":false},"excerpt":{"rendered":"<p>[vc_row][vc_column][senaatti_hero align=&#8221;right&#8221; heading=&#8221;Lahti&#8221; image=&#8221;916&#8243; text=&#8221;Senaatin Asema-alueet Oy:ll\u00e4 on kehitett\u00e4v\u00e4n\u00e4 Lahdessa asemarakennuksen l\u00e4nsipuolella sijaitseva vanha tavararatapihan alue.&#8221; btn=&#8221;url:https%3A%2F%2Fwww.lahti.fi%2Fpalvelut%2Faluehankkeet%2Fradanvarsi|title:Tutustu%20Lahden%20kaupungin%20Radanvarsi%20aluehankkeen%20kotisivuihin|target:%20_blank|&#8221;][\/vc_column][\/vc_row][vc_row][vc_column][vc_column_text] Pys\u00e4k\u00f6inti asema-alueella on muuttunut Senaatin Asema-alueet Oy keskitt\u00e4\u00e4 asema-alueen parkkipaikkojen vuokrauksen yhdelle taholle ja pys\u00e4k\u00f6intioperaattoriksi on valittu Finnpark Oy. Jatkossa alueella huomioidaan paremmin autoilijoiden pys\u00e4k\u00f6intitarpeet ja mahdollistetaan lyhyt- sek\u00e4 pitk\u00e4aikaiset sopimuspys\u00e4k\u00f6innit. Samalla yhten\u00e4istet\u00e4\u00e4n autopaikkojen vuokrat vastaamaan alueen yleist\u00e4 [&hellip;]<\/p>\n","protected":false},"author":16,"featured_media":0,"parent":0,"menu_order":0,"comment_status":"closed","ping_status":"closed","template":"","meta":{"_acf_changed":false,"_exactmetrics_skip_tracking":false,"_exactmetrics_sitenote_active":false,"_exactmetrics_sitenote_note":"","_exactmetrics_sitenote_category":0,"footnotes":""},"class_list":["post-213","page","type-page","status-publish","hentry"],"acf":[],"yoast_head":"<!-- This site is optimized with the Yoast SEO plugin v23.9 - https:\/\/yoast.com\/wordpress\/plugins\/seo\/ -->\n<title>Lahti, asemakeskus - Asema-alueet<\/title>\n<meta name=\"robots\" content=\"noindex, follow, max-snippet:-1, max-image-preview:large, max-video-preview:-1\" \/>\n<meta property=\"og:locale\" content=\"fi_FI\" \/>\n<meta property=\"og:type\" content=\"article\" \/>\n<meta property=\"og:title\" content=\"Lahti, asemakeskus - Asema-alueet\" \/>\n<meta property=\"og:description\" content=\"[vc_row][vc_column][senaatti_hero align=&#8221;right&#8221; heading=&#8221;Lahti&#8221; image=&#8221;916&#8243; text=&#8221;Senaatin Asema-alueet Oy:ll\u00e4 on kehitett\u00e4v\u00e4n\u00e4 Lahdessa asemarakennuksen l\u00e4nsipuolella sijaitseva vanha tavararatapihan alue.&#8221; btn=&#8221;url:https%3A%2F%2Fwww.lahti.fi%2Fpalvelut%2Faluehankkeet%2Fradanvarsi|title:Tutustu%20Lahden%20kaupungin%20Radanvarsi%20aluehankkeen%20kotisivuihin|target:%20_blank|&#8221;][\/vc_column][\/vc_row][vc_row][vc_column][vc_column_text] Pys\u00e4k\u00f6inti asema-alueella on muuttunut Senaatin Asema-alueet Oy keskitt\u00e4\u00e4 asema-alueen parkkipaikkojen vuokrauksen yhdelle taholle ja pys\u00e4k\u00f6intioperaattoriksi on valittu Finnpark Oy. Jatkossa alueella huomioidaan paremmin autoilijoiden pys\u00e4k\u00f6intitarpeet ja mahdollistetaan lyhyt- sek\u00e4 pitk\u00e4aikaiset sopimuspys\u00e4k\u00f6innit. Samalla yhten\u00e4istet\u00e4\u00e4n autopaikkojen vuokrat vastaamaan alueen yleist\u00e4 [&hellip;]\" \/>\n<meta property=\"og:url\" content=\"https:\/\/www.senaatti.fi\/asema-alueet\/lahti-asemakeskus\/\" \/>\n<meta property=\"og:site_name\" content=\"Asema-alueet\" \/>\n<meta property=\"article:modified_time\" content=\"2024-01-15T13:00:56+00:00\" \/>\n<meta name=\"twitter:card\" content=\"summary_large_image\" \/>\n<meta name=\"twitter:label1\" content=\"Arvioitu lukuaika\" \/>\n\t<meta name=\"twitter:data1\" content=\"1 minuutti\" \/>\n<script type=\"application\/ld+json\" class=\"yoast-schema-graph\">{\"@context\":\"https:\/\/schema.org\",\"@graph\":[{\"@type\":\"WebPage\",\"@id\":\"https:\/\/www.senaatti.fi\/asema-alueet\/lahti-asemakeskus\/\",\"url\":\"https:\/\/www.senaatti.fi\/asema-alueet\/lahti-asemakeskus\/\",\"name\":\"Lahti, asemakeskus - Asema-alueet\",\"isPartOf\":{\"@id\":\"https:\/\/www.senaatti.fi\/asema-alueet\/#website\"},\"datePublished\":\"2019-10-25T11:26:08+00:00\",\"dateModified\":\"2024-01-15T13:00:56+00:00\",\"breadcrumb\":{\"@id\":\"https:\/\/www.senaatti.fi\/asema-alueet\/lahti-asemakeskus\/#breadcrumb\"},\"inLanguage\":\"fi\",\"potentialAction\":[{\"@type\":\"ReadAction\",\"target\":[\"https:\/\/www.senaatti.fi\/asema-alueet\/lahti-asemakeskus\/\"]}]},{\"@type\":\"BreadcrumbList\",\"@id\":\"https:\/\/www.senaatti.fi\/asema-alueet\/lahti-asemakeskus\/#breadcrumb\",\"itemListElement\":[{\"@type\":\"ListItem\",\"position\":1,\"name\":\"Etusivu\",\"item\":\"https:\/\/www.senaatti.fi\/asema-alueet\/\"},{\"@type\":\"ListItem\",\"position\":2,\"name\":\"Lahti, asemakeskus\"}]},{\"@type\":\"WebSite\",\"@id\":\"https:\/\/www.senaatti.fi\/asema-alueet\/#website\",\"url\":\"https:\/\/www.senaatti.fi\/asema-alueet\/\",\"name\":\"Asema-alueet\",\"description\":\"Senaatin Asema-alueet\",\"potentialAction\":[{\"@type\":\"SearchAction\",\"target\":{\"@type\":\"EntryPoint\",\"urlTemplate\":\"https:\/\/www.senaatti.fi\/asema-alueet\/?s={search_term_string}\"},\"query-input\":{\"@type\":\"PropertyValueSpecification\",\"valueRequired\":true,\"valueName\":\"search_term_string\"}}],\"inLanguage\":\"fi\"}]}<\/script>\n<!-- \/ Yoast SEO plugin. -->","yoast_head_json":{"title":"Lahti, asemakeskus - Asema-alueet","robots":{"index":"noindex","follow":"follow","max-snippet":"max-snippet:-1","max-image-preview":"max-image-preview:large","max-video-preview":"max-video-preview:-1"},"og_locale":"fi_FI","og_type":"article","og_title":"Lahti, asemakeskus - Asema-alueet","og_description":"[vc_row][vc_column][senaatti_hero align=&#8221;right&#8221; heading=&#8221;Lahti&#8221; image=&#8221;916&#8243; text=&#8221;Senaatin Asema-alueet Oy:ll\u00e4 on kehitett\u00e4v\u00e4n\u00e4 Lahdessa asemarakennuksen l\u00e4nsipuolella sijaitseva vanha tavararatapihan alue.&#8221; btn=&#8221;url:https%3A%2F%2Fwww.lahti.fi%2Fpalvelut%2Faluehankkeet%2Fradanvarsi|title:Tutustu%20Lahden%20kaupungin%20Radanvarsi%20aluehankkeen%20kotisivuihin|target:%20_blank|&#8221;][\/vc_column][\/vc_row][vc_row][vc_column][vc_column_text] Pys\u00e4k\u00f6inti asema-alueella on muuttunut Senaatin Asema-alueet Oy keskitt\u00e4\u00e4 asema-alueen parkkipaikkojen vuokrauksen yhdelle taholle ja pys\u00e4k\u00f6intioperaattoriksi on valittu Finnpark Oy. Jatkossa alueella huomioidaan paremmin autoilijoiden pys\u00e4k\u00f6intitarpeet ja mahdollistetaan lyhyt- sek\u00e4 pitk\u00e4aikaiset sopimuspys\u00e4k\u00f6innit. Samalla yhten\u00e4istet\u00e4\u00e4n autopaikkojen vuokrat vastaamaan alueen yleist\u00e4 [&hellip;]","og_url":"https:\/\/www.senaatti.fi\/asema-alueet\/lahti-asemakeskus\/","og_site_name":"Asema-alueet","article_modified_time":"2024-01-15T13:00:56+00:00","twitter_card":"summary_large_image","twitter_misc":{"Arvioitu lukuaika":"1 minuutti"},"schema":{"@context":"https:\/\/schema.org","@graph":[{"@type":"WebPage","@id":"https:\/\/www.senaatti.fi\/asema-alueet\/lahti-asemakeskus\/","url":"https:\/\/www.senaatti.fi\/asema-alueet\/lahti-asemakeskus\/","name":"Lahti, asemakeskus - Asema-alueet","isPartOf":{"@id":"https:\/\/www.senaatti.fi\/asema-alueet\/#website"},"datePublished":"2019-10-25T11:26:08+00:00","dateModified":"2024-01-15T13:00:56+00:00","breadcrumb":{"@id":"https:\/\/www.senaatti.fi\/asema-alueet\/lahti-asemakeskus\/#breadcrumb"},"inLanguage":"fi","potentialAction":[{"@type":"ReadAction","target":["https:\/\/www.senaatti.fi\/asema-alueet\/lahti-asemakeskus\/"]}]},{"@type":"BreadcrumbList","@id":"https:\/\/www.senaatti.fi\/asema-alueet\/lahti-asemakeskus\/#breadcrumb","itemListElement":[{"@type":"ListItem","position":1,"name":"Etusivu","item":"https:\/\/www.senaatti.fi\/asema-alueet\/"},{"@type":"ListItem","position":2,"name":"Lahti, asemakeskus"}]},{"@type":"WebSite","@id":"https:\/\/www.senaatti.fi\/asema-alueet\/#website","url":"https:\/\/www.senaatti.fi\/asema-alueet\/","name":"Asema-alueet","description":"Senaatin Asema-alueet","potentialAction":[{"@type":"SearchAction","target":{"@type":"EntryPoint","urlTemplate":"https:\/\/www.senaatti.fi\/asema-alueet\/?s={search_term_string}"},"query-input":{"@type":"PropertyValueSpecification","valueRequired":true,"valueName":"search_term_string"}}],"inLanguage":"fi"}]}},"_links":{"self":[{"href":"https:\/\/testi-e2c55b704894.senaatti.fi\/asema-alueet\/wp-json\/wp\/v2\/pages\/213","targetHints":{"allow":["GET"]}}],"collection":[{"href":"https:\/\/testi-e2c55b704894.senaatti.fi\/asema-alueet\/wp-json\/wp\/v2\/pages"}],"about":[{"href":"https:\/\/testi-e2c55b704894.senaatti.fi\/asema-alueet\/wp-json\/wp\/v2\/types\/page"}],"author":[{"embeddable":true,"href":"https:\/\/testi-e2c55b704894.senaatti.fi\/asema-alueet\/wp-json\/wp\/v2\/users\/16"}],"replies":[{"embeddable":true,"href":"https:\/\/testi-e2c55b704894.senaatti.fi\/asema-alueet\/wp-json\/wp\/v2\/comments?post=213"}],"version-history":[{"count":10,"href":"https:\/\/testi-e2c55b704894.senaatti.fi\/asema-alueet\/wp-json\/wp\/v2\/pages\/213\/revisions"}],"predecessor-version":[{"id":1764,"href":"https:\/\/testi-e2c55b704894.senaatti.fi\/asema-alueet\/wp-json\/wp\/v2\/pages\/213\/revisions\/1764"}],"wp:attachment":[{"href":"https:\/\/testi-e2c55b704894.senaatti.fi\/asema-alueet\/wp-json\/wp\/v2\/media?parent=213"}],"curies":[{"name":"wp","href":"https:\/\/api.w.org\/{rel}","templated":true}]}}