{"id":215,"date":"2019-02-21T06:02:10","date_gmt":"2019-02-21T06:02:10","guid":{"rendered":"https:\/\/testi-e2c55b704894.senaatti.fi\/asema-alueet\/?page_id=215"},"modified":"2019-09-26T10:11:34","modified_gmt":"2019-09-26T10:11:34","slug":"kirkkonummi","status":"publish","type":"page","link":"https:\/\/testi-e2c55b704894.senaatti.fi\/asema-alueet\/kirkkonummi\/","title":{"rendered":"Kirkkonummi"},"content":{"rendered":"<div class=\"wpb-content-wrapper\"><p>[vc_row][vc_column][senaatti_hero heading=&#8221;Kirkkonummi, Munkinm\u00e4enpuisto&#8221; text=&#8221;Asema-alueen etel\u00e4puolella, keskustan v\u00e4litt\u00f6m\u00e4ss\u00e4 l\u00e4heisyydess\u00e4 sijaitseva Munkinm\u00e4enpuisto tarjoaa hyvi\u00e4 kehitysmahdollisuuksia.&#8221; image=&#8221;867&#8243;][\/vc_column][\/vc_row][vc_row][vc_column][vc_column_text]Matkakeskuksen l\u00e4heisyydess\u00e4 sijaitsevan alueen maank\u00e4ytt\u00f6 on perusteltua muuttaa ensisijaisesti asumiseen ja keskeisen sijaintinsa ansiosta alueen rakentamisen volyymin on oltava riitt\u00e4v\u00e4n tehokasta. Maanomistajien yhteisty\u00f6n\u00e4 laaditaan vaihtoehtoiset ideasuunnitelmat kaavoituksen l\u00e4ht\u00f6tiedoiksi.<\/p>\n<p>Matkakeskuksen etel\u00e4puoleiseen kortteliin on rakennettu liitynt\u00e4pys\u00e4k\u00f6intialue ja lis\u00e4ksi siell\u00e4 toimii p\u00e4ivitt\u00e4istavarakauppa. Alue on joukkoliikenteelle merkitt\u00e4v\u00e4 vaihtopaikka Kirkkonummella.[\/vc_column_text][\/vc_column][\/vc_row][vc_row][vc_column][senaatti_directions heading=&#8221;Sijainti ja l\u00e4hiymp\u00e4rist\u00f6&#8221; address=&#8221;Asemankaari 15, 02400 Kirkkonummi&#8221;]Suomen etel\u00e4rannikolla sijaitseva monipuolinen kunta, joka on osa Helsingin seutua. Asema-alue sijoittuu Kirkkonummen keskustaan palveluiden l\u00e4heisyyteen. Matka Helsingin keskustaan joukkoliikennett\u00e4 k\u00e4ytt\u00e4en kest\u00e4\u00e4 n. 30-45 minuuttia.<\/p>\n<p>&nbsp;<\/p>\n<p>L\u00e4hiet\u00e4isyydell\u00e4:<\/p>\n<ul>\n<li>Ostoskeskus Kirsikka 290 m<\/li>\n<li>Kirkkonummen kunnantalo 400 m<\/li>\n<li>Peuramaa Golf 6,5 km<\/li>\n<li>Espoo 20 km<\/li>\n<li>Helsinki 30 km<\/li>\n<\/ul>\n<p>[\/senaatti_directions][\/vc_column][\/vc_row][vc_row][vc_column][senaatti_loop_contacts heading=&#8221;Yhteystiedot&#8221; contacts=&#8221;20307&#8243;][\/vc_column][\/vc_row]<\/p>\n<\/div>","protected":false},"excerpt":{"rendered":"<p>[vc_row][vc_column][senaatti_hero heading=&#8221;Kirkkonummi, Munkinm\u00e4enpuisto&#8221; text=&#8221;Asema-alueen etel\u00e4puolella, keskustan v\u00e4litt\u00f6m\u00e4ss\u00e4 l\u00e4heisyydess\u00e4 sijaitseva Munkinm\u00e4enpuisto tarjoaa hyvi\u00e4 kehitysmahdollisuuksia.&#8221; image=&#8221;867&#8243;][\/vc_column][\/vc_row][vc_row][vc_column][vc_column_text]Matkakeskuksen l\u00e4heisyydess\u00e4 sijaitsevan alueen maank\u00e4ytt\u00f6 on perusteltua muuttaa ensisijaisesti asumiseen ja keskeisen sijaintinsa ansiosta alueen rakentamisen volyymin on oltava riitt\u00e4v\u00e4n tehokasta. Maanomistajien yhteisty\u00f6n\u00e4 laaditaan vaihtoehtoiset ideasuunnitelmat kaavoituksen l\u00e4ht\u00f6tiedoiksi. Matkakeskuksen etel\u00e4puoleiseen kortteliin on rakennettu liitynt\u00e4pys\u00e4k\u00f6intialue ja lis\u00e4ksi siell\u00e4 toimii p\u00e4ivitt\u00e4istavarakauppa. Alue on joukkoliikenteelle [&hellip;]<\/p>\n","protected":false},"author":16,"featured_media":0,"parent":0,"menu_order":0,"comment_status":"closed","ping_status":"closed","template":"","meta":{"_acf_changed":false,"_exactmetrics_skip_tracking":false,"_exactmetrics_sitenote_active":false,"_exactmetrics_sitenote_note":"","_exactmetrics_sitenote_category":0,"footnotes":""},"class_list":["post-215","page","type-page","status-publish","hentry"],"acf":[],"yoast_head":"<!-- This site is optimized with the Yoast SEO plugin v23.9 - https:\/\/yoast.com\/wordpress\/plugins\/seo\/ -->\n<title>Kirkkonummi - Asema-alueet<\/title>\n<meta name=\"robots\" content=\"noindex, follow, max-snippet:-1, max-image-preview:large, max-video-preview:-1\" \/>\n<meta property=\"og:locale\" content=\"fi_FI\" \/>\n<meta property=\"og:type\" content=\"article\" \/>\n<meta property=\"og:title\" content=\"Kirkkonummi - Asema-alueet\" \/>\n<meta property=\"og:description\" content=\"[vc_row][vc_column][senaatti_hero heading=&#8221;Kirkkonummi, Munkinm\u00e4enpuisto&#8221; text=&#8221;Asema-alueen etel\u00e4puolella, keskustan v\u00e4litt\u00f6m\u00e4ss\u00e4 l\u00e4heisyydess\u00e4 sijaitseva Munkinm\u00e4enpuisto tarjoaa hyvi\u00e4 kehitysmahdollisuuksia.&#8221; image=&#8221;867&#8243;][\/vc_column][\/vc_row][vc_row][vc_column][vc_column_text]Matkakeskuksen l\u00e4heisyydess\u00e4 sijaitsevan alueen maank\u00e4ytt\u00f6 on perusteltua muuttaa ensisijaisesti asumiseen ja keskeisen sijaintinsa ansiosta alueen rakentamisen volyymin on oltava riitt\u00e4v\u00e4n tehokasta. Maanomistajien yhteisty\u00f6n\u00e4 laaditaan vaihtoehtoiset ideasuunnitelmat kaavoituksen l\u00e4ht\u00f6tiedoiksi. Matkakeskuksen etel\u00e4puoleiseen kortteliin on rakennettu liitynt\u00e4pys\u00e4k\u00f6intialue ja lis\u00e4ksi siell\u00e4 toimii p\u00e4ivitt\u00e4istavarakauppa. Alue on joukkoliikenteelle [&hellip;]\" \/>\n<meta property=\"og:url\" content=\"https:\/\/www.senaatti.fi\/asema-alueet\/kirkkonummi\/\" \/>\n<meta property=\"og:site_name\" content=\"Asema-alueet\" \/>\n<meta property=\"article:modified_time\" content=\"2019-09-26T10:11:34+00:00\" \/>\n<meta name=\"twitter:card\" content=\"summary_large_image\" \/>\n<meta name=\"twitter:label1\" content=\"Arvioitu lukuaika\" \/>\n\t<meta name=\"twitter:data1\" content=\"1 minuutti\" \/>\n<script type=\"application\/ld+json\" class=\"yoast-schema-graph\">{\"@context\":\"https:\/\/schema.org\",\"@graph\":[{\"@type\":\"WebPage\",\"@id\":\"https:\/\/www.senaatti.fi\/asema-alueet\/kirkkonummi\/\",\"url\":\"https:\/\/www.senaatti.fi\/asema-alueet\/kirkkonummi\/\",\"name\":\"Kirkkonummi - Asema-alueet\",\"isPartOf\":{\"@id\":\"https:\/\/www.senaatti.fi\/asema-alueet\/#website\"},\"datePublished\":\"2019-02-21T06:02:10+00:00\",\"dateModified\":\"2019-09-26T10:11:34+00:00\",\"breadcrumb\":{\"@id\":\"https:\/\/www.senaatti.fi\/asema-alueet\/kirkkonummi\/#breadcrumb\"},\"inLanguage\":\"fi\",\"potentialAction\":[{\"@type\":\"ReadAction\",\"target\":[\"https:\/\/www.senaatti.fi\/asema-alueet\/kirkkonummi\/\"]}]},{\"@type\":\"BreadcrumbList\",\"@id\":\"https:\/\/www.senaatti.fi\/asema-alueet\/kirkkonummi\/#breadcrumb\",\"itemListElement\":[{\"@type\":\"ListItem\",\"position\":1,\"name\":\"Etusivu\",\"item\":\"https:\/\/www.senaatti.fi\/asema-alueet\/\"},{\"@type\":\"ListItem\",\"position\":2,\"name\":\"Kirkkonummi\"}]},{\"@type\":\"WebSite\",\"@id\":\"https:\/\/www.senaatti.fi\/asema-alueet\/#website\",\"url\":\"https:\/\/www.senaatti.fi\/asema-alueet\/\",\"name\":\"Asema-alueet\",\"description\":\"Senaatin Asema-alueet\",\"potentialAction\":[{\"@type\":\"SearchAction\",\"target\":{\"@type\":\"EntryPoint\",\"urlTemplate\":\"https:\/\/www.senaatti.fi\/asema-alueet\/?s={search_term_string}\"},\"query-input\":{\"@type\":\"PropertyValueSpecification\",\"valueRequired\":true,\"valueName\":\"search_term_string\"}}],\"inLanguage\":\"fi\"}]}<\/script>\n<!-- \/ Yoast SEO plugin. -->","yoast_head_json":{"title":"Kirkkonummi - Asema-alueet","robots":{"index":"noindex","follow":"follow","max-snippet":"max-snippet:-1","max-image-preview":"max-image-preview:large","max-video-preview":"max-video-preview:-1"},"og_locale":"fi_FI","og_type":"article","og_title":"Kirkkonummi - Asema-alueet","og_description":"[vc_row][vc_column][senaatti_hero heading=&#8221;Kirkkonummi, Munkinm\u00e4enpuisto&#8221; text=&#8221;Asema-alueen etel\u00e4puolella, keskustan v\u00e4litt\u00f6m\u00e4ss\u00e4 l\u00e4heisyydess\u00e4 sijaitseva Munkinm\u00e4enpuisto tarjoaa hyvi\u00e4 kehitysmahdollisuuksia.&#8221; image=&#8221;867&#8243;][\/vc_column][\/vc_row][vc_row][vc_column][vc_column_text]Matkakeskuksen l\u00e4heisyydess\u00e4 sijaitsevan alueen maank\u00e4ytt\u00f6 on perusteltua muuttaa ensisijaisesti asumiseen ja keskeisen sijaintinsa ansiosta alueen rakentamisen volyymin on oltava riitt\u00e4v\u00e4n tehokasta. Maanomistajien yhteisty\u00f6n\u00e4 laaditaan vaihtoehtoiset ideasuunnitelmat kaavoituksen l\u00e4ht\u00f6tiedoiksi. Matkakeskuksen etel\u00e4puoleiseen kortteliin on rakennettu liitynt\u00e4pys\u00e4k\u00f6intialue ja lis\u00e4ksi siell\u00e4 toimii p\u00e4ivitt\u00e4istavarakauppa. Alue on joukkoliikenteelle [&hellip;]","og_url":"https:\/\/www.senaatti.fi\/asema-alueet\/kirkkonummi\/","og_site_name":"Asema-alueet","article_modified_time":"2019-09-26T10:11:34+00:00","twitter_card":"summary_large_image","twitter_misc":{"Arvioitu lukuaika":"1 minuutti"},"schema":{"@context":"https:\/\/schema.org","@graph":[{"@type":"WebPage","@id":"https:\/\/www.senaatti.fi\/asema-alueet\/kirkkonummi\/","url":"https:\/\/www.senaatti.fi\/asema-alueet\/kirkkonummi\/","name":"Kirkkonummi - Asema-alueet","isPartOf":{"@id":"https:\/\/www.senaatti.fi\/asema-alueet\/#website"},"datePublished":"2019-02-21T06:02:10+00:00","dateModified":"2019-09-26T10:11:34+00:00","breadcrumb":{"@id":"https:\/\/www.senaatti.fi\/asema-alueet\/kirkkonummi\/#breadcrumb"},"inLanguage":"fi","potentialAction":[{"@type":"ReadAction","target":["https:\/\/www.senaatti.fi\/asema-alueet\/kirkkonummi\/"]}]},{"@type":"BreadcrumbList","@id":"https:\/\/www.senaatti.fi\/asema-alueet\/kirkkonummi\/#breadcrumb","itemListElement":[{"@type":"ListItem","position":1,"name":"Etusivu","item":"https:\/\/www.senaatti.fi\/asema-alueet\/"},{"@type":"ListItem","position":2,"name":"Kirkkonummi"}]},{"@type":"WebSite","@id":"https:\/\/www.senaatti.fi\/asema-alueet\/#website","url":"https:\/\/www.senaatti.fi\/asema-alueet\/","name":"Asema-alueet","description":"Senaatin Asema-alueet","potentialAction":[{"@type":"SearchAction","target":{"@type":"EntryPoint","urlTemplate":"https:\/\/www.senaatti.fi\/asema-alueet\/?s={search_term_string}"},"query-input":{"@type":"PropertyValueSpecification","valueRequired":true,"valueName":"search_term_string"}}],"inLanguage":"fi"}]}},"_links":{"self":[{"href":"https:\/\/testi-e2c55b704894.senaatti.fi\/asema-alueet\/wp-json\/wp\/v2\/pages\/215","targetHints":{"allow":["GET"]}}],"collection":[{"href":"https:\/\/testi-e2c55b704894.senaatti.fi\/asema-alueet\/wp-json\/wp\/v2\/pages"}],"about":[{"href":"https:\/\/testi-e2c55b704894.senaatti.fi\/asema-alueet\/wp-json\/wp\/v2\/types\/page"}],"author":[{"embeddable":true,"href":"https:\/\/testi-e2c55b704894.senaatti.fi\/asema-alueet\/wp-json\/wp\/v2\/users\/16"}],"replies":[{"embeddable":true,"href":"https:\/\/testi-e2c55b704894.senaatti.fi\/asema-alueet\/wp-json\/wp\/v2\/comments?post=215"}],"version-history":[{"count":10,"href":"https:\/\/testi-e2c55b704894.senaatti.fi\/asema-alueet\/wp-json\/wp\/v2\/pages\/215\/revisions"}],"predecessor-version":[{"id":870,"href":"https:\/\/testi-e2c55b704894.senaatti.fi\/asema-alueet\/wp-json\/wp\/v2\/pages\/215\/revisions\/870"}],"wp:attachment":[{"href":"https:\/\/testi-e2c55b704894.senaatti.fi\/asema-alueet\/wp-json\/wp\/v2\/media?parent=215"}],"curies":[{"name":"wp","href":"https:\/\/api.w.org\/{rel}","templated":true}]}}