{"id":247,"date":"2019-02-21T06:02:05","date_gmt":"2019-02-21T06:02:05","guid":{"rendered":"https:\/\/testi-e2c55b704894.senaatti.fi\/asema-alueet\/?page_id=247"},"modified":"2022-08-18T08:41:08","modified_gmt":"2022-08-18T08:41:08","slug":"kotka-satamakadun-makasiinialue","status":"publish","type":"page","link":"https:\/\/testi-e2c55b704894.senaatti.fi\/asema-alueet\/kotka-satamakadun-makasiinialue\/","title":{"rendered":"Kotka"},"content":{"rendered":"<div class=\"wpb-content-wrapper\"><p>[vc_row][vc_column][senaatti_hero heading=&#8221;Kotka, Uusi Satamakadun makasiinialue&#8221; text=&#8221;Palotorninvuoren ja Kotkantien sillan v\u00e4liselle alueelle halutaan muodostaa tulevaisuudessa uusia korttelialueita. Bulevardimaiseksi sis\u00e4\u00e4ntulotieksi kehittyv\u00e4 Satamakatu luo kehitt\u00e4miselle uusia mahdollisuuksia asumisen, palveluiden, kaupan ja ty\u00f6paikkojen alueena.&#8221; image=&#8221;856&#8243; btn=&#8221;url:https%3A%2F%2Fwww.kotka.fi%2Fasuminen-ja-ymparisto%2Fkaupunkisuunnittelu-ja-kaavoitus%2Fasemakaavat%2Fkotkansaaren-sisaantulotie%2F|title:Seuraa%20sis%C3%A4%C3%A4ntulotien%20asemakaavoituksen%20etenemist%C3%A4|target:%20_blank|&#8221;][\/vc_column][\/vc_row][vc_row][vc_column][senaatti_feature align=&#8221;right&#8221; background_color=&#8221;senaatti-konserni-green-25&#8243; heading=&#8221;Nyt myynniss\u00e4 asuinkerrostalokortteli&#8221; text=&#8221;Senaatin Asema-alueet Oy myy neuvottelutarjousten perusteella Kotkansaaressa sijaitsevan n. 4400 m2:n rakentamattoman m\u00e4\u00e4r\u00e4alan tulevasta asuin-, liike- ja toimistorakennusten korttelialueesta. Ostaja voi tarjota korttelista my\u00f6s yksitt\u00e4isi\u00e4 tontteja.&#8221; image=&#8221;1213&#8243; btn=&#8221;url:https%3A%2F%2Ftesti-e2c55b704894.senaatti.fi%2Fmyynnissa%2Ftila%2Fkotka-asuinkerrostalokortteli%2F|title:Lue%20lis%C3%A4%C3%A4%20kohteen%20myynti-ilmoituksesta&#8221;][\/senaatti_feature][\/vc_column][\/vc_row][vc_row][vc_column][vc_column_text]Kotkan keskusta uudistuu ja t\u00e4ydentyy uusilla rakentamisen paikoilla, jotka mahdollistavat elinvoimaisen keskustan sek\u00e4 merellisi\u00e4 asuinpaikkoja. Nykyinen Satamakatu on kaupungin l\u00e4pi kulkeva p\u00e4\u00e4katu, joka johtaa Kotkan Kantasatamaan. Kotkansaaren sis\u00e4\u00e4ntuloteiden yleissuunnitelman mukaisesti Satamakatu linjataan uudelleen ydinkeskustan pohjoispuolelle radan varrelle. Uuden Satamakadun kautta tulee tulevaisuudessa kulkemaan merkitt\u00e4v\u00e4 osa Kotkansaarelle tulevasta liikenteest\u00e4.<\/p>\n<p>Muuttuneen sis\u00e4\u00e4ntulotien my\u00f6t\u00e4 muodostuu uuden ja vanhan Satamakadun v\u00e4liin uusia rakennettavia alueita. Suunnittelualue on p\u00e4\u00e4osin vanhaa rata-aluetta, jolla on ollut my\u00f6s makasiinirakennuksia. Korttelialue on n\u00e4kyv\u00e4ll\u00e4 paikalla Kotkan keskustan alueella, joka on yhteydess\u00e4 meren rantaan. Satamakadun kehitt\u00e4misen my\u00f6t\u00e4 my\u00f6s l\u00e4hist\u00f6ll\u00e4 olevien laituri- ja virkistysalueiden sek\u00e4 palveluiden merkitys kasvaa.[\/vc_column_text][\/vc_column][\/vc_row][vc_row][vc_column][senaatti_directions heading=&#8221;Sijainti ja l\u00e4hiymp\u00e4rist\u00f6&#8221; address=&#8221;Satamakatu 2 48100 Kotka&#8221;]Satamakadun kehitett\u00e4v\u00e4 alue sijaitsee Kotkan keskustan alueella merenrannan l\u00e4heisyydess\u00e4. Kaikki keskustan palvelut ovat k\u00e4velyet\u00e4isyydell\u00e4.<\/p>\n<p>&nbsp;<\/p>\n<p>L\u00e4hiymp\u00e4rist\u00f6ss\u00e4:<\/p>\n<ul>\n<li>Kotkan kirkko ja p\u00e4\u00e4kirjasto 200 m<\/li>\n<li>Kauppakeskus Pasaati 650 m<\/li>\n<li>Kaupungintalo 800 m<\/li>\n<li>Kotkan satama 650 m<\/li>\n<li>Isopuisto 800 m<\/li>\n<li>Merikeskus Vellamo ja Suomen marihistoriallinen museo 900 m<\/li>\n<\/ul>\n<p>[\/senaatti_directions][\/vc_column][\/vc_row][vc_row][vc_column][senaatti_loop_contacts heading=&#8221;Yhteystiedot&#8221; contacts=&#8221;52858&#8243;][\/vc_column][\/vc_row]<\/p>\n<\/div>","protected":false},"excerpt":{"rendered":"<p>[vc_row][vc_column][senaatti_hero heading=&#8221;Kotka, Uusi Satamakadun makasiinialue&#8221; text=&#8221;Palotorninvuoren ja Kotkantien sillan v\u00e4liselle alueelle halutaan muodostaa tulevaisuudessa uusia korttelialueita. Bulevardimaiseksi sis\u00e4\u00e4ntulotieksi kehittyv\u00e4 Satamakatu luo kehitt\u00e4miselle uusia mahdollisuuksia asumisen, palveluiden, kaupan ja ty\u00f6paikkojen alueena.&#8221; image=&#8221;856&#8243; btn=&#8221;url:https%3A%2F%2Fwww.kotka.fi%2Fasuminen-ja-ymparisto%2Fkaupunkisuunnittelu-ja-kaavoitus%2Fasemakaavat%2Fkotkansaaren-sisaantulotie%2F|title:Seuraa%20sis%C3%A4%C3%A4ntulotien%20asemakaavoituksen%20etenemist%C3%A4|target:%20_blank|&#8221;][\/vc_column][\/vc_row][vc_row][vc_column][senaatti_feature align=&#8221;right&#8221; background_color=&#8221;senaatti-konserni-green-25&#8243; heading=&#8221;Nyt myynniss\u00e4 asuinkerrostalokortteli&#8221; text=&#8221;Senaatin Asema-alueet Oy myy neuvottelutarjousten perusteella Kotkansaaressa sijaitsevan n. 4400 m2:n rakentamattoman m\u00e4\u00e4r\u00e4alan tulevasta asuin-, liike- ja toimistorakennusten [&hellip;]<\/p>\n","protected":false},"author":16,"featured_media":0,"parent":0,"menu_order":0,"comment_status":"closed","ping_status":"closed","template":"","meta":{"_acf_changed":false,"_exactmetrics_skip_tracking":false,"_exactmetrics_sitenote_active":false,"_exactmetrics_sitenote_note":"","_exactmetrics_sitenote_category":0,"footnotes":""},"class_list":["post-247","page","type-page","status-publish","hentry"],"acf":[],"yoast_head":"<!-- This site is optimized with the Yoast SEO plugin v23.9 - https:\/\/yoast.com\/wordpress\/plugins\/seo\/ -->\n<title>Kotka - Asema-alueet<\/title>\n<meta name=\"robots\" content=\"noindex, follow, max-snippet:-1, max-image-preview:large, max-video-preview:-1\" \/>\n<meta property=\"og:locale\" content=\"fi_FI\" \/>\n<meta property=\"og:type\" content=\"article\" \/>\n<meta property=\"og:title\" content=\"Kotka - Asema-alueet\" \/>\n<meta property=\"og:description\" content=\"[vc_row][vc_column][senaatti_hero heading=&#8221;Kotka, Uusi Satamakadun makasiinialue&#8221; text=&#8221;Palotorninvuoren ja Kotkantien sillan v\u00e4liselle alueelle halutaan muodostaa tulevaisuudessa uusia korttelialueita. Bulevardimaiseksi sis\u00e4\u00e4ntulotieksi kehittyv\u00e4 Satamakatu luo kehitt\u00e4miselle uusia mahdollisuuksia asumisen, palveluiden, kaupan ja ty\u00f6paikkojen alueena.&#8221; image=&#8221;856&#8243; btn=&#8221;url:https%3A%2F%2Fwww.kotka.fi%2Fasuminen-ja-ymparisto%2Fkaupunkisuunnittelu-ja-kaavoitus%2Fasemakaavat%2Fkotkansaaren-sisaantulotie%2F|title:Seuraa%20sis%C3%A4%C3%A4ntulotien%20asemakaavoituksen%20etenemist%C3%A4|target:%20_blank|&#8221;][\/vc_column][\/vc_row][vc_row][vc_column][senaatti_feature align=&#8221;right&#8221; background_color=&#8221;senaatti-konserni-green-25&#8243; heading=&#8221;Nyt myynniss\u00e4 asuinkerrostalokortteli&#8221; text=&#8221;Senaatin Asema-alueet Oy myy neuvottelutarjousten perusteella Kotkansaaressa sijaitsevan n. 4400 m2:n rakentamattoman m\u00e4\u00e4r\u00e4alan tulevasta asuin-, liike- ja toimistorakennusten [&hellip;]\" \/>\n<meta property=\"og:url\" content=\"https:\/\/www.senaatti.fi\/asema-alueet\/kotka-satamakadun-makasiinialue\/\" \/>\n<meta property=\"og:site_name\" content=\"Asema-alueet\" \/>\n<meta property=\"article:modified_time\" content=\"2022-08-18T08:41:08+00:00\" \/>\n<meta name=\"twitter:card\" content=\"summary_large_image\" \/>\n<meta name=\"twitter:label1\" content=\"Arvioitu lukuaika\" \/>\n\t<meta name=\"twitter:data1\" content=\"2 minuuttia\" \/>\n<script type=\"application\/ld+json\" class=\"yoast-schema-graph\">{\"@context\":\"https:\/\/schema.org\",\"@graph\":[{\"@type\":\"WebPage\",\"@id\":\"https:\/\/www.senaatti.fi\/asema-alueet\/kotka-satamakadun-makasiinialue\/\",\"url\":\"https:\/\/www.senaatti.fi\/asema-alueet\/kotka-satamakadun-makasiinialue\/\",\"name\":\"Kotka - Asema-alueet\",\"isPartOf\":{\"@id\":\"https:\/\/www.senaatti.fi\/asema-alueet\/#website\"},\"datePublished\":\"2019-02-21T06:02:05+00:00\",\"dateModified\":\"2022-08-18T08:41:08+00:00\",\"breadcrumb\":{\"@id\":\"https:\/\/www.senaatti.fi\/asema-alueet\/kotka-satamakadun-makasiinialue\/#breadcrumb\"},\"inLanguage\":\"fi\",\"potentialAction\":[{\"@type\":\"ReadAction\",\"target\":[\"https:\/\/www.senaatti.fi\/asema-alueet\/kotka-satamakadun-makasiinialue\/\"]}]},{\"@type\":\"BreadcrumbList\",\"@id\":\"https:\/\/www.senaatti.fi\/asema-alueet\/kotka-satamakadun-makasiinialue\/#breadcrumb\",\"itemListElement\":[{\"@type\":\"ListItem\",\"position\":1,\"name\":\"Etusivu\",\"item\":\"https:\/\/www.senaatti.fi\/asema-alueet\/\"},{\"@type\":\"ListItem\",\"position\":2,\"name\":\"Kotka\"}]},{\"@type\":\"WebSite\",\"@id\":\"https:\/\/www.senaatti.fi\/asema-alueet\/#website\",\"url\":\"https:\/\/www.senaatti.fi\/asema-alueet\/\",\"name\":\"Asema-alueet\",\"description\":\"Senaatin Asema-alueet\",\"potentialAction\":[{\"@type\":\"SearchAction\",\"target\":{\"@type\":\"EntryPoint\",\"urlTemplate\":\"https:\/\/www.senaatti.fi\/asema-alueet\/?s={search_term_string}\"},\"query-input\":{\"@type\":\"PropertyValueSpecification\",\"valueRequired\":true,\"valueName\":\"search_term_string\"}}],\"inLanguage\":\"fi\"}]}<\/script>\n<!-- \/ Yoast SEO plugin. -->","yoast_head_json":{"title":"Kotka - Asema-alueet","robots":{"index":"noindex","follow":"follow","max-snippet":"max-snippet:-1","max-image-preview":"max-image-preview:large","max-video-preview":"max-video-preview:-1"},"og_locale":"fi_FI","og_type":"article","og_title":"Kotka - Asema-alueet","og_description":"[vc_row][vc_column][senaatti_hero heading=&#8221;Kotka, Uusi Satamakadun makasiinialue&#8221; text=&#8221;Palotorninvuoren ja Kotkantien sillan v\u00e4liselle alueelle halutaan muodostaa tulevaisuudessa uusia korttelialueita. Bulevardimaiseksi sis\u00e4\u00e4ntulotieksi kehittyv\u00e4 Satamakatu luo kehitt\u00e4miselle uusia mahdollisuuksia asumisen, palveluiden, kaupan ja ty\u00f6paikkojen alueena.&#8221; image=&#8221;856&#8243; btn=&#8221;url:https%3A%2F%2Fwww.kotka.fi%2Fasuminen-ja-ymparisto%2Fkaupunkisuunnittelu-ja-kaavoitus%2Fasemakaavat%2Fkotkansaaren-sisaantulotie%2F|title:Seuraa%20sis%C3%A4%C3%A4ntulotien%20asemakaavoituksen%20etenemist%C3%A4|target:%20_blank|&#8221;][\/vc_column][\/vc_row][vc_row][vc_column][senaatti_feature align=&#8221;right&#8221; background_color=&#8221;senaatti-konserni-green-25&#8243; heading=&#8221;Nyt myynniss\u00e4 asuinkerrostalokortteli&#8221; text=&#8221;Senaatin Asema-alueet Oy myy neuvottelutarjousten perusteella Kotkansaaressa sijaitsevan n. 4400 m2:n rakentamattoman m\u00e4\u00e4r\u00e4alan tulevasta asuin-, liike- ja toimistorakennusten [&hellip;]","og_url":"https:\/\/www.senaatti.fi\/asema-alueet\/kotka-satamakadun-makasiinialue\/","og_site_name":"Asema-alueet","article_modified_time":"2022-08-18T08:41:08+00:00","twitter_card":"summary_large_image","twitter_misc":{"Arvioitu lukuaika":"2 minuuttia"},"schema":{"@context":"https:\/\/schema.org","@graph":[{"@type":"WebPage","@id":"https:\/\/www.senaatti.fi\/asema-alueet\/kotka-satamakadun-makasiinialue\/","url":"https:\/\/www.senaatti.fi\/asema-alueet\/kotka-satamakadun-makasiinialue\/","name":"Kotka - Asema-alueet","isPartOf":{"@id":"https:\/\/www.senaatti.fi\/asema-alueet\/#website"},"datePublished":"2019-02-21T06:02:05+00:00","dateModified":"2022-08-18T08:41:08+00:00","breadcrumb":{"@id":"https:\/\/www.senaatti.fi\/asema-alueet\/kotka-satamakadun-makasiinialue\/#breadcrumb"},"inLanguage":"fi","potentialAction":[{"@type":"ReadAction","target":["https:\/\/www.senaatti.fi\/asema-alueet\/kotka-satamakadun-makasiinialue\/"]}]},{"@type":"BreadcrumbList","@id":"https:\/\/www.senaatti.fi\/asema-alueet\/kotka-satamakadun-makasiinialue\/#breadcrumb","itemListElement":[{"@type":"ListItem","position":1,"name":"Etusivu","item":"https:\/\/www.senaatti.fi\/asema-alueet\/"},{"@type":"ListItem","position":2,"name":"Kotka"}]},{"@type":"WebSite","@id":"https:\/\/www.senaatti.fi\/asema-alueet\/#website","url":"https:\/\/www.senaatti.fi\/asema-alueet\/","name":"Asema-alueet","description":"Senaatin Asema-alueet","potentialAction":[{"@type":"SearchAction","target":{"@type":"EntryPoint","urlTemplate":"https:\/\/www.senaatti.fi\/asema-alueet\/?s={search_term_string}"},"query-input":{"@type":"PropertyValueSpecification","valueRequired":true,"valueName":"search_term_string"}}],"inLanguage":"fi"}]}},"_links":{"self":[{"href":"https:\/\/testi-e2c55b704894.senaatti.fi\/asema-alueet\/wp-json\/wp\/v2\/pages\/247","targetHints":{"allow":["GET"]}}],"collection":[{"href":"https:\/\/testi-e2c55b704894.senaatti.fi\/asema-alueet\/wp-json\/wp\/v2\/pages"}],"about":[{"href":"https:\/\/testi-e2c55b704894.senaatti.fi\/asema-alueet\/wp-json\/wp\/v2\/types\/page"}],"author":[{"embeddable":true,"href":"https:\/\/testi-e2c55b704894.senaatti.fi\/asema-alueet\/wp-json\/wp\/v2\/users\/16"}],"replies":[{"embeddable":true,"href":"https:\/\/testi-e2c55b704894.senaatti.fi\/asema-alueet\/wp-json\/wp\/v2\/comments?post=247"}],"version-history":[{"count":10,"href":"https:\/\/testi-e2c55b704894.senaatti.fi\/asema-alueet\/wp-json\/wp\/v2\/pages\/247\/revisions"}],"predecessor-version":[{"id":1574,"href":"https:\/\/testi-e2c55b704894.senaatti.fi\/asema-alueet\/wp-json\/wp\/v2\/pages\/247\/revisions\/1574"}],"wp:attachment":[{"href":"https:\/\/testi-e2c55b704894.senaatti.fi\/asema-alueet\/wp-json\/wp\/v2\/media?parent=247"}],"curies":[{"name":"wp","href":"https:\/\/api.w.org\/{rel}","templated":true}]}}