{"id":389,"date":"2019-04-24T10:26:03","date_gmt":"2019-04-24T10:26:03","guid":{"rendered":"https:\/\/testi-e2c55b704894.senaatti.fi\/asema-alueet\/?page_id=389"},"modified":"2023-06-06T09:05:53","modified_gmt":"2023-06-06T09:05:53","slug":"laskutusohjeet","status":"publish","type":"page","link":"https:\/\/testi-e2c55b704894.senaatti.fi\/asema-alueet\/laskutusohjeet\/","title":{"rendered":"Laskutusohjeet"},"content":{"rendered":"<div class=\"wpb-content-wrapper\"><p>[vc_row][vc_column][senaatti_hero heading=&#8221;Hankinta- ja laskutusohjeet&#8221; image=&#8221;1704&#8243; text=&#8221;Senaatin Asema-alueet Oy k\u00e4sittelee ostolaskut s\u00e4hk\u00f6isesti. K\u00e4yt\u00e4mme Senaatti-kiinteist\u00f6jen hallinnoimaa s\u00e4hk\u00f6ist\u00e4 laskujen ja tilausten k\u00e4sittelyj\u00e4rjestelm\u00e4\u00e4 Handia. Lasku tulee tehd\u00e4 laskutusohjeemme mukaisesti.&#8221; btn=&#8221;url:https%3A%2F%2Ftesti-e2c55b704894.senaatti.fi%2Fapp%2Fuploads%2Fsites%2F6%2F2023%2F04%2FLaskutusohje_Senaatti-kiinteistot-ja-Senaatin-Asema-alueet-Oy_03042023.pdf|title:Laskutusohje%20(pdf)|target:_blank&#8221; btn_2=&#8221;url:https%3A%2F%2Ftesti-e2c55b704894.senaatti.fi%2Fapp%2Fuploads%2Fsites%2F6%2F2023%2F04%2FFaktureringsanvisning_Senatfastigheter-och-Senatstationfastigheter-Ab_03042023.pdf|title:Faktureringsanvisning%20(pdf)|target:_blank&#8221;][\/vc_column][\/vc_row][vc_row][vc_column][vc_column_text remove_empty_space_above=&#8221;true&#8221;]<\/p>\n<h2>Huomioitavaa laskutuksessa<\/h2>\n<p>K\u00e4sittelemme ostolaskut s\u00e4hk\u00f6isesti ja panostamme aktiivisesti vastaanotettujen verkkolaskum\u00e4\u00e4rien kasvattamiseen. Kannustamme yhteisty\u00f6kumppaneitamme siirtym\u00e4\u00e4n verkkolaskutukseen. Tavaran ja palveluiden toimittajia kilpailutettaessa toimittajan valmius verkkolaskujen l\u00e4hett\u00e4miseen on yksi t\u00e4rke\u00e4 valintakriteeri. Tarkista alla olevasta linkist\u00e4 \u201dVerkkolaskuttaminen k\u00e4yt\u00e4nn\u00f6ss\u00e4\u201d, mit\u00e4 tietoja laskulla tulee olla.<\/p>\n<p>Senaatti-kiinteist\u00f6t ja Senaatin Asema-alueet Oy eiv\u00e4t kuulu rakennusalan k\u00e4\u00e4nnetyn arvonlis\u00e4veron piiriin. Puolustuskiinteist\u00f6t k\u00e4ytt\u00e4\u00e4 k\u00e4\u00e4nnetty\u00e4 arvonlis\u00e4veroa rakentamispalveluissa.<\/p>\n<h2>Verkkolaskuttaminen k\u00e4yt\u00e4nn\u00f6ss\u00e4<\/h2>\n<p>Verkkolaskut tehd\u00e4\u00e4n toimittajan omalla laskutusohjelmalla, verkkopankissa tai verkkolaskutuspalvelussa, mink\u00e4 j\u00e4lkeen laskut siirtyv\u00e4t v\u00e4litt\u00e4j\u00e4n kautta vastaanottajalle hyv\u00e4ksymist\u00e4 varten. Verkkolaskun tavoite on laskun s\u00e4ilyminen konekielisen\u00e4 koko laskutuksen ajan, laskun laatimisesta sen maksamiseen. Toimittaessa n\u00e4in laskun l\u00e4hett\u00e4j\u00e4 ja vastaanottaja voivat molemmat hy\u00f6ty\u00e4 uudesta toimintamallista sek\u00e4 ajallisesti ett\u00e4 taloudellisesti.<\/p>\n<p>Tarjoamme pientoimittajille internet-selaimella k\u00e4ytett\u00e4v\u00e4\u00e4 maksutonta verkkolaskutuspalvelua. Palvelun avulla toimittajat voivat l\u00e4hett\u00e4\u00e4 laskuja verkkolaskuina. Portaalissa toimittajat antavat laskun tiedot, lis\u00e4\u00e4v\u00e4t laskuille liitteit\u00e4 yms. Laskut siirtyv\u00e4t hetkess\u00e4 Senaatin Asema-alueet Oy:n ostolaskujen k\u00e4sittelyj\u00e4rjestelm\u00e4\u00e4n.<\/p>\n<p>Senaatin Asema-alueet Oy:lle l\u00e4hetett\u00e4vien ostolaskujen tulee sis\u00e4lt\u00e4\u00e4 lain vaatimien tietojen lis\u00e4ksi toimittajalle ilmoitetun\u00a0<strong>SA-alkuisen tilausnumeron<\/strong>\u00a0sek\u00e4\u00a0<strong>Senaatin Asema-alueet Oy:n rakennus- tai\u00a0 hankenumeron<\/strong>. Kohteen katuosoite on my\u00f6s hyv\u00e4 mainita.<\/p>\n<p>Ostolaskun minimitiedot m\u00e4\u00e4ritt\u00e4\u00e4 arvonlis\u00e4verolaki. Kaikkien ostolaskujen pit\u00e4\u00e4 sis\u00e4lt\u00e4\u00e4 v\u00e4hint\u00e4\u00e4n seuraavat tiedot:<\/p>\n<ul>\n<li>laskun antamisp\u00e4iv\u00e4<\/li>\n<li>laskun numero<\/li>\n<li>myyj\u00e4n arvonlis\u00e4verotunniste (Y-tunnus)<\/li>\n<li>ostajan arvonlis\u00e4verotunniste<\/li>\n<li>myyj\u00e4n ja ostajan nimi- ja osoitetiedot<\/li>\n<li>tavaroiden m\u00e4\u00e4r\u00e4 ja luonne sek\u00e4 palvelun laajuus ja luonne<\/li>\n<li>tavaroiden toimitusp\u00e4iv\u00e4, palvelujen suoritusp\u00e4iv\u00e4 tai ennakkomaksun maksup\u00e4iv\u00e4<\/li>\n<li>veron peruste, veroton hinta (johon alv lis\u00e4t\u00e4\u00e4n) verokannoittain, yksikk\u00f6hinta ilman veroa ja hyvitykset ja alennukset<\/li>\n<li>verokanta<\/li>\n<li>suoritettavan veron m\u00e4\u00e4r\u00e4<\/li>\n<li>verottomuuden peruste<\/li>\n<\/ul>\n<p>Kun kyseess\u00e4 on edelleenlaskutus, tulee laskurivin tiedoissa viitata alkuper\u00e4isen toimittajan laskunumeroon ja laskutettaviin rivitietoihin. Verkkolaskun vaatimuksiin liittyy lis\u00e4ksi l\u00e4hett\u00e4j\u00e4n ja vastaanottajan tiedot, joiden avulla laskut l\u00e4hetet\u00e4\u00e4n.<\/p>\n<h2>Verkkolaskuosoitteet<\/h2>\n<p>Senaatin Asema-alueet Oy vastaanottaa verkkolaskut Basware Oyj:n palvelun kautta.<\/p>\n<p><strong>Operaattorin\u00a0v\u00e4litt\u00e4j\u00e4tunnus on BAWCFI22.<\/strong><br \/>\n<strong>Senaatin Asema-alueet Oy:n Y-tunnus on 2956119-4<\/strong>\u00a0<strong>ja\u00a0<\/strong><strong>OVT-tunnus 003729561194.<br \/>\n<\/strong>ALV-tunnus FI29561194.<\/p>\n<p><strong>Ostolaskujen PL-osoite:<\/strong><\/p>\n<p>Senaatin Asema-alueet Oy<br \/>\nc\/o Senaatti-kiinteist\u00f6t<br \/>\nPL 237<br \/>\n00531, Helsinki<\/p>\n<h2>Yhteystiedot<\/h2>\n<p>Kirsi L\u00f6tj\u00f6nen<br \/>\nkiinteist\u00f6assistentti<br \/>\n+358 407 040 799<br \/>\netunimi.sukunimi@senaatti.fi[\/vc_column_text][senaatti_btn btn=&#8221;url:https%3A%2F%2Ftesti-e2c55b704894.senaatti.fi%2Fyhteystiedot%2Fasiointi_senaatissa%2Fhankintajarjestelma%2F|title:Ulkoisten%20k%C3%A4ytt%C3%A4jien%20Handi-ohjeet&#8221;][\/vc_column][\/vc_row]<\/p>\n<\/div>","protected":false},"excerpt":{"rendered":"<p>[vc_row][vc_column][senaatti_hero heading=&#8221;Hankinta- ja laskutusohjeet&#8221; image=&#8221;1704&#8243; text=&#8221;Senaatin Asema-alueet Oy k\u00e4sittelee ostolaskut s\u00e4hk\u00f6isesti. K\u00e4yt\u00e4mme Senaatti-kiinteist\u00f6jen hallinnoimaa s\u00e4hk\u00f6ist\u00e4 laskujen ja tilausten k\u00e4sittelyj\u00e4rjestelm\u00e4\u00e4 Handia. Lasku tulee tehd\u00e4 laskutusohjeemme mukaisesti.&#8221; btn=&#8221;url:https%3A%2F%2Ftesti-e2c55b704894.senaatti.fi%2Fapp%2Fuploads%2Fsites%2F6%2F2023%2F04%2FLaskutusohje_Senaatti-kiinteistot-ja-Senaatin-Asema-alueet-Oy_03042023.pdf|title:Laskutusohje%20(pdf)|target:_blank&#8221; btn_2=&#8221;url:https%3A%2F%2Ftesti-e2c55b704894.senaatti.fi%2Fapp%2Fuploads%2Fsites%2F6%2F2023%2F04%2FFaktureringsanvisning_Senatfastigheter-och-Senatstationfastigheter-Ab_03042023.pdf|title:Faktureringsanvisning%20(pdf)|target:_blank&#8221;][\/vc_column][\/vc_row][vc_row][vc_column][vc_column_text remove_empty_space_above=&#8221;true&#8221;] Huomioitavaa laskutuksessa K\u00e4sittelemme ostolaskut s\u00e4hk\u00f6isesti ja panostamme aktiivisesti vastaanotettujen verkkolaskum\u00e4\u00e4rien kasvattamiseen. Kannustamme yhteisty\u00f6kumppaneitamme siirtym\u00e4\u00e4n verkkolaskutukseen. Tavaran ja palveluiden toimittajia kilpailutettaessa toimittajan valmius verkkolaskujen l\u00e4hett\u00e4miseen on yksi t\u00e4rke\u00e4 [&hellip;]<\/p>\n","protected":false},"author":16,"featured_media":0,"parent":0,"menu_order":0,"comment_status":"closed","ping_status":"closed","template":"","meta":{"_acf_changed":false,"_exactmetrics_skip_tracking":false,"_exactmetrics_sitenote_active":false,"_exactmetrics_sitenote_note":"","_exactmetrics_sitenote_category":0,"footnotes":""},"class_list":["post-389","page","type-page","status-publish","hentry"],"acf":[],"yoast_head":"<!-- This site is optimized with the Yoast SEO plugin v23.9 - https:\/\/yoast.com\/wordpress\/plugins\/seo\/ -->\n<title>Laskutusohjeet - Asema-alueet<\/title>\n<meta name=\"robots\" content=\"noindex, follow, max-snippet:-1, max-image-preview:large, max-video-preview:-1\" \/>\n<meta property=\"og:locale\" content=\"fi_FI\" \/>\n<meta property=\"og:type\" content=\"article\" \/>\n<meta property=\"og:title\" content=\"Laskutusohjeet - Asema-alueet\" \/>\n<meta property=\"og:description\" content=\"[vc_row][vc_column][senaatti_hero heading=&#8221;Hankinta- ja laskutusohjeet&#8221; image=&#8221;1704&#8243; text=&#8221;Senaatin Asema-alueet Oy k\u00e4sittelee ostolaskut s\u00e4hk\u00f6isesti. K\u00e4yt\u00e4mme Senaatti-kiinteist\u00f6jen hallinnoimaa s\u00e4hk\u00f6ist\u00e4 laskujen ja tilausten k\u00e4sittelyj\u00e4rjestelm\u00e4\u00e4 Handia. Lasku tulee tehd\u00e4 laskutusohjeemme mukaisesti.&#8221; btn=&#8221;url:https%3A%2F%2Ftesti-e2c55b704894.senaatti.fi%2Fapp%2Fuploads%2Fsites%2F6%2F2023%2F04%2FLaskutusohje_Senaatti-kiinteistot-ja-Senaatin-Asema-alueet-Oy_03042023.pdf|title:Laskutusohje%20(pdf)|target:_blank&#8221; btn_2=&#8221;url:https%3A%2F%2Ftesti-e2c55b704894.senaatti.fi%2Fapp%2Fuploads%2Fsites%2F6%2F2023%2F04%2FFaktureringsanvisning_Senatfastigheter-och-Senatstationfastigheter-Ab_03042023.pdf|title:Faktureringsanvisning%20(pdf)|target:_blank&#8221;][\/vc_column][\/vc_row][vc_row][vc_column][vc_column_text remove_empty_space_above=&#8221;true&#8221;] Huomioitavaa laskutuksessa K\u00e4sittelemme ostolaskut s\u00e4hk\u00f6isesti ja panostamme aktiivisesti vastaanotettujen verkkolaskum\u00e4\u00e4rien kasvattamiseen. Kannustamme yhteisty\u00f6kumppaneitamme siirtym\u00e4\u00e4n verkkolaskutukseen. Tavaran ja palveluiden toimittajia kilpailutettaessa toimittajan valmius verkkolaskujen l\u00e4hett\u00e4miseen on yksi t\u00e4rke\u00e4 [&hellip;]\" \/>\n<meta property=\"og:url\" content=\"https:\/\/www.senaatti.fi\/asema-alueet\/laskutusohjeet\/\" \/>\n<meta property=\"og:site_name\" content=\"Asema-alueet\" \/>\n<meta property=\"article:modified_time\" content=\"2023-06-06T09:05:53+00:00\" \/>\n<meta name=\"twitter:card\" content=\"summary_large_image\" \/>\n<meta name=\"twitter:label1\" content=\"Arvioitu lukuaika\" \/>\n\t<meta name=\"twitter:data1\" content=\"3 minuuttia\" \/>\n<script type=\"application\/ld+json\" class=\"yoast-schema-graph\">{\"@context\":\"https:\/\/schema.org\",\"@graph\":[{\"@type\":\"WebPage\",\"@id\":\"https:\/\/www.senaatti.fi\/asema-alueet\/laskutusohjeet\/\",\"url\":\"https:\/\/www.senaatti.fi\/asema-alueet\/laskutusohjeet\/\",\"name\":\"Laskutusohjeet - Asema-alueet\",\"isPartOf\":{\"@id\":\"https:\/\/www.senaatti.fi\/asema-alueet\/#website\"},\"datePublished\":\"2019-04-24T10:26:03+00:00\",\"dateModified\":\"2023-06-06T09:05:53+00:00\",\"breadcrumb\":{\"@id\":\"https:\/\/www.senaatti.fi\/asema-alueet\/laskutusohjeet\/#breadcrumb\"},\"inLanguage\":\"fi\",\"potentialAction\":[{\"@type\":\"ReadAction\",\"target\":[\"https:\/\/www.senaatti.fi\/asema-alueet\/laskutusohjeet\/\"]}]},{\"@type\":\"BreadcrumbList\",\"@id\":\"https:\/\/www.senaatti.fi\/asema-alueet\/laskutusohjeet\/#breadcrumb\",\"itemListElement\":[{\"@type\":\"ListItem\",\"position\":1,\"name\":\"Etusivu\",\"item\":\"https:\/\/www.senaatti.fi\/asema-alueet\/\"},{\"@type\":\"ListItem\",\"position\":2,\"name\":\"Laskutusohjeet\"}]},{\"@type\":\"WebSite\",\"@id\":\"https:\/\/www.senaatti.fi\/asema-alueet\/#website\",\"url\":\"https:\/\/www.senaatti.fi\/asema-alueet\/\",\"name\":\"Asema-alueet\",\"description\":\"Senaatin Asema-alueet\",\"potentialAction\":[{\"@type\":\"SearchAction\",\"target\":{\"@type\":\"EntryPoint\",\"urlTemplate\":\"https:\/\/www.senaatti.fi\/asema-alueet\/?s={search_term_string}\"},\"query-input\":{\"@type\":\"PropertyValueSpecification\",\"valueRequired\":true,\"valueName\":\"search_term_string\"}}],\"inLanguage\":\"fi\"}]}<\/script>\n<!-- \/ Yoast SEO plugin. -->","yoast_head_json":{"title":"Laskutusohjeet - Asema-alueet","robots":{"index":"noindex","follow":"follow","max-snippet":"max-snippet:-1","max-image-preview":"max-image-preview:large","max-video-preview":"max-video-preview:-1"},"og_locale":"fi_FI","og_type":"article","og_title":"Laskutusohjeet - Asema-alueet","og_description":"[vc_row][vc_column][senaatti_hero heading=&#8221;Hankinta- ja laskutusohjeet&#8221; image=&#8221;1704&#8243; text=&#8221;Senaatin Asema-alueet Oy k\u00e4sittelee ostolaskut s\u00e4hk\u00f6isesti. K\u00e4yt\u00e4mme Senaatti-kiinteist\u00f6jen hallinnoimaa s\u00e4hk\u00f6ist\u00e4 laskujen ja tilausten k\u00e4sittelyj\u00e4rjestelm\u00e4\u00e4 Handia. Lasku tulee tehd\u00e4 laskutusohjeemme mukaisesti.&#8221; btn=&#8221;url:https%3A%2F%2Ftesti-e2c55b704894.senaatti.fi%2Fapp%2Fuploads%2Fsites%2F6%2F2023%2F04%2FLaskutusohje_Senaatti-kiinteistot-ja-Senaatin-Asema-alueet-Oy_03042023.pdf|title:Laskutusohje%20(pdf)|target:_blank&#8221; btn_2=&#8221;url:https%3A%2F%2Ftesti-e2c55b704894.senaatti.fi%2Fapp%2Fuploads%2Fsites%2F6%2F2023%2F04%2FFaktureringsanvisning_Senatfastigheter-och-Senatstationfastigheter-Ab_03042023.pdf|title:Faktureringsanvisning%20(pdf)|target:_blank&#8221;][\/vc_column][\/vc_row][vc_row][vc_column][vc_column_text remove_empty_space_above=&#8221;true&#8221;] Huomioitavaa laskutuksessa K\u00e4sittelemme ostolaskut s\u00e4hk\u00f6isesti ja panostamme aktiivisesti vastaanotettujen verkkolaskum\u00e4\u00e4rien kasvattamiseen. Kannustamme yhteisty\u00f6kumppaneitamme siirtym\u00e4\u00e4n verkkolaskutukseen. Tavaran ja palveluiden toimittajia kilpailutettaessa toimittajan valmius verkkolaskujen l\u00e4hett\u00e4miseen on yksi t\u00e4rke\u00e4 [&hellip;]","og_url":"https:\/\/www.senaatti.fi\/asema-alueet\/laskutusohjeet\/","og_site_name":"Asema-alueet","article_modified_time":"2023-06-06T09:05:53+00:00","twitter_card":"summary_large_image","twitter_misc":{"Arvioitu lukuaika":"3 minuuttia"},"schema":{"@context":"https:\/\/schema.org","@graph":[{"@type":"WebPage","@id":"https:\/\/www.senaatti.fi\/asema-alueet\/laskutusohjeet\/","url":"https:\/\/www.senaatti.fi\/asema-alueet\/laskutusohjeet\/","name":"Laskutusohjeet - Asema-alueet","isPartOf":{"@id":"https:\/\/www.senaatti.fi\/asema-alueet\/#website"},"datePublished":"2019-04-24T10:26:03+00:00","dateModified":"2023-06-06T09:05:53+00:00","breadcrumb":{"@id":"https:\/\/www.senaatti.fi\/asema-alueet\/laskutusohjeet\/#breadcrumb"},"inLanguage":"fi","potentialAction":[{"@type":"ReadAction","target":["https:\/\/www.senaatti.fi\/asema-alueet\/laskutusohjeet\/"]}]},{"@type":"BreadcrumbList","@id":"https:\/\/www.senaatti.fi\/asema-alueet\/laskutusohjeet\/#breadcrumb","itemListElement":[{"@type":"ListItem","position":1,"name":"Etusivu","item":"https:\/\/www.senaatti.fi\/asema-alueet\/"},{"@type":"ListItem","position":2,"name":"Laskutusohjeet"}]},{"@type":"WebSite","@id":"https:\/\/www.senaatti.fi\/asema-alueet\/#website","url":"https:\/\/www.senaatti.fi\/asema-alueet\/","name":"Asema-alueet","description":"Senaatin Asema-alueet","potentialAction":[{"@type":"SearchAction","target":{"@type":"EntryPoint","urlTemplate":"https:\/\/www.senaatti.fi\/asema-alueet\/?s={search_term_string}"},"query-input":{"@type":"PropertyValueSpecification","valueRequired":true,"valueName":"search_term_string"}}],"inLanguage":"fi"}]}},"_links":{"self":[{"href":"https:\/\/testi-e2c55b704894.senaatti.fi\/asema-alueet\/wp-json\/wp\/v2\/pages\/389","targetHints":{"allow":["GET"]}}],"collection":[{"href":"https:\/\/testi-e2c55b704894.senaatti.fi\/asema-alueet\/wp-json\/wp\/v2\/pages"}],"about":[{"href":"https:\/\/testi-e2c55b704894.senaatti.fi\/asema-alueet\/wp-json\/wp\/v2\/types\/page"}],"author":[{"embeddable":true,"href":"https:\/\/testi-e2c55b704894.senaatti.fi\/asema-alueet\/wp-json\/wp\/v2\/users\/16"}],"replies":[{"embeddable":true,"href":"https:\/\/testi-e2c55b704894.senaatti.fi\/asema-alueet\/wp-json\/wp\/v2\/comments?post=389"}],"version-history":[{"count":10,"href":"https:\/\/testi-e2c55b704894.senaatti.fi\/asema-alueet\/wp-json\/wp\/v2\/pages\/389\/revisions"}],"predecessor-version":[{"id":1716,"href":"https:\/\/testi-e2c55b704894.senaatti.fi\/asema-alueet\/wp-json\/wp\/v2\/pages\/389\/revisions\/1716"}],"wp:attachment":[{"href":"https:\/\/testi-e2c55b704894.senaatti.fi\/asema-alueet\/wp-json\/wp\/v2\/media?parent=389"}],"curies":[{"name":"wp","href":"https:\/\/api.w.org\/{rel}","templated":true}]}}