{"id":691,"date":"2019-09-25T08:14:33","date_gmt":"2019-09-25T08:14:33","guid":{"rendered":"https:\/\/testi-e2c55b704894.senaatti.fi\/asema-alueet\/?page_id=691"},"modified":"2024-02-23T13:21:04","modified_gmt":"2024-02-23T13:21:04","slug":"jarvenpaa","status":"publish","type":"page","link":"https:\/\/testi-e2c55b704894.senaatti.fi\/asema-alueet\/jarvenpaa\/","title":{"rendered":"J\u00e4rvenp\u00e4\u00e4"},"content":{"rendered":"<div class=\"wpb-content-wrapper\"><p>[vc_row][vc_column][senaatti_hero heading=&#8221;J\u00e4rvenp\u00e4\u00e4&#8221; text=&#8221;J\u00e4rvenp\u00e4\u00e4n asema on merkitt\u00e4v\u00e4 kauko-ja l\u00e4hiliikenteen risteysasema, joka sijaitsee vain noin 30 minuutin junamatkan p\u00e4\u00e4ss\u00e4 Helsingin p\u00e4\u00e4rautatieasemalta. Matka lentoasemalle kest\u00e4\u00e4 my\u00f6s vain 20 minuuttia. Senaatin Asema-alueilla on kehitett\u00e4v\u00e4n\u00e4 kohteena kiinteist\u00f6 radan l\u00e4nsipuolella. Asemarakennuksen omistaa VR-Yhtym\u00e4 Oyj.&#8221; image=&#8221;816&#8243;][\/vc_column][\/vc_row][vc_row][vc_column][senaatti_directions heading=&#8221;Sijainti ja l\u00e4hiymp\u00e4rist\u00f6&#8221; address=&#8221;Asema-aukio, 04400 J\u00e4rvenp\u00e4\u00e4&#8221;]L\u00e4hiet\u00e4isyydell\u00e4:<\/p>\n<ul>\n<li>Scandic J\u00e4rvenp\u00e4\u00e4 50 m<\/li>\n<li>Prisma-keskus 400 m<\/li>\n<li>kaupunginkirjasto 170 m<\/li>\n<li>kaupungintalo 250 m<\/li>\n<\/ul>\n<p>[\/senaatti_directions][\/vc_column][\/vc_row][vc_row][vc_column][senaatti_loop_contacts heading=&#8221;Yhteystiedot&#8221; contacts=&#8221;20307&#8243;][\/vc_column][\/vc_row]<\/p>\n<\/div>","protected":false},"excerpt":{"rendered":"<p>[vc_row][vc_column][senaatti_hero heading=&#8221;J\u00e4rvenp\u00e4\u00e4&#8221; text=&#8221;J\u00e4rvenp\u00e4\u00e4n asema on merkitt\u00e4v\u00e4 kauko-ja l\u00e4hiliikenteen risteysasema, joka sijaitsee vain noin 30 minuutin junamatkan p\u00e4\u00e4ss\u00e4 Helsingin p\u00e4\u00e4rautatieasemalta. Matka lentoasemalle kest\u00e4\u00e4 my\u00f6s vain 20 minuuttia. Senaatin Asema-alueilla on kehitett\u00e4v\u00e4n\u00e4 kohteena kiinteist\u00f6 radan l\u00e4nsipuolella. Asemarakennuksen omistaa VR-Yhtym\u00e4 Oyj.&#8221; image=&#8221;816&#8243;][\/vc_column][\/vc_row][vc_row][vc_column][senaatti_directions heading=&#8221;Sijainti ja l\u00e4hiymp\u00e4rist\u00f6&#8221; address=&#8221;Asema-aukio, 04400 J\u00e4rvenp\u00e4\u00e4&#8221;]L\u00e4hiet\u00e4isyydell\u00e4: Scandic J\u00e4rvenp\u00e4\u00e4 50 m Prisma-keskus 400 m kaupunginkirjasto 170 m [&hellip;]<\/p>\n","protected":false},"author":16,"featured_media":0,"parent":0,"menu_order":0,"comment_status":"closed","ping_status":"closed","template":"","meta":{"_acf_changed":false,"_exactmetrics_skip_tracking":false,"_exactmetrics_sitenote_active":false,"_exactmetrics_sitenote_note":"","_exactmetrics_sitenote_category":0,"footnotes":""},"class_list":["post-691","page","type-page","status-publish","hentry"],"acf":[],"yoast_head":"<!-- This site is optimized with the Yoast SEO plugin v23.9 - https:\/\/yoast.com\/wordpress\/plugins\/seo\/ -->\n<title>J\u00e4rvenp\u00e4\u00e4 - Asema-alueet<\/title>\n<meta name=\"robots\" content=\"noindex, follow, max-snippet:-1, max-image-preview:large, max-video-preview:-1\" \/>\n<meta property=\"og:locale\" content=\"fi_FI\" \/>\n<meta property=\"og:type\" content=\"article\" \/>\n<meta property=\"og:title\" content=\"J\u00e4rvenp\u00e4\u00e4 - Asema-alueet\" \/>\n<meta property=\"og:description\" content=\"[vc_row][vc_column][senaatti_hero heading=&#8221;J\u00e4rvenp\u00e4\u00e4&#8221; text=&#8221;J\u00e4rvenp\u00e4\u00e4n asema on merkitt\u00e4v\u00e4 kauko-ja l\u00e4hiliikenteen risteysasema, joka sijaitsee vain noin 30 minuutin junamatkan p\u00e4\u00e4ss\u00e4 Helsingin p\u00e4\u00e4rautatieasemalta. Matka lentoasemalle kest\u00e4\u00e4 my\u00f6s vain 20 minuuttia. Senaatin Asema-alueilla on kehitett\u00e4v\u00e4n\u00e4 kohteena kiinteist\u00f6 radan l\u00e4nsipuolella. Asemarakennuksen omistaa VR-Yhtym\u00e4 Oyj.&#8221; image=&#8221;816&#8243;][\/vc_column][\/vc_row][vc_row][vc_column][senaatti_directions heading=&#8221;Sijainti ja l\u00e4hiymp\u00e4rist\u00f6&#8221; address=&#8221;Asema-aukio, 04400 J\u00e4rvenp\u00e4\u00e4&#8221;]L\u00e4hiet\u00e4isyydell\u00e4: Scandic J\u00e4rvenp\u00e4\u00e4 50 m Prisma-keskus 400 m kaupunginkirjasto 170 m [&hellip;]\" \/>\n<meta property=\"og:url\" content=\"https:\/\/www.senaatti.fi\/asema-alueet\/jarvenpaa\/\" \/>\n<meta property=\"og:site_name\" content=\"Asema-alueet\" \/>\n<meta property=\"article:modified_time\" content=\"2024-02-23T13:21:04+00:00\" \/>\n<meta name=\"twitter:card\" content=\"summary_large_image\" \/>\n<meta name=\"twitter:label1\" content=\"Arvioitu lukuaika\" \/>\n\t<meta name=\"twitter:data1\" content=\"1 minuutti\" \/>\n<script type=\"application\/ld+json\" class=\"yoast-schema-graph\">{\"@context\":\"https:\/\/schema.org\",\"@graph\":[{\"@type\":\"WebPage\",\"@id\":\"https:\/\/www.senaatti.fi\/asema-alueet\/jarvenpaa\/\",\"url\":\"https:\/\/www.senaatti.fi\/asema-alueet\/jarvenpaa\/\",\"name\":\"J\u00e4rvenp\u00e4\u00e4 - Asema-alueet\",\"isPartOf\":{\"@id\":\"https:\/\/www.senaatti.fi\/asema-alueet\/#website\"},\"datePublished\":\"2019-09-25T08:14:33+00:00\",\"dateModified\":\"2024-02-23T13:21:04+00:00\",\"breadcrumb\":{\"@id\":\"https:\/\/www.senaatti.fi\/asema-alueet\/jarvenpaa\/#breadcrumb\"},\"inLanguage\":\"fi\",\"potentialAction\":[{\"@type\":\"ReadAction\",\"target\":[\"https:\/\/www.senaatti.fi\/asema-alueet\/jarvenpaa\/\"]}]},{\"@type\":\"BreadcrumbList\",\"@id\":\"https:\/\/www.senaatti.fi\/asema-alueet\/jarvenpaa\/#breadcrumb\",\"itemListElement\":[{\"@type\":\"ListItem\",\"position\":1,\"name\":\"Etusivu\",\"item\":\"https:\/\/www.senaatti.fi\/asema-alueet\/\"},{\"@type\":\"ListItem\",\"position\":2,\"name\":\"J\u00e4rvenp\u00e4\u00e4\"}]},{\"@type\":\"WebSite\",\"@id\":\"https:\/\/www.senaatti.fi\/asema-alueet\/#website\",\"url\":\"https:\/\/www.senaatti.fi\/asema-alueet\/\",\"name\":\"Asema-alueet\",\"description\":\"Senaatin Asema-alueet\",\"potentialAction\":[{\"@type\":\"SearchAction\",\"target\":{\"@type\":\"EntryPoint\",\"urlTemplate\":\"https:\/\/www.senaatti.fi\/asema-alueet\/?s={search_term_string}\"},\"query-input\":{\"@type\":\"PropertyValueSpecification\",\"valueRequired\":true,\"valueName\":\"search_term_string\"}}],\"inLanguage\":\"fi\"}]}<\/script>\n<!-- \/ Yoast SEO plugin. -->","yoast_head_json":{"title":"J\u00e4rvenp\u00e4\u00e4 - Asema-alueet","robots":{"index":"noindex","follow":"follow","max-snippet":"max-snippet:-1","max-image-preview":"max-image-preview:large","max-video-preview":"max-video-preview:-1"},"og_locale":"fi_FI","og_type":"article","og_title":"J\u00e4rvenp\u00e4\u00e4 - Asema-alueet","og_description":"[vc_row][vc_column][senaatti_hero heading=&#8221;J\u00e4rvenp\u00e4\u00e4&#8221; text=&#8221;J\u00e4rvenp\u00e4\u00e4n asema on merkitt\u00e4v\u00e4 kauko-ja l\u00e4hiliikenteen risteysasema, joka sijaitsee vain noin 30 minuutin junamatkan p\u00e4\u00e4ss\u00e4 Helsingin p\u00e4\u00e4rautatieasemalta. Matka lentoasemalle kest\u00e4\u00e4 my\u00f6s vain 20 minuuttia. Senaatin Asema-alueilla on kehitett\u00e4v\u00e4n\u00e4 kohteena kiinteist\u00f6 radan l\u00e4nsipuolella. Asemarakennuksen omistaa VR-Yhtym\u00e4 Oyj.&#8221; image=&#8221;816&#8243;][\/vc_column][\/vc_row][vc_row][vc_column][senaatti_directions heading=&#8221;Sijainti ja l\u00e4hiymp\u00e4rist\u00f6&#8221; address=&#8221;Asema-aukio, 04400 J\u00e4rvenp\u00e4\u00e4&#8221;]L\u00e4hiet\u00e4isyydell\u00e4: Scandic J\u00e4rvenp\u00e4\u00e4 50 m Prisma-keskus 400 m kaupunginkirjasto 170 m [&hellip;]","og_url":"https:\/\/www.senaatti.fi\/asema-alueet\/jarvenpaa\/","og_site_name":"Asema-alueet","article_modified_time":"2024-02-23T13:21:04+00:00","twitter_card":"summary_large_image","twitter_misc":{"Arvioitu lukuaika":"1 minuutti"},"schema":{"@context":"https:\/\/schema.org","@graph":[{"@type":"WebPage","@id":"https:\/\/www.senaatti.fi\/asema-alueet\/jarvenpaa\/","url":"https:\/\/www.senaatti.fi\/asema-alueet\/jarvenpaa\/","name":"J\u00e4rvenp\u00e4\u00e4 - Asema-alueet","isPartOf":{"@id":"https:\/\/www.senaatti.fi\/asema-alueet\/#website"},"datePublished":"2019-09-25T08:14:33+00:00","dateModified":"2024-02-23T13:21:04+00:00","breadcrumb":{"@id":"https:\/\/www.senaatti.fi\/asema-alueet\/jarvenpaa\/#breadcrumb"},"inLanguage":"fi","potentialAction":[{"@type":"ReadAction","target":["https:\/\/www.senaatti.fi\/asema-alueet\/jarvenpaa\/"]}]},{"@type":"BreadcrumbList","@id":"https:\/\/www.senaatti.fi\/asema-alueet\/jarvenpaa\/#breadcrumb","itemListElement":[{"@type":"ListItem","position":1,"name":"Etusivu","item":"https:\/\/www.senaatti.fi\/asema-alueet\/"},{"@type":"ListItem","position":2,"name":"J\u00e4rvenp\u00e4\u00e4"}]},{"@type":"WebSite","@id":"https:\/\/www.senaatti.fi\/asema-alueet\/#website","url":"https:\/\/www.senaatti.fi\/asema-alueet\/","name":"Asema-alueet","description":"Senaatin Asema-alueet","potentialAction":[{"@type":"SearchAction","target":{"@type":"EntryPoint","urlTemplate":"https:\/\/www.senaatti.fi\/asema-alueet\/?s={search_term_string}"},"query-input":{"@type":"PropertyValueSpecification","valueRequired":true,"valueName":"search_term_string"}}],"inLanguage":"fi"}]}},"_links":{"self":[{"href":"https:\/\/testi-e2c55b704894.senaatti.fi\/asema-alueet\/wp-json\/wp\/v2\/pages\/691","targetHints":{"allow":["GET"]}}],"collection":[{"href":"https:\/\/testi-e2c55b704894.senaatti.fi\/asema-alueet\/wp-json\/wp\/v2\/pages"}],"about":[{"href":"https:\/\/testi-e2c55b704894.senaatti.fi\/asema-alueet\/wp-json\/wp\/v2\/types\/page"}],"author":[{"embeddable":true,"href":"https:\/\/testi-e2c55b704894.senaatti.fi\/asema-alueet\/wp-json\/wp\/v2\/users\/16"}],"replies":[{"embeddable":true,"href":"https:\/\/testi-e2c55b704894.senaatti.fi\/asema-alueet\/wp-json\/wp\/v2\/comments?post=691"}],"version-history":[{"count":10,"href":"https:\/\/testi-e2c55b704894.senaatti.fi\/asema-alueet\/wp-json\/wp\/v2\/pages\/691\/revisions"}],"predecessor-version":[{"id":1782,"href":"https:\/\/testi-e2c55b704894.senaatti.fi\/asema-alueet\/wp-json\/wp\/v2\/pages\/691\/revisions\/1782"}],"wp:attachment":[{"href":"https:\/\/testi-e2c55b704894.senaatti.fi\/asema-alueet\/wp-json\/wp\/v2\/media?parent=691"}],"curies":[{"name":"wp","href":"https:\/\/api.w.org\/{rel}","templated":true}]}}