{"id":695,"date":"2019-09-09T12:19:18","date_gmt":"2019-09-09T12:19:18","guid":{"rendered":"https:\/\/testi-e2c55b704894.senaatti.fi\/asema-alueet\/?page_id=695"},"modified":"2024-11-20T06:31:51","modified_gmt":"2024-11-20T06:31:51","slug":"jokela","status":"publish","type":"page","link":"https:\/\/testi-e2c55b704894.senaatti.fi\/asema-alueet\/jokela\/","title":{"rendered":"Jokela"},"content":{"rendered":"<div class=\"wpb-content-wrapper\"><p>[vc_row][vc_column][senaatti_hero heading=&#8221;Jokela, Asemapolun alue&#8221; text=&#8221;Jokelassa Asemanpolun alueella suunnitellaan uutta asuinrakentamista osaksi valmista kaupunkirakennetta hyvien joukkoliikenneyhteyksien varrelle. Alueen kaavamuutos on vireill\u00e4, ja asemakaavaehdotus on ollut n\u00e4ht\u00e4vill\u00e4. Kaavan hyv\u00e4ksymisen tavoite on loppuvuosi 2025. Suunnitelmaan sis\u00e4ltyy 8 800 kerrosneli\u00f6metri\u00e4 asuinkerrostaloja (AK), ja pys\u00e4k\u00f6inti toteutetaan maantasolla. Hankkeen toteutus on mahdollista vaiheistaa, mik\u00e4 tarjoaa joustavuutta rakentamiseen.<\/p>\n<p>Myynnin aloituksesta tiedotetaan vuoden 2025 aikana, kun kaavoituksen hyv\u00e4ksymisk\u00e4sittelyn aikataulu tarkentuu.&#8221; image=&#8221;1898&#8243;][\/vc_column][\/vc_row][vc_row][vc_column][senaatti_feature_lift align=&#8221;right&#8221; heading=&#8221;Jokelan asema uudistuu l\u00e4hivuosina&#8221; text=&#8221;Uudistuvan Jokelan aseman rakentamissuunnittelu k\u00e4ynnistyi vuonna 2024. Suunnittelua tehd\u00e4\u00e4n yhdess\u00e4 Tuusulan kunnan kanssa, jotta alue kehittyy linjakkaasti suhteessa kunnan suunnitelmiin ja yhten\u00e4isesti esteett\u00f6m\u00e4ksi. Rakentamisen aikataulu ja ty\u00f6n vaiheistus tarkentuvat suunnittelun edetess\u00e4. Rakentaminen Jokelan aseman alueella alkaa aikaisintaan vuonna 2027.<\/p>\n<p>Suunnitelmana on purkaa nykyinen aseman v\u00e4lilaituri uusien raiteiden tielt\u00e4 ja rakentaa it\u00e4isimm\u00e4n raiteen viereen esteett\u00f6myysvaatimukset t\u00e4ytt\u00e4v\u00e4 reunalaituri. Samalla parannetaan olemassa olevaa alikulkuk\u00e4yt\u00e4v\u00e4\u00e4.<\/p>\n<p>Jokelan asema-alueen uudistusten my\u00f6t\u00e4 asema t\u00e4ytt\u00e4\u00e4 nykyp\u00e4iv\u00e4n esteett\u00f6myysvaatimukset. Esteett\u00f6myytt\u00e4 parantavat toimet tarkentuvat suunnittelun edetess\u00e4.&#8221; image=&#8221;1901&#8243;][\/senaatti_feature_lift][\/vc_column][\/vc_row][vc_row][vc_column][senaatti_directions heading=&#8221;Sijainti ja l\u00e4hiymp\u00e4rist\u00f6&#8221; address=&#8221;Puhelinkuja 4-2, 05400 Tuusula&#8221;]Jokelan Asemapolun alue sijaitsee Jokelan keskustassa aivan juna-aseman vieress\u00e4.<\/p>\n<p>&nbsp;<\/p>\n<p>L\u00e4hiet\u00e4isyydell\u00e4:<\/p>\n<ul>\n<li>Juna-asema<\/li>\n<li>K-Supermarket<\/li>\n<li>Jokelan kirjasto<\/li>\n<li>Lepolan koulu<\/li>\n<\/ul>\n<p>[\/senaatti_directions][\/vc_column][\/vc_row][vc_row][vc_column][senaatti_loop_contacts heading=&#8221;Yhteystiedot&#8221; contacts=&#8221;20307&#8243;][\/vc_column][\/vc_row]<\/p>\n<\/div>","protected":false},"excerpt":{"rendered":"<p>[vc_row][vc_column][senaatti_hero heading=&#8221;Jokela, Asemapolun alue&#8221; text=&#8221;Jokelassa Asemanpolun alueella suunnitellaan uutta asuinrakentamista osaksi valmista kaupunkirakennetta hyvien joukkoliikenneyhteyksien varrelle. Alueen kaavamuutos on vireill\u00e4, ja asemakaavaehdotus on ollut n\u00e4ht\u00e4vill\u00e4. Kaavan hyv\u00e4ksymisen tavoite on loppuvuosi 2025. Suunnitelmaan sis\u00e4ltyy 8 800 kerrosneli\u00f6metri\u00e4 asuinkerrostaloja (AK), ja pys\u00e4k\u00f6inti toteutetaan maantasolla. Hankkeen toteutus on mahdollista vaiheistaa, mik\u00e4 tarjoaa joustavuutta rakentamiseen. Myynnin aloituksesta tiedotetaan vuoden [&hellip;]<\/p>\n","protected":false},"author":16,"featured_media":0,"parent":0,"menu_order":0,"comment_status":"closed","ping_status":"closed","template":"","meta":{"_acf_changed":false,"_exactmetrics_skip_tracking":false,"_exactmetrics_sitenote_active":false,"_exactmetrics_sitenote_note":"","_exactmetrics_sitenote_category":0,"footnotes":""},"class_list":["post-695","page","type-page","status-publish","hentry"],"acf":[],"yoast_head":"<!-- This site is optimized with the Yoast SEO plugin v23.9 - https:\/\/yoast.com\/wordpress\/plugins\/seo\/ -->\n<title>Jokela - Asema-alueet<\/title>\n<meta name=\"robots\" content=\"noindex, follow, max-snippet:-1, max-image-preview:large, max-video-preview:-1\" \/>\n<meta property=\"og:locale\" content=\"fi_FI\" \/>\n<meta property=\"og:type\" content=\"article\" \/>\n<meta property=\"og:title\" content=\"Jokela - Asema-alueet\" \/>\n<meta property=\"og:description\" content=\"[vc_row][vc_column][senaatti_hero heading=&#8221;Jokela, Asemapolun alue&#8221; text=&#8221;Jokelassa Asemanpolun alueella suunnitellaan uutta asuinrakentamista osaksi valmista kaupunkirakennetta hyvien joukkoliikenneyhteyksien varrelle. Alueen kaavamuutos on vireill\u00e4, ja asemakaavaehdotus on ollut n\u00e4ht\u00e4vill\u00e4. Kaavan hyv\u00e4ksymisen tavoite on loppuvuosi 2025. Suunnitelmaan sis\u00e4ltyy 8 800 kerrosneli\u00f6metri\u00e4 asuinkerrostaloja (AK), ja pys\u00e4k\u00f6inti toteutetaan maantasolla. Hankkeen toteutus on mahdollista vaiheistaa, mik\u00e4 tarjoaa joustavuutta rakentamiseen. Myynnin aloituksesta tiedotetaan vuoden [&hellip;]\" \/>\n<meta property=\"og:url\" content=\"https:\/\/www.senaatti.fi\/asema-alueet\/jokela\/\" \/>\n<meta property=\"og:site_name\" content=\"Asema-alueet\" \/>\n<meta property=\"article:modified_time\" content=\"2024-11-20T06:31:51+00:00\" \/>\n<meta name=\"twitter:card\" content=\"summary_large_image\" \/>\n<meta name=\"twitter:label1\" content=\"Arvioitu lukuaika\" \/>\n\t<meta name=\"twitter:data1\" content=\"2 minuuttia\" \/>\n<script type=\"application\/ld+json\" class=\"yoast-schema-graph\">{\"@context\":\"https:\/\/schema.org\",\"@graph\":[{\"@type\":\"WebPage\",\"@id\":\"https:\/\/www.senaatti.fi\/asema-alueet\/jokela\/\",\"url\":\"https:\/\/www.senaatti.fi\/asema-alueet\/jokela\/\",\"name\":\"Jokela - Asema-alueet\",\"isPartOf\":{\"@id\":\"https:\/\/www.senaatti.fi\/asema-alueet\/#website\"},\"datePublished\":\"2019-09-09T12:19:18+00:00\",\"dateModified\":\"2024-11-20T06:31:51+00:00\",\"breadcrumb\":{\"@id\":\"https:\/\/www.senaatti.fi\/asema-alueet\/jokela\/#breadcrumb\"},\"inLanguage\":\"fi\",\"potentialAction\":[{\"@type\":\"ReadAction\",\"target\":[\"https:\/\/www.senaatti.fi\/asema-alueet\/jokela\/\"]}]},{\"@type\":\"BreadcrumbList\",\"@id\":\"https:\/\/www.senaatti.fi\/asema-alueet\/jokela\/#breadcrumb\",\"itemListElement\":[{\"@type\":\"ListItem\",\"position\":1,\"name\":\"Etusivu\",\"item\":\"https:\/\/www.senaatti.fi\/asema-alueet\/\"},{\"@type\":\"ListItem\",\"position\":2,\"name\":\"Jokela\"}]},{\"@type\":\"WebSite\",\"@id\":\"https:\/\/www.senaatti.fi\/asema-alueet\/#website\",\"url\":\"https:\/\/www.senaatti.fi\/asema-alueet\/\",\"name\":\"Asema-alueet\",\"description\":\"Senaatin Asema-alueet\",\"potentialAction\":[{\"@type\":\"SearchAction\",\"target\":{\"@type\":\"EntryPoint\",\"urlTemplate\":\"https:\/\/www.senaatti.fi\/asema-alueet\/?s={search_term_string}\"},\"query-input\":{\"@type\":\"PropertyValueSpecification\",\"valueRequired\":true,\"valueName\":\"search_term_string\"}}],\"inLanguage\":\"fi\"}]}<\/script>\n<!-- \/ Yoast SEO plugin. -->","yoast_head_json":{"title":"Jokela - Asema-alueet","robots":{"index":"noindex","follow":"follow","max-snippet":"max-snippet:-1","max-image-preview":"max-image-preview:large","max-video-preview":"max-video-preview:-1"},"og_locale":"fi_FI","og_type":"article","og_title":"Jokela - Asema-alueet","og_description":"[vc_row][vc_column][senaatti_hero heading=&#8221;Jokela, Asemapolun alue&#8221; text=&#8221;Jokelassa Asemanpolun alueella suunnitellaan uutta asuinrakentamista osaksi valmista kaupunkirakennetta hyvien joukkoliikenneyhteyksien varrelle. Alueen kaavamuutos on vireill\u00e4, ja asemakaavaehdotus on ollut n\u00e4ht\u00e4vill\u00e4. Kaavan hyv\u00e4ksymisen tavoite on loppuvuosi 2025. Suunnitelmaan sis\u00e4ltyy 8 800 kerrosneli\u00f6metri\u00e4 asuinkerrostaloja (AK), ja pys\u00e4k\u00f6inti toteutetaan maantasolla. Hankkeen toteutus on mahdollista vaiheistaa, mik\u00e4 tarjoaa joustavuutta rakentamiseen. Myynnin aloituksesta tiedotetaan vuoden [&hellip;]","og_url":"https:\/\/www.senaatti.fi\/asema-alueet\/jokela\/","og_site_name":"Asema-alueet","article_modified_time":"2024-11-20T06:31:51+00:00","twitter_card":"summary_large_image","twitter_misc":{"Arvioitu lukuaika":"2 minuuttia"},"schema":{"@context":"https:\/\/schema.org","@graph":[{"@type":"WebPage","@id":"https:\/\/www.senaatti.fi\/asema-alueet\/jokela\/","url":"https:\/\/www.senaatti.fi\/asema-alueet\/jokela\/","name":"Jokela - Asema-alueet","isPartOf":{"@id":"https:\/\/www.senaatti.fi\/asema-alueet\/#website"},"datePublished":"2019-09-09T12:19:18+00:00","dateModified":"2024-11-20T06:31:51+00:00","breadcrumb":{"@id":"https:\/\/www.senaatti.fi\/asema-alueet\/jokela\/#breadcrumb"},"inLanguage":"fi","potentialAction":[{"@type":"ReadAction","target":["https:\/\/www.senaatti.fi\/asema-alueet\/jokela\/"]}]},{"@type":"BreadcrumbList","@id":"https:\/\/www.senaatti.fi\/asema-alueet\/jokela\/#breadcrumb","itemListElement":[{"@type":"ListItem","position":1,"name":"Etusivu","item":"https:\/\/www.senaatti.fi\/asema-alueet\/"},{"@type":"ListItem","position":2,"name":"Jokela"}]},{"@type":"WebSite","@id":"https:\/\/www.senaatti.fi\/asema-alueet\/#website","url":"https:\/\/www.senaatti.fi\/asema-alueet\/","name":"Asema-alueet","description":"Senaatin Asema-alueet","potentialAction":[{"@type":"SearchAction","target":{"@type":"EntryPoint","urlTemplate":"https:\/\/www.senaatti.fi\/asema-alueet\/?s={search_term_string}"},"query-input":{"@type":"PropertyValueSpecification","valueRequired":true,"valueName":"search_term_string"}}],"inLanguage":"fi"}]}},"_links":{"self":[{"href":"https:\/\/testi-e2c55b704894.senaatti.fi\/asema-alueet\/wp-json\/wp\/v2\/pages\/695","targetHints":{"allow":["GET"]}}],"collection":[{"href":"https:\/\/testi-e2c55b704894.senaatti.fi\/asema-alueet\/wp-json\/wp\/v2\/pages"}],"about":[{"href":"https:\/\/testi-e2c55b704894.senaatti.fi\/asema-alueet\/wp-json\/wp\/v2\/types\/page"}],"author":[{"embeddable":true,"href":"https:\/\/testi-e2c55b704894.senaatti.fi\/asema-alueet\/wp-json\/wp\/v2\/users\/16"}],"replies":[{"embeddable":true,"href":"https:\/\/testi-e2c55b704894.senaatti.fi\/asema-alueet\/wp-json\/wp\/v2\/comments?post=695"}],"version-history":[{"count":10,"href":"https:\/\/testi-e2c55b704894.senaatti.fi\/asema-alueet\/wp-json\/wp\/v2\/pages\/695\/revisions"}],"predecessor-version":[{"id":1915,"href":"https:\/\/testi-e2c55b704894.senaatti.fi\/asema-alueet\/wp-json\/wp\/v2\/pages\/695\/revisions\/1915"}],"wp:attachment":[{"href":"https:\/\/testi-e2c55b704894.senaatti.fi\/asema-alueet\/wp-json\/wp\/v2\/media?parent=695"}],"curies":[{"name":"wp","href":"https:\/\/api.w.org\/{rel}","templated":true}]}}