{"id":699,"date":"2019-09-09T12:40:50","date_gmt":"2019-09-09T12:40:50","guid":{"rendered":"https:\/\/testi-e2c55b704894.senaatti.fi\/asema-alueet\/?page_id=699"},"modified":"2024-05-23T06:14:59","modified_gmt":"2024-05-23T06:14:59","slug":"kuopio","status":"publish","type":"page","link":"https:\/\/testi-e2c55b704894.senaatti.fi\/asema-alueet\/kuopio\/","title":{"rendered":"Kuopio"},"content":{"rendered":"<div class=\"wpb-content-wrapper\"><p>[vc_row][vc_column][senaatti_hero heading=&#8221;Kuopio&#8221; text=&#8221;Senaatin Asema-alueet Oy:ll\u00e4 on kehitett\u00e4vin\u00e4 alueina vanha konepajan kiinteist\u00f6. Alueella on sijainnut aikaisemmin my\u00f6s muun muassa Kuopion vanha rautatieasema. Kuopion Itkonniemi &#8211; Vanha-Asema osayleiskaava on tullut voimaan 2020.&#8221; image=&#8221;1522&#8243; btn=&#8221;url:https%3A%2F%2Ftesti-e2c55b704894.senaatti.fi%2Fasema-alueet%2F2024%2F05%2F23%2Fkuopion-konepajan-alue-myynnissa-monia-mahdollisuuksia-tarjoava-historiallinen-kohde%2F|title:Tiedote%2C%20julkaistu%3A%2023.5.2024&#8243;][\/vc_column][\/vc_row][vc_row][vc_column][senaatti_feature align=&#8221;right&#8221; background_color=&#8221;senaatti-lighter-blue&#8221; heading=&#8221;Kuopion konepajan alue myynniss\u00e4 \u2013 monia mahdollisuuksia tarjoava historiallinen kohde&#8221; text=&#8221;Senaatin Asema-alueet Oy myy tarjousten perusteella Kuopion konepajan alueen osoitteessa Pohjolankatu 1. Alueella vireill\u00e4 oleva asemakaavan muutos mahdollistaa ymp\u00e4rist\u00f6n muuttumisen esimerkiksi asuin-, liike- ja toimistorakennusten alueeksi.&#8221; image=&#8221;1519&#8243; btn=&#8221;url:https%3A%2F%2Ftesti-e2c55b704894.senaatti.fi%2Fvaltion-kiinteistot%2Fmyytavat-kohteet%2Ftila%2Fkuopio-konepajarakennus%2F|title:Myynti-ilmoitus%3A%20Kuopion%20konepajarakennus&#8221;][\/senaatti_feature][senaatti_feature background_color=&#8221;senaatti-konserni-green-25&#8243; heading=&#8221;Diplomity\u00f6: Kuopion Konepaja \u2013 menetelmi\u00e4 vaihtoehtoisten tulevaisuuksien m\u00e4\u00e4rittelyyn&#8221; text=&#8221;Diplomity\u00f6ss\u00e4 Konepajan tulevaisuuden selvitt\u00e4minen ja menetelmien kehitt\u00e4minen kulkevat rinnakkain. Ty\u00f6ss\u00e4 sovelletaan sek\u00e4 k\u00e4ytt\u00f6tarkoituksen valintaan kehitettyj\u00e4 menetelmi\u00e4 ett\u00e4 tulevaisuuden tutkimuksen puolella k\u00e4ytetty\u00e4 tulevaisuustaulukkomenetelm\u00e4\u00e4. Selvityksen lopputuloksena Konepaja-rakennukselle kehitet\u00e4\u00e4n kolme erilaista skenaariotarinaa nykyhetkest\u00e4 vuoteen 2050. Vaihtoehtoiset skenaariot osoittavat, ett\u00e4 Konepaja on rakennuksena muuntautumiskykyinen ja rakennuksella voi olla yhden tulevaisuuden sijaan edess\u00e4\u00e4n viel\u00e4 useita erilaisia k\u00e4ytt\u00f6tarkoituksia.&#8221; image=&#8221;1536&#8243; btn=&#8221;url:https%3A%2F%2Ftrepo.tuni.fi%2Fbitstream%2Fhandle%2F10024%2F133886%2FPasanenLaura.pdf%3Fsequence%3D2%26isAllowed%3Dy|title:Lue%20lis%C3%A4%C3%A4%20ja%20tutustu%20diplomity%C3%B6h%C3%B6n&#8221;][\/senaatti_feature][\/vc_column][\/vc_row][vc_row][vc_column][vc_column_text remove_empty_space_below=&#8221;true&#8221;]<a href=\"https:\/\/publish.kuopio.fi\/kokous\/2019559565-3-1.PDF\"><strong>Itkonniemi-Vanha-Asema osayleiskaava<\/strong><\/a><\/p>\n<p>Tutustu alueen rakennushistoriaselvityksiin:<\/p>\n<p><a href=\"https:\/\/testi-e2c55b704894.senaatti.fi\/app\/uploads\/sites\/6\/2023\/02\/RHS_KUOPION_KONEPAJA_lopullinen.pdf\">Kuopion konepaja<\/a><\/p>\n<p><a href=\"https:\/\/testi-e2c55b704894.senaatti.fi\/app\/uploads\/sites\/6\/2023\/02\/RHS_VR_Kuopio_13042018.pdf\">Kuopion vanha asema- ja ratapiha-alue<\/a><\/p>\n<p>[\/vc_column_text][\/vc_column][\/vc_row][vc_row][vc_column][senaatti_directions heading=&#8221;Sijainti ja l\u00e4hiymp\u00e4rist\u00f6&#8221; address=&#8221;62.898642, 27.702587&#8243;]Konepajan kiinteist\u00f6 sijaitsee noin kilometrin p\u00e4\u00e4ss\u00e4 Kuopion rautatieasemasta, radan pohjoispuolella M\u00e4nnist\u00f6n sek\u00e4 Linnanpellon asuinalueen l\u00e4heisyydess\u00e4. Alueella on aikaisemmin sijainnut Kuopion ensimm\u00e4inen rautatieasema.<\/p>\n<p>L\u00e4hiet\u00e4isyydell\u00e4:<\/p>\n<ul>\n<li>Kuopion venesatama 450 m<\/li>\n<li>rautatieasema 910 m<\/li>\n<li>Kuopion tori 1,2 km<\/li>\n<li>Lapland Hotels Kuopio 1,1 km<\/li>\n<\/ul>\n<p>[\/senaatti_directions][\/vc_column][\/vc_row][vc_row][vc_column][senaatti_feature heading=&#8221;Asfalttikentist\u00e4 kukoistukseen \u2013 asemanseutujen uudistuminen etenee ymp\u00e4ri Suomea&#8221; text=&#8221;Rautatieasemat ovat monen paikkakunnan ydin, mutta niiden ymp\u00e4rist\u00f6t ovat j\u00e4\u00e4neet usein omiin oloihinsa. Nyt tilanne on muuttumassa. Senaatin Asema-alueiden Elias Rainio ja Janne Marttinen kertovat, miten asemaseutuja kurotaan toimivaksi, viihtyis\u00e4ksi ja kest\u00e4v\u00e4ksi osaksi ymp\u00e4r\u00f6iv\u00e4\u00e4 kaupunkia.&#8221; image=&#8221;1020&#8243; btn=&#8221;url:https%3A%2F%2Ftesti-e2c55b704894.senaatti.fi%2Fmyynnissa%2Fmyynnin-ajankohtaista%2Fartikkeli%2Fasfalttikentista-kukoistukseen-asemanseutujen-uudistuminen-etenee-ympari-suomea%2F|title:Lue%20koko%20artikkeli&#8221;][\/senaatti_feature][\/vc_column][\/vc_row][vc_row][vc_column][senaatti_loop_contacts heading=&#8221;Yhteystiedot&#8221; contacts=&#8221;52858&#8243;][\/vc_column][\/vc_row]<\/p>\n<\/div>","protected":false},"excerpt":{"rendered":"<p>[vc_row][vc_column][senaatti_hero heading=&#8221;Kuopio&#8221; text=&#8221;Senaatin Asema-alueet Oy:ll\u00e4 on kehitett\u00e4vin\u00e4 alueina vanha konepajan kiinteist\u00f6. Alueella on sijainnut aikaisemmin my\u00f6s muun muassa Kuopion vanha rautatieasema. Kuopion Itkonniemi &#8211; Vanha-Asema osayleiskaava on tullut voimaan 2020.&#8221; image=&#8221;1522&#8243; btn=&#8221;url:https%3A%2F%2Ftesti-e2c55b704894.senaatti.fi%2Fasema-alueet%2F2024%2F05%2F23%2Fkuopion-konepajan-alue-myynnissa-monia-mahdollisuuksia-tarjoava-historiallinen-kohde%2F|title:Tiedote%2C%20julkaistu%3A%2023.5.2024&#8243;][\/vc_column][\/vc_row][vc_row][vc_column][senaatti_feature align=&#8221;right&#8221; background_color=&#8221;senaatti-lighter-blue&#8221; heading=&#8221;Kuopion konepajan alue myynniss\u00e4 \u2013 monia mahdollisuuksia tarjoava historiallinen kohde&#8221; text=&#8221;Senaatin Asema-alueet Oy myy tarjousten perusteella Kuopion konepajan alueen osoitteessa Pohjolankatu [&hellip;]<\/p>\n","protected":false},"author":16,"featured_media":0,"parent":0,"menu_order":0,"comment_status":"closed","ping_status":"closed","template":"","meta":{"_acf_changed":false,"_exactmetrics_skip_tracking":false,"_exactmetrics_sitenote_active":false,"_exactmetrics_sitenote_note":"","_exactmetrics_sitenote_category":0,"footnotes":""},"class_list":["post-699","page","type-page","status-publish","hentry"],"acf":[],"yoast_head":"<!-- This site is optimized with the Yoast SEO plugin v23.9 - https:\/\/yoast.com\/wordpress\/plugins\/seo\/ -->\n<title>Kuopio - Asema-alueet<\/title>\n<meta name=\"robots\" content=\"noindex, follow, max-snippet:-1, max-image-preview:large, max-video-preview:-1\" \/>\n<meta property=\"og:locale\" content=\"fi_FI\" \/>\n<meta property=\"og:type\" content=\"article\" \/>\n<meta property=\"og:title\" content=\"Kuopio - Asema-alueet\" \/>\n<meta property=\"og:description\" content=\"[vc_row][vc_column][senaatti_hero heading=&#8221;Kuopio&#8221; text=&#8221;Senaatin Asema-alueet Oy:ll\u00e4 on kehitett\u00e4vin\u00e4 alueina vanha konepajan kiinteist\u00f6. Alueella on sijainnut aikaisemmin my\u00f6s muun muassa Kuopion vanha rautatieasema. Kuopion Itkonniemi &#8211; Vanha-Asema osayleiskaava on tullut voimaan 2020.&#8221; image=&#8221;1522&#8243; btn=&#8221;url:https%3A%2F%2Ftesti-e2c55b704894.senaatti.fi%2Fasema-alueet%2F2024%2F05%2F23%2Fkuopion-konepajan-alue-myynnissa-monia-mahdollisuuksia-tarjoava-historiallinen-kohde%2F|title:Tiedote%2C%20julkaistu%3A%2023.5.2024&#8243;][\/vc_column][\/vc_row][vc_row][vc_column][senaatti_feature align=&#8221;right&#8221; background_color=&#8221;senaatti-lighter-blue&#8221; heading=&#8221;Kuopion konepajan alue myynniss\u00e4 \u2013 monia mahdollisuuksia tarjoava historiallinen kohde&#8221; text=&#8221;Senaatin Asema-alueet Oy myy tarjousten perusteella Kuopion konepajan alueen osoitteessa Pohjolankatu [&hellip;]\" \/>\n<meta property=\"og:url\" content=\"https:\/\/www.senaatti.fi\/asema-alueet\/kuopio\/\" \/>\n<meta property=\"og:site_name\" content=\"Asema-alueet\" \/>\n<meta property=\"article:modified_time\" content=\"2024-05-23T06:14:59+00:00\" \/>\n<meta name=\"twitter:card\" content=\"summary_large_image\" \/>\n<meta name=\"twitter:label1\" content=\"Arvioitu lukuaika\" \/>\n\t<meta name=\"twitter:data1\" content=\"3 minuuttia\" \/>\n<script type=\"application\/ld+json\" class=\"yoast-schema-graph\">{\"@context\":\"https:\/\/schema.org\",\"@graph\":[{\"@type\":\"WebPage\",\"@id\":\"https:\/\/www.senaatti.fi\/asema-alueet\/kuopio\/\",\"url\":\"https:\/\/www.senaatti.fi\/asema-alueet\/kuopio\/\",\"name\":\"Kuopio - Asema-alueet\",\"isPartOf\":{\"@id\":\"https:\/\/www.senaatti.fi\/asema-alueet\/#website\"},\"datePublished\":\"2019-09-09T12:40:50+00:00\",\"dateModified\":\"2024-05-23T06:14:59+00:00\",\"breadcrumb\":{\"@id\":\"https:\/\/www.senaatti.fi\/asema-alueet\/kuopio\/#breadcrumb\"},\"inLanguage\":\"fi\",\"potentialAction\":[{\"@type\":\"ReadAction\",\"target\":[\"https:\/\/www.senaatti.fi\/asema-alueet\/kuopio\/\"]}]},{\"@type\":\"BreadcrumbList\",\"@id\":\"https:\/\/www.senaatti.fi\/asema-alueet\/kuopio\/#breadcrumb\",\"itemListElement\":[{\"@type\":\"ListItem\",\"position\":1,\"name\":\"Etusivu\",\"item\":\"https:\/\/www.senaatti.fi\/asema-alueet\/\"},{\"@type\":\"ListItem\",\"position\":2,\"name\":\"Kuopio\"}]},{\"@type\":\"WebSite\",\"@id\":\"https:\/\/www.senaatti.fi\/asema-alueet\/#website\",\"url\":\"https:\/\/www.senaatti.fi\/asema-alueet\/\",\"name\":\"Asema-alueet\",\"description\":\"Senaatin Asema-alueet\",\"potentialAction\":[{\"@type\":\"SearchAction\",\"target\":{\"@type\":\"EntryPoint\",\"urlTemplate\":\"https:\/\/www.senaatti.fi\/asema-alueet\/?s={search_term_string}\"},\"query-input\":{\"@type\":\"PropertyValueSpecification\",\"valueRequired\":true,\"valueName\":\"search_term_string\"}}],\"inLanguage\":\"fi\"}]}<\/script>\n<!-- \/ Yoast SEO plugin. -->","yoast_head_json":{"title":"Kuopio - Asema-alueet","robots":{"index":"noindex","follow":"follow","max-snippet":"max-snippet:-1","max-image-preview":"max-image-preview:large","max-video-preview":"max-video-preview:-1"},"og_locale":"fi_FI","og_type":"article","og_title":"Kuopio - Asema-alueet","og_description":"[vc_row][vc_column][senaatti_hero heading=&#8221;Kuopio&#8221; text=&#8221;Senaatin Asema-alueet Oy:ll\u00e4 on kehitett\u00e4vin\u00e4 alueina vanha konepajan kiinteist\u00f6. Alueella on sijainnut aikaisemmin my\u00f6s muun muassa Kuopion vanha rautatieasema. Kuopion Itkonniemi &#8211; Vanha-Asema osayleiskaava on tullut voimaan 2020.&#8221; image=&#8221;1522&#8243; btn=&#8221;url:https%3A%2F%2Ftesti-e2c55b704894.senaatti.fi%2Fasema-alueet%2F2024%2F05%2F23%2Fkuopion-konepajan-alue-myynnissa-monia-mahdollisuuksia-tarjoava-historiallinen-kohde%2F|title:Tiedote%2C%20julkaistu%3A%2023.5.2024&#8243;][\/vc_column][\/vc_row][vc_row][vc_column][senaatti_feature align=&#8221;right&#8221; background_color=&#8221;senaatti-lighter-blue&#8221; heading=&#8221;Kuopion konepajan alue myynniss\u00e4 \u2013 monia mahdollisuuksia tarjoava historiallinen kohde&#8221; text=&#8221;Senaatin Asema-alueet Oy myy tarjousten perusteella Kuopion konepajan alueen osoitteessa Pohjolankatu [&hellip;]","og_url":"https:\/\/www.senaatti.fi\/asema-alueet\/kuopio\/","og_site_name":"Asema-alueet","article_modified_time":"2024-05-23T06:14:59+00:00","twitter_card":"summary_large_image","twitter_misc":{"Arvioitu lukuaika":"3 minuuttia"},"schema":{"@context":"https:\/\/schema.org","@graph":[{"@type":"WebPage","@id":"https:\/\/www.senaatti.fi\/asema-alueet\/kuopio\/","url":"https:\/\/www.senaatti.fi\/asema-alueet\/kuopio\/","name":"Kuopio - Asema-alueet","isPartOf":{"@id":"https:\/\/www.senaatti.fi\/asema-alueet\/#website"},"datePublished":"2019-09-09T12:40:50+00:00","dateModified":"2024-05-23T06:14:59+00:00","breadcrumb":{"@id":"https:\/\/www.senaatti.fi\/asema-alueet\/kuopio\/#breadcrumb"},"inLanguage":"fi","potentialAction":[{"@type":"ReadAction","target":["https:\/\/www.senaatti.fi\/asema-alueet\/kuopio\/"]}]},{"@type":"BreadcrumbList","@id":"https:\/\/www.senaatti.fi\/asema-alueet\/kuopio\/#breadcrumb","itemListElement":[{"@type":"ListItem","position":1,"name":"Etusivu","item":"https:\/\/www.senaatti.fi\/asema-alueet\/"},{"@type":"ListItem","position":2,"name":"Kuopio"}]},{"@type":"WebSite","@id":"https:\/\/www.senaatti.fi\/asema-alueet\/#website","url":"https:\/\/www.senaatti.fi\/asema-alueet\/","name":"Asema-alueet","description":"Senaatin Asema-alueet","potentialAction":[{"@type":"SearchAction","target":{"@type":"EntryPoint","urlTemplate":"https:\/\/www.senaatti.fi\/asema-alueet\/?s={search_term_string}"},"query-input":{"@type":"PropertyValueSpecification","valueRequired":true,"valueName":"search_term_string"}}],"inLanguage":"fi"}]}},"_links":{"self":[{"href":"https:\/\/testi-e2c55b704894.senaatti.fi\/asema-alueet\/wp-json\/wp\/v2\/pages\/699","targetHints":{"allow":["GET"]}}],"collection":[{"href":"https:\/\/testi-e2c55b704894.senaatti.fi\/asema-alueet\/wp-json\/wp\/v2\/pages"}],"about":[{"href":"https:\/\/testi-e2c55b704894.senaatti.fi\/asema-alueet\/wp-json\/wp\/v2\/types\/page"}],"author":[{"embeddable":true,"href":"https:\/\/testi-e2c55b704894.senaatti.fi\/asema-alueet\/wp-json\/wp\/v2\/users\/16"}],"replies":[{"embeddable":true,"href":"https:\/\/testi-e2c55b704894.senaatti.fi\/asema-alueet\/wp-json\/wp\/v2\/comments?post=699"}],"version-history":[{"count":11,"href":"https:\/\/testi-e2c55b704894.senaatti.fi\/asema-alueet\/wp-json\/wp\/v2\/pages\/699\/revisions"}],"predecessor-version":[{"id":1811,"href":"https:\/\/testi-e2c55b704894.senaatti.fi\/asema-alueet\/wp-json\/wp\/v2\/pages\/699\/revisions\/1811"}],"wp:attachment":[{"href":"https:\/\/testi-e2c55b704894.senaatti.fi\/asema-alueet\/wp-json\/wp\/v2\/media?parent=699"}],"curies":[{"name":"wp","href":"https:\/\/api.w.org\/{rel}","templated":true}]}}