{"id":701,"date":"2019-09-25T08:14:36","date_gmt":"2019-09-25T08:14:36","guid":{"rendered":"https:\/\/testi-e2c55b704894.senaatti.fi\/asema-alueet\/?page_id=701"},"modified":"2024-01-15T12:59:19","modified_gmt":"2024-01-15T12:59:19","slug":"kauniainen","status":"publish","type":"page","link":"https:\/\/testi-e2c55b704894.senaatti.fi\/asema-alueet\/kauniainen\/","title":{"rendered":"Kauniainen"},"content":{"rendered":"<div class=\"wpb-content-wrapper\"><p>[vc_row][vc_column][senaatti_hero heading=&#8221;Kauniainen&#8221; text=&#8221;Kauniaisten asema on merkitt\u00e4v\u00e4 ty\u00f6matkaliikenteen solmukohta, joka sijaitsee vain 13 kilometrin p\u00e4\u00e4ss\u00e4 Helsingin p\u00e4\u00e4rautatieasemalta. Senaatin Asema-alueet Oy:ll\u00e4 on kehitett\u00e4v\u00e4n\u00e4 alueena asema-alueen etel\u00e4osa.&#8221; image=&#8221;822&#8243; btn=&#8221;url:https%3A%2F%2Fwww.kauniainen.fi%2Fasuminen-ja-ymparisto%2Fkaavoitus-ja-maankaytto%2Fkaavoitus%2Fkaavoitushankkeet%2Fak-243-asemanseutu%2F|title:Kauniaisten%20asema-alueen%20kaavamuutoksen%20osallistumis-%20ja%20arviointisuunnitelma&#8221;][\/vc_column][\/vc_row][vc_row][vc_column][vc_column_text]Kauniasten asema-alueen etel\u00e4osalle vireill\u00e4 olevan asemakaavan muutoksen tavoitteena on tutkia asuin- ja liikekerrostalon sek\u00e4 maanalaisten pys\u00e4k\u00f6intitilojen sijoittamista alueelle. Lis\u00e4ksi kaavamuutoksessa tarkastellaan asemarakennuksen k\u00e4ytt\u00f6tarkoitus sek\u00e4 yleisten alueiden j\u00e4sentely ja k\u00e4ytt\u00f6mahdollisuudet ja eri toimintojen yhteensovittaminen. Rakennusoikeuden m\u00e4\u00e4r\u00e4 ja kerroksisuus, kaupunkikuvalliset ratkaisut sek\u00e4 kaava-alueen tarkempi rajaus m\u00e4\u00e4rittyv\u00e4t suunnitteluprosessissa. Suunnittelussa tulee kiinnitt\u00e4\u00e4 erityist\u00e4 huomiota kaupunkikuvalliseen tarkasteluun ja suunniteltavan uudisrakentamisen tulee olla sopusoinnussa ymp\u00e4r\u00f6iv\u00e4n rakennuskannan kanssa.[\/vc_column_text][\/vc_column][\/vc_row][vc_row][vc_column][senaatti_directions heading=&#8221;Sijainti ja l\u00e4hiymp\u00e4rist\u00f6&#8221; address=&#8221;60.211972, 24.731194&#8243;]L\u00e4hiet\u00e4isyydell\u00e4:<\/p>\n<ul>\n<li>Kauppakeskus Grani 150 m<\/li>\n<li>Kauniaisten kirjasto 250 m<\/li>\n<li>kaupungintalo 300 m<\/li>\n<\/ul>\n<p>[\/senaatti_directions][\/vc_column][\/vc_row][vc_row][vc_column][senaatti_loop_contacts heading=&#8221;Yhteystiedot&#8221; contacts=&#8221;52858&#8243;][\/vc_column][\/vc_row]<\/p>\n<\/div>","protected":false},"excerpt":{"rendered":"<p>[vc_row][vc_column][senaatti_hero heading=&#8221;Kauniainen&#8221; text=&#8221;Kauniaisten asema on merkitt\u00e4v\u00e4 ty\u00f6matkaliikenteen solmukohta, joka sijaitsee vain 13 kilometrin p\u00e4\u00e4ss\u00e4 Helsingin p\u00e4\u00e4rautatieasemalta. Senaatin Asema-alueet Oy:ll\u00e4 on kehitett\u00e4v\u00e4n\u00e4 alueena asema-alueen etel\u00e4osa.&#8221; image=&#8221;822&#8243; btn=&#8221;url:https%3A%2F%2Fwww.kauniainen.fi%2Fasuminen-ja-ymparisto%2Fkaavoitus-ja-maankaytto%2Fkaavoitus%2Fkaavoitushankkeet%2Fak-243-asemanseutu%2F|title:Kauniaisten%20asema-alueen%20kaavamuutoksen%20osallistumis-%20ja%20arviointisuunnitelma&#8221;][\/vc_column][\/vc_row][vc_row][vc_column][vc_column_text]Kauniasten asema-alueen etel\u00e4osalle vireill\u00e4 olevan asemakaavan muutoksen tavoitteena on tutkia asuin- ja liikekerrostalon sek\u00e4 maanalaisten pys\u00e4k\u00f6intitilojen sijoittamista alueelle. Lis\u00e4ksi kaavamuutoksessa tarkastellaan asemarakennuksen k\u00e4ytt\u00f6tarkoitus sek\u00e4 yleisten alueiden j\u00e4sentely ja k\u00e4ytt\u00f6mahdollisuudet ja [&hellip;]<\/p>\n","protected":false},"author":16,"featured_media":0,"parent":0,"menu_order":0,"comment_status":"closed","ping_status":"closed","template":"","meta":{"_acf_changed":false,"_exactmetrics_skip_tracking":false,"_exactmetrics_sitenote_active":false,"_exactmetrics_sitenote_note":"","_exactmetrics_sitenote_category":0,"footnotes":""},"class_list":["post-701","page","type-page","status-publish","hentry"],"acf":[],"yoast_head":"<!-- This site is optimized with the Yoast SEO plugin v23.9 - https:\/\/yoast.com\/wordpress\/plugins\/seo\/ -->\n<title>Kauniainen - Asema-alueet<\/title>\n<meta name=\"robots\" content=\"noindex, follow, max-snippet:-1, max-image-preview:large, max-video-preview:-1\" \/>\n<meta property=\"og:locale\" content=\"fi_FI\" \/>\n<meta property=\"og:type\" content=\"article\" \/>\n<meta property=\"og:title\" content=\"Kauniainen - Asema-alueet\" \/>\n<meta property=\"og:description\" content=\"[vc_row][vc_column][senaatti_hero heading=&#8221;Kauniainen&#8221; text=&#8221;Kauniaisten asema on merkitt\u00e4v\u00e4 ty\u00f6matkaliikenteen solmukohta, joka sijaitsee vain 13 kilometrin p\u00e4\u00e4ss\u00e4 Helsingin p\u00e4\u00e4rautatieasemalta. Senaatin Asema-alueet Oy:ll\u00e4 on kehitett\u00e4v\u00e4n\u00e4 alueena asema-alueen etel\u00e4osa.&#8221; image=&#8221;822&#8243; btn=&#8221;url:https%3A%2F%2Fwww.kauniainen.fi%2Fasuminen-ja-ymparisto%2Fkaavoitus-ja-maankaytto%2Fkaavoitus%2Fkaavoitushankkeet%2Fak-243-asemanseutu%2F|title:Kauniaisten%20asema-alueen%20kaavamuutoksen%20osallistumis-%20ja%20arviointisuunnitelma&#8221;][\/vc_column][\/vc_row][vc_row][vc_column][vc_column_text]Kauniasten asema-alueen etel\u00e4osalle vireill\u00e4 olevan asemakaavan muutoksen tavoitteena on tutkia asuin- ja liikekerrostalon sek\u00e4 maanalaisten pys\u00e4k\u00f6intitilojen sijoittamista alueelle. Lis\u00e4ksi kaavamuutoksessa tarkastellaan asemarakennuksen k\u00e4ytt\u00f6tarkoitus sek\u00e4 yleisten alueiden j\u00e4sentely ja k\u00e4ytt\u00f6mahdollisuudet ja [&hellip;]\" \/>\n<meta property=\"og:url\" content=\"https:\/\/www.senaatti.fi\/asema-alueet\/kauniainen\/\" \/>\n<meta property=\"og:site_name\" content=\"Asema-alueet\" \/>\n<meta property=\"article:modified_time\" content=\"2024-01-15T12:59:19+00:00\" \/>\n<meta name=\"twitter:card\" content=\"summary_large_image\" \/>\n<meta name=\"twitter:label1\" content=\"Arvioitu lukuaika\" \/>\n\t<meta name=\"twitter:data1\" content=\"1 minuutti\" \/>\n<script type=\"application\/ld+json\" class=\"yoast-schema-graph\">{\"@context\":\"https:\/\/schema.org\",\"@graph\":[{\"@type\":\"WebPage\",\"@id\":\"https:\/\/www.senaatti.fi\/asema-alueet\/kauniainen\/\",\"url\":\"https:\/\/www.senaatti.fi\/asema-alueet\/kauniainen\/\",\"name\":\"Kauniainen - Asema-alueet\",\"isPartOf\":{\"@id\":\"https:\/\/www.senaatti.fi\/asema-alueet\/#website\"},\"datePublished\":\"2019-09-25T08:14:36+00:00\",\"dateModified\":\"2024-01-15T12:59:19+00:00\",\"breadcrumb\":{\"@id\":\"https:\/\/www.senaatti.fi\/asema-alueet\/kauniainen\/#breadcrumb\"},\"inLanguage\":\"fi\",\"potentialAction\":[{\"@type\":\"ReadAction\",\"target\":[\"https:\/\/www.senaatti.fi\/asema-alueet\/kauniainen\/\"]}]},{\"@type\":\"BreadcrumbList\",\"@id\":\"https:\/\/www.senaatti.fi\/asema-alueet\/kauniainen\/#breadcrumb\",\"itemListElement\":[{\"@type\":\"ListItem\",\"position\":1,\"name\":\"Etusivu\",\"item\":\"https:\/\/www.senaatti.fi\/asema-alueet\/\"},{\"@type\":\"ListItem\",\"position\":2,\"name\":\"Kauniainen\"}]},{\"@type\":\"WebSite\",\"@id\":\"https:\/\/www.senaatti.fi\/asema-alueet\/#website\",\"url\":\"https:\/\/www.senaatti.fi\/asema-alueet\/\",\"name\":\"Asema-alueet\",\"description\":\"Senaatin Asema-alueet\",\"potentialAction\":[{\"@type\":\"SearchAction\",\"target\":{\"@type\":\"EntryPoint\",\"urlTemplate\":\"https:\/\/www.senaatti.fi\/asema-alueet\/?s={search_term_string}\"},\"query-input\":{\"@type\":\"PropertyValueSpecification\",\"valueRequired\":true,\"valueName\":\"search_term_string\"}}],\"inLanguage\":\"fi\"}]}<\/script>\n<!-- \/ Yoast SEO plugin. -->","yoast_head_json":{"title":"Kauniainen - Asema-alueet","robots":{"index":"noindex","follow":"follow","max-snippet":"max-snippet:-1","max-image-preview":"max-image-preview:large","max-video-preview":"max-video-preview:-1"},"og_locale":"fi_FI","og_type":"article","og_title":"Kauniainen - Asema-alueet","og_description":"[vc_row][vc_column][senaatti_hero heading=&#8221;Kauniainen&#8221; text=&#8221;Kauniaisten asema on merkitt\u00e4v\u00e4 ty\u00f6matkaliikenteen solmukohta, joka sijaitsee vain 13 kilometrin p\u00e4\u00e4ss\u00e4 Helsingin p\u00e4\u00e4rautatieasemalta. Senaatin Asema-alueet Oy:ll\u00e4 on kehitett\u00e4v\u00e4n\u00e4 alueena asema-alueen etel\u00e4osa.&#8221; image=&#8221;822&#8243; btn=&#8221;url:https%3A%2F%2Fwww.kauniainen.fi%2Fasuminen-ja-ymparisto%2Fkaavoitus-ja-maankaytto%2Fkaavoitus%2Fkaavoitushankkeet%2Fak-243-asemanseutu%2F|title:Kauniaisten%20asema-alueen%20kaavamuutoksen%20osallistumis-%20ja%20arviointisuunnitelma&#8221;][\/vc_column][\/vc_row][vc_row][vc_column][vc_column_text]Kauniasten asema-alueen etel\u00e4osalle vireill\u00e4 olevan asemakaavan muutoksen tavoitteena on tutkia asuin- ja liikekerrostalon sek\u00e4 maanalaisten pys\u00e4k\u00f6intitilojen sijoittamista alueelle. Lis\u00e4ksi kaavamuutoksessa tarkastellaan asemarakennuksen k\u00e4ytt\u00f6tarkoitus sek\u00e4 yleisten alueiden j\u00e4sentely ja k\u00e4ytt\u00f6mahdollisuudet ja [&hellip;]","og_url":"https:\/\/www.senaatti.fi\/asema-alueet\/kauniainen\/","og_site_name":"Asema-alueet","article_modified_time":"2024-01-15T12:59:19+00:00","twitter_card":"summary_large_image","twitter_misc":{"Arvioitu lukuaika":"1 minuutti"},"schema":{"@context":"https:\/\/schema.org","@graph":[{"@type":"WebPage","@id":"https:\/\/www.senaatti.fi\/asema-alueet\/kauniainen\/","url":"https:\/\/www.senaatti.fi\/asema-alueet\/kauniainen\/","name":"Kauniainen - Asema-alueet","isPartOf":{"@id":"https:\/\/www.senaatti.fi\/asema-alueet\/#website"},"datePublished":"2019-09-25T08:14:36+00:00","dateModified":"2024-01-15T12:59:19+00:00","breadcrumb":{"@id":"https:\/\/www.senaatti.fi\/asema-alueet\/kauniainen\/#breadcrumb"},"inLanguage":"fi","potentialAction":[{"@type":"ReadAction","target":["https:\/\/www.senaatti.fi\/asema-alueet\/kauniainen\/"]}]},{"@type":"BreadcrumbList","@id":"https:\/\/www.senaatti.fi\/asema-alueet\/kauniainen\/#breadcrumb","itemListElement":[{"@type":"ListItem","position":1,"name":"Etusivu","item":"https:\/\/www.senaatti.fi\/asema-alueet\/"},{"@type":"ListItem","position":2,"name":"Kauniainen"}]},{"@type":"WebSite","@id":"https:\/\/www.senaatti.fi\/asema-alueet\/#website","url":"https:\/\/www.senaatti.fi\/asema-alueet\/","name":"Asema-alueet","description":"Senaatin Asema-alueet","potentialAction":[{"@type":"SearchAction","target":{"@type":"EntryPoint","urlTemplate":"https:\/\/www.senaatti.fi\/asema-alueet\/?s={search_term_string}"},"query-input":{"@type":"PropertyValueSpecification","valueRequired":true,"valueName":"search_term_string"}}],"inLanguage":"fi"}]}},"_links":{"self":[{"href":"https:\/\/testi-e2c55b704894.senaatti.fi\/asema-alueet\/wp-json\/wp\/v2\/pages\/701","targetHints":{"allow":["GET"]}}],"collection":[{"href":"https:\/\/testi-e2c55b704894.senaatti.fi\/asema-alueet\/wp-json\/wp\/v2\/pages"}],"about":[{"href":"https:\/\/testi-e2c55b704894.senaatti.fi\/asema-alueet\/wp-json\/wp\/v2\/types\/page"}],"author":[{"embeddable":true,"href":"https:\/\/testi-e2c55b704894.senaatti.fi\/asema-alueet\/wp-json\/wp\/v2\/users\/16"}],"replies":[{"embeddable":true,"href":"https:\/\/testi-e2c55b704894.senaatti.fi\/asema-alueet\/wp-json\/wp\/v2\/comments?post=701"}],"version-history":[{"count":10,"href":"https:\/\/testi-e2c55b704894.senaatti.fi\/asema-alueet\/wp-json\/wp\/v2\/pages\/701\/revisions"}],"predecessor-version":[{"id":1763,"href":"https:\/\/testi-e2c55b704894.senaatti.fi\/asema-alueet\/wp-json\/wp\/v2\/pages\/701\/revisions\/1763"}],"wp:attachment":[{"href":"https:\/\/testi-e2c55b704894.senaatti.fi\/asema-alueet\/wp-json\/wp\/v2\/media?parent=701"}],"curies":[{"name":"wp","href":"https:\/\/api.w.org\/{rel}","templated":true}]}}