{"id":703,"date":"2019-09-25T08:14:39","date_gmt":"2019-09-25T08:14:39","guid":{"rendered":"https:\/\/testi-e2c55b704894.senaatti.fi\/asema-alueet\/?page_id=703"},"modified":"2019-09-25T08:14:39","modified_gmt":"2019-09-25T08:14:39","slug":"riihimaki","status":"publish","type":"page","link":"https:\/\/testi-e2c55b704894.senaatti.fi\/asema-alueet\/riihimaki\/","title":{"rendered":"Riihim\u00e4ki"},"content":{"rendered":"<div class=\"wpb-content-wrapper\"><p>[vc_row][vc_column][senaatti_hero heading=&#8221;Riihim\u00e4ki&#8221; text=&#8221;Riihim\u00e4en aseman alue sek\u00e4 pohjoinen ratapiha ovat merkitt\u00e4v\u00e4ss\u00e4 roolissa kaupungin kehittyess\u00e4 radan ymp\u00e4rist\u00f6\u00f6n. Rata-alueen ymp\u00e4rist\u00f6n kehitt\u00e4misen tavoitteena on keskustan alueen tiivist\u00e4minen, liikenneyhteyksien parantaminen sek\u00e4 kulttuuripalveluiden ja virkistysalueiden yhdist\u00e4minen. Asemanseutua korostetaan keskustan syd\u00e4men\u00e4 suurien liikennevirtojen sek\u00e4 palveluiden l\u00e4heisyydess\u00e4.&#8221; image=&#8221;839&#8243;][\/vc_column][\/vc_row][vc_row][vc_column][senaatti_directions heading=&#8221;Sijainti ja l\u00e4hiymp\u00e4rist\u00f6&#8221; address=&#8221;Rautatietori 1, 11130 Riihim\u00e4ki&#8221;]Riihim\u00e4en asema sijaitsee p\u00e4\u00e4radan varressa, noin 70 kilometrin p\u00e4\u00e4ss\u00e4 Helsingin p\u00e4\u00e4rautatieasemalta pohjoiseen.<\/p>\n<p>L\u00e4hiet\u00e4isyydell\u00e4:<\/p>\n<ul>\n<li>kaupungintalo 200 m<\/li>\n<li>Hotel Seurahuone 600 m<\/li>\n<li>Prisma Riihim\u00e4ki 200 m<\/li>\n<li>Helsinki 70 km<\/li>\n<li>H\u00e4meenlinna 33 km<\/li>\n<\/ul>\n<p>[\/senaatti_directions][\/vc_column][\/vc_row][vc_row][vc_column][senaatti_loop_contacts heading=&#8221;Yhteystiedot&#8221; contacts=&#8221;32819&#8243;][\/vc_column][\/vc_row]<\/p>\n<\/div>","protected":false},"excerpt":{"rendered":"<p>[vc_row][vc_column][senaatti_hero heading=&#8221;Riihim\u00e4ki&#8221; text=&#8221;Riihim\u00e4en aseman alue sek\u00e4 pohjoinen ratapiha ovat merkitt\u00e4v\u00e4ss\u00e4 roolissa kaupungin kehittyess\u00e4 radan ymp\u00e4rist\u00f6\u00f6n. Rata-alueen ymp\u00e4rist\u00f6n kehitt\u00e4misen tavoitteena on keskustan alueen tiivist\u00e4minen, liikenneyhteyksien parantaminen sek\u00e4 kulttuuripalveluiden ja virkistysalueiden yhdist\u00e4minen. Asemanseutua korostetaan keskustan syd\u00e4men\u00e4 suurien liikennevirtojen sek\u00e4 palveluiden l\u00e4heisyydess\u00e4.&#8221; image=&#8221;839&#8243;][\/vc_column][\/vc_row][vc_row][vc_column][senaatti_directions heading=&#8221;Sijainti ja l\u00e4hiymp\u00e4rist\u00f6&#8221; address=&#8221;Rautatietori 1, 11130 Riihim\u00e4ki&#8221;]Riihim\u00e4en asema sijaitsee p\u00e4\u00e4radan varressa, noin 70 kilometrin p\u00e4\u00e4ss\u00e4 [&hellip;]<\/p>\n","protected":false},"author":16,"featured_media":0,"parent":0,"menu_order":0,"comment_status":"closed","ping_status":"closed","template":"","meta":{"_acf_changed":false,"_exactmetrics_skip_tracking":false,"_exactmetrics_sitenote_active":false,"_exactmetrics_sitenote_note":"","_exactmetrics_sitenote_category":0,"footnotes":""},"class_list":["post-703","page","type-page","status-publish","hentry"],"acf":[],"yoast_head":"<!-- This site is optimized with the Yoast SEO plugin v23.9 - https:\/\/yoast.com\/wordpress\/plugins\/seo\/ -->\n<title>Riihim\u00e4ki - Asema-alueet<\/title>\n<meta name=\"robots\" content=\"noindex, follow, max-snippet:-1, max-image-preview:large, max-video-preview:-1\" \/>\n<meta property=\"og:locale\" content=\"fi_FI\" \/>\n<meta property=\"og:type\" content=\"article\" \/>\n<meta property=\"og:title\" content=\"Riihim\u00e4ki - Asema-alueet\" \/>\n<meta property=\"og:description\" content=\"[vc_row][vc_column][senaatti_hero heading=&#8221;Riihim\u00e4ki&#8221; text=&#8221;Riihim\u00e4en aseman alue sek\u00e4 pohjoinen ratapiha ovat merkitt\u00e4v\u00e4ss\u00e4 roolissa kaupungin kehittyess\u00e4 radan ymp\u00e4rist\u00f6\u00f6n. Rata-alueen ymp\u00e4rist\u00f6n kehitt\u00e4misen tavoitteena on keskustan alueen tiivist\u00e4minen, liikenneyhteyksien parantaminen sek\u00e4 kulttuuripalveluiden ja virkistysalueiden yhdist\u00e4minen. Asemanseutua korostetaan keskustan syd\u00e4men\u00e4 suurien liikennevirtojen sek\u00e4 palveluiden l\u00e4heisyydess\u00e4.&#8221; image=&#8221;839&#8243;][\/vc_column][\/vc_row][vc_row][vc_column][senaatti_directions heading=&#8221;Sijainti ja l\u00e4hiymp\u00e4rist\u00f6&#8221; address=&#8221;Rautatietori 1, 11130 Riihim\u00e4ki&#8221;]Riihim\u00e4en asema sijaitsee p\u00e4\u00e4radan varressa, noin 70 kilometrin p\u00e4\u00e4ss\u00e4 [&hellip;]\" \/>\n<meta property=\"og:url\" content=\"https:\/\/www.senaatti.fi\/asema-alueet\/riihimaki\/\" \/>\n<meta property=\"og:site_name\" content=\"Asema-alueet\" \/>\n<meta name=\"twitter:card\" content=\"summary_large_image\" \/>\n<meta name=\"twitter:label1\" content=\"Arvioitu lukuaika\" \/>\n\t<meta name=\"twitter:data1\" content=\"1 minuutti\" \/>\n<script type=\"application\/ld+json\" class=\"yoast-schema-graph\">{\"@context\":\"https:\/\/schema.org\",\"@graph\":[{\"@type\":\"WebPage\",\"@id\":\"https:\/\/www.senaatti.fi\/asema-alueet\/riihimaki\/\",\"url\":\"https:\/\/www.senaatti.fi\/asema-alueet\/riihimaki\/\",\"name\":\"Riihim\u00e4ki - Asema-alueet\",\"isPartOf\":{\"@id\":\"https:\/\/www.senaatti.fi\/asema-alueet\/#website\"},\"datePublished\":\"2019-09-25T08:14:39+00:00\",\"dateModified\":\"2019-09-25T08:14:39+00:00\",\"breadcrumb\":{\"@id\":\"https:\/\/www.senaatti.fi\/asema-alueet\/riihimaki\/#breadcrumb\"},\"inLanguage\":\"fi\",\"potentialAction\":[{\"@type\":\"ReadAction\",\"target\":[\"https:\/\/www.senaatti.fi\/asema-alueet\/riihimaki\/\"]}]},{\"@type\":\"BreadcrumbList\",\"@id\":\"https:\/\/www.senaatti.fi\/asema-alueet\/riihimaki\/#breadcrumb\",\"itemListElement\":[{\"@type\":\"ListItem\",\"position\":1,\"name\":\"Etusivu\",\"item\":\"https:\/\/www.senaatti.fi\/asema-alueet\/\"},{\"@type\":\"ListItem\",\"position\":2,\"name\":\"Riihim\u00e4ki\"}]},{\"@type\":\"WebSite\",\"@id\":\"https:\/\/www.senaatti.fi\/asema-alueet\/#website\",\"url\":\"https:\/\/www.senaatti.fi\/asema-alueet\/\",\"name\":\"Asema-alueet\",\"description\":\"Senaatin Asema-alueet\",\"potentialAction\":[{\"@type\":\"SearchAction\",\"target\":{\"@type\":\"EntryPoint\",\"urlTemplate\":\"https:\/\/www.senaatti.fi\/asema-alueet\/?s={search_term_string}\"},\"query-input\":{\"@type\":\"PropertyValueSpecification\",\"valueRequired\":true,\"valueName\":\"search_term_string\"}}],\"inLanguage\":\"fi\"}]}<\/script>\n<!-- \/ Yoast SEO plugin. -->","yoast_head_json":{"title":"Riihim\u00e4ki - Asema-alueet","robots":{"index":"noindex","follow":"follow","max-snippet":"max-snippet:-1","max-image-preview":"max-image-preview:large","max-video-preview":"max-video-preview:-1"},"og_locale":"fi_FI","og_type":"article","og_title":"Riihim\u00e4ki - Asema-alueet","og_description":"[vc_row][vc_column][senaatti_hero heading=&#8221;Riihim\u00e4ki&#8221; text=&#8221;Riihim\u00e4en aseman alue sek\u00e4 pohjoinen ratapiha ovat merkitt\u00e4v\u00e4ss\u00e4 roolissa kaupungin kehittyess\u00e4 radan ymp\u00e4rist\u00f6\u00f6n. Rata-alueen ymp\u00e4rist\u00f6n kehitt\u00e4misen tavoitteena on keskustan alueen tiivist\u00e4minen, liikenneyhteyksien parantaminen sek\u00e4 kulttuuripalveluiden ja virkistysalueiden yhdist\u00e4minen. Asemanseutua korostetaan keskustan syd\u00e4men\u00e4 suurien liikennevirtojen sek\u00e4 palveluiden l\u00e4heisyydess\u00e4.&#8221; image=&#8221;839&#8243;][\/vc_column][\/vc_row][vc_row][vc_column][senaatti_directions heading=&#8221;Sijainti ja l\u00e4hiymp\u00e4rist\u00f6&#8221; address=&#8221;Rautatietori 1, 11130 Riihim\u00e4ki&#8221;]Riihim\u00e4en asema sijaitsee p\u00e4\u00e4radan varressa, noin 70 kilometrin p\u00e4\u00e4ss\u00e4 [&hellip;]","og_url":"https:\/\/www.senaatti.fi\/asema-alueet\/riihimaki\/","og_site_name":"Asema-alueet","twitter_card":"summary_large_image","twitter_misc":{"Arvioitu lukuaika":"1 minuutti"},"schema":{"@context":"https:\/\/schema.org","@graph":[{"@type":"WebPage","@id":"https:\/\/www.senaatti.fi\/asema-alueet\/riihimaki\/","url":"https:\/\/www.senaatti.fi\/asema-alueet\/riihimaki\/","name":"Riihim\u00e4ki - Asema-alueet","isPartOf":{"@id":"https:\/\/www.senaatti.fi\/asema-alueet\/#website"},"datePublished":"2019-09-25T08:14:39+00:00","dateModified":"2019-09-25T08:14:39+00:00","breadcrumb":{"@id":"https:\/\/www.senaatti.fi\/asema-alueet\/riihimaki\/#breadcrumb"},"inLanguage":"fi","potentialAction":[{"@type":"ReadAction","target":["https:\/\/www.senaatti.fi\/asema-alueet\/riihimaki\/"]}]},{"@type":"BreadcrumbList","@id":"https:\/\/www.senaatti.fi\/asema-alueet\/riihimaki\/#breadcrumb","itemListElement":[{"@type":"ListItem","position":1,"name":"Etusivu","item":"https:\/\/www.senaatti.fi\/asema-alueet\/"},{"@type":"ListItem","position":2,"name":"Riihim\u00e4ki"}]},{"@type":"WebSite","@id":"https:\/\/www.senaatti.fi\/asema-alueet\/#website","url":"https:\/\/www.senaatti.fi\/asema-alueet\/","name":"Asema-alueet","description":"Senaatin Asema-alueet","potentialAction":[{"@type":"SearchAction","target":{"@type":"EntryPoint","urlTemplate":"https:\/\/www.senaatti.fi\/asema-alueet\/?s={search_term_string}"},"query-input":{"@type":"PropertyValueSpecification","valueRequired":true,"valueName":"search_term_string"}}],"inLanguage":"fi"}]}},"_links":{"self":[{"href":"https:\/\/testi-e2c55b704894.senaatti.fi\/asema-alueet\/wp-json\/wp\/v2\/pages\/703","targetHints":{"allow":["GET"]}}],"collection":[{"href":"https:\/\/testi-e2c55b704894.senaatti.fi\/asema-alueet\/wp-json\/wp\/v2\/pages"}],"about":[{"href":"https:\/\/testi-e2c55b704894.senaatti.fi\/asema-alueet\/wp-json\/wp\/v2\/types\/page"}],"author":[{"embeddable":true,"href":"https:\/\/testi-e2c55b704894.senaatti.fi\/asema-alueet\/wp-json\/wp\/v2\/users\/16"}],"replies":[{"embeddable":true,"href":"https:\/\/testi-e2c55b704894.senaatti.fi\/asema-alueet\/wp-json\/wp\/v2\/comments?post=703"}],"version-history":[{"count":6,"href":"https:\/\/testi-e2c55b704894.senaatti.fi\/asema-alueet\/wp-json\/wp\/v2\/pages\/703\/revisions"}],"predecessor-version":[{"id":842,"href":"https:\/\/testi-e2c55b704894.senaatti.fi\/asema-alueet\/wp-json\/wp\/v2\/pages\/703\/revisions\/842"}],"wp:attachment":[{"href":"https:\/\/testi-e2c55b704894.senaatti.fi\/asema-alueet\/wp-json\/wp\/v2\/media?parent=703"}],"curies":[{"name":"wp","href":"https:\/\/api.w.org\/{rel}","templated":true}]}}