{"id":707,"date":"2019-10-25T11:30:02","date_gmt":"2019-10-25T11:30:02","guid":{"rendered":"https:\/\/testi-e2c55b704894.senaatti.fi\/asema-alueet\/?page_id=707"},"modified":"2024-10-07T10:32:33","modified_gmt":"2024-10-07T10:32:33","slug":"iisalmi","status":"publish","type":"page","link":"https:\/\/testi-e2c55b704894.senaatti.fi\/asema-alueet\/iisalmi\/","title":{"rendered":"Iisalmi"},"content":{"rendered":"<div class=\"wpb-content-wrapper\"><p>[vc_row][vc_column][senaatti_hero heading=&#8221;Iisalmi&#8221; text=&#8221;Kehitett\u00e4v\u00e4n\u00e4 alueena Iisalmessa on asema-alueen kiinteist\u00f6 (2,03 ha), johon kuuluvat vanha tavara-aseman rakennus sek\u00e4 asemarakennus.&#8221; image=&#8221;919&#8243;][\/vc_column][\/vc_row][vc_row][vc_column][senaatti_feature_lift align=&#8221;right&#8221; heading=&#8221;Iisalmi, asemarakennus&#8221; text=&#8221;Senaatin Asema-alueet Oy myy Iisalmen kaupungissa sijaitsevan asemarakennuksen osoitteessa Savonkatu 38.<\/p>\n<p>Iisalmen aseman hirsirakenteinen rautatieasemarakennus rakennettiin rautatiehallituksen arkkitehti Bruno Granholmin \u201dIII luokan ilman ravintolaa olevan aseman\u201d piirustusten mukaan vuosina 1900-1902.&#8221; image=&#8221;1855&#8243; btn=&#8221;url:https%3A%2F%2Ftesti-e2c55b704894.senaatti.fi%2Fvaltion-kiinteistot%2Fmyytavat-kohteet%2Ftila%2Fiisalmi-asemarakennus%2F|title:Myynti-ilmoitus&#8221;][\/senaatti_feature_lift][\/vc_column][\/vc_row][vc_row][vc_column][senaatti_directions heading=&#8221;Sijainti ja l\u00e4hiymp\u00e4rist\u00f6&#8221; address=&#8221;Savonkatu 38, 74100 Iisalmi&#8221;]Iisalmi on t\u00e4rke\u00e4 seutukeskus Pohjois-Savon maakunnassa, joka sijaitsee 80 kilometri\u00e4 Kuopiosta pohjoiseen.<\/p>\n<p>L\u00e4hiet\u00e4isyydell\u00e4:<\/p>\n<ul>\n<li>Kauppatori 650 m<\/li>\n<li>Kauppakeskus Iisa 750 m<\/li>\n<li>Original Sokos Hotel Koljonvirta 550 m<\/li>\n<li>kaupunginkirjasto 700 m<\/li>\n<\/ul>\n<p>[\/senaatti_directions][\/vc_column][\/vc_row][vc_row][vc_column][senaatti_loop_contacts heading=&#8221;Yhteystiedot&#8221; contacts=&#8221;52858&#8243;][\/vc_column][\/vc_row]<\/p>\n<\/div>","protected":false},"excerpt":{"rendered":"<p>[vc_row][vc_column][senaatti_hero heading=&#8221;Iisalmi&#8221; text=&#8221;Kehitett\u00e4v\u00e4n\u00e4 alueena Iisalmessa on asema-alueen kiinteist\u00f6 (2,03 ha), johon kuuluvat vanha tavara-aseman rakennus sek\u00e4 asemarakennus.&#8221; image=&#8221;919&#8243;][\/vc_column][\/vc_row][vc_row][vc_column][senaatti_feature_lift align=&#8221;right&#8221; heading=&#8221;Iisalmi, asemarakennus&#8221; text=&#8221;Senaatin Asema-alueet Oy myy Iisalmen kaupungissa sijaitsevan asemarakennuksen osoitteessa Savonkatu 38. Iisalmen aseman hirsirakenteinen rautatieasemarakennus rakennettiin rautatiehallituksen arkkitehti Bruno Granholmin \u201dIII luokan ilman ravintolaa olevan aseman\u201d piirustusten mukaan vuosina 1900-1902.&#8221; image=&#8221;1855&#8243; btn=&#8221;url:https%3A%2F%2Ftesti-e2c55b704894.senaatti.fi%2Fvaltion-kiinteistot%2Fmyytavat-kohteet%2Ftila%2Fiisalmi-asemarakennus%2F|title:Myynti-ilmoitus&#8221;][\/senaatti_feature_lift][\/vc_column][\/vc_row][vc_row][vc_column][senaatti_directions heading=&#8221;Sijainti ja [&hellip;]<\/p>\n","protected":false},"author":16,"featured_media":0,"parent":0,"menu_order":0,"comment_status":"closed","ping_status":"closed","template":"","meta":{"_acf_changed":false,"_exactmetrics_skip_tracking":false,"_exactmetrics_sitenote_active":false,"_exactmetrics_sitenote_note":"","_exactmetrics_sitenote_category":0,"footnotes":""},"class_list":["post-707","page","type-page","status-publish","hentry"],"acf":[],"yoast_head":"<!-- This site is optimized with the Yoast SEO plugin v23.9 - https:\/\/yoast.com\/wordpress\/plugins\/seo\/ -->\n<title>Iisalmi - Asema-alueet<\/title>\n<meta name=\"robots\" content=\"noindex, follow, max-snippet:-1, max-image-preview:large, max-video-preview:-1\" \/>\n<meta property=\"og:locale\" content=\"fi_FI\" \/>\n<meta property=\"og:type\" content=\"article\" \/>\n<meta property=\"og:title\" content=\"Iisalmi - Asema-alueet\" \/>\n<meta property=\"og:description\" content=\"[vc_row][vc_column][senaatti_hero heading=&#8221;Iisalmi&#8221; text=&#8221;Kehitett\u00e4v\u00e4n\u00e4 alueena Iisalmessa on asema-alueen kiinteist\u00f6 (2,03 ha), johon kuuluvat vanha tavara-aseman rakennus sek\u00e4 asemarakennus.&#8221; image=&#8221;919&#8243;][\/vc_column][\/vc_row][vc_row][vc_column][senaatti_feature_lift align=&#8221;right&#8221; heading=&#8221;Iisalmi, asemarakennus&#8221; text=&#8221;Senaatin Asema-alueet Oy myy Iisalmen kaupungissa sijaitsevan asemarakennuksen osoitteessa Savonkatu 38. Iisalmen aseman hirsirakenteinen rautatieasemarakennus rakennettiin rautatiehallituksen arkkitehti Bruno Granholmin \u201dIII luokan ilman ravintolaa olevan aseman\u201d piirustusten mukaan vuosina 1900-1902.&#8221; image=&#8221;1855&#8243; btn=&#8221;url:https%3A%2F%2Ftesti-e2c55b704894.senaatti.fi%2Fvaltion-kiinteistot%2Fmyytavat-kohteet%2Ftila%2Fiisalmi-asemarakennus%2F|title:Myynti-ilmoitus&#8221;][\/senaatti_feature_lift][\/vc_column][\/vc_row][vc_row][vc_column][senaatti_directions heading=&#8221;Sijainti ja [&hellip;]\" \/>\n<meta property=\"og:url\" content=\"https:\/\/www.senaatti.fi\/asema-alueet\/iisalmi\/\" \/>\n<meta property=\"og:site_name\" content=\"Asema-alueet\" \/>\n<meta property=\"article:modified_time\" content=\"2024-10-07T10:32:33+00:00\" \/>\n<meta name=\"twitter:card\" content=\"summary_large_image\" \/>\n<meta name=\"twitter:label1\" content=\"Arvioitu lukuaika\" \/>\n\t<meta name=\"twitter:data1\" content=\"1 minuutti\" \/>\n<script type=\"application\/ld+json\" class=\"yoast-schema-graph\">{\"@context\":\"https:\/\/schema.org\",\"@graph\":[{\"@type\":\"WebPage\",\"@id\":\"https:\/\/www.senaatti.fi\/asema-alueet\/iisalmi\/\",\"url\":\"https:\/\/www.senaatti.fi\/asema-alueet\/iisalmi\/\",\"name\":\"Iisalmi - Asema-alueet\",\"isPartOf\":{\"@id\":\"https:\/\/www.senaatti.fi\/asema-alueet\/#website\"},\"datePublished\":\"2019-10-25T11:30:02+00:00\",\"dateModified\":\"2024-10-07T10:32:33+00:00\",\"breadcrumb\":{\"@id\":\"https:\/\/www.senaatti.fi\/asema-alueet\/iisalmi\/#breadcrumb\"},\"inLanguage\":\"fi\",\"potentialAction\":[{\"@type\":\"ReadAction\",\"target\":[\"https:\/\/www.senaatti.fi\/asema-alueet\/iisalmi\/\"]}]},{\"@type\":\"BreadcrumbList\",\"@id\":\"https:\/\/www.senaatti.fi\/asema-alueet\/iisalmi\/#breadcrumb\",\"itemListElement\":[{\"@type\":\"ListItem\",\"position\":1,\"name\":\"Etusivu\",\"item\":\"https:\/\/www.senaatti.fi\/asema-alueet\/\"},{\"@type\":\"ListItem\",\"position\":2,\"name\":\"Iisalmi\"}]},{\"@type\":\"WebSite\",\"@id\":\"https:\/\/www.senaatti.fi\/asema-alueet\/#website\",\"url\":\"https:\/\/www.senaatti.fi\/asema-alueet\/\",\"name\":\"Asema-alueet\",\"description\":\"Senaatin Asema-alueet\",\"potentialAction\":[{\"@type\":\"SearchAction\",\"target\":{\"@type\":\"EntryPoint\",\"urlTemplate\":\"https:\/\/www.senaatti.fi\/asema-alueet\/?s={search_term_string}\"},\"query-input\":{\"@type\":\"PropertyValueSpecification\",\"valueRequired\":true,\"valueName\":\"search_term_string\"}}],\"inLanguage\":\"fi\"}]}<\/script>\n<!-- \/ Yoast SEO plugin. -->","yoast_head_json":{"title":"Iisalmi - Asema-alueet","robots":{"index":"noindex","follow":"follow","max-snippet":"max-snippet:-1","max-image-preview":"max-image-preview:large","max-video-preview":"max-video-preview:-1"},"og_locale":"fi_FI","og_type":"article","og_title":"Iisalmi - Asema-alueet","og_description":"[vc_row][vc_column][senaatti_hero heading=&#8221;Iisalmi&#8221; text=&#8221;Kehitett\u00e4v\u00e4n\u00e4 alueena Iisalmessa on asema-alueen kiinteist\u00f6 (2,03 ha), johon kuuluvat vanha tavara-aseman rakennus sek\u00e4 asemarakennus.&#8221; image=&#8221;919&#8243;][\/vc_column][\/vc_row][vc_row][vc_column][senaatti_feature_lift align=&#8221;right&#8221; heading=&#8221;Iisalmi, asemarakennus&#8221; text=&#8221;Senaatin Asema-alueet Oy myy Iisalmen kaupungissa sijaitsevan asemarakennuksen osoitteessa Savonkatu 38. Iisalmen aseman hirsirakenteinen rautatieasemarakennus rakennettiin rautatiehallituksen arkkitehti Bruno Granholmin \u201dIII luokan ilman ravintolaa olevan aseman\u201d piirustusten mukaan vuosina 1900-1902.&#8221; image=&#8221;1855&#8243; btn=&#8221;url:https%3A%2F%2Ftesti-e2c55b704894.senaatti.fi%2Fvaltion-kiinteistot%2Fmyytavat-kohteet%2Ftila%2Fiisalmi-asemarakennus%2F|title:Myynti-ilmoitus&#8221;][\/senaatti_feature_lift][\/vc_column][\/vc_row][vc_row][vc_column][senaatti_directions heading=&#8221;Sijainti ja [&hellip;]","og_url":"https:\/\/www.senaatti.fi\/asema-alueet\/iisalmi\/","og_site_name":"Asema-alueet","article_modified_time":"2024-10-07T10:32:33+00:00","twitter_card":"summary_large_image","twitter_misc":{"Arvioitu lukuaika":"1 minuutti"},"schema":{"@context":"https:\/\/schema.org","@graph":[{"@type":"WebPage","@id":"https:\/\/www.senaatti.fi\/asema-alueet\/iisalmi\/","url":"https:\/\/www.senaatti.fi\/asema-alueet\/iisalmi\/","name":"Iisalmi - Asema-alueet","isPartOf":{"@id":"https:\/\/www.senaatti.fi\/asema-alueet\/#website"},"datePublished":"2019-10-25T11:30:02+00:00","dateModified":"2024-10-07T10:32:33+00:00","breadcrumb":{"@id":"https:\/\/www.senaatti.fi\/asema-alueet\/iisalmi\/#breadcrumb"},"inLanguage":"fi","potentialAction":[{"@type":"ReadAction","target":["https:\/\/www.senaatti.fi\/asema-alueet\/iisalmi\/"]}]},{"@type":"BreadcrumbList","@id":"https:\/\/www.senaatti.fi\/asema-alueet\/iisalmi\/#breadcrumb","itemListElement":[{"@type":"ListItem","position":1,"name":"Etusivu","item":"https:\/\/www.senaatti.fi\/asema-alueet\/"},{"@type":"ListItem","position":2,"name":"Iisalmi"}]},{"@type":"WebSite","@id":"https:\/\/www.senaatti.fi\/asema-alueet\/#website","url":"https:\/\/www.senaatti.fi\/asema-alueet\/","name":"Asema-alueet","description":"Senaatin Asema-alueet","potentialAction":[{"@type":"SearchAction","target":{"@type":"EntryPoint","urlTemplate":"https:\/\/www.senaatti.fi\/asema-alueet\/?s={search_term_string}"},"query-input":{"@type":"PropertyValueSpecification","valueRequired":true,"valueName":"search_term_string"}}],"inLanguage":"fi"}]}},"_links":{"self":[{"href":"https:\/\/testi-e2c55b704894.senaatti.fi\/asema-alueet\/wp-json\/wp\/v2\/pages\/707","targetHints":{"allow":["GET"]}}],"collection":[{"href":"https:\/\/testi-e2c55b704894.senaatti.fi\/asema-alueet\/wp-json\/wp\/v2\/pages"}],"about":[{"href":"https:\/\/testi-e2c55b704894.senaatti.fi\/asema-alueet\/wp-json\/wp\/v2\/types\/page"}],"author":[{"embeddable":true,"href":"https:\/\/testi-e2c55b704894.senaatti.fi\/asema-alueet\/wp-json\/wp\/v2\/users\/16"}],"replies":[{"embeddable":true,"href":"https:\/\/testi-e2c55b704894.senaatti.fi\/asema-alueet\/wp-json\/wp\/v2\/comments?post=707"}],"version-history":[{"count":10,"href":"https:\/\/testi-e2c55b704894.senaatti.fi\/asema-alueet\/wp-json\/wp\/v2\/pages\/707\/revisions"}],"predecessor-version":[{"id":1869,"href":"https:\/\/testi-e2c55b704894.senaatti.fi\/asema-alueet\/wp-json\/wp\/v2\/pages\/707\/revisions\/1869"}],"wp:attachment":[{"href":"https:\/\/testi-e2c55b704894.senaatti.fi\/asema-alueet\/wp-json\/wp\/v2\/media?parent=707"}],"curies":[{"name":"wp","href":"https:\/\/api.w.org\/{rel}","templated":true}]}}