{"id":723,"date":"2022-02-17T08:35:40","date_gmt":"2022-02-17T08:35:40","guid":{"rendered":"https:\/\/testi-e2c55b704894.senaatti.fi\/asema-alueet\/?page_id=723"},"modified":"2024-02-23T13:26:00","modified_gmt":"2024-02-23T13:26:00","slug":"lappeenranta","status":"publish","type":"page","link":"https:\/\/testi-e2c55b704894.senaatti.fi\/asema-alueet\/lappeenranta\/","title":{"rendered":"Lappeenranta"},"content":{"rendered":"<div class=\"wpb-content-wrapper\"><p>[vc_row][vc_column][senaatti_hero align=&#8221;right&#8221; heading=&#8221;Lappeenranta&#8221; text=&#8221;Lappeenrannassa kehitett\u00e4vi\u00e4 alueita Senaatin Asema-alueet Oy:ll\u00e4 on entinen huolinta-alue, tavara-asema-alue sek\u00e4 aseman alue. Lis\u00e4ksi omistuksessa on asemarakennuksen vieress\u00e4 sijaitseva liitynt\u00e4pys\u00e4k\u00f6intialue.&#8221; btn=&#8221;url:https%3A%2F%2Fold.lappeenranta.fi%2Ffi%2FPalvelut%2FRakentaminen-ja-maankaytto%2FKaavoitus%2FVireilla-olevat-kaavat%2FKeskustan-alue%2FAsemanseudun-kehittaminen|title:Lis%C3%A4tiedot%20asemakaavamuutoksesta%20Lappeenrannan%20kaupungin%20sivuilla&#8221; image=&#8221;1543&#8243;][\/vc_column][\/vc_row][vc_row][vc_column][vc_column_text]Lappeenrannan asemanseudun kokonaisvaltaisen kehitt\u00e4misty\u00f6n tavoitteena on asemanseudun kehitt\u00e4minen monipuolisena liikkumisen, palvelujen ja asumisen keskittym\u00e4n\u00e4 sek\u00e4 alueen liitt\u00e4minen nykyist\u00e4 kiinte\u00e4mmin ydinkeskustaan. Kehitt\u00e4misen taustalla ovat my\u00f6s matkustajaliikenteen kasvu ja tarve asemapalveluiden kehitt\u00e4miselle. Asemanseudun kehitt\u00e4miseksi on k\u00e4ynnistetty asemakaavan ja tonttijaon muutos rautatieaseman ymp\u00e4rist\u00f6ss\u00e4. Asemakaavamuutoksen tavoitteena on mahdollistaa rautatieaseman ymp\u00e4rist\u00f6n kokonaisvaltainen kehitt\u00e4minen ydinkeskustaan liittyv\u00e4n\u00e4 toimitilojen, palvelujen ja asumisen alueena.[\/vc_column_text][\/vc_column][\/vc_row][vc_row][vc_column][senaatti_directions heading=&#8221;Sijainti ja l\u00e4hiymp\u00e4rist\u00f6&#8221; address=&#8221;Ratakatu 21 53100 Lappeenranta&#8221;]Rautatieaseman alue sijaitsee noin kilometrin p\u00e4\u00e4ss\u00e4 Lappeenrannan keskustasta ja lentoasemasta. Senaatin Asema-alueilla on kiinteist\u00f6j\u00e4 radan pohjois- sek\u00e4 etel\u00e4 puolella.<\/p>\n<ul>\n<li>L\u00e4hiet\u00e4isyydell\u00e4:<\/li>\n<li>Lentoasema 2 km<\/li>\n<li>Matkakeskus aseman yhteydess\u00e4<\/li>\n<li>Original Sokos Hotel Lappee 900 m<\/li>\n<li>Kauppakeskus Opri 1,2 km<\/li>\n<li>LUT-yliopisto 5 km<\/li>\n<\/ul>\n<p>[\/senaatti_directions][\/vc_column][\/vc_row][vc_row][vc_column][senaatti_loop_contacts heading=&#8221;Yhteystiedot&#8221; contacts=&#8221;52858&#8243;][\/vc_column][\/vc_row]<\/p>\n<\/div>","protected":false},"excerpt":{"rendered":"<p>[vc_row][vc_column][senaatti_hero align=&#8221;right&#8221; heading=&#8221;Lappeenranta&#8221; text=&#8221;Lappeenrannassa kehitett\u00e4vi\u00e4 alueita Senaatin Asema-alueet Oy:ll\u00e4 on entinen huolinta-alue, tavara-asema-alue sek\u00e4 aseman alue. Lis\u00e4ksi omistuksessa on asemarakennuksen vieress\u00e4 sijaitseva liitynt\u00e4pys\u00e4k\u00f6intialue.&#8221; btn=&#8221;url:https%3A%2F%2Fold.lappeenranta.fi%2Ffi%2FPalvelut%2FRakentaminen-ja-maankaytto%2FKaavoitus%2FVireilla-olevat-kaavat%2FKeskustan-alue%2FAsemanseudun-kehittaminen|title:Lis%C3%A4tiedot%20asemakaavamuutoksesta%20Lappeenrannan%20kaupungin%20sivuilla&#8221; image=&#8221;1543&#8243;][\/vc_column][\/vc_row][vc_row][vc_column][vc_column_text]Lappeenrannan asemanseudun kokonaisvaltaisen kehitt\u00e4misty\u00f6n tavoitteena on asemanseudun kehitt\u00e4minen monipuolisena liikkumisen, palvelujen ja asumisen keskittym\u00e4n\u00e4 sek\u00e4 alueen liitt\u00e4minen nykyist\u00e4 kiinte\u00e4mmin ydinkeskustaan. Kehitt\u00e4misen taustalla ovat my\u00f6s matkustajaliikenteen kasvu ja tarve asemapalveluiden kehitt\u00e4miselle. Asemanseudun [&hellip;]<\/p>\n","protected":false},"author":16,"featured_media":0,"parent":0,"menu_order":0,"comment_status":"closed","ping_status":"closed","template":"","meta":{"_acf_changed":false,"_exactmetrics_skip_tracking":false,"_exactmetrics_sitenote_active":false,"_exactmetrics_sitenote_note":"","_exactmetrics_sitenote_category":0,"footnotes":""},"class_list":["post-723","page","type-page","status-publish","hentry"],"acf":[],"yoast_head":"<!-- This site is optimized with the Yoast SEO plugin v23.9 - https:\/\/yoast.com\/wordpress\/plugins\/seo\/ -->\n<title>Lappeenranta - Asema-alueet<\/title>\n<meta name=\"robots\" content=\"noindex, follow, max-snippet:-1, max-image-preview:large, max-video-preview:-1\" \/>\n<meta property=\"og:locale\" content=\"fi_FI\" \/>\n<meta property=\"og:type\" content=\"article\" \/>\n<meta property=\"og:title\" content=\"Lappeenranta - Asema-alueet\" \/>\n<meta property=\"og:description\" content=\"[vc_row][vc_column][senaatti_hero align=&#8221;right&#8221; heading=&#8221;Lappeenranta&#8221; text=&#8221;Lappeenrannassa kehitett\u00e4vi\u00e4 alueita Senaatin Asema-alueet Oy:ll\u00e4 on entinen huolinta-alue, tavara-asema-alue sek\u00e4 aseman alue. Lis\u00e4ksi omistuksessa on asemarakennuksen vieress\u00e4 sijaitseva liitynt\u00e4pys\u00e4k\u00f6intialue.&#8221; btn=&#8221;url:https%3A%2F%2Fold.lappeenranta.fi%2Ffi%2FPalvelut%2FRakentaminen-ja-maankaytto%2FKaavoitus%2FVireilla-olevat-kaavat%2FKeskustan-alue%2FAsemanseudun-kehittaminen|title:Lis%C3%A4tiedot%20asemakaavamuutoksesta%20Lappeenrannan%20kaupungin%20sivuilla&#8221; image=&#8221;1543&#8243;][\/vc_column][\/vc_row][vc_row][vc_column][vc_column_text]Lappeenrannan asemanseudun kokonaisvaltaisen kehitt\u00e4misty\u00f6n tavoitteena on asemanseudun kehitt\u00e4minen monipuolisena liikkumisen, palvelujen ja asumisen keskittym\u00e4n\u00e4 sek\u00e4 alueen liitt\u00e4minen nykyist\u00e4 kiinte\u00e4mmin ydinkeskustaan. Kehitt\u00e4misen taustalla ovat my\u00f6s matkustajaliikenteen kasvu ja tarve asemapalveluiden kehitt\u00e4miselle. Asemanseudun [&hellip;]\" \/>\n<meta property=\"og:url\" content=\"https:\/\/www.senaatti.fi\/asema-alueet\/lappeenranta\/\" \/>\n<meta property=\"og:site_name\" content=\"Asema-alueet\" \/>\n<meta property=\"article:modified_time\" content=\"2024-02-23T13:26:00+00:00\" \/>\n<meta name=\"twitter:card\" content=\"summary_large_image\" \/>\n<meta name=\"twitter:label1\" content=\"Arvioitu lukuaika\" \/>\n\t<meta name=\"twitter:data1\" content=\"1 minuutti\" \/>\n<script type=\"application\/ld+json\" class=\"yoast-schema-graph\">{\"@context\":\"https:\/\/schema.org\",\"@graph\":[{\"@type\":\"WebPage\",\"@id\":\"https:\/\/www.senaatti.fi\/asema-alueet\/lappeenranta\/\",\"url\":\"https:\/\/www.senaatti.fi\/asema-alueet\/lappeenranta\/\",\"name\":\"Lappeenranta - Asema-alueet\",\"isPartOf\":{\"@id\":\"https:\/\/www.senaatti.fi\/asema-alueet\/#website\"},\"datePublished\":\"2022-02-17T08:35:40+00:00\",\"dateModified\":\"2024-02-23T13:26:00+00:00\",\"breadcrumb\":{\"@id\":\"https:\/\/www.senaatti.fi\/asema-alueet\/lappeenranta\/#breadcrumb\"},\"inLanguage\":\"fi\",\"potentialAction\":[{\"@type\":\"ReadAction\",\"target\":[\"https:\/\/www.senaatti.fi\/asema-alueet\/lappeenranta\/\"]}]},{\"@type\":\"BreadcrumbList\",\"@id\":\"https:\/\/www.senaatti.fi\/asema-alueet\/lappeenranta\/#breadcrumb\",\"itemListElement\":[{\"@type\":\"ListItem\",\"position\":1,\"name\":\"Etusivu\",\"item\":\"https:\/\/www.senaatti.fi\/asema-alueet\/\"},{\"@type\":\"ListItem\",\"position\":2,\"name\":\"Lappeenranta\"}]},{\"@type\":\"WebSite\",\"@id\":\"https:\/\/www.senaatti.fi\/asema-alueet\/#website\",\"url\":\"https:\/\/www.senaatti.fi\/asema-alueet\/\",\"name\":\"Asema-alueet\",\"description\":\"Senaatin Asema-alueet\",\"potentialAction\":[{\"@type\":\"SearchAction\",\"target\":{\"@type\":\"EntryPoint\",\"urlTemplate\":\"https:\/\/www.senaatti.fi\/asema-alueet\/?s={search_term_string}\"},\"query-input\":{\"@type\":\"PropertyValueSpecification\",\"valueRequired\":true,\"valueName\":\"search_term_string\"}}],\"inLanguage\":\"fi\"}]}<\/script>\n<!-- \/ Yoast SEO plugin. -->","yoast_head_json":{"title":"Lappeenranta - Asema-alueet","robots":{"index":"noindex","follow":"follow","max-snippet":"max-snippet:-1","max-image-preview":"max-image-preview:large","max-video-preview":"max-video-preview:-1"},"og_locale":"fi_FI","og_type":"article","og_title":"Lappeenranta - Asema-alueet","og_description":"[vc_row][vc_column][senaatti_hero align=&#8221;right&#8221; heading=&#8221;Lappeenranta&#8221; text=&#8221;Lappeenrannassa kehitett\u00e4vi\u00e4 alueita Senaatin Asema-alueet Oy:ll\u00e4 on entinen huolinta-alue, tavara-asema-alue sek\u00e4 aseman alue. Lis\u00e4ksi omistuksessa on asemarakennuksen vieress\u00e4 sijaitseva liitynt\u00e4pys\u00e4k\u00f6intialue.&#8221; btn=&#8221;url:https%3A%2F%2Fold.lappeenranta.fi%2Ffi%2FPalvelut%2FRakentaminen-ja-maankaytto%2FKaavoitus%2FVireilla-olevat-kaavat%2FKeskustan-alue%2FAsemanseudun-kehittaminen|title:Lis%C3%A4tiedot%20asemakaavamuutoksesta%20Lappeenrannan%20kaupungin%20sivuilla&#8221; image=&#8221;1543&#8243;][\/vc_column][\/vc_row][vc_row][vc_column][vc_column_text]Lappeenrannan asemanseudun kokonaisvaltaisen kehitt\u00e4misty\u00f6n tavoitteena on asemanseudun kehitt\u00e4minen monipuolisena liikkumisen, palvelujen ja asumisen keskittym\u00e4n\u00e4 sek\u00e4 alueen liitt\u00e4minen nykyist\u00e4 kiinte\u00e4mmin ydinkeskustaan. Kehitt\u00e4misen taustalla ovat my\u00f6s matkustajaliikenteen kasvu ja tarve asemapalveluiden kehitt\u00e4miselle. Asemanseudun [&hellip;]","og_url":"https:\/\/www.senaatti.fi\/asema-alueet\/lappeenranta\/","og_site_name":"Asema-alueet","article_modified_time":"2024-02-23T13:26:00+00:00","twitter_card":"summary_large_image","twitter_misc":{"Arvioitu lukuaika":"1 minuutti"},"schema":{"@context":"https:\/\/schema.org","@graph":[{"@type":"WebPage","@id":"https:\/\/www.senaatti.fi\/asema-alueet\/lappeenranta\/","url":"https:\/\/www.senaatti.fi\/asema-alueet\/lappeenranta\/","name":"Lappeenranta - Asema-alueet","isPartOf":{"@id":"https:\/\/www.senaatti.fi\/asema-alueet\/#website"},"datePublished":"2022-02-17T08:35:40+00:00","dateModified":"2024-02-23T13:26:00+00:00","breadcrumb":{"@id":"https:\/\/www.senaatti.fi\/asema-alueet\/lappeenranta\/#breadcrumb"},"inLanguage":"fi","potentialAction":[{"@type":"ReadAction","target":["https:\/\/www.senaatti.fi\/asema-alueet\/lappeenranta\/"]}]},{"@type":"BreadcrumbList","@id":"https:\/\/www.senaatti.fi\/asema-alueet\/lappeenranta\/#breadcrumb","itemListElement":[{"@type":"ListItem","position":1,"name":"Etusivu","item":"https:\/\/www.senaatti.fi\/asema-alueet\/"},{"@type":"ListItem","position":2,"name":"Lappeenranta"}]},{"@type":"WebSite","@id":"https:\/\/www.senaatti.fi\/asema-alueet\/#website","url":"https:\/\/www.senaatti.fi\/asema-alueet\/","name":"Asema-alueet","description":"Senaatin Asema-alueet","potentialAction":[{"@type":"SearchAction","target":{"@type":"EntryPoint","urlTemplate":"https:\/\/www.senaatti.fi\/asema-alueet\/?s={search_term_string}"},"query-input":{"@type":"PropertyValueSpecification","valueRequired":true,"valueName":"search_term_string"}}],"inLanguage":"fi"}]}},"_links":{"self":[{"href":"https:\/\/testi-e2c55b704894.senaatti.fi\/asema-alueet\/wp-json\/wp\/v2\/pages\/723","targetHints":{"allow":["GET"]}}],"collection":[{"href":"https:\/\/testi-e2c55b704894.senaatti.fi\/asema-alueet\/wp-json\/wp\/v2\/pages"}],"about":[{"href":"https:\/\/testi-e2c55b704894.senaatti.fi\/asema-alueet\/wp-json\/wp\/v2\/types\/page"}],"author":[{"embeddable":true,"href":"https:\/\/testi-e2c55b704894.senaatti.fi\/asema-alueet\/wp-json\/wp\/v2\/users\/16"}],"replies":[{"embeddable":true,"href":"https:\/\/testi-e2c55b704894.senaatti.fi\/asema-alueet\/wp-json\/wp\/v2\/comments?post=723"}],"version-history":[{"count":10,"href":"https:\/\/testi-e2c55b704894.senaatti.fi\/asema-alueet\/wp-json\/wp\/v2\/pages\/723\/revisions"}],"predecessor-version":[{"id":1784,"href":"https:\/\/testi-e2c55b704894.senaatti.fi\/asema-alueet\/wp-json\/wp\/v2\/pages\/723\/revisions\/1784"}],"wp:attachment":[{"href":"https:\/\/testi-e2c55b704894.senaatti.fi\/asema-alueet\/wp-json\/wp\/v2\/media?parent=723"}],"curies":[{"name":"wp","href":"https:\/\/api.w.org\/{rel}","templated":true}]}}