{"id":725,"date":"2019-09-09T13:00:18","date_gmt":"2019-09-09T13:00:18","guid":{"rendered":"https:\/\/testi-e2c55b704894.senaatti.fi\/asema-alueet\/?page_id=725"},"modified":"2023-06-05T06:14:49","modified_gmt":"2023-06-05T06:14:49","slug":"rovaniemi","status":"publish","type":"page","link":"https:\/\/testi-e2c55b704894.senaatti.fi\/asema-alueet\/rovaniemi\/","title":{"rendered":"Rovaniemi"},"content":{"rendered":"<div class=\"wpb-content-wrapper\"><p>[vc_row][vc_column][senaatti_hero heading=&#8221;Rovaniemi&#8221; text=&#8221;Senaatin Asema-alueet Oy:ll\u00e4 on kehitett\u00e4vin\u00e4 alueina aseman kiinteist\u00f6 sek\u00e4 asemarakennuksen l\u00e4nsipuolella sijaitsevat huoltorakennusten kiinteist\u00f6t. Rautatieasema on t\u00e4rke\u00e4 kauttakulkupaikka nopeasti kasvavalle ulkomaan-ja kotimaan matkailuliikenteelle. Aseman alue on my\u00f6s merkitt\u00e4v\u00e4 liitynt\u00e4liikenteen solmukohta koko Lapin alueelle.&#8221; image=&#8221;96&#8243;][\/vc_column][\/vc_row][vc_row][vc_column][vc_column_text remove_empty_space_above=&#8221;true&#8221;]<\/p>\n<h2>Pys\u00e4k\u00f6inti asema-alueella on muuttunut<\/h2>\n<p>Senaatin Asema-alueet Oy keskitt\u00e4\u00e4 asema-alueen parkkipaikkojen vuokrauksen yhdelle taholle ja pys\u00e4k\u00f6intioperaattoriksi on valittu Finnpark Oy. Jatkossa alueella huomioidaan paremmin autoilijoiden pys\u00e4k\u00f6intitarpeet ja mahdollistetaan lyhyt- sek\u00e4 pitk\u00e4aikaiset sopimuspys\u00e4k\u00f6innit. Samalla yhten\u00e4istet\u00e4\u00e4n autopaikkojen vuokrat vastaamaan alueen yleist\u00e4 vuokratasoa.<\/p>\n<p>Pys\u00e4k\u00f6inti asema-alueelle tapahtuu <a href=\"https:\/\/moovy.fi\/autoilijoille\/?gclid=EAIaIQobChMI74qW4bGn7AIVBd-yCh3QNQmyEAAYASAAEgKlUvD_BwE#utm_source=Google%20SEM&amp;utm_medium=SEM_brand_Autoilijoille&amp;utm_campaign=Moovy_ADS\">Moovy<\/a> sovellusta k\u00e4ytt\u00e4m\u00e4ll\u00e4. Ohjeet sovelluksen lataukseen ja yhteystiedot asiakaspalveluun l\u00f6yd\u00e4t <a href=\"https:\/\/moovy.fi\/autoilijoille\/?gclid=EAIaIQobChMI74qW4bGn7AIVBd-yCh3QNQmyEAAYASAAEgKlUvD_BwE#utm_source=Google%20SEM&amp;utm_medium=SEM_brand_Autoilijoille&amp;utm_campaign=Moovy_ADS\">Moovyn verkkosivuilta t\u00e4st\u00e4<\/a>.[\/vc_column_text][\/vc_column][\/vc_row][vc_row][vc_column][senaatti_directions heading=&#8221;Sijainti ja l\u00e4hiymp\u00e4rist\u00f6&#8221; address=&#8221;Ratakatu 3, 96100 Rovaniemi&#8221;]Napapiirill\u00e4, Kemijoen ja Ounasjoen yhtym\u00e4kohdassa sijaitseva Lapin maakuntakeskus. Raidekilometrej\u00e4 Oulusta Rovaniemelle on noin 200 km. Aseman alue sijaitsee valtatie E75:n vieress\u00e4 noin kilometrin et\u00e4isyydell\u00e4 kaupungin ydinkeskustasta.<\/p>\n<p>L\u00e4hiet\u00e4isyydell\u00e4:<\/p>\n<ul>\n<li>Sampokeskus 1 km<\/li>\n<li>Matkahuolto 400 m<\/li>\n<li>kaupunginkirjasto 700 m<\/li>\n<li>Lapin yliopisto 1,4 km<\/li>\n<li>Arctic City Hotel 1,1 km<\/li>\n<\/ul>\n<p>[\/senaatti_directions][\/vc_column][\/vc_row][vc_row][vc_column][senaatti_loop_contacts heading=&#8221;Yhteystiedot&#8221; contacts=&#8221;52858&#8243;][\/vc_column][\/vc_row]<\/p>\n<\/div>","protected":false},"excerpt":{"rendered":"<p>[vc_row][vc_column][senaatti_hero heading=&#8221;Rovaniemi&#8221; text=&#8221;Senaatin Asema-alueet Oy:ll\u00e4 on kehitett\u00e4vin\u00e4 alueina aseman kiinteist\u00f6 sek\u00e4 asemarakennuksen l\u00e4nsipuolella sijaitsevat huoltorakennusten kiinteist\u00f6t. Rautatieasema on t\u00e4rke\u00e4 kauttakulkupaikka nopeasti kasvavalle ulkomaan-ja kotimaan matkailuliikenteelle. Aseman alue on my\u00f6s merkitt\u00e4v\u00e4 liitynt\u00e4liikenteen solmukohta koko Lapin alueelle.&#8221; image=&#8221;96&#8243;][\/vc_column][\/vc_row][vc_row][vc_column][vc_column_text remove_empty_space_above=&#8221;true&#8221;] Pys\u00e4k\u00f6inti asema-alueella on muuttunut Senaatin Asema-alueet Oy keskitt\u00e4\u00e4 asema-alueen parkkipaikkojen vuokrauksen yhdelle taholle ja pys\u00e4k\u00f6intioperaattoriksi on valittu Finnpark [&hellip;]<\/p>\n","protected":false},"author":16,"featured_media":0,"parent":0,"menu_order":0,"comment_status":"closed","ping_status":"closed","template":"","meta":{"_acf_changed":false,"_exactmetrics_skip_tracking":false,"_exactmetrics_sitenote_active":false,"_exactmetrics_sitenote_note":"","_exactmetrics_sitenote_category":0,"footnotes":""},"class_list":["post-725","page","type-page","status-publish","hentry"],"acf":[],"yoast_head":"<!-- This site is optimized with the Yoast SEO plugin v23.9 - https:\/\/yoast.com\/wordpress\/plugins\/seo\/ -->\n<title>Rovaniemi - Asema-alueet<\/title>\n<meta name=\"robots\" content=\"noindex, follow, max-snippet:-1, max-image-preview:large, max-video-preview:-1\" \/>\n<meta property=\"og:locale\" content=\"fi_FI\" \/>\n<meta property=\"og:type\" content=\"article\" \/>\n<meta property=\"og:title\" content=\"Rovaniemi - Asema-alueet\" \/>\n<meta property=\"og:description\" content=\"[vc_row][vc_column][senaatti_hero heading=&#8221;Rovaniemi&#8221; text=&#8221;Senaatin Asema-alueet Oy:ll\u00e4 on kehitett\u00e4vin\u00e4 alueina aseman kiinteist\u00f6 sek\u00e4 asemarakennuksen l\u00e4nsipuolella sijaitsevat huoltorakennusten kiinteist\u00f6t. Rautatieasema on t\u00e4rke\u00e4 kauttakulkupaikka nopeasti kasvavalle ulkomaan-ja kotimaan matkailuliikenteelle. Aseman alue on my\u00f6s merkitt\u00e4v\u00e4 liitynt\u00e4liikenteen solmukohta koko Lapin alueelle.&#8221; image=&#8221;96&#8243;][\/vc_column][\/vc_row][vc_row][vc_column][vc_column_text remove_empty_space_above=&#8221;true&#8221;] Pys\u00e4k\u00f6inti asema-alueella on muuttunut Senaatin Asema-alueet Oy keskitt\u00e4\u00e4 asema-alueen parkkipaikkojen vuokrauksen yhdelle taholle ja pys\u00e4k\u00f6intioperaattoriksi on valittu Finnpark [&hellip;]\" \/>\n<meta property=\"og:url\" content=\"https:\/\/www.senaatti.fi\/asema-alueet\/rovaniemi\/\" \/>\n<meta property=\"og:site_name\" content=\"Asema-alueet\" \/>\n<meta property=\"article:modified_time\" content=\"2023-06-05T06:14:49+00:00\" \/>\n<meta name=\"twitter:card\" content=\"summary_large_image\" \/>\n<meta name=\"twitter:label1\" content=\"Arvioitu lukuaika\" \/>\n\t<meta name=\"twitter:data1\" content=\"1 minuutti\" \/>\n<script type=\"application\/ld+json\" class=\"yoast-schema-graph\">{\"@context\":\"https:\/\/schema.org\",\"@graph\":[{\"@type\":\"WebPage\",\"@id\":\"https:\/\/www.senaatti.fi\/asema-alueet\/rovaniemi\/\",\"url\":\"https:\/\/www.senaatti.fi\/asema-alueet\/rovaniemi\/\",\"name\":\"Rovaniemi - Asema-alueet\",\"isPartOf\":{\"@id\":\"https:\/\/www.senaatti.fi\/asema-alueet\/#website\"},\"datePublished\":\"2019-09-09T13:00:18+00:00\",\"dateModified\":\"2023-06-05T06:14:49+00:00\",\"breadcrumb\":{\"@id\":\"https:\/\/www.senaatti.fi\/asema-alueet\/rovaniemi\/#breadcrumb\"},\"inLanguage\":\"fi\",\"potentialAction\":[{\"@type\":\"ReadAction\",\"target\":[\"https:\/\/www.senaatti.fi\/asema-alueet\/rovaniemi\/\"]}]},{\"@type\":\"BreadcrumbList\",\"@id\":\"https:\/\/www.senaatti.fi\/asema-alueet\/rovaniemi\/#breadcrumb\",\"itemListElement\":[{\"@type\":\"ListItem\",\"position\":1,\"name\":\"Etusivu\",\"item\":\"https:\/\/www.senaatti.fi\/asema-alueet\/\"},{\"@type\":\"ListItem\",\"position\":2,\"name\":\"Rovaniemi\"}]},{\"@type\":\"WebSite\",\"@id\":\"https:\/\/www.senaatti.fi\/asema-alueet\/#website\",\"url\":\"https:\/\/www.senaatti.fi\/asema-alueet\/\",\"name\":\"Asema-alueet\",\"description\":\"Senaatin Asema-alueet\",\"potentialAction\":[{\"@type\":\"SearchAction\",\"target\":{\"@type\":\"EntryPoint\",\"urlTemplate\":\"https:\/\/www.senaatti.fi\/asema-alueet\/?s={search_term_string}\"},\"query-input\":{\"@type\":\"PropertyValueSpecification\",\"valueRequired\":true,\"valueName\":\"search_term_string\"}}],\"inLanguage\":\"fi\"}]}<\/script>\n<!-- \/ Yoast SEO plugin. -->","yoast_head_json":{"title":"Rovaniemi - Asema-alueet","robots":{"index":"noindex","follow":"follow","max-snippet":"max-snippet:-1","max-image-preview":"max-image-preview:large","max-video-preview":"max-video-preview:-1"},"og_locale":"fi_FI","og_type":"article","og_title":"Rovaniemi - Asema-alueet","og_description":"[vc_row][vc_column][senaatti_hero heading=&#8221;Rovaniemi&#8221; text=&#8221;Senaatin Asema-alueet Oy:ll\u00e4 on kehitett\u00e4vin\u00e4 alueina aseman kiinteist\u00f6 sek\u00e4 asemarakennuksen l\u00e4nsipuolella sijaitsevat huoltorakennusten kiinteist\u00f6t. Rautatieasema on t\u00e4rke\u00e4 kauttakulkupaikka nopeasti kasvavalle ulkomaan-ja kotimaan matkailuliikenteelle. Aseman alue on my\u00f6s merkitt\u00e4v\u00e4 liitynt\u00e4liikenteen solmukohta koko Lapin alueelle.&#8221; image=&#8221;96&#8243;][\/vc_column][\/vc_row][vc_row][vc_column][vc_column_text remove_empty_space_above=&#8221;true&#8221;] Pys\u00e4k\u00f6inti asema-alueella on muuttunut Senaatin Asema-alueet Oy keskitt\u00e4\u00e4 asema-alueen parkkipaikkojen vuokrauksen yhdelle taholle ja pys\u00e4k\u00f6intioperaattoriksi on valittu Finnpark [&hellip;]","og_url":"https:\/\/www.senaatti.fi\/asema-alueet\/rovaniemi\/","og_site_name":"Asema-alueet","article_modified_time":"2023-06-05T06:14:49+00:00","twitter_card":"summary_large_image","twitter_misc":{"Arvioitu lukuaika":"1 minuutti"},"schema":{"@context":"https:\/\/schema.org","@graph":[{"@type":"WebPage","@id":"https:\/\/www.senaatti.fi\/asema-alueet\/rovaniemi\/","url":"https:\/\/www.senaatti.fi\/asema-alueet\/rovaniemi\/","name":"Rovaniemi - Asema-alueet","isPartOf":{"@id":"https:\/\/www.senaatti.fi\/asema-alueet\/#website"},"datePublished":"2019-09-09T13:00:18+00:00","dateModified":"2023-06-05T06:14:49+00:00","breadcrumb":{"@id":"https:\/\/www.senaatti.fi\/asema-alueet\/rovaniemi\/#breadcrumb"},"inLanguage":"fi","potentialAction":[{"@type":"ReadAction","target":["https:\/\/www.senaatti.fi\/asema-alueet\/rovaniemi\/"]}]},{"@type":"BreadcrumbList","@id":"https:\/\/www.senaatti.fi\/asema-alueet\/rovaniemi\/#breadcrumb","itemListElement":[{"@type":"ListItem","position":1,"name":"Etusivu","item":"https:\/\/www.senaatti.fi\/asema-alueet\/"},{"@type":"ListItem","position":2,"name":"Rovaniemi"}]},{"@type":"WebSite","@id":"https:\/\/www.senaatti.fi\/asema-alueet\/#website","url":"https:\/\/www.senaatti.fi\/asema-alueet\/","name":"Asema-alueet","description":"Senaatin Asema-alueet","potentialAction":[{"@type":"SearchAction","target":{"@type":"EntryPoint","urlTemplate":"https:\/\/www.senaatti.fi\/asema-alueet\/?s={search_term_string}"},"query-input":{"@type":"PropertyValueSpecification","valueRequired":true,"valueName":"search_term_string"}}],"inLanguage":"fi"}]}},"_links":{"self":[{"href":"https:\/\/testi-e2c55b704894.senaatti.fi\/asema-alueet\/wp-json\/wp\/v2\/pages\/725","targetHints":{"allow":["GET"]}}],"collection":[{"href":"https:\/\/testi-e2c55b704894.senaatti.fi\/asema-alueet\/wp-json\/wp\/v2\/pages"}],"about":[{"href":"https:\/\/testi-e2c55b704894.senaatti.fi\/asema-alueet\/wp-json\/wp\/v2\/types\/page"}],"author":[{"embeddable":true,"href":"https:\/\/testi-e2c55b704894.senaatti.fi\/asema-alueet\/wp-json\/wp\/v2\/users\/16"}],"replies":[{"embeddable":true,"href":"https:\/\/testi-e2c55b704894.senaatti.fi\/asema-alueet\/wp-json\/wp\/v2\/comments?post=725"}],"version-history":[{"count":7,"href":"https:\/\/testi-e2c55b704894.senaatti.fi\/asema-alueet\/wp-json\/wp\/v2\/pages\/725\/revisions"}],"predecessor-version":[{"id":1703,"href":"https:\/\/testi-e2c55b704894.senaatti.fi\/asema-alueet\/wp-json\/wp\/v2\/pages\/725\/revisions\/1703"}],"wp:attachment":[{"href":"https:\/\/testi-e2c55b704894.senaatti.fi\/asema-alueet\/wp-json\/wp\/v2\/media?parent=725"}],"curies":[{"name":"wp","href":"https:\/\/api.w.org\/{rel}","templated":true}]}}