{"id":804,"date":"2019-10-25T11:29:08","date_gmt":"2019-10-25T11:29:08","guid":{"rendered":"https:\/\/testi-e2c55b704894.senaatti.fi\/asema-alueet\/?page_id=804"},"modified":"2024-02-23T13:30:41","modified_gmt":"2024-02-23T13:30:41","slug":"vaasa","status":"publish","type":"page","link":"https:\/\/testi-e2c55b704894.senaatti.fi\/asema-alueet\/vaasa\/","title":{"rendered":"Vaasa"},"content":{"rendered":"<div class=\"wpb-content-wrapper\"><p>[vc_row][vc_column][senaatti_hero heading=&#8221;Vaasa&#8221; text=&#8221;Vaasassa kehitett\u00e4vin\u00e4 kiinteist\u00f6in\u00e4 on tavara-aseman alue sek\u00e4 vieress\u00e4 sijaitseva varastoalue. Alueella k\u00e4ynnistyy asemakaavan muutosty\u00f6 vuonna 2024.&#8221; image=&#8221;927&#8243; btn=&#8221;url:https%3A%2F%2Fwww.vaasa.fi%2Ftietoa-vaasasta-ja-seudusta%2Fkehittyva-vaasa%2Fkaupunkisuunnittelu%2Fkaavoitus%2Fvireilla-olevat-asemakaavat%2Fetela-klemettila-i-ak1138%2F|title:Lis%C3%A4tietoja%20asemakaavan%20muutoksesta&#8221;][\/vc_column][\/vc_row][vc_row][vc_column][senaatti_directions heading=&#8221;Sijainti ja l\u00e4hiymp\u00e4rist\u00f6&#8221; address=&#8221;63.096709, 21.625996&#8243;]Pohjanlahden rannikolla sijaitseva maakuntakeskus, josta on hyv\u00e4t logistiset yhteydet junaliikenteelle, laivaliikenteelle sek\u00e4 lentoliikenteelle.<\/p>\n<p>Tavara-aseman alue sijaitsee asema-alueen etel\u00e4puolella opistokadun varrella.<\/p>\n<p>L\u00e4hiet\u00e4isyydell\u00e4:<\/p>\n<ul>\n<li>rautatieasema 330 m<\/li>\n<li>kauppakeskus Espen 500 m<\/li>\n<li>kauppatori 600 m<\/li>\n<li>Original Sokos Hotel Royal Vaasa 430 m<\/li>\n<li>Scandic Vaasa 480 m<\/li>\n<\/ul>\n<p>[\/senaatti_directions][\/vc_column][\/vc_row][vc_row][vc_column][senaatti_loop_contacts heading=&#8221;Yhteystiedot&#8221; contacts=&#8221;32819&#8243;][\/vc_column][\/vc_row]<\/p>\n<\/div>","protected":false},"excerpt":{"rendered":"<p>[vc_row][vc_column][senaatti_hero heading=&#8221;Vaasa&#8221; text=&#8221;Vaasassa kehitett\u00e4vin\u00e4 kiinteist\u00f6in\u00e4 on tavara-aseman alue sek\u00e4 vieress\u00e4 sijaitseva varastoalue. Alueella k\u00e4ynnistyy asemakaavan muutosty\u00f6 vuonna 2024.&#8221; image=&#8221;927&#8243; btn=&#8221;url:https%3A%2F%2Fwww.vaasa.fi%2Ftietoa-vaasasta-ja-seudusta%2Fkehittyva-vaasa%2Fkaupunkisuunnittelu%2Fkaavoitus%2Fvireilla-olevat-asemakaavat%2Fetela-klemettila-i-ak1138%2F|title:Lis%C3%A4tietoja%20asemakaavan%20muutoksesta&#8221;][\/vc_column][\/vc_row][vc_row][vc_column][senaatti_directions heading=&#8221;Sijainti ja l\u00e4hiymp\u00e4rist\u00f6&#8221; address=&#8221;63.096709, 21.625996&#8243;]Pohjanlahden rannikolla sijaitseva maakuntakeskus, josta on hyv\u00e4t logistiset yhteydet junaliikenteelle, laivaliikenteelle sek\u00e4 lentoliikenteelle. Tavara-aseman alue sijaitsee asema-alueen etel\u00e4puolella opistokadun varrella. L\u00e4hiet\u00e4isyydell\u00e4: rautatieasema 330 m kauppakeskus Espen 500 m kauppatori 600 m [&hellip;]<\/p>\n","protected":false},"author":16,"featured_media":0,"parent":0,"menu_order":0,"comment_status":"closed","ping_status":"closed","template":"","meta":{"_acf_changed":false,"_exactmetrics_skip_tracking":false,"_exactmetrics_sitenote_active":false,"_exactmetrics_sitenote_note":"","_exactmetrics_sitenote_category":0,"footnotes":""},"class_list":["post-804","page","type-page","status-publish","hentry"],"acf":[],"yoast_head":"<!-- This site is optimized with the Yoast SEO plugin v23.9 - https:\/\/yoast.com\/wordpress\/plugins\/seo\/ -->\n<title>Vaasa - Asema-alueet<\/title>\n<meta name=\"robots\" content=\"noindex, follow, max-snippet:-1, max-image-preview:large, max-video-preview:-1\" \/>\n<meta property=\"og:locale\" content=\"fi_FI\" \/>\n<meta property=\"og:type\" content=\"article\" \/>\n<meta property=\"og:title\" content=\"Vaasa - Asema-alueet\" \/>\n<meta property=\"og:description\" content=\"[vc_row][vc_column][senaatti_hero heading=&#8221;Vaasa&#8221; text=&#8221;Vaasassa kehitett\u00e4vin\u00e4 kiinteist\u00f6in\u00e4 on tavara-aseman alue sek\u00e4 vieress\u00e4 sijaitseva varastoalue. Alueella k\u00e4ynnistyy asemakaavan muutosty\u00f6 vuonna 2024.&#8221; image=&#8221;927&#8243; btn=&#8221;url:https%3A%2F%2Fwww.vaasa.fi%2Ftietoa-vaasasta-ja-seudusta%2Fkehittyva-vaasa%2Fkaupunkisuunnittelu%2Fkaavoitus%2Fvireilla-olevat-asemakaavat%2Fetela-klemettila-i-ak1138%2F|title:Lis%C3%A4tietoja%20asemakaavan%20muutoksesta&#8221;][\/vc_column][\/vc_row][vc_row][vc_column][senaatti_directions heading=&#8221;Sijainti ja l\u00e4hiymp\u00e4rist\u00f6&#8221; address=&#8221;63.096709, 21.625996&#8243;]Pohjanlahden rannikolla sijaitseva maakuntakeskus, josta on hyv\u00e4t logistiset yhteydet junaliikenteelle, laivaliikenteelle sek\u00e4 lentoliikenteelle. Tavara-aseman alue sijaitsee asema-alueen etel\u00e4puolella opistokadun varrella. L\u00e4hiet\u00e4isyydell\u00e4: rautatieasema 330 m kauppakeskus Espen 500 m kauppatori 600 m [&hellip;]\" \/>\n<meta property=\"og:url\" content=\"https:\/\/www.senaatti.fi\/asema-alueet\/vaasa\/\" \/>\n<meta property=\"og:site_name\" content=\"Asema-alueet\" \/>\n<meta property=\"article:modified_time\" content=\"2024-02-23T13:30:41+00:00\" \/>\n<meta name=\"twitter:card\" content=\"summary_large_image\" \/>\n<meta name=\"twitter:label1\" content=\"Arvioitu lukuaika\" \/>\n\t<meta name=\"twitter:data1\" content=\"1 minuutti\" \/>\n<script type=\"application\/ld+json\" class=\"yoast-schema-graph\">{\"@context\":\"https:\/\/schema.org\",\"@graph\":[{\"@type\":\"WebPage\",\"@id\":\"https:\/\/www.senaatti.fi\/asema-alueet\/vaasa\/\",\"url\":\"https:\/\/www.senaatti.fi\/asema-alueet\/vaasa\/\",\"name\":\"Vaasa - Asema-alueet\",\"isPartOf\":{\"@id\":\"https:\/\/www.senaatti.fi\/asema-alueet\/#website\"},\"datePublished\":\"2019-10-25T11:29:08+00:00\",\"dateModified\":\"2024-02-23T13:30:41+00:00\",\"breadcrumb\":{\"@id\":\"https:\/\/www.senaatti.fi\/asema-alueet\/vaasa\/#breadcrumb\"},\"inLanguage\":\"fi\",\"potentialAction\":[{\"@type\":\"ReadAction\",\"target\":[\"https:\/\/www.senaatti.fi\/asema-alueet\/vaasa\/\"]}]},{\"@type\":\"BreadcrumbList\",\"@id\":\"https:\/\/www.senaatti.fi\/asema-alueet\/vaasa\/#breadcrumb\",\"itemListElement\":[{\"@type\":\"ListItem\",\"position\":1,\"name\":\"Etusivu\",\"item\":\"https:\/\/www.senaatti.fi\/asema-alueet\/\"},{\"@type\":\"ListItem\",\"position\":2,\"name\":\"Vaasa\"}]},{\"@type\":\"WebSite\",\"@id\":\"https:\/\/www.senaatti.fi\/asema-alueet\/#website\",\"url\":\"https:\/\/www.senaatti.fi\/asema-alueet\/\",\"name\":\"Asema-alueet\",\"description\":\"Senaatin Asema-alueet\",\"potentialAction\":[{\"@type\":\"SearchAction\",\"target\":{\"@type\":\"EntryPoint\",\"urlTemplate\":\"https:\/\/www.senaatti.fi\/asema-alueet\/?s={search_term_string}\"},\"query-input\":{\"@type\":\"PropertyValueSpecification\",\"valueRequired\":true,\"valueName\":\"search_term_string\"}}],\"inLanguage\":\"fi\"}]}<\/script>\n<!-- \/ Yoast SEO plugin. -->","yoast_head_json":{"title":"Vaasa - Asema-alueet","robots":{"index":"noindex","follow":"follow","max-snippet":"max-snippet:-1","max-image-preview":"max-image-preview:large","max-video-preview":"max-video-preview:-1"},"og_locale":"fi_FI","og_type":"article","og_title":"Vaasa - Asema-alueet","og_description":"[vc_row][vc_column][senaatti_hero heading=&#8221;Vaasa&#8221; text=&#8221;Vaasassa kehitett\u00e4vin\u00e4 kiinteist\u00f6in\u00e4 on tavara-aseman alue sek\u00e4 vieress\u00e4 sijaitseva varastoalue. Alueella k\u00e4ynnistyy asemakaavan muutosty\u00f6 vuonna 2024.&#8221; image=&#8221;927&#8243; btn=&#8221;url:https%3A%2F%2Fwww.vaasa.fi%2Ftietoa-vaasasta-ja-seudusta%2Fkehittyva-vaasa%2Fkaupunkisuunnittelu%2Fkaavoitus%2Fvireilla-olevat-asemakaavat%2Fetela-klemettila-i-ak1138%2F|title:Lis%C3%A4tietoja%20asemakaavan%20muutoksesta&#8221;][\/vc_column][\/vc_row][vc_row][vc_column][senaatti_directions heading=&#8221;Sijainti ja l\u00e4hiymp\u00e4rist\u00f6&#8221; address=&#8221;63.096709, 21.625996&#8243;]Pohjanlahden rannikolla sijaitseva maakuntakeskus, josta on hyv\u00e4t logistiset yhteydet junaliikenteelle, laivaliikenteelle sek\u00e4 lentoliikenteelle. Tavara-aseman alue sijaitsee asema-alueen etel\u00e4puolella opistokadun varrella. L\u00e4hiet\u00e4isyydell\u00e4: rautatieasema 330 m kauppakeskus Espen 500 m kauppatori 600 m [&hellip;]","og_url":"https:\/\/www.senaatti.fi\/asema-alueet\/vaasa\/","og_site_name":"Asema-alueet","article_modified_time":"2024-02-23T13:30:41+00:00","twitter_card":"summary_large_image","twitter_misc":{"Arvioitu lukuaika":"1 minuutti"},"schema":{"@context":"https:\/\/schema.org","@graph":[{"@type":"WebPage","@id":"https:\/\/www.senaatti.fi\/asema-alueet\/vaasa\/","url":"https:\/\/www.senaatti.fi\/asema-alueet\/vaasa\/","name":"Vaasa - Asema-alueet","isPartOf":{"@id":"https:\/\/www.senaatti.fi\/asema-alueet\/#website"},"datePublished":"2019-10-25T11:29:08+00:00","dateModified":"2024-02-23T13:30:41+00:00","breadcrumb":{"@id":"https:\/\/www.senaatti.fi\/asema-alueet\/vaasa\/#breadcrumb"},"inLanguage":"fi","potentialAction":[{"@type":"ReadAction","target":["https:\/\/www.senaatti.fi\/asema-alueet\/vaasa\/"]}]},{"@type":"BreadcrumbList","@id":"https:\/\/www.senaatti.fi\/asema-alueet\/vaasa\/#breadcrumb","itemListElement":[{"@type":"ListItem","position":1,"name":"Etusivu","item":"https:\/\/www.senaatti.fi\/asema-alueet\/"},{"@type":"ListItem","position":2,"name":"Vaasa"}]},{"@type":"WebSite","@id":"https:\/\/www.senaatti.fi\/asema-alueet\/#website","url":"https:\/\/www.senaatti.fi\/asema-alueet\/","name":"Asema-alueet","description":"Senaatin Asema-alueet","potentialAction":[{"@type":"SearchAction","target":{"@type":"EntryPoint","urlTemplate":"https:\/\/www.senaatti.fi\/asema-alueet\/?s={search_term_string}"},"query-input":{"@type":"PropertyValueSpecification","valueRequired":true,"valueName":"search_term_string"}}],"inLanguage":"fi"}]}},"_links":{"self":[{"href":"https:\/\/testi-e2c55b704894.senaatti.fi\/asema-alueet\/wp-json\/wp\/v2\/pages\/804","targetHints":{"allow":["GET"]}}],"collection":[{"href":"https:\/\/testi-e2c55b704894.senaatti.fi\/asema-alueet\/wp-json\/wp\/v2\/pages"}],"about":[{"href":"https:\/\/testi-e2c55b704894.senaatti.fi\/asema-alueet\/wp-json\/wp\/v2\/types\/page"}],"author":[{"embeddable":true,"href":"https:\/\/testi-e2c55b704894.senaatti.fi\/asema-alueet\/wp-json\/wp\/v2\/users\/16"}],"replies":[{"embeddable":true,"href":"https:\/\/testi-e2c55b704894.senaatti.fi\/asema-alueet\/wp-json\/wp\/v2\/comments?post=804"}],"version-history":[{"count":6,"href":"https:\/\/testi-e2c55b704894.senaatti.fi\/asema-alueet\/wp-json\/wp\/v2\/pages\/804\/revisions"}],"predecessor-version":[{"id":1787,"href":"https:\/\/testi-e2c55b704894.senaatti.fi\/asema-alueet\/wp-json\/wp\/v2\/pages\/804\/revisions\/1787"}],"wp:attachment":[{"href":"https:\/\/testi-e2c55b704894.senaatti.fi\/asema-alueet\/wp-json\/wp\/v2\/media?parent=804"}],"curies":[{"name":"wp","href":"https:\/\/api.w.org\/{rel}","templated":true}]}}