{"id":37117,"date":"2019-10-28T10:52:30","date_gmt":"2019-10-28T08:52:30","guid":{"rendered":"https:\/\/testi-e2c55b704894.senaatti.fi\/on-sale\/propertydevelopment\/haaganpuro\/"},"modified":"2023-11-03T14:47:34","modified_gmt":"2023-11-03T12:47:34","slug":"haaganpuro","status":"publish","type":"page","link":"https:\/\/testi-e2c55b704894.senaatti.fi\/en\/state-owned-properties\/propertydevelopment\/haaganpuro\/","title":{"rendered":"Helsinki, Huopalahdenportti"},"content":{"rendered":"<div class=\"wpb-content-wrapper\"><p>[vc_row][vc_column][senaatti_hero heading=&#8221;Huopalahdenportti, Helsinki&#8221; text=&#8221;The new suburban-like, dense and cosy Huopalahdenportti residential area with services for about two thousand inhabitants, is being planned in Ruskeasuo, Helsinki. We are looking for buyers for the plots of land at the corner of the streets Mannerheimintie and Vihdintie by tender opening in 2024.&#8221; image=&#8221;35057&#8243;][\/vc_column][\/vc_row][vc_row][vc_column][vc_column_text style=&#8221;cols-1&#8243;]<img loading=\"lazy\" decoding=\"async\" class=\"alignright size-medium wp-image-35163\" src=\"https:\/\/testi-e2c55b704894.senaatti.fi\/app\/uploads\/2019\/10\/rainio_pallo-300x300.png\" alt=\"\" width=\"300\" height=\"300\" srcset=\"https:\/\/testi-e2c55b704894.senaatti.fi\/app\/uploads\/2019\/10\/rainio_pallo-300x300.png 300w, https:\/\/testi-e2c55b704894.senaatti.fi\/app\/uploads\/2019\/10\/rainio_pallo-150x150.png 150w, https:\/\/testi-e2c55b704894.senaatti.fi\/app\/uploads\/2019\/10\/rainio_pallo-768x769.png 768w, https:\/\/testi-e2c55b704894.senaatti.fi\/app\/uploads\/2019\/10\/rainio_pallo-600x601.png 600w, https:\/\/testi-e2c55b704894.senaatti.fi\/app\/uploads\/2019\/10\/rainio_pallo.png 974w\" sizes=\"auto, (max-width: 300px) 100vw, 300px\" \/><\/p>\n<h2>New residential area in the inner city<\/h2>\n<p>\u201cHuopalahdenportti is a large and interesting area with very good transport links, which is developing into a part of Helsinki&#8217;s inner city. One third of the plots are owned by Senate Properties and the rest by Helsinki University Properties. Senate Properties holds the majority of the three blocks, each of which has about five plots coming up for sale. The area now houses dental and forensic medicine teaching buildings of the University of Helsinki. The buildings are being demolished and the operations are being moved to other campuses.\u201d<\/p>\n<p>&nbsp;<\/p>\n<p>Elias Rainio<\/p>\n<p><span class=\"js-contact-title\">Head of Property Development<\/span><\/p>\n<p>Senate Properties[\/vc_column_text][\/vc_column][\/vc_row][vc_row][vc_column][senaatti_directions heading=&#8221;Location and surroundings&#8221; address=&#8221;Kyt\u00f6suontie 9-11, 00300 Helsinki&#8221;]The Huopalahdenportti plot is bordered by the streets Vihdintie, Mannerheimintie, and Kyt\u00f6suontie in the Ruskeasuo area. Thanks to its excellent location, the services of Etel\u00e4-Haaga and Pikku Huopalahti are within close proximity. The adjacent Central Park offers great outdoor activities, and there are also several sports halls and fields in the area.<\/p>\n<p>&nbsp;<\/p>\n<p>Close to:<\/p>\n<ul>\n<li>Bus and tram stops at Ruskeasuo<\/li>\n<li>Central Park<\/li>\n<li>Vihdintie, regional road 120 \u2013 Hakam\u00e4entie<\/li>\n<li>Tuusulanv\u00e4yl\u00e4 motorway, i.e. main road 45<\/li>\n<li>Mannerheimintie \u2013 H\u00e4meenlinnanv\u00e4yl\u00e4 motorway E12<\/li>\n<li>Huopalahti station 2.6 km away<\/li>\n<\/ul>\n<p>[\/senaatti_directions][\/vc_column][\/vc_row][vc_row][vc_column][senaatti_numbers_alt background_color=&#8221;senaatti-konserni-light-red-25&#8243; items=&#8221;%5B%7B%22label_above%22%3A%22The%20plan%20area%20is%22%2C%22number%22%3A%225%2C6%22%2C%22label_below%22%3A%22ha%22%7D%2C%7B%22label_above%22%3A%22New%20living%20space%22%2C%22number%22%3A%22100%20000%22%2C%22label_below%22%3A%22m%C2%B2%22%7D%5D&#8221; image=&#8221;35060&#8243;][\/vc_column][\/vc_row][vc_row][vc_column][vc_column_text]<\/p>\n<h2>Tendering for plot construction<\/h2>\n<p>The future inner city is planned to be built on both sides of Mannerheimintie. We are preparing a city plan proposal in cooperation with the City of Helsinki and Helsinki University Properties Ltd. With the city plan in force for approximately 2023, we will be able to close deals with the real estate buyers.<\/p>\n<p>The tender for plot construction will open in 2024. Information about the tender will appear here!<\/p>\n<p>&nbsp;<\/p>\n<p><em><img loading=\"lazy\" decoding=\"async\" class=\"alignnone wp-image-35057 size-large\" src=\"https:\/\/testi-e2c55b704894.senaatti.fi\/app\/uploads\/2019\/10\/Ruskeasuo-1024x625.jpg\" alt=\"\" width=\"1024\" height=\"625\" srcset=\"https:\/\/testi-e2c55b704894.senaatti.fi\/app\/uploads\/2019\/10\/Ruskeasuo-1024x625.jpg 1024w, https:\/\/testi-e2c55b704894.senaatti.fi\/app\/uploads\/2019\/10\/Ruskeasuo-300x183.jpg 300w, https:\/\/testi-e2c55b704894.senaatti.fi\/app\/uploads\/2019\/10\/Ruskeasuo-768x469.jpg 768w, https:\/\/testi-e2c55b704894.senaatti.fi\/app\/uploads\/2019\/10\/Ruskeasuo-1536x938.jpg 1536w, https:\/\/testi-e2c55b704894.senaatti.fi\/app\/uploads\/2019\/10\/Ruskeasuo-2048x1251.jpg 2048w, https:\/\/testi-e2c55b704894.senaatti.fi\/app\/uploads\/2019\/10\/Ruskeasuo-1600x977.jpg 1600w, https:\/\/testi-e2c55b704894.senaatti.fi\/app\/uploads\/2019\/10\/Ruskeasuo-2200x1344.jpg 2200w\" sizes=\"auto, (max-width: 1024px) 100vw, 1024px\" \/><\/em>[\/vc_column_text][\/vc_column][\/vc_row][vc_row][vc_column][senaatti_feature align=&#8221;right&#8221; background_color=&#8221;senaatti-konserni-green-25&#8243; heading=&#8221;More information&#8221; text=&#8221;Senate Properties<br \/>\nHead of Property Development, Elias Rainio<br \/>\n+358 50 439 1337<br \/>\nelias.rainio@senaatti.fi&#8221; image=&#8221;35063&#8243; btn=&#8221;|||&#8221;][\/senaatti_feature][\/vc_column][\/vc_row]<\/p>\n<\/div>","protected":false},"excerpt":{"rendered":"<p>[vc_row][vc_column][senaatti_hero heading=&#8221;Huopalahdenportti, Helsinki&#8221; text=&#8221;The new suburban-like, dense and cosy Huopalahdenportti residential area with services for about two thousand inhabitants, is being planned in Ruskeasuo, Helsinki. We are looking for buyers for the plots of land at the corner of the streets Mannerheimintie and Vihdintie by tender opening in 2024.&#8221; image=&#8221;35057&#8243;][\/vc_column][\/vc_row][vc_row][vc_column][vc_column_text style=&#8221;cols-1&#8243;] New residential area in [&hellip;]<\/p>\n","protected":false},"author":11,"featured_media":0,"parent":37042,"menu_order":0,"comment_status":"closed","ping_status":"closed","template":"","meta":{"_acf_changed":false,"footnotes":""},"class_list":["post-37117","page","type-page","status-publish","hentry"],"acf":[],"yoast_head":"<!-- This site is optimized with the Yoast SEO plugin v23.9 - https:\/\/yoast.com\/wordpress\/plugins\/seo\/ -->\n<title>Helsinki, Huopalahdenportti - Senaatti<\/title>\n<meta name=\"robots\" content=\"noindex, follow, max-snippet:-1, max-image-preview:large, max-video-preview:-1\" \/>\n<meta property=\"og:locale\" content=\"en_US\" \/>\n<meta property=\"og:type\" content=\"article\" \/>\n<meta property=\"og:title\" content=\"Helsinki, Huopalahdenportti - Senaatti\" \/>\n<meta property=\"og:description\" content=\"[vc_row][vc_column][senaatti_hero heading=&#8221;Huopalahdenportti, Helsinki&#8221; text=&#8221;The new suburban-like, dense and cosy Huopalahdenportti residential area with services for about two thousand inhabitants, is being planned in Ruskeasuo, Helsinki. We are looking for buyers for the plots of land at the corner of the streets Mannerheimintie and Vihdintie by tender opening in 2024.&#8221; image=&#8221;35057&#8243;][\/vc_column][\/vc_row][vc_row][vc_column][vc_column_text style=&#8221;cols-1&#8243;] New residential area in [&hellip;]\" \/>\n<meta property=\"og:url\" content=\"https:\/\/testi-e2c55b704894.senaatti.fi\/en\/state-owned-properties\/propertydevelopment\/haaganpuro\/\" \/>\n<meta property=\"og:site_name\" content=\"Senaatti\" \/>\n<meta property=\"article:publisher\" content=\"https:\/\/www.facebook.com\/SenaattiKiinteistot\/\" \/>\n<meta property=\"article:modified_time\" content=\"2023-11-03T12:47:34+00:00\" \/>\n<meta property=\"og:image\" content=\"https:\/\/www.senaatti.fi\/app\/uploads\/2019\/10\/rainio_pallo-300x300.png\" \/>\n<meta name=\"twitter:card\" content=\"summary_large_image\" \/>\n<meta name=\"twitter:site\" content=\"@SenaattiK\" \/>\n<meta name=\"twitter:label1\" content=\"Est. reading time\" \/>\n\t<meta name=\"twitter:data1\" content=\"3 minutes\" \/>\n<script type=\"application\/ld+json\" class=\"yoast-schema-graph\">{\"@context\":\"https:\/\/schema.org\",\"@graph\":[{\"@type\":\"WebPage\",\"@id\":\"https:\/\/testi-e2c55b704894.senaatti.fi\/en\/state-owned-properties\/propertydevelopment\/haaganpuro\/\",\"url\":\"https:\/\/testi-e2c55b704894.senaatti.fi\/en\/state-owned-properties\/propertydevelopment\/haaganpuro\/\",\"name\":\"Helsinki, Huopalahdenportti - Senaatti\",\"isPartOf\":{\"@id\":\"https:\/\/www.senaatti.fi\/#website\"},\"primaryImageOfPage\":{\"@id\":\"https:\/\/testi-e2c55b704894.senaatti.fi\/en\/state-owned-properties\/propertydevelopment\/haaganpuro\/#primaryimage\"},\"image\":{\"@id\":\"https:\/\/testi-e2c55b704894.senaatti.fi\/en\/state-owned-properties\/propertydevelopment\/haaganpuro\/#primaryimage\"},\"thumbnailUrl\":\"https:\/\/testi-e2c55b704894.senaatti.fi\/app\/uploads\/2019\/10\/rainio_pallo-300x300.png\",\"datePublished\":\"2019-10-28T08:52:30+00:00\",\"dateModified\":\"2023-11-03T12:47:34+00:00\",\"breadcrumb\":{\"@id\":\"https:\/\/testi-e2c55b704894.senaatti.fi\/en\/state-owned-properties\/propertydevelopment\/haaganpuro\/#breadcrumb\"},\"inLanguage\":\"en-US\",\"potentialAction\":[{\"@type\":\"ReadAction\",\"target\":[\"https:\/\/testi-e2c55b704894.senaatti.fi\/en\/state-owned-properties\/propertydevelopment\/haaganpuro\/\"]}]},{\"@type\":\"ImageObject\",\"inLanguage\":\"en-US\",\"@id\":\"https:\/\/testi-e2c55b704894.senaatti.fi\/en\/state-owned-properties\/propertydevelopment\/haaganpuro\/#primaryimage\",\"url\":\"https:\/\/testi-e2c55b704894.senaatti.fi\/app\/uploads\/2019\/10\/rainio_pallo-300x300.png\",\"contentUrl\":\"https:\/\/testi-e2c55b704894.senaatti.fi\/app\/uploads\/2019\/10\/rainio_pallo-300x300.png\"},{\"@type\":\"BreadcrumbList\",\"@id\":\"https:\/\/testi-e2c55b704894.senaatti.fi\/en\/state-owned-properties\/propertydevelopment\/haaganpuro\/#breadcrumb\",\"itemListElement\":[{\"@type\":\"ListItem\",\"position\":1,\"name\":\"Home\",\"item\":\"https:\/\/www.senaatti.fi\/en\/\"},{\"@type\":\"ListItem\",\"position\":2,\"name\":\"State-owned properties\",\"item\":\"https:\/\/www.senaatti.fi\/en\/state-owned-properties\/\"},{\"@type\":\"ListItem\",\"position\":3,\"name\":\"Property development\",\"item\":\"https:\/\/www.senaatti.fi\/en\/state-owned-properties\/propertydevelopment\/\"},{\"@type\":\"ListItem\",\"position\":4,\"name\":\"Helsinki, Huopalahdenportti\"}]},{\"@type\":\"WebSite\",\"@id\":\"https:\/\/www.senaatti.fi\/#website\",\"url\":\"https:\/\/www.senaatti.fi\/\",\"name\":\"Senaatti\",\"description\":\"Just another WordPress site\",\"publisher\":{\"@id\":\"https:\/\/www.senaatti.fi\/#organization\"},\"potentialAction\":[{\"@type\":\"SearchAction\",\"target\":{\"@type\":\"EntryPoint\",\"urlTemplate\":\"https:\/\/www.senaatti.fi\/?s={search_term_string}\"},\"query-input\":{\"@type\":\"PropertyValueSpecification\",\"valueRequired\":true,\"valueName\":\"search_term_string\"}}],\"inLanguage\":\"en-US\"},{\"@type\":\"Organization\",\"@id\":\"https:\/\/www.senaatti.fi\/#organization\",\"name\":\"Senaatti-kiinteist\u00f6t\",\"url\":\"https:\/\/www.senaatti.fi\/\",\"logo\":{\"@type\":\"ImageObject\",\"inLanguage\":\"en-US\",\"@id\":\"https:\/\/www.senaatti.fi\/#\/schema\/logo\/image\/\",\"url\":\"https:\/\/testi-e2c55b704894.senaatti.fi\/app\/uploads\/2021\/01\/Senaatti_FB_profiili_1200x630.png\",\"contentUrl\":\"https:\/\/testi-e2c55b704894.senaatti.fi\/app\/uploads\/2021\/01\/Senaatti_FB_profiili_1200x630.png\",\"width\":1201,\"height\":631,\"caption\":\"Senaatti-kiinteist\u00f6t\"},\"image\":{\"@id\":\"https:\/\/www.senaatti.fi\/#\/schema\/logo\/image\/\"},\"sameAs\":[\"https:\/\/www.facebook.com\/SenaattiKiinteistot\/\",\"https:\/\/x.com\/SenaattiK\",\"https:\/\/www.linkedin.com\/company\/senate-properties\",\"https:\/\/www.youtube.com\/channel\/UCunSUhMjKd5KqASPgBrndkQ\"]}]}<\/script>\n<!-- \/ Yoast SEO plugin. -->","yoast_head_json":{"title":"Helsinki, Huopalahdenportti - Senaatti","robots":{"index":"noindex","follow":"follow","max-snippet":"max-snippet:-1","max-image-preview":"max-image-preview:large","max-video-preview":"max-video-preview:-1"},"og_locale":"en_US","og_type":"article","og_title":"Helsinki, Huopalahdenportti - Senaatti","og_description":"[vc_row][vc_column][senaatti_hero heading=&#8221;Huopalahdenportti, Helsinki&#8221; text=&#8221;The new suburban-like, dense and cosy Huopalahdenportti residential area with services for about two thousand inhabitants, is being planned in Ruskeasuo, Helsinki. We are looking for buyers for the plots of land at the corner of the streets Mannerheimintie and Vihdintie by tender opening in 2024.&#8221; image=&#8221;35057&#8243;][\/vc_column][\/vc_row][vc_row][vc_column][vc_column_text style=&#8221;cols-1&#8243;] New residential area in [&hellip;]","og_url":"https:\/\/testi-e2c55b704894.senaatti.fi\/en\/state-owned-properties\/propertydevelopment\/haaganpuro\/","og_site_name":"Senaatti","article_publisher":"https:\/\/www.facebook.com\/SenaattiKiinteistot\/","article_modified_time":"2023-11-03T12:47:34+00:00","og_image":[{"url":"https:\/\/www.senaatti.fi\/app\/uploads\/2019\/10\/rainio_pallo-300x300.png"}],"twitter_card":"summary_large_image","twitter_site":"@SenaattiK","twitter_misc":{"Est. reading time":"3 minutes"},"schema":{"@context":"https:\/\/schema.org","@graph":[{"@type":"WebPage","@id":"https:\/\/testi-e2c55b704894.senaatti.fi\/en\/state-owned-properties\/propertydevelopment\/haaganpuro\/","url":"https:\/\/testi-e2c55b704894.senaatti.fi\/en\/state-owned-properties\/propertydevelopment\/haaganpuro\/","name":"Helsinki, Huopalahdenportti - Senaatti","isPartOf":{"@id":"https:\/\/www.senaatti.fi\/#website"},"primaryImageOfPage":{"@id":"https:\/\/testi-e2c55b704894.senaatti.fi\/en\/state-owned-properties\/propertydevelopment\/haaganpuro\/#primaryimage"},"image":{"@id":"https:\/\/testi-e2c55b704894.senaatti.fi\/en\/state-owned-properties\/propertydevelopment\/haaganpuro\/#primaryimage"},"thumbnailUrl":"https:\/\/testi-e2c55b704894.senaatti.fi\/app\/uploads\/2019\/10\/rainio_pallo-300x300.png","datePublished":"2019-10-28T08:52:30+00:00","dateModified":"2023-11-03T12:47:34+00:00","breadcrumb":{"@id":"https:\/\/testi-e2c55b704894.senaatti.fi\/en\/state-owned-properties\/propertydevelopment\/haaganpuro\/#breadcrumb"},"inLanguage":"en-US","potentialAction":[{"@type":"ReadAction","target":["https:\/\/testi-e2c55b704894.senaatti.fi\/en\/state-owned-properties\/propertydevelopment\/haaganpuro\/"]}]},{"@type":"ImageObject","inLanguage":"en-US","@id":"https:\/\/testi-e2c55b704894.senaatti.fi\/en\/state-owned-properties\/propertydevelopment\/haaganpuro\/#primaryimage","url":"https:\/\/testi-e2c55b704894.senaatti.fi\/app\/uploads\/2019\/10\/rainio_pallo-300x300.png","contentUrl":"https:\/\/testi-e2c55b704894.senaatti.fi\/app\/uploads\/2019\/10\/rainio_pallo-300x300.png"},{"@type":"BreadcrumbList","@id":"https:\/\/testi-e2c55b704894.senaatti.fi\/en\/state-owned-properties\/propertydevelopment\/haaganpuro\/#breadcrumb","itemListElement":[{"@type":"ListItem","position":1,"name":"Home","item":"https:\/\/www.senaatti.fi\/en\/"},{"@type":"ListItem","position":2,"name":"State-owned properties","item":"https:\/\/www.senaatti.fi\/en\/state-owned-properties\/"},{"@type":"ListItem","position":3,"name":"Property development","item":"https:\/\/www.senaatti.fi\/en\/state-owned-properties\/propertydevelopment\/"},{"@type":"ListItem","position":4,"name":"Helsinki, Huopalahdenportti"}]},{"@type":"WebSite","@id":"https:\/\/www.senaatti.fi\/#website","url":"https:\/\/www.senaatti.fi\/","name":"Senaatti","description":"Just another WordPress site","publisher":{"@id":"https:\/\/www.senaatti.fi\/#organization"},"potentialAction":[{"@type":"SearchAction","target":{"@type":"EntryPoint","urlTemplate":"https:\/\/www.senaatti.fi\/?s={search_term_string}"},"query-input":{"@type":"PropertyValueSpecification","valueRequired":true,"valueName":"search_term_string"}}],"inLanguage":"en-US"},{"@type":"Organization","@id":"https:\/\/www.senaatti.fi\/#organization","name":"Senaatti-kiinteist\u00f6t","url":"https:\/\/www.senaatti.fi\/","logo":{"@type":"ImageObject","inLanguage":"en-US","@id":"https:\/\/www.senaatti.fi\/#\/schema\/logo\/image\/","url":"https:\/\/testi-e2c55b704894.senaatti.fi\/app\/uploads\/2021\/01\/Senaatti_FB_profiili_1200x630.png","contentUrl":"https:\/\/testi-e2c55b704894.senaatti.fi\/app\/uploads\/2021\/01\/Senaatti_FB_profiili_1200x630.png","width":1201,"height":631,"caption":"Senaatti-kiinteist\u00f6t"},"image":{"@id":"https:\/\/www.senaatti.fi\/#\/schema\/logo\/image\/"},"sameAs":["https:\/\/www.facebook.com\/SenaattiKiinteistot\/","https:\/\/x.com\/SenaattiK","https:\/\/www.linkedin.com\/company\/senate-properties","https:\/\/www.youtube.com\/channel\/UCunSUhMjKd5KqASPgBrndkQ"]}]}},"publishpress_future_action":{"enabled":false,"date":"2026-05-03 09:14:59","action":"change-status","newStatus":"draft","terms":[],"taxonomy":"translation_priority"},"_links":{"self":[{"href":"https:\/\/testi-e2c55b704894.senaatti.fi\/en\/wp-json\/wp\/v2\/pages\/37117","targetHints":{"allow":["GET"]}}],"collection":[{"href":"https:\/\/testi-e2c55b704894.senaatti.fi\/en\/wp-json\/wp\/v2\/pages"}],"about":[{"href":"https:\/\/testi-e2c55b704894.senaatti.fi\/en\/wp-json\/wp\/v2\/types\/page"}],"author":[{"embeddable":true,"href":"https:\/\/testi-e2c55b704894.senaatti.fi\/en\/wp-json\/wp\/v2\/users\/11"}],"replies":[{"embeddable":true,"href":"https:\/\/testi-e2c55b704894.senaatti.fi\/en\/wp-json\/wp\/v2\/comments?post=37117"}],"version-history":[{"count":10,"href":"https:\/\/testi-e2c55b704894.senaatti.fi\/en\/wp-json\/wp\/v2\/pages\/37117\/revisions"}],"predecessor-version":[{"id":68547,"href":"https:\/\/testi-e2c55b704894.senaatti.fi\/en\/wp-json\/wp\/v2\/pages\/37117\/revisions\/68547"}],"up":[{"embeddable":true,"href":"https:\/\/testi-e2c55b704894.senaatti.fi\/en\/wp-json\/wp\/v2\/pages\/37042"}],"wp:attachment":[{"href":"https:\/\/testi-e2c55b704894.senaatti.fi\/en\/wp-json\/wp\/v2\/media?parent=37117"}],"curies":[{"name":"wp","href":"https:\/\/api.w.org\/{rel}","templated":true}]}}