{"id":37130,"date":"2019-10-28T10:48:44","date_gmt":"2019-10-28T08:48:44","guid":{"rendered":"https:\/\/testi-e2c55b704894.senaatti.fi\/on-sale\/propertydevelopment\/helsinki-kumpulanmaki\/"},"modified":"2023-11-03T14:47:59","modified_gmt":"2023-11-03T12:47:59","slug":"helsinki-kumpulanmaki-2","status":"publish","type":"page","link":"https:\/\/testi-e2c55b704894.senaatti.fi\/en\/state-owned-properties\/propertydevelopment\/helsinki-kumpulanmaki-2\/","title":{"rendered":"Helsinki, Kumpulanm\u00e4ki"},"content":{"rendered":"<div class=\"wpb-content-wrapper\"><p>[vc_row][vc_column][senaatti_hero heading=&#8221;Kumpulanm\u00e4ki, Helsinki&#8221; text=&#8221;Senate Properties, Helsinki University Properties Ltd and the City of Helsinki organized an architectural invitation competition for the eastern and southeastern slopes of the hill of Kumpulanm\u00e4ki. The competition area is bordered by campus buildings, the Vallilanlaakso valley, and Kustaa Vaasan tie. The nature of the competition was an idea competition, organized in cooperation with the Finnish Association of Architects (SAFA), according to the competition rules of the association.&#8221; image=&#8221;35076&#8243; btn=&#8221;||target:%20_blank|&#8221;][\/vc_column][\/vc_row][vc_row][vc_column][vc_column_text]<img loading=\"lazy\" decoding=\"async\" class=\"alignright size-medium wp-image-35163\" src=\"https:\/\/testi-e2c55b704894.senaatti.fi\/app\/uploads\/2019\/10\/rainio_pallo-300x300.png\" alt=\"\" width=\"300\" height=\"300\" srcset=\"https:\/\/testi-e2c55b704894.senaatti.fi\/app\/uploads\/2019\/10\/rainio_pallo-300x300.png 300w, https:\/\/testi-e2c55b704894.senaatti.fi\/app\/uploads\/2019\/10\/rainio_pallo-150x150.png 150w, https:\/\/testi-e2c55b704894.senaatti.fi\/app\/uploads\/2019\/10\/rainio_pallo-768x769.png 768w, https:\/\/testi-e2c55b704894.senaatti.fi\/app\/uploads\/2019\/10\/rainio_pallo-600x601.png 600w, https:\/\/testi-e2c55b704894.senaatti.fi\/app\/uploads\/2019\/10\/rainio_pallo.png 974w\" sizes=\"auto, (max-width: 300px) 100vw, 300px\" \/><\/p>\n<h2>Kumpulanm\u00e4ki is developing<\/h2>\n<p>\u201cKumpulanm\u00e4ki area will soon bring new perspectives to the Vanhankaupunginlahti, Old Town Bay, as the largest natural science concentration in the Nordic Countries will be completed as part of the inner city. The Vallilanlaakso tram improves the accessibility of the area with fast public transport connections to the Pasila and Kalasatama areas\u201d.<\/p>\n<p>Elias Rainio<\/p>\n<p><span class=\"js-contact-title\">Head of Property Development<\/span><\/p>\n<p>Senate Properties[\/vc_column_text][\/vc_column][\/vc_row][vc_row][vc_column][senaatti_numbers_alt background_color=&#8221;senaatti-konserni-purple&#8221; items=&#8221;%5B%7B%22label_above%22%3A%22The%20size%20of%20the%20competition%20area%20is%22%2C%22number%22%3A%226%2C5%22%2C%22label_below%22%3A%22ha%22%7D%5D&#8221;][\/vc_column][\/vc_row][vc_row][vc_column][senaatti_directions heading=&#8221;Location and surroundings&#8221; address=&#8221;Pietari Kalmin katu 2, 00560 Helsinki&#8221;]The project area is located between the Kumpula campus of the University of Helsinki and Kustaa Vaasan tie. The area is bordered in the southeast by the streets Kustaa Vaasan tie \/ H\u00e4meentie, in the southwest by the Jyr\u00e4ng\u00f6ntie, and in the northwest by the Pietari Kalmin katu. The area is now part of the campus property and Nylander Park. The project delimitation also includes part of the interchange between the streets of Hermannin rantatie and H\u00e4meentie \/ Kustaa Vaasan tie.<\/p>\n<p>&nbsp;<\/p>\n<p>Close to:<\/p>\n<ul>\n<li>Kumpula campus of the University of Helsinki<\/li>\n<li>Kumpula Botanical Garden<\/li>\n<li>Arabia shopping mall<\/li>\n<li>Services: school, kindergarten, health centre and library<\/li>\n<li>Vallila allotment garden<\/li>\n<\/ul>\n<p>[\/senaatti_directions][\/vc_column][\/vc_row][vc_row][vc_column][senaatti_feature align=&#8221;right&#8221; background_color=&#8221;senaatti-konserni-purple-25&#8243; heading=&#8221;More information&#8221; class=&#8221;baec5a81-e4d6-4674-97f3-e9220f0136c1&#8243; style=&#8221;margin: 0px; border: currentColor; left: 0px; top: 0px; width: 16px; height: 16px; right: 0px; bottom: 0px; overflow: hidden; vertical-align: middle; float: none; display: inline; white-space: nowrap; position: static !important;&#8221; title=&#8221;Soita: +358 50 439 1337&#8243; src=&#8221;data:image\/png;base64,iVBORw0KGgoAAAANSUhEUgAAABAAAAAQCAYAAAAf8\/9hAAABcklEQVR4XpXTPUvDUBTH4aR2c2hBQXGpTiIORhBcBOvgYKf0Awi+4Ggr1MVPIIrYdnEpShddHIyLi6AVXVxsRRDRwbi4KNgu4lCIv8i\/i6QRDzycy+09555LqOl5nhEUptPoJe1iDHU8oYlrlDw79m4QEbSLPexzsIc8hDRm8YBjLpj4q8EgxQdab+MNd4ghhQ2adIc1+ORAFEnWWfTDRp7GDfImlsIavKALLuqoqMGUCs4wHtagiQ5uc8kDyCOBKlP1k78QNTOZnMXCQRxWsbjl6iuskV41SQG2Gj9rikvcR1WcgKFDBa1LOEUK56hqv8BUFV3SGWkVS9JQ6Dsv4wQ1DKMPORUvkm78BhdQMI1CTa5I0yrcwSFqFD+SZ7DQesIkCG5S\/JpkHYERQRmuNsrZ7Grc+Ef8\/Bcoslkfae8Wc7CUHZ++TuAEBj86pHntjaDKXllPy6PW\/gkKFaThwp\/K87N8hDcQTTKKFTioSxqB8Q2BNX5JtAljwgAAAABJRU5ErkJggg==&#8221; image=&#8221;35073&#8243; btn=&#8221;|||&#8221; btn_2=&#8221;|||&#8221; text=&#8221;Senate Properties<br \/>\nHead of Property Development, Elias Rainio<br \/>\n+358 50 439 1337<br \/>\nelias.rainio@senaatti.fi&#8221;][\/senaatti_feature][\/vc_column][\/vc_row]<\/p>\n<\/div>","protected":false},"excerpt":{"rendered":"<p>[vc_row][vc_column][senaatti_hero heading=&#8221;Kumpulanm\u00e4ki, Helsinki&#8221; text=&#8221;Senate Properties, Helsinki University Properties Ltd and the City of Helsinki organized an architectural invitation competition for the eastern and southeastern slopes of the hill of Kumpulanm\u00e4ki. The competition area is bordered by campus buildings, the Vallilanlaakso valley, and Kustaa Vaasan tie. The nature of the competition was an idea competition, organized [&hellip;]<\/p>\n","protected":false},"author":11,"featured_media":0,"parent":37042,"menu_order":0,"comment_status":"closed","ping_status":"closed","template":"","meta":{"_acf_changed":false,"footnotes":""},"class_list":["post-37130","page","type-page","status-publish","hentry"],"acf":[],"yoast_head":"<!-- This site is optimized with the Yoast SEO plugin v23.9 - https:\/\/yoast.com\/wordpress\/plugins\/seo\/ -->\n<title>Helsinki, Kumpulanm\u00e4ki - Senaatti<\/title>\n<meta name=\"robots\" content=\"noindex, follow, max-snippet:-1, max-image-preview:large, max-video-preview:-1\" \/>\n<meta property=\"og:locale\" content=\"en_US\" \/>\n<meta property=\"og:type\" content=\"article\" \/>\n<meta property=\"og:title\" content=\"Helsinki, Kumpulanm\u00e4ki - Senaatti\" \/>\n<meta property=\"og:description\" content=\"[vc_row][vc_column][senaatti_hero heading=&#8221;Kumpulanm\u00e4ki, Helsinki&#8221; text=&#8221;Senate Properties, Helsinki University Properties Ltd and the City of Helsinki organized an architectural invitation competition for the eastern and southeastern slopes of the hill of Kumpulanm\u00e4ki. The competition area is bordered by campus buildings, the Vallilanlaakso valley, and Kustaa Vaasan tie. The nature of the competition was an idea competition, organized [&hellip;]\" \/>\n<meta property=\"og:url\" content=\"https:\/\/testi-e2c55b704894.senaatti.fi\/en\/state-owned-properties\/propertydevelopment\/helsinki-kumpulanmaki-2\/\" \/>\n<meta property=\"og:site_name\" content=\"Senaatti\" \/>\n<meta property=\"article:publisher\" content=\"https:\/\/www.facebook.com\/SenaattiKiinteistot\/\" \/>\n<meta property=\"article:modified_time\" content=\"2023-11-03T12:47:59+00:00\" \/>\n<meta property=\"og:image\" content=\"https:\/\/www.senaatti.fi\/app\/uploads\/2019\/10\/rainio_pallo-300x300.png\" \/>\n<meta name=\"twitter:card\" content=\"summary_large_image\" \/>\n<meta name=\"twitter:site\" content=\"@SenaattiK\" \/>\n<meta name=\"twitter:label1\" content=\"Est. reading time\" \/>\n\t<meta name=\"twitter:data1\" content=\"3 minutes\" \/>\n<script type=\"application\/ld+json\" class=\"yoast-schema-graph\">{\"@context\":\"https:\/\/schema.org\",\"@graph\":[{\"@type\":\"WebPage\",\"@id\":\"https:\/\/testi-e2c55b704894.senaatti.fi\/en\/state-owned-properties\/propertydevelopment\/helsinki-kumpulanmaki-2\/\",\"url\":\"https:\/\/testi-e2c55b704894.senaatti.fi\/en\/state-owned-properties\/propertydevelopment\/helsinki-kumpulanmaki-2\/\",\"name\":\"Helsinki, Kumpulanm\u00e4ki - Senaatti\",\"isPartOf\":{\"@id\":\"https:\/\/www.senaatti.fi\/#website\"},\"primaryImageOfPage\":{\"@id\":\"https:\/\/testi-e2c55b704894.senaatti.fi\/en\/state-owned-properties\/propertydevelopment\/helsinki-kumpulanmaki-2\/#primaryimage\"},\"image\":{\"@id\":\"https:\/\/testi-e2c55b704894.senaatti.fi\/en\/state-owned-properties\/propertydevelopment\/helsinki-kumpulanmaki-2\/#primaryimage\"},\"thumbnailUrl\":\"https:\/\/testi-e2c55b704894.senaatti.fi\/app\/uploads\/2019\/10\/rainio_pallo-300x300.png\",\"datePublished\":\"2019-10-28T08:48:44+00:00\",\"dateModified\":\"2023-11-03T12:47:59+00:00\",\"breadcrumb\":{\"@id\":\"https:\/\/testi-e2c55b704894.senaatti.fi\/en\/state-owned-properties\/propertydevelopment\/helsinki-kumpulanmaki-2\/#breadcrumb\"},\"inLanguage\":\"en-US\",\"potentialAction\":[{\"@type\":\"ReadAction\",\"target\":[\"https:\/\/testi-e2c55b704894.senaatti.fi\/en\/state-owned-properties\/propertydevelopment\/helsinki-kumpulanmaki-2\/\"]}]},{\"@type\":\"ImageObject\",\"inLanguage\":\"en-US\",\"@id\":\"https:\/\/testi-e2c55b704894.senaatti.fi\/en\/state-owned-properties\/propertydevelopment\/helsinki-kumpulanmaki-2\/#primaryimage\",\"url\":\"https:\/\/testi-e2c55b704894.senaatti.fi\/app\/uploads\/2019\/10\/rainio_pallo-300x300.png\",\"contentUrl\":\"https:\/\/testi-e2c55b704894.senaatti.fi\/app\/uploads\/2019\/10\/rainio_pallo-300x300.png\"},{\"@type\":\"BreadcrumbList\",\"@id\":\"https:\/\/testi-e2c55b704894.senaatti.fi\/en\/state-owned-properties\/propertydevelopment\/helsinki-kumpulanmaki-2\/#breadcrumb\",\"itemListElement\":[{\"@type\":\"ListItem\",\"position\":1,\"name\":\"Home\",\"item\":\"https:\/\/www.senaatti.fi\/en\/\"},{\"@type\":\"ListItem\",\"position\":2,\"name\":\"State-owned properties\",\"item\":\"https:\/\/www.senaatti.fi\/en\/state-owned-properties\/\"},{\"@type\":\"ListItem\",\"position\":3,\"name\":\"Property development\",\"item\":\"https:\/\/www.senaatti.fi\/en\/state-owned-properties\/propertydevelopment\/\"},{\"@type\":\"ListItem\",\"position\":4,\"name\":\"Helsinki, Kumpulanm\u00e4ki\"}]},{\"@type\":\"WebSite\",\"@id\":\"https:\/\/www.senaatti.fi\/#website\",\"url\":\"https:\/\/www.senaatti.fi\/\",\"name\":\"Senaatti\",\"description\":\"Just another WordPress site\",\"publisher\":{\"@id\":\"https:\/\/www.senaatti.fi\/#organization\"},\"potentialAction\":[{\"@type\":\"SearchAction\",\"target\":{\"@type\":\"EntryPoint\",\"urlTemplate\":\"https:\/\/www.senaatti.fi\/?s={search_term_string}\"},\"query-input\":{\"@type\":\"PropertyValueSpecification\",\"valueRequired\":true,\"valueName\":\"search_term_string\"}}],\"inLanguage\":\"en-US\"},{\"@type\":\"Organization\",\"@id\":\"https:\/\/www.senaatti.fi\/#organization\",\"name\":\"Senaatti-kiinteist\u00f6t\",\"url\":\"https:\/\/www.senaatti.fi\/\",\"logo\":{\"@type\":\"ImageObject\",\"inLanguage\":\"en-US\",\"@id\":\"https:\/\/www.senaatti.fi\/#\/schema\/logo\/image\/\",\"url\":\"https:\/\/testi-e2c55b704894.senaatti.fi\/app\/uploads\/2021\/01\/Senaatti_FB_profiili_1200x630.png\",\"contentUrl\":\"https:\/\/testi-e2c55b704894.senaatti.fi\/app\/uploads\/2021\/01\/Senaatti_FB_profiili_1200x630.png\",\"width\":1201,\"height\":631,\"caption\":\"Senaatti-kiinteist\u00f6t\"},\"image\":{\"@id\":\"https:\/\/www.senaatti.fi\/#\/schema\/logo\/image\/\"},\"sameAs\":[\"https:\/\/www.facebook.com\/SenaattiKiinteistot\/\",\"https:\/\/x.com\/SenaattiK\",\"https:\/\/www.linkedin.com\/company\/senate-properties\",\"https:\/\/www.youtube.com\/channel\/UCunSUhMjKd5KqASPgBrndkQ\"]}]}<\/script>\n<!-- \/ Yoast SEO plugin. -->","yoast_head_json":{"title":"Helsinki, Kumpulanm\u00e4ki - Senaatti","robots":{"index":"noindex","follow":"follow","max-snippet":"max-snippet:-1","max-image-preview":"max-image-preview:large","max-video-preview":"max-video-preview:-1"},"og_locale":"en_US","og_type":"article","og_title":"Helsinki, Kumpulanm\u00e4ki - Senaatti","og_description":"[vc_row][vc_column][senaatti_hero heading=&#8221;Kumpulanm\u00e4ki, Helsinki&#8221; text=&#8221;Senate Properties, Helsinki University Properties Ltd and the City of Helsinki organized an architectural invitation competition for the eastern and southeastern slopes of the hill of Kumpulanm\u00e4ki. The competition area is bordered by campus buildings, the Vallilanlaakso valley, and Kustaa Vaasan tie. The nature of the competition was an idea competition, organized [&hellip;]","og_url":"https:\/\/testi-e2c55b704894.senaatti.fi\/en\/state-owned-properties\/propertydevelopment\/helsinki-kumpulanmaki-2\/","og_site_name":"Senaatti","article_publisher":"https:\/\/www.facebook.com\/SenaattiKiinteistot\/","article_modified_time":"2023-11-03T12:47:59+00:00","og_image":[{"url":"https:\/\/www.senaatti.fi\/app\/uploads\/2019\/10\/rainio_pallo-300x300.png"}],"twitter_card":"summary_large_image","twitter_site":"@SenaattiK","twitter_misc":{"Est. reading time":"3 minutes"},"schema":{"@context":"https:\/\/schema.org","@graph":[{"@type":"WebPage","@id":"https:\/\/testi-e2c55b704894.senaatti.fi\/en\/state-owned-properties\/propertydevelopment\/helsinki-kumpulanmaki-2\/","url":"https:\/\/testi-e2c55b704894.senaatti.fi\/en\/state-owned-properties\/propertydevelopment\/helsinki-kumpulanmaki-2\/","name":"Helsinki, Kumpulanm\u00e4ki - Senaatti","isPartOf":{"@id":"https:\/\/www.senaatti.fi\/#website"},"primaryImageOfPage":{"@id":"https:\/\/testi-e2c55b704894.senaatti.fi\/en\/state-owned-properties\/propertydevelopment\/helsinki-kumpulanmaki-2\/#primaryimage"},"image":{"@id":"https:\/\/testi-e2c55b704894.senaatti.fi\/en\/state-owned-properties\/propertydevelopment\/helsinki-kumpulanmaki-2\/#primaryimage"},"thumbnailUrl":"https:\/\/testi-e2c55b704894.senaatti.fi\/app\/uploads\/2019\/10\/rainio_pallo-300x300.png","datePublished":"2019-10-28T08:48:44+00:00","dateModified":"2023-11-03T12:47:59+00:00","breadcrumb":{"@id":"https:\/\/testi-e2c55b704894.senaatti.fi\/en\/state-owned-properties\/propertydevelopment\/helsinki-kumpulanmaki-2\/#breadcrumb"},"inLanguage":"en-US","potentialAction":[{"@type":"ReadAction","target":["https:\/\/testi-e2c55b704894.senaatti.fi\/en\/state-owned-properties\/propertydevelopment\/helsinki-kumpulanmaki-2\/"]}]},{"@type":"ImageObject","inLanguage":"en-US","@id":"https:\/\/testi-e2c55b704894.senaatti.fi\/en\/state-owned-properties\/propertydevelopment\/helsinki-kumpulanmaki-2\/#primaryimage","url":"https:\/\/testi-e2c55b704894.senaatti.fi\/app\/uploads\/2019\/10\/rainio_pallo-300x300.png","contentUrl":"https:\/\/testi-e2c55b704894.senaatti.fi\/app\/uploads\/2019\/10\/rainio_pallo-300x300.png"},{"@type":"BreadcrumbList","@id":"https:\/\/testi-e2c55b704894.senaatti.fi\/en\/state-owned-properties\/propertydevelopment\/helsinki-kumpulanmaki-2\/#breadcrumb","itemListElement":[{"@type":"ListItem","position":1,"name":"Home","item":"https:\/\/www.senaatti.fi\/en\/"},{"@type":"ListItem","position":2,"name":"State-owned properties","item":"https:\/\/www.senaatti.fi\/en\/state-owned-properties\/"},{"@type":"ListItem","position":3,"name":"Property development","item":"https:\/\/www.senaatti.fi\/en\/state-owned-properties\/propertydevelopment\/"},{"@type":"ListItem","position":4,"name":"Helsinki, Kumpulanm\u00e4ki"}]},{"@type":"WebSite","@id":"https:\/\/www.senaatti.fi\/#website","url":"https:\/\/www.senaatti.fi\/","name":"Senaatti","description":"Just another WordPress site","publisher":{"@id":"https:\/\/www.senaatti.fi\/#organization"},"potentialAction":[{"@type":"SearchAction","target":{"@type":"EntryPoint","urlTemplate":"https:\/\/www.senaatti.fi\/?s={search_term_string}"},"query-input":{"@type":"PropertyValueSpecification","valueRequired":true,"valueName":"search_term_string"}}],"inLanguage":"en-US"},{"@type":"Organization","@id":"https:\/\/www.senaatti.fi\/#organization","name":"Senaatti-kiinteist\u00f6t","url":"https:\/\/www.senaatti.fi\/","logo":{"@type":"ImageObject","inLanguage":"en-US","@id":"https:\/\/www.senaatti.fi\/#\/schema\/logo\/image\/","url":"https:\/\/testi-e2c55b704894.senaatti.fi\/app\/uploads\/2021\/01\/Senaatti_FB_profiili_1200x630.png","contentUrl":"https:\/\/testi-e2c55b704894.senaatti.fi\/app\/uploads\/2021\/01\/Senaatti_FB_profiili_1200x630.png","width":1201,"height":631,"caption":"Senaatti-kiinteist\u00f6t"},"image":{"@id":"https:\/\/www.senaatti.fi\/#\/schema\/logo\/image\/"},"sameAs":["https:\/\/www.facebook.com\/SenaattiKiinteistot\/","https:\/\/x.com\/SenaattiK","https:\/\/www.linkedin.com\/company\/senate-properties","https:\/\/www.youtube.com\/channel\/UCunSUhMjKd5KqASPgBrndkQ"]}]}},"publishpress_future_action":{"enabled":false,"date":"2026-05-03 09:14:01","action":"change-status","newStatus":"draft","terms":[],"taxonomy":"translation_priority"},"_links":{"self":[{"href":"https:\/\/testi-e2c55b704894.senaatti.fi\/en\/wp-json\/wp\/v2\/pages\/37130","targetHints":{"allow":["GET"]}}],"collection":[{"href":"https:\/\/testi-e2c55b704894.senaatti.fi\/en\/wp-json\/wp\/v2\/pages"}],"about":[{"href":"https:\/\/testi-e2c55b704894.senaatti.fi\/en\/wp-json\/wp\/v2\/types\/page"}],"author":[{"embeddable":true,"href":"https:\/\/testi-e2c55b704894.senaatti.fi\/en\/wp-json\/wp\/v2\/users\/11"}],"replies":[{"embeddable":true,"href":"https:\/\/testi-e2c55b704894.senaatti.fi\/en\/wp-json\/wp\/v2\/comments?post=37130"}],"version-history":[{"count":10,"href":"https:\/\/testi-e2c55b704894.senaatti.fi\/en\/wp-json\/wp\/v2\/pages\/37130\/revisions"}],"predecessor-version":[{"id":37131,"href":"https:\/\/testi-e2c55b704894.senaatti.fi\/en\/wp-json\/wp\/v2\/pages\/37130\/revisions\/37131"}],"up":[{"embeddable":true,"href":"https:\/\/testi-e2c55b704894.senaatti.fi\/en\/wp-json\/wp\/v2\/pages\/37042"}],"wp:attachment":[{"href":"https:\/\/testi-e2c55b704894.senaatti.fi\/en\/wp-json\/wp\/v2\/media?parent=37130"}],"curies":[{"name":"wp","href":"https:\/\/api.w.org\/{rel}","templated":true}]}}