{"id":37151,"date":"2019-10-28T10:56:25","date_gmt":"2019-10-28T08:56:25","guid":{"rendered":"https:\/\/testi-e2c55b704894.senaatti.fi\/on-sale\/propertydevelopment\/tuusula-rykmentinpuisto\/"},"modified":"2023-11-03T14:53:01","modified_gmt":"2023-11-03T12:53:01","slug":"tuusula-rykmentinpuisto","status":"publish","type":"page","link":"https:\/\/testi-e2c55b704894.senaatti.fi\/en\/state-owned-properties\/propertydevelopment\/tuusula-rykmentinpuisto\/","title":{"rendered":"Tuusula, Regiment Park"},"content":{"rendered":"<div class=\"wpb-content-wrapper\"><p>[vc_row][vc_column][senaatti_hero heading=&#8221;Regiment Park, Tuusula&#8221; text=&#8221;Regiment Park, which reflects the history of the Hyryl\u00e4 area, is turning into a new kind of district as Senate Properties develops and sells plots of the deprived area of the defence forces in Tuusula. In the future, up to 15,000 people will live in this new attractive village town.&#8221; image=&#8221;35095&#8243;][\/vc_column][\/vc_row][vc_row][vc_column][vc_column_text style=&#8221;cols-1&#8243;]<img loading=\"lazy\" decoding=\"async\" class=\"alignright size-medium wp-image-35157\" src=\"https:\/\/testi-e2c55b704894.senaatti.fi\/app\/uploads\/2019\/10\/VireniusOtto-2018-AnnaAutio-292x300.png\" alt=\"\" width=\"292\" height=\"300\" srcset=\"https:\/\/testi-e2c55b704894.senaatti.fi\/app\/uploads\/2019\/10\/VireniusOtto-2018-AnnaAutio-292x300.png 292w, https:\/\/testi-e2c55b704894.senaatti.fi\/app\/uploads\/2019\/10\/VireniusOtto-2018-AnnaAutio-768x789.png 768w, https:\/\/testi-e2c55b704894.senaatti.fi\/app\/uploads\/2019\/10\/VireniusOtto-2018-AnnaAutio-997x1024.png 997w, https:\/\/testi-e2c55b704894.senaatti.fi\/app\/uploads\/2019\/10\/VireniusOtto-2018-AnnaAutio-600x616.png 600w, https:\/\/testi-e2c55b704894.senaatti.fi\/app\/uploads\/2019\/10\/VireniusOtto-2018-AnnaAutio-1600x1643.png 1600w, https:\/\/testi-e2c55b704894.senaatti.fi\/app\/uploads\/2019\/10\/VireniusOtto-2018-AnnaAutio.png 1704w\" sizes=\"auto, (max-width: 292px) 100vw, 292px\" \/><\/p>\n<h2>The attraction of Tuusula is growing<\/h2>\n<p>\u201cThe unique history of Regiment Park, the extensive services, and the magnificence of nature make it a unique residential area that appears to be a very exciting project to start working on. The first blocks were sold in early 2018 to Avain Yhti\u00f6t housing group and the state-owned A-Kruunu, which builds affordable, state-subsidized rental homes. The construction work will begin in 2019. The first homes will be completed in 2020\u201d.<\/p>\n<p>Otto Virenius<br \/>\nProperty Development Manager<br \/>\nSenate Properties[\/vc_column_text][\/vc_column][\/vc_row][vc_row][vc_column][senaatti_directions heading=&#8221;Location and surroundings&#8221; address=&#8221;Rykmentintie, 04300 Tuusula&#8221;]Regiment Park covers an area of \u200b\u200balmost 500 hectares. The area is crossed by the Rykmentin puistotie, which is more than a kilometre long. In the east, the street starts from the swimming hall of Hyryl\u00e4, the main centre of Tuusula, and leads west to the forest area of Puustellinmets\u00e4. A modern business centre is planned in the eastern part of the core of Rykmentinpuisto, renewing the entire service offering of Hyryl\u00e4. The HYPA welfare centre, including a 700-student unitary school, a kindergarten, and a community centre called Monio will also be built in the area.<\/p>\n<p>&nbsp;<\/p>\n<p>Close to:<\/p>\n<ul>\n<li>Tuusula centre and town hall<\/li>\n<li>Swimming hall<\/li>\n<li>Anti-aircraft Museum<\/li>\n<li>Services: school, kindergarten, health centre and library<\/li>\n<li>The city of Vantaa and Helsinki-Vantaa Airport 15 km<\/li>\n<li>Helsinki 30 km<\/li>\n<\/ul>\n<p>[\/senaatti_directions][\/vc_column][\/vc_row][vc_row][vc_column][senaatti_numbers_alt background_color=&#8221;senaatti-konserni-purple&#8221; items=&#8221;%5B%7B%22label_above%22%3A%22In%20the%20future%22%2C%22number%22%3A%2215%20000%22%2C%22label_below%22%3A%22inhabitants%22%7D%2C%7B%22label_above%22%3A%22The%20construction%20work%20will%20begin%20in%22%2C%22number%22%3A%222019%22%7D%5D&#8221; image=&#8221;35098&#8243;][\/vc_column][\/vc_row][vc_row][vc_column][vc_column_text]<\/p>\n<h2>The plots will be sold gradually<\/h2>\n<p>The new city plan of the core of Rykmentinpuisto was approved in the summer of 2017 and will allow the construction of over 170,000 square meters. Senate Properties owns the vacant plots in the area, which will be sold gradually over the next few years. Rykmentinpuisto is one of the largest regional development projects in the capital area, comparable in size to Kruunuvuorenranta in Helsinki. With its excellent location, Tuusula&#8217;s attraction is growing fast. We have worked closely with Tuusula Municipality in the planning. When the area was freed from the anti-aircraft segment, we sold well over half of the area to the municipality, and this Puustellinmets\u00e4 area will be home to the Housing Fair 2020. The Rykmentinpuisto centre owned by Senate Properties will become the heart of the area. The work is already underway as the construction of the Rykmentin puistotie and other main streets running through the area began in the summer of 2018. For the first blocks sold, the construction work will begin during 2019.[\/vc_column_text][\/vc_column][\/vc_row][vc_row][vc_column][senaatti_feature background_color=&#8221;senaatti-konserni-light-red-25&#8243; heading=&#8221;More information&#8221; class=&#8221;baec5a81-e4d6-4674-97f3-e9220f0136c1&#8243; style=&#8221;margin: 0px; border: currentColor; left: 0px; top: 0px; width: 16px; height: 16px; right: 0px; bottom: 0px; overflow: hidden; vertical-align: middle; float: none; display: inline; white-space: nowrap; position: static !important;&#8221; title=&#8221;Soita: +358 40 718 8028&#8243; src=&#8221;data:image\/png;base64,iVBORw0KGgoAAAANSUhEUgAAABAAAAAQCAYAAAAf8\/9hAAABcklEQVR4XpXTPUvDUBTH4aR2c2hBQXGpTiIORhBcBOvgYKf0Awi+4Ggr1MVPIIrYdnEpShddHIyLi6AVXVxsRRDRwbi4KNgu4lCIv8i\/i6QRDzycy+09555LqOl5nhEUptPoJe1iDHU8oYlrlDw79m4QEbSLPexzsIc8hDRm8YBjLpj4q8EgxQdab+MNd4ghhQ2adIc1+ORAFEnWWfTDRp7GDfImlsIavKALLuqoqMGUCs4wHtagiQ5uc8kDyCOBKlP1k78QNTOZnMXCQRxWsbjl6iuskV41SQG2Gj9rikvcR1WcgKFDBa1LOEUK56hqv8BUFV3SGWkVS9JQ6Dsv4wQ1DKMPORUvkm78BhdQMI1CTa5I0yrcwSFqFD+SZ7DQesIkCG5S\/JpkHYERQRmuNsrZ7Grc+Ef8\/Bcoslkfae8Wc7CUHZ++TuAEBj86pHntjaDKXllPy6PW\/gkKFaThwp\/K87N8hDcQTTKKFTioSxqB8Q2BNX5JtAljwgAAAABJRU5ErkJggg==&#8221; image=&#8221;35104&#8243; btn=&#8221;|||&#8221; btn_2=&#8221;|||&#8221; text=&#8221;Otto Virenius<br \/>\nProperty Development Manager<br \/>\nSenate Properties<br \/>\notto.virenius@senaatti.fi&#8221;]Senaatti-kiinteist\u00f6t<br \/>\nKiinteist\u00f6kehitysp\u00e4\u00e4llikk\u00f6 Otto Virenius<br \/>\n<span class=\"baec5a81-e4d6-4674-97f3-e9220f0136c1\" style=\"white-space: nowrap;\">+358 40 718 8028<\/span><br \/>\netunimi.sukunimi@senaatti.fi<\/p>\n<p>[\/senaatti_feature][\/vc_column][\/vc_row]<\/p>\n<\/div>","protected":false},"excerpt":{"rendered":"<p>[vc_row][vc_column][senaatti_hero heading=&#8221;Regiment Park, Tuusula&#8221; text=&#8221;Regiment Park, which reflects the history of the Hyryl\u00e4 area, is turning into a new kind of district as Senate Properties develops and sells plots of the deprived area of the defence forces in Tuusula. In the future, up to 15,000 people will live in this new attractive village town.&#8221; image=&#8221;35095&#8243;][\/vc_column][\/vc_row][vc_row][vc_column][vc_column_text [&hellip;]<\/p>\n","protected":false},"author":11,"featured_media":0,"parent":37042,"menu_order":0,"comment_status":"closed","ping_status":"closed","template":"","meta":{"_acf_changed":false,"footnotes":""},"class_list":["post-37151","page","type-page","status-publish","hentry"],"acf":[],"yoast_head":"<!-- This site is optimized with the Yoast SEO plugin v23.9 - https:\/\/yoast.com\/wordpress\/plugins\/seo\/ -->\n<title>Tuusula, Regiment Park - Senaatti<\/title>\n<meta name=\"robots\" content=\"noindex, follow, max-snippet:-1, max-image-preview:large, max-video-preview:-1\" \/>\n<meta property=\"og:locale\" content=\"en_US\" \/>\n<meta property=\"og:type\" content=\"article\" \/>\n<meta property=\"og:title\" content=\"Tuusula, Regiment Park - Senaatti\" \/>\n<meta property=\"og:description\" content=\"[vc_row][vc_column][senaatti_hero heading=&#8221;Regiment Park, Tuusula&#8221; text=&#8221;Regiment Park, which reflects the history of the Hyryl\u00e4 area, is turning into a new kind of district as Senate Properties develops and sells plots of the deprived area of the defence forces in Tuusula. In the future, up to 15,000 people will live in this new attractive village town.&#8221; image=&#8221;35095&#8243;][\/vc_column][\/vc_row][vc_row][vc_column][vc_column_text [&hellip;]\" \/>\n<meta property=\"og:url\" content=\"https:\/\/testi-e2c55b704894.senaatti.fi\/en\/state-owned-properties\/propertydevelopment\/tuusula-rykmentinpuisto\/\" \/>\n<meta property=\"og:site_name\" content=\"Senaatti\" \/>\n<meta property=\"article:publisher\" content=\"https:\/\/www.facebook.com\/SenaattiKiinteistot\/\" \/>\n<meta property=\"article:modified_time\" content=\"2023-11-03T12:53:01+00:00\" \/>\n<meta property=\"og:image\" content=\"https:\/\/www.senaatti.fi\/app\/uploads\/2019\/10\/VireniusOtto-2018-AnnaAutio-292x300.png\" \/>\n<meta name=\"twitter:card\" content=\"summary_large_image\" \/>\n<meta name=\"twitter:site\" content=\"@SenaattiK\" \/>\n<meta name=\"twitter:label1\" content=\"Est. reading time\" \/>\n\t<meta name=\"twitter:data1\" content=\"4 minutes\" \/>\n<script type=\"application\/ld+json\" class=\"yoast-schema-graph\">{\"@context\":\"https:\/\/schema.org\",\"@graph\":[{\"@type\":\"WebPage\",\"@id\":\"https:\/\/testi-e2c55b704894.senaatti.fi\/en\/state-owned-properties\/propertydevelopment\/tuusula-rykmentinpuisto\/\",\"url\":\"https:\/\/testi-e2c55b704894.senaatti.fi\/en\/state-owned-properties\/propertydevelopment\/tuusula-rykmentinpuisto\/\",\"name\":\"Tuusula, Regiment Park - Senaatti\",\"isPartOf\":{\"@id\":\"https:\/\/www.senaatti.fi\/#website\"},\"primaryImageOfPage\":{\"@id\":\"https:\/\/testi-e2c55b704894.senaatti.fi\/en\/state-owned-properties\/propertydevelopment\/tuusula-rykmentinpuisto\/#primaryimage\"},\"image\":{\"@id\":\"https:\/\/testi-e2c55b704894.senaatti.fi\/en\/state-owned-properties\/propertydevelopment\/tuusula-rykmentinpuisto\/#primaryimage\"},\"thumbnailUrl\":\"https:\/\/testi-e2c55b704894.senaatti.fi\/app\/uploads\/2019\/10\/VireniusOtto-2018-AnnaAutio-292x300.png\",\"datePublished\":\"2019-10-28T08:56:25+00:00\",\"dateModified\":\"2023-11-03T12:53:01+00:00\",\"breadcrumb\":{\"@id\":\"https:\/\/testi-e2c55b704894.senaatti.fi\/en\/state-owned-properties\/propertydevelopment\/tuusula-rykmentinpuisto\/#breadcrumb\"},\"inLanguage\":\"en-US\",\"potentialAction\":[{\"@type\":\"ReadAction\",\"target\":[\"https:\/\/testi-e2c55b704894.senaatti.fi\/en\/state-owned-properties\/propertydevelopment\/tuusula-rykmentinpuisto\/\"]}]},{\"@type\":\"ImageObject\",\"inLanguage\":\"en-US\",\"@id\":\"https:\/\/testi-e2c55b704894.senaatti.fi\/en\/state-owned-properties\/propertydevelopment\/tuusula-rykmentinpuisto\/#primaryimage\",\"url\":\"https:\/\/testi-e2c55b704894.senaatti.fi\/app\/uploads\/2019\/10\/VireniusOtto-2018-AnnaAutio-292x300.png\",\"contentUrl\":\"https:\/\/testi-e2c55b704894.senaatti.fi\/app\/uploads\/2019\/10\/VireniusOtto-2018-AnnaAutio-292x300.png\"},{\"@type\":\"BreadcrumbList\",\"@id\":\"https:\/\/testi-e2c55b704894.senaatti.fi\/en\/state-owned-properties\/propertydevelopment\/tuusula-rykmentinpuisto\/#breadcrumb\",\"itemListElement\":[{\"@type\":\"ListItem\",\"position\":1,\"name\":\"Home\",\"item\":\"https:\/\/www.senaatti.fi\/en\/\"},{\"@type\":\"ListItem\",\"position\":2,\"name\":\"State-owned properties\",\"item\":\"https:\/\/www.senaatti.fi\/en\/state-owned-properties\/\"},{\"@type\":\"ListItem\",\"position\":3,\"name\":\"Property development\",\"item\":\"https:\/\/www.senaatti.fi\/en\/state-owned-properties\/propertydevelopment\/\"},{\"@type\":\"ListItem\",\"position\":4,\"name\":\"Tuusula, Regiment Park\"}]},{\"@type\":\"WebSite\",\"@id\":\"https:\/\/www.senaatti.fi\/#website\",\"url\":\"https:\/\/www.senaatti.fi\/\",\"name\":\"Senaatti\",\"description\":\"Just another WordPress site\",\"publisher\":{\"@id\":\"https:\/\/www.senaatti.fi\/#organization\"},\"potentialAction\":[{\"@type\":\"SearchAction\",\"target\":{\"@type\":\"EntryPoint\",\"urlTemplate\":\"https:\/\/www.senaatti.fi\/?s={search_term_string}\"},\"query-input\":{\"@type\":\"PropertyValueSpecification\",\"valueRequired\":true,\"valueName\":\"search_term_string\"}}],\"inLanguage\":\"en-US\"},{\"@type\":\"Organization\",\"@id\":\"https:\/\/www.senaatti.fi\/#organization\",\"name\":\"Senaatti-kiinteist\u00f6t\",\"url\":\"https:\/\/www.senaatti.fi\/\",\"logo\":{\"@type\":\"ImageObject\",\"inLanguage\":\"en-US\",\"@id\":\"https:\/\/www.senaatti.fi\/#\/schema\/logo\/image\/\",\"url\":\"https:\/\/testi-e2c55b704894.senaatti.fi\/app\/uploads\/2021\/01\/Senaatti_FB_profiili_1200x630.png\",\"contentUrl\":\"https:\/\/testi-e2c55b704894.senaatti.fi\/app\/uploads\/2021\/01\/Senaatti_FB_profiili_1200x630.png\",\"width\":1201,\"height\":631,\"caption\":\"Senaatti-kiinteist\u00f6t\"},\"image\":{\"@id\":\"https:\/\/www.senaatti.fi\/#\/schema\/logo\/image\/\"},\"sameAs\":[\"https:\/\/www.facebook.com\/SenaattiKiinteistot\/\",\"https:\/\/x.com\/SenaattiK\",\"https:\/\/www.linkedin.com\/company\/senate-properties\",\"https:\/\/www.youtube.com\/channel\/UCunSUhMjKd5KqASPgBrndkQ\"]}]}<\/script>\n<!-- \/ Yoast SEO plugin. -->","yoast_head_json":{"title":"Tuusula, Regiment Park - Senaatti","robots":{"index":"noindex","follow":"follow","max-snippet":"max-snippet:-1","max-image-preview":"max-image-preview:large","max-video-preview":"max-video-preview:-1"},"og_locale":"en_US","og_type":"article","og_title":"Tuusula, Regiment Park - Senaatti","og_description":"[vc_row][vc_column][senaatti_hero heading=&#8221;Regiment Park, Tuusula&#8221; text=&#8221;Regiment Park, which reflects the history of the Hyryl\u00e4 area, is turning into a new kind of district as Senate Properties develops and sells plots of the deprived area of the defence forces in Tuusula. In the future, up to 15,000 people will live in this new attractive village town.&#8221; image=&#8221;35095&#8243;][\/vc_column][\/vc_row][vc_row][vc_column][vc_column_text [&hellip;]","og_url":"https:\/\/testi-e2c55b704894.senaatti.fi\/en\/state-owned-properties\/propertydevelopment\/tuusula-rykmentinpuisto\/","og_site_name":"Senaatti","article_publisher":"https:\/\/www.facebook.com\/SenaattiKiinteistot\/","article_modified_time":"2023-11-03T12:53:01+00:00","og_image":[{"url":"https:\/\/www.senaatti.fi\/app\/uploads\/2019\/10\/VireniusOtto-2018-AnnaAutio-292x300.png"}],"twitter_card":"summary_large_image","twitter_site":"@SenaattiK","twitter_misc":{"Est. reading time":"4 minutes"},"schema":{"@context":"https:\/\/schema.org","@graph":[{"@type":"WebPage","@id":"https:\/\/testi-e2c55b704894.senaatti.fi\/en\/state-owned-properties\/propertydevelopment\/tuusula-rykmentinpuisto\/","url":"https:\/\/testi-e2c55b704894.senaatti.fi\/en\/state-owned-properties\/propertydevelopment\/tuusula-rykmentinpuisto\/","name":"Tuusula, Regiment Park - Senaatti","isPartOf":{"@id":"https:\/\/www.senaatti.fi\/#website"},"primaryImageOfPage":{"@id":"https:\/\/testi-e2c55b704894.senaatti.fi\/en\/state-owned-properties\/propertydevelopment\/tuusula-rykmentinpuisto\/#primaryimage"},"image":{"@id":"https:\/\/testi-e2c55b704894.senaatti.fi\/en\/state-owned-properties\/propertydevelopment\/tuusula-rykmentinpuisto\/#primaryimage"},"thumbnailUrl":"https:\/\/testi-e2c55b704894.senaatti.fi\/app\/uploads\/2019\/10\/VireniusOtto-2018-AnnaAutio-292x300.png","datePublished":"2019-10-28T08:56:25+00:00","dateModified":"2023-11-03T12:53:01+00:00","breadcrumb":{"@id":"https:\/\/testi-e2c55b704894.senaatti.fi\/en\/state-owned-properties\/propertydevelopment\/tuusula-rykmentinpuisto\/#breadcrumb"},"inLanguage":"en-US","potentialAction":[{"@type":"ReadAction","target":["https:\/\/testi-e2c55b704894.senaatti.fi\/en\/state-owned-properties\/propertydevelopment\/tuusula-rykmentinpuisto\/"]}]},{"@type":"ImageObject","inLanguage":"en-US","@id":"https:\/\/testi-e2c55b704894.senaatti.fi\/en\/state-owned-properties\/propertydevelopment\/tuusula-rykmentinpuisto\/#primaryimage","url":"https:\/\/testi-e2c55b704894.senaatti.fi\/app\/uploads\/2019\/10\/VireniusOtto-2018-AnnaAutio-292x300.png","contentUrl":"https:\/\/testi-e2c55b704894.senaatti.fi\/app\/uploads\/2019\/10\/VireniusOtto-2018-AnnaAutio-292x300.png"},{"@type":"BreadcrumbList","@id":"https:\/\/testi-e2c55b704894.senaatti.fi\/en\/state-owned-properties\/propertydevelopment\/tuusula-rykmentinpuisto\/#breadcrumb","itemListElement":[{"@type":"ListItem","position":1,"name":"Home","item":"https:\/\/www.senaatti.fi\/en\/"},{"@type":"ListItem","position":2,"name":"State-owned properties","item":"https:\/\/www.senaatti.fi\/en\/state-owned-properties\/"},{"@type":"ListItem","position":3,"name":"Property development","item":"https:\/\/www.senaatti.fi\/en\/state-owned-properties\/propertydevelopment\/"},{"@type":"ListItem","position":4,"name":"Tuusula, Regiment Park"}]},{"@type":"WebSite","@id":"https:\/\/www.senaatti.fi\/#website","url":"https:\/\/www.senaatti.fi\/","name":"Senaatti","description":"Just another WordPress site","publisher":{"@id":"https:\/\/www.senaatti.fi\/#organization"},"potentialAction":[{"@type":"SearchAction","target":{"@type":"EntryPoint","urlTemplate":"https:\/\/www.senaatti.fi\/?s={search_term_string}"},"query-input":{"@type":"PropertyValueSpecification","valueRequired":true,"valueName":"search_term_string"}}],"inLanguage":"en-US"},{"@type":"Organization","@id":"https:\/\/www.senaatti.fi\/#organization","name":"Senaatti-kiinteist\u00f6t","url":"https:\/\/www.senaatti.fi\/","logo":{"@type":"ImageObject","inLanguage":"en-US","@id":"https:\/\/www.senaatti.fi\/#\/schema\/logo\/image\/","url":"https:\/\/testi-e2c55b704894.senaatti.fi\/app\/uploads\/2021\/01\/Senaatti_FB_profiili_1200x630.png","contentUrl":"https:\/\/testi-e2c55b704894.senaatti.fi\/app\/uploads\/2021\/01\/Senaatti_FB_profiili_1200x630.png","width":1201,"height":631,"caption":"Senaatti-kiinteist\u00f6t"},"image":{"@id":"https:\/\/www.senaatti.fi\/#\/schema\/logo\/image\/"},"sameAs":["https:\/\/www.facebook.com\/SenaattiKiinteistot\/","https:\/\/x.com\/SenaattiK","https:\/\/www.linkedin.com\/company\/senate-properties","https:\/\/www.youtube.com\/channel\/UCunSUhMjKd5KqASPgBrndkQ"]}]}},"publishpress_future_action":{"enabled":false,"date":"2026-05-03 20:53:47","action":"change-status","newStatus":"draft","terms":[],"taxonomy":"translation_priority"},"_links":{"self":[{"href":"https:\/\/testi-e2c55b704894.senaatti.fi\/en\/wp-json\/wp\/v2\/pages\/37151","targetHints":{"allow":["GET"]}}],"collection":[{"href":"https:\/\/testi-e2c55b704894.senaatti.fi\/en\/wp-json\/wp\/v2\/pages"}],"about":[{"href":"https:\/\/testi-e2c55b704894.senaatti.fi\/en\/wp-json\/wp\/v2\/types\/page"}],"author":[{"embeddable":true,"href":"https:\/\/testi-e2c55b704894.senaatti.fi\/en\/wp-json\/wp\/v2\/users\/11"}],"replies":[{"embeddable":true,"href":"https:\/\/testi-e2c55b704894.senaatti.fi\/en\/wp-json\/wp\/v2\/comments?post=37151"}],"version-history":[{"count":6,"href":"https:\/\/testi-e2c55b704894.senaatti.fi\/en\/wp-json\/wp\/v2\/pages\/37151\/revisions"}],"predecessor-version":[{"id":37152,"href":"https:\/\/testi-e2c55b704894.senaatti.fi\/en\/wp-json\/wp\/v2\/pages\/37151\/revisions\/37152"}],"up":[{"embeddable":true,"href":"https:\/\/testi-e2c55b704894.senaatti.fi\/en\/wp-json\/wp\/v2\/pages\/37042"}],"wp:attachment":[{"href":"https:\/\/testi-e2c55b704894.senaatti.fi\/en\/wp-json\/wp\/v2\/media?parent=37151"}],"curies":[{"name":"wp","href":"https:\/\/api.w.org\/{rel}","templated":true}]}}