{"id":38079,"date":"2020-05-26T06:47:46","date_gmt":"2020-05-26T03:47:46","guid":{"rendered":"https:\/\/testi-e2c55b704894.senaatti.fi\/?page_id=38079"},"modified":"2025-01-02T14:52:13","modified_gmt":"2025-01-02T12:52:13","slug":"etusivu-2","status":"publish","type":"page","link":"https:\/\/testi-e2c55b704894.senaatti.fi\/en\/","title":{"rendered":"Frontpage"},"content":{"rendered":"<div class=\"wpb-content-wrapper\"><p>[vc_row][vc_column][senaatti_homehero image_position_horizontal=&#8221;right&#8221; image_position_vertical=&#8221;bottom&#8221; text_color=&#8221;text-body&#8221; smaller_hero=&#8221;true&#8221; heading=&#8221;Space for a safe and well-functioning future&#8221; btn_label=&#8221;Lue lis\u00e4\u00e4&#8221; btn_url=&#8221;https:\/\/#&#8221; text=&#8221;Senate Properties is the work environment partner and specialist of the Finnish government. Together with our customers, we create work environments that support the special features of their activities, and we are responsible for their maintenance.<\/p>\n<p>Working for Finland.&#8221; image=&#8221;59618&#8243;][\/vc_column][\/vc_row][vc_row][vc_column][senaatti_quick_link_with_icons quicklinks=&#8221;%5B%7B%22quicklink_title%22%3A%22E-service%22%2C%22link%22%3A%22url%3Ahttps%253A%252F%252Fasiointi-testi-e2c55b704894.senaatti.fi%252Fen%252F%7Ctitle%3AE-service%22%2C%22dropdown_icons%22%3A%22https%3A%2F%2Ftesti-e2c55b704894.senaatti.fi%2Fapp%2Fthemes%2Fsenaatti-konserniuudistus%2Fdist%2Fimages%2Fdropdown-icons%2FEtapalaveri_ikoni_outline_sin.png%3Fver%3D1717057415%22%7D%2C%7B%22quicklink_title%22%3A%22Work%20environments%22%2C%22link%22%3A%22url%3Ahttps%253A%252F%252Ftesti-e2c55b704894.senaatti.fi%252Fen%252Fwork-environments%252F%7Ctitle%3AWork%2520environments%22%2C%22dropdown_icons%22%3A%22https%3A%2F%2Ftesti-e2c55b704894.senaatti.fi%2Fapp%2Fthemes%2Fsenaatti-konserniuudistus%2Fdist%2Fimages%2Fdropdown-icons%2FTyoymparisto_ikoni_outline_sin.svg%3Fver%3D1717057415%22%7D%2C%7B%22quicklink_title%22%3A%22Properties%20for%20sale%22%2C%22link%22%3A%22url%3Ahttps%253A%252F%252Ftesti-e2c55b704894.senaatti.fi%252Fen%252Fstate-owned-properties%252Fproperties-for-sale%252F%7Ctitle%3AProperties%2520for%2520sale%22%2C%22dropdown_icons%22%3A%22https%3A%2F%2Ftesti-e2c55b704894.senaatti.fi%2Fapp%2Fthemes%2Fsenaatti-konserniuudistus%2Fdist%2Fimages%2Fdropdown-icons%2FRakennus_toimisto_ikoni_outline_sin.png%3Fver%3D1717057415%22%7D%2C%7B%22quicklink_title%22%3A%22Construction%20management%22%2C%22link%22%3A%22url%3Ahttps%253A%252F%252Ftesti-e2c55b704894.senaatti.fi%252Fen%252Fstate-owned-properties%252Fconstruction-management%252F%7Ctitle%3AConstruction%2520management%22%2C%22dropdown_icons%22%3A%22https%3A%2F%2Ftesti-e2c55b704894.senaatti.fi%2Fapp%2Fthemes%2Fsenaatti-konserniuudistus%2Fdist%2Fimages%2Fdropdown-icons%2FRakentaminen_ikoni_outline_sin.png%3Fver%3D1717057415%22%7D%2C%7B%22quicklink_title%22%3A%22Working%20at%20Senate%20Properties%22%2C%22link%22%3A%22url%3Ahttps%253A%252F%252Ftesti-e2c55b704894.senaatti.fi%252Fen%252Fworking-at-senate-properties%252F%7Ctitle%3AWorking%2520at%2520Senate%2520Properties%22%2C%22dropdown_icons%22%3A%22https%3A%2F%2Ftesti-e2c55b704894.senaatti.fi%2Fapp%2Fthemes%2Fsenaatti-konserniuudistus%2Fdist%2Fimages%2Fdropdown-icons%2FUusi_tyontekija_ikoni_outline_sin.svg%3Fver%3D1717057415%22%7D%2C%7B%22quicklink_title%22%3A%22About%20us%22%2C%22link%22%3A%22url%3Ahttps%253A%252F%252Ftesti-e2c55b704894.senaatti.fi%252Fen%252Fabout-us%252F%7Ctitle%3AAbout%2520us%22%2C%22dropdown_icons%22%3A%22https%3A%2F%2Ftesti-e2c55b704894.senaatti.fi%2Fapp%2Fthemes%2Fsenaatti-konserniuudistus%2Fdist%2Fimages%2Fdropdown-icons%2FHeilutus_ikoni_outline_sin.png%3Fver%3D1717057415%22%7D%2C%7B%22quicklink_title%22%3A%22Current%20topics%22%2C%22link%22%3A%22url%3Ahttps%253A%252F%252Ftesti-e2c55b704894.senaatti.fi%252Fen%252Fcurrent-topics%252F%7Ctitle%3ACurrent%2520topics%22%2C%22dropdown_icons%22%3A%22https%3A%2F%2Ftesti-e2c55b704894.senaatti.fi%2Fapp%2Fthemes%2Fsenaatti-konserniuudistus%2Fdist%2Fimages%2Fdropdown-icons%2FRaportointi_ikoni_outline_sin.png%3Fver%3D1717057415%22%7D%2C%7B%22quicklink_title%22%3A%22Contact%20us%22%2C%22link%22%3A%22url%3Ahttps%253A%252F%252Ftesti-e2c55b704894.senaatti.fi%252Fen%252Fcontact-us%252F%7Ctitle%3AContact%2520us%22%2C%22dropdown_icons%22%3A%22https%3A%2F%2Ftesti-e2c55b704894.senaatti.fi%2Fapp%2Fthemes%2Fsenaatti-konserniuudistus%2Fdist%2Fimages%2Fdropdown-icons%2FKeskustelu_ikoni_outline_sin.png%3Fver%3D1717057415%22%7D%5D&#8221; title=&#8221;How can we help?&#8221;][\/vc_column][\/vc_row][vc_row][vc_column][senaatti_feature align=&#8221;right&#8221; background_color=&#8221;bg-white&#8221; heading=&#8221;Working at Senate Properties&#8221; text=&#8221;We are Finland\u2019s largest owner of the most diverse commercial properties. We make room for success. This is your spot at the forefront of the property development sector.&#8221; image=&#8221;38227&#8243; btn=&#8221;url:https%3A%2F%2Ftesti-e2c55b704894.senaatti.fi%2Fen%2Fworking-at-senate-properties%2F|title:Read%20more&#8221;][\/senaatti_feature][\/vc_column][\/vc_row][vc_row][vc_column width=&#8221;1\/2&#8243;][senaatti_feature_small heading=&#8221;Indoor conditions&#8221; text=&#8221;We want to help ensure that everyone working in the offices, institutions, barracks and bureaus of Finland have the best possible conditions in their working environment so as to maintain the welfare, organisation and safety of society. After all, a healthy working environment is the foundation of the well-being of us all.&#8221; image=&#8221;48506&#8243; btn=&#8221;url:https%3A%2F%2Ftesti-e2c55b704894.senaatti.fi%2Fen%2Fabout-us%2Findoor-conditions%2F|title:Read%20more&#8221;][\/vc_column][vc_column width=&#8221;1\/2&#8243;][senaatti_feature_small heading=&#8221;Organisation&#8221; text=&#8221;Senate Group comprises Senate Properties and its subsidiary corporate enterprise Defence Properties Finland. The Group also includes Senate Station Properties Ltd.&#8221; image=&#8221;42260&#8243; btn=&#8221;url:https%3A%2F%2Ftesti-e2c55b704894.senaatti.fi%2Fen%2Fabout-us%2Forganisation%2F|title:Read%20more&#8221;][\/vc_column][\/vc_row][vc_row][vc_column][senaatti_liftcards_carousel automatic1=&#8221;true&#8221; post_type=&#8221;post&#8221; post_type2=&#8221;senaatti_article&#8221; heading=&#8221;Latest news and articles&#8221; allcta=&#8221;url:https%3A%2F%2Ftesti-e2c55b704894.senaatti.fi%2Fen%2Fcurrent-topics%2F|title:See%20more&#8221; count=&#8221;9&#8243;][\/vc_column][\/vc_row]<\/p>\n<\/div>","protected":false},"excerpt":{"rendered":"<p>[vc_row][vc_column][senaatti_homehero image_position_horizontal=&#8221;right&#8221; image_position_vertical=&#8221;bottom&#8221; text_color=&#8221;text-body&#8221; smaller_hero=&#8221;true&#8221; heading=&#8221;Space for a safe and well-functioning future&#8221; btn_label=&#8221;Lue lis\u00e4\u00e4&#8221; btn_url=&#8221;https:\/\/#&#8221; text=&#8221;Senate Properties is the work environment partner and specialist of the Finnish government. Together with our customers, we create work environments that support the special features of their activities, and we are responsible for their maintenance. Working for Finland.&#8221; image=&#8221;59618&#8243;][\/vc_column][\/vc_row][vc_row][vc_column][senaatti_quick_link_with_icons [&hellip;]<\/p>\n","protected":false},"author":11,"featured_media":0,"parent":0,"menu_order":31,"comment_status":"closed","ping_status":"closed","template":"","meta":{"_acf_changed":false,"footnotes":""},"class_list":["post-38079","page","type-page","status-publish","hentry"],"acf":[],"yoast_head":"<!-- This site is optimized with the Yoast SEO plugin v23.9 - https:\/\/yoast.com\/wordpress\/plugins\/seo\/ -->\n<title>Senate Properties<\/title>\n<meta name=\"description\" content=\"Senate Properties is the work environment partner of the Finnish government. Together with our customers, we create work environments that support the special features of their activities\" \/>\n<meta name=\"robots\" content=\"noindex, follow, max-snippet:-1, max-image-preview:large, max-video-preview:-1\" \/>\n<meta property=\"og:locale\" content=\"en_US\" \/>\n<meta property=\"og:type\" content=\"article\" \/>\n<meta property=\"og:title\" content=\"Senaatti-kiinteist\u00f6t\" \/>\n<meta property=\"og:description\" content=\"Senaatti-kiinteist\u00f6t on valtionhallinnon ty\u00f6ymp\u00e4rist\u00f6kumppani. Autamme asiakkaitamme ty\u00f6skentelem\u00e4\u00e4n fiksummin. Visiomme on, ett\u00e4 Suomen valtio on uusien ty\u00f6nteon tapojen ja ty\u00f6ymp\u00e4rist\u00f6jen edell\u00e4k\u00e4vij\u00e4.\" \/>\n<meta property=\"og:url\" content=\"https:\/\/testi-e2c55b704894.senaatti.fi\/en\/\" \/>\n<meta property=\"og:site_name\" content=\"Senaatti\" \/>\n<meta property=\"article:publisher\" content=\"https:\/\/www.facebook.com\/SenaattiKiinteistot\/\" \/>\n<meta property=\"article:modified_time\" content=\"2025-01-02T12:52:13+00:00\" \/>\n<meta property=\"og:image\" content=\"https:\/\/testi-e2c55b704894.senaatti.fi\/app\/uploads\/2021\/01\/Senaatti_FB_profiili_1200x630-1024x538.png\" \/>\n\t<meta property=\"og:image:width\" content=\"1024\" \/>\n\t<meta property=\"og:image:height\" content=\"538\" \/>\n\t<meta property=\"og:image:type\" content=\"image\/png\" \/>\n<meta name=\"twitter:card\" content=\"summary_large_image\" \/>\n<meta name=\"twitter:title\" content=\"Senaatti-kiinteist\u00f6t\" \/>\n<meta name=\"twitter:description\" content=\"Senaatti-kiinteist\u00f6t on valtionhallinnon ty\u00f6ymp\u00e4rist\u00f6kumppani. Autamme asiakkaitamme ty\u00f6skentelem\u00e4\u00e4n fiksummin. Visiomme on, ett\u00e4 Suomen valtio on uusien ty\u00f6nteon tapojen ja ty\u00f6ymp\u00e4rist\u00f6jen edell\u00e4k\u00e4vij\u00e4.\" \/>\n<meta name=\"twitter:site\" content=\"@SenaattiK\" \/>\n<meta name=\"twitter:label1\" content=\"Est. reading time\" \/>\n\t<meta name=\"twitter:data1\" content=\"2 minutes\" \/>\n<script type=\"application\/ld+json\" class=\"yoast-schema-graph\">{\"@context\":\"https:\/\/schema.org\",\"@graph\":[{\"@type\":\"WebPage\",\"@id\":\"https:\/\/testi-e2c55b704894.senaatti.fi\/en\/\",\"url\":\"https:\/\/testi-e2c55b704894.senaatti.fi\/en\/\",\"name\":\"Senate Properties\",\"isPartOf\":{\"@id\":\"https:\/\/www.senaatti.fi\/#website\"},\"datePublished\":\"2020-05-26T03:47:46+00:00\",\"dateModified\":\"2025-01-02T12:52:13+00:00\",\"description\":\"Senate Properties is the work environment partner of the Finnish government. Together with our customers, we create work environments that support the special features of their activities\",\"breadcrumb\":{\"@id\":\"https:\/\/testi-e2c55b704894.senaatti.fi\/en\/#breadcrumb\"},\"inLanguage\":\"en-US\",\"potentialAction\":[{\"@type\":\"ReadAction\",\"target\":[\"https:\/\/testi-e2c55b704894.senaatti.fi\/en\/\"]}]},{\"@type\":\"BreadcrumbList\",\"@id\":\"https:\/\/testi-e2c55b704894.senaatti.fi\/en\/#breadcrumb\",\"itemListElement\":[{\"@type\":\"ListItem\",\"position\":1,\"name\":\"Home\",\"item\":\"https:\/\/www.senaatti.fi\/en\/\"},{\"@type\":\"ListItem\",\"position\":2,\"name\":\"Frontpage\"}]},{\"@type\":\"WebSite\",\"@id\":\"https:\/\/www.senaatti.fi\/#website\",\"url\":\"https:\/\/www.senaatti.fi\/\",\"name\":\"Senaatti\",\"description\":\"Just another WordPress site\",\"publisher\":{\"@id\":\"https:\/\/www.senaatti.fi\/#organization\"},\"potentialAction\":[{\"@type\":\"SearchAction\",\"target\":{\"@type\":\"EntryPoint\",\"urlTemplate\":\"https:\/\/www.senaatti.fi\/?s={search_term_string}\"},\"query-input\":{\"@type\":\"PropertyValueSpecification\",\"valueRequired\":true,\"valueName\":\"search_term_string\"}}],\"inLanguage\":\"en-US\"},{\"@type\":\"Organization\",\"@id\":\"https:\/\/www.senaatti.fi\/#organization\",\"name\":\"Senaatti-kiinteist\u00f6t\",\"url\":\"https:\/\/www.senaatti.fi\/\",\"logo\":{\"@type\":\"ImageObject\",\"inLanguage\":\"en-US\",\"@id\":\"https:\/\/www.senaatti.fi\/#\/schema\/logo\/image\/\",\"url\":\"https:\/\/testi-e2c55b704894.senaatti.fi\/app\/uploads\/2021\/01\/Senaatti_FB_profiili_1200x630.png\",\"contentUrl\":\"https:\/\/testi-e2c55b704894.senaatti.fi\/app\/uploads\/2021\/01\/Senaatti_FB_profiili_1200x630.png\",\"width\":1201,\"height\":631,\"caption\":\"Senaatti-kiinteist\u00f6t\"},\"image\":{\"@id\":\"https:\/\/www.senaatti.fi\/#\/schema\/logo\/image\/\"},\"sameAs\":[\"https:\/\/www.facebook.com\/SenaattiKiinteistot\/\",\"https:\/\/x.com\/SenaattiK\",\"https:\/\/www.linkedin.com\/company\/senate-properties\",\"https:\/\/www.youtube.com\/channel\/UCunSUhMjKd5KqASPgBrndkQ\"]}]}<\/script>\n<!-- \/ Yoast SEO plugin. -->","yoast_head_json":{"title":"Senate Properties","description":"Senate Properties is the work environment partner of the Finnish government. Together with our customers, we create work environments that support the special features of their activities","robots":{"index":"noindex","follow":"follow","max-snippet":"max-snippet:-1","max-image-preview":"max-image-preview:large","max-video-preview":"max-video-preview:-1"},"og_locale":"en_US","og_type":"article","og_title":"Senaatti-kiinteist\u00f6t","og_description":"Senaatti-kiinteist\u00f6t on valtionhallinnon ty\u00f6ymp\u00e4rist\u00f6kumppani. Autamme asiakkaitamme ty\u00f6skentelem\u00e4\u00e4n fiksummin. Visiomme on, ett\u00e4 Suomen valtio on uusien ty\u00f6nteon tapojen ja ty\u00f6ymp\u00e4rist\u00f6jen edell\u00e4k\u00e4vij\u00e4.","og_url":"https:\/\/testi-e2c55b704894.senaatti.fi\/en\/","og_site_name":"Senaatti","article_publisher":"https:\/\/www.facebook.com\/SenaattiKiinteistot\/","article_modified_time":"2025-01-02T12:52:13+00:00","og_image":[{"width":1024,"height":538,"url":"https:\/\/testi-e2c55b704894.senaatti.fi\/app\/uploads\/2021\/01\/Senaatti_FB_profiili_1200x630-1024x538.png","type":"image\/png"}],"twitter_card":"summary_large_image","twitter_title":"Senaatti-kiinteist\u00f6t","twitter_description":"Senaatti-kiinteist\u00f6t on valtionhallinnon ty\u00f6ymp\u00e4rist\u00f6kumppani. Autamme asiakkaitamme ty\u00f6skentelem\u00e4\u00e4n fiksummin. Visiomme on, ett\u00e4 Suomen valtio on uusien ty\u00f6nteon tapojen ja ty\u00f6ymp\u00e4rist\u00f6jen edell\u00e4k\u00e4vij\u00e4.","twitter_site":"@SenaattiK","twitter_misc":{"Est. reading time":"2 minutes"},"schema":{"@context":"https:\/\/schema.org","@graph":[{"@type":"WebPage","@id":"https:\/\/testi-e2c55b704894.senaatti.fi\/en\/","url":"https:\/\/testi-e2c55b704894.senaatti.fi\/en\/","name":"Senate Properties","isPartOf":{"@id":"https:\/\/www.senaatti.fi\/#website"},"datePublished":"2020-05-26T03:47:46+00:00","dateModified":"2025-01-02T12:52:13+00:00","description":"Senate Properties is the work environment partner of the Finnish government. Together with our customers, we create work environments that support the special features of their activities","breadcrumb":{"@id":"https:\/\/testi-e2c55b704894.senaatti.fi\/en\/#breadcrumb"},"inLanguage":"en-US","potentialAction":[{"@type":"ReadAction","target":["https:\/\/testi-e2c55b704894.senaatti.fi\/en\/"]}]},{"@type":"BreadcrumbList","@id":"https:\/\/testi-e2c55b704894.senaatti.fi\/en\/#breadcrumb","itemListElement":[{"@type":"ListItem","position":1,"name":"Home","item":"https:\/\/www.senaatti.fi\/en\/"},{"@type":"ListItem","position":2,"name":"Frontpage"}]},{"@type":"WebSite","@id":"https:\/\/www.senaatti.fi\/#website","url":"https:\/\/www.senaatti.fi\/","name":"Senaatti","description":"Just another WordPress site","publisher":{"@id":"https:\/\/www.senaatti.fi\/#organization"},"potentialAction":[{"@type":"SearchAction","target":{"@type":"EntryPoint","urlTemplate":"https:\/\/www.senaatti.fi\/?s={search_term_string}"},"query-input":{"@type":"PropertyValueSpecification","valueRequired":true,"valueName":"search_term_string"}}],"inLanguage":"en-US"},{"@type":"Organization","@id":"https:\/\/www.senaatti.fi\/#organization","name":"Senaatti-kiinteist\u00f6t","url":"https:\/\/www.senaatti.fi\/","logo":{"@type":"ImageObject","inLanguage":"en-US","@id":"https:\/\/www.senaatti.fi\/#\/schema\/logo\/image\/","url":"https:\/\/testi-e2c55b704894.senaatti.fi\/app\/uploads\/2021\/01\/Senaatti_FB_profiili_1200x630.png","contentUrl":"https:\/\/testi-e2c55b704894.senaatti.fi\/app\/uploads\/2021\/01\/Senaatti_FB_profiili_1200x630.png","width":1201,"height":631,"caption":"Senaatti-kiinteist\u00f6t"},"image":{"@id":"https:\/\/www.senaatti.fi\/#\/schema\/logo\/image\/"},"sameAs":["https:\/\/www.facebook.com\/SenaattiKiinteistot\/","https:\/\/x.com\/SenaattiK","https:\/\/www.linkedin.com\/company\/senate-properties","https:\/\/www.youtube.com\/channel\/UCunSUhMjKd5KqASPgBrndkQ"]}]}},"publishpress_future_action":{"enabled":false,"date":"2026-04-17 18:27:25","action":"change-status","newStatus":"draft","terms":[],"taxonomy":"translation_priority"},"_links":{"self":[{"href":"https:\/\/testi-e2c55b704894.senaatti.fi\/en\/wp-json\/wp\/v2\/pages\/38079","targetHints":{"allow":["GET"]}}],"collection":[{"href":"https:\/\/testi-e2c55b704894.senaatti.fi\/en\/wp-json\/wp\/v2\/pages"}],"about":[{"href":"https:\/\/testi-e2c55b704894.senaatti.fi\/en\/wp-json\/wp\/v2\/types\/page"}],"author":[{"embeddable":true,"href":"https:\/\/testi-e2c55b704894.senaatti.fi\/en\/wp-json\/wp\/v2\/users\/11"}],"replies":[{"embeddable":true,"href":"https:\/\/testi-e2c55b704894.senaatti.fi\/en\/wp-json\/wp\/v2\/comments?post=38079"}],"version-history":[{"count":11,"href":"https:\/\/testi-e2c55b704894.senaatti.fi\/en\/wp-json\/wp\/v2\/pages\/38079\/revisions"}],"predecessor-version":[{"id":78953,"href":"https:\/\/testi-e2c55b704894.senaatti.fi\/en\/wp-json\/wp\/v2\/pages\/38079\/revisions\/78953"}],"wp:attachment":[{"href":"https:\/\/testi-e2c55b704894.senaatti.fi\/en\/wp-json\/wp\/v2\/media?parent=38079"}],"curies":[{"name":"wp","href":"https:\/\/api.w.org\/{rel}","templated":true}]}}