{"id":38248,"date":"2017-03-17T06:37:20","date_gmt":"2017-03-17T04:37:20","guid":{"rendered":"https:\/\/testi-e2c55b704894.senaatti.fi\/?page_id=38248"},"modified":"2025-01-09T09:00:36","modified_gmt":"2025-01-09T07:00:36","slug":"working-at-senate-properties","status":"publish","type":"page","link":"https:\/\/testi-e2c55b704894.senaatti.fi\/en\/working-at-senate-properties\/","title":{"rendered":"Working at Senate Properties"},"content":{"rendered":"<div class=\"wpb-content-wrapper\"><p>[vc_row][vc_column][senaatti_hero heading=&#8221;Want to be part of Senate Properties\u2019 inspiring team?&#8221; text=&#8221;We are Finland\u2019s largest owner of the most diverse commercial properties. We make room for success. This is your spot at the forefront of the property development sector.&#8221; image=&#8221;38227&#8243;][\/vc_column][\/vc_row][vc_row][vc_column][vc_column_text]<\/p>\n<h2>Our selection process<\/h2>\n<p>We advertise job vacancies on our website, online search channels or in publications. After receiving applications, our selection process includes video interviews, face-to-face interviews and aptitude assessments, about which the applicant receives feedback. Each applicant in the application process is notified personally by email or phone. With the applicant\u2019s consent, we carry out security clearance before employment begins.<\/p>\n<p>The latest job vacancies can be found on the <a href=\"https:\/\/testi-e2c55b704894.senaatti.fi\/tyonhakijoille\/\">Finnish-language<\/a> page.[\/vc_column_text][\/vc_column][\/vc_row][vc_row][vc_column][senaatti_feature align=&#8221;right&#8221; background_color=&#8221;senaatti-lighter-blue&#8221; heading=&#8221;Senate as an employer&#8221; text=&#8221;We strive in many different ways to ensure that our people have everything it takes to succeed in their work. We consistently invest in developing the professionalism and competence of our people.&#8221; image=&#8221;56361&#8243; btn=&#8221;url:https%3A%2F%2Ftesti-e2c55b704894.senaatti.fi%2Fen%2Fworking-at-senate-properties%2Fresponsible-employer%2F|title:Read%20more&#8221;][\/senaatti_feature][\/vc_column][\/vc_row][vc_row][vc_column width=&#8221;1\/2&#8243;][senaatti_feature_small heading=&#8221;Typical jobs at Senate Properties&#8221; text=&#8221;As a Senate employee, you will join a committed and motivated work community.<br \/>\nTypical jobs at Senate include customer relationship maintenance and development, work environment concept development and change management consulting, construction project planning and implementation, real estate management, buying and letting real estate, and property development and sale.<\/p>\n<p>In addition, we have various expert roles in business support units such as the finance, HR management, marketing &amp; communications, as well as the strategy, development and quality.&#8221; btn=&#8221;url:https%3A%2F%2Ftesti-e2c55b704894.senaatti.fi%2Fen%2Fabout-us%2Forganisation%2Fspecialists%2F|title:Meet%20our%20experts&#8221; image=&#8221;51026&#8243;][\/vc_column][vc_column width=&#8221;1\/2&#8243;][senaatti_feature_small heading=&#8221;Typical jobs at Defence Properties Finland&#8221; text=&#8221;Defence Properties Finland offers jobs in various duties supporting the defence forces. We are an expert organisation in the Finnish Defence Administration property and environmental sector.<\/p>\n<p>We offer jobs at different levels in many sectors such as real estate services, cleaning services, technical services, energy services, construction management services and environmental services.&#8221; btn=&#8221;url:https%3A%2F%2Ftesti-e2c55b704894.senaatti.fi%2Fen%2Fdefence-properties-finland%2Fworking-for-defence-properties-finland%2F|title:Defence%20Properties%20Finland%C2%B4s%20site&#8221; image=&#8221;70147&#8243;][\/vc_column][\/vc_row]<\/p>\n<\/div>","protected":false},"excerpt":{"rendered":"<p>[vc_row][vc_column][senaatti_hero heading=&#8221;Want to be part of Senate Properties\u2019 inspiring team?&#8221; text=&#8221;We are Finland\u2019s largest owner of the most diverse commercial properties. We make room for success. This is your spot at the forefront of the property development sector.&#8221; image=&#8221;38227&#8243;][\/vc_column][\/vc_row][vc_row][vc_column][vc_column_text] Our selection process We advertise job vacancies on our website, online search channels or in publications. [&hellip;]<\/p>\n","protected":false},"author":16,"featured_media":0,"parent":0,"menu_order":0,"comment_status":"closed","ping_status":"closed","template":"","meta":{"_acf_changed":false,"footnotes":""},"class_list":["post-38248","page","type-page","status-publish","hentry"],"acf":[],"yoast_head":"<!-- This site is optimized with the Yoast SEO plugin v23.9 - https:\/\/yoast.com\/wordpress\/plugins\/seo\/ -->\n<title>Working at Senate Properties - Senaatti<\/title>\n<meta name=\"description\" content=\"Rekrytoimme jatkuvasti parhaita osaajia joukkoomme. Mik\u00e4li avoimista ty\u00f6paikoista ei juuri nyt l\u00f6ydy etsim\u00e4\u00e4si, sinun kannattaa j\u00e4tt\u00e4\u00e4 avoin hakemus.\" \/>\n<meta name=\"robots\" content=\"noindex, follow, max-snippet:-1, max-image-preview:large, max-video-preview:-1\" \/>\n<meta property=\"og:locale\" content=\"en_US\" \/>\n<meta property=\"og:type\" content=\"article\" \/>\n<meta property=\"og:title\" content=\"Working at Senate Properties - Senaatti\" \/>\n<meta property=\"og:description\" content=\"Rekrytoimme jatkuvasti parhaita osaajia joukkoomme. Mik\u00e4li avoimista ty\u00f6paikoista ei juuri nyt l\u00f6ydy etsim\u00e4\u00e4si, sinun kannattaa j\u00e4tt\u00e4\u00e4 avoin hakemus.\" \/>\n<meta property=\"og:url\" content=\"https:\/\/testi-e2c55b704894.senaatti.fi\/en\/working-at-senate-properties\/\" \/>\n<meta property=\"og:site_name\" content=\"Senaatti\" \/>\n<meta property=\"article:publisher\" content=\"https:\/\/www.facebook.com\/SenaattiKiinteistot\/\" \/>\n<meta property=\"article:modified_time\" content=\"2025-01-09T07:00:36+00:00\" \/>\n<meta property=\"og:image\" content=\"https:\/\/testi-e2c55b704894.senaatti.fi\/app\/uploads\/2021\/01\/Senaatti_FB_profiili_1200x630-1024x538.png\" \/>\n\t<meta property=\"og:image:width\" content=\"1024\" \/>\n\t<meta property=\"og:image:height\" content=\"538\" \/>\n\t<meta property=\"og:image:type\" content=\"image\/png\" \/>\n<meta name=\"twitter:card\" content=\"summary_large_image\" \/>\n<meta name=\"twitter:site\" content=\"@SenaattiK\" \/>\n<meta name=\"twitter:label1\" content=\"Est. reading time\" \/>\n\t<meta name=\"twitter:data1\" content=\"3 minutes\" \/>\n<script type=\"application\/ld+json\" class=\"yoast-schema-graph\">{\"@context\":\"https:\/\/schema.org\",\"@graph\":[{\"@type\":\"WebPage\",\"@id\":\"https:\/\/testi-e2c55b704894.senaatti.fi\/en\/working-at-senate-properties\/\",\"url\":\"https:\/\/testi-e2c55b704894.senaatti.fi\/en\/working-at-senate-properties\/\",\"name\":\"Working at Senate Properties - Senaatti\",\"isPartOf\":{\"@id\":\"https:\/\/www.senaatti.fi\/#website\"},\"datePublished\":\"2017-03-17T04:37:20+00:00\",\"dateModified\":\"2025-01-09T07:00:36+00:00\",\"description\":\"Rekrytoimme jatkuvasti parhaita osaajia joukkoomme. Mik\u00e4li avoimista ty\u00f6paikoista ei juuri nyt l\u00f6ydy etsim\u00e4\u00e4si, sinun kannattaa j\u00e4tt\u00e4\u00e4 avoin hakemus.\",\"breadcrumb\":{\"@id\":\"https:\/\/testi-e2c55b704894.senaatti.fi\/en\/working-at-senate-properties\/#breadcrumb\"},\"inLanguage\":\"en-US\",\"potentialAction\":[{\"@type\":\"ReadAction\",\"target\":[\"https:\/\/testi-e2c55b704894.senaatti.fi\/en\/working-at-senate-properties\/\"]}]},{\"@type\":\"BreadcrumbList\",\"@id\":\"https:\/\/testi-e2c55b704894.senaatti.fi\/en\/working-at-senate-properties\/#breadcrumb\",\"itemListElement\":[{\"@type\":\"ListItem\",\"position\":1,\"name\":\"Home\",\"item\":\"https:\/\/www.senaatti.fi\/en\/\"},{\"@type\":\"ListItem\",\"position\":2,\"name\":\"Working at Senate Properties\"}]},{\"@type\":\"WebSite\",\"@id\":\"https:\/\/www.senaatti.fi\/#website\",\"url\":\"https:\/\/www.senaatti.fi\/\",\"name\":\"Senaatti\",\"description\":\"Just another WordPress site\",\"publisher\":{\"@id\":\"https:\/\/www.senaatti.fi\/#organization\"},\"potentialAction\":[{\"@type\":\"SearchAction\",\"target\":{\"@type\":\"EntryPoint\",\"urlTemplate\":\"https:\/\/www.senaatti.fi\/?s={search_term_string}\"},\"query-input\":{\"@type\":\"PropertyValueSpecification\",\"valueRequired\":true,\"valueName\":\"search_term_string\"}}],\"inLanguage\":\"en-US\"},{\"@type\":\"Organization\",\"@id\":\"https:\/\/www.senaatti.fi\/#organization\",\"name\":\"Senaatti-kiinteist\u00f6t\",\"url\":\"https:\/\/www.senaatti.fi\/\",\"logo\":{\"@type\":\"ImageObject\",\"inLanguage\":\"en-US\",\"@id\":\"https:\/\/www.senaatti.fi\/#\/schema\/logo\/image\/\",\"url\":\"https:\/\/testi-e2c55b704894.senaatti.fi\/app\/uploads\/2021\/01\/Senaatti_FB_profiili_1200x630.png\",\"contentUrl\":\"https:\/\/testi-e2c55b704894.senaatti.fi\/app\/uploads\/2021\/01\/Senaatti_FB_profiili_1200x630.png\",\"width\":1201,\"height\":631,\"caption\":\"Senaatti-kiinteist\u00f6t\"},\"image\":{\"@id\":\"https:\/\/www.senaatti.fi\/#\/schema\/logo\/image\/\"},\"sameAs\":[\"https:\/\/www.facebook.com\/SenaattiKiinteistot\/\",\"https:\/\/x.com\/SenaattiK\",\"https:\/\/www.linkedin.com\/company\/senate-properties\",\"https:\/\/www.youtube.com\/channel\/UCunSUhMjKd5KqASPgBrndkQ\"]}]}<\/script>\n<!-- \/ Yoast SEO plugin. -->","yoast_head_json":{"title":"Working at Senate Properties - Senaatti","description":"Rekrytoimme jatkuvasti parhaita osaajia joukkoomme. Mik\u00e4li avoimista ty\u00f6paikoista ei juuri nyt l\u00f6ydy etsim\u00e4\u00e4si, sinun kannattaa j\u00e4tt\u00e4\u00e4 avoin hakemus.","robots":{"index":"noindex","follow":"follow","max-snippet":"max-snippet:-1","max-image-preview":"max-image-preview:large","max-video-preview":"max-video-preview:-1"},"og_locale":"en_US","og_type":"article","og_title":"Working at Senate Properties - Senaatti","og_description":"Rekrytoimme jatkuvasti parhaita osaajia joukkoomme. Mik\u00e4li avoimista ty\u00f6paikoista ei juuri nyt l\u00f6ydy etsim\u00e4\u00e4si, sinun kannattaa j\u00e4tt\u00e4\u00e4 avoin hakemus.","og_url":"https:\/\/testi-e2c55b704894.senaatti.fi\/en\/working-at-senate-properties\/","og_site_name":"Senaatti","article_publisher":"https:\/\/www.facebook.com\/SenaattiKiinteistot\/","article_modified_time":"2025-01-09T07:00:36+00:00","og_image":[{"width":1024,"height":538,"url":"https:\/\/testi-e2c55b704894.senaatti.fi\/app\/uploads\/2021\/01\/Senaatti_FB_profiili_1200x630-1024x538.png","type":"image\/png"}],"twitter_card":"summary_large_image","twitter_site":"@SenaattiK","twitter_misc":{"Est. reading time":"3 minutes"},"schema":{"@context":"https:\/\/schema.org","@graph":[{"@type":"WebPage","@id":"https:\/\/testi-e2c55b704894.senaatti.fi\/en\/working-at-senate-properties\/","url":"https:\/\/testi-e2c55b704894.senaatti.fi\/en\/working-at-senate-properties\/","name":"Working at Senate Properties - Senaatti","isPartOf":{"@id":"https:\/\/www.senaatti.fi\/#website"},"datePublished":"2017-03-17T04:37:20+00:00","dateModified":"2025-01-09T07:00:36+00:00","description":"Rekrytoimme jatkuvasti parhaita osaajia joukkoomme. Mik\u00e4li avoimista ty\u00f6paikoista ei juuri nyt l\u00f6ydy etsim\u00e4\u00e4si, sinun kannattaa j\u00e4tt\u00e4\u00e4 avoin hakemus.","breadcrumb":{"@id":"https:\/\/testi-e2c55b704894.senaatti.fi\/en\/working-at-senate-properties\/#breadcrumb"},"inLanguage":"en-US","potentialAction":[{"@type":"ReadAction","target":["https:\/\/testi-e2c55b704894.senaatti.fi\/en\/working-at-senate-properties\/"]}]},{"@type":"BreadcrumbList","@id":"https:\/\/testi-e2c55b704894.senaatti.fi\/en\/working-at-senate-properties\/#breadcrumb","itemListElement":[{"@type":"ListItem","position":1,"name":"Home","item":"https:\/\/www.senaatti.fi\/en\/"},{"@type":"ListItem","position":2,"name":"Working at Senate Properties"}]},{"@type":"WebSite","@id":"https:\/\/www.senaatti.fi\/#website","url":"https:\/\/www.senaatti.fi\/","name":"Senaatti","description":"Just another WordPress site","publisher":{"@id":"https:\/\/www.senaatti.fi\/#organization"},"potentialAction":[{"@type":"SearchAction","target":{"@type":"EntryPoint","urlTemplate":"https:\/\/www.senaatti.fi\/?s={search_term_string}"},"query-input":{"@type":"PropertyValueSpecification","valueRequired":true,"valueName":"search_term_string"}}],"inLanguage":"en-US"},{"@type":"Organization","@id":"https:\/\/www.senaatti.fi\/#organization","name":"Senaatti-kiinteist\u00f6t","url":"https:\/\/www.senaatti.fi\/","logo":{"@type":"ImageObject","inLanguage":"en-US","@id":"https:\/\/www.senaatti.fi\/#\/schema\/logo\/image\/","url":"https:\/\/testi-e2c55b704894.senaatti.fi\/app\/uploads\/2021\/01\/Senaatti_FB_profiili_1200x630.png","contentUrl":"https:\/\/testi-e2c55b704894.senaatti.fi\/app\/uploads\/2021\/01\/Senaatti_FB_profiili_1200x630.png","width":1201,"height":631,"caption":"Senaatti-kiinteist\u00f6t"},"image":{"@id":"https:\/\/www.senaatti.fi\/#\/schema\/logo\/image\/"},"sameAs":["https:\/\/www.facebook.com\/SenaattiKiinteistot\/","https:\/\/x.com\/SenaattiK","https:\/\/www.linkedin.com\/company\/senate-properties","https:\/\/www.youtube.com\/channel\/UCunSUhMjKd5KqASPgBrndkQ"]}]}},"publishpress_future_action":{"enabled":false,"date":"2026-04-14 08:14:35","action":"change-status","newStatus":"draft","terms":[],"taxonomy":"translation_priority"},"_links":{"self":[{"href":"https:\/\/testi-e2c55b704894.senaatti.fi\/en\/wp-json\/wp\/v2\/pages\/38248","targetHints":{"allow":["GET"]}}],"collection":[{"href":"https:\/\/testi-e2c55b704894.senaatti.fi\/en\/wp-json\/wp\/v2\/pages"}],"about":[{"href":"https:\/\/testi-e2c55b704894.senaatti.fi\/en\/wp-json\/wp\/v2\/types\/page"}],"author":[{"embeddable":true,"href":"https:\/\/testi-e2c55b704894.senaatti.fi\/en\/wp-json\/wp\/v2\/users\/16"}],"replies":[{"embeddable":true,"href":"https:\/\/testi-e2c55b704894.senaatti.fi\/en\/wp-json\/wp\/v2\/comments?post=38248"}],"version-history":[{"count":10,"href":"https:\/\/testi-e2c55b704894.senaatti.fi\/en\/wp-json\/wp\/v2\/pages\/38248\/revisions"}],"predecessor-version":[{"id":79037,"href":"https:\/\/testi-e2c55b704894.senaatti.fi\/en\/wp-json\/wp\/v2\/pages\/38248\/revisions\/79037"}],"wp:attachment":[{"href":"https:\/\/testi-e2c55b704894.senaatti.fi\/en\/wp-json\/wp\/v2\/media?parent=38248"}],"curies":[{"name":"wp","href":"https:\/\/api.w.org\/{rel}","templated":true}]}}