{"id":5712,"date":"2017-04-12T13:10:47","date_gmt":"2017-04-12T10:10:47","guid":{"rendered":"https:\/\/testi-e2c55b704894.senaatti.fi\/tietoa-senaatista\/organisaatio\/alueet\/"},"modified":"2024-04-04T13:28:52","modified_gmt":"2024-04-04T10:28:52","slug":"property-regions","status":"publish","type":"page","link":"https:\/\/testi-e2c55b704894.senaatti.fi\/en\/about-us\/organisation\/property-regions\/","title":{"rendered":"Property Regions"},"content":{"rendered":"<div class=\"wpb-content-wrapper\"><p>[vc_row][vc_column][senaatti_hero heading=&#8221;Property Regions&#8221; text=&#8221;Our regional organisation is made up of four property regions. Customer service, letting of properties, building management and matters related to building maintenance are the responsibility of the regional organisation, which are lead by regional directors.&#8221; image=&#8221;51026&#8243; btn=&#8221;url:https%3A%2F%2Ftesti-e2c55b704894.senaatti.fi%2Fen%2Fcontact-us%2Foffices%2F|title:Our%20offices||&#8221;][\/vc_column][\/vc_row][vc_row][vc_column][senaatti_feature align=&#8221;right&#8221; background_color=&#8221;bg-white&#8221; heading=&#8221;Southern Finland&#8221; text=&#8221;The Southern Finland region includes the provinces of Uusimaa and It\u00e4-Uusimaa. The region&#8217;s head office is in Helsinki. By land area it is the smallest region of Senate Properties, but in terms of inhabitants and number of properties it is the largest.<\/p>\n<p>Clients include ministries, central government as well as research and arts institutions. Many of the region&#8217;s properties are historic and valuable such as the House of the Estates, the Finnish National Gallery\u2019s properties and the Finnish National Opera.<\/p>\n<p>The Regional Director is <strong>Petri Turku<\/strong>.&#8221; image=&#8221;2595&#8243; btn=&#8221;url:|title:|target:|&#8221;][\/senaatti_feature][\/vc_column][\/vc_row][vc_row][vc_column][senaatti_feature background_color=&#8221;senaatti-konserni-green-25&#8243; heading=&#8221;Eastern Finland&#8221; text=&#8221;The region of Eastern Finland includes the provinces of P\u00e4ij\u00e4t-H\u00e4me, Kymenlaakso, Etel\u00e4-Karjala, Etel\u00e4-Savo, Pohjois-Savo and Pohjois-Karjala. The region\u2019s Head Office is in Kuopio and clients are also served from an office in Kouvola.<\/p>\n<p>Clients in the region include several government agencies and research institutes. The largest and most challenging client group are clients from the defence and security sectors: the armed forces, the Border Guard, Customs and the Prison Service. The Emergency Services College in Kuopio with its training area is one of the region\u2019s special properties.<\/p>\n<p>The Regional Director is <strong>Pasi Haataja<\/strong>.&#8221; image=&#8221;2600&#8243; btn=&#8221;url:|title:|target:|&#8221;][\/senaatti_feature][\/vc_column][\/vc_row][vc_row][vc_column][senaatti_feature align=&#8221;right&#8221; background_color=&#8221;bg-white&#8221; heading=&#8221;Western Finland&#8221; text=&#8221;The region of Western Finland includes the provinces of Varsinais-Suomi, Satakunta, Kanta-H\u00e4me, Ahvenanmaa, Pirkanmaa, Keski-Suomi, Etel\u00e4-Pohjanmaa, Keski-Pohjanmaa and Pohjanmaa.<\/p>\n<p>The region\u2019s head office is in Tampere and there are other offices in H\u00e4meenlinna, Jyv\u00e4skyl\u00e4, Turku and Vaasa.<\/p>\n<p>Clients include the police, tax, judicial and defence administrations, MTT Agrifood Research Finland, government agencies, teaching and research institutes such as VTT Technical Research Centre of Finland, the Police College of Finland and the Airforce Academy. The client base also includes the Ministry of Justice, prisons and Vanha Vaasa hospital.<\/p>\n<p>The Regional Director is <strong>Pauli Rantam\u00e4ki<\/strong>. He is also in charge of our Tampere and H\u00e4meenlinna offices. The Regional Manager of Turku is <strong>Pekka Koskinen<\/strong> and the Regional Manager of Jyv\u00e4skyl\u00e4 and Vaasa is <strong>Marko Jalkanen<\/strong>.&#8221; image=&#8221;2602&#8243; btn=&#8221;url:|title:|target:|&#8221;][\/senaatti_feature][\/vc_column][\/vc_row][vc_row][vc_column][senaatti_feature background_color=&#8221;senaatti-konserni-green-25&#8243; heading=&#8221;Northern Finland&#8221; text=&#8221;The Northern Finland region includes the provinces of Pohjois-Pohjanmaa, Kainuu and Lappi. The region\u2019s Head Office is in Oulu and clients are also served from an office in Rovaniemi. By land area, the region of Northern Finland is the largest region of Senate Properties.<\/p>\n<p>Our biggest clients include the Pelso and Oulu prisons, The Tax Administration, The Regional State Administrative Agencies for Northern Finland and Lapland, the Oulu Police Department, the S\u00e1mi Education Institute as well as the S\u00e1mi Museum Foundation.<\/p>\n<p>The Regional Director is <strong>Lauri Peltonen<\/strong>.&#8221; image=&#8221;2605&#8243; btn=&#8221;url:|title:|target:|&#8221;][\/senaatti_feature][\/vc_column][\/vc_row]<\/p>\n<\/div>","protected":false},"excerpt":{"rendered":"<p>[vc_row][vc_column][senaatti_hero heading=&#8221;Property Regions&#8221; text=&#8221;Our regional organisation is made up of four property regions. Customer service, letting of properties, building management and matters related to building maintenance are the responsibility of the regional organisation, which are lead by regional directors.&#8221; image=&#8221;51026&#8243; btn=&#8221;url:https%3A%2F%2Ftesti-e2c55b704894.senaatti.fi%2Fen%2Fcontact-us%2Foffices%2F|title:Our%20offices||&#8221;][\/vc_column][\/vc_row][vc_row][vc_column][senaatti_feature align=&#8221;right&#8221; background_color=&#8221;bg-white&#8221; heading=&#8221;Southern Finland&#8221; text=&#8221;The Southern Finland region includes the provinces of Uusimaa and [&hellip;]<\/p>\n","protected":false},"author":11,"featured_media":0,"parent":55935,"menu_order":5,"comment_status":"closed","ping_status":"closed","template":"","meta":{"_acf_changed":false,"footnotes":""},"class_list":["post-5712","page","type-page","status-publish","hentry"],"acf":[],"yoast_head":"<!-- This site is optimized with the Yoast SEO plugin v23.9 - https:\/\/yoast.com\/wordpress\/plugins\/seo\/ -->\n<title>Property Regions - Senaatti<\/title>\n<meta name=\"robots\" content=\"noindex, follow, max-snippet:-1, max-image-preview:large, max-video-preview:-1\" \/>\n<meta property=\"og:locale\" content=\"en_US\" \/>\n<meta property=\"og:type\" content=\"article\" \/>\n<meta property=\"og:title\" content=\"Property Regions - Senaatti\" \/>\n<meta property=\"og:description\" content=\"[vc_row][vc_column][senaatti_hero heading=&#8221;Property Regions&#8221; text=&#8221;Our regional organisation is made up of four property regions. Customer service, letting of properties, building management and matters related to building maintenance are the responsibility of the regional organisation, which are lead by regional directors.&#8221; image=&#8221;51026&#8243; btn=&#8221;url:https%3A%2F%2Ftesti-e2c55b704894.senaatti.fi%2Fen%2Fcontact-us%2Foffices%2F|title:Our%20offices||&#8221;][\/vc_column][\/vc_row][vc_row][vc_column][senaatti_feature align=&#8221;right&#8221; background_color=&#8221;bg-white&#8221; heading=&#8221;Southern Finland&#8221; text=&#8221;The Southern Finland region includes the provinces of Uusimaa and [&hellip;]\" \/>\n<meta property=\"og:url\" content=\"https:\/\/testi-e2c55b704894.senaatti.fi\/en\/about-us\/organisation\/property-regions\/\" \/>\n<meta property=\"og:site_name\" content=\"Senaatti\" \/>\n<meta property=\"article:publisher\" content=\"https:\/\/www.facebook.com\/SenaattiKiinteistot\/\" \/>\n<meta property=\"article:modified_time\" content=\"2024-04-04T10:28:52+00:00\" \/>\n<meta property=\"og:image\" content=\"https:\/\/testi-e2c55b704894.senaatti.fi\/app\/uploads\/2021\/01\/Senaatti_FB_profiili_1200x630-1024x538.png\" \/>\n\t<meta property=\"og:image:width\" content=\"1024\" \/>\n\t<meta property=\"og:image:height\" content=\"538\" \/>\n\t<meta property=\"og:image:type\" content=\"image\/png\" \/>\n<meta name=\"twitter:card\" content=\"summary_large_image\" \/>\n<meta name=\"twitter:site\" content=\"@SenaattiK\" \/>\n<meta name=\"twitter:label1\" content=\"Est. reading time\" \/>\n\t<meta name=\"twitter:data1\" content=\"3 minutes\" \/>\n<script type=\"application\/ld+json\" class=\"yoast-schema-graph\">{\"@context\":\"https:\/\/schema.org\",\"@graph\":[{\"@type\":\"WebPage\",\"@id\":\"https:\/\/testi-e2c55b704894.senaatti.fi\/en\/about-us\/organisation\/property-regions\/\",\"url\":\"https:\/\/testi-e2c55b704894.senaatti.fi\/en\/about-us\/organisation\/property-regions\/\",\"name\":\"Property Regions - Senaatti\",\"isPartOf\":{\"@id\":\"https:\/\/www.senaatti.fi\/#website\"},\"datePublished\":\"2017-04-12T10:10:47+00:00\",\"dateModified\":\"2024-04-04T10:28:52+00:00\",\"breadcrumb\":{\"@id\":\"https:\/\/testi-e2c55b704894.senaatti.fi\/en\/about-us\/organisation\/property-regions\/#breadcrumb\"},\"inLanguage\":\"en-US\",\"potentialAction\":[{\"@type\":\"ReadAction\",\"target\":[\"https:\/\/testi-e2c55b704894.senaatti.fi\/en\/about-us\/organisation\/property-regions\/\"]}]},{\"@type\":\"BreadcrumbList\",\"@id\":\"https:\/\/testi-e2c55b704894.senaatti.fi\/en\/about-us\/organisation\/property-regions\/#breadcrumb\",\"itemListElement\":[{\"@type\":\"ListItem\",\"position\":1,\"name\":\"Home\",\"item\":\"https:\/\/www.senaatti.fi\/en\/\"},{\"@type\":\"ListItem\",\"position\":2,\"name\":\"About us\",\"item\":\"https:\/\/www.senaatti.fi\/en\/about-us\/\"},{\"@type\":\"ListItem\",\"position\":3,\"name\":\"Organisation\",\"item\":\"https:\/\/www.senaatti.fi\/en\/about-us\/organisation\/\"},{\"@type\":\"ListItem\",\"position\":4,\"name\":\"Property Regions\"}]},{\"@type\":\"WebSite\",\"@id\":\"https:\/\/www.senaatti.fi\/#website\",\"url\":\"https:\/\/www.senaatti.fi\/\",\"name\":\"Senaatti\",\"description\":\"Just another WordPress site\",\"publisher\":{\"@id\":\"https:\/\/www.senaatti.fi\/#organization\"},\"potentialAction\":[{\"@type\":\"SearchAction\",\"target\":{\"@type\":\"EntryPoint\",\"urlTemplate\":\"https:\/\/www.senaatti.fi\/?s={search_term_string}\"},\"query-input\":{\"@type\":\"PropertyValueSpecification\",\"valueRequired\":true,\"valueName\":\"search_term_string\"}}],\"inLanguage\":\"en-US\"},{\"@type\":\"Organization\",\"@id\":\"https:\/\/www.senaatti.fi\/#organization\",\"name\":\"Senaatti-kiinteist\u00f6t\",\"url\":\"https:\/\/www.senaatti.fi\/\",\"logo\":{\"@type\":\"ImageObject\",\"inLanguage\":\"en-US\",\"@id\":\"https:\/\/www.senaatti.fi\/#\/schema\/logo\/image\/\",\"url\":\"https:\/\/testi-e2c55b704894.senaatti.fi\/app\/uploads\/2021\/01\/Senaatti_FB_profiili_1200x630.png\",\"contentUrl\":\"https:\/\/testi-e2c55b704894.senaatti.fi\/app\/uploads\/2021\/01\/Senaatti_FB_profiili_1200x630.png\",\"width\":1201,\"height\":631,\"caption\":\"Senaatti-kiinteist\u00f6t\"},\"image\":{\"@id\":\"https:\/\/www.senaatti.fi\/#\/schema\/logo\/image\/\"},\"sameAs\":[\"https:\/\/www.facebook.com\/SenaattiKiinteistot\/\",\"https:\/\/x.com\/SenaattiK\",\"https:\/\/www.linkedin.com\/company\/senate-properties\",\"https:\/\/www.youtube.com\/channel\/UCunSUhMjKd5KqASPgBrndkQ\"]}]}<\/script>\n<!-- \/ Yoast SEO plugin. -->","yoast_head_json":{"title":"Property Regions - Senaatti","robots":{"index":"noindex","follow":"follow","max-snippet":"max-snippet:-1","max-image-preview":"max-image-preview:large","max-video-preview":"max-video-preview:-1"},"og_locale":"en_US","og_type":"article","og_title":"Property Regions - Senaatti","og_description":"[vc_row][vc_column][senaatti_hero heading=&#8221;Property Regions&#8221; text=&#8221;Our regional organisation is made up of four property regions. Customer service, letting of properties, building management and matters related to building maintenance are the responsibility of the regional organisation, which are lead by regional directors.&#8221; image=&#8221;51026&#8243; btn=&#8221;url:https%3A%2F%2Ftesti-e2c55b704894.senaatti.fi%2Fen%2Fcontact-us%2Foffices%2F|title:Our%20offices||&#8221;][\/vc_column][\/vc_row][vc_row][vc_column][senaatti_feature align=&#8221;right&#8221; background_color=&#8221;bg-white&#8221; heading=&#8221;Southern Finland&#8221; text=&#8221;The Southern Finland region includes the provinces of Uusimaa and [&hellip;]","og_url":"https:\/\/testi-e2c55b704894.senaatti.fi\/en\/about-us\/organisation\/property-regions\/","og_site_name":"Senaatti","article_publisher":"https:\/\/www.facebook.com\/SenaattiKiinteistot\/","article_modified_time":"2024-04-04T10:28:52+00:00","og_image":[{"width":1024,"height":538,"url":"https:\/\/testi-e2c55b704894.senaatti.fi\/app\/uploads\/2021\/01\/Senaatti_FB_profiili_1200x630-1024x538.png","type":"image\/png"}],"twitter_card":"summary_large_image","twitter_site":"@SenaattiK","twitter_misc":{"Est. reading time":"3 minutes"},"schema":{"@context":"https:\/\/schema.org","@graph":[{"@type":"WebPage","@id":"https:\/\/testi-e2c55b704894.senaatti.fi\/en\/about-us\/organisation\/property-regions\/","url":"https:\/\/testi-e2c55b704894.senaatti.fi\/en\/about-us\/organisation\/property-regions\/","name":"Property Regions - Senaatti","isPartOf":{"@id":"https:\/\/www.senaatti.fi\/#website"},"datePublished":"2017-04-12T10:10:47+00:00","dateModified":"2024-04-04T10:28:52+00:00","breadcrumb":{"@id":"https:\/\/testi-e2c55b704894.senaatti.fi\/en\/about-us\/organisation\/property-regions\/#breadcrumb"},"inLanguage":"en-US","potentialAction":[{"@type":"ReadAction","target":["https:\/\/testi-e2c55b704894.senaatti.fi\/en\/about-us\/organisation\/property-regions\/"]}]},{"@type":"BreadcrumbList","@id":"https:\/\/testi-e2c55b704894.senaatti.fi\/en\/about-us\/organisation\/property-regions\/#breadcrumb","itemListElement":[{"@type":"ListItem","position":1,"name":"Home","item":"https:\/\/www.senaatti.fi\/en\/"},{"@type":"ListItem","position":2,"name":"About us","item":"https:\/\/www.senaatti.fi\/en\/about-us\/"},{"@type":"ListItem","position":3,"name":"Organisation","item":"https:\/\/www.senaatti.fi\/en\/about-us\/organisation\/"},{"@type":"ListItem","position":4,"name":"Property Regions"}]},{"@type":"WebSite","@id":"https:\/\/www.senaatti.fi\/#website","url":"https:\/\/www.senaatti.fi\/","name":"Senaatti","description":"Just another WordPress site","publisher":{"@id":"https:\/\/www.senaatti.fi\/#organization"},"potentialAction":[{"@type":"SearchAction","target":{"@type":"EntryPoint","urlTemplate":"https:\/\/www.senaatti.fi\/?s={search_term_string}"},"query-input":{"@type":"PropertyValueSpecification","valueRequired":true,"valueName":"search_term_string"}}],"inLanguage":"en-US"},{"@type":"Organization","@id":"https:\/\/www.senaatti.fi\/#organization","name":"Senaatti-kiinteist\u00f6t","url":"https:\/\/www.senaatti.fi\/","logo":{"@type":"ImageObject","inLanguage":"en-US","@id":"https:\/\/www.senaatti.fi\/#\/schema\/logo\/image\/","url":"https:\/\/testi-e2c55b704894.senaatti.fi\/app\/uploads\/2021\/01\/Senaatti_FB_profiili_1200x630.png","contentUrl":"https:\/\/testi-e2c55b704894.senaatti.fi\/app\/uploads\/2021\/01\/Senaatti_FB_profiili_1200x630.png","width":1201,"height":631,"caption":"Senaatti-kiinteist\u00f6t"},"image":{"@id":"https:\/\/www.senaatti.fi\/#\/schema\/logo\/image\/"},"sameAs":["https:\/\/www.facebook.com\/SenaattiKiinteistot\/","https:\/\/x.com\/SenaattiK","https:\/\/www.linkedin.com\/company\/senate-properties","https:\/\/www.youtube.com\/channel\/UCunSUhMjKd5KqASPgBrndkQ"]}]}},"publishpress_future_action":{"enabled":false,"date":"2026-05-03 10:30:06","action":"change-status","newStatus":"draft","terms":[],"taxonomy":"translation_priority"},"_links":{"self":[{"href":"https:\/\/testi-e2c55b704894.senaatti.fi\/en\/wp-json\/wp\/v2\/pages\/5712","targetHints":{"allow":["GET"]}}],"collection":[{"href":"https:\/\/testi-e2c55b704894.senaatti.fi\/en\/wp-json\/wp\/v2\/pages"}],"about":[{"href":"https:\/\/testi-e2c55b704894.senaatti.fi\/en\/wp-json\/wp\/v2\/types\/page"}],"author":[{"embeddable":true,"href":"https:\/\/testi-e2c55b704894.senaatti.fi\/en\/wp-json\/wp\/v2\/users\/11"}],"replies":[{"embeddable":true,"href":"https:\/\/testi-e2c55b704894.senaatti.fi\/en\/wp-json\/wp\/v2\/comments?post=5712"}],"version-history":[{"count":11,"href":"https:\/\/testi-e2c55b704894.senaatti.fi\/en\/wp-json\/wp\/v2\/pages\/5712\/revisions"}],"predecessor-version":[{"id":71841,"href":"https:\/\/testi-e2c55b704894.senaatti.fi\/en\/wp-json\/wp\/v2\/pages\/5712\/revisions\/71841"}],"up":[{"embeddable":true,"href":"https:\/\/testi-e2c55b704894.senaatti.fi\/en\/wp-json\/wp\/v2\/pages\/55935"}],"wp:attachment":[{"href":"https:\/\/testi-e2c55b704894.senaatti.fi\/en\/wp-json\/wp\/v2\/media?parent=5712"}],"curies":[{"name":"wp","href":"https:\/\/api.w.org\/{rel}","templated":true}]}}