{"id":57371,"date":"2023-06-28T14:35:13","date_gmt":"2023-06-28T11:35:13","guid":{"rendered":"https:\/\/testi-e2c55b704894.senaatti.fi\/?page_id=57371"},"modified":"2024-02-01T13:44:39","modified_gmt":"2024-02-01T11:44:39","slug":"corporate-social-responsibility","status":"publish","type":"page","link":"https:\/\/testi-e2c55b704894.senaatti.fi\/en\/about-us\/corporate-social-responsibility\/","title":{"rendered":"Corporate social responsibility"},"content":{"rendered":"<div class=\"wpb-content-wrapper\"><p>[vc_row][vc_column][senaatti_hero heading=&#8221;Social responsibility drives everything we do&#8221; text=&#8221;At Senate Group, social responsibility is an inherent part of all our activities. As a responsible real estate owner, we ensure that our activities are sustainable from the social, economic and environmental aspects. Social responsibility is one of the cornerstones of our business strategy and an integral part of action plans and our everyday work.&#8221; image=&#8221;64912&#8243;][\/vc_column][\/vc_row][vc_row][vc_column][vc_column_text remove_empty_space_above=&#8221;true&#8221;]<\/p>\n<h2 class=\"feature__title\">The vision of corporate social responsibility<\/h2>\n<p>We are a pioneer of corporate social responsibility in our industry, and we always keep the government\u2019s best interest in mind when we create work environments for our customers. Our business is energy and material efficient and commercially accountable.<\/p>\n<p>Responsibility and environmental work at Senate Properties is based on our certified ISO 14001 environmental management system, which has been extended to also cover economic and social responsibility aspects.[\/vc_column_text][\/vc_column][\/vc_row][vc_row][vc_column width=&#8221;1\/2&#8243;][senaatti_feature_small heading=&#8221;Social responsibility management&#8221; image=&#8221;5565&#8243; btn=&#8221;url:https%3A%2F%2Ftesti-e2c55b704894.senaatti.fi%2Fen%2Fabout-us%2Fcorporate-social-responsibility%2Fresponsibility-management%2F|title:Read%20more&#8221; text=&#8221;We take social responsibility aspects into account in planning our business strategy and in our annual action plans. Each and every one of our employees is responsible for ensuring that activities comply with the agreed ways of working and that responsibility is taken into account in everything we do.&#8221;][\/vc_column][vc_column width=&#8221;1\/2&#8243;][senaatti_feature_small heading=&#8221;Social responsibility policy&#8221; image=&#8221;51042&#8243; text=&#8221;Senate Group bears responsibility for promoting sustainability and combatting climate change by taking the economic, social and environmental aspects into account in its decision-making. Senate Group\u2019s activities are driven by the social responsibility policy adopted by the Board of Directors.&#8221;][\/vc_column][\/vc_row][vc_row][vc_column][vc_column_text remove_empty_space_above=&#8221;true&#8221; remove_empty_space_below=&#8221;true&#8221;]<\/p>\n<h2 class=\"feature__title\">Focus areas of responsibility<\/h2>\n<p>Senate Group\u2019s focus areas of responsibility take widely into account the aspects of environmental, social and economic responsibility. The real estate and construction sectors particularly highlight environmental aspects.<\/p>\n<p>The Finnish government has committed to carbon neutrality, the circular economy and biodiversity. These commitments also drive Senate Group\u2019s activities.[\/vc_column_text][\/vc_column][\/vc_row][vc_row][vc_column][senaatti_liftcards heading=&#8221;Environmental responsibility&#8221; card=&#8221;%5B%7B%22label%22%3A%22Towards%20a%20carbon-neutral%20Finland%202035%22%2C%22link%22%3A%22url%3Ahttps%253A%252F%252Ftesti-e2c55b704894.senaatti.fi%252Fen%252Fabout-us%252Fcorporate-social-responsibility%252Ftowards-carbon-neutrality%252F%7Ctitle%3ARead%2520more%22%2C%22description%22%3A%22We%20promote%20Finland%E2%80%99s%20carbon%20neutrality%20goals%20in%20two%20ways%3A%20the%20carbon-neutral%20use%20of%20properties%20and%20the%20carbon-neutral%20construction%20and%20repair%20of%20properties.%20We%20set%20carbon%20neutrality%20targets%20for%20all%20construction%20projects%20of%20more%20than%20%E2%82%AC2%20million%20and%20among%20other%20things%20have%20signed%20up%20for%20the%20green%20deal%20agreement%20for%20emission-free%20construction%20sites.%22%2C%22image%22%3A%2248227%22%7D%2C%7B%22label%22%3A%22Energy-efficient%20properties%22%2C%22link%22%3A%22url%3Ahttps%253A%252F%252Ftesti-e2c55b704894.senaatti.fi%252Fen%252Fenergy-saving-programme%252F%7Ctitle%3AFind%2520out%2520more%2520about%2520our%2520Energy%2520Saving%2520Programme%22%2C%22description%22%3A%22We%20have%20for%20years%20done%20successful%20and%20effective%20work%20to%20improve%20energy%20use%20in%20central%20government%20properties.%20In%20the%20crisis%20situation%20of%202022%2C%20we%20launched%20an%20extensive%20energy%20saving%20programme.%20We%20want%20to%20do%20our%20bit%20to%20ensure%20enough%20energy%20in%20Finland.%22%2C%22image%22%3A%2248483%22%7D%2C%7B%22label%22%3A%22Circular%20economy%20principles%22%2C%22description%22%3A%22Through%20the%20circular%20economy%2C%20we%20strive%20to%20ensure%20the%20sustainable%20use%20of%20natural%20resources%20also%20in%20the%20future%20and%20the%20principles%20of%20the%20circular%20economy%20are%20greatly%20included%20in%20all%20the%20Group%E2%80%99s%20activities.%20This%20means%20the%20efficient%20use%20of%20resources%20and%20that%20maintenance%2C%20re-use%20and%20recycling%20help%20to%20keep%20raw%20materials%20in%20use.%22%2C%22image%22%3A%2248120%22%7D%2C%7B%22label%22%3A%22Biodiversity%22%2C%22link%22%3A%22url%3Ahttps%253A%252F%252Ftesti-e2c55b704894.senaatti.fi%252Fen%252Fabout-us%252Fcorporate-social-responsibility%252Fbiodiversity%252F%7Ctitle%3ARead%2520more%22%2C%22description%22%3A%22We%20are%20responsible%20for%20conserving%20biodiversity%20and%20preventing%20nature%20loss%20at%20our%20own%20sites.%20We%20commission%20ecological%20surveys%20as%20part%20of%20construction%20projects%2C%20maintenance%20and%20property%20sales.%20We%20have%20also%20launched%20meadowing%20projects%20and%20extensively%20studied%20potential%20sites%20for%20diversity%20development.%22%2C%22image%22%3A%2214183%22%7D%5D&#8221;][\/vc_column][\/vc_row][vc_row][vc_column][senaatti_feature heading=&#8221;Environmental Services&#8221; text=&#8221;We act as the central government competence centre in properties and environmental issues involving their use and in environmental construction. Our services include environmental surveys, the study and remediation of contaminated environments, environmental engineering, circular economy solutions, environmental impact monitoring and regulatory procedures under environmental law.&#8221; image=&#8221;51598&#8243; btn=&#8221;url:https%3A%2F%2Ftesti-e2c55b704894.senaatti.fi%2Fen%2Fdefence-properties-finland%2Fservices%2Fenvironmental-services%2F|title:To%20Environmental%20Services%20webpage&#8221;][\/senaatti_feature][\/vc_column][\/vc_row][vc_row][vc_column][senaatti_liftcards heading=&#8221;Social and economic responsibility&#8221; card=&#8221;%5B%7B%22label%22%3A%22Looking%20after%20the%20personnel%22%2C%22link%22%3A%22url%3Ahttps%253A%252F%252Ftesti-e2c55b704894.senaatti.fi%252Fen%252Fworking-at-senate-properties%252Fresponsible-employer%252F%7Ctitle%3ASenate%2520as%2520an%2520employer%22%2C%22description%22%3A%22We%20strive%20in%20many%20different%20ways%20to%20ensure%20our%20personnel%20have%20the%20right%20conditions%20to%20successfully%20do%20their%20work.%20We%20invest%20consistently%20in%20developing%20the%20knowhow%20and%20competence%20of%20our%20personnel.%20We%20provide%20meaningful%20work%20and%20a%20suitable%20number%20of%20tasks%2C%20flexible%20working%20hours%2C%20quality%20healthcare%20and%20supervisory%20support.%22%2C%22image%22%3A%2251025%22%7D%2C%7B%22label%22%3A%22Responsible%20procurement%22%2C%22link%22%3A%22url%3Ahttps%253A%252F%252Ftesti-e2c55b704894.senaatti.fi%252Fen%252Fabout-us%252Ffinance%252Fprocurements%252F%7Ctitle%3ARead%2520more%22%2C%22description%22%3A%22Senate%20Group%20is%20a%20major%20buyer%20of%20building%20management%20and%20real%20estate%20services%20in%20Finland%20and%20one%20of%20Finland%E2%80%99s%20largest%20public%20procurement%20organisations.%20We%20procure%20services%20and%20products%20for%20the%20use%20of%20unincorporated%20Group%20enterprises.%22%2C%22image%22%3A%2263121%22%7D%2C%7B%22label%22%3A%22Responsible%20financial%20management%22%2C%22link%22%3A%22url%3Ahttps%253A%252F%252Ftesti-e2c55b704894.senaatti.fi%252Fen%252Fabout-us%252Ffinance%252F%7Ctitle%3AFinance%22%2C%22description%22%3A%22Financial%20responsibility%20at%20Senate%20Group%20means%20efficient%20and%20productive%20use%20of%20real%20estate%20assets%20and%20preserving%20their%20value.%20This%20can%20be%20done%20if%20the%20income%20available%20from%20the%20assets%20can%20be%20used%20to%20cover%20all%20the%20costs%20arising%20from%20the%20use%20and%20maintenance%20of%20the%20properties%20and%20keeping%20the%20properties%20up%20to%20date.%20Rents%20are%20based%20on%20a%20gross%20rent%20model%20and%20Senate%20makes%20no%20profit%20on%20the%20rents%20from%20its%20central%20government%20clients.%22%2C%22image%22%3A%2236901%22%7D%5D&#8221;][\/vc_column][\/vc_row]<\/p>\n<\/div>","protected":false},"excerpt":{"rendered":"<p>[vc_row][vc_column][senaatti_hero heading=&#8221;Social responsibility drives everything we do&#8221; text=&#8221;At Senate Group, social responsibility is an inherent part of all our activities. As a responsible real estate owner, we ensure that our activities are sustainable from the social, economic and environmental aspects. Social responsibility is one of the cornerstones of our business strategy and an integral part [&hellip;]<\/p>\n","protected":false},"author":11,"featured_media":0,"parent":53450,"menu_order":0,"comment_status":"closed","ping_status":"closed","template":"","meta":{"_acf_changed":false,"footnotes":""},"class_list":["post-57371","page","type-page","status-publish","hentry"],"acf":[],"yoast_head":"<!-- This site is optimized with the Yoast SEO plugin v23.9 - https:\/\/yoast.com\/wordpress\/plugins\/seo\/ -->\n<title>Corporate social responsibility - Senaatti<\/title>\n<meta name=\"description\" content=\"Senaatin toiminta perustuu kaikilta osin yhteiskuntavastuuseen. Kannamme vastuumme kest\u00e4v\u00e4st\u00e4 kehityksest\u00e4 rakennusten kulttuuriarvoa unohtamatta.\" \/>\n<meta name=\"robots\" content=\"noindex, follow, max-snippet:-1, max-image-preview:large, max-video-preview:-1\" \/>\n<meta property=\"og:locale\" content=\"en_US\" \/>\n<meta property=\"og:type\" content=\"article\" \/>\n<meta property=\"og:title\" content=\"Corporate social responsibility - Senaatti\" \/>\n<meta property=\"og:description\" content=\"Senaatin toiminta perustuu kaikilta osin yhteiskuntavastuuseen. Kannamme vastuumme kest\u00e4v\u00e4st\u00e4 kehityksest\u00e4 rakennusten kulttuuriarvoa unohtamatta.\" \/>\n<meta property=\"og:url\" content=\"https:\/\/testi-e2c55b704894.senaatti.fi\/en\/about-us\/corporate-social-responsibility\/\" \/>\n<meta property=\"og:site_name\" content=\"Senaatti\" \/>\n<meta property=\"article:publisher\" content=\"https:\/\/www.facebook.com\/SenaattiKiinteistot\/\" \/>\n<meta property=\"article:modified_time\" content=\"2024-02-01T11:44:39+00:00\" \/>\n<meta property=\"og:image\" content=\"https:\/\/testi-e2c55b704894.senaatti.fi\/app\/uploads\/2021\/01\/Senaatti_FB_profiili_1200x630-1024x538.png\" \/>\n\t<meta property=\"og:image:width\" content=\"1024\" \/>\n\t<meta property=\"og:image:height\" content=\"538\" \/>\n\t<meta property=\"og:image:type\" content=\"image\/png\" \/>\n<meta name=\"twitter:card\" content=\"summary_large_image\" \/>\n<meta name=\"twitter:site\" content=\"@SenaattiK\" \/>\n<meta name=\"twitter:label1\" content=\"Est. reading time\" \/>\n\t<meta name=\"twitter:data1\" content=\"3 minutes\" \/>\n<script type=\"application\/ld+json\" class=\"yoast-schema-graph\">{\"@context\":\"https:\/\/schema.org\",\"@graph\":[{\"@type\":\"WebPage\",\"@id\":\"https:\/\/testi-e2c55b704894.senaatti.fi\/en\/about-us\/corporate-social-responsibility\/\",\"url\":\"https:\/\/testi-e2c55b704894.senaatti.fi\/en\/about-us\/corporate-social-responsibility\/\",\"name\":\"Corporate social responsibility - Senaatti\",\"isPartOf\":{\"@id\":\"https:\/\/www.senaatti.fi\/#website\"},\"datePublished\":\"2023-06-28T11:35:13+00:00\",\"dateModified\":\"2024-02-01T11:44:39+00:00\",\"description\":\"Senaatin toiminta perustuu kaikilta osin yhteiskuntavastuuseen. Kannamme vastuumme kest\u00e4v\u00e4st\u00e4 kehityksest\u00e4 rakennusten kulttuuriarvoa unohtamatta.\",\"breadcrumb\":{\"@id\":\"https:\/\/testi-e2c55b704894.senaatti.fi\/en\/about-us\/corporate-social-responsibility\/#breadcrumb\"},\"inLanguage\":\"en-US\",\"potentialAction\":[{\"@type\":\"ReadAction\",\"target\":[\"https:\/\/testi-e2c55b704894.senaatti.fi\/en\/about-us\/corporate-social-responsibility\/\"]}]},{\"@type\":\"BreadcrumbList\",\"@id\":\"https:\/\/testi-e2c55b704894.senaatti.fi\/en\/about-us\/corporate-social-responsibility\/#breadcrumb\",\"itemListElement\":[{\"@type\":\"ListItem\",\"position\":1,\"name\":\"Home\",\"item\":\"https:\/\/www.senaatti.fi\/en\/\"},{\"@type\":\"ListItem\",\"position\":2,\"name\":\"About us\",\"item\":\"https:\/\/www.senaatti.fi\/en\/about-us\/\"},{\"@type\":\"ListItem\",\"position\":3,\"name\":\"Corporate social responsibility\"}]},{\"@type\":\"WebSite\",\"@id\":\"https:\/\/www.senaatti.fi\/#website\",\"url\":\"https:\/\/www.senaatti.fi\/\",\"name\":\"Senaatti\",\"description\":\"Just another WordPress site\",\"publisher\":{\"@id\":\"https:\/\/www.senaatti.fi\/#organization\"},\"potentialAction\":[{\"@type\":\"SearchAction\",\"target\":{\"@type\":\"EntryPoint\",\"urlTemplate\":\"https:\/\/www.senaatti.fi\/?s={search_term_string}\"},\"query-input\":{\"@type\":\"PropertyValueSpecification\",\"valueRequired\":true,\"valueName\":\"search_term_string\"}}],\"inLanguage\":\"en-US\"},{\"@type\":\"Organization\",\"@id\":\"https:\/\/www.senaatti.fi\/#organization\",\"name\":\"Senaatti-kiinteist\u00f6t\",\"url\":\"https:\/\/www.senaatti.fi\/\",\"logo\":{\"@type\":\"ImageObject\",\"inLanguage\":\"en-US\",\"@id\":\"https:\/\/www.senaatti.fi\/#\/schema\/logo\/image\/\",\"url\":\"https:\/\/testi-e2c55b704894.senaatti.fi\/app\/uploads\/2021\/01\/Senaatti_FB_profiili_1200x630.png\",\"contentUrl\":\"https:\/\/testi-e2c55b704894.senaatti.fi\/app\/uploads\/2021\/01\/Senaatti_FB_profiili_1200x630.png\",\"width\":1201,\"height\":631,\"caption\":\"Senaatti-kiinteist\u00f6t\"},\"image\":{\"@id\":\"https:\/\/www.senaatti.fi\/#\/schema\/logo\/image\/\"},\"sameAs\":[\"https:\/\/www.facebook.com\/SenaattiKiinteistot\/\",\"https:\/\/x.com\/SenaattiK\",\"https:\/\/www.linkedin.com\/company\/senate-properties\",\"https:\/\/www.youtube.com\/channel\/UCunSUhMjKd5KqASPgBrndkQ\"]}]}<\/script>\n<!-- \/ Yoast SEO plugin. -->","yoast_head_json":{"title":"Corporate social responsibility - Senaatti","description":"Senaatin toiminta perustuu kaikilta osin yhteiskuntavastuuseen. Kannamme vastuumme kest\u00e4v\u00e4st\u00e4 kehityksest\u00e4 rakennusten kulttuuriarvoa unohtamatta.","robots":{"index":"noindex","follow":"follow","max-snippet":"max-snippet:-1","max-image-preview":"max-image-preview:large","max-video-preview":"max-video-preview:-1"},"og_locale":"en_US","og_type":"article","og_title":"Corporate social responsibility - Senaatti","og_description":"Senaatin toiminta perustuu kaikilta osin yhteiskuntavastuuseen. Kannamme vastuumme kest\u00e4v\u00e4st\u00e4 kehityksest\u00e4 rakennusten kulttuuriarvoa unohtamatta.","og_url":"https:\/\/testi-e2c55b704894.senaatti.fi\/en\/about-us\/corporate-social-responsibility\/","og_site_name":"Senaatti","article_publisher":"https:\/\/www.facebook.com\/SenaattiKiinteistot\/","article_modified_time":"2024-02-01T11:44:39+00:00","og_image":[{"width":1024,"height":538,"url":"https:\/\/testi-e2c55b704894.senaatti.fi\/app\/uploads\/2021\/01\/Senaatti_FB_profiili_1200x630-1024x538.png","type":"image\/png"}],"twitter_card":"summary_large_image","twitter_site":"@SenaattiK","twitter_misc":{"Est. reading time":"3 minutes"},"schema":{"@context":"https:\/\/schema.org","@graph":[{"@type":"WebPage","@id":"https:\/\/testi-e2c55b704894.senaatti.fi\/en\/about-us\/corporate-social-responsibility\/","url":"https:\/\/testi-e2c55b704894.senaatti.fi\/en\/about-us\/corporate-social-responsibility\/","name":"Corporate social responsibility - Senaatti","isPartOf":{"@id":"https:\/\/www.senaatti.fi\/#website"},"datePublished":"2023-06-28T11:35:13+00:00","dateModified":"2024-02-01T11:44:39+00:00","description":"Senaatin toiminta perustuu kaikilta osin yhteiskuntavastuuseen. Kannamme vastuumme kest\u00e4v\u00e4st\u00e4 kehityksest\u00e4 rakennusten kulttuuriarvoa unohtamatta.","breadcrumb":{"@id":"https:\/\/testi-e2c55b704894.senaatti.fi\/en\/about-us\/corporate-social-responsibility\/#breadcrumb"},"inLanguage":"en-US","potentialAction":[{"@type":"ReadAction","target":["https:\/\/testi-e2c55b704894.senaatti.fi\/en\/about-us\/corporate-social-responsibility\/"]}]},{"@type":"BreadcrumbList","@id":"https:\/\/testi-e2c55b704894.senaatti.fi\/en\/about-us\/corporate-social-responsibility\/#breadcrumb","itemListElement":[{"@type":"ListItem","position":1,"name":"Home","item":"https:\/\/www.senaatti.fi\/en\/"},{"@type":"ListItem","position":2,"name":"About us","item":"https:\/\/www.senaatti.fi\/en\/about-us\/"},{"@type":"ListItem","position":3,"name":"Corporate social responsibility"}]},{"@type":"WebSite","@id":"https:\/\/www.senaatti.fi\/#website","url":"https:\/\/www.senaatti.fi\/","name":"Senaatti","description":"Just another WordPress site","publisher":{"@id":"https:\/\/www.senaatti.fi\/#organization"},"potentialAction":[{"@type":"SearchAction","target":{"@type":"EntryPoint","urlTemplate":"https:\/\/www.senaatti.fi\/?s={search_term_string}"},"query-input":{"@type":"PropertyValueSpecification","valueRequired":true,"valueName":"search_term_string"}}],"inLanguage":"en-US"},{"@type":"Organization","@id":"https:\/\/www.senaatti.fi\/#organization","name":"Senaatti-kiinteist\u00f6t","url":"https:\/\/www.senaatti.fi\/","logo":{"@type":"ImageObject","inLanguage":"en-US","@id":"https:\/\/www.senaatti.fi\/#\/schema\/logo\/image\/","url":"https:\/\/testi-e2c55b704894.senaatti.fi\/app\/uploads\/2021\/01\/Senaatti_FB_profiili_1200x630.png","contentUrl":"https:\/\/testi-e2c55b704894.senaatti.fi\/app\/uploads\/2021\/01\/Senaatti_FB_profiili_1200x630.png","width":1201,"height":631,"caption":"Senaatti-kiinteist\u00f6t"},"image":{"@id":"https:\/\/www.senaatti.fi\/#\/schema\/logo\/image\/"},"sameAs":["https:\/\/www.facebook.com\/SenaattiKiinteistot\/","https:\/\/x.com\/SenaattiK","https:\/\/www.linkedin.com\/company\/senate-properties","https:\/\/www.youtube.com\/channel\/UCunSUhMjKd5KqASPgBrndkQ"]}]}},"publishpress_future_action":{"enabled":false,"date":"2026-05-03 14:35:54","action":"change-status","newStatus":"draft","terms":[],"taxonomy":"translation_priority"},"_links":{"self":[{"href":"https:\/\/testi-e2c55b704894.senaatti.fi\/en\/wp-json\/wp\/v2\/pages\/57371","targetHints":{"allow":["GET"]}}],"collection":[{"href":"https:\/\/testi-e2c55b704894.senaatti.fi\/en\/wp-json\/wp\/v2\/pages"}],"about":[{"href":"https:\/\/testi-e2c55b704894.senaatti.fi\/en\/wp-json\/wp\/v2\/types\/page"}],"author":[{"embeddable":true,"href":"https:\/\/testi-e2c55b704894.senaatti.fi\/en\/wp-json\/wp\/v2\/users\/11"}],"replies":[{"embeddable":true,"href":"https:\/\/testi-e2c55b704894.senaatti.fi\/en\/wp-json\/wp\/v2\/comments?post=57371"}],"version-history":[{"count":10,"href":"https:\/\/testi-e2c55b704894.senaatti.fi\/en\/wp-json\/wp\/v2\/pages\/57371\/revisions"}],"predecessor-version":[{"id":65506,"href":"https:\/\/testi-e2c55b704894.senaatti.fi\/en\/wp-json\/wp\/v2\/pages\/57371\/revisions\/65506"}],"up":[{"embeddable":true,"href":"https:\/\/testi-e2c55b704894.senaatti.fi\/en\/wp-json\/wp\/v2\/pages\/53450"}],"wp:attachment":[{"href":"https:\/\/testi-e2c55b704894.senaatti.fi\/en\/wp-json\/wp\/v2\/media?parent=57371"}],"curies":[{"name":"wp","href":"https:\/\/api.w.org\/{rel}","templated":true}]}}