{"id":57592,"date":"2022-10-06T07:51:12","date_gmt":"2022-10-06T04:51:12","guid":{"rendered":"https:\/\/testi-e2c55b704894.senaatti.fi\/energiaohjelma\/"},"modified":"2024-10-07T15:18:33","modified_gmt":"2024-10-07T12:18:33","slug":"energy-saving-programme","status":"publish","type":"page","link":"https:\/\/testi-e2c55b704894.senaatti.fi\/en\/energy-saving-programme\/","title":{"rendered":"Energy Saving Programme"},"content":{"rendered":"<div class=\"wpb-content-wrapper\"><p>[vc_row][vc_column][senaatti_hero heading=&#8221;Energy Saving Programme&#8221; text=&#8221;Exceptional times call for decisive action. As an energy crisis threatened Finland in autumn 2022, we launched an extensive Energy Saving Programme in government premises to a fast schedule. Our aim was to help Finland get through a challenging winter on the energy markets and to curb the sharp rise in energy costs. The programme outperformed targets and we are still benefiting from its results.&#8221; image=&#8221;56596&#8243;][\/vc_column][\/vc_row][vc_row][vc_column][vc_column_text remove_empty_space_above=&#8221;true&#8221; remove_empty_space_below=&#8221;true&#8221;]<\/p>\n<h2>Savings in energy costs reflect in lower government rents<\/h2>\n<p>The Energy Saving Programme in government premises exceeded the targets set and delivered even higher savings than expected. By year-end 2023, almost 100,000 MWh savings in heat and electricity had been achieved. This translates into savings of around \u20ac12 million in energy costs.<\/p>\n<p>The Energy Saving Programme developed and introduced new operating models and technology for demand-side management. In addition, Senate sought new ideas for improving energy efficiency from clients and the Group\u2019s own employees.<\/p>\n<p>The new practices now continue as part of Senate\u2019s normal processes. The Energy Saving Programme has delivered permanent savings in government energy costs and this in turn will contribute to significant rent reductions for government agencies from the beginning of 2025.[\/vc_column_text][\/vc_column][\/vc_row][vc_row][vc_column][senaatti_liftcards heading=&#8221;Pillars of the Energy Saving Programme&#8221; card=&#8221;%5B%7B%22label%22%3A%22Building%20services%20engineering%20systems%22%2C%22description%22%3A%22We%20will%20be%20checking%20the%20settings%20in%20all%20building%20services%20engineering%20systems%20and%20adjusting%20them%20to%20optimise%20energy%20performance.%20Office%20temperatures%20will%20be%20lowered%20(to%20no%20less%20than%2020.5%20%C2%B0C)%2C%20and%20the%20temperature%20in%20cold%20rooms%20will%20be%20raised.%20We%20will%20also%20adjust%20the%20running%20times%20of%20ventilation%20systems%2C%20lighting%20and%20electrical%20equipment.%5Cn%22%2C%22image%22%3A%2256558%22%7D%2C%7B%22label%22%3A%22Customer%20engagement%22%2C%22description%22%3A%22We%20are%20conducting%20property-specific%20surveys%20to%20identify%20ways%20in%20which%20individual%20customers%20can%20save%20energy%20by%2C%20for%20example%2C%20rearranging%20their%20space%20or%20switching%20off%20outside%20lights.%20We%20are%20also%20eager%20to%20hear%20our%20customers%E2%80%99%20energy-saving%20ideas.%5Cn%5Cn%22%2C%22image%22%3A%2256561%22%7D%2C%7B%22label%22%3A%22Demand-side%20management%22%2C%22description%22%3A%22We%20are%20looking%20into%20possibilities%20of%20transferring%20electricity%20consumption%20from%20hours%20of%20high%20load%20and%20price%20to%20a%20more%20affordably%20priced%20time.%22%2C%22image%22%3A%2256552%22%7D%2C%7B%22label%22%3A%22New%20energy-saving%20solutions%22%2C%22description%22%3A%22We%20are%20introducing%20new%20energy%20solutions%20such%20as%20regular%20energy%20audits.%20We%20continue%20to%20invest%20in%20renewable%20sources%20of%20energy%20such%20as%20solar%20and%20geothermal.%5Cn%22%2C%22image%22%3A%2256555%22%7D%5D&#8221;][\/vc_column][\/vc_row][vc_row][vc_column][senaatti_feature_lift image_position_horizontal=&#8221;left&#8221; heading=&#8221;Find out more about our Energy Saving Programme&#8221; text=&#8221;Click on the link below to download our Energy Saving Programme and find out more about our energy-saving measures for the 2022\/2023 winter.&#8221; image=&#8221;57793&#8243; btn=&#8221;url:https%3A%2F%2Ftesti-e2c55b704894.senaatti.fi%2Fapp%2Fuploads%2F2022%2F11%2Fenergysavingprogramme_senaatti_2022.pdf|title:Energy%20Saving%20Programme%20(PDF)|target:_blank&#8221;][\/senaatti_feature_lift][\/vc_column][\/vc_row][vc_row][vc_column][vc_column_text remove_empty_space_above=&#8221;true&#8221; remove_empty_space_below=&#8221;true&#8221;]The ultimate aim of the programme is to cut energy consumption by between 50,000 and 75,000 MWh, which is equivalent to the annual energy consumption of 10,000 one-bedroom flats\u200b. The savings in energy costs will be as high as EUR 10 million. The programme started at the beginning of October 2022, and the measures and their duration will vary from one property to the next. The changes will not affect indoor air quality. The temperature and other settings in our properties always comply with Finnish Indoor Climate Standards.<\/p>\n<figure id=\"attachment_57594\" aria-describedby=\"caption-attachment-57594\" style=\"width: 1024px\" class=\"wp-caption alignleft\"><img loading=\"lazy\" decoding=\"async\" class=\"size-large wp-image-57594\" src=\"https:\/\/testi-e2c55b704894.senaatti.fi\/app\/uploads\/2022\/10\/estimated-energy-consumption-split-scaled-1024x576.jpg\" alt=\"Energy consumption in government offices consists of occupant-based and property-based consumption. There is more information in the caption.\" width=\"1024\" height=\"576\" srcset=\"https:\/\/testi-e2c55b704894.senaatti.fi\/app\/uploads\/2022\/10\/estimated-energy-consumption-split-scaled-1024x576.jpg 1024w, https:\/\/testi-e2c55b704894.senaatti.fi\/app\/uploads\/2022\/10\/estimated-energy-consumption-split-scaled-300x169.jpg 300w, https:\/\/testi-e2c55b704894.senaatti.fi\/app\/uploads\/2022\/10\/estimated-energy-consumption-split-scaled-768x432.jpg 768w, https:\/\/testi-e2c55b704894.senaatti.fi\/app\/uploads\/2022\/10\/estimated-energy-consumption-split-scaled-600x338.jpg 600w, https:\/\/testi-e2c55b704894.senaatti.fi\/app\/uploads\/2022\/10\/estimated-energy-consumption-split-scaled-1536x864.jpg 1536w, https:\/\/testi-e2c55b704894.senaatti.fi\/app\/uploads\/2022\/10\/estimated-energy-consumption-split-scaled-2048x1152.jpg 2048w, https:\/\/testi-e2c55b704894.senaatti.fi\/app\/uploads\/2022\/10\/estimated-energy-consumption-split-scaled-1600x900.jpg 1600w, https:\/\/testi-e2c55b704894.senaatti.fi\/app\/uploads\/2022\/10\/estimated-energy-consumption-split-scaled-2200x1238.jpg 2200w\" sizes=\"auto, (max-width: 1024px) 100vw, 1024px\" \/><figcaption id=\"caption-attachment-57594\" class=\"wp-caption-text\">Energy consumption in government offices can be divided into two categories. Ventilation, heating and hot water account for just over 60% of total energy consumption. The remaining just under 40% is electricity use. Just over 60% of this electricity use is attributable to building services engineering systems, and the remaining just under 40% is attributable to electricity use by occupants (lighting and plug sockets).<\/figcaption><\/figure>\n<p>[\/vc_column_text][\/vc_column][\/vc_row][vc_row][vc_column][vc_column_text]<\/p>\n<h2>Working together towards our goals<\/h2>\n<p>Our Energy Saving Programme is designed to engage our customers and get them involved in our efforts to save energy. As our tenants, they are in an excellent position to provide us with information about, for example, which rooms in their building are only used occasionally and to identify areas and systems that could be used more efficiently from the perspective of energy consumption.<\/p>\n<p>Using each room for a purpose that fits its size and other characteristics is essential for achieving optimal energy performance. In any property, it is the occupants who know best how each room is used and who are therefore in the best position to identify ways to save energy.\u00a0Input from the occupants is invaluable for our efforts, which is why we are urging all our customers to actively think of new ways to lower their energy consumption and to take action.[\/vc_column_text][\/vc_column][\/vc_row][vc_row][vc_column][senaatti_feature_lift heading=&#8221;Questions and answers&#8221; text=&#8221;How will the drop in temperature affect indoor air quality? What kinds of measures are recommended in the event of electricity shortages or power cuts?<\/p>\n<p>Click on the link below for answers to frequently asked questions about our Energy Saving Programme.&#8221; image=&#8221;49688&#8243; btn=&#8221;url:https%3A%2F%2Ftesti-e2c55b704894.senaatti.fi%2Fen%2Fenergy-saving-programme%2Ffrequently-asked-questions-about-the-energy-saving-programme%2F|title:Questions%20and%20answers&#8221;][\/senaatti_feature_lift][\/vc_column][\/vc_row][vc_row][vc_column][vc_column_text remove_empty_space_above=&#8221;true&#8221; remove_empty_space_below=&#8221;true&#8221;]<\/p>\n<h2 style=\"text-align: center;\">Enquiries:<\/h2>\n<p>[\/vc_column_text][\/vc_column][\/vc_row][vc_row][vc_column width=&#8221;1\/2&#8243;][vc_column_text remove_empty_space_above=&#8221;true&#8221; remove_empty_space_below=&#8221;true&#8221;]<strong> <img loading=\"lazy\" decoding=\"async\" class=\"alignleft wp-image-56637 size-thumbnail\" src=\"https:\/\/testi-e2c55b704894.senaatti.fi\/app\/uploads\/2022\/10\/Sanna-Jaaskelainen-150x150.jpg\" alt=\"\" width=\"150\" height=\"150\" \/>Sanna J\u00e4\u00e4skel\u00e4inen<\/strong><\/p>\n<p>Programme Coordinator, Marketing and Communications Director<\/p>\n<p>tel. +358 40 830 8104<\/p>\n<p>&nbsp;<\/p>\n<p>&nbsp;<\/p>\n<p><strong><img loading=\"lazy\" decoding=\"async\" class=\"alignleft wp-image-56640 size-thumbnail\" src=\"https:\/\/testi-e2c55b704894.senaatti.fi\/app\/uploads\/2022\/10\/Tapio-Jalo-150x150.jpg\" alt=\"\" width=\"150\" height=\"150\" \/>Tapio Jalo<\/strong><\/p>\n<p>Specialist, HVAC, Automation and Energy<\/p>\n<p>tel. +358 40 546 6775[\/vc_column_text][\/vc_column][vc_column width=&#8221;1\/2&#8243;][vc_column_text remove_empty_space_above=&#8221;true&#8221; remove_empty_space_below=&#8221;true&#8221;]<img loading=\"lazy\" decoding=\"async\" class=\"alignleft wp-image-35567 size-thumbnail\" src=\"https:\/\/testi-e2c55b704894.senaatti.fi\/app\/uploads\/2019\/11\/PasiPipatti-150x150.jpg\" alt=\"Pasi Pipatti.\" width=\"150\" height=\"150\" srcset=\"https:\/\/testi-e2c55b704894.senaatti.fi\/app\/uploads\/2019\/11\/PasiPipatti-150x150.jpg 150w, https:\/\/testi-e2c55b704894.senaatti.fi\/app\/uploads\/2019\/11\/PasiPipatti-300x300.jpg 300w, https:\/\/testi-e2c55b704894.senaatti.fi\/app\/uploads\/2019\/11\/PasiPipatti-768x768.jpg 768w, https:\/\/testi-e2c55b704894.senaatti.fi\/app\/uploads\/2019\/11\/PasiPipatti-600x600.jpg 600w, https:\/\/testi-e2c55b704894.senaatti.fi\/app\/uploads\/2019\/11\/PasiPipatti.jpg 917w\" sizes=\"auto, (max-width: 150px) 100vw, 150px\" \/><strong>Pasi Pipatti<\/strong><\/p>\n<p>Specialist, Indoor Climate and Energy Use<\/p>\n<p>tel. +358 40 078 7961[\/vc_column_text][\/vc_column][\/vc_row]<\/p>\n<\/div>","protected":false},"excerpt":{"rendered":"<p>[vc_row][vc_column][senaatti_hero heading=&#8221;Energy Saving Programme&#8221; text=&#8221;Exceptional times call for decisive action. As an energy crisis threatened Finland in autumn 2022, we launched an extensive Energy Saving Programme in government premises to a fast schedule. Our aim was to help Finland get through a challenging winter on the energy markets and to curb the sharp rise in [&hellip;]<\/p>\n","protected":false},"author":11,"featured_media":0,"parent":0,"menu_order":0,"comment_status":"closed","ping_status":"closed","template":"","meta":{"_acf_changed":false,"footnotes":""},"class_list":["post-57592","page","type-page","status-publish","hentry"],"acf":[],"yoast_head":"<!-- This site is optimized with the Yoast SEO plugin v23.9 - https:\/\/yoast.com\/wordpress\/plugins\/seo\/ -->\n<title>Energy Saving Programme for government premises - Senaatti<\/title>\n<meta name=\"robots\" content=\"noindex, follow, max-snippet:-1, max-image-preview:large, max-video-preview:-1\" \/>\n<meta property=\"og:locale\" content=\"en_US\" \/>\n<meta property=\"og:type\" content=\"article\" \/>\n<meta property=\"og:title\" content=\"Energy Saving Programme for government premises - Senaatti\" \/>\n<meta property=\"og:description\" content=\"[vc_row][vc_column][senaatti_hero heading=&#8221;Energy Saving Programme&#8221; text=&#8221;Exceptional times call for decisive action. As an energy crisis threatened Finland in autumn 2022, we launched an extensive Energy Saving Programme in government premises to a fast schedule. Our aim was to help Finland get through a challenging winter on the energy markets and to curb the sharp rise in [&hellip;]\" \/>\n<meta property=\"og:url\" content=\"https:\/\/testi-e2c55b704894.senaatti.fi\/en\/energy-saving-programme\/\" \/>\n<meta property=\"og:site_name\" content=\"Senaatti\" \/>\n<meta property=\"article:publisher\" content=\"https:\/\/www.facebook.com\/SenaattiKiinteistot\/\" \/>\n<meta property=\"article:modified_time\" content=\"2024-10-07T12:18:33+00:00\" \/>\n<meta property=\"og:image\" content=\"https:\/\/www.senaatti.fi\/app\/uploads\/2022\/10\/estimated-energy-consumption-split-scaled-1024x576.jpg\" \/>\n<meta name=\"twitter:card\" content=\"summary_large_image\" \/>\n<meta name=\"twitter:site\" content=\"@SenaattiK\" \/>\n<meta name=\"twitter:label1\" content=\"Est. reading time\" \/>\n\t<meta name=\"twitter:data1\" content=\"6 minutes\" \/>\n<script type=\"application\/ld+json\" class=\"yoast-schema-graph\">{\"@context\":\"https:\/\/schema.org\",\"@graph\":[{\"@type\":\"WebPage\",\"@id\":\"https:\/\/testi-e2c55b704894.senaatti.fi\/en\/energy-saving-programme\/\",\"url\":\"https:\/\/testi-e2c55b704894.senaatti.fi\/en\/energy-saving-programme\/\",\"name\":\"Energy Saving Programme for government premises - Senaatti\",\"isPartOf\":{\"@id\":\"https:\/\/www.senaatti.fi\/#website\"},\"primaryImageOfPage\":{\"@id\":\"https:\/\/testi-e2c55b704894.senaatti.fi\/en\/energy-saving-programme\/#primaryimage\"},\"image\":{\"@id\":\"https:\/\/testi-e2c55b704894.senaatti.fi\/en\/energy-saving-programme\/#primaryimage\"},\"thumbnailUrl\":\"https:\/\/testi-e2c55b704894.senaatti.fi\/app\/uploads\/2022\/10\/estimated-energy-consumption-split-scaled-1024x576.jpg\",\"datePublished\":\"2022-10-06T04:51:12+00:00\",\"dateModified\":\"2024-10-07T12:18:33+00:00\",\"breadcrumb\":{\"@id\":\"https:\/\/testi-e2c55b704894.senaatti.fi\/en\/energy-saving-programme\/#breadcrumb\"},\"inLanguage\":\"en-US\",\"potentialAction\":[{\"@type\":\"ReadAction\",\"target\":[\"https:\/\/testi-e2c55b704894.senaatti.fi\/en\/energy-saving-programme\/\"]}]},{\"@type\":\"ImageObject\",\"inLanguage\":\"en-US\",\"@id\":\"https:\/\/testi-e2c55b704894.senaatti.fi\/en\/energy-saving-programme\/#primaryimage\",\"url\":\"https:\/\/testi-e2c55b704894.senaatti.fi\/app\/uploads\/2022\/10\/estimated-energy-consumption-split-scaled-1024x576.jpg\",\"contentUrl\":\"https:\/\/testi-e2c55b704894.senaatti.fi\/app\/uploads\/2022\/10\/estimated-energy-consumption-split-scaled-1024x576.jpg\"},{\"@type\":\"BreadcrumbList\",\"@id\":\"https:\/\/testi-e2c55b704894.senaatti.fi\/en\/energy-saving-programme\/#breadcrumb\",\"itemListElement\":[{\"@type\":\"ListItem\",\"position\":1,\"name\":\"Home\",\"item\":\"https:\/\/www.senaatti.fi\/en\/\"},{\"@type\":\"ListItem\",\"position\":2,\"name\":\"Energy Saving Programme\"}]},{\"@type\":\"WebSite\",\"@id\":\"https:\/\/www.senaatti.fi\/#website\",\"url\":\"https:\/\/www.senaatti.fi\/\",\"name\":\"Senaatti\",\"description\":\"Just another WordPress site\",\"publisher\":{\"@id\":\"https:\/\/www.senaatti.fi\/#organization\"},\"potentialAction\":[{\"@type\":\"SearchAction\",\"target\":{\"@type\":\"EntryPoint\",\"urlTemplate\":\"https:\/\/www.senaatti.fi\/?s={search_term_string}\"},\"query-input\":{\"@type\":\"PropertyValueSpecification\",\"valueRequired\":true,\"valueName\":\"search_term_string\"}}],\"inLanguage\":\"en-US\"},{\"@type\":\"Organization\",\"@id\":\"https:\/\/www.senaatti.fi\/#organization\",\"name\":\"Senaatti-kiinteist\u00f6t\",\"url\":\"https:\/\/www.senaatti.fi\/\",\"logo\":{\"@type\":\"ImageObject\",\"inLanguage\":\"en-US\",\"@id\":\"https:\/\/www.senaatti.fi\/#\/schema\/logo\/image\/\",\"url\":\"https:\/\/testi-e2c55b704894.senaatti.fi\/app\/uploads\/2021\/01\/Senaatti_FB_profiili_1200x630.png\",\"contentUrl\":\"https:\/\/testi-e2c55b704894.senaatti.fi\/app\/uploads\/2021\/01\/Senaatti_FB_profiili_1200x630.png\",\"width\":1201,\"height\":631,\"caption\":\"Senaatti-kiinteist\u00f6t\"},\"image\":{\"@id\":\"https:\/\/www.senaatti.fi\/#\/schema\/logo\/image\/\"},\"sameAs\":[\"https:\/\/www.facebook.com\/SenaattiKiinteistot\/\",\"https:\/\/x.com\/SenaattiK\",\"https:\/\/www.linkedin.com\/company\/senate-properties\",\"https:\/\/www.youtube.com\/channel\/UCunSUhMjKd5KqASPgBrndkQ\"]}]}<\/script>\n<!-- \/ Yoast SEO plugin. -->","yoast_head_json":{"title":"Energy Saving Programme for government premises - Senaatti","robots":{"index":"noindex","follow":"follow","max-snippet":"max-snippet:-1","max-image-preview":"max-image-preview:large","max-video-preview":"max-video-preview:-1"},"og_locale":"en_US","og_type":"article","og_title":"Energy Saving Programme for government premises - Senaatti","og_description":"[vc_row][vc_column][senaatti_hero heading=&#8221;Energy Saving Programme&#8221; text=&#8221;Exceptional times call for decisive action. As an energy crisis threatened Finland in autumn 2022, we launched an extensive Energy Saving Programme in government premises to a fast schedule. Our aim was to help Finland get through a challenging winter on the energy markets and to curb the sharp rise in [&hellip;]","og_url":"https:\/\/testi-e2c55b704894.senaatti.fi\/en\/energy-saving-programme\/","og_site_name":"Senaatti","article_publisher":"https:\/\/www.facebook.com\/SenaattiKiinteistot\/","article_modified_time":"2024-10-07T12:18:33+00:00","og_image":[{"url":"https:\/\/www.senaatti.fi\/app\/uploads\/2022\/10\/estimated-energy-consumption-split-scaled-1024x576.jpg"}],"twitter_card":"summary_large_image","twitter_site":"@SenaattiK","twitter_misc":{"Est. reading time":"6 minutes"},"schema":{"@context":"https:\/\/schema.org","@graph":[{"@type":"WebPage","@id":"https:\/\/testi-e2c55b704894.senaatti.fi\/en\/energy-saving-programme\/","url":"https:\/\/testi-e2c55b704894.senaatti.fi\/en\/energy-saving-programme\/","name":"Energy Saving Programme for government premises - Senaatti","isPartOf":{"@id":"https:\/\/www.senaatti.fi\/#website"},"primaryImageOfPage":{"@id":"https:\/\/testi-e2c55b704894.senaatti.fi\/en\/energy-saving-programme\/#primaryimage"},"image":{"@id":"https:\/\/testi-e2c55b704894.senaatti.fi\/en\/energy-saving-programme\/#primaryimage"},"thumbnailUrl":"https:\/\/testi-e2c55b704894.senaatti.fi\/app\/uploads\/2022\/10\/estimated-energy-consumption-split-scaled-1024x576.jpg","datePublished":"2022-10-06T04:51:12+00:00","dateModified":"2024-10-07T12:18:33+00:00","breadcrumb":{"@id":"https:\/\/testi-e2c55b704894.senaatti.fi\/en\/energy-saving-programme\/#breadcrumb"},"inLanguage":"en-US","potentialAction":[{"@type":"ReadAction","target":["https:\/\/testi-e2c55b704894.senaatti.fi\/en\/energy-saving-programme\/"]}]},{"@type":"ImageObject","inLanguage":"en-US","@id":"https:\/\/testi-e2c55b704894.senaatti.fi\/en\/energy-saving-programme\/#primaryimage","url":"https:\/\/testi-e2c55b704894.senaatti.fi\/app\/uploads\/2022\/10\/estimated-energy-consumption-split-scaled-1024x576.jpg","contentUrl":"https:\/\/testi-e2c55b704894.senaatti.fi\/app\/uploads\/2022\/10\/estimated-energy-consumption-split-scaled-1024x576.jpg"},{"@type":"BreadcrumbList","@id":"https:\/\/testi-e2c55b704894.senaatti.fi\/en\/energy-saving-programme\/#breadcrumb","itemListElement":[{"@type":"ListItem","position":1,"name":"Home","item":"https:\/\/www.senaatti.fi\/en\/"},{"@type":"ListItem","position":2,"name":"Energy Saving Programme"}]},{"@type":"WebSite","@id":"https:\/\/www.senaatti.fi\/#website","url":"https:\/\/www.senaatti.fi\/","name":"Senaatti","description":"Just another WordPress site","publisher":{"@id":"https:\/\/www.senaatti.fi\/#organization"},"potentialAction":[{"@type":"SearchAction","target":{"@type":"EntryPoint","urlTemplate":"https:\/\/www.senaatti.fi\/?s={search_term_string}"},"query-input":{"@type":"PropertyValueSpecification","valueRequired":true,"valueName":"search_term_string"}}],"inLanguage":"en-US"},{"@type":"Organization","@id":"https:\/\/www.senaatti.fi\/#organization","name":"Senaatti-kiinteist\u00f6t","url":"https:\/\/www.senaatti.fi\/","logo":{"@type":"ImageObject","inLanguage":"en-US","@id":"https:\/\/www.senaatti.fi\/#\/schema\/logo\/image\/","url":"https:\/\/testi-e2c55b704894.senaatti.fi\/app\/uploads\/2021\/01\/Senaatti_FB_profiili_1200x630.png","contentUrl":"https:\/\/testi-e2c55b704894.senaatti.fi\/app\/uploads\/2021\/01\/Senaatti_FB_profiili_1200x630.png","width":1201,"height":631,"caption":"Senaatti-kiinteist\u00f6t"},"image":{"@id":"https:\/\/www.senaatti.fi\/#\/schema\/logo\/image\/"},"sameAs":["https:\/\/www.facebook.com\/SenaattiKiinteistot\/","https:\/\/x.com\/SenaattiK","https:\/\/www.linkedin.com\/company\/senate-properties","https:\/\/www.youtube.com\/channel\/UCunSUhMjKd5KqASPgBrndkQ"]}]}},"publishpress_future_action":{"enabled":false,"date":"2026-04-11 14:31:08","action":"change-status","newStatus":"draft","terms":[],"taxonomy":"translation_priority"},"_links":{"self":[{"href":"https:\/\/testi-e2c55b704894.senaatti.fi\/en\/wp-json\/wp\/v2\/pages\/57592","targetHints":{"allow":["GET"]}}],"collection":[{"href":"https:\/\/testi-e2c55b704894.senaatti.fi\/en\/wp-json\/wp\/v2\/pages"}],"about":[{"href":"https:\/\/testi-e2c55b704894.senaatti.fi\/en\/wp-json\/wp\/v2\/types\/page"}],"author":[{"embeddable":true,"href":"https:\/\/testi-e2c55b704894.senaatti.fi\/en\/wp-json\/wp\/v2\/users\/11"}],"replies":[{"embeddable":true,"href":"https:\/\/testi-e2c55b704894.senaatti.fi\/en\/wp-json\/wp\/v2\/comments?post=57592"}],"version-history":[{"count":7,"href":"https:\/\/testi-e2c55b704894.senaatti.fi\/en\/wp-json\/wp\/v2\/pages\/57592\/revisions"}],"predecessor-version":[{"id":76710,"href":"https:\/\/testi-e2c55b704894.senaatti.fi\/en\/wp-json\/wp\/v2\/pages\/57592\/revisions\/76710"}],"wp:attachment":[{"href":"https:\/\/testi-e2c55b704894.senaatti.fi\/en\/wp-json\/wp\/v2\/media?parent=57592"}],"curies":[{"name":"wp","href":"https:\/\/api.w.org\/{rel}","templated":true}]}}