{"id":59044,"date":"2023-01-05T12:58:21","date_gmt":"2023-01-05T10:58:21","guid":{"rendered":"https:\/\/testi-e2c55b704894.senaatti.fi\/?page_id=59044"},"modified":"2024-03-13T09:02:54","modified_gmt":"2024-03-13T07:02:54","slug":"security-services","status":"publish","type":"page","link":"https:\/\/testi-e2c55b704894.senaatti.fi\/en\/work-environments\/security-services\/","title":{"rendered":"Security services"},"content":{"rendered":"<div class=\"wpb-content-wrapper\"><p>[vc_row][vc_column][senaatti_hero heading=&#8221;Security services&#8221; text=&#8221;We help government organisations to optimise their work environments to the correct level of security. Tarvittaessa toteutamme turvallisuusratkaisut ja yll\u00e4pid\u00e4mme valitun turvallisuustason sek\u00e4 kehit\u00e4mme turvallisuusosaamista esimerkiksi kouluttamalla.&#8221; image=&#8221;58021&#8243;][\/vc_column][\/vc_row][vc_row][vc_column][vc_column_text remove_empty_space_above=&#8221;true&#8221;]<\/p>\n<h2 class=\"feature__title\">Security services as part of the turnkey solution<\/h2>\n<p>Government agencies now prefer to procure security systems and services as part of the turnkey solution for their offices. We have expanded our range of services so that we can now provide security services as part of our package.<\/p>\n<p>We assess and analyse the security of the work environment, improve and optimise the level of security and improve the staff\u2019s competence in security-related matters by training them. We procure security services in terms of equipment and systems, implementation and maintenance as well as operative and system administration services.[\/vc_column_text][\/vc_column][\/vc_row][vc_row][vc_column][senaatti_iconliftcards heading=&#8221;Our security services&#8221; card=&#8221;%5B%7B%22description%22%3A%22Expert%20security%20services%22%2C%22dropdown_icons%22%3A%22https%3A%2F%2Ftesti-e2c55b704894.senaatti.fi%2Fapp%2Fthemes%2Fsenaatti-konserniuudistus%2Fdist%2Fimages%2Fdropdown-icons%2Fturvallisuuden_asiantuntija_ikoni_outline_sin.svg%22%7D%2C%7B%22description%22%3A%22Lobby%20and%20guard%20services%22%2C%22dropdown_icons%22%3A%22https%3A%2F%2Ftesti-e2c55b704894.senaatti.fi%2Fapp%2Fthemes%2Fsenaatti-konserniuudistus%2Fdist%2Fimages%2Fdropdown-icons%2Fhenkilokortti_ikoni_outline_sin.png%22%7D%2C%7B%22description%22%3A%22Security%20technology%20services%22%2C%22dropdown_icons%22%3A%22https%3A%2F%2Ftesti-e2c55b704894.senaatti.fi%2Fapp%2Fthemes%2Fsenaatti-konserniuudistus%2Fdist%2Fimages%2Fdropdown-icons%2Fturvallisuusteknologia_ikoni_outline_sin.svg%22%7D%2C%7B%22description%22%3A%22Administration%20use%20services%20and%20alarm%20control%22%2C%22dropdown_icons%22%3A%22https%3A%2F%2Ftesti-e2c55b704894.senaatti.fi%2Fapp%2Fthemes%2Fsenaatti-konserniuudistus%2Fdist%2Fimages%2Fdropdown-icons%2Fhalytysvalvonta_ikoni_outline_sin.svg%22%7D%2C%7B%22description%22%3A%22Civil%20defence%20management%20services%22%2C%22dropdown_icons%22%3A%22https%3A%2F%2Ftesti-e2c55b704894.senaatti.fi%2Fapp%2Fthemes%2Fsenaatti-konserniuudistus%2Fdist%2Fimages%2Fdropdown-icons%2FHuomio_ikoni_outline_sin.png%22%7D%5D&#8221;][\/vc_column][\/vc_row][vc_row][vc_column][vc_column_text]<\/p>\n<h2>Our security service centre is on duty 24\/7\/365<\/h2>\n<p>Senate Properties\u2019 security services centre is the central facility security provider for central government. It is responsible for the security of work environments and the monitoring and management of facility security round the clock.<\/p>\n<p>The security service centre monitors state facilities 24\/7\/365. Our service offering includes administration and remote use services for security technology, licence services and alarm centre services. Cost-effectiveness, improving the client\u2019s security and high-quality customer service and reporting are the cornerstones of our operations.<\/p>\n<p>For more information, please contact your regional security service manager. Please inquire about their contact details from our switchboard at +358 294 830 000.<\/p>\n<p><a href=\"mailto:turvallisuuspalvelukeskus@senaatti.fi\" target=\"_blank\" rel=\"noopener\">turvallisuuspalvelukeskus@senaatti.fi<\/a> \/ +358\u00a0294\u00a0833 020[\/vc_column_text][\/vc_column][\/vc_row][vc_row][vc_column][senaatti_liftcards card=&#8221;%5B%7B%22label%22%3A%22Give%20feedback%22%2C%22link%22%3A%22url%3Ahttps%253A%252F%252Fpelastussuunnitelma.senaattila.fi%252Fpoikkeama%252Fpalaute%252Fkirjaudu%252Fkoodi%252Fc3b3d176-1cf5-11ec-9d3c-525400d7e4eb%7Ctitle%3AFeedback%2520form%2520%7Ctarget%3A_blank%22%2C%22description%22%3A%22We%20always%20welcome%20feedback%20on%20the%20service%20provided%20by%20our%20security%20service%20centre.%22%7D%5D&#8221;][\/vc_column][\/vc_row][vc_row][vc_column][senaatti_liftcards card=&#8221;%5B%7B%22label%22%3A%22Facility%20services%22%2C%22link%22%3A%22url%3Ahttps%253A%252F%252Ftesti-e2c55b704894.senaatti.fi%252Fen%252Fwork-environments%252Ffacility-services%252F%7Ctitle%3ARead%2520more%22%2C%22description%22%3A%22In%20addition%20to%20facilities%20and%20work%20environments%2C%20we%20offer%20our%20clients%20a%20diverse%20range%20of%20centralised%20facility%20services.%20Our%20facility%20services%20include%20cleaning%20services%2C%20office%20services%2C%20meeting%20and%20catering%20services%2C%20deployment%20and%20removal%20services%2C%20as%20well%20as%20furniture%20services.%22%2C%22image%22%3A%2257970%22%7D%2C%7B%22label%22%3A%22Digital%20facility%20services%22%2C%22link%22%3A%22url%3Ahttps%253A%252F%252Ftesti-e2c55b704894.senaatti.fi%252Fen%252Fwork-environments%252Fdigital-facility-services%252F%7Ctitle%3ARead%2520more%22%2C%22description%22%3A%22Working%2C%20nationally%20uniform%20internet%20connections%20and%20computer%20screens%20let%20employees%20focus%20on%20their%20actual%20work.%20Upon%20request%2C%20we%20furnish%20the%20premises%20of%20our%20clients%20with%20presentation%20equipment%20that%20enable%20effortless%20communication%20and%20smooth%20meetings.%20We%20also%20provide%20info%20screen%20and%20utilisation%20rate%20measurement%20services.%22%2C%22image%22%3A%2257973%22%7D%2C%7B%22label%22%3A%22Executive%20work%20environment%20services%22%2C%22link%22%3A%22url%3Ahttps%253A%252F%252Ftesti-e2c55b704894.senaatti.fi%252Fen%252Fwork-environments%252Fexecutive-work-environment-services%252F%7Ctitle%3ARead%2520more%22%2C%22description%22%3A%22We%20help%20our%20clients%20renew%20their%20work%20environments%20and%20ways%20of%20working.%20We%20engage%2C%20inspire%20and%20include%20our%20clients%20in%20the%20change.%20Our%20services%20include%20work%20environment%20management%2C%20change%20management%2C%20knowledge%20work%20development%2C%20service%20design%20and%20impact%20assessments.%22%2C%22image%22%3A%2259311%22%7D%2C%7B%22label%22%3A%22Environmental%20services%22%2C%22link%22%3A%22url%3Ahttps%253A%252F%252Ftesti-e2c55b704894.senaatti.fi%252Fen%252Fdefence-properties-finland%252Fservices%252Fenvironmental-services%252F%7Ctitle%3ARead%2520more%22%2C%22description%22%3A%22Our%20seasoned%20defence%20property%20experts%20assist%20our%20clients%20with%20environmental%20and%20nature%20surveys%2C%20the%20sampling%20and%20restoration%20of%20contaminated%20soil%2C%20environmental%20engineering%2C%20circular%20economy%20solutions%2C%20environmental%20impact%20monitoring%20and%20official%20procedures.%22%2C%22image%22%3A%2251598%22%7D%5D&#8221; heading=&#8221;Our other services&#8221;][\/vc_column][\/vc_row]<\/p>\n<\/div>","protected":false},"excerpt":{"rendered":"<p>[vc_row][vc_column][senaatti_hero heading=&#8221;Security services&#8221; text=&#8221;We help government organisations to optimise their work environments to the correct level of security. Tarvittaessa toteutamme turvallisuusratkaisut ja yll\u00e4pid\u00e4mme valitun turvallisuustason sek\u00e4 kehit\u00e4mme turvallisuusosaamista esimerkiksi kouluttamalla.&#8221; image=&#8221;58021&#8243;][\/vc_column][\/vc_row][vc_row][vc_column][vc_column_text remove_empty_space_above=&#8221;true&#8221;] Security services as part of the turnkey solution Government agencies now prefer to procure security systems and services as part of the turnkey [&hellip;]<\/p>\n","protected":false},"author":67,"featured_media":0,"parent":59001,"menu_order":0,"comment_status":"closed","ping_status":"closed","template":"","meta":{"_acf_changed":false,"footnotes":""},"class_list":["post-59044","page","type-page","status-publish","hentry"],"acf":[],"yoast_head":"<!-- This site is optimized with the Yoast SEO plugin v23.9 - https:\/\/yoast.com\/wordpress\/plugins\/seo\/ -->\n<title>Security services - Senaatti<\/title>\n<meta name=\"robots\" content=\"noindex, follow, max-snippet:-1, max-image-preview:large, max-video-preview:-1\" \/>\n<meta property=\"og:locale\" content=\"en_US\" \/>\n<meta property=\"og:type\" content=\"article\" \/>\n<meta property=\"og:title\" content=\"Security services - Senaatti\" \/>\n<meta property=\"og:description\" content=\"[vc_row][vc_column][senaatti_hero heading=&#8221;Security services&#8221; text=&#8221;We help government organisations to optimise their work environments to the correct level of security. Tarvittaessa toteutamme turvallisuusratkaisut ja yll\u00e4pid\u00e4mme valitun turvallisuustason sek\u00e4 kehit\u00e4mme turvallisuusosaamista esimerkiksi kouluttamalla.&#8221; image=&#8221;58021&#8243;][\/vc_column][\/vc_row][vc_row][vc_column][vc_column_text remove_empty_space_above=&#8221;true&#8221;] Security services as part of the turnkey solution Government agencies now prefer to procure security systems and services as part of the turnkey [&hellip;]\" \/>\n<meta property=\"og:url\" content=\"https:\/\/testi-e2c55b704894.senaatti.fi\/en\/work-environments\/security-services\/\" \/>\n<meta property=\"og:site_name\" content=\"Senaatti\" \/>\n<meta property=\"article:publisher\" content=\"https:\/\/www.facebook.com\/SenaattiKiinteistot\/\" \/>\n<meta property=\"article:modified_time\" content=\"2024-03-13T07:02:54+00:00\" \/>\n<meta property=\"og:image\" content=\"https:\/\/testi-e2c55b704894.senaatti.fi\/app\/uploads\/2021\/01\/Senaatti_FB_profiili_1200x630-1024x538.png\" \/>\n\t<meta property=\"og:image:width\" content=\"1024\" \/>\n\t<meta property=\"og:image:height\" content=\"538\" \/>\n\t<meta property=\"og:image:type\" content=\"image\/png\" \/>\n<meta name=\"twitter:card\" content=\"summary_large_image\" \/>\n<meta name=\"twitter:site\" content=\"@SenaattiK\" \/>\n<meta name=\"twitter:label1\" content=\"Est. reading time\" \/>\n\t<meta name=\"twitter:data1\" content=\"2 minutes\" \/>\n<script type=\"application\/ld+json\" class=\"yoast-schema-graph\">{\"@context\":\"https:\/\/schema.org\",\"@graph\":[{\"@type\":\"WebPage\",\"@id\":\"https:\/\/testi-e2c55b704894.senaatti.fi\/en\/work-environments\/security-services\/\",\"url\":\"https:\/\/testi-e2c55b704894.senaatti.fi\/en\/work-environments\/security-services\/\",\"name\":\"Security services - Senaatti\",\"isPartOf\":{\"@id\":\"https:\/\/www.senaatti.fi\/#website\"},\"datePublished\":\"2023-01-05T10:58:21+00:00\",\"dateModified\":\"2024-03-13T07:02:54+00:00\",\"breadcrumb\":{\"@id\":\"https:\/\/testi-e2c55b704894.senaatti.fi\/en\/work-environments\/security-services\/#breadcrumb\"},\"inLanguage\":\"en-US\",\"potentialAction\":[{\"@type\":\"ReadAction\",\"target\":[\"https:\/\/testi-e2c55b704894.senaatti.fi\/en\/work-environments\/security-services\/\"]}]},{\"@type\":\"BreadcrumbList\",\"@id\":\"https:\/\/testi-e2c55b704894.senaatti.fi\/en\/work-environments\/security-services\/#breadcrumb\",\"itemListElement\":[{\"@type\":\"ListItem\",\"position\":1,\"name\":\"Home\",\"item\":\"https:\/\/www.senaatti.fi\/en\/\"},{\"@type\":\"ListItem\",\"position\":2,\"name\":\"Work environments\",\"item\":\"https:\/\/www.senaatti.fi\/en\/work-environments\/\"},{\"@type\":\"ListItem\",\"position\":3,\"name\":\"Security services\"}]},{\"@type\":\"WebSite\",\"@id\":\"https:\/\/www.senaatti.fi\/#website\",\"url\":\"https:\/\/www.senaatti.fi\/\",\"name\":\"Senaatti\",\"description\":\"Just another WordPress site\",\"publisher\":{\"@id\":\"https:\/\/www.senaatti.fi\/#organization\"},\"potentialAction\":[{\"@type\":\"SearchAction\",\"target\":{\"@type\":\"EntryPoint\",\"urlTemplate\":\"https:\/\/www.senaatti.fi\/?s={search_term_string}\"},\"query-input\":{\"@type\":\"PropertyValueSpecification\",\"valueRequired\":true,\"valueName\":\"search_term_string\"}}],\"inLanguage\":\"en-US\"},{\"@type\":\"Organization\",\"@id\":\"https:\/\/www.senaatti.fi\/#organization\",\"name\":\"Senaatti-kiinteist\u00f6t\",\"url\":\"https:\/\/www.senaatti.fi\/\",\"logo\":{\"@type\":\"ImageObject\",\"inLanguage\":\"en-US\",\"@id\":\"https:\/\/www.senaatti.fi\/#\/schema\/logo\/image\/\",\"url\":\"https:\/\/testi-e2c55b704894.senaatti.fi\/app\/uploads\/2021\/01\/Senaatti_FB_profiili_1200x630.png\",\"contentUrl\":\"https:\/\/testi-e2c55b704894.senaatti.fi\/app\/uploads\/2021\/01\/Senaatti_FB_profiili_1200x630.png\",\"width\":1201,\"height\":631,\"caption\":\"Senaatti-kiinteist\u00f6t\"},\"image\":{\"@id\":\"https:\/\/www.senaatti.fi\/#\/schema\/logo\/image\/\"},\"sameAs\":[\"https:\/\/www.facebook.com\/SenaattiKiinteistot\/\",\"https:\/\/x.com\/SenaattiK\",\"https:\/\/www.linkedin.com\/company\/senate-properties\",\"https:\/\/www.youtube.com\/channel\/UCunSUhMjKd5KqASPgBrndkQ\"]}]}<\/script>\n<!-- \/ Yoast SEO plugin. -->","yoast_head_json":{"title":"Security services - Senaatti","robots":{"index":"noindex","follow":"follow","max-snippet":"max-snippet:-1","max-image-preview":"max-image-preview:large","max-video-preview":"max-video-preview:-1"},"og_locale":"en_US","og_type":"article","og_title":"Security services - Senaatti","og_description":"[vc_row][vc_column][senaatti_hero heading=&#8221;Security services&#8221; text=&#8221;We help government organisations to optimise their work environments to the correct level of security. Tarvittaessa toteutamme turvallisuusratkaisut ja yll\u00e4pid\u00e4mme valitun turvallisuustason sek\u00e4 kehit\u00e4mme turvallisuusosaamista esimerkiksi kouluttamalla.&#8221; image=&#8221;58021&#8243;][\/vc_column][\/vc_row][vc_row][vc_column][vc_column_text remove_empty_space_above=&#8221;true&#8221;] Security services as part of the turnkey solution Government agencies now prefer to procure security systems and services as part of the turnkey [&hellip;]","og_url":"https:\/\/testi-e2c55b704894.senaatti.fi\/en\/work-environments\/security-services\/","og_site_name":"Senaatti","article_publisher":"https:\/\/www.facebook.com\/SenaattiKiinteistot\/","article_modified_time":"2024-03-13T07:02:54+00:00","og_image":[{"width":1024,"height":538,"url":"https:\/\/testi-e2c55b704894.senaatti.fi\/app\/uploads\/2021\/01\/Senaatti_FB_profiili_1200x630-1024x538.png","type":"image\/png"}],"twitter_card":"summary_large_image","twitter_site":"@SenaattiK","twitter_misc":{"Est. reading time":"2 minutes"},"schema":{"@context":"https:\/\/schema.org","@graph":[{"@type":"WebPage","@id":"https:\/\/testi-e2c55b704894.senaatti.fi\/en\/work-environments\/security-services\/","url":"https:\/\/testi-e2c55b704894.senaatti.fi\/en\/work-environments\/security-services\/","name":"Security services - Senaatti","isPartOf":{"@id":"https:\/\/www.senaatti.fi\/#website"},"datePublished":"2023-01-05T10:58:21+00:00","dateModified":"2024-03-13T07:02:54+00:00","breadcrumb":{"@id":"https:\/\/testi-e2c55b704894.senaatti.fi\/en\/work-environments\/security-services\/#breadcrumb"},"inLanguage":"en-US","potentialAction":[{"@type":"ReadAction","target":["https:\/\/testi-e2c55b704894.senaatti.fi\/en\/work-environments\/security-services\/"]}]},{"@type":"BreadcrumbList","@id":"https:\/\/testi-e2c55b704894.senaatti.fi\/en\/work-environments\/security-services\/#breadcrumb","itemListElement":[{"@type":"ListItem","position":1,"name":"Home","item":"https:\/\/www.senaatti.fi\/en\/"},{"@type":"ListItem","position":2,"name":"Work environments","item":"https:\/\/www.senaatti.fi\/en\/work-environments\/"},{"@type":"ListItem","position":3,"name":"Security services"}]},{"@type":"WebSite","@id":"https:\/\/www.senaatti.fi\/#website","url":"https:\/\/www.senaatti.fi\/","name":"Senaatti","description":"Just another WordPress site","publisher":{"@id":"https:\/\/www.senaatti.fi\/#organization"},"potentialAction":[{"@type":"SearchAction","target":{"@type":"EntryPoint","urlTemplate":"https:\/\/www.senaatti.fi\/?s={search_term_string}"},"query-input":{"@type":"PropertyValueSpecification","valueRequired":true,"valueName":"search_term_string"}}],"inLanguage":"en-US"},{"@type":"Organization","@id":"https:\/\/www.senaatti.fi\/#organization","name":"Senaatti-kiinteist\u00f6t","url":"https:\/\/www.senaatti.fi\/","logo":{"@type":"ImageObject","inLanguage":"en-US","@id":"https:\/\/www.senaatti.fi\/#\/schema\/logo\/image\/","url":"https:\/\/testi-e2c55b704894.senaatti.fi\/app\/uploads\/2021\/01\/Senaatti_FB_profiili_1200x630.png","contentUrl":"https:\/\/testi-e2c55b704894.senaatti.fi\/app\/uploads\/2021\/01\/Senaatti_FB_profiili_1200x630.png","width":1201,"height":631,"caption":"Senaatti-kiinteist\u00f6t"},"image":{"@id":"https:\/\/www.senaatti.fi\/#\/schema\/logo\/image\/"},"sameAs":["https:\/\/www.facebook.com\/SenaattiKiinteistot\/","https:\/\/x.com\/SenaattiK","https:\/\/www.linkedin.com\/company\/senate-properties","https:\/\/www.youtube.com\/channel\/UCunSUhMjKd5KqASPgBrndkQ"]}]}},"publishpress_future_action":{"enabled":false,"date":"2026-05-03 13:10:21","action":"change-status","newStatus":"draft","terms":[],"taxonomy":"translation_priority"},"_links":{"self":[{"href":"https:\/\/testi-e2c55b704894.senaatti.fi\/en\/wp-json\/wp\/v2\/pages\/59044","targetHints":{"allow":["GET"]}}],"collection":[{"href":"https:\/\/testi-e2c55b704894.senaatti.fi\/en\/wp-json\/wp\/v2\/pages"}],"about":[{"href":"https:\/\/testi-e2c55b704894.senaatti.fi\/en\/wp-json\/wp\/v2\/types\/page"}],"author":[{"embeddable":true,"href":"https:\/\/testi-e2c55b704894.senaatti.fi\/en\/wp-json\/wp\/v2\/users\/67"}],"replies":[{"embeddable":true,"href":"https:\/\/testi-e2c55b704894.senaatti.fi\/en\/wp-json\/wp\/v2\/comments?post=59044"}],"version-history":[{"count":10,"href":"https:\/\/testi-e2c55b704894.senaatti.fi\/en\/wp-json\/wp\/v2\/pages\/59044\/revisions"}],"predecessor-version":[{"id":71260,"href":"https:\/\/testi-e2c55b704894.senaatti.fi\/en\/wp-json\/wp\/v2\/pages\/59044\/revisions\/71260"}],"up":[{"embeddable":true,"href":"https:\/\/testi-e2c55b704894.senaatti.fi\/en\/wp-json\/wp\/v2\/pages\/59001"}],"wp:attachment":[{"href":"https:\/\/testi-e2c55b704894.senaatti.fi\/en\/wp-json\/wp\/v2\/media?parent=59044"}],"curies":[{"name":"wp","href":"https:\/\/api.w.org\/{rel}","templated":true}]}}