{"id":59379,"date":"2023-01-05T13:01:24","date_gmt":"2023-01-05T11:01:24","guid":{"rendered":"https:\/\/testi-e2c55b704894.senaatti.fi\/?page_id=59379"},"modified":"2025-01-16T11:09:49","modified_gmt":"2025-01-16T09:09:49","slug":"shared-work-environments","status":"publish","type":"page","link":"https:\/\/testi-e2c55b704894.senaatti.fi\/en\/shared-work-environments\/","title":{"rendered":"Shared work environments"},"content":{"rendered":"<div class=\"wpb-content-wrapper\"><p>[vc_row][vc_column][senaatti_hero heading=&#8221;Shared work environments&#8221; text=&#8221;Ty\u00f6ntekij\u00e4t, talous ja ymp\u00e4rist\u00f6 tarvitsevat fiksumpia tilaratkaisuja. Toteutamme valtion toimitilastrategian mukaisesti yhteisi\u00e4 ty\u00f6ymp\u00e4rist\u00f6j\u00e4 palveluna. Tulevaisuudessa julkinen hallinto toimii yh\u00e4 eneneviss\u00e4 m\u00e4\u00e4rin yhteisiss\u00e4 tiloissa, ja vaikka valtiohallinto digitalisoituu, virastoasiointia tarvitaan viel\u00e4. Kun virastot l\u00f6ytyv\u00e4t yhdest\u00e4 osoitteesta, kansalaisten ei tarvitse asioida useassa eri toimipisteess\u00e4.&#8221; image=&#8221;38112&#8243; btn=&#8221;url:https%3A%2F%2Ftesti-e2c55b704894.senaatti.fi%2Fkysymyksia-ja-vastauksia-yhteisista-tyoymparistoista%2F|title:Tutustu%20usein%20kysyttyihin%20kysymyksiin&#8221;][\/vc_column][\/vc_row][vc_row][vc_column][vc_column_text remove_empty_space_above=&#8221;true&#8221;]<\/p>\n<h2 style=\"text-align: left;\">Mik\u00e4 on yhteinen ty\u00f6ymp\u00e4rist\u00f6?<\/h2>\n<p style=\"text-align: left;\">Yhteisess\u00e4 ty\u00f6ymp\u00e4rist\u00f6ss\u00e4 ty\u00f6skentelee useita eri virastoja. Ty\u00f6ymp\u00e4rist\u00f6, sen tilat ja palvelut ovat l\u00e4ht\u00f6kohtaisesti virastojen yhteisess\u00e4 k\u00e4yt\u00f6ss\u00e4.\u00a0Yhteinen ty\u00f6ymp\u00e4rist\u00f6 edist\u00e4\u00e4 monipaikkaista ja paikkariippumatonta ty\u00f6ntekoa sek\u00e4 pienent\u00e4\u00e4 hiilijalanj\u00e4lke\u00e4 mm. tilatehokkuuden paranemisen ja liikkumisen v\u00e4henemisen kautta. Asiakkaamme saavat valmiit ty\u00f6ymp\u00e4rist\u00f6t kaikkine toimitila-, digi- ja turvallisuuspalveluineen.<\/p>\n<h2>Kest\u00e4v\u00e4\u00e4 ja vastuullista tilank\u00e4ytt\u00f6\u00e4<\/h2>\n<p>Digitalisaatio ja koronapandemia kiihdyttiv\u00e4t uudenlaista ty\u00f6ntekoa. Ihmiset siirtyiv\u00e4t et\u00e4ty\u00f6h\u00f6n ja omaksuivat monipaikkaisuuden ty\u00f6nteon tavaksi. K\u00e4ytt\u00f6asteet n\u00e4ytt\u00e4v\u00e4t j\u00e4\u00e4neen alhaisiksi ja toimistotilat ovat tyhjill\u00e4\u00e4n. Tarpeettomista tiloista luovutaan hallitusti siirtym\u00e4ll\u00e4 valtion toimitilastrategian mukaisiin yhteisiin ty\u00f6ymp\u00e4rist\u00f6ihin. Luopumalla tyhjist\u00e4 tiloista luomme s\u00e4\u00e4st\u00f6j\u00e4, v\u00e4henn\u00e4mme p\u00e4\u00e4st\u00f6j\u00e4 ja lis\u00e4\u00e4mme tilojen joustavaa k\u00e4ytt\u00f6\u00e4.[\/vc_column_text][\/vc_column][\/vc_row][vc_row][vc_column][senaatti_feature_lift heading=&#8221;Verkosto laajentuu vaiheittain&#8221; image=&#8221;77760&#8243; btn=&#8221;url:https%3A%2F%2Ftesti-e2c55b704894.senaatti.fi%2Fyhteiset-tyoymparistot%2Ftoimipaikat%2F|title:Toimipaikat&#8221;]Toteutamme maakuntien isoimpien kaupunkien kohteisiin tehokkaita yhteisten ty\u00f6ymp\u00e4rist\u00f6jen konseptikokonaisuuden mukaisia ty\u00f6ymp\u00e4rist\u00f6j\u00e4. Toimitilaverkosto antaa valinnan vapauden tehd\u00e4 monipaikkaista ty\u00f6t\u00e4 siell\u00e4 miss\u00e4 olet ja el\u00e4t. Valtion toimitilastrategian mukaisesti Senaatti kehitt\u00e4\u00e4 valtion yhteisi\u00e4 ty\u00f6ymp\u00e4rist\u00f6j\u00e4 ja toteuttaa niit\u00e4 vuoteen 2030 menness\u00e4 18 eri paikkakunnalle.[\/senaatti_feature_lift][\/vc_column][\/vc_row][vc_row][vc_column][senaatti_feature_lift align=&#8221;right&#8221; heading=&#8221;Yhteinen ty\u00f6ymp\u00e4rist\u00f6 perustuu monitilaan&#8221; image=&#8221;17230&#8243; btn=&#8221;url:https%3A%2F%2Ftesti-e2c55b704894.senaatti.fi%2Ftilaratkaisut-ja-palvelut%2Fmonitilatoimisto%2F|title:Lue%20lis%C3%A4%C3%A4%20monitilaymp%C3%A4rist%C3%B6st%C3%A4&#8243;]Monitilaan perustuva yhteinen ty\u00f6ymp\u00e4rist\u00f6 sis\u00e4lt\u00e4\u00e4 erilaisia tiloja eri painotuksin esimerkiksi keskittymist\u00e4 ja vuorovaikutusta vaativaan ty\u00f6h\u00f6n. Monitilaymp\u00e4rist\u00f6n k\u00e4ytt\u00f6joustavuus mahdollistaa henkil\u00f6st\u00f6- ja organisaatiomuutokset ilman tarvetta muokata tiloja. Vapaus valita sopiva ty\u00f6skentely-ymp\u00e4rist\u00f6 lis\u00e4\u00e4 yhteisty\u00f6n mahdollisuuksia virastojen kesken. Lis\u00e4\u00e4ntyv\u00e4 vuorovaikutus saa aikaan ideoita, luovuutta ja toisilta oppimista.[\/senaatti_feature_lift][\/vc_column][\/vc_row][vc_row][vc_column][senaatti_feature_lift heading=&#8221;Modernit ty\u00f6tilat ja valtion palvelut saman katon alla&#8221; subheading=&#8221;Joensuun virastotalo yhteisen\u00e4 ty\u00f6ymp\u00e4rist\u00f6n\u00e4&#8221; text=&#8221;Joensuun virastotalo osoitteessa Kauppakatu 40 saneerattiin kiireest\u00e4 kantap\u00e4\u00e4h\u00e4n syksyn 2020 ja tammikuun 2023 v\u00e4lill\u00e4. Peruskorjauksen valmistuttua toiminta virastotalon yhteisess\u00e4 palvelupisteess\u00e4 ja yhteisk\u00e4ytt\u00f6isiss\u00e4 toimistotiloissa otti ensi askeleensa 20. helmikuuta.&#8221; image=&#8221;68838&#8243; btn=&#8221;url:https%3A%2F%2Ftesti-e2c55b704894.senaatti.fi%2Fajankohtaista%2Fartikkelit%2Fmodernit-tyotilat-ja-valtion-palvelut-saman-katon-alla-joensuun-virastotalo-yhteisena-tyoymparistona%2F|title:Lue%20lis%C3%A4%C3%A4&#8243;][\/senaatti_feature_lift][\/vc_column][\/vc_row][vc_row][vc_column][senaatti_liftcards_videos card=&#8221;%5B%7B%22heading%22%3A%22Mik%C3%A4%20on%20yhteinen%20ty%C3%B6ymp%C3%A4rist%C3%B6%3F%22%2C%22image%22%3A%2267160%22%2C%22video_link%22%3A%22https%3A%2F%2Fwww.youtube.com%2Fwatch%3Fv%3DguMe2mcDyM4%26list%3DPLfVyIfImFMTM_lOVeoTJsLF_QCfd7n8v_%26index%3D24%22%7D%2C%7B%22heading%22%3A%22Yhteisten%20ty%C3%B6ymp%C3%A4rist%C3%B6jen%20Q%26A%22%2C%22image%22%3A%2266938%22%2C%22video_link%22%3A%22https%3A%2F%2Fwww.youtube.com%2Fwatch%3Fv%3DnQMQiyV2do0%26list%3DPLfVyIfImFMTM_lOVeoTJsLF_QCfd7n8v_%26index%3D19%22%7D%2C%7B%22heading%22%3A%22Miksi%20siirrymme%20yhteisiin%20ty%C3%B6ymp%C3%A4rist%C3%B6ihin%3F%22%2C%22image%22%3A%2276065%22%2C%22video_link%22%3A%22https%3A%2F%2Fwww.youtube.com%2Fwatch%3Fv%3DMvVLpCcEXzs%26list%3DPLfVyIfImFMTM_lOVeoTJsLF_QCfd7n8v_%26index%3D23%22%7D%5D&#8221;][\/vc_column][\/vc_row][vc_row][vc_column][senaatti_feature_lift heading=&#8221;Valtion k\u00e4yntiasiointipisteit\u00e4 yhdistet\u00e4\u00e4n vuoteen 2030 menness\u00e4&#8221; text=&#8221;Valtiovarainministeri\u00f6n palvelu- ja toimitilaverkkouudistuksen yhteisten ty\u00f6ymp\u00e4rist\u00f6jen konseptikokonaisuus julkaistiin kes\u00e4ll\u00e4 2022. Palvelu- ja toimitilaverkkouudistuksen tavoitteena on kehitt\u00e4\u00e4 valtion tiloja siten, ett\u00e4 nelj\u00e4nnes valtion henkil\u00f6st\u00f6st\u00e4 ty\u00f6skentelisi virastojen ja laitosten yhteisiss\u00e4 ty\u00f6ymp\u00e4rist\u00f6iss\u00e4 vuoteen 2030 menness\u00e4. Yhteiset asiakaspalvelupisteet takaavat kansalaisille asiakaspalvelua yhdenvertaisesti koko maassa ja tavoitteena on, ett\u00e4 tilat tukevat hyv\u00e4n asiakas- ja henkil\u00f6st\u00f6kokemuksen syntymist\u00e4.&#8221; image=&#8221;71971&#8243; btn=&#8221;url:https%3A%2F%2Fvm.fi%2Fvaltion-palvelu-ja-toimitilaverkon-uudistaminen-2020-luvulla|title:Lue%20lis%C3%A4%C3%A4%20valtiovarainministeri%C3%B6n%20sivuilta|target:_blank&#8221;][\/senaatti_feature_lift][\/vc_column][\/vc_row][vc_row][vc_column][senaatti_list_link heading=&#8221;Tutustu yhteisten ty\u00f6ymp\u00e4rist\u00f6jen hankkeisiin&#8221; links=&#8221;%5B%7B%22link_new%22%3A%22url%3Ahttps%253A%252F%252Ftesti-e2c55b704894.senaatti.fi%252Fhankkeet%252Fjyvaskylan-yhteinen-tyoymparisto%252F%7Ctitle%3AJyv%25C3%25A4skyl%25C3%25A4n%2520yhteinen%2520ty%25C3%25B6ymp%25C3%25A4rist%25C3%25B6%22%7D%2C%7B%22link_new%22%3A%22url%3Ahttps%253A%252F%252Ftesti-e2c55b704894.senaatti.fi%252Fhankkeet%252Fkallanrannan-uudistus%252F%7Ctitle%3AKuopion%2520Kallanrannan%2520yhteinen%2520ty%25C3%25B6ymp%25C3%25A4rist%25C3%25B6%22%7D%2C%7B%22link_new%22%3A%22url%3Ahttps%253A%252F%252Ftesti-e2c55b704894.senaatti.fi%252Fhankkeet%252Fturun-yhteinen-tyoymparisto%252F%7Ctitle%3ATurun%2520yhteinen%2520ty%25C3%25B6ymp%25C3%25A4rist%25C3%25B6%22%7D%2C%7B%22link_new%22%3A%22url%3Ahttps%253A%252F%252Ftesti-e2c55b704894.senaatti.fi%252Fhankkeet%252Ftampereen-yhteinen-tyoymparisto%252F%7Ctitle%3ATampereen%2520yhteinen%2520ty%25C3%25B6ymp%25C3%25A4rist%25C3%25B6%22%7D%2C%7B%22link_new%22%3A%22url%3Ahttps%253A%252F%252Ftesti-e2c55b704894.senaatti.fi%252Fhankkeet%252Fporinyhteinentyoymparisto%252F%7Ctitle%3APorin%2520yhteinen%2520ty%25C3%25B6ymp%25C3%25A4rist%25C3%25B6%22%7D%2C%7B%22link_new%22%3A%22url%3Ahttps%253A%252F%252Ftesti-e2c55b704894.senaatti.fi%252Fhankkeet%252Flahden-virastotalon-tilamuutos%252F%7Ctitle%3ALahden%2520yhteinen%2520ty%25C3%25B6ymp%25C3%25A4rist%25C3%25B6%7Crel%3Anofollow%22%7D%2C%7B%22link_new%22%3A%22url%3Ahttps%253A%252F%252Ftesti-e2c55b704894.senaatti.fi%252Fhankkeet%252Flpr-virastotalon-tilamuutos%252F%7Ctitle%3ALappeenrannan%2520yhteinen%2520ty%25C3%25B6ymp%25C3%25A4rist%25C3%25B6%7Crel%3Anofollow%22%7D%2C%7B%22link_new%22%3A%22url%3Ahttps%253A%252F%252Ftesti-e2c55b704894.senaatti.fi%252Fhankkeet%252Fjoensuun-virastotalon-peruskorjaus%252F%7Ctitle%3AJoensuun%2520yhteinen%2520ty%25C3%25B6ymp%25C3%25A4rist%25C3%25B6%22%7D%5D&#8221;][\/vc_column][\/vc_row][vc_row][vc_column][senaatti_liftcards_carousel automatic1=&#8221;true&#8221; post_type=&#8221;post&#8221; post_type2=&#8221;senaatti_article&#8221; heading=&#8221;Artikkeleita ja uutisia aiheesta&#8221; category2=&#8221;Yhteiset ty\u00f6ymp\u00e4rist\u00f6t&#8221; count=&#8221;9&#8243; allcta=&#8221;url:https%3A%2F%2Ftesti-e2c55b704894.senaatti.fi%2Fajankohtaista%2Fuutiset-ja-artikkelit%2F%3Fsenaatti_category%255B%255D%3Dyhteiset-tyoymparistot|title:Katso%20kaikki&#8221; categorys=&#8221;Yhteiset ty\u00f6ymp\u00e4rist\u00f6t&#8221;][\/vc_column][\/vc_row]<\/p>\n<\/div>","protected":false},"excerpt":{"rendered":"<p>[vc_row][vc_column][senaatti_hero heading=&#8221;Shared work environments&#8221; text=&#8221;Ty\u00f6ntekij\u00e4t, talous ja ymp\u00e4rist\u00f6 tarvitsevat fiksumpia tilaratkaisuja. Toteutamme valtion toimitilastrategian mukaisesti yhteisi\u00e4 ty\u00f6ymp\u00e4rist\u00f6j\u00e4 palveluna. Tulevaisuudessa julkinen hallinto toimii yh\u00e4 eneneviss\u00e4 m\u00e4\u00e4rin yhteisiss\u00e4 tiloissa, ja vaikka valtiohallinto digitalisoituu, virastoasiointia tarvitaan viel\u00e4. Kun virastot l\u00f6ytyv\u00e4t yhdest\u00e4 osoitteesta, kansalaisten ei tarvitse asioida useassa eri toimipisteess\u00e4.&#8221; image=&#8221;38112&#8243; btn=&#8221;url:https%3A%2F%2Ftesti-e2c55b704894.senaatti.fi%2Fkysymyksia-ja-vastauksia-yhteisista-tyoymparistoista%2F|title:Tutustu%20usein%20kysyttyihin%20kysymyksiin&#8221;][\/vc_column][\/vc_row][vc_row][vc_column][vc_column_text remove_empty_space_above=&#8221;true&#8221;] Mik\u00e4 on yhteinen ty\u00f6ymp\u00e4rist\u00f6? Yhteisess\u00e4 ty\u00f6ymp\u00e4rist\u00f6ss\u00e4 [&hellip;]<\/p>\n","protected":false},"author":37,"featured_media":0,"parent":0,"menu_order":0,"comment_status":"closed","ping_status":"closed","template":"","meta":{"_acf_changed":false,"footnotes":""},"class_list":["post-59379","page","type-page","status-publish","hentry"],"acf":[],"yoast_head":"<!-- This site is optimized with the Yoast SEO plugin v23.9 - https:\/\/yoast.com\/wordpress\/plugins\/seo\/ -->\n<title>Shared work environments - Senate Properties<\/title>\n<meta name=\"description\" content=\"We implement shared work environments to the Government as a service. The public administration operates increasingly out of shared premises.\" \/>\n<meta name=\"robots\" content=\"noindex, follow, max-snippet:-1, max-image-preview:large, max-video-preview:-1\" \/>\n<meta property=\"og:locale\" content=\"en_US\" \/>\n<meta property=\"og:type\" content=\"article\" \/>\n<meta property=\"og:title\" content=\"Shared work environments - Senate Properties\" \/>\n<meta property=\"og:description\" content=\"We implement shared work environments to the Government as a service. The public administration operates increasingly out of shared premises.\" \/>\n<meta property=\"og:url\" content=\"https:\/\/testi-e2c55b704894.senaatti.fi\/en\/shared-work-environments\/\" \/>\n<meta property=\"og:site_name\" content=\"Senaatti\" \/>\n<meta property=\"article:publisher\" content=\"https:\/\/www.facebook.com\/SenaattiKiinteistot\/\" \/>\n<meta property=\"article:modified_time\" content=\"2025-01-16T09:09:49+00:00\" \/>\n<meta property=\"og:image\" content=\"https:\/\/testi-e2c55b704894.senaatti.fi\/app\/uploads\/2021\/01\/Senaatti_FB_profiili_1200x630-1024x538.png\" \/>\n\t<meta property=\"og:image:width\" content=\"1024\" \/>\n\t<meta property=\"og:image:height\" content=\"538\" \/>\n\t<meta property=\"og:image:type\" content=\"image\/png\" \/>\n<meta name=\"twitter:card\" content=\"summary_large_image\" \/>\n<meta name=\"twitter:site\" content=\"@SenaattiK\" \/>\n<meta name=\"twitter:label1\" content=\"Est. reading time\" \/>\n\t<meta name=\"twitter:data1\" content=\"4 minutes\" \/>\n<script type=\"application\/ld+json\" class=\"yoast-schema-graph\">{\"@context\":\"https:\/\/schema.org\",\"@graph\":[{\"@type\":\"WebPage\",\"@id\":\"https:\/\/testi-e2c55b704894.senaatti.fi\/en\/shared-work-environments\/\",\"url\":\"https:\/\/testi-e2c55b704894.senaatti.fi\/en\/shared-work-environments\/\",\"name\":\"Shared work environments - Senate Properties\",\"isPartOf\":{\"@id\":\"https:\/\/www.senaatti.fi\/#website\"},\"datePublished\":\"2023-01-05T11:01:24+00:00\",\"dateModified\":\"2025-01-16T09:09:49+00:00\",\"description\":\"We implement shared work environments to the Government as a service. The public administration operates increasingly out of shared premises.\",\"breadcrumb\":{\"@id\":\"https:\/\/testi-e2c55b704894.senaatti.fi\/en\/shared-work-environments\/#breadcrumb\"},\"inLanguage\":\"en-US\",\"potentialAction\":[{\"@type\":\"ReadAction\",\"target\":[\"https:\/\/testi-e2c55b704894.senaatti.fi\/en\/shared-work-environments\/\"]}]},{\"@type\":\"BreadcrumbList\",\"@id\":\"https:\/\/testi-e2c55b704894.senaatti.fi\/en\/shared-work-environments\/#breadcrumb\",\"itemListElement\":[{\"@type\":\"ListItem\",\"position\":1,\"name\":\"Home\",\"item\":\"https:\/\/www.senaatti.fi\/en\/\"},{\"@type\":\"ListItem\",\"position\":2,\"name\":\"Shared work environments\"}]},{\"@type\":\"WebSite\",\"@id\":\"https:\/\/www.senaatti.fi\/#website\",\"url\":\"https:\/\/www.senaatti.fi\/\",\"name\":\"Senaatti\",\"description\":\"Just another WordPress site\",\"publisher\":{\"@id\":\"https:\/\/www.senaatti.fi\/#organization\"},\"potentialAction\":[{\"@type\":\"SearchAction\",\"target\":{\"@type\":\"EntryPoint\",\"urlTemplate\":\"https:\/\/www.senaatti.fi\/?s={search_term_string}\"},\"query-input\":{\"@type\":\"PropertyValueSpecification\",\"valueRequired\":true,\"valueName\":\"search_term_string\"}}],\"inLanguage\":\"en-US\"},{\"@type\":\"Organization\",\"@id\":\"https:\/\/www.senaatti.fi\/#organization\",\"name\":\"Senaatti-kiinteist\u00f6t\",\"url\":\"https:\/\/www.senaatti.fi\/\",\"logo\":{\"@type\":\"ImageObject\",\"inLanguage\":\"en-US\",\"@id\":\"https:\/\/www.senaatti.fi\/#\/schema\/logo\/image\/\",\"url\":\"https:\/\/testi-e2c55b704894.senaatti.fi\/app\/uploads\/2021\/01\/Senaatti_FB_profiili_1200x630.png\",\"contentUrl\":\"https:\/\/testi-e2c55b704894.senaatti.fi\/app\/uploads\/2021\/01\/Senaatti_FB_profiili_1200x630.png\",\"width\":1201,\"height\":631,\"caption\":\"Senaatti-kiinteist\u00f6t\"},\"image\":{\"@id\":\"https:\/\/www.senaatti.fi\/#\/schema\/logo\/image\/\"},\"sameAs\":[\"https:\/\/www.facebook.com\/SenaattiKiinteistot\/\",\"https:\/\/x.com\/SenaattiK\",\"https:\/\/www.linkedin.com\/company\/senate-properties\",\"https:\/\/www.youtube.com\/channel\/UCunSUhMjKd5KqASPgBrndkQ\"]}]}<\/script>\n<!-- \/ Yoast SEO plugin. -->","yoast_head_json":{"title":"Shared work environments - Senate Properties","description":"We implement shared work environments to the Government as a service. The public administration operates increasingly out of shared premises.","robots":{"index":"noindex","follow":"follow","max-snippet":"max-snippet:-1","max-image-preview":"max-image-preview:large","max-video-preview":"max-video-preview:-1"},"og_locale":"en_US","og_type":"article","og_title":"Shared work environments - Senate Properties","og_description":"We implement shared work environments to the Government as a service. The public administration operates increasingly out of shared premises.","og_url":"https:\/\/testi-e2c55b704894.senaatti.fi\/en\/shared-work-environments\/","og_site_name":"Senaatti","article_publisher":"https:\/\/www.facebook.com\/SenaattiKiinteistot\/","article_modified_time":"2025-01-16T09:09:49+00:00","og_image":[{"width":1024,"height":538,"url":"https:\/\/testi-e2c55b704894.senaatti.fi\/app\/uploads\/2021\/01\/Senaatti_FB_profiili_1200x630-1024x538.png","type":"image\/png"}],"twitter_card":"summary_large_image","twitter_site":"@SenaattiK","twitter_misc":{"Est. reading time":"4 minutes"},"schema":{"@context":"https:\/\/schema.org","@graph":[{"@type":"WebPage","@id":"https:\/\/testi-e2c55b704894.senaatti.fi\/en\/shared-work-environments\/","url":"https:\/\/testi-e2c55b704894.senaatti.fi\/en\/shared-work-environments\/","name":"Shared work environments - Senate Properties","isPartOf":{"@id":"https:\/\/www.senaatti.fi\/#website"},"datePublished":"2023-01-05T11:01:24+00:00","dateModified":"2025-01-16T09:09:49+00:00","description":"We implement shared work environments to the Government as a service. The public administration operates increasingly out of shared premises.","breadcrumb":{"@id":"https:\/\/testi-e2c55b704894.senaatti.fi\/en\/shared-work-environments\/#breadcrumb"},"inLanguage":"en-US","potentialAction":[{"@type":"ReadAction","target":["https:\/\/testi-e2c55b704894.senaatti.fi\/en\/shared-work-environments\/"]}]},{"@type":"BreadcrumbList","@id":"https:\/\/testi-e2c55b704894.senaatti.fi\/en\/shared-work-environments\/#breadcrumb","itemListElement":[{"@type":"ListItem","position":1,"name":"Home","item":"https:\/\/www.senaatti.fi\/en\/"},{"@type":"ListItem","position":2,"name":"Shared work environments"}]},{"@type":"WebSite","@id":"https:\/\/www.senaatti.fi\/#website","url":"https:\/\/www.senaatti.fi\/","name":"Senaatti","description":"Just another WordPress site","publisher":{"@id":"https:\/\/www.senaatti.fi\/#organization"},"potentialAction":[{"@type":"SearchAction","target":{"@type":"EntryPoint","urlTemplate":"https:\/\/www.senaatti.fi\/?s={search_term_string}"},"query-input":{"@type":"PropertyValueSpecification","valueRequired":true,"valueName":"search_term_string"}}],"inLanguage":"en-US"},{"@type":"Organization","@id":"https:\/\/www.senaatti.fi\/#organization","name":"Senaatti-kiinteist\u00f6t","url":"https:\/\/www.senaatti.fi\/","logo":{"@type":"ImageObject","inLanguage":"en-US","@id":"https:\/\/www.senaatti.fi\/#\/schema\/logo\/image\/","url":"https:\/\/testi-e2c55b704894.senaatti.fi\/app\/uploads\/2021\/01\/Senaatti_FB_profiili_1200x630.png","contentUrl":"https:\/\/testi-e2c55b704894.senaatti.fi\/app\/uploads\/2021\/01\/Senaatti_FB_profiili_1200x630.png","width":1201,"height":631,"caption":"Senaatti-kiinteist\u00f6t"},"image":{"@id":"https:\/\/www.senaatti.fi\/#\/schema\/logo\/image\/"},"sameAs":["https:\/\/www.facebook.com\/SenaattiKiinteistot\/","https:\/\/x.com\/SenaattiK","https:\/\/www.linkedin.com\/company\/senate-properties","https:\/\/www.youtube.com\/channel\/UCunSUhMjKd5KqASPgBrndkQ"]}]}},"publishpress_future_action":{"enabled":false,"date":"2026-04-26 23:49:00","action":"change-status","newStatus":"draft","terms":[],"taxonomy":"translation_priority"},"_links":{"self":[{"href":"https:\/\/testi-e2c55b704894.senaatti.fi\/en\/wp-json\/wp\/v2\/pages\/59379","targetHints":{"allow":["GET"]}}],"collection":[{"href":"https:\/\/testi-e2c55b704894.senaatti.fi\/en\/wp-json\/wp\/v2\/pages"}],"about":[{"href":"https:\/\/testi-e2c55b704894.senaatti.fi\/en\/wp-json\/wp\/v2\/types\/page"}],"author":[{"embeddable":true,"href":"https:\/\/testi-e2c55b704894.senaatti.fi\/en\/wp-json\/wp\/v2\/users\/37"}],"replies":[{"embeddable":true,"href":"https:\/\/testi-e2c55b704894.senaatti.fi\/en\/wp-json\/wp\/v2\/comments?post=59379"}],"version-history":[{"count":10,"href":"https:\/\/testi-e2c55b704894.senaatti.fi\/en\/wp-json\/wp\/v2\/pages\/59379\/revisions"}],"predecessor-version":[{"id":79133,"href":"https:\/\/testi-e2c55b704894.senaatti.fi\/en\/wp-json\/wp\/v2\/pages\/59379\/revisions\/79133"}],"wp:attachment":[{"href":"https:\/\/testi-e2c55b704894.senaatti.fi\/en\/wp-json\/wp\/v2\/media?parent=59379"}],"curies":[{"name":"wp","href":"https:\/\/api.w.org\/{rel}","templated":true}]}}