{"id":62188,"date":"2023-05-15T16:16:48","date_gmt":"2023-05-15T13:16:48","guid":{"rendered":"https:\/\/testi-e2c55b704894.senaatti.fi\/?page_id=62188"},"modified":"2024-02-01T13:44:40","modified_gmt":"2024-02-01T11:44:40","slug":"indoor-conditions","status":"publish","type":"page","link":"https:\/\/testi-e2c55b704894.senaatti.fi\/en\/about-us\/indoor-conditions\/","title":{"rendered":"Indoor conditions"},"content":{"rendered":"<div class=\"wpb-content-wrapper\"><p>[vc_row][vc_column][senaatti_hero image_position_vertical=&#8221;bottom&#8221; heading=&#8221;For better indoor conditions&#8221; text=&#8221;What would happen if we made Finland the capital of the best indoor conditions?<\/p>\n<p>We want to help ensure that everyone working in the offices, institutions, barracks and bureaus of Finland have the best possible conditions in their working environment so as to maintain the welfare, organisation and safety of society. After all, a healthy working environment is the foundation of the well-being of us all.&#8221; image=&#8221;48505&#8243;][\/vc_column][\/vc_row][vc_row][vc_column][vc_column_text remove_empty_space_above=&#8221;true&#8221;]<\/p>\n<h2>What can we do to ensure good indoor conditions?<\/h2>\n<p>Above all, Senate invests in proactive measures to entirely prevent indoor air problems. Our work is based on knowing the condition and repair needs of the buildings and on taking the required action.<\/p>\n<p>We tackle any problems arising promptly and in a response time of one day. Less than 2% of the buildings for which we are responsible are currently subject to reactive indoor air quality measures. Whereas property maintenance measures can resolve most indoor air quality problems, sometimes more extensive repair measures are needed. We invested an additional \u20ac200 million in these in 2019-2022.<\/p>\n<p>Senate has pledged to prevent and resolve indoor air quality problems in our clients\u2019 premises. In 2019, we launched a zero tolerance programme concerning indoor air problems. Good, safe working conditions require long-term maintenance of buildings throughout their lifecycle. This calls for the right skills, regular monitoring of the condition of the buildings and dealing with maintenance backlog. We have already achieved a lot but our approach is that there is always room for improvement.[\/vc_column_text][\/vc_column][\/vc_row][vc_row][vc_column][senaatti_feature_lift align=&#8221;right&#8221; heading=&#8221;Our strategy is underpinned by good indoor conditions&#8221; text=&#8221;We have made zero tolerance for indoor air quality issues the cornerstone of our strategy. First and foremost, this means that our entire company culture and attitude are built around this principle. Our goal is to improve indoor air quality in government buildings and overcome problems caused by poor indoor air quality.&#8221; image=&#8221;31787&#8243;][\/senaatti_feature_lift][\/vc_column][\/vc_row][vc_row][vc_column][senaatti_liftcards card=&#8221;%5B%7B%22label%22%3A%22What%20do%20we%20mean%20by%20indoor%20conditions%3F%22%2C%22link%22%3A%22url%3Ahttps%253A%252F%252Ftesti-e2c55b704894.senaatti.fi%252Fen%252Fabout-us%252Findoor-conditions%252Fwhat-do-we-mean-by-indoor-conditions%252F%7Ctitle%3ARead%2520more%22%2C%22description%22%3A%22Many%20aspects%20affect%20the%20quality%20of%20indoor%20conditions.%20Indoor%20air%20conditions%20means%20not%20just%20indoor%20air%2C%20what%20we%20smell%2C%20for%20example%2C%20but%20also%20includes%20lighting%2C%20noise%20levels%20and%20temperature.%22%2C%22image%22%3A%2215950%22%7D%2C%7B%22label%22%3A%22What%20is%20Senate%20Properties%20doing%20to%20ensure%20better%20indoor%20conditions%3F%22%2C%22link%22%3A%22url%3Ahttps%253A%252F%252Ftesti-e2c55b704894.senaatti.fi%252Fen%252Fabout-us%252Findoor-conditions%252Fwhat-does-senate-properties-do-to-promote-good-indoor-air-quality%252F%7Ctitle%3ARead%2520more%22%2C%22description%22%3A%22Maintaining%20and%20ensuring%20good%20indoor%20conditions%20is%20part%20of%20everything%20we%20do.%20Our%20business%20model%20is%20built%20around%20three%20concepts.%22%2C%22image%22%3A%2259310%22%7D%2C%7B%22label%22%3A%22What%20can%20you%20do%20for%20indoor%20conditions%3F%22%2C%22link%22%3A%22url%3Ahttps%253A%252F%252Ftesti-e2c55b704894.senaatti.fi%252Fen%252Fabout-us%252Findoor-conditions%252Fwhat-can-you-do-for-indoor-conditions%252F%7Ctitle%3ARead%2520more%22%2C%22description%22%3A%22As%20facilities%20users%2C%20we%20can%20impact%20indoor%20conditions%20through%20our%20own%20actions%20and%20choices%2C%20however%20trivial%20they%20may%20seem.%22%2C%22image%22%3A%2219327%22%7D%5D&#8221;][\/vc_column][\/vc_row][vc_row][vc_column][senaatti_liftcards_carousel automatic1=&#8221;true&#8221; post_type2=&#8221;senaatti_article&#8221; allink=&#8221;true&#8221; heading=&#8221;Articles related&#8221; category2=&#8221;Indoor climate&#8221; count=&#8221;6&#8243; allcta=&#8221;url:https%3A%2F%2Ftesti-e2c55b704894.senaatti.fi%2Fen%2Fcurrent-topics%2Farticles%2F%3Fsenaatti_tarticle%255B%255D%3Dindoor-climate|title:Show%20all&#8221;][\/vc_column][\/vc_row]<\/p>\n<\/div>","protected":false},"excerpt":{"rendered":"<p>[vc_row][vc_column][senaatti_hero image_position_vertical=&#8221;bottom&#8221; heading=&#8221;For better indoor conditions&#8221; text=&#8221;What would happen if we made Finland the capital of the best indoor conditions? We want to help ensure that everyone working in the offices, institutions, barracks and bureaus of Finland have the best possible conditions in their working environment so as to maintain the welfare, organisation and safety [&hellip;]<\/p>\n","protected":false},"author":11,"featured_media":48506,"parent":53450,"menu_order":30,"comment_status":"closed","ping_status":"closed","template":"","meta":{"_acf_changed":false,"footnotes":""},"class_list":["post-62188","page","type-page","status-publish","has-post-thumbnail","hentry"],"acf":[],"yoast_head":"<!-- This site is optimized with the Yoast SEO plugin v23.9 - https:\/\/yoast.com\/wordpress\/plugins\/seo\/ -->\n<title>Indoor conditions - Senaatti<\/title>\n<meta name=\"description\" content=\"Mit\u00e4, jos tekisimme Suomen tunnetuksi maailman laadukkaimmista sis\u00e4olosuhteista? Haluamme huolehtia, ett\u00e4 kaikilla, jotka ty\u00f6skentelev\u00e4t Suomen hyvinvoinnin, j\u00e4rjestyksen ja turvallisuuden eteen virastoissa, laitoksissa, kasarmeilla ja konttoreilla, on parhaat mahdolliset olosuhteet onnistua ty\u00f6ss\u00e4\u00e4n. Terveellinen ty\u00f6ymp\u00e4rist\u00f6 on elinehto meid\u00e4n kaikkien hyvinvoinnille.\" \/>\n<meta name=\"robots\" content=\"noindex, follow, max-snippet:-1, max-image-preview:large, max-video-preview:-1\" \/>\n<meta property=\"og:locale\" content=\"en_US\" \/>\n<meta property=\"og:type\" content=\"article\" \/>\n<meta property=\"og:title\" content=\"Indoor conditions - Senaatti\" \/>\n<meta property=\"og:description\" content=\"Mit\u00e4, jos tekisimme Suomen tunnetuksi maailman laadukkaimmista sis\u00e4olosuhteista? Haluamme huolehtia, ett\u00e4 kaikilla, jotka ty\u00f6skentelev\u00e4t Suomen hyvinvoinnin, j\u00e4rjestyksen ja turvallisuuden eteen virastoissa, laitoksissa, kasarmeilla ja konttoreilla, on parhaat mahdolliset olosuhteet onnistua ty\u00f6ss\u00e4\u00e4n. Terveellinen ty\u00f6ymp\u00e4rist\u00f6 on elinehto meid\u00e4n kaikkien hyvinvoinnille.\" \/>\n<meta property=\"og:url\" content=\"https:\/\/testi-e2c55b704894.senaatti.fi\/en\/about-us\/indoor-conditions\/\" \/>\n<meta property=\"og:site_name\" content=\"Senaatti\" \/>\n<meta property=\"article:publisher\" content=\"https:\/\/www.facebook.com\/SenaattiKiinteistot\/\" \/>\n<meta property=\"article:modified_time\" content=\"2024-02-01T11:44:40+00:00\" \/>\n<meta property=\"og:image\" content=\"https:\/\/www.senaatti.fi\/app\/uploads\/2021\/10\/sisaolosuhteet-1024x768.jpg\" \/>\n\t<meta property=\"og:image:width\" content=\"1024\" \/>\n\t<meta property=\"og:image:height\" content=\"768\" \/>\n\t<meta property=\"og:image:type\" content=\"image\/jpeg\" \/>\n<meta name=\"twitter:card\" content=\"summary_large_image\" \/>\n<meta name=\"twitter:site\" content=\"@SenaattiK\" \/>\n<meta name=\"twitter:label1\" content=\"Est. reading time\" \/>\n\t<meta name=\"twitter:data1\" content=\"3 minutes\" \/>\n<script type=\"application\/ld+json\" class=\"yoast-schema-graph\">{\"@context\":\"https:\/\/schema.org\",\"@graph\":[{\"@type\":\"WebPage\",\"@id\":\"https:\/\/testi-e2c55b704894.senaatti.fi\/en\/about-us\/indoor-conditions\/\",\"url\":\"https:\/\/testi-e2c55b704894.senaatti.fi\/en\/about-us\/indoor-conditions\/\",\"name\":\"Indoor conditions - Senaatti\",\"isPartOf\":{\"@id\":\"https:\/\/www.senaatti.fi\/#website\"},\"primaryImageOfPage\":{\"@id\":\"https:\/\/testi-e2c55b704894.senaatti.fi\/en\/about-us\/indoor-conditions\/#primaryimage\"},\"image\":{\"@id\":\"https:\/\/testi-e2c55b704894.senaatti.fi\/en\/about-us\/indoor-conditions\/#primaryimage\"},\"thumbnailUrl\":\"https:\/\/testi-e2c55b704894.senaatti.fi\/app\/uploads\/2021\/10\/sisaolosuhteet-e1672400562578.jpg\",\"datePublished\":\"2023-05-15T13:16:48+00:00\",\"dateModified\":\"2024-02-01T11:44:40+00:00\",\"description\":\"Mit\u00e4, jos tekisimme Suomen tunnetuksi maailman laadukkaimmista sis\u00e4olosuhteista? Haluamme huolehtia, ett\u00e4 kaikilla, jotka ty\u00f6skentelev\u00e4t Suomen hyvinvoinnin, j\u00e4rjestyksen ja turvallisuuden eteen virastoissa, laitoksissa, kasarmeilla ja konttoreilla, on parhaat mahdolliset olosuhteet onnistua ty\u00f6ss\u00e4\u00e4n. Terveellinen ty\u00f6ymp\u00e4rist\u00f6 on elinehto meid\u00e4n kaikkien hyvinvoinnille.\",\"breadcrumb\":{\"@id\":\"https:\/\/testi-e2c55b704894.senaatti.fi\/en\/about-us\/indoor-conditions\/#breadcrumb\"},\"inLanguage\":\"en-US\",\"potentialAction\":[{\"@type\":\"ReadAction\",\"target\":[\"https:\/\/testi-e2c55b704894.senaatti.fi\/en\/about-us\/indoor-conditions\/\"]}]},{\"@type\":\"ImageObject\",\"inLanguage\":\"en-US\",\"@id\":\"https:\/\/testi-e2c55b704894.senaatti.fi\/en\/about-us\/indoor-conditions\/#primaryimage\",\"url\":\"https:\/\/testi-e2c55b704894.senaatti.fi\/app\/uploads\/2021\/10\/sisaolosuhteet-e1672400562578.jpg\",\"contentUrl\":\"https:\/\/testi-e2c55b704894.senaatti.fi\/app\/uploads\/2021\/10\/sisaolosuhteet-e1672400562578.jpg\",\"width\":1440,\"height\":1080},{\"@type\":\"BreadcrumbList\",\"@id\":\"https:\/\/testi-e2c55b704894.senaatti.fi\/en\/about-us\/indoor-conditions\/#breadcrumb\",\"itemListElement\":[{\"@type\":\"ListItem\",\"position\":1,\"name\":\"Home\",\"item\":\"https:\/\/www.senaatti.fi\/en\/\"},{\"@type\":\"ListItem\",\"position\":2,\"name\":\"About us\",\"item\":\"https:\/\/www.senaatti.fi\/en\/about-us\/\"},{\"@type\":\"ListItem\",\"position\":3,\"name\":\"Indoor conditions\"}]},{\"@type\":\"WebSite\",\"@id\":\"https:\/\/www.senaatti.fi\/#website\",\"url\":\"https:\/\/www.senaatti.fi\/\",\"name\":\"Senaatti\",\"description\":\"Just another WordPress site\",\"publisher\":{\"@id\":\"https:\/\/www.senaatti.fi\/#organization\"},\"potentialAction\":[{\"@type\":\"SearchAction\",\"target\":{\"@type\":\"EntryPoint\",\"urlTemplate\":\"https:\/\/www.senaatti.fi\/?s={search_term_string}\"},\"query-input\":{\"@type\":\"PropertyValueSpecification\",\"valueRequired\":true,\"valueName\":\"search_term_string\"}}],\"inLanguage\":\"en-US\"},{\"@type\":\"Organization\",\"@id\":\"https:\/\/www.senaatti.fi\/#organization\",\"name\":\"Senaatti-kiinteist\u00f6t\",\"url\":\"https:\/\/www.senaatti.fi\/\",\"logo\":{\"@type\":\"ImageObject\",\"inLanguage\":\"en-US\",\"@id\":\"https:\/\/www.senaatti.fi\/#\/schema\/logo\/image\/\",\"url\":\"https:\/\/testi-e2c55b704894.senaatti.fi\/app\/uploads\/2021\/01\/Senaatti_FB_profiili_1200x630.png\",\"contentUrl\":\"https:\/\/testi-e2c55b704894.senaatti.fi\/app\/uploads\/2021\/01\/Senaatti_FB_profiili_1200x630.png\",\"width\":1201,\"height\":631,\"caption\":\"Senaatti-kiinteist\u00f6t\"},\"image\":{\"@id\":\"https:\/\/www.senaatti.fi\/#\/schema\/logo\/image\/\"},\"sameAs\":[\"https:\/\/www.facebook.com\/SenaattiKiinteistot\/\",\"https:\/\/x.com\/SenaattiK\",\"https:\/\/www.linkedin.com\/company\/senate-properties\",\"https:\/\/www.youtube.com\/channel\/UCunSUhMjKd5KqASPgBrndkQ\"]}]}<\/script>\n<!-- \/ Yoast SEO plugin. -->","yoast_head_json":{"title":"Indoor conditions - Senaatti","description":"Mit\u00e4, jos tekisimme Suomen tunnetuksi maailman laadukkaimmista sis\u00e4olosuhteista? Haluamme huolehtia, ett\u00e4 kaikilla, jotka ty\u00f6skentelev\u00e4t Suomen hyvinvoinnin, j\u00e4rjestyksen ja turvallisuuden eteen virastoissa, laitoksissa, kasarmeilla ja konttoreilla, on parhaat mahdolliset olosuhteet onnistua ty\u00f6ss\u00e4\u00e4n. Terveellinen ty\u00f6ymp\u00e4rist\u00f6 on elinehto meid\u00e4n kaikkien hyvinvoinnille.","robots":{"index":"noindex","follow":"follow","max-snippet":"max-snippet:-1","max-image-preview":"max-image-preview:large","max-video-preview":"max-video-preview:-1"},"og_locale":"en_US","og_type":"article","og_title":"Indoor conditions - Senaatti","og_description":"Mit\u00e4, jos tekisimme Suomen tunnetuksi maailman laadukkaimmista sis\u00e4olosuhteista? Haluamme huolehtia, ett\u00e4 kaikilla, jotka ty\u00f6skentelev\u00e4t Suomen hyvinvoinnin, j\u00e4rjestyksen ja turvallisuuden eteen virastoissa, laitoksissa, kasarmeilla ja konttoreilla, on parhaat mahdolliset olosuhteet onnistua ty\u00f6ss\u00e4\u00e4n. Terveellinen ty\u00f6ymp\u00e4rist\u00f6 on elinehto meid\u00e4n kaikkien hyvinvoinnille.","og_url":"https:\/\/testi-e2c55b704894.senaatti.fi\/en\/about-us\/indoor-conditions\/","og_site_name":"Senaatti","article_publisher":"https:\/\/www.facebook.com\/SenaattiKiinteistot\/","article_modified_time":"2024-02-01T11:44:40+00:00","og_image":[{"width":1024,"height":768,"url":"https:\/\/www.senaatti.fi\/app\/uploads\/2021\/10\/sisaolosuhteet-1024x768.jpg","type":"image\/jpeg"}],"twitter_card":"summary_large_image","twitter_site":"@SenaattiK","twitter_misc":{"Est. reading time":"3 minutes"},"schema":{"@context":"https:\/\/schema.org","@graph":[{"@type":"WebPage","@id":"https:\/\/testi-e2c55b704894.senaatti.fi\/en\/about-us\/indoor-conditions\/","url":"https:\/\/testi-e2c55b704894.senaatti.fi\/en\/about-us\/indoor-conditions\/","name":"Indoor conditions - Senaatti","isPartOf":{"@id":"https:\/\/www.senaatti.fi\/#website"},"primaryImageOfPage":{"@id":"https:\/\/testi-e2c55b704894.senaatti.fi\/en\/about-us\/indoor-conditions\/#primaryimage"},"image":{"@id":"https:\/\/testi-e2c55b704894.senaatti.fi\/en\/about-us\/indoor-conditions\/#primaryimage"},"thumbnailUrl":"https:\/\/testi-e2c55b704894.senaatti.fi\/app\/uploads\/2021\/10\/sisaolosuhteet-e1672400562578.jpg","datePublished":"2023-05-15T13:16:48+00:00","dateModified":"2024-02-01T11:44:40+00:00","description":"Mit\u00e4, jos tekisimme Suomen tunnetuksi maailman laadukkaimmista sis\u00e4olosuhteista? Haluamme huolehtia, ett\u00e4 kaikilla, jotka ty\u00f6skentelev\u00e4t Suomen hyvinvoinnin, j\u00e4rjestyksen ja turvallisuuden eteen virastoissa, laitoksissa, kasarmeilla ja konttoreilla, on parhaat mahdolliset olosuhteet onnistua ty\u00f6ss\u00e4\u00e4n. Terveellinen ty\u00f6ymp\u00e4rist\u00f6 on elinehto meid\u00e4n kaikkien hyvinvoinnille.","breadcrumb":{"@id":"https:\/\/testi-e2c55b704894.senaatti.fi\/en\/about-us\/indoor-conditions\/#breadcrumb"},"inLanguage":"en-US","potentialAction":[{"@type":"ReadAction","target":["https:\/\/testi-e2c55b704894.senaatti.fi\/en\/about-us\/indoor-conditions\/"]}]},{"@type":"ImageObject","inLanguage":"en-US","@id":"https:\/\/testi-e2c55b704894.senaatti.fi\/en\/about-us\/indoor-conditions\/#primaryimage","url":"https:\/\/testi-e2c55b704894.senaatti.fi\/app\/uploads\/2021\/10\/sisaolosuhteet-e1672400562578.jpg","contentUrl":"https:\/\/testi-e2c55b704894.senaatti.fi\/app\/uploads\/2021\/10\/sisaolosuhteet-e1672400562578.jpg","width":1440,"height":1080},{"@type":"BreadcrumbList","@id":"https:\/\/testi-e2c55b704894.senaatti.fi\/en\/about-us\/indoor-conditions\/#breadcrumb","itemListElement":[{"@type":"ListItem","position":1,"name":"Home","item":"https:\/\/www.senaatti.fi\/en\/"},{"@type":"ListItem","position":2,"name":"About us","item":"https:\/\/www.senaatti.fi\/en\/about-us\/"},{"@type":"ListItem","position":3,"name":"Indoor conditions"}]},{"@type":"WebSite","@id":"https:\/\/www.senaatti.fi\/#website","url":"https:\/\/www.senaatti.fi\/","name":"Senaatti","description":"Just another WordPress site","publisher":{"@id":"https:\/\/www.senaatti.fi\/#organization"},"potentialAction":[{"@type":"SearchAction","target":{"@type":"EntryPoint","urlTemplate":"https:\/\/www.senaatti.fi\/?s={search_term_string}"},"query-input":{"@type":"PropertyValueSpecification","valueRequired":true,"valueName":"search_term_string"}}],"inLanguage":"en-US"},{"@type":"Organization","@id":"https:\/\/www.senaatti.fi\/#organization","name":"Senaatti-kiinteist\u00f6t","url":"https:\/\/www.senaatti.fi\/","logo":{"@type":"ImageObject","inLanguage":"en-US","@id":"https:\/\/www.senaatti.fi\/#\/schema\/logo\/image\/","url":"https:\/\/testi-e2c55b704894.senaatti.fi\/app\/uploads\/2021\/01\/Senaatti_FB_profiili_1200x630.png","contentUrl":"https:\/\/testi-e2c55b704894.senaatti.fi\/app\/uploads\/2021\/01\/Senaatti_FB_profiili_1200x630.png","width":1201,"height":631,"caption":"Senaatti-kiinteist\u00f6t"},"image":{"@id":"https:\/\/www.senaatti.fi\/#\/schema\/logo\/image\/"},"sameAs":["https:\/\/www.facebook.com\/SenaattiKiinteistot\/","https:\/\/x.com\/SenaattiK","https:\/\/www.linkedin.com\/company\/senate-properties","https:\/\/www.youtube.com\/channel\/UCunSUhMjKd5KqASPgBrndkQ"]}]}},"publishpress_future_action":{"enabled":false,"date":"2026-05-03 10:30:31","action":"change-status","newStatus":"draft","terms":[],"taxonomy":"translation_priority"},"_links":{"self":[{"href":"https:\/\/testi-e2c55b704894.senaatti.fi\/en\/wp-json\/wp\/v2\/pages\/62188","targetHints":{"allow":["GET"]}}],"collection":[{"href":"https:\/\/testi-e2c55b704894.senaatti.fi\/en\/wp-json\/wp\/v2\/pages"}],"about":[{"href":"https:\/\/testi-e2c55b704894.senaatti.fi\/en\/wp-json\/wp\/v2\/types\/page"}],"author":[{"embeddable":true,"href":"https:\/\/testi-e2c55b704894.senaatti.fi\/en\/wp-json\/wp\/v2\/users\/11"}],"replies":[{"embeddable":true,"href":"https:\/\/testi-e2c55b704894.senaatti.fi\/en\/wp-json\/wp\/v2\/comments?post=62188"}],"version-history":[{"count":8,"href":"https:\/\/testi-e2c55b704894.senaatti.fi\/en\/wp-json\/wp\/v2\/pages\/62188\/revisions"}],"predecessor-version":[{"id":64167,"href":"https:\/\/testi-e2c55b704894.senaatti.fi\/en\/wp-json\/wp\/v2\/pages\/62188\/revisions\/64167"}],"up":[{"embeddable":true,"href":"https:\/\/testi-e2c55b704894.senaatti.fi\/en\/wp-json\/wp\/v2\/pages\/53450"}],"wp:featuredmedia":[{"embeddable":true,"href":"https:\/\/testi-e2c55b704894.senaatti.fi\/en\/wp-json\/wp\/v2\/media\/48506"}],"wp:attachment":[{"href":"https:\/\/testi-e2c55b704894.senaatti.fi\/en\/wp-json\/wp\/v2\/media?parent=62188"}],"curies":[{"name":"wp","href":"https:\/\/api.w.org\/{rel}","templated":true}]}}