{"id":17064,"date":"2018-09-24T13:20:57","date_gmt":"2018-09-24T10:20:57","guid":{"rendered":"https:\/\/testi-e2c55b704894.senaatti.fi\/?page_id=17064"},"modified":"2023-06-02T15:14:03","modified_gmt":"2023-06-02T12:14:03","slug":"anvandarvillkor","status":"publish","type":"page","link":"https:\/\/testi-e2c55b704894.senaatti.fi\/sv\/anvandarvillkor\/","title":{"rendered":"Anv\u00e4ndarvillkor"},"content":{"rendered":"<div class=\"wpb-content-wrapper\"><p>[vc_row][vc_column][senaatti_hero heading=&#8221;Anv\u00e4ndarvillkor&#8221;][\/vc_column][\/vc_row][vc_row][vc_column][vc_column_text remove_empty_space_above=&#8221;true&#8221;]<\/p>\n<h2>Anv\u00e4ndarvillkor f\u00f6r webbplatsen<\/h2>\n<p>L\u00e4s omsorgsfullt anv\u00e4ndarvillkoren. D\u00e5 du anv\u00e4nder webbplatsen godk\u00e4nner du anv\u00e4ndarvillkoren som s\u00e5dana. Om nedan h\u00e4nvisas till \u201cSenaatti\u201d avses med detta Senatfastigheter.<\/p>\n<h2>Upphovsr\u00e4tt<\/h2>\n<p>R\u00e4ttigheter till det text- och bildmaterial som publiceras p\u00e5 webbplatsen har Senatfastigheter eller annan informationsproducent som n\u00e4mns i samband med materialet.<\/p>\n<p>Anv\u00e4ndning av textmaterialet och l\u00e4nkar till det \u00e4r till\u00e5tet i sammanhang som iakttar god sed, d\u00e5 k\u00e4llan anges. Vid anv\u00e4ndning av materialet som s\u00e5dant f\u00f6r kommersiellt syfte ska om detta alltid avtalas separat med Senatfastigheter.<\/p>\n<h2>Bilder och nyttjander\u00e4tt av dem<\/h2>\n<p>Nyttjander\u00e4tten till bilderna p\u00e5 v\u00e5r webbplats har endast Senatfastigheter. Bilder f\u00e5r inte anv\u00e4ndas i andra sammanhang.<\/p>\n<p>Observera att Senatfastigheters bilder kan laddas ned genom v\u00e5r <a href=\"https:\/\/senaatti.materialbank.net\/vierailija\" target=\"_blank\" rel=\"noopener noreferrer\">materialbank<\/a>.<\/p>\n<h2>R\u00e4ttsligt f\u00f6rbeh\u00e5ll<\/h2>\n<p>Senatfastigheter svarar f\u00f6r webbplatsen.<\/p>\n<p>Ifr\u00e5ga om inneh\u00e5llet p\u00e5 webbplatsen har man p\u00e5 alla s\u00e4tt str\u00e4vat efter korrekthet och tidsenlighet. Senatfastigheter svarar inte f\u00f6r kostnader eller skador som eventuella fel p\u00e5 webbplatsen f\u00f6rorsakar anv\u00e4ndaren. Senatfastigheter svarar inte heller f\u00f6r s\u00e5dan ol\u00e4genhet, som beror p\u00e5 teknisk st\u00f6rning eller p\u00e5 material som l\u00e4nkats till webbplatsen och som har publicerats av utomst\u00e5ende part.<\/p>\n<p>D\u00e5 du \u00f6verg\u00e5r till l\u00e4nkade sidor till\u00e4mpas denna webbplats egna anv\u00e4ndarvillkor. Senatfastigheter svarar inte f\u00f6r korrektheten hos uppdateringar, publikationer eller uppgifter som framf\u00f6rts p\u00e5 dessa tredje parters webbplatser. En l\u00e4nk som finns p\u00e5 en webbplats till en tredje parts webbplats inneb\u00e4r inte att Senatfastigheter p\u00e5 n\u00e5got s\u00e4tt skulle vara ansvarig f\u00f6r webbplatsens verksamhet eller f\u00f6r de produkter och tj\u00e4nster som erbjuds p\u00e5 dessa sidor.<\/p>\n<p>Senatfastigheter har r\u00e4tt men inte skyldighet att f\u00f6lja upp och kontrollera s\u00e5dana omr\u00e5den av webbplatsen, d\u00e4r anv\u00e4ndarna \u00f6verf\u00f6r eller f\u00f6rmedlar meddelanden samt inneh\u00e5llet i denna kommunikation. Senatfastigheter svarar inte f\u00f6r inneh\u00e5llet i kommunikationen oavsett, om p\u00e5 det till\u00e4mpas upphovsr\u00e4ttsskydd, skydd mot \u00e4rekr\u00e4nkning, integritetsskydd eller andra lagar. Senatfastigheter kan efter egen pr\u00f6vning fr\u00e5n sin webbplats avl\u00e4gsna material som det anser vara osakligt och som en anv\u00e4ndare skickat.<\/p>\n<p>Senatfastigheter kan inte garantera konfidentialiteten hos meddelanden som skickats i det \u00f6ppna n\u00e4tverket. Anv\u00e4ndarna ska undvika att skicka konfidentiella uppgifter med e-post. Senatfastigheters krypterade e-post finns p\u00e5 adressen <a href=\"https:\/\/turvaposti.senaatti.fi\" target=\"_blank\" rel=\"noopener noreferrer\">https:\/\/turvaposti.senaatti.fi<\/a><\/p>\n<p>Material p\u00e5 webbplatsen kan inte anses som ett bindande erbjudande, en uppmaning eller en f\u00f6rbindelse av Senatfastigheter.<\/p>\n<p id=\"personal-data\">Senatfastigheter f\u00f6rbeh\u00e5ller sig r\u00e4tten att uppdatera, granska och \u00e4ndra p\u00e5 anv\u00e4ndarvillkoren samt p\u00e5 webbplatsens inneh\u00e5ll och utseende. Anv\u00e4ndaren g\u00f6r klokt i att tidvis kontrollera de g\u00e4llande anv\u00e4ndarvillkoren genom denna sida.<\/p>\n<h2>Behandling av personuppgifter<\/h2>\n<p>Senatfastigheter har f\u00f6rbundit sig att skydda integriteten f\u00f6r dem som bes\u00f6ker dessa sidor och personuppgifter i enlighet med personuppgiftslagen. Vid anv\u00e4ndning av webbplatsen insamlas allm\u00e4nna statistikuppgifter som anv\u00e4nds f\u00f6r att utveckla webbtj\u00e4nsterna. S\u00e5dana uppgifter \u00e4r bl.a.<\/p>\n<p>&#8211; nedladdade sidor<\/p>\n<p>&#8211; tidpunkt<\/p>\n<p>&#8211; webbl\u00e4sare och operativsystem.<\/p>\n<p id=\"newsletter\">Fr\u00e5n v\u00e5r webbplats sparar vi endast kontaktuppgifter och andra uppgifter som anv\u00e4ndaren sj\u00e4lv separat har gett, s\u00e5 att vi kan svara p\u00e5 anv\u00e4ndarens kontaktbeg\u00e4ran, fr\u00e5gor eller annan respons samt f\u00f6r att skicka nyhetsbrev som anv\u00e4ndaren best\u00e4llt.<\/p>\n<h2>Till\u00e4ggsupplysningar<\/h2>\n<p>Till\u00e4ggsupplysningar om webbplatsen ger Senatfastigheters marknadsf\u00f6ring och kommunikation:<\/p>\n<p>Outi Tarkka, kommunikationschef<br \/>\n+358 40 579 4779<br \/>\nV\u00e5ra e-postadresser har formen fornamn.efternamn@senaatti.fi<\/p>\n<p>[\/vc_column_text][\/vc_column][\/vc_row]<\/p>\n<\/div>","protected":false},"excerpt":{"rendered":"<p>[vc_row][vc_column][senaatti_hero heading=&#8221;Anv\u00e4ndarvillkor&#8221;][\/vc_column][\/vc_row][vc_row][vc_column][vc_column_text remove_empty_space_above=&#8221;true&#8221;] Anv\u00e4ndarvillkor f\u00f6r webbplatsen L\u00e4s omsorgsfullt anv\u00e4ndarvillkoren. D\u00e5 du anv\u00e4nder webbplatsen godk\u00e4nner du anv\u00e4ndarvillkoren som s\u00e5dana. Om nedan h\u00e4nvisas till \u201cSenaatti\u201d avses med detta Senatfastigheter. Upphovsr\u00e4tt R\u00e4ttigheter till det text- och bildmaterial som publiceras p\u00e5 webbplatsen har Senatfastigheter eller annan informationsproducent som n\u00e4mns i samband med materialet. Anv\u00e4ndning av textmaterialet och l\u00e4nkar till [&hellip;]<\/p>\n","protected":false},"author":11,"featured_media":0,"parent":0,"menu_order":0,"comment_status":"closed","ping_status":"closed","template":"","meta":{"_acf_changed":false,"footnotes":""},"class_list":["post-17064","page","type-page","status-publish","hentry"],"acf":[],"yoast_head":"<!-- This site is optimized with the Yoast SEO plugin v23.9 - https:\/\/yoast.com\/wordpress\/plugins\/seo\/ -->\n<title>Anv\u00e4ndarvillkor - Senaatti<\/title>\n<meta name=\"robots\" content=\"noindex, follow, max-snippet:-1, max-image-preview:large, max-video-preview:-1\" \/>\n<meta property=\"og:locale\" content=\"sv_SE\" \/>\n<meta property=\"og:type\" content=\"article\" \/>\n<meta property=\"og:title\" content=\"Anv\u00e4ndarvillkor - Senaatti\" \/>\n<meta property=\"og:description\" content=\"[vc_row][vc_column][senaatti_hero heading=&#8221;Anv\u00e4ndarvillkor&#8221;][\/vc_column][\/vc_row][vc_row][vc_column][vc_column_text remove_empty_space_above=&#8221;true&#8221;] Anv\u00e4ndarvillkor f\u00f6r webbplatsen L\u00e4s omsorgsfullt anv\u00e4ndarvillkoren. D\u00e5 du anv\u00e4nder webbplatsen godk\u00e4nner du anv\u00e4ndarvillkoren som s\u00e5dana. Om nedan h\u00e4nvisas till \u201cSenaatti\u201d avses med detta Senatfastigheter. Upphovsr\u00e4tt R\u00e4ttigheter till det text- och bildmaterial som publiceras p\u00e5 webbplatsen har Senatfastigheter eller annan informationsproducent som n\u00e4mns i samband med materialet. Anv\u00e4ndning av textmaterialet och l\u00e4nkar till [&hellip;]\" \/>\n<meta property=\"og:url\" content=\"https:\/\/testi-e2c55b704894.senaatti.fi\/sv\/anvandarvillkor\/\" \/>\n<meta property=\"og:site_name\" content=\"Senaatti\" \/>\n<meta property=\"article:publisher\" content=\"https:\/\/www.facebook.com\/SenaattiKiinteistot\/\" \/>\n<meta property=\"article:modified_time\" content=\"2023-06-02T12:14:03+00:00\" \/>\n<meta property=\"og:image\" content=\"https:\/\/testi-e2c55b704894.senaatti.fi\/app\/uploads\/2021\/01\/Senaatti_FB_profiili_1200x630-1024x538.png\" \/>\n\t<meta property=\"og:image:width\" content=\"1024\" \/>\n\t<meta property=\"og:image:height\" content=\"538\" \/>\n\t<meta property=\"og:image:type\" content=\"image\/png\" \/>\n<meta name=\"twitter:card\" content=\"summary_large_image\" \/>\n<meta name=\"twitter:site\" content=\"@SenaattiK\" \/>\n<meta name=\"twitter:label1\" content=\"Ber\u00e4knad l\u00e4stid\" \/>\n\t<meta name=\"twitter:data1\" content=\"4 minuter\" \/>\n<script type=\"application\/ld+json\" class=\"yoast-schema-graph\">{\"@context\":\"https:\/\/schema.org\",\"@graph\":[{\"@type\":\"WebPage\",\"@id\":\"https:\/\/testi-e2c55b704894.senaatti.fi\/sv\/anvandarvillkor\/\",\"url\":\"https:\/\/testi-e2c55b704894.senaatti.fi\/sv\/anvandarvillkor\/\",\"name\":\"Anv\u00e4ndarvillkor - Senaatti\",\"isPartOf\":{\"@id\":\"https:\/\/www.senaatti.fi\/#website\"},\"datePublished\":\"2018-09-24T10:20:57+00:00\",\"dateModified\":\"2023-06-02T12:14:03+00:00\",\"breadcrumb\":{\"@id\":\"https:\/\/testi-e2c55b704894.senaatti.fi\/sv\/anvandarvillkor\/#breadcrumb\"},\"inLanguage\":\"sv-SE\",\"potentialAction\":[{\"@type\":\"ReadAction\",\"target\":[\"https:\/\/testi-e2c55b704894.senaatti.fi\/sv\/anvandarvillkor\/\"]}]},{\"@type\":\"BreadcrumbList\",\"@id\":\"https:\/\/testi-e2c55b704894.senaatti.fi\/sv\/anvandarvillkor\/#breadcrumb\",\"itemListElement\":[{\"@type\":\"ListItem\",\"position\":1,\"name\":\"Hem\",\"item\":\"https:\/\/www.senaatti.fi\/sv\/\"},{\"@type\":\"ListItem\",\"position\":2,\"name\":\"Anv\u00e4ndarvillkor\"}]},{\"@type\":\"WebSite\",\"@id\":\"https:\/\/www.senaatti.fi\/#website\",\"url\":\"https:\/\/www.senaatti.fi\/\",\"name\":\"Senaatti\",\"description\":\"Just another WordPress site\",\"publisher\":{\"@id\":\"https:\/\/www.senaatti.fi\/#organization\"},\"potentialAction\":[{\"@type\":\"SearchAction\",\"target\":{\"@type\":\"EntryPoint\",\"urlTemplate\":\"https:\/\/www.senaatti.fi\/?s={search_term_string}\"},\"query-input\":{\"@type\":\"PropertyValueSpecification\",\"valueRequired\":true,\"valueName\":\"search_term_string\"}}],\"inLanguage\":\"sv-SE\"},{\"@type\":\"Organization\",\"@id\":\"https:\/\/www.senaatti.fi\/#organization\",\"name\":\"Senaatti-kiinteist\u00f6t\",\"url\":\"https:\/\/www.senaatti.fi\/\",\"logo\":{\"@type\":\"ImageObject\",\"inLanguage\":\"sv-SE\",\"@id\":\"https:\/\/www.senaatti.fi\/#\/schema\/logo\/image\/\",\"url\":\"https:\/\/testi-e2c55b704894.senaatti.fi\/app\/uploads\/2021\/01\/Senaatti_FB_profiili_1200x630.png\",\"contentUrl\":\"https:\/\/testi-e2c55b704894.senaatti.fi\/app\/uploads\/2021\/01\/Senaatti_FB_profiili_1200x630.png\",\"width\":1201,\"height\":631,\"caption\":\"Senaatti-kiinteist\u00f6t\"},\"image\":{\"@id\":\"https:\/\/www.senaatti.fi\/#\/schema\/logo\/image\/\"},\"sameAs\":[\"https:\/\/www.facebook.com\/SenaattiKiinteistot\/\",\"https:\/\/x.com\/SenaattiK\",\"https:\/\/www.linkedin.com\/company\/senate-properties\",\"https:\/\/www.youtube.com\/channel\/UCunSUhMjKd5KqASPgBrndkQ\"]}]}<\/script>\n<!-- \/ Yoast SEO plugin. -->","yoast_head_json":{"title":"Anv\u00e4ndarvillkor - Senaatti","robots":{"index":"noindex","follow":"follow","max-snippet":"max-snippet:-1","max-image-preview":"max-image-preview:large","max-video-preview":"max-video-preview:-1"},"og_locale":"sv_SE","og_type":"article","og_title":"Anv\u00e4ndarvillkor - Senaatti","og_description":"[vc_row][vc_column][senaatti_hero heading=&#8221;Anv\u00e4ndarvillkor&#8221;][\/vc_column][\/vc_row][vc_row][vc_column][vc_column_text remove_empty_space_above=&#8221;true&#8221;] Anv\u00e4ndarvillkor f\u00f6r webbplatsen L\u00e4s omsorgsfullt anv\u00e4ndarvillkoren. D\u00e5 du anv\u00e4nder webbplatsen godk\u00e4nner du anv\u00e4ndarvillkoren som s\u00e5dana. Om nedan h\u00e4nvisas till \u201cSenaatti\u201d avses med detta Senatfastigheter. Upphovsr\u00e4tt R\u00e4ttigheter till det text- och bildmaterial som publiceras p\u00e5 webbplatsen har Senatfastigheter eller annan informationsproducent som n\u00e4mns i samband med materialet. Anv\u00e4ndning av textmaterialet och l\u00e4nkar till [&hellip;]","og_url":"https:\/\/testi-e2c55b704894.senaatti.fi\/sv\/anvandarvillkor\/","og_site_name":"Senaatti","article_publisher":"https:\/\/www.facebook.com\/SenaattiKiinteistot\/","article_modified_time":"2023-06-02T12:14:03+00:00","og_image":[{"width":1024,"height":538,"url":"https:\/\/testi-e2c55b704894.senaatti.fi\/app\/uploads\/2021\/01\/Senaatti_FB_profiili_1200x630-1024x538.png","type":"image\/png"}],"twitter_card":"summary_large_image","twitter_site":"@SenaattiK","twitter_misc":{"Ber\u00e4knad l\u00e4stid":"4 minuter"},"schema":{"@context":"https:\/\/schema.org","@graph":[{"@type":"WebPage","@id":"https:\/\/testi-e2c55b704894.senaatti.fi\/sv\/anvandarvillkor\/","url":"https:\/\/testi-e2c55b704894.senaatti.fi\/sv\/anvandarvillkor\/","name":"Anv\u00e4ndarvillkor - Senaatti","isPartOf":{"@id":"https:\/\/www.senaatti.fi\/#website"},"datePublished":"2018-09-24T10:20:57+00:00","dateModified":"2023-06-02T12:14:03+00:00","breadcrumb":{"@id":"https:\/\/testi-e2c55b704894.senaatti.fi\/sv\/anvandarvillkor\/#breadcrumb"},"inLanguage":"sv-SE","potentialAction":[{"@type":"ReadAction","target":["https:\/\/testi-e2c55b704894.senaatti.fi\/sv\/anvandarvillkor\/"]}]},{"@type":"BreadcrumbList","@id":"https:\/\/testi-e2c55b704894.senaatti.fi\/sv\/anvandarvillkor\/#breadcrumb","itemListElement":[{"@type":"ListItem","position":1,"name":"Hem","item":"https:\/\/www.senaatti.fi\/sv\/"},{"@type":"ListItem","position":2,"name":"Anv\u00e4ndarvillkor"}]},{"@type":"WebSite","@id":"https:\/\/www.senaatti.fi\/#website","url":"https:\/\/www.senaatti.fi\/","name":"Senaatti","description":"Just another WordPress site","publisher":{"@id":"https:\/\/www.senaatti.fi\/#organization"},"potentialAction":[{"@type":"SearchAction","target":{"@type":"EntryPoint","urlTemplate":"https:\/\/www.senaatti.fi\/?s={search_term_string}"},"query-input":{"@type":"PropertyValueSpecification","valueRequired":true,"valueName":"search_term_string"}}],"inLanguage":"sv-SE"},{"@type":"Organization","@id":"https:\/\/www.senaatti.fi\/#organization","name":"Senaatti-kiinteist\u00f6t","url":"https:\/\/www.senaatti.fi\/","logo":{"@type":"ImageObject","inLanguage":"sv-SE","@id":"https:\/\/www.senaatti.fi\/#\/schema\/logo\/image\/","url":"https:\/\/testi-e2c55b704894.senaatti.fi\/app\/uploads\/2021\/01\/Senaatti_FB_profiili_1200x630.png","contentUrl":"https:\/\/testi-e2c55b704894.senaatti.fi\/app\/uploads\/2021\/01\/Senaatti_FB_profiili_1200x630.png","width":1201,"height":631,"caption":"Senaatti-kiinteist\u00f6t"},"image":{"@id":"https:\/\/www.senaatti.fi\/#\/schema\/logo\/image\/"},"sameAs":["https:\/\/www.facebook.com\/SenaattiKiinteistot\/","https:\/\/x.com\/SenaattiK","https:\/\/www.linkedin.com\/company\/senate-properties","https:\/\/www.youtube.com\/channel\/UCunSUhMjKd5KqASPgBrndkQ"]}]}},"publishpress_future_action":{"enabled":false,"date":"2026-04-26 23:47:24","action":"change-status","newStatus":"draft","terms":[],"taxonomy":"translation_priority"},"_links":{"self":[{"href":"https:\/\/testi-e2c55b704894.senaatti.fi\/sv\/wp-json\/wp\/v2\/pages\/17064","targetHints":{"allow":["GET"]}}],"collection":[{"href":"https:\/\/testi-e2c55b704894.senaatti.fi\/sv\/wp-json\/wp\/v2\/pages"}],"about":[{"href":"https:\/\/testi-e2c55b704894.senaatti.fi\/sv\/wp-json\/wp\/v2\/types\/page"}],"author":[{"embeddable":true,"href":"https:\/\/testi-e2c55b704894.senaatti.fi\/sv\/wp-json\/wp\/v2\/users\/11"}],"replies":[{"embeddable":true,"href":"https:\/\/testi-e2c55b704894.senaatti.fi\/sv\/wp-json\/wp\/v2\/comments?post=17064"}],"version-history":[{"count":10,"href":"https:\/\/testi-e2c55b704894.senaatti.fi\/sv\/wp-json\/wp\/v2\/pages\/17064\/revisions"}],"predecessor-version":[{"id":64640,"href":"https:\/\/testi-e2c55b704894.senaatti.fi\/sv\/wp-json\/wp\/v2\/pages\/17064\/revisions\/64640"}],"wp:attachment":[{"href":"https:\/\/testi-e2c55b704894.senaatti.fi\/sv\/wp-json\/wp\/v2\/media?parent=17064"}],"curies":[{"name":"wp","href":"https:\/\/api.w.org\/{rel}","templated":true}]}}