{"id":3039,"date":"2017-04-11T13:57:40","date_gmt":"2017-04-11T10:57:40","guid":{"rendered":"https:\/\/testi-e2c55b704894.senaatti.fi\/toimialat\/"},"modified":"2025-01-03T10:16:12","modified_gmt":"2025-01-03T08:16:12","slug":"affarsomraden","status":"publish","type":"page","link":"https:\/\/testi-e2c55b704894.senaatti.fi\/sv\/om-oss\/organisation\/affarsomraden\/","title":{"rendered":"Aff\u00e4rsomr\u00e5den"},"content":{"rendered":"<div class=\"wpb-content-wrapper\"><p>[vc_row][vc_column][senaatti_hero heading=&#8221;Senatfastigheters aff\u00e4rsomr\u00e5den&#8221; text=&#8221;Senatfastigheter har tre aff\u00e4rsomr\u00e5den: Statsr\u00e5det och kontorsfastigheter, Specialfastigheter och S\u00e4kerhetsfastigheter. I dem har samlats kunder som till sin verksamhet, sina fastigheter och sina servicebehov \u00e4r likartade. Aff\u00e4rsomr\u00e5dena ansvarar centraliserat f\u00f6r kundrelationer och \u00e4renden som g\u00e4ller den egna kundgruppens fastigheter, s\u00e5som byggprojekt, anskaffning av fastigheter, strategisk planering och markanv\u00e4ndningsfr\u00e5gor.&#8221; image=&#8221;41872&#8243;][\/vc_column][\/vc_row][vc_row][vc_column][vc_column_text remove_empty_space_above=&#8221;true&#8221;]<\/p>\n<h3>Statsr\u00e5det och kontorsfastigheter<\/h3>\n<p>Kundkretsen inom aff\u00e4rsomr\u00e5det utg\u00f6rs av statsr\u00e5dets och de olika ministeriernas lokaler, som samordnas av statsr\u00e5dets kansli, samt NTM-centralerna, arbets- och n\u00e4ringsbyr\u00e5erna, Skattef\u00f6rvaltningen, Regionf\u00f6rvaltningsverket, Lantm\u00e4teriverket, Transport- och kommunikationsverket Traficom, Trafikledsverket, Valtori, Myndigheten f\u00f6r digitalisering och befolkningsdata och Servicecentret f\u00f6r statens ekonomi- och personalf\u00f6rvaltning (Palkeet). Kunder \u00e4r dessutom i huvudsak centrala \u00e4mbetsverk som \u00e4r verksamma i huvudstadsregionen, s\u00e5som Konkurrens- och konsumentverket, Tukes och Utbildningsstyrelsen.<\/p>\n<p>En betydande del av kunderna h\u00e5ller p\u00e5 att \u00f6verg\u00e5 till statens gemensamma arbetsmilj\u00f6er, som utvecklas i n\u00e4ra samarbete med kunderna. Fastighetsbest\u00e5ndet inom aff\u00e4rsomr\u00e5det \u00e4r m\u00e5ngsidigt och omfattar kontorshus som best\u00e5r av fastigheter fr\u00e5n 1800-talet till moderna kontorslokaler. Lokalerna finns vanligen i stadsk\u00e4rnan p\u00e5 de viktigaste orterna. Den st\u00f6rsta koncentrationen av lokaler finns i Helsingfors och Vanda. En del av fastighetsbest\u00e5ndet \u00e4r kulturhistoriskt v\u00e4rdefulla skyddsobjekt.<\/p>\n<h3>Specialfastigheter<\/h3>\n<p>Branschen har en m\u00e5ngskiftande kundkrets och ett fastighetsbest\u00e5nd som betj\u00e4nar kundernas behov i deras verksamhet. Lokalerna \u00e4r anv\u00e4ndarspecifika och skr\u00e4ddarsydda f\u00f6r s\u00e4rskilda behov.<\/p>\n<p>Den centrala kundkretsen utg\u00f6rs av forskningsinstitut, n\u00e4rmast kulturinstitutioner i huvudstadsregionen, s\u00e5som Finlands Nationalopera och Nationalbalett samt Nationalgalleriet samt inom justitieministeriets f\u00f6rvaltningsomr\u00e5de Domstolsv\u00e4sendet, \u00c5klagarmyndigheten, Uts\u00f6kningsverket, R\u00e4ttstj\u00e4nstverket samt Justitieministeriets specialmyndigheter. Kunder \u00e4r dessutom Riksarkivet, statens specialskolor, skolhem och sjukhus, Museiverket och sameomr\u00e5dets kultur- och bildningsverk samt sametinget.<\/p>\n<p>Flera kunder \u00e4r verksamma i skyddade byggnader som klassificeras som v\u00e4rdefastigheter och i speciallokaler som \u00e4r avsedda f\u00f6r forskningsinstitut och vars underh\u00e5ll och utveckling kr\u00e4ver specialkompetens. Fastighetsbest\u00e5ndet omfattar ut\u00f6ver sedvanliga kontors-, lager-, inkvarterings &#8211; och utbildningslokaler \u00e4ven h\u00f6gteknologiska speciallokaler.<\/p>\n<h3>S\u00e4kerhetsfastigheter<\/h3>\n<p>Bland verksamhetsomr\u00e5dets kunder finns s\u00e4kerhetsmyndigheter och kunder vars verksamhet styrs av s\u00e4kerhetskritiska funktioner och f\u00f6r vilka s\u00e4kerheten har en central betydelse i verksamheten.<\/p>\n<p>Kundkretsen best\u00e5r av statliga akt\u00f6rer som specialiserat sig p\u00e5 s\u00e4kerhet, s\u00e5som Gr\u00e4nsbevakningsv\u00e4sendet, Tullen, Centralkriminalpolisen, Skyddspolisen, Polisstyrelsen och Polisyrkesh\u00f6gskolan samt Brottsp\u00e5f\u00f6ljdsmyndigheten, Migrationsverket, N\u00f6dcentralsverket, R\u00e4ddningsinstitutet och CMC Finland.<\/p>\n<p>Fastighetsbest\u00e5ndet \u00e4r m\u00e5ngsidigt och kunderna verkar i regel i funktionsrelaterade lokaler som \u00e4r avsedda f\u00f6r s\u00e4rskilda behov och vars underh\u00e5ll och utveckling kr\u00e4ver specialkompetens.[\/vc_column_text][\/vc_column][\/vc_row]<\/p>\n<\/div>","protected":false},"excerpt":{"rendered":"<p>[vc_row][vc_column][senaatti_hero heading=&#8221;Senatfastigheters aff\u00e4rsomr\u00e5den&#8221; text=&#8221;Senatfastigheter har tre aff\u00e4rsomr\u00e5den: Statsr\u00e5det och kontorsfastigheter, Specialfastigheter och S\u00e4kerhetsfastigheter. I dem har samlats kunder som till sin verksamhet, sina fastigheter och sina servicebehov \u00e4r likartade. Aff\u00e4rsomr\u00e5dena ansvarar centraliserat f\u00f6r kundrelationer och \u00e4renden som g\u00e4ller den egna kundgruppens fastigheter, s\u00e5som byggprojekt, anskaffning av fastigheter, strategisk planering och markanv\u00e4ndningsfr\u00e5gor.&#8221; image=&#8221;41872&#8243;][\/vc_column][\/vc_row][vc_row][vc_column][vc_column_text remove_empty_space_above=&#8221;true&#8221;] Statsr\u00e5det och [&hellip;]<\/p>\n","protected":false},"author":11,"featured_media":0,"parent":55938,"menu_order":4,"comment_status":"closed","ping_status":"closed","template":"","meta":{"_acf_changed":false,"footnotes":""},"class_list":["post-3039","page","type-page","status-publish","hentry"],"acf":[],"yoast_head":"<!-- This site is optimized with the Yoast SEO plugin v23.9 - https:\/\/yoast.com\/wordpress\/plugins\/seo\/ -->\n<title>Aff\u00e4rsomr\u00e5den - Senaatti<\/title>\n<meta name=\"description\" content=\"Senaatti-kiinteist\u00f6ill\u00e4 on kolme toimialaa, joihin on koottu toiminnaltaan ja palvelutarpeiltaan samanlaisia asiakkaita.\" \/>\n<meta name=\"robots\" content=\"noindex, follow, max-snippet:-1, max-image-preview:large, max-video-preview:-1\" \/>\n<meta property=\"og:locale\" content=\"sv_SE\" \/>\n<meta property=\"og:type\" content=\"article\" \/>\n<meta property=\"og:title\" content=\"Aff\u00e4rsomr\u00e5den - Senaatti\" \/>\n<meta property=\"og:description\" content=\"Senaatti-kiinteist\u00f6ill\u00e4 on kolme toimialaa, joihin on koottu toiminnaltaan ja palvelutarpeiltaan samanlaisia asiakkaita.\" \/>\n<meta property=\"og:url\" content=\"https:\/\/testi-e2c55b704894.senaatti.fi\/sv\/om-oss\/organisation\/affarsomraden\/\" \/>\n<meta property=\"og:site_name\" content=\"Senaatti\" \/>\n<meta property=\"article:publisher\" content=\"https:\/\/www.facebook.com\/SenaattiKiinteistot\/\" \/>\n<meta property=\"article:modified_time\" content=\"2025-01-03T08:16:12+00:00\" \/>\n<meta property=\"og:image\" content=\"https:\/\/testi-e2c55b704894.senaatti.fi\/app\/uploads\/2021\/01\/Senaatti_FB_profiili_1200x630-1024x538.png\" \/>\n\t<meta property=\"og:image:width\" content=\"1024\" \/>\n\t<meta property=\"og:image:height\" content=\"538\" \/>\n\t<meta property=\"og:image:type\" content=\"image\/png\" \/>\n<meta name=\"twitter:card\" content=\"summary_large_image\" \/>\n<meta name=\"twitter:site\" content=\"@SenaattiK\" \/>\n<meta name=\"twitter:label1\" content=\"Ber\u00e4knad l\u00e4stid\" \/>\n\t<meta name=\"twitter:data1\" content=\"3 minuter\" \/>\n<script type=\"application\/ld+json\" class=\"yoast-schema-graph\">{\"@context\":\"https:\/\/schema.org\",\"@graph\":[{\"@type\":\"WebPage\",\"@id\":\"https:\/\/testi-e2c55b704894.senaatti.fi\/sv\/om-oss\/organisation\/affarsomraden\/\",\"url\":\"https:\/\/testi-e2c55b704894.senaatti.fi\/sv\/om-oss\/organisation\/affarsomraden\/\",\"name\":\"Aff\u00e4rsomr\u00e5den - Senaatti\",\"isPartOf\":{\"@id\":\"https:\/\/www.senaatti.fi\/#website\"},\"datePublished\":\"2017-04-11T10:57:40+00:00\",\"dateModified\":\"2025-01-03T08:16:12+00:00\",\"description\":\"Senaatti-kiinteist\u00f6ill\u00e4 on kolme toimialaa, joihin on koottu toiminnaltaan ja palvelutarpeiltaan samanlaisia asiakkaita.\",\"breadcrumb\":{\"@id\":\"https:\/\/testi-e2c55b704894.senaatti.fi\/sv\/om-oss\/organisation\/affarsomraden\/#breadcrumb\"},\"inLanguage\":\"sv-SE\",\"potentialAction\":[{\"@type\":\"ReadAction\",\"target\":[\"https:\/\/testi-e2c55b704894.senaatti.fi\/sv\/om-oss\/organisation\/affarsomraden\/\"]}]},{\"@type\":\"BreadcrumbList\",\"@id\":\"https:\/\/testi-e2c55b704894.senaatti.fi\/sv\/om-oss\/organisation\/affarsomraden\/#breadcrumb\",\"itemListElement\":[{\"@type\":\"ListItem\",\"position\":1,\"name\":\"Hem\",\"item\":\"https:\/\/www.senaatti.fi\/sv\/\"},{\"@type\":\"ListItem\",\"position\":2,\"name\":\"Om oss\",\"item\":\"https:\/\/www.senaatti.fi\/sv\/om-oss\/\"},{\"@type\":\"ListItem\",\"position\":3,\"name\":\"Organisation\",\"item\":\"https:\/\/www.senaatti.fi\/sv\/om-oss\/organisation\/\"},{\"@type\":\"ListItem\",\"position\":4,\"name\":\"Aff\u00e4rsomr\u00e5den\"}]},{\"@type\":\"WebSite\",\"@id\":\"https:\/\/www.senaatti.fi\/#website\",\"url\":\"https:\/\/www.senaatti.fi\/\",\"name\":\"Senaatti\",\"description\":\"Just another WordPress site\",\"publisher\":{\"@id\":\"https:\/\/www.senaatti.fi\/#organization\"},\"potentialAction\":[{\"@type\":\"SearchAction\",\"target\":{\"@type\":\"EntryPoint\",\"urlTemplate\":\"https:\/\/www.senaatti.fi\/?s={search_term_string}\"},\"query-input\":{\"@type\":\"PropertyValueSpecification\",\"valueRequired\":true,\"valueName\":\"search_term_string\"}}],\"inLanguage\":\"sv-SE\"},{\"@type\":\"Organization\",\"@id\":\"https:\/\/www.senaatti.fi\/#organization\",\"name\":\"Senaatti-kiinteist\u00f6t\",\"url\":\"https:\/\/www.senaatti.fi\/\",\"logo\":{\"@type\":\"ImageObject\",\"inLanguage\":\"sv-SE\",\"@id\":\"https:\/\/www.senaatti.fi\/#\/schema\/logo\/image\/\",\"url\":\"https:\/\/testi-e2c55b704894.senaatti.fi\/app\/uploads\/2021\/01\/Senaatti_FB_profiili_1200x630.png\",\"contentUrl\":\"https:\/\/testi-e2c55b704894.senaatti.fi\/app\/uploads\/2021\/01\/Senaatti_FB_profiili_1200x630.png\",\"width\":1201,\"height\":631,\"caption\":\"Senaatti-kiinteist\u00f6t\"},\"image\":{\"@id\":\"https:\/\/www.senaatti.fi\/#\/schema\/logo\/image\/\"},\"sameAs\":[\"https:\/\/www.facebook.com\/SenaattiKiinteistot\/\",\"https:\/\/x.com\/SenaattiK\",\"https:\/\/www.linkedin.com\/company\/senate-properties\",\"https:\/\/www.youtube.com\/channel\/UCunSUhMjKd5KqASPgBrndkQ\"]}]}<\/script>\n<!-- \/ Yoast SEO plugin. -->","yoast_head_json":{"title":"Aff\u00e4rsomr\u00e5den - Senaatti","description":"Senaatti-kiinteist\u00f6ill\u00e4 on kolme toimialaa, joihin on koottu toiminnaltaan ja palvelutarpeiltaan samanlaisia asiakkaita.","robots":{"index":"noindex","follow":"follow","max-snippet":"max-snippet:-1","max-image-preview":"max-image-preview:large","max-video-preview":"max-video-preview:-1"},"og_locale":"sv_SE","og_type":"article","og_title":"Aff\u00e4rsomr\u00e5den - Senaatti","og_description":"Senaatti-kiinteist\u00f6ill\u00e4 on kolme toimialaa, joihin on koottu toiminnaltaan ja palvelutarpeiltaan samanlaisia asiakkaita.","og_url":"https:\/\/testi-e2c55b704894.senaatti.fi\/sv\/om-oss\/organisation\/affarsomraden\/","og_site_name":"Senaatti","article_publisher":"https:\/\/www.facebook.com\/SenaattiKiinteistot\/","article_modified_time":"2025-01-03T08:16:12+00:00","og_image":[{"width":1024,"height":538,"url":"https:\/\/testi-e2c55b704894.senaatti.fi\/app\/uploads\/2021\/01\/Senaatti_FB_profiili_1200x630-1024x538.png","type":"image\/png"}],"twitter_card":"summary_large_image","twitter_site":"@SenaattiK","twitter_misc":{"Ber\u00e4knad l\u00e4stid":"3 minuter"},"schema":{"@context":"https:\/\/schema.org","@graph":[{"@type":"WebPage","@id":"https:\/\/testi-e2c55b704894.senaatti.fi\/sv\/om-oss\/organisation\/affarsomraden\/","url":"https:\/\/testi-e2c55b704894.senaatti.fi\/sv\/om-oss\/organisation\/affarsomraden\/","name":"Aff\u00e4rsomr\u00e5den - Senaatti","isPartOf":{"@id":"https:\/\/www.senaatti.fi\/#website"},"datePublished":"2017-04-11T10:57:40+00:00","dateModified":"2025-01-03T08:16:12+00:00","description":"Senaatti-kiinteist\u00f6ill\u00e4 on kolme toimialaa, joihin on koottu toiminnaltaan ja palvelutarpeiltaan samanlaisia asiakkaita.","breadcrumb":{"@id":"https:\/\/testi-e2c55b704894.senaatti.fi\/sv\/om-oss\/organisation\/affarsomraden\/#breadcrumb"},"inLanguage":"sv-SE","potentialAction":[{"@type":"ReadAction","target":["https:\/\/testi-e2c55b704894.senaatti.fi\/sv\/om-oss\/organisation\/affarsomraden\/"]}]},{"@type":"BreadcrumbList","@id":"https:\/\/testi-e2c55b704894.senaatti.fi\/sv\/om-oss\/organisation\/affarsomraden\/#breadcrumb","itemListElement":[{"@type":"ListItem","position":1,"name":"Hem","item":"https:\/\/www.senaatti.fi\/sv\/"},{"@type":"ListItem","position":2,"name":"Om oss","item":"https:\/\/www.senaatti.fi\/sv\/om-oss\/"},{"@type":"ListItem","position":3,"name":"Organisation","item":"https:\/\/www.senaatti.fi\/sv\/om-oss\/organisation\/"},{"@type":"ListItem","position":4,"name":"Aff\u00e4rsomr\u00e5den"}]},{"@type":"WebSite","@id":"https:\/\/www.senaatti.fi\/#website","url":"https:\/\/www.senaatti.fi\/","name":"Senaatti","description":"Just another WordPress site","publisher":{"@id":"https:\/\/www.senaatti.fi\/#organization"},"potentialAction":[{"@type":"SearchAction","target":{"@type":"EntryPoint","urlTemplate":"https:\/\/www.senaatti.fi\/?s={search_term_string}"},"query-input":{"@type":"PropertyValueSpecification","valueRequired":true,"valueName":"search_term_string"}}],"inLanguage":"sv-SE"},{"@type":"Organization","@id":"https:\/\/www.senaatti.fi\/#organization","name":"Senaatti-kiinteist\u00f6t","url":"https:\/\/www.senaatti.fi\/","logo":{"@type":"ImageObject","inLanguage":"sv-SE","@id":"https:\/\/www.senaatti.fi\/#\/schema\/logo\/image\/","url":"https:\/\/testi-e2c55b704894.senaatti.fi\/app\/uploads\/2021\/01\/Senaatti_FB_profiili_1200x630.png","contentUrl":"https:\/\/testi-e2c55b704894.senaatti.fi\/app\/uploads\/2021\/01\/Senaatti_FB_profiili_1200x630.png","width":1201,"height":631,"caption":"Senaatti-kiinteist\u00f6t"},"image":{"@id":"https:\/\/www.senaatti.fi\/#\/schema\/logo\/image\/"},"sameAs":["https:\/\/www.facebook.com\/SenaattiKiinteistot\/","https:\/\/x.com\/SenaattiK","https:\/\/www.linkedin.com\/company\/senate-properties","https:\/\/www.youtube.com\/channel\/UCunSUhMjKd5KqASPgBrndkQ"]}]}},"publishpress_future_action":{"enabled":false,"date":"2026-04-20 14:04:19","action":"change-status","newStatus":"draft","terms":[],"taxonomy":"translation_priority"},"_links":{"self":[{"href":"https:\/\/testi-e2c55b704894.senaatti.fi\/sv\/wp-json\/wp\/v2\/pages\/3039","targetHints":{"allow":["GET"]}}],"collection":[{"href":"https:\/\/testi-e2c55b704894.senaatti.fi\/sv\/wp-json\/wp\/v2\/pages"}],"about":[{"href":"https:\/\/testi-e2c55b704894.senaatti.fi\/sv\/wp-json\/wp\/v2\/types\/page"}],"author":[{"embeddable":true,"href":"https:\/\/testi-e2c55b704894.senaatti.fi\/sv\/wp-json\/wp\/v2\/users\/11"}],"replies":[{"embeddable":true,"href":"https:\/\/testi-e2c55b704894.senaatti.fi\/sv\/wp-json\/wp\/v2\/comments?post=3039"}],"version-history":[{"count":11,"href":"https:\/\/testi-e2c55b704894.senaatti.fi\/sv\/wp-json\/wp\/v2\/pages\/3039\/revisions"}],"predecessor-version":[{"id":78960,"href":"https:\/\/testi-e2c55b704894.senaatti.fi\/sv\/wp-json\/wp\/v2\/pages\/3039\/revisions\/78960"}],"up":[{"embeddable":true,"href":"https:\/\/testi-e2c55b704894.senaatti.fi\/sv\/wp-json\/wp\/v2\/pages\/55938"}],"wp:attachment":[{"href":"https:\/\/testi-e2c55b704894.senaatti.fi\/sv\/wp-json\/wp\/v2\/media?parent=3039"}],"curies":[{"name":"wp","href":"https:\/\/api.w.org\/{rel}","templated":true}]}}