{"id":38080,"date":"2020-05-26T09:02:42","date_gmt":"2020-05-26T06:02:42","guid":{"rendered":"https:\/\/testi-e2c55b704894.senaatti.fi\/?page_id=38080"},"modified":"2025-01-02T14:53:09","modified_gmt":"2025-01-02T12:53:09","slug":"tyoymparistot-2-2","status":"publish","type":"page","link":"https:\/\/testi-e2c55b704894.senaatti.fi\/sv\/","title":{"rendered":"Framsida"},"content":{"rendered":"<div class=\"wpb-content-wrapper\"><p>[vc_row][vc_column][senaatti_homehero image_position_horizontal=&#8221;right&#8221; image_position_vertical=&#8221;bottom&#8221; text_color=&#8221;text-body&#8221; smaller_hero=&#8221;true&#8221; heading=&#8221;Rum f\u00f6r en trygg och fungerande morgondag&#8221; btn_label=&#8221;Lue lis\u00e4\u00e4&#8221; btn_url=&#8221;https:\/\/#&#8221; text=&#8221;Senatfastigheter \u00e4r statsf\u00f6rvaltningens fastighetsexpert och arbetsmilj\u00f6partner. Tillsammans med v\u00e5ra kunder skapar vi arbetsmilj\u00f6er som beaktar s\u00e4rdragen i deras verksamhet och ansvarar f\u00f6r underh\u00e5llet av dem.<\/p>\n<p>Vi arbetar f\u00f6r Finland.&#8221; image=&#8221;59619&#8243;][\/vc_column][\/vc_row][vc_row][vc_column][senaatti_quick_link_with_icons quicklinks=&#8221;%5B%7B%22quicklink_title%22%3A%22E-tj%C3%A4nst%22%2C%22link%22%3A%22url%3Ahttps%253A%252F%252Fasiointi-testi-e2c55b704894.senaatti.fi%252Fsv%252F%7Ctitle%3AE-tj%25C3%25A4nst%22%2C%22dropdown_icons%22%3A%22https%3A%2F%2Ftesti-e2c55b704894.senaatti.fi%2Fapp%2Fthemes%2Fsenaatti-konserniuudistus%2Fdist%2Fimages%2Fdropdown-icons%2FEtapalaveri_ikoni_outline_sin.png%3Fver%3D1713879236%22%7D%2C%7B%22quicklink_title%22%3A%22Lokall%C3%B6sningar%20och%20lokaltj%C3%A4nster%22%2C%22link%22%3A%22url%3Ahttps%253A%252F%252Ftesti-e2c55b704894.senaatti.fi%252Fsv%252Flokallosningar-och-lokaltjanster%252F%7Ctitle%3ALokall%25C3%25B6sningar%2520och%2520lokaltj%25C3%25A4nster%22%2C%22dropdown_icons%22%3A%22https%3A%2F%2Ftesti-e2c55b704894.senaatti.fi%2Fapp%2Fthemes%2Fsenaatti-konserniuudistus%2Fdist%2Fimages%2Fdropdown-icons%2FTyoymparisto_ikoni_outline_sin.svg%3Fver%3D1713879237%22%7D%2C%7B%22quicklink_title%22%3A%22Statens%20fastigheter%22%2C%22link%22%3A%22url%3Ahttps%253A%252F%252Ftesti-e2c55b704894.senaatti.fi%252Fsv%252Fstatens-fastigheter%252F%7Ctitle%3AStatens%2520fastigheter%22%2C%22dropdown_icons%22%3A%22https%3A%2F%2Ftesti-e2c55b704894.senaatti.fi%2Fapp%2Fthemes%2Fsenaatti-konserniuudistus%2Fdist%2Fimages%2Fdropdown-icons%2FRakennus_toimisto_ikoni_outline_sin.png%3Fver%3D1713879237%22%7D%2C%7B%22quicklink_title%22%3A%22Byggherreverksamhet%22%2C%22link%22%3A%22url%3Ahttps%253A%252F%252Ftesti-e2c55b704894.senaatti.fi%252Fsv%252Fstatens-fastigheter%252Fbyggherreverksamhet%252F%7Ctitle%3AByggherreverksamhet%22%2C%22dropdown_icons%22%3A%22https%3A%2F%2Ftesti-e2c55b704894.senaatti.fi%2Fapp%2Fthemes%2Fsenaatti-konserniuudistus%2Fdist%2Fimages%2Fdropdown-icons%2FRakentaminen_ikoni_outline_sin.png%3Fver%3D1713879237%22%7D%2C%7B%22quicklink_title%22%3A%22Jobba%20p%C3%A5%20Senatfastigheter%22%2C%22link%22%3A%22url%3Ahttps%253A%252F%252Ftesti-e2c55b704894.senaatti.fi%252Fsv%252Fjobba-pa-senatfastigheter%252F%7Ctitle%3AJobba%2520p%25C3%25A5%2520Senatfastigheter%22%2C%22dropdown_icons%22%3A%22https%3A%2F%2Ftesti-e2c55b704894.senaatti.fi%2Fapp%2Fthemes%2Fsenaatti-konserniuudistus%2Fdist%2Fimages%2Fdropdown-icons%2FUusi_tyontekija_ikoni_outline_sin.svg%3Fver%3D1713879237%22%7D%2C%7B%22quicklink_title%22%3A%22Om%20oss%22%2C%22link%22%3A%22url%3Ahttps%253A%252F%252Ftesti-e2c55b704894.senaatti.fi%252Fsv%252Fom-oss%252F%7Ctitle%3AOm%2520oss%22%2C%22dropdown_icons%22%3A%22https%3A%2F%2Ftesti-e2c55b704894.senaatti.fi%2Fapp%2Fthemes%2Fsenaatti-konserniuudistus%2Fdist%2Fimages%2Fdropdown-icons%2FHeilutus_ikoni_outline_sin.png%3Fver%3D1713879236%22%7D%2C%7B%22quicklink_title%22%3A%22Aktuellt%22%2C%22link%22%3A%22url%3Ahttps%253A%252F%252Ftesti-e2c55b704894.senaatti.fi%252Fsv%252Faktuellt%252F%7Ctitle%3AAktuellt%22%2C%22dropdown_icons%22%3A%22https%3A%2F%2Ftesti-e2c55b704894.senaatti.fi%2Fapp%2Fthemes%2Fsenaatti-konserniuudistus%2Fdist%2Fimages%2Fdropdown-icons%2FRaportointi_ikoni_outline_sin.png%3Fver%3D1713879237%22%7D%2C%7B%22quicklink_title%22%3A%22Kontakt%22%2C%22link%22%3A%22url%3Ahttps%253A%252F%252Ftesti-e2c55b704894.senaatti.fi%252Fsv%252Fkontakt%252F%7Ctitle%3AKontakt%22%2C%22dropdown_icons%22%3A%22https%3A%2F%2Ftesti-e2c55b704894.senaatti.fi%2Fapp%2Fthemes%2Fsenaatti-konserniuudistus%2Fdist%2Fimages%2Fdropdown-icons%2FKeskustelu_ikoni_outline_sin.png%3Fver%3D1713879236%22%7D%5D&#8221; title=&#8221;Hur kan vi hj\u00e4lp?&#8221;][\/vc_column][\/vc_row][vc_row][vc_column][senaatti_feature align=&#8221;right&#8221; background_color=&#8221;bg-white&#8221; heading=&#8221;Jobba p\u00e5 Senatfastigheter&#8221; text=&#8221;Vi \u00e4r den st\u00f6rsta och mest m\u00e5ngsidiga fastighets\u00e4garen i Finland. Vi skapar utrymme f\u00f6r framg\u00e5ng. Detta \u00e4r den b\u00e4sta utsiktspunkten f\u00f6r branschens utveckling som man kan t\u00e4nka sig.&#8221; image=&#8221;38226&#8243; btn=&#8221;url:https%3A%2F%2Ftesti-e2c55b704894.senaatti.fi%2Fsv%2Fjobba-pa-senatfastigheter%2F|title:L%C3%A4s%20mer&#8221;][\/senaatti_feature][\/vc_column][\/vc_row][vc_row][vc_column width=&#8221;1\/2&#8243;][senaatti_feature_small heading=&#8221;Inomhusf\u00f6rh\u00e5llanden&#8221; text=&#8221;Vi vill se till att alla som vid \u00e4mbetsverk, anstalter, kaserner och kontor arbetar f\u00f6r v\u00e4lf\u00e4rd, ordning och s\u00e4kerhet i Finland har de b\u00e4sta f\u00f6ruts\u00e4ttningarna att lyckas i sitt arbete. En h\u00e4lsosam arbetsmilj\u00f6 \u00e4r ett livsvillkor f\u00f6r allas v\u00e4lbefinnande.&#8221; image=&#8221;48507&#8243; btn=&#8221;url:https%3A%2F%2Ftesti-e2c55b704894.senaatti.fi%2Fsv%2Fom-oss%2Finomhusforhallanden%2F|title:L%C3%A4s%20mer&#8221;][\/vc_column][vc_column width=&#8221;1\/2&#8243;][senaatti_feature_small heading=&#8221;Organisation&#8221; text=&#8221;Senatkoncernen best\u00e5r av Senatfastigheter och dess dotteraff\u00e4rsverk F\u00f6rsvarsfastigheter. Till koncernen h\u00f6r dessutom Senatstationfastigheter Ab.&#8221; image=&#8221;42261&#8243; btn=&#8221;url:https%3A%2F%2Ftesti-e2c55b704894.senaatti.fi%2Fsv%2Fom-oss%2Forganisation%2F|title:L%C3%A4s%20mer&#8221;][\/vc_column][\/vc_row][vc_row][vc_column][senaatti_liftcards_carousel automatic1=&#8221;true&#8221; post_type=&#8221;post&#8221; post_type2=&#8221;senaatti_article&#8221; heading=&#8221;Senaste nyheter och artiklar&#8221; allcta=&#8221;url:https%3A%2F%2Ftesti-e2c55b704894.senaatti.fi%2Fsv%2Faktuellt%2F|title:Se%20mer&#8221; count=&#8221;9&#8243;][\/vc_column][\/vc_row]<\/p>\n<\/div>","protected":false},"excerpt":{"rendered":"<p>[vc_row][vc_column][senaatti_homehero image_position_horizontal=&#8221;right&#8221; image_position_vertical=&#8221;bottom&#8221; text_color=&#8221;text-body&#8221; smaller_hero=&#8221;true&#8221; heading=&#8221;Rum f\u00f6r en trygg och fungerande morgondag&#8221; btn_label=&#8221;Lue lis\u00e4\u00e4&#8221; btn_url=&#8221;https:\/\/#&#8221; text=&#8221;Senatfastigheter \u00e4r statsf\u00f6rvaltningens fastighetsexpert och arbetsmilj\u00f6partner. Tillsammans med v\u00e5ra kunder skapar vi arbetsmilj\u00f6er som beaktar s\u00e4rdragen i deras verksamhet och ansvarar f\u00f6r underh\u00e5llet av dem. Vi arbetar f\u00f6r Finland.&#8221; image=&#8221;59619&#8243;][\/vc_column][\/vc_row][vc_row][vc_column][senaatti_quick_link_with_icons quicklinks=&#8221;%5B%7B%22quicklink_title%22%3A%22E-tj%C3%A4nst%22%2C%22link%22%3A%22url%3Ahttps%253A%252F%252Fasiointi-testi-e2c55b704894.senaatti.fi%252Fsv%252F%7Ctitle%3AE-tj%25C3%25A4nst%22%2C%22dropdown_icons%22%3A%22https%3A%2F%2Ftesti-e2c55b704894.senaatti.fi%2Fapp%2Fthemes%2Fsenaatti-konserniuudistus%2Fdist%2Fimages%2Fdropdown-icons%2FEtapalaveri_ikoni_outline_sin.png%3Fver%3D1713879236%22%7D%2C%7B%22quicklink_title%22%3A%22Lokall%C3%B6sningar%20och%20lokaltj%C3%A4nster%22%2C%22link%22%3A%22url%3Ahttps%253A%252F%252Ftesti-e2c55b704894.senaatti.fi%252Fsv%252Flokallosningar-och-lokaltjanster%252F%7Ctitle%3ALokall%25C3%25B6sningar%2520och%2520lokaltj%25C3%25A4nster%22%2C%22dropdown_icons%22%3A%22https%3A%2F%2Ftesti-e2c55b704894.senaatti.fi%2Fapp%2Fthemes%2Fsenaatti-konserniuudistus%2Fdist%2Fimages%2Fdropdown-icons%2FTyoymparisto_ikoni_outline_sin.svg%3Fver%3D1713879237%22%7D%2C%7B%22quicklink_title%22%3A%22Statens%20fastigheter%22%2C%22link%22%3A%22url%3Ahttps%253A%252F%252Ftesti-e2c55b704894.senaatti.fi%252Fsv%252Fstatens-fastigheter%252F%7Ctitle%3AStatens%2520fastigheter%22%2C%22dropdown_icons%22%3A%22https%3A%2F%2Ftesti-e2c55b704894.senaatti.fi%2Fapp%2Fthemes%2Fsenaatti-konserniuudistus%2Fdist%2Fimages%2Fdropdown-icons%2FRakennus_toimisto_ikoni_outline_sin.png%3Fver%3D1713879237%22%7D%2C%7B%22quicklink_title%22%3A%22Byggherreverksamhet%22%2C%22link%22%3A%22url%3Ahttps%253A%252F%252Ftesti-e2c55b704894.senaatti.fi%252Fsv%252Fstatens-fastigheter%252Fbyggherreverksamhet%252F%7Ctitle%3AByggherreverksamhet%22%2C%22dropdown_icons%22%3A%22https%3A%2F%2Ftesti-e2c55b704894.senaatti.fi%2Fapp%2Fthemes%2Fsenaatti-konserniuudistus%2Fdist%2Fimages%2Fdropdown-icons%2FRakentaminen_ikoni_outline_sin.png%3Fver%3D1713879237%22%7D%2C%7B%22quicklink_title%22%3A%22Jobba%20p%C3%A5%20Senatfastigheter%22%2C%22link%22%3A%22url%3Ahttps%253A%252F%252Ftesti-e2c55b704894.senaatti.fi%252Fsv%252Fjobba-pa-senatfastigheter%252F%7Ctitle%3AJobba%2520p%25C3%25A5%2520Senatfastigheter%22%2C%22dropdown_icons%22%3A%22https%3A%2F%2Ftesti-e2c55b704894.senaatti.fi%2Fapp%2Fthemes%2Fsenaatti-konserniuudistus%2Fdist%2Fimages%2Fdropdown-icons%2FUusi_tyontekija_ikoni_outline_sin.svg%3Fver%3D1713879237%22%7D%2C%7B%22quicklink_title%22%3A%22Om%20oss%22%2C%22link%22%3A%22url%3Ahttps%253A%252F%252Ftesti-e2c55b704894.senaatti.fi%252Fsv%252Fom-oss%252F%7Ctitle%3AOm%2520oss%22%2C%22dropdown_icons%22%3A%22https%3A%2F%2Ftesti-e2c55b704894.senaatti.fi%2Fapp%2Fthemes%2Fsenaatti-konserniuudistus%2Fdist%2Fimages%2Fdropdown-icons%2FHeilutus_ikoni_outline_sin.png%3Fver%3D1713879236%22%7D%2C%7B%22quicklink_title%22%3A%22Aktuellt%22%2C%22link%22%3A%22url%3Ahttps%253A%252F%252Ftesti-e2c55b704894.senaatti.fi%252Fsv%252Faktuellt%252F%7Ctitle%3AAktuellt%22%2C%22dropdown_icons%22%3A%22https%3A%2F%2Ftesti-e2c55b704894.senaatti.fi%2Fapp%2Fthemes%2Fsenaatti-konserniuudistus%2Fdist%2Fimages%2Fdropdown-icons%2FRaportointi_ikoni_outline_sin.png%3Fver%3D1713879237%22%7D%2C%7B%22quicklink_title%22%3A%22Kontakt%22%2C%22link%22%3A%22url%3Ahttps%253A%252F%252Ftesti-e2c55b704894.senaatti.fi%252Fsv%252Fkontakt%252F%7Ctitle%3AKontakt%22%2C%22dropdown_icons%22%3A%22https%3A%2F%2Ftesti-e2c55b704894.senaatti.fi%2Fapp%2Fthemes%2Fsenaatti-konserniuudistus%2Fdist%2Fimages%2Fdropdown-icons%2FKeskustelu_ikoni_outline_sin.png%3Fver%3D1713879236%22%7D%5D&#8221; title=&#8221;Hur kan vi hj\u00e4lp?&#8221;][\/vc_column][\/vc_row][vc_row][vc_column][senaatti_feature align=&#8221;right&#8221; background_color=&#8221;bg-white&#8221; heading=&#8221;Jobba p\u00e5 Senatfastigheter&#8221; [&hellip;]<\/p>\n","protected":false},"author":11,"featured_media":0,"parent":0,"menu_order":31,"comment_status":"closed","ping_status":"closed","template":"","meta":{"_acf_changed":false,"footnotes":""},"class_list":["post-38080","page","type-page","status-publish","hentry"],"acf":[],"yoast_head":"<!-- This site is optimized with the Yoast SEO plugin v23.9 - https:\/\/yoast.com\/wordpress\/plugins\/seo\/ -->\n<title>Senatfastigheter<\/title>\n<meta name=\"description\" content=\"Senatfastigheter \u00e4r statsf\u00f6rvaltningens arbetsmilj\u00f6partner. Tillsammans med v\u00e5ra kunder skapar vi arbetsmilj\u00f6er som beaktar s\u00e4rdragen i deras verksamhet.\" \/>\n<meta name=\"robots\" content=\"noindex, follow, max-snippet:-1, max-image-preview:large, max-video-preview:-1\" \/>\n<meta property=\"og:locale\" content=\"sv_SE\" \/>\n<meta property=\"og:type\" content=\"article\" \/>\n<meta property=\"og:title\" content=\"Senatfastigheter\" \/>\n<meta property=\"og:description\" content=\"Senatfastigheter \u00e4r statsf\u00f6rvaltningens arbetsmilj\u00f6partner. Tillsammans med v\u00e5ra kunder skapar vi arbetsmilj\u00f6er som beaktar s\u00e4rdragen i deras verksamhet.\" \/>\n<meta property=\"og:url\" content=\"https:\/\/testi-e2c55b704894.senaatti.fi\/sv\/\" \/>\n<meta property=\"og:site_name\" content=\"Senaatti\" \/>\n<meta property=\"article:publisher\" content=\"https:\/\/www.facebook.com\/SenaattiKiinteistot\/\" \/>\n<meta property=\"article:modified_time\" content=\"2025-01-02T12:53:09+00:00\" \/>\n<meta property=\"og:image\" content=\"https:\/\/testi-e2c55b704894.senaatti.fi\/app\/uploads\/2021\/01\/Senaatti_FB_profiili_1200x630-1024x538.png\" \/>\n\t<meta property=\"og:image:width\" content=\"1024\" \/>\n\t<meta property=\"og:image:height\" content=\"538\" \/>\n\t<meta property=\"og:image:type\" content=\"image\/png\" \/>\n<meta name=\"twitter:card\" content=\"summary_large_image\" \/>\n<meta name=\"twitter:site\" content=\"@SenaattiK\" \/>\n<meta name=\"twitter:label1\" content=\"Ber\u00e4knad l\u00e4stid\" \/>\n\t<meta name=\"twitter:data1\" content=\"2 minuter\" \/>\n<script type=\"application\/ld+json\" class=\"yoast-schema-graph\">{\"@context\":\"https:\/\/schema.org\",\"@graph\":[{\"@type\":\"WebPage\",\"@id\":\"https:\/\/testi-e2c55b704894.senaatti.fi\/sv\/\",\"url\":\"https:\/\/testi-e2c55b704894.senaatti.fi\/sv\/\",\"name\":\"Senatfastigheter\",\"isPartOf\":{\"@id\":\"https:\/\/www.senaatti.fi\/#website\"},\"datePublished\":\"2020-05-26T06:02:42+00:00\",\"dateModified\":\"2025-01-02T12:53:09+00:00\",\"description\":\"Senatfastigheter \u00e4r statsf\u00f6rvaltningens arbetsmilj\u00f6partner. Tillsammans med v\u00e5ra kunder skapar vi arbetsmilj\u00f6er som beaktar s\u00e4rdragen i deras verksamhet.\",\"breadcrumb\":{\"@id\":\"https:\/\/testi-e2c55b704894.senaatti.fi\/sv\/#breadcrumb\"},\"inLanguage\":\"sv-SE\",\"potentialAction\":[{\"@type\":\"ReadAction\",\"target\":[\"https:\/\/testi-e2c55b704894.senaatti.fi\/sv\/\"]}]},{\"@type\":\"BreadcrumbList\",\"@id\":\"https:\/\/testi-e2c55b704894.senaatti.fi\/sv\/#breadcrumb\",\"itemListElement\":[{\"@type\":\"ListItem\",\"position\":1,\"name\":\"Hem\",\"item\":\"https:\/\/www.senaatti.fi\/sv\/\"},{\"@type\":\"ListItem\",\"position\":2,\"name\":\"Framsida\"}]},{\"@type\":\"WebSite\",\"@id\":\"https:\/\/www.senaatti.fi\/#website\",\"url\":\"https:\/\/www.senaatti.fi\/\",\"name\":\"Senaatti\",\"description\":\"Just another WordPress site\",\"publisher\":{\"@id\":\"https:\/\/www.senaatti.fi\/#organization\"},\"potentialAction\":[{\"@type\":\"SearchAction\",\"target\":{\"@type\":\"EntryPoint\",\"urlTemplate\":\"https:\/\/www.senaatti.fi\/?s={search_term_string}\"},\"query-input\":{\"@type\":\"PropertyValueSpecification\",\"valueRequired\":true,\"valueName\":\"search_term_string\"}}],\"inLanguage\":\"sv-SE\"},{\"@type\":\"Organization\",\"@id\":\"https:\/\/www.senaatti.fi\/#organization\",\"name\":\"Senaatti-kiinteist\u00f6t\",\"url\":\"https:\/\/www.senaatti.fi\/\",\"logo\":{\"@type\":\"ImageObject\",\"inLanguage\":\"sv-SE\",\"@id\":\"https:\/\/www.senaatti.fi\/#\/schema\/logo\/image\/\",\"url\":\"https:\/\/testi-e2c55b704894.senaatti.fi\/app\/uploads\/2021\/01\/Senaatti_FB_profiili_1200x630.png\",\"contentUrl\":\"https:\/\/testi-e2c55b704894.senaatti.fi\/app\/uploads\/2021\/01\/Senaatti_FB_profiili_1200x630.png\",\"width\":1201,\"height\":631,\"caption\":\"Senaatti-kiinteist\u00f6t\"},\"image\":{\"@id\":\"https:\/\/www.senaatti.fi\/#\/schema\/logo\/image\/\"},\"sameAs\":[\"https:\/\/www.facebook.com\/SenaattiKiinteistot\/\",\"https:\/\/x.com\/SenaattiK\",\"https:\/\/www.linkedin.com\/company\/senate-properties\",\"https:\/\/www.youtube.com\/channel\/UCunSUhMjKd5KqASPgBrndkQ\"]}]}<\/script>\n<!-- \/ Yoast SEO plugin. -->","yoast_head_json":{"title":"Senatfastigheter","description":"Senatfastigheter \u00e4r statsf\u00f6rvaltningens arbetsmilj\u00f6partner. Tillsammans med v\u00e5ra kunder skapar vi arbetsmilj\u00f6er som beaktar s\u00e4rdragen i deras verksamhet.","robots":{"index":"noindex","follow":"follow","max-snippet":"max-snippet:-1","max-image-preview":"max-image-preview:large","max-video-preview":"max-video-preview:-1"},"og_locale":"sv_SE","og_type":"article","og_title":"Senatfastigheter","og_description":"Senatfastigheter \u00e4r statsf\u00f6rvaltningens arbetsmilj\u00f6partner. Tillsammans med v\u00e5ra kunder skapar vi arbetsmilj\u00f6er som beaktar s\u00e4rdragen i deras verksamhet.","og_url":"https:\/\/testi-e2c55b704894.senaatti.fi\/sv\/","og_site_name":"Senaatti","article_publisher":"https:\/\/www.facebook.com\/SenaattiKiinteistot\/","article_modified_time":"2025-01-02T12:53:09+00:00","og_image":[{"width":1024,"height":538,"url":"https:\/\/testi-e2c55b704894.senaatti.fi\/app\/uploads\/2021\/01\/Senaatti_FB_profiili_1200x630-1024x538.png","type":"image\/png"}],"twitter_card":"summary_large_image","twitter_site":"@SenaattiK","twitter_misc":{"Ber\u00e4knad l\u00e4stid":"2 minuter"},"schema":{"@context":"https:\/\/schema.org","@graph":[{"@type":"WebPage","@id":"https:\/\/testi-e2c55b704894.senaatti.fi\/sv\/","url":"https:\/\/testi-e2c55b704894.senaatti.fi\/sv\/","name":"Senatfastigheter","isPartOf":{"@id":"https:\/\/www.senaatti.fi\/#website"},"datePublished":"2020-05-26T06:02:42+00:00","dateModified":"2025-01-02T12:53:09+00:00","description":"Senatfastigheter \u00e4r statsf\u00f6rvaltningens arbetsmilj\u00f6partner. Tillsammans med v\u00e5ra kunder skapar vi arbetsmilj\u00f6er som beaktar s\u00e4rdragen i deras verksamhet.","breadcrumb":{"@id":"https:\/\/testi-e2c55b704894.senaatti.fi\/sv\/#breadcrumb"},"inLanguage":"sv-SE","potentialAction":[{"@type":"ReadAction","target":["https:\/\/testi-e2c55b704894.senaatti.fi\/sv\/"]}]},{"@type":"BreadcrumbList","@id":"https:\/\/testi-e2c55b704894.senaatti.fi\/sv\/#breadcrumb","itemListElement":[{"@type":"ListItem","position":1,"name":"Hem","item":"https:\/\/www.senaatti.fi\/sv\/"},{"@type":"ListItem","position":2,"name":"Framsida"}]},{"@type":"WebSite","@id":"https:\/\/www.senaatti.fi\/#website","url":"https:\/\/www.senaatti.fi\/","name":"Senaatti","description":"Just another WordPress site","publisher":{"@id":"https:\/\/www.senaatti.fi\/#organization"},"potentialAction":[{"@type":"SearchAction","target":{"@type":"EntryPoint","urlTemplate":"https:\/\/www.senaatti.fi\/?s={search_term_string}"},"query-input":{"@type":"PropertyValueSpecification","valueRequired":true,"valueName":"search_term_string"}}],"inLanguage":"sv-SE"},{"@type":"Organization","@id":"https:\/\/www.senaatti.fi\/#organization","name":"Senaatti-kiinteist\u00f6t","url":"https:\/\/www.senaatti.fi\/","logo":{"@type":"ImageObject","inLanguage":"sv-SE","@id":"https:\/\/www.senaatti.fi\/#\/schema\/logo\/image\/","url":"https:\/\/testi-e2c55b704894.senaatti.fi\/app\/uploads\/2021\/01\/Senaatti_FB_profiili_1200x630.png","contentUrl":"https:\/\/testi-e2c55b704894.senaatti.fi\/app\/uploads\/2021\/01\/Senaatti_FB_profiili_1200x630.png","width":1201,"height":631,"caption":"Senaatti-kiinteist\u00f6t"},"image":{"@id":"https:\/\/www.senaatti.fi\/#\/schema\/logo\/image\/"},"sameAs":["https:\/\/www.facebook.com\/SenaattiKiinteistot\/","https:\/\/x.com\/SenaattiK","https:\/\/www.linkedin.com\/company\/senate-properties","https:\/\/www.youtube.com\/channel\/UCunSUhMjKd5KqASPgBrndkQ"]}]}},"publishpress_future_action":{"enabled":false,"date":"2026-04-17 18:27:24","action":"change-status","newStatus":"draft","terms":[],"taxonomy":"translation_priority"},"_links":{"self":[{"href":"https:\/\/testi-e2c55b704894.senaatti.fi\/sv\/wp-json\/wp\/v2\/pages\/38080","targetHints":{"allow":["GET"]}}],"collection":[{"href":"https:\/\/testi-e2c55b704894.senaatti.fi\/sv\/wp-json\/wp\/v2\/pages"}],"about":[{"href":"https:\/\/testi-e2c55b704894.senaatti.fi\/sv\/wp-json\/wp\/v2\/types\/page"}],"author":[{"embeddable":true,"href":"https:\/\/testi-e2c55b704894.senaatti.fi\/sv\/wp-json\/wp\/v2\/users\/11"}],"replies":[{"embeddable":true,"href":"https:\/\/testi-e2c55b704894.senaatti.fi\/sv\/wp-json\/wp\/v2\/comments?post=38080"}],"version-history":[{"count":11,"href":"https:\/\/testi-e2c55b704894.senaatti.fi\/sv\/wp-json\/wp\/v2\/pages\/38080\/revisions"}],"predecessor-version":[{"id":78954,"href":"https:\/\/testi-e2c55b704894.senaatti.fi\/sv\/wp-json\/wp\/v2\/pages\/38080\/revisions\/78954"}],"wp:attachment":[{"href":"https:\/\/testi-e2c55b704894.senaatti.fi\/sv\/wp-json\/wp\/v2\/media?parent=38080"}],"curies":[{"name":"wp","href":"https:\/\/api.w.org\/{rel}","templated":true}]}}