{"id":38279,"date":"2017-03-17T06:37:20","date_gmt":"2017-03-17T04:37:20","guid":{"rendered":"https:\/\/testi-e2c55b704894.senaatti.fi\/?page_id=38279"},"modified":"2025-01-09T09:04:19","modified_gmt":"2025-01-09T07:04:19","slug":"jobba-pa-senatfastigheter","status":"publish","type":"page","link":"https:\/\/testi-e2c55b704894.senaatti.fi\/sv\/jobba-pa-senatfastigheter\/","title":{"rendered":"Jobba p\u00e5 Senatfastigheter"},"content":{"rendered":"<div class=\"wpb-content-wrapper\"><p>[vc_row][vc_column][senaatti_hero heading=&#8221;Bli en del av Senatfastigheters inspirerande arbetsgemenskap&#8221; text=&#8221;Vi \u00e4r den st\u00f6rsta och mest m\u00e5ngsidiga fastighets\u00e4garen i Finland. Vi skapar utrymme f\u00f6r framg\u00e5ng. Detta \u00e4r den b\u00e4sta utsiktspunkten f\u00f6r branschens utveckling som man kan t\u00e4nka sig.&#8221; image=&#8221;38226&#8243;][\/vc_column][\/vc_row][vc_row][vc_column][vc_column_text]<\/p>\n<h2>V\u00e5ra urvalsprocesser<\/h2>\n<p>Vi informerar om lediga jobb p\u00e5 v\u00e5r webbplats, via elektroniska s\u00f6kkanaler eller i tidningar. Efter att vi har tagit emot ans\u00f6kningarna ing\u00e5r i v\u00e5r urvalsprocess videointervjuer, intervjuer ansikte mot ansikte och l\u00e4mplighetsbed\u00f6mningar som den s\u00f6kande f\u00e5r respons p\u00e5. Alla som deltar i ans\u00f6kningsprocessen meddelas personligen per e-post eller telefon. Med s\u00f6kandens samtycke g\u00f6r vi en s\u00e4kerhetsutredning innan anst\u00e4llningen b\u00f6rjar.<\/p>\n<p>De senaste jobbm\u00f6jligheterna hittar du p\u00e5 den <a href=\"https:\/\/testi-e2c55b704894.senaatti.fi\/tyonhakijoille\/\">finskspr\u00e5kiga<\/a> sidan.[\/vc_column_text][\/vc_column][\/vc_row][vc_row][vc_column][senaatti_feature align=&#8221;right&#8221; background_color=&#8221;senaatti-lighter-blue&#8221; heading=&#8221;Senatfastigheter som arbetsgivare&#8221; image=&#8221;56362&#8243; text=&#8221;Vi str\u00e4var p\u00e5 m\u00e5nga olika s\u00e4tt efter att s\u00e4kerst\u00e4lla att v\u00e5ra anst\u00e4llda har f\u00f6ruts\u00e4ttningar att lyckas i sitt arbete. Vi satsar konsekvent p\u00e5 att utveckla v\u00e5ra anst\u00e4lldas yrkesskicklighet och kompetens.&#8221; btn=&#8221;url:https%3A%2F%2Ftesti-e2c55b704894.senaatti.fi%2Fsv%2Fjobba-pa-senatfastigheter%2Fansvarsfull-arbetsgivare%2F|title:Ansvarsfull%20arbetsgivare&#8221;][\/senaatti_feature][\/vc_column][\/vc_row][vc_row][vc_column width=&#8221;1\/2&#8243;][senaatti_feature_small heading=&#8221;Typiska uppgifter hos Senatfastigheter&#8221; text=&#8221;Som anst\u00e4lld vid Senatfastigheter blir du en del av en engagerad och entusiastisk arbetsgemenskap. Typiska uppgifter hos oss \u00e4r att uppr\u00e4tth\u00e5lla och utveckla kundrelationer, utveckla arbetsmilj\u00f6koncept och fungera som konsult inom f\u00f6r\u00e4ndringsledarskap, planera och genomf\u00f6ra byggprojekt, administrera fastigheter, k\u00f6pa och hyra fastigheter, utveckla och s\u00e4lja fastigheter.<\/p>\n<p>Dessutom har vi olika sakkunniguppgifter vid enheter som st\u00f6der aff\u00e4rsverksamheten, s\u00e5som inom ekonomi, personaladministration, marknadsf\u00f6ring och kommunikation samt vid enheten f\u00f6r strategi, utveckling och kvalitet.&#8221; btn=&#8221;url:https%3A%2F%2Ftesti-e2c55b704894.senaatti.fi%2Fsv%2Fom-oss%2Forganisation%2Fexperter%2F|title:L%C3%A4s%20mer%20om%20v%C3%A5ra%20experter&#8221; image=&#8221;51027&#8243;][\/vc_column][vc_column width=&#8221;1\/2&#8243;][senaatti_feature_small heading=&#8221;Typiska uppgifter i F\u00f6rsvarsfastigheter&#8221; text=&#8221;F\u00f6rsvarsfastigheter erbjuder arbete inom olika uppgifter som st\u00f6der f\u00f6rsvaret. Vi \u00e4r en sakkunnigorganisation inom f\u00f6rsvarsf\u00f6rvaltningens fastighets- och milj\u00f6omr\u00e5de.<\/p>\n<p>Vi erbjuder arbetsuppgifter p\u00e5 olika niv\u00e5er inom flera branscher, som fastighetstj\u00e4nster, st\u00e4dtj\u00e4nster, tekniska tj\u00e4nster, energitj\u00e4nster, byggnadstj\u00e4nster och milj\u00f6tj\u00e4nster.&#8221; btn=&#8221;url:https%3A%2F%2Ftesti-e2c55b704894.senaatti.fi%2Fsv%2Fforsvarsfastigheter%2Fjobba-pa-forsvarsfastigheter%2F|title:Jobba%20p%C3%A5%20F%C3%B6rsvarsfastiheter|target:_blank&#8221; image=&#8221;70148&#8243;][\/vc_column][\/vc_row]<\/p>\n<\/div>","protected":false},"excerpt":{"rendered":"<p>[vc_row][vc_column][senaatti_hero heading=&#8221;Bli en del av Senatfastigheters inspirerande arbetsgemenskap&#8221; text=&#8221;Vi \u00e4r den st\u00f6rsta och mest m\u00e5ngsidiga fastighets\u00e4garen i Finland. Vi skapar utrymme f\u00f6r framg\u00e5ng. Detta \u00e4r den b\u00e4sta utsiktspunkten f\u00f6r branschens utveckling som man kan t\u00e4nka sig.&#8221; image=&#8221;38226&#8243;][\/vc_column][\/vc_row][vc_row][vc_column][vc_column_text] V\u00e5ra urvalsprocesser Vi informerar om lediga jobb p\u00e5 v\u00e5r webbplats, via elektroniska s\u00f6kkanaler eller i tidningar. Efter att [&hellip;]<\/p>\n","protected":false},"author":16,"featured_media":0,"parent":0,"menu_order":0,"comment_status":"closed","ping_status":"closed","template":"","meta":{"_acf_changed":false,"footnotes":""},"class_list":["post-38279","page","type-page","status-publish","hentry"],"acf":[],"yoast_head":"<!-- This site is optimized with the Yoast SEO plugin v23.9 - https:\/\/yoast.com\/wordpress\/plugins\/seo\/ -->\n<title>Jobba p\u00e5 Senatfastigheter - Senaatti<\/title>\n<meta name=\"description\" content=\"Rekrytoimme jatkuvasti parhaita osaajia joukkoomme. Mik\u00e4li avoimista ty\u00f6paikoista ei juuri nyt l\u00f6ydy etsim\u00e4\u00e4si, sinun kannattaa j\u00e4tt\u00e4\u00e4 avoin hakemus.\" \/>\n<meta name=\"robots\" content=\"noindex, follow, max-snippet:-1, max-image-preview:large, max-video-preview:-1\" \/>\n<meta property=\"og:locale\" content=\"sv_SE\" \/>\n<meta property=\"og:type\" content=\"article\" \/>\n<meta property=\"og:title\" content=\"Jobba p\u00e5 Senatfastigheter - Senaatti\" \/>\n<meta property=\"og:description\" content=\"Rekrytoimme jatkuvasti parhaita osaajia joukkoomme. Mik\u00e4li avoimista ty\u00f6paikoista ei juuri nyt l\u00f6ydy etsim\u00e4\u00e4si, sinun kannattaa j\u00e4tt\u00e4\u00e4 avoin hakemus.\" \/>\n<meta property=\"og:url\" content=\"https:\/\/testi-e2c55b704894.senaatti.fi\/sv\/jobba-pa-senatfastigheter\/\" \/>\n<meta property=\"og:site_name\" content=\"Senaatti\" \/>\n<meta property=\"article:publisher\" content=\"https:\/\/www.facebook.com\/SenaattiKiinteistot\/\" \/>\n<meta property=\"article:modified_time\" content=\"2025-01-09T07:04:19+00:00\" \/>\n<meta property=\"og:image\" content=\"https:\/\/testi-e2c55b704894.senaatti.fi\/app\/uploads\/2021\/01\/Senaatti_FB_profiili_1200x630-1024x538.png\" \/>\n\t<meta property=\"og:image:width\" content=\"1024\" \/>\n\t<meta property=\"og:image:height\" content=\"538\" \/>\n\t<meta property=\"og:image:type\" content=\"image\/png\" \/>\n<meta name=\"twitter:card\" content=\"summary_large_image\" \/>\n<meta name=\"twitter:site\" content=\"@SenaattiK\" \/>\n<meta name=\"twitter:label1\" content=\"Ber\u00e4knad l\u00e4stid\" \/>\n\t<meta name=\"twitter:data1\" content=\"2 minuter\" \/>\n<script type=\"application\/ld+json\" class=\"yoast-schema-graph\">{\"@context\":\"https:\/\/schema.org\",\"@graph\":[{\"@type\":\"WebPage\",\"@id\":\"https:\/\/testi-e2c55b704894.senaatti.fi\/sv\/jobba-pa-senatfastigheter\/\",\"url\":\"https:\/\/testi-e2c55b704894.senaatti.fi\/sv\/jobba-pa-senatfastigheter\/\",\"name\":\"Jobba p\u00e5 Senatfastigheter - Senaatti\",\"isPartOf\":{\"@id\":\"https:\/\/www.senaatti.fi\/#website\"},\"datePublished\":\"2017-03-17T04:37:20+00:00\",\"dateModified\":\"2025-01-09T07:04:19+00:00\",\"description\":\"Rekrytoimme jatkuvasti parhaita osaajia joukkoomme. Mik\u00e4li avoimista ty\u00f6paikoista ei juuri nyt l\u00f6ydy etsim\u00e4\u00e4si, sinun kannattaa j\u00e4tt\u00e4\u00e4 avoin hakemus.\",\"breadcrumb\":{\"@id\":\"https:\/\/testi-e2c55b704894.senaatti.fi\/sv\/jobba-pa-senatfastigheter\/#breadcrumb\"},\"inLanguage\":\"sv-SE\",\"potentialAction\":[{\"@type\":\"ReadAction\",\"target\":[\"https:\/\/testi-e2c55b704894.senaatti.fi\/sv\/jobba-pa-senatfastigheter\/\"]}]},{\"@type\":\"BreadcrumbList\",\"@id\":\"https:\/\/testi-e2c55b704894.senaatti.fi\/sv\/jobba-pa-senatfastigheter\/#breadcrumb\",\"itemListElement\":[{\"@type\":\"ListItem\",\"position\":1,\"name\":\"Hem\",\"item\":\"https:\/\/www.senaatti.fi\/sv\/\"},{\"@type\":\"ListItem\",\"position\":2,\"name\":\"Jobba p\u00e5 Senatfastigheter\"}]},{\"@type\":\"WebSite\",\"@id\":\"https:\/\/www.senaatti.fi\/#website\",\"url\":\"https:\/\/www.senaatti.fi\/\",\"name\":\"Senaatti\",\"description\":\"Just another WordPress site\",\"publisher\":{\"@id\":\"https:\/\/www.senaatti.fi\/#organization\"},\"potentialAction\":[{\"@type\":\"SearchAction\",\"target\":{\"@type\":\"EntryPoint\",\"urlTemplate\":\"https:\/\/www.senaatti.fi\/?s={search_term_string}\"},\"query-input\":{\"@type\":\"PropertyValueSpecification\",\"valueRequired\":true,\"valueName\":\"search_term_string\"}}],\"inLanguage\":\"sv-SE\"},{\"@type\":\"Organization\",\"@id\":\"https:\/\/www.senaatti.fi\/#organization\",\"name\":\"Senaatti-kiinteist\u00f6t\",\"url\":\"https:\/\/www.senaatti.fi\/\",\"logo\":{\"@type\":\"ImageObject\",\"inLanguage\":\"sv-SE\",\"@id\":\"https:\/\/www.senaatti.fi\/#\/schema\/logo\/image\/\",\"url\":\"https:\/\/testi-e2c55b704894.senaatti.fi\/app\/uploads\/2021\/01\/Senaatti_FB_profiili_1200x630.png\",\"contentUrl\":\"https:\/\/testi-e2c55b704894.senaatti.fi\/app\/uploads\/2021\/01\/Senaatti_FB_profiili_1200x630.png\",\"width\":1201,\"height\":631,\"caption\":\"Senaatti-kiinteist\u00f6t\"},\"image\":{\"@id\":\"https:\/\/www.senaatti.fi\/#\/schema\/logo\/image\/\"},\"sameAs\":[\"https:\/\/www.facebook.com\/SenaattiKiinteistot\/\",\"https:\/\/x.com\/SenaattiK\",\"https:\/\/www.linkedin.com\/company\/senate-properties\",\"https:\/\/www.youtube.com\/channel\/UCunSUhMjKd5KqASPgBrndkQ\"]}]}<\/script>\n<!-- \/ Yoast SEO plugin. -->","yoast_head_json":{"title":"Jobba p\u00e5 Senatfastigheter - Senaatti","description":"Rekrytoimme jatkuvasti parhaita osaajia joukkoomme. Mik\u00e4li avoimista ty\u00f6paikoista ei juuri nyt l\u00f6ydy etsim\u00e4\u00e4si, sinun kannattaa j\u00e4tt\u00e4\u00e4 avoin hakemus.","robots":{"index":"noindex","follow":"follow","max-snippet":"max-snippet:-1","max-image-preview":"max-image-preview:large","max-video-preview":"max-video-preview:-1"},"og_locale":"sv_SE","og_type":"article","og_title":"Jobba p\u00e5 Senatfastigheter - Senaatti","og_description":"Rekrytoimme jatkuvasti parhaita osaajia joukkoomme. Mik\u00e4li avoimista ty\u00f6paikoista ei juuri nyt l\u00f6ydy etsim\u00e4\u00e4si, sinun kannattaa j\u00e4tt\u00e4\u00e4 avoin hakemus.","og_url":"https:\/\/testi-e2c55b704894.senaatti.fi\/sv\/jobba-pa-senatfastigheter\/","og_site_name":"Senaatti","article_publisher":"https:\/\/www.facebook.com\/SenaattiKiinteistot\/","article_modified_time":"2025-01-09T07:04:19+00:00","og_image":[{"width":1024,"height":538,"url":"https:\/\/testi-e2c55b704894.senaatti.fi\/app\/uploads\/2021\/01\/Senaatti_FB_profiili_1200x630-1024x538.png","type":"image\/png"}],"twitter_card":"summary_large_image","twitter_site":"@SenaattiK","twitter_misc":{"Ber\u00e4knad l\u00e4stid":"2 minuter"},"schema":{"@context":"https:\/\/schema.org","@graph":[{"@type":"WebPage","@id":"https:\/\/testi-e2c55b704894.senaatti.fi\/sv\/jobba-pa-senatfastigheter\/","url":"https:\/\/testi-e2c55b704894.senaatti.fi\/sv\/jobba-pa-senatfastigheter\/","name":"Jobba p\u00e5 Senatfastigheter - Senaatti","isPartOf":{"@id":"https:\/\/www.senaatti.fi\/#website"},"datePublished":"2017-03-17T04:37:20+00:00","dateModified":"2025-01-09T07:04:19+00:00","description":"Rekrytoimme jatkuvasti parhaita osaajia joukkoomme. Mik\u00e4li avoimista ty\u00f6paikoista ei juuri nyt l\u00f6ydy etsim\u00e4\u00e4si, sinun kannattaa j\u00e4tt\u00e4\u00e4 avoin hakemus.","breadcrumb":{"@id":"https:\/\/testi-e2c55b704894.senaatti.fi\/sv\/jobba-pa-senatfastigheter\/#breadcrumb"},"inLanguage":"sv-SE","potentialAction":[{"@type":"ReadAction","target":["https:\/\/testi-e2c55b704894.senaatti.fi\/sv\/jobba-pa-senatfastigheter\/"]}]},{"@type":"BreadcrumbList","@id":"https:\/\/testi-e2c55b704894.senaatti.fi\/sv\/jobba-pa-senatfastigheter\/#breadcrumb","itemListElement":[{"@type":"ListItem","position":1,"name":"Hem","item":"https:\/\/www.senaatti.fi\/sv\/"},{"@type":"ListItem","position":2,"name":"Jobba p\u00e5 Senatfastigheter"}]},{"@type":"WebSite","@id":"https:\/\/www.senaatti.fi\/#website","url":"https:\/\/www.senaatti.fi\/","name":"Senaatti","description":"Just another WordPress site","publisher":{"@id":"https:\/\/www.senaatti.fi\/#organization"},"potentialAction":[{"@type":"SearchAction","target":{"@type":"EntryPoint","urlTemplate":"https:\/\/www.senaatti.fi\/?s={search_term_string}"},"query-input":{"@type":"PropertyValueSpecification","valueRequired":true,"valueName":"search_term_string"}}],"inLanguage":"sv-SE"},{"@type":"Organization","@id":"https:\/\/www.senaatti.fi\/#organization","name":"Senaatti-kiinteist\u00f6t","url":"https:\/\/www.senaatti.fi\/","logo":{"@type":"ImageObject","inLanguage":"sv-SE","@id":"https:\/\/www.senaatti.fi\/#\/schema\/logo\/image\/","url":"https:\/\/testi-e2c55b704894.senaatti.fi\/app\/uploads\/2021\/01\/Senaatti_FB_profiili_1200x630.png","contentUrl":"https:\/\/testi-e2c55b704894.senaatti.fi\/app\/uploads\/2021\/01\/Senaatti_FB_profiili_1200x630.png","width":1201,"height":631,"caption":"Senaatti-kiinteist\u00f6t"},"image":{"@id":"https:\/\/www.senaatti.fi\/#\/schema\/logo\/image\/"},"sameAs":["https:\/\/www.facebook.com\/SenaattiKiinteistot\/","https:\/\/x.com\/SenaattiK","https:\/\/www.linkedin.com\/company\/senate-properties","https:\/\/www.youtube.com\/channel\/UCunSUhMjKd5KqASPgBrndkQ"]}]}},"publishpress_future_action":{"enabled":false,"date":"2026-04-14 15:56:17","action":"change-status","newStatus":"draft","terms":[],"taxonomy":"translation_priority"},"_links":{"self":[{"href":"https:\/\/testi-e2c55b704894.senaatti.fi\/sv\/wp-json\/wp\/v2\/pages\/38279","targetHints":{"allow":["GET"]}}],"collection":[{"href":"https:\/\/testi-e2c55b704894.senaatti.fi\/sv\/wp-json\/wp\/v2\/pages"}],"about":[{"href":"https:\/\/testi-e2c55b704894.senaatti.fi\/sv\/wp-json\/wp\/v2\/types\/page"}],"author":[{"embeddable":true,"href":"https:\/\/testi-e2c55b704894.senaatti.fi\/sv\/wp-json\/wp\/v2\/users\/16"}],"replies":[{"embeddable":true,"href":"https:\/\/testi-e2c55b704894.senaatti.fi\/sv\/wp-json\/wp\/v2\/comments?post=38279"}],"version-history":[{"count":11,"href":"https:\/\/testi-e2c55b704894.senaatti.fi\/sv\/wp-json\/wp\/v2\/pages\/38279\/revisions"}],"predecessor-version":[{"id":79039,"href":"https:\/\/testi-e2c55b704894.senaatti.fi\/sv\/wp-json\/wp\/v2\/pages\/38279\/revisions\/79039"}],"wp:attachment":[{"href":"https:\/\/testi-e2c55b704894.senaatti.fi\/sv\/wp-json\/wp\/v2\/media?parent=38279"}],"curies":[{"name":"wp","href":"https:\/\/api.w.org\/{rel}","templated":true}]}}