{"id":45887,"date":"2019-10-23T10:25:25","date_gmt":"2019-10-23T07:25:25","guid":{"rendered":"https:\/\/testi-e2c55b704894.senaatti.fi\/qr-koodilla-helposti-palautetta-tilojen-sisaolosuhteista\/"},"modified":"2023-05-15T16:32:30","modified_gmt":"2023-05-15T13:32:30","slug":"snabbrespons","status":"publish","type":"page","link":"https:\/\/testi-e2c55b704894.senaatti.fi\/sv\/om-oss\/inomhusforhallanden\/vad-kan-du-gora-for-inomhusforhallandena\/snabbrespons\/","title":{"rendered":"Snabbrespons enkelt och fort"},"content":{"rendered":"<div class=\"wpb-content-wrapper\"><p>[vc_row][vc_column][senaatti_hero heading=&#8221;L\u00e4mna servicebeg\u00e4ran enkelt med QR-kod&#8221; text=&#8221;\u00c4r det f\u00f6r kallt i arbetsrummet? Eller har en lampa brunnit? Du kan l\u00e4tt ge respons om Senafastigheters lokaler genom att med mobilen skanna den QR-kod som finns p\u00e5 v\u00e4ggen. Informationen g\u00e5r direkt till fastighetssk\u00f6tarna och problemet kan \u00e5tg\u00e4rdas snabbt.&#8221; image=&#8221;60925&#8243;][\/vc_column][\/vc_row][vc_row][vc_column][vc_column_text remove_empty_space_above=&#8221;true&#8221;]<\/p>\n<h2><strong>S\u00e5 h\u00e4r l\u00e4mnar du en servicebeg\u00e4ran med QR-kod<\/strong><\/h2>\n<p>Senatfastigheter vill erbjuda lokalanv\u00e4ndarna ett nytt s\u00e4tt att l\u00e4mna in en servicebeg\u00e4ran om de uppt\u00e4cker fel. I de objekt d\u00e4r det finns QR-koder kan du enkelt l\u00e4mna in en servicebeg\u00e4ran med din smarta enhet.<\/p>\n<ol>\n<li>\u00d6ppna kameran i din smarta enhet<\/li>\n<li>Rikta kameran mot QR-koden<\/li>\n<li>Klicka p\u00e5 den l\u00e4nk som visas i rutan<\/li>\n<li>L\u00e4mna servicebeg\u00e4ran eller svara p\u00e5 fr\u00e5gorna i QR-tj\u00e4nsten<\/li>\n<\/ol>\n<p>Fastighetssk\u00f6tseln f\u00e5r omedelbar information om servicebeg\u00e4ran och kan l\u00e4ttare hitta felet vilket underl\u00e4ttar och p\u00e5skyndar avhj\u00e4lpandet av felet.<\/p>\n<p>QR-l\u00e4saren \u00e4r inte automatiskt tillg\u00e4nglig i alla enheter, utan kan beh\u00f6va aktiveras separat via inst\u00e4llningarna. Om det inte finns n\u00e5gon QR-l\u00e4sare i enheten kan du ladda ned den antingen fr\u00e5n appbutiken eller genom att anv\u00e4nda webbl\u00e4sarbaserade l\u00e4sare som finns i flera s\u00f6kmotorer.[\/vc_column_text][\/vc_column][\/vc_row]<\/p>\n<\/div>","protected":false},"excerpt":{"rendered":"<p>[vc_row][vc_column][senaatti_hero heading=&#8221;L\u00e4mna servicebeg\u00e4ran enkelt med QR-kod&#8221; text=&#8221;\u00c4r det f\u00f6r kallt i arbetsrummet? Eller har en lampa brunnit? Du kan l\u00e4tt ge respons om Senafastigheters lokaler genom att med mobilen skanna den QR-kod som finns p\u00e5 v\u00e4ggen. Informationen g\u00e5r direkt till fastighetssk\u00f6tarna och problemet kan \u00e5tg\u00e4rdas snabbt.&#8221; image=&#8221;60925&#8243;][\/vc_column][\/vc_row][vc_row][vc_column][vc_column_text remove_empty_space_above=&#8221;true&#8221;] S\u00e5 h\u00e4r l\u00e4mnar du en servicebeg\u00e4ran med [&hellip;]<\/p>\n","protected":false},"author":8,"featured_media":0,"parent":63796,"menu_order":0,"comment_status":"closed","ping_status":"closed","template":"","meta":{"_acf_changed":false,"footnotes":""},"class_list":["post-45887","page","type-page","status-publish","hentry"],"acf":[],"yoast_head":"<!-- This site is optimized with the Yoast SEO plugin v23.9 - https:\/\/yoast.com\/wordpress\/plugins\/seo\/ -->\n<title>Snabbrespons enkelt och fort - Senaatti<\/title>\n<meta name=\"robots\" content=\"noindex, follow, max-snippet:-1, max-image-preview:large, max-video-preview:-1\" \/>\n<meta property=\"og:locale\" content=\"sv_SE\" \/>\n<meta property=\"og:type\" content=\"article\" \/>\n<meta property=\"og:title\" content=\"Snabbrespons enkelt och fort - Senaatti\" \/>\n<meta property=\"og:description\" content=\"[vc_row][vc_column][senaatti_hero heading=&#8221;L\u00e4mna servicebeg\u00e4ran enkelt med QR-kod&#8221; text=&#8221;\u00c4r det f\u00f6r kallt i arbetsrummet? Eller har en lampa brunnit? Du kan l\u00e4tt ge respons om Senafastigheters lokaler genom att med mobilen skanna den QR-kod som finns p\u00e5 v\u00e4ggen. Informationen g\u00e5r direkt till fastighetssk\u00f6tarna och problemet kan \u00e5tg\u00e4rdas snabbt.&#8221; image=&#8221;60925&#8243;][\/vc_column][\/vc_row][vc_row][vc_column][vc_column_text remove_empty_space_above=&#8221;true&#8221;] S\u00e5 h\u00e4r l\u00e4mnar du en servicebeg\u00e4ran med [&hellip;]\" \/>\n<meta property=\"og:url\" content=\"https:\/\/testi-e2c55b704894.senaatti.fi\/sv\/om-oss\/inomhusforhallanden\/vad-kan-du-gora-for-inomhusforhallandena\/snabbrespons\/\" \/>\n<meta property=\"og:site_name\" content=\"Senaatti\" \/>\n<meta property=\"article:publisher\" content=\"https:\/\/www.facebook.com\/SenaattiKiinteistot\/\" \/>\n<meta property=\"article:modified_time\" content=\"2023-05-15T13:32:30+00:00\" \/>\n<meta property=\"og:image\" content=\"https:\/\/testi-e2c55b704894.senaatti.fi\/app\/uploads\/2021\/01\/Senaatti_FB_profiili_1200x630-1024x538.png\" \/>\n\t<meta property=\"og:image:width\" content=\"1024\" \/>\n\t<meta property=\"og:image:height\" content=\"538\" \/>\n\t<meta property=\"og:image:type\" content=\"image\/png\" \/>\n<meta name=\"twitter:card\" content=\"summary_large_image\" \/>\n<meta name=\"twitter:site\" content=\"@SenaattiK\" \/>\n<meta name=\"twitter:label1\" content=\"Ber\u00e4knad l\u00e4stid\" \/>\n\t<meta name=\"twitter:data1\" content=\"2 minuter\" \/>\n<script type=\"application\/ld+json\" class=\"yoast-schema-graph\">{\"@context\":\"https:\/\/schema.org\",\"@graph\":[{\"@type\":\"WebPage\",\"@id\":\"https:\/\/testi-e2c55b704894.senaatti.fi\/sv\/om-oss\/inomhusforhallanden\/vad-kan-du-gora-for-inomhusforhallandena\/snabbrespons\/\",\"url\":\"https:\/\/testi-e2c55b704894.senaatti.fi\/sv\/om-oss\/inomhusforhallanden\/vad-kan-du-gora-for-inomhusforhallandena\/snabbrespons\/\",\"name\":\"Snabbrespons enkelt och fort - Senaatti\",\"isPartOf\":{\"@id\":\"https:\/\/www.senaatti.fi\/#website\"},\"datePublished\":\"2019-10-23T07:25:25+00:00\",\"dateModified\":\"2023-05-15T13:32:30+00:00\",\"breadcrumb\":{\"@id\":\"https:\/\/testi-e2c55b704894.senaatti.fi\/sv\/om-oss\/inomhusforhallanden\/vad-kan-du-gora-for-inomhusforhallandena\/snabbrespons\/#breadcrumb\"},\"inLanguage\":\"sv-SE\",\"potentialAction\":[{\"@type\":\"ReadAction\",\"target\":[\"https:\/\/testi-e2c55b704894.senaatti.fi\/sv\/om-oss\/inomhusforhallanden\/vad-kan-du-gora-for-inomhusforhallandena\/snabbrespons\/\"]}]},{\"@type\":\"BreadcrumbList\",\"@id\":\"https:\/\/testi-e2c55b704894.senaatti.fi\/sv\/om-oss\/inomhusforhallanden\/vad-kan-du-gora-for-inomhusforhallandena\/snabbrespons\/#breadcrumb\",\"itemListElement\":[{\"@type\":\"ListItem\",\"position\":1,\"name\":\"Hem\",\"item\":\"https:\/\/www.senaatti.fi\/sv\/\"},{\"@type\":\"ListItem\",\"position\":2,\"name\":\"Om oss\",\"item\":\"https:\/\/www.senaatti.fi\/sv\/om-oss\/\"},{\"@type\":\"ListItem\",\"position\":3,\"name\":\"Inomhusf\u00f6rh\u00e5llanden\",\"item\":\"https:\/\/www.senaatti.fi\/sv\/om-oss\/inomhusforhallanden\/\"},{\"@type\":\"ListItem\",\"position\":4,\"name\":\"Vad kan du g\u00f6ra f\u00f6r inomhusf\u00f6rh\u00e5llandena?\",\"item\":\"https:\/\/www.senaatti.fi\/sv\/om-oss\/inomhusforhallanden\/vad-kan-du-gora-for-inomhusforhallandena\/\"},{\"@type\":\"ListItem\",\"position\":5,\"name\":\"Snabbrespons enkelt och fort\"}]},{\"@type\":\"WebSite\",\"@id\":\"https:\/\/www.senaatti.fi\/#website\",\"url\":\"https:\/\/www.senaatti.fi\/\",\"name\":\"Senaatti\",\"description\":\"Just another WordPress site\",\"publisher\":{\"@id\":\"https:\/\/www.senaatti.fi\/#organization\"},\"potentialAction\":[{\"@type\":\"SearchAction\",\"target\":{\"@type\":\"EntryPoint\",\"urlTemplate\":\"https:\/\/www.senaatti.fi\/?s={search_term_string}\"},\"query-input\":{\"@type\":\"PropertyValueSpecification\",\"valueRequired\":true,\"valueName\":\"search_term_string\"}}],\"inLanguage\":\"sv-SE\"},{\"@type\":\"Organization\",\"@id\":\"https:\/\/www.senaatti.fi\/#organization\",\"name\":\"Senaatti-kiinteist\u00f6t\",\"url\":\"https:\/\/www.senaatti.fi\/\",\"logo\":{\"@type\":\"ImageObject\",\"inLanguage\":\"sv-SE\",\"@id\":\"https:\/\/www.senaatti.fi\/#\/schema\/logo\/image\/\",\"url\":\"https:\/\/testi-e2c55b704894.senaatti.fi\/app\/uploads\/2021\/01\/Senaatti_FB_profiili_1200x630.png\",\"contentUrl\":\"https:\/\/testi-e2c55b704894.senaatti.fi\/app\/uploads\/2021\/01\/Senaatti_FB_profiili_1200x630.png\",\"width\":1201,\"height\":631,\"caption\":\"Senaatti-kiinteist\u00f6t\"},\"image\":{\"@id\":\"https:\/\/www.senaatti.fi\/#\/schema\/logo\/image\/\"},\"sameAs\":[\"https:\/\/www.facebook.com\/SenaattiKiinteistot\/\",\"https:\/\/x.com\/SenaattiK\",\"https:\/\/www.linkedin.com\/company\/senate-properties\",\"https:\/\/www.youtube.com\/channel\/UCunSUhMjKd5KqASPgBrndkQ\"]}]}<\/script>\n<!-- \/ Yoast SEO plugin. -->","yoast_head_json":{"title":"Snabbrespons enkelt och fort - Senaatti","robots":{"index":"noindex","follow":"follow","max-snippet":"max-snippet:-1","max-image-preview":"max-image-preview:large","max-video-preview":"max-video-preview:-1"},"og_locale":"sv_SE","og_type":"article","og_title":"Snabbrespons enkelt och fort - Senaatti","og_description":"[vc_row][vc_column][senaatti_hero heading=&#8221;L\u00e4mna servicebeg\u00e4ran enkelt med QR-kod&#8221; text=&#8221;\u00c4r det f\u00f6r kallt i arbetsrummet? Eller har en lampa brunnit? Du kan l\u00e4tt ge respons om Senafastigheters lokaler genom att med mobilen skanna den QR-kod som finns p\u00e5 v\u00e4ggen. Informationen g\u00e5r direkt till fastighetssk\u00f6tarna och problemet kan \u00e5tg\u00e4rdas snabbt.&#8221; image=&#8221;60925&#8243;][\/vc_column][\/vc_row][vc_row][vc_column][vc_column_text remove_empty_space_above=&#8221;true&#8221;] S\u00e5 h\u00e4r l\u00e4mnar du en servicebeg\u00e4ran med [&hellip;]","og_url":"https:\/\/testi-e2c55b704894.senaatti.fi\/sv\/om-oss\/inomhusforhallanden\/vad-kan-du-gora-for-inomhusforhallandena\/snabbrespons\/","og_site_name":"Senaatti","article_publisher":"https:\/\/www.facebook.com\/SenaattiKiinteistot\/","article_modified_time":"2023-05-15T13:32:30+00:00","og_image":[{"width":1024,"height":538,"url":"https:\/\/testi-e2c55b704894.senaatti.fi\/app\/uploads\/2021\/01\/Senaatti_FB_profiili_1200x630-1024x538.png","type":"image\/png"}],"twitter_card":"summary_large_image","twitter_site":"@SenaattiK","twitter_misc":{"Ber\u00e4knad l\u00e4stid":"2 minuter"},"schema":{"@context":"https:\/\/schema.org","@graph":[{"@type":"WebPage","@id":"https:\/\/testi-e2c55b704894.senaatti.fi\/sv\/om-oss\/inomhusforhallanden\/vad-kan-du-gora-for-inomhusforhallandena\/snabbrespons\/","url":"https:\/\/testi-e2c55b704894.senaatti.fi\/sv\/om-oss\/inomhusforhallanden\/vad-kan-du-gora-for-inomhusforhallandena\/snabbrespons\/","name":"Snabbrespons enkelt och fort - Senaatti","isPartOf":{"@id":"https:\/\/www.senaatti.fi\/#website"},"datePublished":"2019-10-23T07:25:25+00:00","dateModified":"2023-05-15T13:32:30+00:00","breadcrumb":{"@id":"https:\/\/testi-e2c55b704894.senaatti.fi\/sv\/om-oss\/inomhusforhallanden\/vad-kan-du-gora-for-inomhusforhallandena\/snabbrespons\/#breadcrumb"},"inLanguage":"sv-SE","potentialAction":[{"@type":"ReadAction","target":["https:\/\/testi-e2c55b704894.senaatti.fi\/sv\/om-oss\/inomhusforhallanden\/vad-kan-du-gora-for-inomhusforhallandena\/snabbrespons\/"]}]},{"@type":"BreadcrumbList","@id":"https:\/\/testi-e2c55b704894.senaatti.fi\/sv\/om-oss\/inomhusforhallanden\/vad-kan-du-gora-for-inomhusforhallandena\/snabbrespons\/#breadcrumb","itemListElement":[{"@type":"ListItem","position":1,"name":"Hem","item":"https:\/\/www.senaatti.fi\/sv\/"},{"@type":"ListItem","position":2,"name":"Om oss","item":"https:\/\/www.senaatti.fi\/sv\/om-oss\/"},{"@type":"ListItem","position":3,"name":"Inomhusf\u00f6rh\u00e5llanden","item":"https:\/\/www.senaatti.fi\/sv\/om-oss\/inomhusforhallanden\/"},{"@type":"ListItem","position":4,"name":"Vad kan du g\u00f6ra f\u00f6r inomhusf\u00f6rh\u00e5llandena?","item":"https:\/\/www.senaatti.fi\/sv\/om-oss\/inomhusforhallanden\/vad-kan-du-gora-for-inomhusforhallandena\/"},{"@type":"ListItem","position":5,"name":"Snabbrespons enkelt och fort"}]},{"@type":"WebSite","@id":"https:\/\/www.senaatti.fi\/#website","url":"https:\/\/www.senaatti.fi\/","name":"Senaatti","description":"Just another WordPress site","publisher":{"@id":"https:\/\/www.senaatti.fi\/#organization"},"potentialAction":[{"@type":"SearchAction","target":{"@type":"EntryPoint","urlTemplate":"https:\/\/www.senaatti.fi\/?s={search_term_string}"},"query-input":{"@type":"PropertyValueSpecification","valueRequired":true,"valueName":"search_term_string"}}],"inLanguage":"sv-SE"},{"@type":"Organization","@id":"https:\/\/www.senaatti.fi\/#organization","name":"Senaatti-kiinteist\u00f6t","url":"https:\/\/www.senaatti.fi\/","logo":{"@type":"ImageObject","inLanguage":"sv-SE","@id":"https:\/\/www.senaatti.fi\/#\/schema\/logo\/image\/","url":"https:\/\/testi-e2c55b704894.senaatti.fi\/app\/uploads\/2021\/01\/Senaatti_FB_profiili_1200x630.png","contentUrl":"https:\/\/testi-e2c55b704894.senaatti.fi\/app\/uploads\/2021\/01\/Senaatti_FB_profiili_1200x630.png","width":1201,"height":631,"caption":"Senaatti-kiinteist\u00f6t"},"image":{"@id":"https:\/\/www.senaatti.fi\/#\/schema\/logo\/image\/"},"sameAs":["https:\/\/www.facebook.com\/SenaattiKiinteistot\/","https:\/\/x.com\/SenaattiK","https:\/\/www.linkedin.com\/company\/senate-properties","https:\/\/www.youtube.com\/channel\/UCunSUhMjKd5KqASPgBrndkQ"]}]}},"publishpress_future_action":{"enabled":false,"date":"2026-04-20 17:15:37","action":"change-status","newStatus":"draft","terms":[],"taxonomy":"translation_priority"},"_links":{"self":[{"href":"https:\/\/testi-e2c55b704894.senaatti.fi\/sv\/wp-json\/wp\/v2\/pages\/45887","targetHints":{"allow":["GET"]}}],"collection":[{"href":"https:\/\/testi-e2c55b704894.senaatti.fi\/sv\/wp-json\/wp\/v2\/pages"}],"about":[{"href":"https:\/\/testi-e2c55b704894.senaatti.fi\/sv\/wp-json\/wp\/v2\/types\/page"}],"author":[{"embeddable":true,"href":"https:\/\/testi-e2c55b704894.senaatti.fi\/sv\/wp-json\/wp\/v2\/users\/8"}],"replies":[{"embeddable":true,"href":"https:\/\/testi-e2c55b704894.senaatti.fi\/sv\/wp-json\/wp\/v2\/comments?post=45887"}],"version-history":[{"count":5,"href":"https:\/\/testi-e2c55b704894.senaatti.fi\/sv\/wp-json\/wp\/v2\/pages\/45887\/revisions"}],"predecessor-version":[{"id":64083,"href":"https:\/\/testi-e2c55b704894.senaatti.fi\/sv\/wp-json\/wp\/v2\/pages\/45887\/revisions\/64083"}],"up":[{"embeddable":true,"href":"https:\/\/testi-e2c55b704894.senaatti.fi\/sv\/wp-json\/wp\/v2\/pages\/63796"}],"wp:attachment":[{"href":"https:\/\/testi-e2c55b704894.senaatti.fi\/sv\/wp-json\/wp\/v2\/media?parent=45887"}],"curies":[{"name":"wp","href":"https:\/\/api.w.org\/{rel}","templated":true}]}}