{"id":5147,"date":"2017-04-03T17:43:22","date_gmt":"2017-04-03T14:43:22","guid":{"rendered":"https:\/\/testi-e2c55b704894.senaatti.fi\/senaatti-tyonantajana\/"},"modified":"2023-06-19T16:42:32","modified_gmt":"2023-06-19T13:42:32","slug":"ansvarsfull-arbetsgivare","status":"publish","type":"page","link":"https:\/\/testi-e2c55b704894.senaatti.fi\/sv\/jobba-pa-senatfastigheter\/ansvarsfull-arbetsgivare\/","title":{"rendered":"Ansvarsfull arbetsgivare"},"content":{"rendered":"<div class=\"wpb-content-wrapper\"><p>[vc_row][vc_column][senaatti_hero heading=&#8221;Ansvarsfull arbetsgivare&#8221; text=&#8221;Senatfastigheter agerar som en bra och ansvarsfull arbetsgivare i alla situationer. Att p\u00e5 ett \u00f6vergripande s\u00e4tt ansvara f\u00f6r arbetsh\u00e4lsan utg\u00f6r en del av en god personalpolitik och en stark del av ledningen av de anst\u00e4llda i Senatfastigheter.&#8221; image=&#8221;51027&#8243;][\/vc_column][\/vc_row][vc_row][vc_column][vc_column_text]<\/p>\n<h2>Vi satsar l\u00e5ngsiktigt p\u00e5 att utveckla yrkesskickligheten och kompetensen hos v\u00e5ra anst\u00e4llda<\/h2>\n<p>Som den st\u00f6rsta och mest m\u00e5ngsidiga \u00e4garen av kontorsfastigheter i Finland ger vi en utsiktsplats \u00f6ver utvecklingen i branschen. V\u00e5rt m\u00e5l \u00e4r att ge v\u00e5ra anst\u00e4llda ett meningsfullt och r\u00e4tt dimensionerat arbete, flexibla arbetstider samt en h\u00f6gkvalitativ f\u00f6retagsh\u00e4lsov\u00e5rd och st\u00f6d av chefen. Vi \u00e4r en r\u00f6kfri arbetsplats. Vi f\u00f6ljer upp arbetstillfredsst\u00e4llelsen hos v\u00e5ra anst\u00e4llda med bland annat personalenk\u00e4ter. Chefsindexet anger kvaliteten p\u00e5 v\u00e5rt chefsarbete. Utvecklingsdiskussioner f\u00f6rs med varje arbetstagare tv\u00e5 g\u00e5nger om \u00e5ret.<\/p>\n<p>Vi utvecklar kompetensen hos v\u00e5ra anst\u00e4llda i enlighet med individens och organisationens m\u00e5l och f\u00f6rv\u00e4ntningar. Utvecklingen av kompetensen baserar sig p\u00e5 en kompetenskartl\u00e4ggning som utf\u00f6rs med regelbundna intervaller, prestationsbed\u00f6mningar, utvecklingssamtal samt kartl\u00e4ggning av arbetstillfredsst\u00e4llelsen och p\u00e5 utvecklingsplaner som utarbetas utifr\u00e5n dessa. V\u00e5rt m\u00e5l \u00e4r en kontinuerlig personlig utveckling, multikompetens, utveckling av interaktionsf\u00f6rm\u00e5gan och fr\u00e4mjande av f\u00f6r\u00e4ndringsben\u00e4genhet. Vi uppmuntrar ocks\u00e5 v\u00e5ra anst\u00e4llda att bilda n\u00e4tverk utanf\u00f6r v\u00e5r egen organisation och att samarbeta med yrkesm\u00e4ssiga n\u00e4tverk.<\/p>\n<p><img loading=\"lazy\" decoding=\"async\" class=\"wp-image-31004 aligncenter\" src=\"https:\/\/testi-e2c55b704894.senaatti.fi\/app\/uploads\/2019\/01\/Keskisuuriesityksiin_Sesam3978301018-300x200.jpg\" alt=\"\" width=\"645\" height=\"430\" srcset=\"https:\/\/testi-e2c55b704894.senaatti.fi\/app\/uploads\/2019\/01\/Keskisuuriesityksiin_Sesam3978301018-300x200.jpg 300w, https:\/\/testi-e2c55b704894.senaatti.fi\/app\/uploads\/2019\/01\/Keskisuuriesityksiin_Sesam3978301018-768x512.jpg 768w, https:\/\/testi-e2c55b704894.senaatti.fi\/app\/uploads\/2019\/01\/Keskisuuriesityksiin_Sesam3978301018-1024x683.jpg 1024w, https:\/\/testi-e2c55b704894.senaatti.fi\/app\/uploads\/2019\/01\/Keskisuuriesityksiin_Sesam3978301018-600x400.jpg 600w, https:\/\/testi-e2c55b704894.senaatti.fi\/app\/uploads\/2019\/01\/Keskisuuriesityksiin_Sesam3978301018-1600x1067.jpg 1600w, https:\/\/testi-e2c55b704894.senaatti.fi\/app\/uploads\/2019\/01\/Keskisuuriesityksiin_Sesam3978301018-2200x1467.jpg 2200w\" sizes=\"auto, (max-width: 645px) 100vw, 645px\" \/><\/p>\n<h2>Vi inspireras av nya arbetss\u00e4tt<\/h2>\n<p>Vi vill fr\u00e4mja och uppmuntra s\u00e5v\u00e4l anst\u00e4llda inom Senatfastigheter som ocks\u00e5 v\u00e5ra kunder att prova p\u00e5 nya arbetss\u00e4tt. Digitalisering, aktivitetsbaserade arbetsplatser samt virtuella och flexibla arbetss\u00e4tt utg\u00f6r en stark del av f\u00f6rnyelsen av arbetet. Vi deltar med Finansministeriet, Statskontoret och Valtori i projektet Ty\u00f6 2.0, som ger verktyg, praktiska modeller och tips f\u00f6r att f\u00f6rnya arbetsrutinerna inom statsf\u00f6rvaltningen. Vi ordnar ocks\u00e5 Senaatti Areena, som \u00e4r ett expertforum f\u00f6r framtidens arbetsmilj\u00f6er.<\/p>\n<p>I v\u00e5r organisation uppskattar vi \u00f6ppen informationsspridning, en r\u00e4ttvis och j\u00e4mlik behandling av m\u00e4nniskor.<\/p>\n<h2>Inspirerande f\u00f6retagskultur<\/h2>\n<p>Hos oss h\u00f6r till en inspirerande f\u00f6retagskultur en bra och engagerande implementering, h\u00f6rande av de anst\u00e4llda vid beslutsfattande, fungerande ledarskapskultur och chefsarbete samt upplevelsen av en ljus framtid f\u00f6r bolaget, som de anst\u00e4llda upplever att de kan inverka p\u00e5. V\u00e5r l\u00e5ga organisation m\u00f6jligg\u00f6r okonstlade diskussioner mellan olika grupper, vi st\u00f6djer en kontinuerlig utveckling av kompetensen och uppr\u00e4tth\u00e5llandet av yrkesskickligheten samt uppmuntrar individer till att utveckla en aktiv experimenterande kultur och att kl\u00e4cka id\u00e9er f\u00f6r nya arbetss\u00e4tt. Alla dessa element skapar tillsammans en inspirerande arbetsplats och inspiration utg\u00f6r grunden f\u00f6r pionj\u00e4rskap inom arbetsmilj\u00f6l\u00f6sningar, nya arbetss\u00e4tt och produktivitet inom kunskapsarbete.<\/p>\n<p>Till en inspirerande f\u00f6retagskultur h\u00f6r ocks\u00e5 medvetenheten om varje individs r\u00e4ttigheter och skyldigheter p\u00e5 arbetsplatsen. Alla har i Senatfastigheter exempelvis r\u00e4tt att ingripa i brister och missf\u00f6rh\u00e5llanden som de observerar, men de har samtidigt ocks\u00e5 en skyldighet att lyfta fram dem och komma med f\u00f6rb\u00e4ttringsf\u00f6rslag. Var och en har ocks\u00e5 r\u00e4tt till bra chefskap men samtidigt skyldighet att fr\u00e4mja utveckling av ett h\u00f6gkvalitativt ledarskap. En inspirerande arbetsplats fungerar med samarbete, d\u00e4r vars och ens arbetsinsats beh\u00f6vs!<\/p>\n<p>Corporate Spirit har beviljat Senatfastigheter utm\u00e4rkelsen De mest inspirerande arbetsplatserna i Finland 2017, 2018 och 2021. I personalenk\u00e4ten 2016 \u00e4r vi en av de finl\u00e4ndska organisationer som n\u00e5tt de b\u00e4sta resultaten.[\/vc_column_text][\/vc_column][\/vc_row]<\/p>\n<\/div>","protected":false},"excerpt":{"rendered":"<p>[vc_row][vc_column][senaatti_hero heading=&#8221;Ansvarsfull arbetsgivare&#8221; text=&#8221;Senatfastigheter agerar som en bra och ansvarsfull arbetsgivare i alla situationer. Att p\u00e5 ett \u00f6vergripande s\u00e4tt ansvara f\u00f6r arbetsh\u00e4lsan utg\u00f6r en del av en god personalpolitik och en stark del av ledningen av de anst\u00e4llda i Senatfastigheter.&#8221; image=&#8221;51027&#8243;][\/vc_column][\/vc_row][vc_row][vc_column][vc_column_text] Vi satsar l\u00e5ngsiktigt p\u00e5 att utveckla yrkesskickligheten och kompetensen hos v\u00e5ra anst\u00e4llda Som den [&hellip;]<\/p>\n","protected":false},"author":11,"featured_media":0,"parent":38279,"menu_order":40,"comment_status":"closed","ping_status":"closed","template":"","meta":{"_acf_changed":false,"footnotes":""},"class_list":["post-5147","page","type-page","status-publish","hentry"],"acf":[],"yoast_head":"<!-- This site is optimized with the Yoast SEO plugin v23.9 - https:\/\/yoast.com\/wordpress\/plugins\/seo\/ -->\n<title>Ansvarsfull arbetsgivare - Senaatti<\/title>\n<meta name=\"robots\" content=\"noindex, follow, max-snippet:-1, max-image-preview:large, max-video-preview:-1\" \/>\n<meta property=\"og:locale\" content=\"sv_SE\" \/>\n<meta property=\"og:type\" content=\"article\" \/>\n<meta property=\"og:title\" content=\"Ansvarsfull arbetsgivare - Senaatti\" \/>\n<meta property=\"og:description\" content=\"[vc_row][vc_column][senaatti_hero heading=&#8221;Ansvarsfull arbetsgivare&#8221; text=&#8221;Senatfastigheter agerar som en bra och ansvarsfull arbetsgivare i alla situationer. Att p\u00e5 ett \u00f6vergripande s\u00e4tt ansvara f\u00f6r arbetsh\u00e4lsan utg\u00f6r en del av en god personalpolitik och en stark del av ledningen av de anst\u00e4llda i Senatfastigheter.&#8221; image=&#8221;51027&#8243;][\/vc_column][\/vc_row][vc_row][vc_column][vc_column_text] Vi satsar l\u00e5ngsiktigt p\u00e5 att utveckla yrkesskickligheten och kompetensen hos v\u00e5ra anst\u00e4llda Som den [&hellip;]\" \/>\n<meta property=\"og:url\" content=\"https:\/\/testi-e2c55b704894.senaatti.fi\/sv\/jobba-pa-senatfastigheter\/ansvarsfull-arbetsgivare\/\" \/>\n<meta property=\"og:site_name\" content=\"Senaatti\" \/>\n<meta property=\"article:publisher\" content=\"https:\/\/www.facebook.com\/SenaattiKiinteistot\/\" \/>\n<meta property=\"article:modified_time\" content=\"2023-06-19T13:42:32+00:00\" \/>\n<meta property=\"og:image\" content=\"https:\/\/www.senaatti.fi\/app\/uploads\/2019\/01\/Keskisuuriesityksiin_Sesam3978301018-300x200.jpg\" \/>\n<meta name=\"twitter:card\" content=\"summary_large_image\" \/>\n<meta name=\"twitter:site\" content=\"@SenaattiK\" \/>\n<meta name=\"twitter:label1\" content=\"Ber\u00e4knad l\u00e4stid\" \/>\n\t<meta name=\"twitter:data1\" content=\"4 minuter\" \/>\n<script type=\"application\/ld+json\" class=\"yoast-schema-graph\">{\"@context\":\"https:\/\/schema.org\",\"@graph\":[{\"@type\":\"WebPage\",\"@id\":\"https:\/\/testi-e2c55b704894.senaatti.fi\/sv\/jobba-pa-senatfastigheter\/ansvarsfull-arbetsgivare\/\",\"url\":\"https:\/\/testi-e2c55b704894.senaatti.fi\/sv\/jobba-pa-senatfastigheter\/ansvarsfull-arbetsgivare\/\",\"name\":\"Ansvarsfull arbetsgivare - Senaatti\",\"isPartOf\":{\"@id\":\"https:\/\/www.senaatti.fi\/#website\"},\"primaryImageOfPage\":{\"@id\":\"https:\/\/testi-e2c55b704894.senaatti.fi\/sv\/jobba-pa-senatfastigheter\/ansvarsfull-arbetsgivare\/#primaryimage\"},\"image\":{\"@id\":\"https:\/\/testi-e2c55b704894.senaatti.fi\/sv\/jobba-pa-senatfastigheter\/ansvarsfull-arbetsgivare\/#primaryimage\"},\"thumbnailUrl\":\"https:\/\/testi-e2c55b704894.senaatti.fi\/app\/uploads\/2019\/01\/Keskisuuriesityksiin_Sesam3978301018-300x200.jpg\",\"datePublished\":\"2017-04-03T14:43:22+00:00\",\"dateModified\":\"2023-06-19T13:42:32+00:00\",\"breadcrumb\":{\"@id\":\"https:\/\/testi-e2c55b704894.senaatti.fi\/sv\/jobba-pa-senatfastigheter\/ansvarsfull-arbetsgivare\/#breadcrumb\"},\"inLanguage\":\"sv-SE\",\"potentialAction\":[{\"@type\":\"ReadAction\",\"target\":[\"https:\/\/testi-e2c55b704894.senaatti.fi\/sv\/jobba-pa-senatfastigheter\/ansvarsfull-arbetsgivare\/\"]}]},{\"@type\":\"ImageObject\",\"inLanguage\":\"sv-SE\",\"@id\":\"https:\/\/testi-e2c55b704894.senaatti.fi\/sv\/jobba-pa-senatfastigheter\/ansvarsfull-arbetsgivare\/#primaryimage\",\"url\":\"https:\/\/testi-e2c55b704894.senaatti.fi\/app\/uploads\/2019\/01\/Keskisuuriesityksiin_Sesam3978301018-300x200.jpg\",\"contentUrl\":\"https:\/\/testi-e2c55b704894.senaatti.fi\/app\/uploads\/2019\/01\/Keskisuuriesityksiin_Sesam3978301018-300x200.jpg\"},{\"@type\":\"BreadcrumbList\",\"@id\":\"https:\/\/testi-e2c55b704894.senaatti.fi\/sv\/jobba-pa-senatfastigheter\/ansvarsfull-arbetsgivare\/#breadcrumb\",\"itemListElement\":[{\"@type\":\"ListItem\",\"position\":1,\"name\":\"Hem\",\"item\":\"https:\/\/www.senaatti.fi\/sv\/\"},{\"@type\":\"ListItem\",\"position\":2,\"name\":\"Jobba p\u00e5 Senatfastigheter\",\"item\":\"https:\/\/www.senaatti.fi\/sv\/jobba-pa-senatfastigheter\/\"},{\"@type\":\"ListItem\",\"position\":3,\"name\":\"Ansvarsfull arbetsgivare\"}]},{\"@type\":\"WebSite\",\"@id\":\"https:\/\/www.senaatti.fi\/#website\",\"url\":\"https:\/\/www.senaatti.fi\/\",\"name\":\"Senaatti\",\"description\":\"Just another WordPress site\",\"publisher\":{\"@id\":\"https:\/\/www.senaatti.fi\/#organization\"},\"potentialAction\":[{\"@type\":\"SearchAction\",\"target\":{\"@type\":\"EntryPoint\",\"urlTemplate\":\"https:\/\/www.senaatti.fi\/?s={search_term_string}\"},\"query-input\":{\"@type\":\"PropertyValueSpecification\",\"valueRequired\":true,\"valueName\":\"search_term_string\"}}],\"inLanguage\":\"sv-SE\"},{\"@type\":\"Organization\",\"@id\":\"https:\/\/www.senaatti.fi\/#organization\",\"name\":\"Senaatti-kiinteist\u00f6t\",\"url\":\"https:\/\/www.senaatti.fi\/\",\"logo\":{\"@type\":\"ImageObject\",\"inLanguage\":\"sv-SE\",\"@id\":\"https:\/\/www.senaatti.fi\/#\/schema\/logo\/image\/\",\"url\":\"https:\/\/testi-e2c55b704894.senaatti.fi\/app\/uploads\/2021\/01\/Senaatti_FB_profiili_1200x630.png\",\"contentUrl\":\"https:\/\/testi-e2c55b704894.senaatti.fi\/app\/uploads\/2021\/01\/Senaatti_FB_profiili_1200x630.png\",\"width\":1201,\"height\":631,\"caption\":\"Senaatti-kiinteist\u00f6t\"},\"image\":{\"@id\":\"https:\/\/www.senaatti.fi\/#\/schema\/logo\/image\/\"},\"sameAs\":[\"https:\/\/www.facebook.com\/SenaattiKiinteistot\/\",\"https:\/\/x.com\/SenaattiK\",\"https:\/\/www.linkedin.com\/company\/senate-properties\",\"https:\/\/www.youtube.com\/channel\/UCunSUhMjKd5KqASPgBrndkQ\"]}]}<\/script>\n<!-- \/ Yoast SEO plugin. -->","yoast_head_json":{"title":"Ansvarsfull arbetsgivare - Senaatti","robots":{"index":"noindex","follow":"follow","max-snippet":"max-snippet:-1","max-image-preview":"max-image-preview:large","max-video-preview":"max-video-preview:-1"},"og_locale":"sv_SE","og_type":"article","og_title":"Ansvarsfull arbetsgivare - Senaatti","og_description":"[vc_row][vc_column][senaatti_hero heading=&#8221;Ansvarsfull arbetsgivare&#8221; text=&#8221;Senatfastigheter agerar som en bra och ansvarsfull arbetsgivare i alla situationer. Att p\u00e5 ett \u00f6vergripande s\u00e4tt ansvara f\u00f6r arbetsh\u00e4lsan utg\u00f6r en del av en god personalpolitik och en stark del av ledningen av de anst\u00e4llda i Senatfastigheter.&#8221; image=&#8221;51027&#8243;][\/vc_column][\/vc_row][vc_row][vc_column][vc_column_text] Vi satsar l\u00e5ngsiktigt p\u00e5 att utveckla yrkesskickligheten och kompetensen hos v\u00e5ra anst\u00e4llda Som den [&hellip;]","og_url":"https:\/\/testi-e2c55b704894.senaatti.fi\/sv\/jobba-pa-senatfastigheter\/ansvarsfull-arbetsgivare\/","og_site_name":"Senaatti","article_publisher":"https:\/\/www.facebook.com\/SenaattiKiinteistot\/","article_modified_time":"2023-06-19T13:42:32+00:00","og_image":[{"url":"https:\/\/www.senaatti.fi\/app\/uploads\/2019\/01\/Keskisuuriesityksiin_Sesam3978301018-300x200.jpg"}],"twitter_card":"summary_large_image","twitter_site":"@SenaattiK","twitter_misc":{"Ber\u00e4knad l\u00e4stid":"4 minuter"},"schema":{"@context":"https:\/\/schema.org","@graph":[{"@type":"WebPage","@id":"https:\/\/testi-e2c55b704894.senaatti.fi\/sv\/jobba-pa-senatfastigheter\/ansvarsfull-arbetsgivare\/","url":"https:\/\/testi-e2c55b704894.senaatti.fi\/sv\/jobba-pa-senatfastigheter\/ansvarsfull-arbetsgivare\/","name":"Ansvarsfull arbetsgivare - Senaatti","isPartOf":{"@id":"https:\/\/www.senaatti.fi\/#website"},"primaryImageOfPage":{"@id":"https:\/\/testi-e2c55b704894.senaatti.fi\/sv\/jobba-pa-senatfastigheter\/ansvarsfull-arbetsgivare\/#primaryimage"},"image":{"@id":"https:\/\/testi-e2c55b704894.senaatti.fi\/sv\/jobba-pa-senatfastigheter\/ansvarsfull-arbetsgivare\/#primaryimage"},"thumbnailUrl":"https:\/\/testi-e2c55b704894.senaatti.fi\/app\/uploads\/2019\/01\/Keskisuuriesityksiin_Sesam3978301018-300x200.jpg","datePublished":"2017-04-03T14:43:22+00:00","dateModified":"2023-06-19T13:42:32+00:00","breadcrumb":{"@id":"https:\/\/testi-e2c55b704894.senaatti.fi\/sv\/jobba-pa-senatfastigheter\/ansvarsfull-arbetsgivare\/#breadcrumb"},"inLanguage":"sv-SE","potentialAction":[{"@type":"ReadAction","target":["https:\/\/testi-e2c55b704894.senaatti.fi\/sv\/jobba-pa-senatfastigheter\/ansvarsfull-arbetsgivare\/"]}]},{"@type":"ImageObject","inLanguage":"sv-SE","@id":"https:\/\/testi-e2c55b704894.senaatti.fi\/sv\/jobba-pa-senatfastigheter\/ansvarsfull-arbetsgivare\/#primaryimage","url":"https:\/\/testi-e2c55b704894.senaatti.fi\/app\/uploads\/2019\/01\/Keskisuuriesityksiin_Sesam3978301018-300x200.jpg","contentUrl":"https:\/\/testi-e2c55b704894.senaatti.fi\/app\/uploads\/2019\/01\/Keskisuuriesityksiin_Sesam3978301018-300x200.jpg"},{"@type":"BreadcrumbList","@id":"https:\/\/testi-e2c55b704894.senaatti.fi\/sv\/jobba-pa-senatfastigheter\/ansvarsfull-arbetsgivare\/#breadcrumb","itemListElement":[{"@type":"ListItem","position":1,"name":"Hem","item":"https:\/\/www.senaatti.fi\/sv\/"},{"@type":"ListItem","position":2,"name":"Jobba p\u00e5 Senatfastigheter","item":"https:\/\/www.senaatti.fi\/sv\/jobba-pa-senatfastigheter\/"},{"@type":"ListItem","position":3,"name":"Ansvarsfull arbetsgivare"}]},{"@type":"WebSite","@id":"https:\/\/www.senaatti.fi\/#website","url":"https:\/\/www.senaatti.fi\/","name":"Senaatti","description":"Just another WordPress site","publisher":{"@id":"https:\/\/www.senaatti.fi\/#organization"},"potentialAction":[{"@type":"SearchAction","target":{"@type":"EntryPoint","urlTemplate":"https:\/\/www.senaatti.fi\/?s={search_term_string}"},"query-input":{"@type":"PropertyValueSpecification","valueRequired":true,"valueName":"search_term_string"}}],"inLanguage":"sv-SE"},{"@type":"Organization","@id":"https:\/\/www.senaatti.fi\/#organization","name":"Senaatti-kiinteist\u00f6t","url":"https:\/\/www.senaatti.fi\/","logo":{"@type":"ImageObject","inLanguage":"sv-SE","@id":"https:\/\/www.senaatti.fi\/#\/schema\/logo\/image\/","url":"https:\/\/testi-e2c55b704894.senaatti.fi\/app\/uploads\/2021\/01\/Senaatti_FB_profiili_1200x630.png","contentUrl":"https:\/\/testi-e2c55b704894.senaatti.fi\/app\/uploads\/2021\/01\/Senaatti_FB_profiili_1200x630.png","width":1201,"height":631,"caption":"Senaatti-kiinteist\u00f6t"},"image":{"@id":"https:\/\/www.senaatti.fi\/#\/schema\/logo\/image\/"},"sameAs":["https:\/\/www.facebook.com\/SenaattiKiinteistot\/","https:\/\/x.com\/SenaattiK","https:\/\/www.linkedin.com\/company\/senate-properties","https:\/\/www.youtube.com\/channel\/UCunSUhMjKd5KqASPgBrndkQ"]}]}},"publishpress_future_action":{"enabled":false,"date":"2026-04-20 14:04:19","action":"change-status","newStatus":"draft","terms":[],"taxonomy":"translation_priority"},"_links":{"self":[{"href":"https:\/\/testi-e2c55b704894.senaatti.fi\/sv\/wp-json\/wp\/v2\/pages\/5147","targetHints":{"allow":["GET"]}}],"collection":[{"href":"https:\/\/testi-e2c55b704894.senaatti.fi\/sv\/wp-json\/wp\/v2\/pages"}],"about":[{"href":"https:\/\/testi-e2c55b704894.senaatti.fi\/sv\/wp-json\/wp\/v2\/types\/page"}],"author":[{"embeddable":true,"href":"https:\/\/testi-e2c55b704894.senaatti.fi\/sv\/wp-json\/wp\/v2\/users\/11"}],"replies":[{"embeddable":true,"href":"https:\/\/testi-e2c55b704894.senaatti.fi\/sv\/wp-json\/wp\/v2\/comments?post=5147"}],"version-history":[{"count":11,"href":"https:\/\/testi-e2c55b704894.senaatti.fi\/sv\/wp-json\/wp\/v2\/pages\/5147\/revisions"}],"predecessor-version":[{"id":65121,"href":"https:\/\/testi-e2c55b704894.senaatti.fi\/sv\/wp-json\/wp\/v2\/pages\/5147\/revisions\/65121"}],"up":[{"embeddable":true,"href":"https:\/\/testi-e2c55b704894.senaatti.fi\/sv\/wp-json\/wp\/v2\/pages\/38279"}],"wp:attachment":[{"href":"https:\/\/testi-e2c55b704894.senaatti.fi\/sv\/wp-json\/wp\/v2\/media?parent=5147"}],"curies":[{"name":"wp","href":"https:\/\/api.w.org\/{rel}","templated":true}]}}