{"id":53451,"date":"2022-09-30T12:59:32","date_gmt":"2022-09-30T09:59:32","guid":{"rendered":"https:\/\/testi-e2c55b704894.senaatti.fi\/?page_id=53451"},"modified":"2024-12-13T15:39:50","modified_gmt":"2024-12-13T13:39:50","slug":"om-oss","status":"publish","type":"page","link":"https:\/\/testi-e2c55b704894.senaatti.fi\/sv\/om-oss\/","title":{"rendered":"Om oss"},"content":{"rendered":"<div class=\"wpb-content-wrapper\"><p>[vc_row][vc_column][senaatti_hero heading=&#8221;Om oss&#8221; text=&#8221;Senatfastigheter \u00e4r en fastighetsexpert och partner ifr\u00e5ga om kontorslokaler f\u00f6r Finlands statsf\u00f6rvaltning och f\u00f6rsvarsf\u00f6rvaltning. Tillsammans med v\u00e5ra kunder skapar vi arbetsmilj\u00f6er som beaktar s\u00e4rdragen i deras verksamhet och ansvarar f\u00f6r underh\u00e5llet av dem. Vi vill erbjuda de b\u00e4sta omst\u00e4ndigheterna och f\u00f6ruts\u00e4ttningarna f\u00f6r att utf\u00f6ra det arbete som g\u00f6r detta land till det b\u00e4st fungerande och mest s\u00e4kra i v\u00e4rlden. Vi utvecklar statens fastighetsf\u00f6rm\u00f6genhet och sk\u00f6ter kulturhistoriska fastighetsobjekt. Ansvar \u00e4r k\u00e4rnan i all v\u00e5r verksamhet.<\/p>\n<p>Vi arbetar f\u00f6r Finland.&#8221; image=&#8221;19321&#8243;][\/vc_column][\/vc_row][vc_row][vc_column][senaatti_numbers_alt background_color=&#8221;senaatti-konserni-white&#8221; items=&#8221;%5B%7B%22number%22%3A%221%20290%22%2C%22label_below%22%3A%22Personal%20inom%20koncernen%22%7D%2C%7B%22number%22%3A%22657%22%2C%22label_below%22%3A%22Investeringar%2C%20MN%20%E2%82%AC%22%7D%2C%7B%22number%22%3A%228600%22%2C%22label_below%22%3A%22Byggnader%22%7D%2C%7B%22number%22%3A%225%2C3%22%2C%22label_below%22%3A%22Koncern%20balansr%C3%A4kning%2C%20MD%20%E2%82%AC%22%7D%5D&#8221; title=&#8221;Senatkoncernens nyckeltal 2023&#8243;][\/vc_column][\/vc_row][vc_row][vc_column width=&#8221;1\/2&#8243;][senaatti_feature_small heading=&#8221;V\u00e5r strategi&#8221; text=&#8221;V\u00e5rt m\u00e5l \u00e4r att f\u00f6r v\u00e5ra kunder skapa arbetsmilj\u00f6er, som ger b\u00e4ttre prestationsf\u00f6rm\u00e5ga i arbetet och minskar p\u00e5 statens lokalkostnader.&#8221; btn=&#8221;url:https%3A%2F%2Ftesti-e2c55b704894.senaatti.fi%2Fsv%2Fom-oss%2Fvar-strategi%2F|title:L%C3%A4s%20mer%20om%20v%C3%A5r%20strategi&#8221; image=&#8221;49891&#8243;][\/vc_column][vc_column width=&#8221;1\/2&#8243;][senaatti_feature_small heading=&#8221;Samh\u00e4llsansvaret styr allt vi g\u00f6r&#8221; text=&#8221;V\u00e5r aff\u00e4rsverksamhet baserar sig till alla delar p\u00e5 samh\u00e4llsansvaret: vi b\u00e4r v\u00e5rt ansvar f\u00f6r en h\u00e5llbar utveckling genom att beakta s\u00e5v\u00e4l ekonomiska, sociala som milj\u00f6relaterade aspekter, utan att gl\u00f6mma bort byggnaders kulturella v\u00e4rde.&#8221; btn=&#8221;url:https%3A%2F%2Ftesti-e2c55b704894.senaatti.fi%2Fsv%2Fom-oss%2Fsamhallsansvar%2F|title:L%C3%A4s%20mer%20om%20v%C3%A5r%20samh%C3%A4llsansvar&#8221; image=&#8221;51781&#8243;][\/vc_column][\/vc_row][vc_row][vc_column][senaatti_liftcards card=&#8221;%5B%7B%22label%22%3A%22Organisation%22%2C%22link%22%3A%22url%3Ahttps%253A%252F%252Ftesti-e2c55b704894.senaatti.fi%252Fsv%252Fom-oss%252Forganisation%252F%7Ctitle%3AOrganisation%22%2C%22description%22%3A%22Senatkoncernen%20best%C3%A5r%20av%20Senatfastigheter%20och%20dess%20dotteraff%C3%A4rsverk%20F%C3%B6rsvarsfastigheter.%20Till%20koncernen%20h%C3%B6r%20dessutom%20Senatstationfastigheter%20Ab.%22%2C%22image%22%3A%2242259%22%7D%2C%7B%22label%22%3A%22F%C3%B6rvaltning%20och%20ledning%22%2C%22link%22%3A%22url%3Ahttps%253A%252F%252Ftesti-e2c55b704894.senaatti.fi%252Fsv%252Fom-oss%252Forganisation%252Fforvaltning-och-ledning%252F%7Ctitle%3AF%25C3%25B6rvaltning%2520och%2520ledning%22%2C%22description%22%3A%22Senatfastigheter%20%C3%A4r%20ett%20aff%C3%A4rsverk%20som%20lyder%20under%20finansministeriet%20och%20vars%20verksamhet%20regleras%20genom%20lagen%20om%20statliga%20aff%C3%A4rsverk%20och%20statsr%C3%A5dets%20f%C3%B6rordning%20om%20Senatfastigheter.%22%2C%22image%22%3A%2235996%22%7D%2C%7B%22label%22%3A%22Senatfastigheter%20som%20arbetsgivare%22%2C%22link%22%3A%22url%3Ahttps%253A%252F%252Ftesti-e2c55b704894.senaatti.fi%252Fsv%252Fjobba-pa-senatfastigheter%252Fansvarsfull-arbetsgivare%252F%7Ctitle%3AAnsvarsfull%2520arbetsgivare%22%2C%22description%22%3A%22Vi%20str%C3%A4var%20p%C3%A5%20m%C3%A5nga%20olika%20s%C3%A4tt%20efter%20att%20s%C3%A4kerst%C3%A4lla%20att%20v%C3%A5ra%20anst%C3%A4llda%20har%20f%C3%B6ruts%C3%A4ttningar%20att%20lyckas%20i%20sitt%20arbete.%20Vi%20satsar%20konsekvent%20p%C3%A5%20att%20utveckla%20v%C3%A5ra%20anst%C3%A4lldas%20yrkesskicklighet%20och%20kompetens.%22%2C%22image%22%3A%2251027%22%7D%2C%7B%22label%22%3A%22Ekonomi%22%2C%22link%22%3A%22url%3Ahttps%253A%252F%252Ftesti-e2c55b704894.senaatti.fi%252Fsv%252Fom-oss%252Fekonomi%252F%7Ctitle%3AEkonomi%22%2C%22description%22%3A%22Senatfastigheter%20%C3%A4r%20en%20aff%C3%A4rsverkskoncern%20som%20lyder%20under%20finansministeriet%20och%20som%20finansierar%20sin%20verksamhet%20sj%C3%A4lv%20och%20som%20inte%20ing%C3%A5r%20i%20statens%20egentliga%20budgetekonomi.%20Senatfastigheter%20g%C3%B6r%20ingen%20vinst%20p%C3%A5%20statskundernas%20hyror.%20%22%2C%22image%22%3A%2236903%22%7D%5D&#8221;][\/vc_column][\/vc_row][vc_row][vc_column][senaatti_feature background_color=&#8221;bg-white&#8221; heading=&#8221;F\u00f6r b\u00e4ttre inomhusf\u00f6rh\u00e5llanden&#8221; text=&#8221;Vi vill se till att alla som vid \u00e4mbetsverk, anstalter, kaserner och kontor arbetar f\u00f6r v\u00e4lf\u00e4rd, ordning och s\u00e4kerhet i Finland har de b\u00e4sta f\u00f6ruts\u00e4ttningarna att lyckas i sitt arbete.&#8221; image=&#8221;35560&#8243; btn=&#8221;url:https%3A%2F%2Ftesti-e2c55b704894.senaatti.fi%2Fsv%2Fom-oss%2Finomhusforhallanden%2F|title:L%C3%A4s%20mer&#8221;][\/senaatti_feature][\/vc_column][\/vc_row]<\/p>\n<\/div>","protected":false},"excerpt":{"rendered":"<p>[vc_row][vc_column][senaatti_hero heading=&#8221;Om oss&#8221; text=&#8221;Senatfastigheter \u00e4r en fastighetsexpert och partner ifr\u00e5ga om kontorslokaler f\u00f6r Finlands statsf\u00f6rvaltning och f\u00f6rsvarsf\u00f6rvaltning. Tillsammans med v\u00e5ra kunder skapar vi arbetsmilj\u00f6er som beaktar s\u00e4rdragen i deras verksamhet och ansvarar f\u00f6r underh\u00e5llet av dem. Vi vill erbjuda de b\u00e4sta omst\u00e4ndigheterna och f\u00f6ruts\u00e4ttningarna f\u00f6r att utf\u00f6ra det arbete som g\u00f6r detta land till det [&hellip;]<\/p>\n","protected":false},"author":67,"featured_media":0,"parent":0,"menu_order":28,"comment_status":"closed","ping_status":"closed","template":"","meta":{"_acf_changed":false,"footnotes":""},"class_list":["post-53451","page","type-page","status-publish","hentry"],"acf":[],"yoast_head":"<!-- This site is optimized with the Yoast SEO plugin v23.9 - https:\/\/yoast.com\/wordpress\/plugins\/seo\/ -->\n<title>Om oss - Senatfastigheter<\/title>\n<meta name=\"description\" content=\"Senatfastigheter \u00e4r en fastighetsexpert och partner inom kontorslokaler f\u00f6r Finlands statsf\u00f6rvaltning och f\u00f6rsvarsf\u00f6rvaltning.\" \/>\n<meta name=\"robots\" content=\"noindex, follow, max-snippet:-1, max-image-preview:large, max-video-preview:-1\" \/>\n<meta property=\"og:locale\" content=\"sv_SE\" \/>\n<meta property=\"og:type\" content=\"article\" \/>\n<meta property=\"og:title\" content=\"Om oss - Senatfastigheter\" \/>\n<meta property=\"og:description\" content=\"Senatfastigheter \u00e4r en fastighetsexpert och partner inom kontorslokaler f\u00f6r Finlands statsf\u00f6rvaltning och f\u00f6rsvarsf\u00f6rvaltning.\" \/>\n<meta property=\"og:url\" content=\"https:\/\/testi-e2c55b704894.senaatti.fi\/sv\/om-oss\/\" \/>\n<meta property=\"og:site_name\" content=\"Senaatti\" \/>\n<meta property=\"article:publisher\" content=\"https:\/\/www.facebook.com\/SenaattiKiinteistot\/\" \/>\n<meta property=\"article:modified_time\" content=\"2024-12-13T13:39:50+00:00\" \/>\n<meta property=\"og:image\" content=\"https:\/\/testi-e2c55b704894.senaatti.fi\/app\/uploads\/2021\/01\/Senaatti_FB_profiili_1200x630-1024x538.png\" \/>\n\t<meta property=\"og:image:width\" content=\"1024\" \/>\n\t<meta property=\"og:image:height\" content=\"538\" \/>\n\t<meta property=\"og:image:type\" content=\"image\/png\" \/>\n<meta name=\"twitter:card\" content=\"summary_large_image\" \/>\n<meta name=\"twitter:site\" content=\"@SenaattiK\" \/>\n<meta name=\"twitter:label1\" content=\"Ber\u00e4knad l\u00e4stid\" \/>\n\t<meta name=\"twitter:data1\" content=\"2 minuter\" \/>\n<script type=\"application\/ld+json\" class=\"yoast-schema-graph\">{\"@context\":\"https:\/\/schema.org\",\"@graph\":[{\"@type\":\"WebPage\",\"@id\":\"https:\/\/testi-e2c55b704894.senaatti.fi\/sv\/om-oss\/\",\"url\":\"https:\/\/testi-e2c55b704894.senaatti.fi\/sv\/om-oss\/\",\"name\":\"Om oss - Senatfastigheter\",\"isPartOf\":{\"@id\":\"https:\/\/www.senaatti.fi\/#website\"},\"datePublished\":\"2022-09-30T09:59:32+00:00\",\"dateModified\":\"2024-12-13T13:39:50+00:00\",\"description\":\"Senatfastigheter \u00e4r en fastighetsexpert och partner inom kontorslokaler f\u00f6r Finlands statsf\u00f6rvaltning och f\u00f6rsvarsf\u00f6rvaltning.\",\"breadcrumb\":{\"@id\":\"https:\/\/testi-e2c55b704894.senaatti.fi\/sv\/om-oss\/#breadcrumb\"},\"inLanguage\":\"sv-SE\",\"potentialAction\":[{\"@type\":\"ReadAction\",\"target\":[\"https:\/\/testi-e2c55b704894.senaatti.fi\/sv\/om-oss\/\"]}]},{\"@type\":\"BreadcrumbList\",\"@id\":\"https:\/\/testi-e2c55b704894.senaatti.fi\/sv\/om-oss\/#breadcrumb\",\"itemListElement\":[{\"@type\":\"ListItem\",\"position\":1,\"name\":\"Hem\",\"item\":\"https:\/\/www.senaatti.fi\/sv\/\"},{\"@type\":\"ListItem\",\"position\":2,\"name\":\"Om oss\"}]},{\"@type\":\"WebSite\",\"@id\":\"https:\/\/www.senaatti.fi\/#website\",\"url\":\"https:\/\/www.senaatti.fi\/\",\"name\":\"Senaatti\",\"description\":\"Just another WordPress site\",\"publisher\":{\"@id\":\"https:\/\/www.senaatti.fi\/#organization\"},\"potentialAction\":[{\"@type\":\"SearchAction\",\"target\":{\"@type\":\"EntryPoint\",\"urlTemplate\":\"https:\/\/www.senaatti.fi\/?s={search_term_string}\"},\"query-input\":{\"@type\":\"PropertyValueSpecification\",\"valueRequired\":true,\"valueName\":\"search_term_string\"}}],\"inLanguage\":\"sv-SE\"},{\"@type\":\"Organization\",\"@id\":\"https:\/\/www.senaatti.fi\/#organization\",\"name\":\"Senaatti-kiinteist\u00f6t\",\"url\":\"https:\/\/www.senaatti.fi\/\",\"logo\":{\"@type\":\"ImageObject\",\"inLanguage\":\"sv-SE\",\"@id\":\"https:\/\/www.senaatti.fi\/#\/schema\/logo\/image\/\",\"url\":\"https:\/\/testi-e2c55b704894.senaatti.fi\/app\/uploads\/2021\/01\/Senaatti_FB_profiili_1200x630.png\",\"contentUrl\":\"https:\/\/testi-e2c55b704894.senaatti.fi\/app\/uploads\/2021\/01\/Senaatti_FB_profiili_1200x630.png\",\"width\":1201,\"height\":631,\"caption\":\"Senaatti-kiinteist\u00f6t\"},\"image\":{\"@id\":\"https:\/\/www.senaatti.fi\/#\/schema\/logo\/image\/\"},\"sameAs\":[\"https:\/\/www.facebook.com\/SenaattiKiinteistot\/\",\"https:\/\/x.com\/SenaattiK\",\"https:\/\/www.linkedin.com\/company\/senate-properties\",\"https:\/\/www.youtube.com\/channel\/UCunSUhMjKd5KqASPgBrndkQ\"]}]}<\/script>\n<!-- \/ Yoast SEO plugin. -->","yoast_head_json":{"title":"Om oss - Senatfastigheter","description":"Senatfastigheter \u00e4r en fastighetsexpert och partner inom kontorslokaler f\u00f6r Finlands statsf\u00f6rvaltning och f\u00f6rsvarsf\u00f6rvaltning.","robots":{"index":"noindex","follow":"follow","max-snippet":"max-snippet:-1","max-image-preview":"max-image-preview:large","max-video-preview":"max-video-preview:-1"},"og_locale":"sv_SE","og_type":"article","og_title":"Om oss - Senatfastigheter","og_description":"Senatfastigheter \u00e4r en fastighetsexpert och partner inom kontorslokaler f\u00f6r Finlands statsf\u00f6rvaltning och f\u00f6rsvarsf\u00f6rvaltning.","og_url":"https:\/\/testi-e2c55b704894.senaatti.fi\/sv\/om-oss\/","og_site_name":"Senaatti","article_publisher":"https:\/\/www.facebook.com\/SenaattiKiinteistot\/","article_modified_time":"2024-12-13T13:39:50+00:00","og_image":[{"width":1024,"height":538,"url":"https:\/\/testi-e2c55b704894.senaatti.fi\/app\/uploads\/2021\/01\/Senaatti_FB_profiili_1200x630-1024x538.png","type":"image\/png"}],"twitter_card":"summary_large_image","twitter_site":"@SenaattiK","twitter_misc":{"Ber\u00e4knad l\u00e4stid":"2 minuter"},"schema":{"@context":"https:\/\/schema.org","@graph":[{"@type":"WebPage","@id":"https:\/\/testi-e2c55b704894.senaatti.fi\/sv\/om-oss\/","url":"https:\/\/testi-e2c55b704894.senaatti.fi\/sv\/om-oss\/","name":"Om oss - Senatfastigheter","isPartOf":{"@id":"https:\/\/www.senaatti.fi\/#website"},"datePublished":"2022-09-30T09:59:32+00:00","dateModified":"2024-12-13T13:39:50+00:00","description":"Senatfastigheter \u00e4r en fastighetsexpert och partner inom kontorslokaler f\u00f6r Finlands statsf\u00f6rvaltning och f\u00f6rsvarsf\u00f6rvaltning.","breadcrumb":{"@id":"https:\/\/testi-e2c55b704894.senaatti.fi\/sv\/om-oss\/#breadcrumb"},"inLanguage":"sv-SE","potentialAction":[{"@type":"ReadAction","target":["https:\/\/testi-e2c55b704894.senaatti.fi\/sv\/om-oss\/"]}]},{"@type":"BreadcrumbList","@id":"https:\/\/testi-e2c55b704894.senaatti.fi\/sv\/om-oss\/#breadcrumb","itemListElement":[{"@type":"ListItem","position":1,"name":"Hem","item":"https:\/\/www.senaatti.fi\/sv\/"},{"@type":"ListItem","position":2,"name":"Om oss"}]},{"@type":"WebSite","@id":"https:\/\/www.senaatti.fi\/#website","url":"https:\/\/www.senaatti.fi\/","name":"Senaatti","description":"Just another WordPress site","publisher":{"@id":"https:\/\/www.senaatti.fi\/#organization"},"potentialAction":[{"@type":"SearchAction","target":{"@type":"EntryPoint","urlTemplate":"https:\/\/www.senaatti.fi\/?s={search_term_string}"},"query-input":{"@type":"PropertyValueSpecification","valueRequired":true,"valueName":"search_term_string"}}],"inLanguage":"sv-SE"},{"@type":"Organization","@id":"https:\/\/www.senaatti.fi\/#organization","name":"Senaatti-kiinteist\u00f6t","url":"https:\/\/www.senaatti.fi\/","logo":{"@type":"ImageObject","inLanguage":"sv-SE","@id":"https:\/\/www.senaatti.fi\/#\/schema\/logo\/image\/","url":"https:\/\/testi-e2c55b704894.senaatti.fi\/app\/uploads\/2021\/01\/Senaatti_FB_profiili_1200x630.png","contentUrl":"https:\/\/testi-e2c55b704894.senaatti.fi\/app\/uploads\/2021\/01\/Senaatti_FB_profiili_1200x630.png","width":1201,"height":631,"caption":"Senaatti-kiinteist\u00f6t"},"image":{"@id":"https:\/\/www.senaatti.fi\/#\/schema\/logo\/image\/"},"sameAs":["https:\/\/www.facebook.com\/SenaattiKiinteistot\/","https:\/\/x.com\/SenaattiK","https:\/\/www.linkedin.com\/company\/senate-properties","https:\/\/www.youtube.com\/channel\/UCunSUhMjKd5KqASPgBrndkQ"]}]}},"publishpress_future_action":{"enabled":false,"date":"2026-04-11 05:58:30","action":"change-status","newStatus":"draft","terms":[],"taxonomy":"translation_priority"},"_links":{"self":[{"href":"https:\/\/testi-e2c55b704894.senaatti.fi\/sv\/wp-json\/wp\/v2\/pages\/53451","targetHints":{"allow":["GET"]}}],"collection":[{"href":"https:\/\/testi-e2c55b704894.senaatti.fi\/sv\/wp-json\/wp\/v2\/pages"}],"about":[{"href":"https:\/\/testi-e2c55b704894.senaatti.fi\/sv\/wp-json\/wp\/v2\/types\/page"}],"author":[{"embeddable":true,"href":"https:\/\/testi-e2c55b704894.senaatti.fi\/sv\/wp-json\/wp\/v2\/users\/67"}],"replies":[{"embeddable":true,"href":"https:\/\/testi-e2c55b704894.senaatti.fi\/sv\/wp-json\/wp\/v2\/comments?post=53451"}],"version-history":[{"count":10,"href":"https:\/\/testi-e2c55b704894.senaatti.fi\/sv\/wp-json\/wp\/v2\/pages\/53451\/revisions"}],"predecessor-version":[{"id":78645,"href":"https:\/\/testi-e2c55b704894.senaatti.fi\/sv\/wp-json\/wp\/v2\/pages\/53451\/revisions\/78645"}],"wp:attachment":[{"href":"https:\/\/testi-e2c55b704894.senaatti.fi\/sv\/wp-json\/wp\/v2\/media?parent=53451"}],"curies":[{"name":"wp","href":"https:\/\/api.w.org\/{rel}","templated":true}]}}