{"id":5713,"date":"2017-04-12T13:10:47","date_gmt":"2017-04-12T10:10:47","guid":{"rendered":"https:\/\/testi-e2c55b704894.senaatti.fi\/tietoa-senaatista\/organisation\/alueet\/"},"modified":"2024-04-04T13:30:58","modified_gmt":"2024-04-04T10:30:58","slug":"regionerna","status":"publish","type":"page","link":"https:\/\/testi-e2c55b704894.senaatti.fi\/sv\/om-oss\/organisation\/regionerna\/","title":{"rendered":"Regionerna"},"content":{"rendered":"<div class=\"wpb-content-wrapper\"><p>[vc_row][vc_column][senaatti_hero heading=&#8221;Regionerna&#8221; text=&#8221;F\u00f6r kundservice, uthyrning av fastigheter, disponentverksamhet och fr\u00e5gor som g\u00e4ller fastighetsf\u00f6rvaltning ansvarar Senatfastigheters regionala organisation som best\u00e5r av fyra regioner. Regionen leds av regiondirekt\u00f6r.&#8221; image=&#8221;51027&#8243; btn=&#8221;url:https%3A%2F%2Ftesti-e2c55b704894.senaatti.fi%2Fsv%2Fkontakt%2Flokaler%2F|title:V%C3%A5ra%20lokaler||&#8221;][\/vc_column][\/vc_row][vc_row][vc_column][senaatti_feature align=&#8221;right&#8221; background_color=&#8221;bg-white&#8221; heading=&#8221;S\u00f6dra Finlands region&#8221; text=&#8221;S\u00f6dra Finlands region best\u00e5r av landskapen Nyland och \u00d6stra Nyland. Regionens kontor ligger i Helsingfors. Den \u00e4r till sin areal den minsta av Senatfastigheters regioner, men till kundantalet och fastighetsmassan st\u00f6rst.<\/p>\n<p>Kunder \u00e4r bl.a. ministerier, statens centralf\u00f6rvaltning samt forsknings- och kulturinstitut. M\u00e5nga av regionens fastigheter \u00e4r historiska och v\u00e4rdefulla, till exempel St\u00e4nderhuset, Statens konstmuseums fastigheter och Finlands nationalopera.<\/p>\n<p>Regiondirekt\u00f6ren \u00e4r <strong>Petri Turku<\/strong>, +358405016252.<br \/>\nV\u00e5ra e-postadresser har formen fornamn.efternamn@senaatti.fi&#8221; image=&#8221;2595&#8243; btn=&#8221;url:|title:|target:|&#8221;][\/senaatti_feature][\/vc_column][\/vc_row][vc_row][vc_column][senaatti_feature background_color=&#8221;senaatti-konserni-green-25&#8243; heading=&#8221;\u00d6stra Finlands region&#8221; text=&#8221;\u00d6stra Finlands region best\u00e5r av landskapen P\u00e4ij\u00e4nne-Tavastland, Kymmenedalen, S\u00f6dra Karelen, S\u00f6dra Savolax, Norra Savolax och Norra Karelen. Regionens huvudkontor ligger i Kuopio, dessutom betj\u00e4nas kunderna av kontor i Kouvola.<\/p>\n<p>Regionens kunder \u00e4r flera statliga \u00e4mbetsverk och forskningsinstitut. En stor och utmanande grupp best\u00e5r av kunderna inom f\u00f6rsvars- och s\u00e4kerhetsbranschen: f\u00f6rsvarsmakten, gr\u00e4nsbevakningsv\u00e4sendet, tullen och f\u00e5ngv\u00e5rdsv\u00e4sendet. R\u00e4ddningsinstitutet med \u00f6vningsomr\u00e5de i Kuopio \u00e4r ett av regionens specialobjekt.<\/p>\n<p>Regiondirekt\u00f6ren \u00e4r <strong>Pasi Haataja<\/strong>, +358400543440.<br \/>\nV\u00e5ra e-postadresser har formen fornamn.efternamn@senaatti.fi&#8221; image=&#8221;2600&#8243; btn=&#8221;url:|title:|target:|&#8221;][\/senaatti_feature][\/vc_column][\/vc_row][vc_row][vc_column][senaatti_feature align=&#8221;right&#8221; background_color=&#8221;bg-white&#8221; heading=&#8221;V\u00e4stra Finlands region&#8221; text=&#8221;V\u00e4stra Finlands region best\u00e5r av landskapen Egentliga Finland, Satakunta, Egentliga Tavastland, \u00c5land, Birkaland, Mellersta Finland, S\u00f6dra \u00d6sterbotten och \u00d6sterbotten.<\/p>\n<p>Regionens huvudkontor ligger i Tammerfors och de andra kontoren i Tavastehus, Jyv\u00e4skyl\u00e4, \u00c5bo och Vasa.<\/p>\n<p>Kunder \u00e4r bl.a. polis-, skatte-, justitie- och f\u00f6rsvarsf\u00f6rvaltningen, lantbrukets forskningscentral, statens \u00e4mbetsverk, l\u00e4roanstalter och forskningsinstitut, till exempel VTT, Polisyrkesh\u00f6gskolan och Luftkrigsskolan. Till kundkretsen h\u00f6r ocks\u00e5 justitieministeriet, f\u00e4ngelser samt sjukhuset i Gamla Vasa sjukhus.<\/p>\n<p>Som regiondirekt\u00f6r verkar <strong>Pauli Rantam\u00e4ki<\/strong>, +358406694948. Han \u00e4r ocks\u00e5 ansvarig f\u00f6r v\u00e5ra kontor i Tammerfors och Tavastehus. Regiondirekt\u00f6r i \u00c5bo \u00e4r <strong>Pekka Koskinen<\/strong>, +358406738777 och regiondirekt\u00f6r i Jyv\u00e4skyl\u00e4 och Vasa \u00e4r <strong>Marko Jalkanen<\/strong>, +358405655622.<\/p>\n<p>V\u00e5ra e-postadresser har formen fornamn.efternamn@senaatti.fi&#8221; image=&#8221;2602&#8243; btn=&#8221;url:|title:|target:|&#8221;][\/senaatti_feature][\/vc_column][\/vc_row][vc_row][vc_column][senaatti_feature background_color=&#8221;senaatti-konserni-green-25&#8243; heading=&#8221;Norra Finlands region&#8221; text=&#8221;Norra Finlands region best\u00e5r av landskapen Norra \u00d6sterbotten, Kajanaland och Lappland. Regionens huvudkontor ligger i Ule\u00e5borg, dessutom betj\u00e4nas kunderna av kontoret i Rovaniemi. Till sin areal \u00e4r Norra Finlands region den st\u00f6rsta av Senatfastigheters regioner.<\/p>\n<p>V\u00e5ra st\u00f6rsta kunder \u00e4r bl.a. f\u00e4ngelserna i Pelso och Ule\u00e5borg, skattemyndigheten, Regionf\u00f6rvaltningsverket i Norra Finland och Lappland, polisinr\u00e4ttningen i Ule\u00e5borg, Sameomr\u00e5dets utbildningscentral samt stiftelsen f\u00f6r samemuseet Sami-Museum.<\/p>\n<p>Regiondirekt\u00f6ren \u00e4r <strong>Lauri Peltonen<\/strong>, +358405097950.<br \/>\nV\u00e5ra e-postadresser har formen fornamn.efternamn@senaatti.fi&#8221; image=&#8221;2605&#8243; btn=&#8221;url:|title:|target:|&#8221;][\/senaatti_feature][\/vc_column][\/vc_row]<\/p>\n<\/div>","protected":false},"excerpt":{"rendered":"<p>[vc_row][vc_column][senaatti_hero heading=&#8221;Regionerna&#8221; text=&#8221;F\u00f6r kundservice, uthyrning av fastigheter, disponentverksamhet och fr\u00e5gor som g\u00e4ller fastighetsf\u00f6rvaltning ansvarar Senatfastigheters regionala organisation som best\u00e5r av fyra regioner. Regionen leds av regiondirekt\u00f6r.&#8221; image=&#8221;51027&#8243; btn=&#8221;url:https%3A%2F%2Ftesti-e2c55b704894.senaatti.fi%2Fsv%2Fkontakt%2Flokaler%2F|title:V%C3%A5ra%20lokaler||&#8221;][\/vc_column][\/vc_row][vc_row][vc_column][senaatti_feature align=&#8221;right&#8221; background_color=&#8221;bg-white&#8221; heading=&#8221;S\u00f6dra Finlands region&#8221; text=&#8221;S\u00f6dra Finlands region best\u00e5r av landskapen Nyland och \u00d6stra Nyland. Regionens kontor ligger i Helsingfors. Den \u00e4r till sin areal den minsta [&hellip;]<\/p>\n","protected":false},"author":11,"featured_media":0,"parent":55938,"menu_order":5,"comment_status":"closed","ping_status":"closed","template":"","meta":{"_acf_changed":false,"footnotes":""},"class_list":["post-5713","page","type-page","status-publish","hentry"],"acf":[],"yoast_head":"<!-- This site is optimized with the Yoast SEO plugin v23.9 - https:\/\/yoast.com\/wordpress\/plugins\/seo\/ -->\n<title>Regionerna - Senaatti<\/title>\n<meta name=\"robots\" content=\"noindex, follow, max-snippet:-1, max-image-preview:large, max-video-preview:-1\" \/>\n<meta property=\"og:locale\" content=\"sv_SE\" \/>\n<meta property=\"og:type\" content=\"article\" \/>\n<meta property=\"og:title\" content=\"Regionerna - Senaatti\" \/>\n<meta property=\"og:description\" content=\"[vc_row][vc_column][senaatti_hero heading=&#8221;Regionerna&#8221; text=&#8221;F\u00f6r kundservice, uthyrning av fastigheter, disponentverksamhet och fr\u00e5gor som g\u00e4ller fastighetsf\u00f6rvaltning ansvarar Senatfastigheters regionala organisation som best\u00e5r av fyra regioner. Regionen leds av regiondirekt\u00f6r.&#8221; image=&#8221;51027&#8243; btn=&#8221;url:https%3A%2F%2Ftesti-e2c55b704894.senaatti.fi%2Fsv%2Fkontakt%2Flokaler%2F|title:V%C3%A5ra%20lokaler||&#8221;][\/vc_column][\/vc_row][vc_row][vc_column][senaatti_feature align=&#8221;right&#8221; background_color=&#8221;bg-white&#8221; heading=&#8221;S\u00f6dra Finlands region&#8221; text=&#8221;S\u00f6dra Finlands region best\u00e5r av landskapen Nyland och \u00d6stra Nyland. Regionens kontor ligger i Helsingfors. Den \u00e4r till sin areal den minsta [&hellip;]\" \/>\n<meta property=\"og:url\" content=\"https:\/\/testi-e2c55b704894.senaatti.fi\/sv\/om-oss\/organisation\/regionerna\/\" \/>\n<meta property=\"og:site_name\" content=\"Senaatti\" \/>\n<meta property=\"article:publisher\" content=\"https:\/\/www.facebook.com\/SenaattiKiinteistot\/\" \/>\n<meta property=\"article:modified_time\" content=\"2024-04-04T10:30:58+00:00\" \/>\n<meta property=\"og:image\" content=\"https:\/\/testi-e2c55b704894.senaatti.fi\/app\/uploads\/2021\/01\/Senaatti_FB_profiili_1200x630-1024x538.png\" \/>\n\t<meta property=\"og:image:width\" content=\"1024\" \/>\n\t<meta property=\"og:image:height\" content=\"538\" \/>\n\t<meta property=\"og:image:type\" content=\"image\/png\" \/>\n<meta name=\"twitter:card\" content=\"summary_large_image\" \/>\n<meta name=\"twitter:site\" content=\"@SenaattiK\" \/>\n<meta name=\"twitter:label1\" content=\"Ber\u00e4knad l\u00e4stid\" \/>\n\t<meta name=\"twitter:data1\" content=\"3 minuter\" \/>\n<script type=\"application\/ld+json\" class=\"yoast-schema-graph\">{\"@context\":\"https:\/\/schema.org\",\"@graph\":[{\"@type\":\"WebPage\",\"@id\":\"https:\/\/testi-e2c55b704894.senaatti.fi\/sv\/om-oss\/organisation\/regionerna\/\",\"url\":\"https:\/\/testi-e2c55b704894.senaatti.fi\/sv\/om-oss\/organisation\/regionerna\/\",\"name\":\"Regionerna - Senaatti\",\"isPartOf\":{\"@id\":\"https:\/\/www.senaatti.fi\/#website\"},\"datePublished\":\"2017-04-12T10:10:47+00:00\",\"dateModified\":\"2024-04-04T10:30:58+00:00\",\"breadcrumb\":{\"@id\":\"https:\/\/testi-e2c55b704894.senaatti.fi\/sv\/om-oss\/organisation\/regionerna\/#breadcrumb\"},\"inLanguage\":\"sv-SE\",\"potentialAction\":[{\"@type\":\"ReadAction\",\"target\":[\"https:\/\/testi-e2c55b704894.senaatti.fi\/sv\/om-oss\/organisation\/regionerna\/\"]}]},{\"@type\":\"BreadcrumbList\",\"@id\":\"https:\/\/testi-e2c55b704894.senaatti.fi\/sv\/om-oss\/organisation\/regionerna\/#breadcrumb\",\"itemListElement\":[{\"@type\":\"ListItem\",\"position\":1,\"name\":\"Hem\",\"item\":\"https:\/\/www.senaatti.fi\/sv\/\"},{\"@type\":\"ListItem\",\"position\":2,\"name\":\"Om oss\",\"item\":\"https:\/\/www.senaatti.fi\/sv\/om-oss\/\"},{\"@type\":\"ListItem\",\"position\":3,\"name\":\"Organisation\",\"item\":\"https:\/\/www.senaatti.fi\/sv\/om-oss\/organisation\/\"},{\"@type\":\"ListItem\",\"position\":4,\"name\":\"Regionerna\"}]},{\"@type\":\"WebSite\",\"@id\":\"https:\/\/www.senaatti.fi\/#website\",\"url\":\"https:\/\/www.senaatti.fi\/\",\"name\":\"Senaatti\",\"description\":\"Just another WordPress site\",\"publisher\":{\"@id\":\"https:\/\/www.senaatti.fi\/#organization\"},\"potentialAction\":[{\"@type\":\"SearchAction\",\"target\":{\"@type\":\"EntryPoint\",\"urlTemplate\":\"https:\/\/www.senaatti.fi\/?s={search_term_string}\"},\"query-input\":{\"@type\":\"PropertyValueSpecification\",\"valueRequired\":true,\"valueName\":\"search_term_string\"}}],\"inLanguage\":\"sv-SE\"},{\"@type\":\"Organization\",\"@id\":\"https:\/\/www.senaatti.fi\/#organization\",\"name\":\"Senaatti-kiinteist\u00f6t\",\"url\":\"https:\/\/www.senaatti.fi\/\",\"logo\":{\"@type\":\"ImageObject\",\"inLanguage\":\"sv-SE\",\"@id\":\"https:\/\/www.senaatti.fi\/#\/schema\/logo\/image\/\",\"url\":\"https:\/\/testi-e2c55b704894.senaatti.fi\/app\/uploads\/2021\/01\/Senaatti_FB_profiili_1200x630.png\",\"contentUrl\":\"https:\/\/testi-e2c55b704894.senaatti.fi\/app\/uploads\/2021\/01\/Senaatti_FB_profiili_1200x630.png\",\"width\":1201,\"height\":631,\"caption\":\"Senaatti-kiinteist\u00f6t\"},\"image\":{\"@id\":\"https:\/\/www.senaatti.fi\/#\/schema\/logo\/image\/\"},\"sameAs\":[\"https:\/\/www.facebook.com\/SenaattiKiinteistot\/\",\"https:\/\/x.com\/SenaattiK\",\"https:\/\/www.linkedin.com\/company\/senate-properties\",\"https:\/\/www.youtube.com\/channel\/UCunSUhMjKd5KqASPgBrndkQ\"]}]}<\/script>\n<!-- \/ Yoast SEO plugin. -->","yoast_head_json":{"title":"Regionerna - Senaatti","robots":{"index":"noindex","follow":"follow","max-snippet":"max-snippet:-1","max-image-preview":"max-image-preview:large","max-video-preview":"max-video-preview:-1"},"og_locale":"sv_SE","og_type":"article","og_title":"Regionerna - Senaatti","og_description":"[vc_row][vc_column][senaatti_hero heading=&#8221;Regionerna&#8221; text=&#8221;F\u00f6r kundservice, uthyrning av fastigheter, disponentverksamhet och fr\u00e5gor som g\u00e4ller fastighetsf\u00f6rvaltning ansvarar Senatfastigheters regionala organisation som best\u00e5r av fyra regioner. Regionen leds av regiondirekt\u00f6r.&#8221; image=&#8221;51027&#8243; btn=&#8221;url:https%3A%2F%2Ftesti-e2c55b704894.senaatti.fi%2Fsv%2Fkontakt%2Flokaler%2F|title:V%C3%A5ra%20lokaler||&#8221;][\/vc_column][\/vc_row][vc_row][vc_column][senaatti_feature align=&#8221;right&#8221; background_color=&#8221;bg-white&#8221; heading=&#8221;S\u00f6dra Finlands region&#8221; text=&#8221;S\u00f6dra Finlands region best\u00e5r av landskapen Nyland och \u00d6stra Nyland. Regionens kontor ligger i Helsingfors. Den \u00e4r till sin areal den minsta [&hellip;]","og_url":"https:\/\/testi-e2c55b704894.senaatti.fi\/sv\/om-oss\/organisation\/regionerna\/","og_site_name":"Senaatti","article_publisher":"https:\/\/www.facebook.com\/SenaattiKiinteistot\/","article_modified_time":"2024-04-04T10:30:58+00:00","og_image":[{"width":1024,"height":538,"url":"https:\/\/testi-e2c55b704894.senaatti.fi\/app\/uploads\/2021\/01\/Senaatti_FB_profiili_1200x630-1024x538.png","type":"image\/png"}],"twitter_card":"summary_large_image","twitter_site":"@SenaattiK","twitter_misc":{"Ber\u00e4knad l\u00e4stid":"3 minuter"},"schema":{"@context":"https:\/\/schema.org","@graph":[{"@type":"WebPage","@id":"https:\/\/testi-e2c55b704894.senaatti.fi\/sv\/om-oss\/organisation\/regionerna\/","url":"https:\/\/testi-e2c55b704894.senaatti.fi\/sv\/om-oss\/organisation\/regionerna\/","name":"Regionerna - Senaatti","isPartOf":{"@id":"https:\/\/www.senaatti.fi\/#website"},"datePublished":"2017-04-12T10:10:47+00:00","dateModified":"2024-04-04T10:30:58+00:00","breadcrumb":{"@id":"https:\/\/testi-e2c55b704894.senaatti.fi\/sv\/om-oss\/organisation\/regionerna\/#breadcrumb"},"inLanguage":"sv-SE","potentialAction":[{"@type":"ReadAction","target":["https:\/\/testi-e2c55b704894.senaatti.fi\/sv\/om-oss\/organisation\/regionerna\/"]}]},{"@type":"BreadcrumbList","@id":"https:\/\/testi-e2c55b704894.senaatti.fi\/sv\/om-oss\/organisation\/regionerna\/#breadcrumb","itemListElement":[{"@type":"ListItem","position":1,"name":"Hem","item":"https:\/\/www.senaatti.fi\/sv\/"},{"@type":"ListItem","position":2,"name":"Om oss","item":"https:\/\/www.senaatti.fi\/sv\/om-oss\/"},{"@type":"ListItem","position":3,"name":"Organisation","item":"https:\/\/www.senaatti.fi\/sv\/om-oss\/organisation\/"},{"@type":"ListItem","position":4,"name":"Regionerna"}]},{"@type":"WebSite","@id":"https:\/\/www.senaatti.fi\/#website","url":"https:\/\/www.senaatti.fi\/","name":"Senaatti","description":"Just another WordPress site","publisher":{"@id":"https:\/\/www.senaatti.fi\/#organization"},"potentialAction":[{"@type":"SearchAction","target":{"@type":"EntryPoint","urlTemplate":"https:\/\/www.senaatti.fi\/?s={search_term_string}"},"query-input":{"@type":"PropertyValueSpecification","valueRequired":true,"valueName":"search_term_string"}}],"inLanguage":"sv-SE"},{"@type":"Organization","@id":"https:\/\/www.senaatti.fi\/#organization","name":"Senaatti-kiinteist\u00f6t","url":"https:\/\/www.senaatti.fi\/","logo":{"@type":"ImageObject","inLanguage":"sv-SE","@id":"https:\/\/www.senaatti.fi\/#\/schema\/logo\/image\/","url":"https:\/\/testi-e2c55b704894.senaatti.fi\/app\/uploads\/2021\/01\/Senaatti_FB_profiili_1200x630.png","contentUrl":"https:\/\/testi-e2c55b704894.senaatti.fi\/app\/uploads\/2021\/01\/Senaatti_FB_profiili_1200x630.png","width":1201,"height":631,"caption":"Senaatti-kiinteist\u00f6t"},"image":{"@id":"https:\/\/www.senaatti.fi\/#\/schema\/logo\/image\/"},"sameAs":["https:\/\/www.facebook.com\/SenaattiKiinteistot\/","https:\/\/x.com\/SenaattiK","https:\/\/www.linkedin.com\/company\/senate-properties","https:\/\/www.youtube.com\/channel\/UCunSUhMjKd5KqASPgBrndkQ"]}]}},"publishpress_future_action":{"enabled":false,"date":"2026-04-26 23:47:59","action":"change-status","newStatus":"draft","terms":[],"taxonomy":"translation_priority"},"_links":{"self":[{"href":"https:\/\/testi-e2c55b704894.senaatti.fi\/sv\/wp-json\/wp\/v2\/pages\/5713","targetHints":{"allow":["GET"]}}],"collection":[{"href":"https:\/\/testi-e2c55b704894.senaatti.fi\/sv\/wp-json\/wp\/v2\/pages"}],"about":[{"href":"https:\/\/testi-e2c55b704894.senaatti.fi\/sv\/wp-json\/wp\/v2\/types\/page"}],"author":[{"embeddable":true,"href":"https:\/\/testi-e2c55b704894.senaatti.fi\/sv\/wp-json\/wp\/v2\/users\/11"}],"replies":[{"embeddable":true,"href":"https:\/\/testi-e2c55b704894.senaatti.fi\/sv\/wp-json\/wp\/v2\/comments?post=5713"}],"version-history":[{"count":11,"href":"https:\/\/testi-e2c55b704894.senaatti.fi\/sv\/wp-json\/wp\/v2\/pages\/5713\/revisions"}],"predecessor-version":[{"id":71843,"href":"https:\/\/testi-e2c55b704894.senaatti.fi\/sv\/wp-json\/wp\/v2\/pages\/5713\/revisions\/71843"}],"up":[{"embeddable":true,"href":"https:\/\/testi-e2c55b704894.senaatti.fi\/sv\/wp-json\/wp\/v2\/pages\/55938"}],"wp:attachment":[{"href":"https:\/\/testi-e2c55b704894.senaatti.fi\/sv\/wp-json\/wp\/v2\/media?parent=5713"}],"curies":[{"name":"wp","href":"https:\/\/api.w.org\/{rel}","templated":true}]}}