{"id":57257,"date":"2022-10-24T13:45:11","date_gmt":"2022-10-24T10:45:11","guid":{"rendered":"https:\/\/testi-e2c55b704894.senaatti.fi\/?page_id=57257"},"modified":"2025-01-09T14:52:06","modified_gmt":"2025-01-09T12:52:06","slug":"kontakt","status":"publish","type":"page","link":"https:\/\/testi-e2c55b704894.senaatti.fi\/sv\/kontakt\/","title":{"rendered":"Kontakt"},"content":{"rendered":"<div class=\"wpb-content-wrapper\"><p>[vc_row][vc_column][senaatti_hero heading=&#8221;Kontakt&#8221; text=&#8221;H\u00e4r finner du v\u00e5ra kontaktuppgifter och lokaler.<br \/>\nI v\u00e5r e-tj\u00e4nst kan du logga in p\u00e5 v\u00e5ra elektroniska tj\u00e4nster, f\u00f6r vilka du har anv\u00e4ndaruppgifter.&#8221; btn=&#8221;url:https%3A%2F%2Fasiointi-testi-e2c55b704894.senaatti.fi%2Fsv%2F|title:E-tj%C3%A4nst&#8221;][\/vc_column][\/vc_row][vc_row][vc_column width=&#8221;1\/2&#8243;][senaatti_feature_small heading=&#8221;Senatfastigheter&#8221; text=&#8221;F\u00e5gelviksgatan 5 A, PB 237<br \/>\n00530 Helsingfors<\/p>\n<p><strong>Riksomfattande v\u00e4xel +358 294 830 000<\/strong><\/p>\n<p><strong>Registratorskontoret: kirjaamo@senaatti.fi<\/strong><br \/>\nTel. +358 294 833 203 (kl. 9 &#8211; 15.15)<br \/>\nOfficiell servicebeg\u00e4ran och f\u00f6rfr\u00e5gningar kan s\u00e4ndas till registratorskontoret.<\/p>\n<p>FO-nummer 1503388-4&#8243; btn=&#8221;url:https%3A%2F%2Ftesti-e2c55b704894.senaatti.fi%2Fsv%2Fkontakt%2Flokaler%2F|title:V%C3%A5ra%20lokaler&#8221;][\/vc_column][vc_column width=&#8221;1\/2&#8243;][senaatti_feature_small text=&#8221;<strong>V\u00e5ra e-postadresser<\/strong> har formen fornamn.efternamn@senaatti.fi<\/p>\n<p><strong>Dataskyddsombud<\/strong> Petri Konttinen.<\/p>\n<p><strong>V\u00e5r Marknadsf\u00f6ring och kommunikation<\/strong> \u00e4r glada att hj\u00e4lpa dig. V\u00e4lja &#8220;Kommunikation&#8220; nedanf\u00f6r f\u00f6r att se v\u00e5ra kontaktuppgifter.<\/p>\n<p>P\u00e5 sidan <strong>N\u00e4tverket av gemensamma arbetsmilj\u00f6er<\/strong> hittar du information om statens gemensamma arbetsmilj\u00f6er per stad.&#8221; btn=&#8221;url:https%3A%2F%2Ftesti-e2c55b704894.senaatti.fi%2Fsv%2Fgemensamma-arbetsmiljoer%2Flokalnat%2F|title:Gemensamma%20arbetsmilj%C3%B6er&#8221;][\/vc_column][\/vc_row][vc_row][vc_column][senaatti_contacts_filter heading=&#8221;Kontakter&#8221; text=&#8221;Vem s\u00f6ker du? V\u00e4lj kategori f\u00f6r att se kontaktuppgifter.&#8221;][\/vc_column][\/vc_row][vc_row][vc_column][senaatti_feature_lift heading=&#8221;F\u00f6rsvarsfastigheters kontakt&#8221; text=&#8221;F\u00f6rsvarsfastigheters kontaktuppgifter finns p\u00e5 F\u00f6rsvarsfastigheters webbsida.&#8221; image=&#8221;48491&#8243; btn=&#8221;url:https%3A%2F%2Ftesti-e2c55b704894.senaatti.fi%2Fsv%2Fforsvarsfastigheter%2Fkontakt%2F|title:G%C3%A5%20till%20sidan&#8221;][\/senaatti_feature_lift][\/vc_column][\/vc_row]<\/p>\n<\/div>","protected":false},"excerpt":{"rendered":"<p>[vc_row][vc_column][senaatti_hero heading=&#8221;Kontakt&#8221; text=&#8221;H\u00e4r finner du v\u00e5ra kontaktuppgifter och lokaler. I v\u00e5r e-tj\u00e4nst kan du logga in p\u00e5 v\u00e5ra elektroniska tj\u00e4nster, f\u00f6r vilka du har anv\u00e4ndaruppgifter.&#8221; btn=&#8221;url:https%3A%2F%2Fasiointi-testi-e2c55b704894.senaatti.fi%2Fsv%2F|title:E-tj%C3%A4nst&#8221;][\/vc_column][\/vc_row][vc_row][vc_column width=&#8221;1\/2&#8243;][senaatti_feature_small heading=&#8221;Senatfastigheter&#8221; text=&#8221;F\u00e5gelviksgatan 5 A, PB 237 00530 Helsingfors Riksomfattande v\u00e4xel +358 294 830 000 Registratorskontoret: kirjaamo@senaatti.fi Tel. +358 294 833 203 (kl. 9 &#8211; 15.15) Officiell servicebeg\u00e4ran och [&hellip;]<\/p>\n","protected":false},"author":67,"featured_media":0,"parent":0,"menu_order":0,"comment_status":"closed","ping_status":"closed","template":"","meta":{"_acf_changed":false,"footnotes":""},"class_list":["post-57257","page","type-page","status-publish","hentry"],"acf":[],"yoast_head":"<!-- This site is optimized with the Yoast SEO plugin v23.9 - https:\/\/yoast.com\/wordpress\/plugins\/seo\/ -->\n<title>Kontakt - Senaatti<\/title>\n<meta name=\"robots\" content=\"noindex, follow, max-snippet:-1, max-image-preview:large, max-video-preview:-1\" \/>\n<meta property=\"og:locale\" content=\"sv_SE\" \/>\n<meta property=\"og:type\" content=\"article\" \/>\n<meta property=\"og:title\" content=\"Kontakt - Senaatti\" \/>\n<meta property=\"og:description\" content=\"[vc_row][vc_column][senaatti_hero heading=&#8221;Kontakt&#8221; text=&#8221;H\u00e4r finner du v\u00e5ra kontaktuppgifter och lokaler. I v\u00e5r e-tj\u00e4nst kan du logga in p\u00e5 v\u00e5ra elektroniska tj\u00e4nster, f\u00f6r vilka du har anv\u00e4ndaruppgifter.&#8221; btn=&#8221;url:https%3A%2F%2Fasiointi-testi-e2c55b704894.senaatti.fi%2Fsv%2F|title:E-tj%C3%A4nst&#8221;][\/vc_column][\/vc_row][vc_row][vc_column width=&#8221;1\/2&#8243;][senaatti_feature_small heading=&#8221;Senatfastigheter&#8221; text=&#8221;F\u00e5gelviksgatan 5 A, PB 237 00530 Helsingfors Riksomfattande v\u00e4xel +358 294 830 000 Registratorskontoret: kirjaamo@senaatti.fi Tel. +358 294 833 203 (kl. 9 &#8211; 15.15) Officiell servicebeg\u00e4ran och [&hellip;]\" \/>\n<meta property=\"og:url\" content=\"https:\/\/testi-e2c55b704894.senaatti.fi\/sv\/kontakt\/\" \/>\n<meta property=\"og:site_name\" content=\"Senaatti\" \/>\n<meta property=\"article:publisher\" content=\"https:\/\/www.facebook.com\/SenaattiKiinteistot\/\" \/>\n<meta property=\"article:modified_time\" content=\"2025-01-09T12:52:06+00:00\" \/>\n<meta property=\"og:image\" content=\"https:\/\/testi-e2c55b704894.senaatti.fi\/app\/uploads\/2021\/01\/Senaatti_FB_profiili_1200x630-1024x538.png\" \/>\n\t<meta property=\"og:image:width\" content=\"1024\" \/>\n\t<meta property=\"og:image:height\" content=\"538\" \/>\n\t<meta property=\"og:image:type\" content=\"image\/png\" \/>\n<meta name=\"twitter:card\" content=\"summary_large_image\" \/>\n<meta name=\"twitter:site\" content=\"@SenaattiK\" \/>\n<meta name=\"twitter:label1\" content=\"Ber\u00e4knad l\u00e4stid\" \/>\n\t<meta name=\"twitter:data1\" content=\"1 minut\" \/>\n<script type=\"application\/ld+json\" class=\"yoast-schema-graph\">{\"@context\":\"https:\/\/schema.org\",\"@graph\":[{\"@type\":\"WebPage\",\"@id\":\"https:\/\/testi-e2c55b704894.senaatti.fi\/sv\/kontakt\/\",\"url\":\"https:\/\/testi-e2c55b704894.senaatti.fi\/sv\/kontakt\/\",\"name\":\"Kontakt - Senaatti\",\"isPartOf\":{\"@id\":\"https:\/\/www.senaatti.fi\/#website\"},\"datePublished\":\"2022-10-24T10:45:11+00:00\",\"dateModified\":\"2025-01-09T12:52:06+00:00\",\"breadcrumb\":{\"@id\":\"https:\/\/testi-e2c55b704894.senaatti.fi\/sv\/kontakt\/#breadcrumb\"},\"inLanguage\":\"sv-SE\",\"potentialAction\":[{\"@type\":\"ReadAction\",\"target\":[\"https:\/\/testi-e2c55b704894.senaatti.fi\/sv\/kontakt\/\"]}]},{\"@type\":\"BreadcrumbList\",\"@id\":\"https:\/\/testi-e2c55b704894.senaatti.fi\/sv\/kontakt\/#breadcrumb\",\"itemListElement\":[{\"@type\":\"ListItem\",\"position\":1,\"name\":\"Hem\",\"item\":\"https:\/\/www.senaatti.fi\/sv\/\"},{\"@type\":\"ListItem\",\"position\":2,\"name\":\"Kontakt\"}]},{\"@type\":\"WebSite\",\"@id\":\"https:\/\/www.senaatti.fi\/#website\",\"url\":\"https:\/\/www.senaatti.fi\/\",\"name\":\"Senaatti\",\"description\":\"Just another WordPress site\",\"publisher\":{\"@id\":\"https:\/\/www.senaatti.fi\/#organization\"},\"potentialAction\":[{\"@type\":\"SearchAction\",\"target\":{\"@type\":\"EntryPoint\",\"urlTemplate\":\"https:\/\/www.senaatti.fi\/?s={search_term_string}\"},\"query-input\":{\"@type\":\"PropertyValueSpecification\",\"valueRequired\":true,\"valueName\":\"search_term_string\"}}],\"inLanguage\":\"sv-SE\"},{\"@type\":\"Organization\",\"@id\":\"https:\/\/www.senaatti.fi\/#organization\",\"name\":\"Senaatti-kiinteist\u00f6t\",\"url\":\"https:\/\/www.senaatti.fi\/\",\"logo\":{\"@type\":\"ImageObject\",\"inLanguage\":\"sv-SE\",\"@id\":\"https:\/\/www.senaatti.fi\/#\/schema\/logo\/image\/\",\"url\":\"https:\/\/testi-e2c55b704894.senaatti.fi\/app\/uploads\/2021\/01\/Senaatti_FB_profiili_1200x630.png\",\"contentUrl\":\"https:\/\/testi-e2c55b704894.senaatti.fi\/app\/uploads\/2021\/01\/Senaatti_FB_profiili_1200x630.png\",\"width\":1201,\"height\":631,\"caption\":\"Senaatti-kiinteist\u00f6t\"},\"image\":{\"@id\":\"https:\/\/www.senaatti.fi\/#\/schema\/logo\/image\/\"},\"sameAs\":[\"https:\/\/www.facebook.com\/SenaattiKiinteistot\/\",\"https:\/\/x.com\/SenaattiK\",\"https:\/\/www.linkedin.com\/company\/senate-properties\",\"https:\/\/www.youtube.com\/channel\/UCunSUhMjKd5KqASPgBrndkQ\"]}]}<\/script>\n<!-- \/ Yoast SEO plugin. -->","yoast_head_json":{"title":"Kontakt - Senaatti","robots":{"index":"noindex","follow":"follow","max-snippet":"max-snippet:-1","max-image-preview":"max-image-preview:large","max-video-preview":"max-video-preview:-1"},"og_locale":"sv_SE","og_type":"article","og_title":"Kontakt - Senaatti","og_description":"[vc_row][vc_column][senaatti_hero heading=&#8221;Kontakt&#8221; text=&#8221;H\u00e4r finner du v\u00e5ra kontaktuppgifter och lokaler. I v\u00e5r e-tj\u00e4nst kan du logga in p\u00e5 v\u00e5ra elektroniska tj\u00e4nster, f\u00f6r vilka du har anv\u00e4ndaruppgifter.&#8221; btn=&#8221;url:https%3A%2F%2Fasiointi-testi-e2c55b704894.senaatti.fi%2Fsv%2F|title:E-tj%C3%A4nst&#8221;][\/vc_column][\/vc_row][vc_row][vc_column width=&#8221;1\/2&#8243;][senaatti_feature_small heading=&#8221;Senatfastigheter&#8221; text=&#8221;F\u00e5gelviksgatan 5 A, PB 237 00530 Helsingfors Riksomfattande v\u00e4xel +358 294 830 000 Registratorskontoret: kirjaamo@senaatti.fi Tel. +358 294 833 203 (kl. 9 &#8211; 15.15) Officiell servicebeg\u00e4ran och [&hellip;]","og_url":"https:\/\/testi-e2c55b704894.senaatti.fi\/sv\/kontakt\/","og_site_name":"Senaatti","article_publisher":"https:\/\/www.facebook.com\/SenaattiKiinteistot\/","article_modified_time":"2025-01-09T12:52:06+00:00","og_image":[{"width":1024,"height":538,"url":"https:\/\/testi-e2c55b704894.senaatti.fi\/app\/uploads\/2021\/01\/Senaatti_FB_profiili_1200x630-1024x538.png","type":"image\/png"}],"twitter_card":"summary_large_image","twitter_site":"@SenaattiK","twitter_misc":{"Ber\u00e4knad l\u00e4stid":"1 minut"},"schema":{"@context":"https:\/\/schema.org","@graph":[{"@type":"WebPage","@id":"https:\/\/testi-e2c55b704894.senaatti.fi\/sv\/kontakt\/","url":"https:\/\/testi-e2c55b704894.senaatti.fi\/sv\/kontakt\/","name":"Kontakt - Senaatti","isPartOf":{"@id":"https:\/\/www.senaatti.fi\/#website"},"datePublished":"2022-10-24T10:45:11+00:00","dateModified":"2025-01-09T12:52:06+00:00","breadcrumb":{"@id":"https:\/\/testi-e2c55b704894.senaatti.fi\/sv\/kontakt\/#breadcrumb"},"inLanguage":"sv-SE","potentialAction":[{"@type":"ReadAction","target":["https:\/\/testi-e2c55b704894.senaatti.fi\/sv\/kontakt\/"]}]},{"@type":"BreadcrumbList","@id":"https:\/\/testi-e2c55b704894.senaatti.fi\/sv\/kontakt\/#breadcrumb","itemListElement":[{"@type":"ListItem","position":1,"name":"Hem","item":"https:\/\/www.senaatti.fi\/sv\/"},{"@type":"ListItem","position":2,"name":"Kontakt"}]},{"@type":"WebSite","@id":"https:\/\/www.senaatti.fi\/#website","url":"https:\/\/www.senaatti.fi\/","name":"Senaatti","description":"Just another WordPress site","publisher":{"@id":"https:\/\/www.senaatti.fi\/#organization"},"potentialAction":[{"@type":"SearchAction","target":{"@type":"EntryPoint","urlTemplate":"https:\/\/www.senaatti.fi\/?s={search_term_string}"},"query-input":{"@type":"PropertyValueSpecification","valueRequired":true,"valueName":"search_term_string"}}],"inLanguage":"sv-SE"},{"@type":"Organization","@id":"https:\/\/www.senaatti.fi\/#organization","name":"Senaatti-kiinteist\u00f6t","url":"https:\/\/www.senaatti.fi\/","logo":{"@type":"ImageObject","inLanguage":"sv-SE","@id":"https:\/\/www.senaatti.fi\/#\/schema\/logo\/image\/","url":"https:\/\/testi-e2c55b704894.senaatti.fi\/app\/uploads\/2021\/01\/Senaatti_FB_profiili_1200x630.png","contentUrl":"https:\/\/testi-e2c55b704894.senaatti.fi\/app\/uploads\/2021\/01\/Senaatti_FB_profiili_1200x630.png","width":1201,"height":631,"caption":"Senaatti-kiinteist\u00f6t"},"image":{"@id":"https:\/\/www.senaatti.fi\/#\/schema\/logo\/image\/"},"sameAs":["https:\/\/www.facebook.com\/SenaattiKiinteistot\/","https:\/\/x.com\/SenaattiK","https:\/\/www.linkedin.com\/company\/senate-properties","https:\/\/www.youtube.com\/channel\/UCunSUhMjKd5KqASPgBrndkQ"]}]}},"publishpress_future_action":{"enabled":false,"date":"2026-04-27 03:06:11","action":"change-status","newStatus":"draft","terms":[],"taxonomy":"translation_priority"},"_links":{"self":[{"href":"https:\/\/testi-e2c55b704894.senaatti.fi\/sv\/wp-json\/wp\/v2\/pages\/57257","targetHints":{"allow":["GET"]}}],"collection":[{"href":"https:\/\/testi-e2c55b704894.senaatti.fi\/sv\/wp-json\/wp\/v2\/pages"}],"about":[{"href":"https:\/\/testi-e2c55b704894.senaatti.fi\/sv\/wp-json\/wp\/v2\/types\/page"}],"author":[{"embeddable":true,"href":"https:\/\/testi-e2c55b704894.senaatti.fi\/sv\/wp-json\/wp\/v2\/users\/67"}],"replies":[{"embeddable":true,"href":"https:\/\/testi-e2c55b704894.senaatti.fi\/sv\/wp-json\/wp\/v2\/comments?post=57257"}],"version-history":[{"count":10,"href":"https:\/\/testi-e2c55b704894.senaatti.fi\/sv\/wp-json\/wp\/v2\/pages\/57257\/revisions"}],"predecessor-version":[{"id":79050,"href":"https:\/\/testi-e2c55b704894.senaatti.fi\/sv\/wp-json\/wp\/v2\/pages\/57257\/revisions\/79050"}],"wp:attachment":[{"href":"https:\/\/testi-e2c55b704894.senaatti.fi\/sv\/wp-json\/wp\/v2\/media?parent=57257"}],"curies":[{"name":"wp","href":"https:\/\/api.w.org\/{rel}","templated":true}]}}