{"id":57372,"date":"2023-06-28T14:36:26","date_gmt":"2023-06-28T11:36:26","guid":{"rendered":"https:\/\/testi-e2c55b704894.senaatti.fi\/?page_id=57372"},"modified":"2024-02-01T13:44:39","modified_gmt":"2024-02-01T11:44:39","slug":"samhallsansvaret","status":"publish","type":"page","link":"https:\/\/testi-e2c55b704894.senaatti.fi\/sv\/om-oss\/samhallsansvaret\/","title":{"rendered":"Samh\u00e4llsansvaret"},"content":{"rendered":"<div class=\"wpb-content-wrapper\"><p>[vc_row][vc_column][senaatti_hero heading=&#8221;Samh\u00e4llsansvaret styr allt vi g\u00f6r&#8221; text=&#8221;Inom Senatkoncernen \u00e4r samh\u00e4llsansvaret en oskiljaktig del av all v\u00e5r verksamhet. Som ansvarig fastighets\u00e4gare ser vi till att v\u00e5r verksamhet \u00e4r h\u00e5llbar b\u00e5de ur social, ekonomisk och milj\u00f6m\u00e4ssig synvinkel. Samh\u00e4llsansvaret \u00e4r en av h\u00f6rnstenarna i v\u00e5r aff\u00e4rsstrategi och en viktig del av v\u00e5ra handlingsplaner och v\u00e5rt dagliga arbete.&#8221; image=&#8221;64912&#8243;][\/vc_column][\/vc_row][vc_row][vc_column][vc_column_text remove_empty_space_above=&#8221;true&#8221;]<\/p>\n<h2 class=\"feature__title\">Visionen om samh\u00e4llsansvar<\/h2>\n<p>Inom v\u00e5r bransch \u00e4r vi en f\u00f6reg\u00e5ngare inom samh\u00e4llsansvar, som erbjuder sina kunder arbetsmilj\u00f6er som beaktar statens totala intresse och vars aff\u00e4rsverksamhet \u00e4r energi- och materialeffektivt samt ekonomiskt ansvarsfullt.<\/p>\n<p>Som grund f\u00f6r ansvars- och milj\u00f6arbetet anv\u00e4nder Senatfastigheter det certifierade milj\u00f6ledningssystemet ISO 14001, som har utvidgats till att ocks\u00e5 omfatta aspekter som g\u00e4ller ekonomiskt och socialt ansvar.[\/vc_column_text][\/vc_column][\/vc_row][vc_row][vc_column width=&#8221;1\/2&#8243;][senaatti_feature_small heading=&#8221;Ledning av ansvarstagandet&#8221; image=&#8221;5565&#8243; btn=&#8221;url:https%3A%2F%2Ftesti-e2c55b704894.senaatti.fi%2Fsv%2Fom-oss%2Fsamhallsansvaret%2Fledning-av-ansvarstagandet%2F|title:L%C3%A4s%20mer&#8221; text=&#8221;Samh\u00e4llsansvarsaspekter beaktas vid planeringen av aff\u00e4rsstrategin och i de \u00e5rliga verksamhetsplanerna. Varje arbetstagare ansvarar f\u00f6r sin del f\u00f6r att verksamheten f\u00f6ljer \u00f6verenskomna tillv\u00e4gag\u00e5ngss\u00e4tt och att ansvaret beaktas i all verksamhet.&#8221;][\/vc_column][vc_column width=&#8221;1\/2&#8243;][senaatti_feature_small heading=&#8221;Samh\u00e4llsansvarspolicy&#8221; image=&#8221;51042&#8243; text=&#8221;Senatkoncernen tar sitt ansvar f\u00f6r att fr\u00e4mja h\u00e5llbar utveckling och bek\u00e4mpa klimatf\u00f6r\u00e4ndringen genom att i sitt beslutsfattande beakta ekonomiska, sociala och milj\u00f6m\u00e4ssiga aspekter. Senatkoncernens verksamhet styrs av en samh\u00e4llsansvarspolicy som godk\u00e4nts av dess styrelse.&#8221;][\/vc_column][\/vc_row][vc_row][vc_column][vc_column_text remove_empty_space_above=&#8221;true&#8221; remove_empty_space_below=&#8221;true&#8221;]<\/p>\n<h2>Prioriteringar f\u00f6r ansvarstagande<\/h2>\n<p>I Senatkoncernens prioriteringar f\u00f6r ansvarstagande beaktas p\u00e5 ett t\u00e4ckande s\u00e4tt milj\u00f6ansvarsaspekter samt det sociala och ekonomiska ansvarets aspekter. Inom fastighets- och byggbranschen framh\u00e4vs s\u00e4rskilt milj\u00f6aspekter.<\/p>\n<p>Finska staten har f\u00f6rbundit sig till koldioxidneutralitet, cirkul\u00e4r ekonomi och biologisk m\u00e5ngfald. Dessa \u00e5taganden styr ocks\u00e5 Senatkoncernens verksamhet.[\/vc_column_text][\/vc_column][\/vc_row][vc_row][vc_column][senaatti_liftcards heading=&#8221;Milj\u00f6ansvar&#8221; card=&#8221;%5B%7B%22label%22%3A%22Mot%20ett%20koldioxidneutralt%20Finland%202035%22%2C%22link%22%3A%22url%3Ahttps%253A%252F%252Ftesti-e2c55b704894.senaatti.fi%252Fsv%252Fom-oss%252Fsamhallsansvaret%252Fmot-koldioxidneutralitet%252F%7Ctitle%3AL%25C3%25A4s%2520mer%22%2C%22description%22%3A%22Vi%20fr%C3%A4mjar%20Finlands%20m%C3%A5l%20om%20koldioxidneutralitet%20i%20tv%C3%A5%20faser%3A%20koldioxidneutral%20anv%C3%A4ndning%20av%20fastigheter%20och%20koldioxidneutralitet%20vid%20byggande%20och%20reparationer.%20Vi%20st%C3%A4ller%20upp%20m%C3%A5l%20f%C3%B6r%20koldioxidneutralitet%20f%C3%B6r%20alla%20byggprojekt%20p%C3%A5%20%C3%B6ver%202%20miljoner%20euro%20och%20vi%20har%20bland%20annat%20f%C3%B6rbundit%20oss%20till%20green%20deal%20-avtalet%20om%20en%20utsl%C3%A4ppsfri%20byggarbetsplats.%22%2C%22image%22%3A%2248227%22%7D%2C%7B%22label%22%3A%22Energieffektiva%20fastigheter%22%2C%22link%22%3A%22url%3Ahttps%253A%252F%252Ftesti-e2c55b704894.senaatti.fi%252Fsv%252Fenergisparprogram%252F%7Ctitle%3AL%25C3%25A4s%2520mer%2520om%2520v%25C3%25A5rt%2520energisparprogram%22%2C%22description%22%3A%22I%20flera%20%C3%A5r%20har%20vi%20utf%C3%B6rt%20ett%20resultatrikt%20och%20verkningsfullt%20utvecklingsarbete%20f%C3%B6r%20att%20effektivisera%20energianv%C3%A4ndningen%20i%20statens%20fastigheter.%20I%20det%20exceptionella%20l%C3%A4get%202022%20lanserade%20vi%20ett%20omfattande%20program%20f%C3%B6r%20energisparande.%20Vi%20vill%20f%C3%B6r%20v%C3%A5r%20del%20s%C3%A4kerst%C3%A4lla%20att%20energin%20r%C3%A4cker%20till%20i%20Finland.%22%2C%22image%22%3A%2248483%22%7D%2C%7B%22label%22%3A%22Principer%20f%C3%B6r%20cirkul%C3%A4r%20ekonomi%22%2C%22description%22%3A%22Med%20cirkul%C3%A4r%20ekonomi%20str%C3%A4var%20vi%20efter%20att%20s%C3%A4kerst%C3%A4lla%20en%20h%C3%A5llbar%20anv%C3%A4ndning%20av%20naturresurser%20ocks%C3%A5%20i%20framtiden%2C%20och%20principerna%20f%C3%B6r%20cirkul%C3%A4r%20ekonomi%20%C3%A4r%20starkt%20integrerade%20i%20koncernens%20hela%20verksamhet.%20Detta%20inneb%C3%A4r%20en%20effektiv%20resursanv%C3%A4ndning%20och%20att%20de%20r%C3%A5varor%20som%20anv%C3%A4nds%20f%C3%B6rblir%20i%20anv%C3%A4ndning%20genom%20underh%C3%A5ll%2C%20%C3%A5teranv%C3%A4ndning%20eller%20%C3%A5tervinning.%22%2C%22image%22%3A%2248120%22%7D%2C%7B%22label%22%3A%22Biologisk%20m%C3%A5ngfald%22%2C%22link%22%3A%22url%3Ahttps%253A%252F%252Ftesti-e2c55b704894.senaatti.fi%252Fsv%252Fom-oss%252Fsamhallsansvaret%252Fbiologiska-mangfalden%252F%7Ctitle%3AL%25C3%25A4s%2520mer%22%2C%22description%22%3A%22P%C3%A5%20v%C3%A5rt%20ansvar%20%C3%A4r%20att%20bevara%20den%20biologiska%20m%C3%A5ngfalden%20och%20att%20bek%C3%A4mpa%20f%C3%B6rlusten%20av%20biologisk%20m%C3%A5ngfald%20vid%20v%C3%A5ra%20egna%20objekt.%20Vi%20g%C3%B6r%20naturutredningar%20som%20en%20del%20av%20byggprojekt%2C%20underh%C3%A5ll%20och%20f%C3%B6rs%C3%A4ljning%20av%20fastigheter.%20Vi%20har%20ocks%C3%A5%20startat%20projekt%20d%C3%A4r%20gr%C3%A4smattor%20f%C3%A5r%20bli%20%C3%A4ngar%20och%20i%20stor%20utstr%C3%A4ckning%20kartlagt%20m%C3%B6jliga%20objekt%20f%C3%B6r%20att%20utveckla%20den%20biologiska%20m%C3%A5ngfalden.%22%2C%22image%22%3A%2214183%22%7D%5D&#8221;][\/vc_column][\/vc_row][vc_row][vc_column][senaatti_feature heading=&#8221;Milj\u00f6tj\u00e4nster&#8221; text=&#8221;Vi \u00e4r statsf\u00f6rvaltningens kompetenscentrum i milj\u00f6fr\u00e5gor som g\u00e4ller fastigheter och anv\u00e4ndningen av dem samt i milj\u00f6byggande. Till v\u00e5ra tj\u00e4nster h\u00f6r milj\u00f6utredningar, unders\u00f6kning och sanering av f\u00f6rorenad milj\u00f6, milj\u00f6tekniskt byggande, l\u00f6sningar inom cirkul\u00e4r ekonomi, uppf\u00f6ljning av milj\u00f6konsekvenser samt milj\u00f6r\u00e4ttsliga myndighetsf\u00f6rfaranden.&#8221; image=&#8221;51598&#8243; btn=&#8221;url:https%3A%2F%2Ftesti-e2c55b704894.senaatti.fi%2Fsv%2Fforsvarsfastigheter%2Ftjanster%2Fmiljotjanster%2F|title:Till%20webbplatsen%20Milj%C3%B6tj%C3%A4nster&#8221;][\/senaatti_feature][\/vc_column][\/vc_row][vc_row][vc_column][senaatti_liftcards heading=&#8221;Socialt och ekonomiskt ansvar&#8221; card=&#8221;%5B%7B%22label%22%3A%22Omh%C3%A4ndertagande%20av%20personalen%22%2C%22link%22%3A%22url%3Ahttps%253A%252F%252Ftesti-e2c55b704894.senaatti.fi%252Fsv%252Fjobba-pa-senatfastigheter%252Fansvarsfull-arbetsgivare%252F%7Ctitle%3ASenatkoncernen%2520som%2520arbetsgivare%22%2C%22description%22%3A%22Vi%20f%C3%B6rs%C3%B6ker%20p%C3%A5%20m%C3%A5nga%20olika%20s%C3%A4tt%20se%20till%20att%20v%C3%A5r%20personal%20har%20f%C3%B6ruts%C3%A4ttningar%20att%20lyckas%20i%20sitt%20arbete.%20Vi%20satsar%20konsekvent%20p%C3%A5%20att%20utveckla%20personalens%20yrkesskicklighet%20och%20kompetens.%20Vi%20erbjuder%20meningsfullt%20och%20r%C3%A4tt%20dimensionerat%20arbete%2C%20flexibla%20arbetstider%20samt%20f%C3%B6retagsh%C3%A4lsov%C3%A5rd%20av%20h%C3%B6g%20kvalitet%20och%20st%C3%B6d%20av%20chefen.%22%2C%22image%22%3A%2251025%22%7D%2C%7B%22label%22%3A%22Ansvarsfull%20upphandling%22%2C%22link%22%3A%22url%3Ahttps%253A%252F%252Ftesti-e2c55b704894.senaatti.fi%252Fsv%252Fom-oss%252Fekonomi%252Fupphandling%252F%7Ctitle%3AL%25C3%25A4s%2520mer%2520om%2520upphandling%22%2C%22description%22%3A%22Senatkoncernen%20%C3%A4r%20en%20betydande%20upphandlare%20av%20bygg-%20och%20fastighetstj%C3%A4nster%20i%20Finland%20och%20en%20av%20Finlands%20st%C3%B6rsta%20offentliga%20upphandlingsorganisationer.%20Vi%20skaffar%20tj%C3%A4nster%20och%20produkter%20f%C3%B6r%20de%20aff%C3%A4rsverk%20som%20h%C3%B6r%20till%20koncernen.%22%2C%22image%22%3A%2263121%22%7D%2C%7B%22label%22%3A%22Ansvarsfull%20sk%C3%B6tsel%20av%20ekonomin%22%2C%22link%22%3A%22url%3Ahttps%253A%252F%252Ftesti-e2c55b704894.senaatti.fi%252Fsv%252Fom-oss%252Fekonomi%252F%7Ctitle%3AEkonomi%22%2C%22description%22%3A%22Ekonomiskt%20ansvar%20i%20Senatkoncernen%20inneb%C3%A4r%20en%20effektiv%20och%20produktiv%20anv%C3%A4ndning%20av%20fastighetsf%C3%B6rm%C3%B6genheten%20samt%20bevarande%20av%20dess%20v%C3%A4rde.%20Detta%20kan%20g%C3%B6ras%20om%20int%C3%A4kterna%20fr%C3%A5n%20f%C3%B6rm%C3%B6genheten%20kan%20t%C3%A4cka%20alla%20kostnader%20f%C3%B6r%20anv%C3%A4ndning%2C%20underh%C3%A5ll%20och%20uppdatering%20av%20fastigheterna.%20Hyrorna%20%C3%A4r%20sj%C3%A4lvkostnadsbaserade%20och%20Senatkoncernen%20g%C3%B6r%20ingen%20vinst%20p%C3%A5%20hyrorna%20fr%C3%A5n%20sina%20statliga%20kunder.%22%2C%22image%22%3A%2236901%22%7D%5D&#8221;][\/vc_column][\/vc_row]<\/p>\n<\/div>","protected":false},"excerpt":{"rendered":"<p>[vc_row][vc_column][senaatti_hero heading=&#8221;Samh\u00e4llsansvaret styr allt vi g\u00f6r&#8221; text=&#8221;Inom Senatkoncernen \u00e4r samh\u00e4llsansvaret en oskiljaktig del av all v\u00e5r verksamhet. Som ansvarig fastighets\u00e4gare ser vi till att v\u00e5r verksamhet \u00e4r h\u00e5llbar b\u00e5de ur social, ekonomisk och milj\u00f6m\u00e4ssig synvinkel. Samh\u00e4llsansvaret \u00e4r en av h\u00f6rnstenarna i v\u00e5r aff\u00e4rsstrategi och en viktig del av v\u00e5ra handlingsplaner och v\u00e5rt dagliga arbete.&#8221; image=&#8221;64912&#8243;][\/vc_column][\/vc_row][vc_row][vc_column][vc_column_text [&hellip;]<\/p>\n","protected":false},"author":11,"featured_media":0,"parent":53451,"menu_order":0,"comment_status":"closed","ping_status":"closed","template":"","meta":{"_acf_changed":false,"footnotes":""},"class_list":["post-57372","page","type-page","status-publish","hentry"],"acf":[],"yoast_head":"<!-- This site is optimized with the Yoast SEO plugin v23.9 - https:\/\/yoast.com\/wordpress\/plugins\/seo\/ -->\n<title>Samh\u00e4llsansvaret - Senaatti<\/title>\n<meta name=\"description\" content=\"Senaatin toiminta perustuu kaikilta osin yhteiskuntavastuuseen. Kannamme vastuumme kest\u00e4v\u00e4st\u00e4 kehityksest\u00e4 rakennusten kulttuuriarvoa unohtamatta.\" \/>\n<meta name=\"robots\" content=\"noindex, follow, max-snippet:-1, max-image-preview:large, max-video-preview:-1\" \/>\n<meta property=\"og:locale\" content=\"sv_SE\" \/>\n<meta property=\"og:type\" content=\"article\" \/>\n<meta property=\"og:title\" content=\"Samh\u00e4llsansvaret - Senaatti\" \/>\n<meta property=\"og:description\" content=\"Senaatin toiminta perustuu kaikilta osin yhteiskuntavastuuseen. Kannamme vastuumme kest\u00e4v\u00e4st\u00e4 kehityksest\u00e4 rakennusten kulttuuriarvoa unohtamatta.\" \/>\n<meta property=\"og:url\" content=\"https:\/\/testi-e2c55b704894.senaatti.fi\/sv\/om-oss\/samhallsansvaret\/\" \/>\n<meta property=\"og:site_name\" content=\"Senaatti\" \/>\n<meta property=\"article:publisher\" content=\"https:\/\/www.facebook.com\/SenaattiKiinteistot\/\" \/>\n<meta property=\"article:modified_time\" content=\"2024-02-01T11:44:39+00:00\" \/>\n<meta property=\"og:image\" content=\"https:\/\/testi-e2c55b704894.senaatti.fi\/app\/uploads\/2021\/01\/Senaatti_FB_profiili_1200x630-1024x538.png\" \/>\n\t<meta property=\"og:image:width\" content=\"1024\" \/>\n\t<meta property=\"og:image:height\" content=\"538\" \/>\n\t<meta property=\"og:image:type\" content=\"image\/png\" \/>\n<meta name=\"twitter:card\" content=\"summary_large_image\" \/>\n<meta name=\"twitter:site\" content=\"@SenaattiK\" \/>\n<meta name=\"twitter:label1\" content=\"Ber\u00e4knad l\u00e4stid\" \/>\n\t<meta name=\"twitter:data1\" content=\"2 minuter\" \/>\n<script type=\"application\/ld+json\" class=\"yoast-schema-graph\">{\"@context\":\"https:\/\/schema.org\",\"@graph\":[{\"@type\":\"WebPage\",\"@id\":\"https:\/\/testi-e2c55b704894.senaatti.fi\/sv\/om-oss\/samhallsansvaret\/\",\"url\":\"https:\/\/testi-e2c55b704894.senaatti.fi\/sv\/om-oss\/samhallsansvaret\/\",\"name\":\"Samh\u00e4llsansvaret - Senaatti\",\"isPartOf\":{\"@id\":\"https:\/\/www.senaatti.fi\/#website\"},\"datePublished\":\"2023-06-28T11:36:26+00:00\",\"dateModified\":\"2024-02-01T11:44:39+00:00\",\"description\":\"Senaatin toiminta perustuu kaikilta osin yhteiskuntavastuuseen. Kannamme vastuumme kest\u00e4v\u00e4st\u00e4 kehityksest\u00e4 rakennusten kulttuuriarvoa unohtamatta.\",\"breadcrumb\":{\"@id\":\"https:\/\/testi-e2c55b704894.senaatti.fi\/sv\/om-oss\/samhallsansvaret\/#breadcrumb\"},\"inLanguage\":\"sv-SE\",\"potentialAction\":[{\"@type\":\"ReadAction\",\"target\":[\"https:\/\/testi-e2c55b704894.senaatti.fi\/sv\/om-oss\/samhallsansvaret\/\"]}]},{\"@type\":\"BreadcrumbList\",\"@id\":\"https:\/\/testi-e2c55b704894.senaatti.fi\/sv\/om-oss\/samhallsansvaret\/#breadcrumb\",\"itemListElement\":[{\"@type\":\"ListItem\",\"position\":1,\"name\":\"Hem\",\"item\":\"https:\/\/www.senaatti.fi\/sv\/\"},{\"@type\":\"ListItem\",\"position\":2,\"name\":\"Om oss\",\"item\":\"https:\/\/www.senaatti.fi\/sv\/om-oss\/\"},{\"@type\":\"ListItem\",\"position\":3,\"name\":\"Samh\u00e4llsansvaret\"}]},{\"@type\":\"WebSite\",\"@id\":\"https:\/\/www.senaatti.fi\/#website\",\"url\":\"https:\/\/www.senaatti.fi\/\",\"name\":\"Senaatti\",\"description\":\"Just another WordPress site\",\"publisher\":{\"@id\":\"https:\/\/www.senaatti.fi\/#organization\"},\"potentialAction\":[{\"@type\":\"SearchAction\",\"target\":{\"@type\":\"EntryPoint\",\"urlTemplate\":\"https:\/\/www.senaatti.fi\/?s={search_term_string}\"},\"query-input\":{\"@type\":\"PropertyValueSpecification\",\"valueRequired\":true,\"valueName\":\"search_term_string\"}}],\"inLanguage\":\"sv-SE\"},{\"@type\":\"Organization\",\"@id\":\"https:\/\/www.senaatti.fi\/#organization\",\"name\":\"Senaatti-kiinteist\u00f6t\",\"url\":\"https:\/\/www.senaatti.fi\/\",\"logo\":{\"@type\":\"ImageObject\",\"inLanguage\":\"sv-SE\",\"@id\":\"https:\/\/www.senaatti.fi\/#\/schema\/logo\/image\/\",\"url\":\"https:\/\/testi-e2c55b704894.senaatti.fi\/app\/uploads\/2021\/01\/Senaatti_FB_profiili_1200x630.png\",\"contentUrl\":\"https:\/\/testi-e2c55b704894.senaatti.fi\/app\/uploads\/2021\/01\/Senaatti_FB_profiili_1200x630.png\",\"width\":1201,\"height\":631,\"caption\":\"Senaatti-kiinteist\u00f6t\"},\"image\":{\"@id\":\"https:\/\/www.senaatti.fi\/#\/schema\/logo\/image\/\"},\"sameAs\":[\"https:\/\/www.facebook.com\/SenaattiKiinteistot\/\",\"https:\/\/x.com\/SenaattiK\",\"https:\/\/www.linkedin.com\/company\/senate-properties\",\"https:\/\/www.youtube.com\/channel\/UCunSUhMjKd5KqASPgBrndkQ\"]}]}<\/script>\n<!-- \/ Yoast SEO plugin. -->","yoast_head_json":{"title":"Samh\u00e4llsansvaret - Senaatti","description":"Senaatin toiminta perustuu kaikilta osin yhteiskuntavastuuseen. Kannamme vastuumme kest\u00e4v\u00e4st\u00e4 kehityksest\u00e4 rakennusten kulttuuriarvoa unohtamatta.","robots":{"index":"noindex","follow":"follow","max-snippet":"max-snippet:-1","max-image-preview":"max-image-preview:large","max-video-preview":"max-video-preview:-1"},"og_locale":"sv_SE","og_type":"article","og_title":"Samh\u00e4llsansvaret - Senaatti","og_description":"Senaatin toiminta perustuu kaikilta osin yhteiskuntavastuuseen. Kannamme vastuumme kest\u00e4v\u00e4st\u00e4 kehityksest\u00e4 rakennusten kulttuuriarvoa unohtamatta.","og_url":"https:\/\/testi-e2c55b704894.senaatti.fi\/sv\/om-oss\/samhallsansvaret\/","og_site_name":"Senaatti","article_publisher":"https:\/\/www.facebook.com\/SenaattiKiinteistot\/","article_modified_time":"2024-02-01T11:44:39+00:00","og_image":[{"width":1024,"height":538,"url":"https:\/\/testi-e2c55b704894.senaatti.fi\/app\/uploads\/2021\/01\/Senaatti_FB_profiili_1200x630-1024x538.png","type":"image\/png"}],"twitter_card":"summary_large_image","twitter_site":"@SenaattiK","twitter_misc":{"Ber\u00e4knad l\u00e4stid":"2 minuter"},"schema":{"@context":"https:\/\/schema.org","@graph":[{"@type":"WebPage","@id":"https:\/\/testi-e2c55b704894.senaatti.fi\/sv\/om-oss\/samhallsansvaret\/","url":"https:\/\/testi-e2c55b704894.senaatti.fi\/sv\/om-oss\/samhallsansvaret\/","name":"Samh\u00e4llsansvaret - Senaatti","isPartOf":{"@id":"https:\/\/www.senaatti.fi\/#website"},"datePublished":"2023-06-28T11:36:26+00:00","dateModified":"2024-02-01T11:44:39+00:00","description":"Senaatin toiminta perustuu kaikilta osin yhteiskuntavastuuseen. Kannamme vastuumme kest\u00e4v\u00e4st\u00e4 kehityksest\u00e4 rakennusten kulttuuriarvoa unohtamatta.","breadcrumb":{"@id":"https:\/\/testi-e2c55b704894.senaatti.fi\/sv\/om-oss\/samhallsansvaret\/#breadcrumb"},"inLanguage":"sv-SE","potentialAction":[{"@type":"ReadAction","target":["https:\/\/testi-e2c55b704894.senaatti.fi\/sv\/om-oss\/samhallsansvaret\/"]}]},{"@type":"BreadcrumbList","@id":"https:\/\/testi-e2c55b704894.senaatti.fi\/sv\/om-oss\/samhallsansvaret\/#breadcrumb","itemListElement":[{"@type":"ListItem","position":1,"name":"Hem","item":"https:\/\/www.senaatti.fi\/sv\/"},{"@type":"ListItem","position":2,"name":"Om oss","item":"https:\/\/www.senaatti.fi\/sv\/om-oss\/"},{"@type":"ListItem","position":3,"name":"Samh\u00e4llsansvaret"}]},{"@type":"WebSite","@id":"https:\/\/www.senaatti.fi\/#website","url":"https:\/\/www.senaatti.fi\/","name":"Senaatti","description":"Just another WordPress site","publisher":{"@id":"https:\/\/www.senaatti.fi\/#organization"},"potentialAction":[{"@type":"SearchAction","target":{"@type":"EntryPoint","urlTemplate":"https:\/\/www.senaatti.fi\/?s={search_term_string}"},"query-input":{"@type":"PropertyValueSpecification","valueRequired":true,"valueName":"search_term_string"}}],"inLanguage":"sv-SE"},{"@type":"Organization","@id":"https:\/\/www.senaatti.fi\/#organization","name":"Senaatti-kiinteist\u00f6t","url":"https:\/\/www.senaatti.fi\/","logo":{"@type":"ImageObject","inLanguage":"sv-SE","@id":"https:\/\/www.senaatti.fi\/#\/schema\/logo\/image\/","url":"https:\/\/testi-e2c55b704894.senaatti.fi\/app\/uploads\/2021\/01\/Senaatti_FB_profiili_1200x630.png","contentUrl":"https:\/\/testi-e2c55b704894.senaatti.fi\/app\/uploads\/2021\/01\/Senaatti_FB_profiili_1200x630.png","width":1201,"height":631,"caption":"Senaatti-kiinteist\u00f6t"},"image":{"@id":"https:\/\/www.senaatti.fi\/#\/schema\/logo\/image\/"},"sameAs":["https:\/\/www.facebook.com\/SenaattiKiinteistot\/","https:\/\/x.com\/SenaattiK","https:\/\/www.linkedin.com\/company\/senate-properties","https:\/\/www.youtube.com\/channel\/UCunSUhMjKd5KqASPgBrndkQ"]}]}},"publishpress_future_action":{"enabled":false,"date":"2026-04-14 17:34:36","action":"change-status","newStatus":"draft","terms":[],"taxonomy":"translation_priority"},"_links":{"self":[{"href":"https:\/\/testi-e2c55b704894.senaatti.fi\/sv\/wp-json\/wp\/v2\/pages\/57372","targetHints":{"allow":["GET"]}}],"collection":[{"href":"https:\/\/testi-e2c55b704894.senaatti.fi\/sv\/wp-json\/wp\/v2\/pages"}],"about":[{"href":"https:\/\/testi-e2c55b704894.senaatti.fi\/sv\/wp-json\/wp\/v2\/types\/page"}],"author":[{"embeddable":true,"href":"https:\/\/testi-e2c55b704894.senaatti.fi\/sv\/wp-json\/wp\/v2\/users\/11"}],"replies":[{"embeddable":true,"href":"https:\/\/testi-e2c55b704894.senaatti.fi\/sv\/wp-json\/wp\/v2\/comments?post=57372"}],"version-history":[{"count":10,"href":"https:\/\/testi-e2c55b704894.senaatti.fi\/sv\/wp-json\/wp\/v2\/pages\/57372\/revisions"}],"predecessor-version":[{"id":65507,"href":"https:\/\/testi-e2c55b704894.senaatti.fi\/sv\/wp-json\/wp\/v2\/pages\/57372\/revisions\/65507"}],"up":[{"embeddable":true,"href":"https:\/\/testi-e2c55b704894.senaatti.fi\/sv\/wp-json\/wp\/v2\/pages\/53451"}],"wp:attachment":[{"href":"https:\/\/testi-e2c55b704894.senaatti.fi\/sv\/wp-json\/wp\/v2\/media?parent=57372"}],"curies":[{"name":"wp","href":"https:\/\/api.w.org\/{rel}","templated":true}]}}