{"id":57744,"date":"2022-11-21T12:44:44","date_gmt":"2022-11-21T10:44:44","guid":{"rendered":"https:\/\/testi-e2c55b704894.senaatti.fi\/?page_id=57744"},"modified":"2024-06-12T09:01:19","modified_gmt":"2024-06-12T06:01:19","slug":"statens-fastigheter","status":"publish","type":"page","link":"https:\/\/testi-e2c55b704894.senaatti.fi\/sv\/statens-fastigheter\/","title":{"rendered":"Statens fastigheter"},"content":{"rendered":"<div class=\"wpb-content-wrapper\"><p>[vc_row][vc_column][senaatti_hero heading=&#8221;Statens fastigheter&#8221; text=&#8221;Vi f\u00f6rvaltar, utvecklar och uppr\u00e4tth\u00e5ller statens byggda fastighetsf\u00f6rm\u00f6genhet. V\u00e5rt fastighetsbest\u00e5nd \u00e4r mycket m\u00e5ngsidigt och omfattar bland annat kontor och f\u00f6rsvarsmaktens lokaler, polis- och r\u00e4ttshus samt f\u00e4ngelser, gr\u00e4nsbevakningsv\u00e4sendets och tullens lokaler samt museer.&#8221; image=&#8221;53035&#8243;][\/vc_column][\/vc_row][vc_row][vc_column][senaatti_numbers_alt background_color=&#8221;senaatti-konserni-white&#8221; items=&#8221;%5B%7B%22number%22%3A%228%20600%22%2C%22label_below%22%3A%22byggnader%22%7D%2C%7B%22number%22%3A%225%2C9%20%22%2C%22label_below%22%3A%22statens%20eget%20lokalbest%C3%A5nd%2C%20milj.%20m2%20%22%7D%2C%7B%22number%22%3A%22600%22%2C%22label_below%22%3A%22skyddade%20byggnader%22%7D%2C%7B%22number%22%3A%22657%22%2C%22label_below%22%3A%22koncernens%20investeringar%2C%20milj.%20euro%22%7D%5D&#8221;][\/vc_column][\/vc_row][vc_row][vc_column][senaatti_feature_lift heading=&#8221;Objekt till salu&#8221; text=&#8221;Vi s\u00e4ljer fastigheter och byggnader som inte l\u00e4ngre anv\u00e4nds av staten. Bland de fastigheter som s\u00e4ljs finns v\u00e4rdebyggnader, objekt f\u00f6r fastighetsutveckling och \u00e4ven mindre objekt.&#8221; btn=&#8221;url:https%3A%2F%2Ftesti-e2c55b704894.senaatti.fi%2Fvaltion-kiinteistot%2Fmyytavat-kohteet%2F|title:L%C3%A4s%20mer%20om%20objekt%20som%20finns%20till%20salu%20(p%C3%A5%20finska)&#8221; image=&#8221;45395&#8243;][\/senaatti_feature_lift][\/vc_column][\/vc_row][vc_row][vc_column width=&#8221;1\/2&#8243;][senaatti_feature_small heading=&#8221;Byggprojekt&#8221; text=&#8221;Vi har \u00e5rligen \u00f6ver 100 p\u00e5g\u00e5ende byggprojekt p\u00e5 olika h\u00e5ll i Finland. Vi bygger nytt och totalrenoverar gamla objekt enligt kundernas behov. St\u00f6rsta delen av investeringarna \u00e4r reparationsprojekt.&#8221; image=&#8221;48134&#8243; btn=&#8221;url:https%3A%2F%2Ftesti-e2c55b704894.senaatti.fi%2Fhankkeet%2F|title:L%C3%A4s%20mer%20om%20byggprojekten%20(p%C3%A5%20finska)%20&#8243;][\/vc_column][vc_column width=&#8221;1\/2&#8243;][senaatti_feature_small heading=&#8221;Byggherreverksamhet&#8221; text=&#8221;Vi l\u00e5ter bygga nya lokaler f\u00f6r statsf\u00f6rvaltningen och totalrenoverar och f\u00f6rnyar det \u00e4ldre fastighetsbest\u00e5ndet i enlighet med kundernas behov. V\u00e5rt m\u00e5l \u00e4r att st\u00f6dja och effektivisera kundens verksamhet, minska statens lokalkostnader och s\u00e4kerst\u00e4lla att statens helhetsintresse tillgodoses.&#8221; image=&#8221;50880&#8243; btn=&#8221;url:https%3A%2F%2Ftesti-e2c55b704894.senaatti.fi%2Fsv%2Fstatens-fastigheter%2Fbyggherreverksamhet%2F|title:L%C3%A4s%20mer&#8221;][\/vc_column][\/vc_row][vc_row][vc_column width=&#8221;1\/2&#8243;][senaatti_feature_small heading=&#8221;Fastighetshandel&#8221; text=&#8221;I enlighet med statens fastighetsstrategi utvecklar vi den fastighetsf\u00f6rm\u00f6genhet som inte l\u00e4ngre anv\u00e4nds av staten s\u00e5 att den kan s\u00e4ljas p\u00e5 fastighetsmarknaden. Senatfastigheter \u00e4r en offentlig akt\u00f6r som vid f\u00f6rs\u00e4ljningen till\u00e4mpar ett \u00f6ppet och icke-diskriminerande f\u00f6rfarande.&#8221; image=&#8221;36178&#8243;][\/vc_column][vc_column width=&#8221;1\/2&#8243;][senaatti_feature_small heading=&#8221;Fastighetsutveckling&#8221; text=&#8221;Vi utvecklar och planl\u00e4gger statligt \u00e4gda fastigheter och markomr\u00e5den f\u00f6r f\u00f6rs\u00e4ljning. Tillsammans med v\u00e5ra partner vill vi hitta ett nytt liv f\u00f6r fastigheter och omr\u00e5den som staten inte l\u00e4ngre anv\u00e4nder. Vi har lyckats n\u00e4r fastigheten och dess omgivning har utvecklats och f\u00e5tt ett nytt v\u00e4rde f\u00f6r de nya \u00e4garna.&#8221; image=&#8221;46513&#8243;][\/vc_column][\/vc_row][vc_row][vc_column][senaatti_liftcards card=&#8221;%5B%7B%22label%22%3A%22Utveckling%20av%20stationsomr%C3%A5den%22%2C%22link%22%3A%22url%3Ahttps%253A%252F%252Ftesti-e2c55b704894.senaatti.fi%252Fasema-alueet%252Fsv%252F%7Ctitle%3ASenatstationfastigheter%2520%22%2C%22description%22%3A%22Vi%20utvecklar%20stationsomr%C3%A5dena%20f%C3%B6r%20t%C3%A5gtrafiken%20i%20samarbete%20med%20st%C3%A4derna%20och%20kommunerna.%20Vi%20planerar%20p%C3%A5%20vilket%20s%C3%A4tt%20varje%20stationsomr%C3%A5de%20b%C3%A4st%20tj%C3%A4nar%20en%20h%C3%A5llbar%20stadsutveckling%20i%20sin%20omgivning.%22%2C%22image%22%3A%2220686%22%7D%2C%7B%22label%22%3A%22Uthyrning%22%2C%22link%22%3A%22url%3Ahttps%253A%252F%252Ftesti-e2c55b704894.senaatti.fi%252Fsv%252Fom-oss%252Futhyrning%252F%7Ctitle%3AUthyrning%22%2C%22description%22%3A%22Vi%20hyr%20lokaler%20till%20%C3%A4mbetsverk%20och%20inr%C3%A4ttningar%20inom%20statsf%C3%B6rvaltningen%20och%20producerar%20de%20tj%C3%A4nster%20som%20kunderna%20beh%C3%B6ver%20i%20fastigheterna.%20Lokalerna%20hyr%20vi%20ut%20genom%20statens%20eget%20fastighetsbest%C3%A5nd%2C%20men%20ocks%C3%A5%20genom%20den%20privata%20marknaden%20n%C3%A4r%20staten%20inte%20har%20en%20l%C3%A4mplig%20lokal.%22%2C%22image%22%3A%2210892%22%7D%5D&#8221;][\/vc_column][\/vc_row]<\/p>\n<\/div>","protected":false},"excerpt":{"rendered":"<p>[vc_row][vc_column][senaatti_hero heading=&#8221;Statens fastigheter&#8221; text=&#8221;Vi f\u00f6rvaltar, utvecklar och uppr\u00e4tth\u00e5ller statens byggda fastighetsf\u00f6rm\u00f6genhet. V\u00e5rt fastighetsbest\u00e5nd \u00e4r mycket m\u00e5ngsidigt och omfattar bland annat kontor och f\u00f6rsvarsmaktens lokaler, polis- och r\u00e4ttshus samt f\u00e4ngelser, gr\u00e4nsbevakningsv\u00e4sendets och tullens lokaler samt museer.&#8221; image=&#8221;53035&#8243;][\/vc_column][\/vc_row][vc_row][vc_column][senaatti_numbers_alt background_color=&#8221;senaatti-konserni-white&#8221; items=&#8221;%5B%7B%22number%22%3A%228%20600%22%2C%22label_below%22%3A%22byggnader%22%7D%2C%7B%22number%22%3A%225%2C9%20%22%2C%22label_below%22%3A%22statens%20eget%20lokalbest%C3%A5nd%2C%20milj.%20m2%20%22%7D%2C%7B%22number%22%3A%22600%22%2C%22label_below%22%3A%22skyddade%20byggnader%22%7D%2C%7B%22number%22%3A%22657%22%2C%22label_below%22%3A%22koncernens%20investeringar%2C%20milj.%20euro%22%7D%5D&#8221;][\/vc_column][\/vc_row][vc_row][vc_column][senaatti_feature_lift heading=&#8221;Objekt till salu&#8221; text=&#8221;Vi s\u00e4ljer fastigheter och byggnader som inte l\u00e4ngre anv\u00e4nds av staten. Bland de fastigheter [&hellip;]<\/p>\n","protected":false},"author":67,"featured_media":0,"parent":0,"menu_order":0,"comment_status":"closed","ping_status":"closed","template":"","meta":{"_acf_changed":false,"footnotes":""},"class_list":["post-57744","page","type-page","status-publish","hentry"],"acf":[],"yoast_head":"<!-- This site is optimized with the Yoast SEO plugin v23.9 - https:\/\/yoast.com\/wordpress\/plugins\/seo\/ -->\n<title>Statens fastigheter - Senaatti<\/title>\n<meta name=\"robots\" content=\"noindex, follow, max-snippet:-1, max-image-preview:large, max-video-preview:-1\" \/>\n<meta property=\"og:locale\" content=\"sv_SE\" \/>\n<meta property=\"og:type\" content=\"article\" \/>\n<meta property=\"og:title\" content=\"Statens fastigheter - Senaatti\" \/>\n<meta property=\"og:description\" content=\"[vc_row][vc_column][senaatti_hero heading=&#8221;Statens fastigheter&#8221; text=&#8221;Vi f\u00f6rvaltar, utvecklar och uppr\u00e4tth\u00e5ller statens byggda fastighetsf\u00f6rm\u00f6genhet. V\u00e5rt fastighetsbest\u00e5nd \u00e4r mycket m\u00e5ngsidigt och omfattar bland annat kontor och f\u00f6rsvarsmaktens lokaler, polis- och r\u00e4ttshus samt f\u00e4ngelser, gr\u00e4nsbevakningsv\u00e4sendets och tullens lokaler samt museer.&#8221; image=&#8221;53035&#8243;][\/vc_column][\/vc_row][vc_row][vc_column][senaatti_numbers_alt background_color=&#8221;senaatti-konserni-white&#8221; items=&#8221;%5B%7B%22number%22%3A%228%20600%22%2C%22label_below%22%3A%22byggnader%22%7D%2C%7B%22number%22%3A%225%2C9%20%22%2C%22label_below%22%3A%22statens%20eget%20lokalbest%C3%A5nd%2C%20milj.%20m2%20%22%7D%2C%7B%22number%22%3A%22600%22%2C%22label_below%22%3A%22skyddade%20byggnader%22%7D%2C%7B%22number%22%3A%22657%22%2C%22label_below%22%3A%22koncernens%20investeringar%2C%20milj.%20euro%22%7D%5D&#8221;][\/vc_column][\/vc_row][vc_row][vc_column][senaatti_feature_lift heading=&#8221;Objekt till salu&#8221; text=&#8221;Vi s\u00e4ljer fastigheter och byggnader som inte l\u00e4ngre anv\u00e4nds av staten. Bland de fastigheter [&hellip;]\" \/>\n<meta property=\"og:url\" content=\"https:\/\/testi-e2c55b704894.senaatti.fi\/sv\/statens-fastigheter\/\" \/>\n<meta property=\"og:site_name\" content=\"Senaatti\" \/>\n<meta property=\"article:publisher\" content=\"https:\/\/www.facebook.com\/SenaattiKiinteistot\/\" \/>\n<meta property=\"article:modified_time\" content=\"2024-06-12T06:01:19+00:00\" \/>\n<meta property=\"og:image\" content=\"https:\/\/testi-e2c55b704894.senaatti.fi\/app\/uploads\/2021\/01\/Senaatti_FB_profiili_1200x630-1024x538.png\" \/>\n\t<meta property=\"og:image:width\" content=\"1024\" \/>\n\t<meta property=\"og:image:height\" content=\"538\" \/>\n\t<meta property=\"og:image:type\" content=\"image\/png\" \/>\n<meta name=\"twitter:card\" content=\"summary_large_image\" \/>\n<meta name=\"twitter:site\" content=\"@SenaattiK\" \/>\n<meta name=\"twitter:label1\" content=\"Ber\u00e4knad l\u00e4stid\" \/>\n\t<meta name=\"twitter:data1\" content=\"2 minuter\" \/>\n<script type=\"application\/ld+json\" class=\"yoast-schema-graph\">{\"@context\":\"https:\/\/schema.org\",\"@graph\":[{\"@type\":\"WebPage\",\"@id\":\"https:\/\/testi-e2c55b704894.senaatti.fi\/sv\/statens-fastigheter\/\",\"url\":\"https:\/\/testi-e2c55b704894.senaatti.fi\/sv\/statens-fastigheter\/\",\"name\":\"Statens fastigheter - Senaatti\",\"isPartOf\":{\"@id\":\"https:\/\/www.senaatti.fi\/#website\"},\"datePublished\":\"2022-11-21T10:44:44+00:00\",\"dateModified\":\"2024-06-12T06:01:19+00:00\",\"breadcrumb\":{\"@id\":\"https:\/\/testi-e2c55b704894.senaatti.fi\/sv\/statens-fastigheter\/#breadcrumb\"},\"inLanguage\":\"sv-SE\",\"potentialAction\":[{\"@type\":\"ReadAction\",\"target\":[\"https:\/\/testi-e2c55b704894.senaatti.fi\/sv\/statens-fastigheter\/\"]}]},{\"@type\":\"BreadcrumbList\",\"@id\":\"https:\/\/testi-e2c55b704894.senaatti.fi\/sv\/statens-fastigheter\/#breadcrumb\",\"itemListElement\":[{\"@type\":\"ListItem\",\"position\":1,\"name\":\"Hem\",\"item\":\"https:\/\/www.senaatti.fi\/sv\/\"},{\"@type\":\"ListItem\",\"position\":2,\"name\":\"Statens fastigheter\"}]},{\"@type\":\"WebSite\",\"@id\":\"https:\/\/www.senaatti.fi\/#website\",\"url\":\"https:\/\/www.senaatti.fi\/\",\"name\":\"Senaatti\",\"description\":\"Just another WordPress site\",\"publisher\":{\"@id\":\"https:\/\/www.senaatti.fi\/#organization\"},\"potentialAction\":[{\"@type\":\"SearchAction\",\"target\":{\"@type\":\"EntryPoint\",\"urlTemplate\":\"https:\/\/www.senaatti.fi\/?s={search_term_string}\"},\"query-input\":{\"@type\":\"PropertyValueSpecification\",\"valueRequired\":true,\"valueName\":\"search_term_string\"}}],\"inLanguage\":\"sv-SE\"},{\"@type\":\"Organization\",\"@id\":\"https:\/\/www.senaatti.fi\/#organization\",\"name\":\"Senaatti-kiinteist\u00f6t\",\"url\":\"https:\/\/www.senaatti.fi\/\",\"logo\":{\"@type\":\"ImageObject\",\"inLanguage\":\"sv-SE\",\"@id\":\"https:\/\/www.senaatti.fi\/#\/schema\/logo\/image\/\",\"url\":\"https:\/\/testi-e2c55b704894.senaatti.fi\/app\/uploads\/2021\/01\/Senaatti_FB_profiili_1200x630.png\",\"contentUrl\":\"https:\/\/testi-e2c55b704894.senaatti.fi\/app\/uploads\/2021\/01\/Senaatti_FB_profiili_1200x630.png\",\"width\":1201,\"height\":631,\"caption\":\"Senaatti-kiinteist\u00f6t\"},\"image\":{\"@id\":\"https:\/\/www.senaatti.fi\/#\/schema\/logo\/image\/\"},\"sameAs\":[\"https:\/\/www.facebook.com\/SenaattiKiinteistot\/\",\"https:\/\/x.com\/SenaattiK\",\"https:\/\/www.linkedin.com\/company\/senate-properties\",\"https:\/\/www.youtube.com\/channel\/UCunSUhMjKd5KqASPgBrndkQ\"]}]}<\/script>\n<!-- \/ Yoast SEO plugin. -->","yoast_head_json":{"title":"Statens fastigheter - Senaatti","robots":{"index":"noindex","follow":"follow","max-snippet":"max-snippet:-1","max-image-preview":"max-image-preview:large","max-video-preview":"max-video-preview:-1"},"og_locale":"sv_SE","og_type":"article","og_title":"Statens fastigheter - Senaatti","og_description":"[vc_row][vc_column][senaatti_hero heading=&#8221;Statens fastigheter&#8221; text=&#8221;Vi f\u00f6rvaltar, utvecklar och uppr\u00e4tth\u00e5ller statens byggda fastighetsf\u00f6rm\u00f6genhet. V\u00e5rt fastighetsbest\u00e5nd \u00e4r mycket m\u00e5ngsidigt och omfattar bland annat kontor och f\u00f6rsvarsmaktens lokaler, polis- och r\u00e4ttshus samt f\u00e4ngelser, gr\u00e4nsbevakningsv\u00e4sendets och tullens lokaler samt museer.&#8221; image=&#8221;53035&#8243;][\/vc_column][\/vc_row][vc_row][vc_column][senaatti_numbers_alt background_color=&#8221;senaatti-konserni-white&#8221; items=&#8221;%5B%7B%22number%22%3A%228%20600%22%2C%22label_below%22%3A%22byggnader%22%7D%2C%7B%22number%22%3A%225%2C9%20%22%2C%22label_below%22%3A%22statens%20eget%20lokalbest%C3%A5nd%2C%20milj.%20m2%20%22%7D%2C%7B%22number%22%3A%22600%22%2C%22label_below%22%3A%22skyddade%20byggnader%22%7D%2C%7B%22number%22%3A%22657%22%2C%22label_below%22%3A%22koncernens%20investeringar%2C%20milj.%20euro%22%7D%5D&#8221;][\/vc_column][\/vc_row][vc_row][vc_column][senaatti_feature_lift heading=&#8221;Objekt till salu&#8221; text=&#8221;Vi s\u00e4ljer fastigheter och byggnader som inte l\u00e4ngre anv\u00e4nds av staten. Bland de fastigheter [&hellip;]","og_url":"https:\/\/testi-e2c55b704894.senaatti.fi\/sv\/statens-fastigheter\/","og_site_name":"Senaatti","article_publisher":"https:\/\/www.facebook.com\/SenaattiKiinteistot\/","article_modified_time":"2024-06-12T06:01:19+00:00","og_image":[{"width":1024,"height":538,"url":"https:\/\/testi-e2c55b704894.senaatti.fi\/app\/uploads\/2021\/01\/Senaatti_FB_profiili_1200x630-1024x538.png","type":"image\/png"}],"twitter_card":"summary_large_image","twitter_site":"@SenaattiK","twitter_misc":{"Ber\u00e4knad l\u00e4stid":"2 minuter"},"schema":{"@context":"https:\/\/schema.org","@graph":[{"@type":"WebPage","@id":"https:\/\/testi-e2c55b704894.senaatti.fi\/sv\/statens-fastigheter\/","url":"https:\/\/testi-e2c55b704894.senaatti.fi\/sv\/statens-fastigheter\/","name":"Statens fastigheter - Senaatti","isPartOf":{"@id":"https:\/\/www.senaatti.fi\/#website"},"datePublished":"2022-11-21T10:44:44+00:00","dateModified":"2024-06-12T06:01:19+00:00","breadcrumb":{"@id":"https:\/\/testi-e2c55b704894.senaatti.fi\/sv\/statens-fastigheter\/#breadcrumb"},"inLanguage":"sv-SE","potentialAction":[{"@type":"ReadAction","target":["https:\/\/testi-e2c55b704894.senaatti.fi\/sv\/statens-fastigheter\/"]}]},{"@type":"BreadcrumbList","@id":"https:\/\/testi-e2c55b704894.senaatti.fi\/sv\/statens-fastigheter\/#breadcrumb","itemListElement":[{"@type":"ListItem","position":1,"name":"Hem","item":"https:\/\/www.senaatti.fi\/sv\/"},{"@type":"ListItem","position":2,"name":"Statens fastigheter"}]},{"@type":"WebSite","@id":"https:\/\/www.senaatti.fi\/#website","url":"https:\/\/www.senaatti.fi\/","name":"Senaatti","description":"Just another WordPress site","publisher":{"@id":"https:\/\/www.senaatti.fi\/#organization"},"potentialAction":[{"@type":"SearchAction","target":{"@type":"EntryPoint","urlTemplate":"https:\/\/www.senaatti.fi\/?s={search_term_string}"},"query-input":{"@type":"PropertyValueSpecification","valueRequired":true,"valueName":"search_term_string"}}],"inLanguage":"sv-SE"},{"@type":"Organization","@id":"https:\/\/www.senaatti.fi\/#organization","name":"Senaatti-kiinteist\u00f6t","url":"https:\/\/www.senaatti.fi\/","logo":{"@type":"ImageObject","inLanguage":"sv-SE","@id":"https:\/\/www.senaatti.fi\/#\/schema\/logo\/image\/","url":"https:\/\/testi-e2c55b704894.senaatti.fi\/app\/uploads\/2021\/01\/Senaatti_FB_profiili_1200x630.png","contentUrl":"https:\/\/testi-e2c55b704894.senaatti.fi\/app\/uploads\/2021\/01\/Senaatti_FB_profiili_1200x630.png","width":1201,"height":631,"caption":"Senaatti-kiinteist\u00f6t"},"image":{"@id":"https:\/\/www.senaatti.fi\/#\/schema\/logo\/image\/"},"sameAs":["https:\/\/www.facebook.com\/SenaattiKiinteistot\/","https:\/\/x.com\/SenaattiK","https:\/\/www.linkedin.com\/company\/senate-properties","https:\/\/www.youtube.com\/channel\/UCunSUhMjKd5KqASPgBrndkQ"]}]}},"publishpress_future_action":{"enabled":false,"date":"2026-04-14 17:33:10","action":"change-status","newStatus":"draft","terms":[],"taxonomy":"translation_priority"},"_links":{"self":[{"href":"https:\/\/testi-e2c55b704894.senaatti.fi\/sv\/wp-json\/wp\/v2\/pages\/57744","targetHints":{"allow":["GET"]}}],"collection":[{"href":"https:\/\/testi-e2c55b704894.senaatti.fi\/sv\/wp-json\/wp\/v2\/pages"}],"about":[{"href":"https:\/\/testi-e2c55b704894.senaatti.fi\/sv\/wp-json\/wp\/v2\/types\/page"}],"author":[{"embeddable":true,"href":"https:\/\/testi-e2c55b704894.senaatti.fi\/sv\/wp-json\/wp\/v2\/users\/67"}],"replies":[{"embeddable":true,"href":"https:\/\/testi-e2c55b704894.senaatti.fi\/sv\/wp-json\/wp\/v2\/comments?post=57744"}],"version-history":[{"count":9,"href":"https:\/\/testi-e2c55b704894.senaatti.fi\/sv\/wp-json\/wp\/v2\/pages\/57744\/revisions"}],"predecessor-version":[{"id":74550,"href":"https:\/\/testi-e2c55b704894.senaatti.fi\/sv\/wp-json\/wp\/v2\/pages\/57744\/revisions\/74550"}],"wp:attachment":[{"href":"https:\/\/testi-e2c55b704894.senaatti.fi\/sv\/wp-json\/wp\/v2\/media?parent=57744"}],"curies":[{"name":"wp","href":"https:\/\/api.w.org\/{rel}","templated":true}]}}