{"id":59210,"date":"2023-01-05T13:00:11","date_gmt":"2023-01-05T11:00:11","guid":{"rendered":"https:\/\/testi-e2c55b704894.senaatti.fi\/?page_id=59210"},"modified":"2024-02-01T13:44:42","modified_gmt":"2024-02-01T11:44:42","slug":"arbetsmiljotjanster-for-ledningen","status":"publish","type":"page","link":"https:\/\/testi-e2c55b704894.senaatti.fi\/sv\/lokallosningar-och-lokaltjanster\/arbetsmiljotjanster-for-ledningen\/","title":{"rendered":"Arbetsmilj\u00f6tj\u00e4nster f\u00f6r ledningen"},"content":{"rendered":"<div class=\"wpb-content-wrapper\"><p>[vc_row][vc_column][senaatti_hero heading=&#8221;Arbetsmilj\u00f6tj\u00e4nster f\u00f6r ledningen&#8221; image=&#8221;59312&#8243; text=&#8221;Vi hj\u00e4lper statsf\u00f6rvaltningens organisationer att f\u00f6rnya sina arbetss\u00e4tt och genomf\u00f6r fungerande, s\u00e4kra och arbetsst\u00f6djande arbetsmilj\u00f6er. V\u00e5r vision \u00e4r att finska staten \u00e4r en f\u00f6reg\u00e5ngare inom nya arbetss\u00e4tt och arbetsmilj\u00f6er.&#8221;][\/vc_column][\/vc_row][vc_row][vc_column][vc_column_text remove_empty_space_above=&#8221;true&#8221;]<\/p>\n<h2>Vi fr\u00e4mjar produktivt arbete och organisationernas prestanda<\/h2>\n<p>Vi st\u00f6der v\u00e5ra kundorganisationers strategiska m\u00e5l och k\u00e4rnverksamhet genom att utveckla arbetsmilj\u00f6ns alla dimensioner (fysiska \u2013 digitala \u2013 sociala) p\u00e5 ett \u00f6vergripande s\u00e4tt. Vi fr\u00e4mjar produktivt arbete och organisationernas prestanda genom att st\u00f6dja nya s\u00e4tt att arbeta och genom att s\u00f6rja f\u00f6r personalens v\u00e4lbefinnande. Omsorgsfullt utformade arbetsmilj\u00f6er \u00e4r effektiva n\u00e4r det g\u00e4ller anv\u00e4ndningen av utrymmet och medf\u00f6r s\u00e5ledes inbesparingar i lokalkostnaderna och minskar klimatbelastningen. I arbetsmilj\u00f6l\u00f6sningarna s\u00e4kerst\u00e4ller vi alltid att lokalerna \u00e4r sunda och s\u00e4kra samt beaktar statens totalintresse och samh\u00e4llsansvar.[\/vc_column_text][\/vc_column][\/vc_row][vc_row][vc_column][senaatti_iconliftcards heading=&#8221;V\u00e5ra arbetsmilj\u00f6tj\u00e4nster f\u00f6r ledningen&#8221; card=&#8221;%5B%7B%22description%22%3A%22Arbetsmilj%C3%B6ledning%22%2C%22dropdown_icons%22%3A%22https%3A%2F%2Ftesti-e2c55b704894.senaatti.fi%2Fapp%2Fthemes%2Fsenaatti-konserniuudistus%2Fdist%2Fimages%2Fdropdown-icons%2Ftyoymparistojohtaminen_ikoni_outline_sin.svg%22%7D%2C%7B%22description%22%3A%22Utveckling%20av%20arbetsmilj%C3%B6n%20%22%2C%22dropdown_icons%22%3A%22https%3A%2F%2Ftesti-e2c55b704894.senaatti.fi%2Fapp%2Fthemes%2Fsenaatti-konserniuudistus%2Fdist%2Fimages%2Fdropdown-icons%2Ftyoymparistokehittaminen_ikoni_outline_sin.svg%22%7D%2C%7B%22description%22%3A%22St%C3%B6d%20f%C3%B6r%20f%C3%B6r%C3%A4ndringsledning%20%22%2C%22dropdown_icons%22%3A%22https%3A%2F%2Ftesti-e2c55b704894.senaatti.fi%2Fapp%2Fthemes%2Fsenaatti-konserniuudistus%2Fdist%2Fimages%2Fdropdown-icons%2Fmuutosjohtamisen_tuki_ikoni_outline_sin.svg%22%7D%2C%7B%22description%22%3A%22Utveckling%20av%20informationsarbetet%22%2C%22dropdown_icons%22%3A%22https%3A%2F%2Ftesti-e2c55b704894.senaatti.fi%2Fapp%2Fthemes%2Fsenaatti-konserniuudistus%2Fdist%2Fimages%2Fdropdown-icons%2Ftietotyon_kehittaminen_ikoni_outline_sin.svg%22%7D%2C%7B%22description%22%3A%22Tj%C3%A4nstedesign%22%2C%22dropdown_icons%22%3A%22https%3A%2F%2Ftesti-e2c55b704894.senaatti.fi%2Fapp%2Fthemes%2Fsenaatti-konserniuudistus%2Fdist%2Fimages%2Fdropdown-icons%2Fpalvelumuotoilu_ikoni_outline_sin.svg%22%7D%2C%7B%22description%22%3A%22Konsekvensbed%C3%B6mning%20(och%20processanalys)%22%2C%22dropdown_icons%22%3A%22https%3A%2F%2Ftesti-e2c55b704894.senaatti.fi%2Fapp%2Fthemes%2Fsenaatti-konserniuudistus%2Fdist%2Fimages%2Fdropdown-icons%2Fvaikutusarviointi_ikoni_outline_sin.svg%22%7D%5D&#8221;][\/vc_column][\/vc_row][vc_row][vc_column][vc_column_text remove_empty_space_above=&#8221;true&#8221;]<\/p>\n<h3>Arbetsmilj\u00f6ledning<\/h3>\n<p>Vi hj\u00e4lper till att leda arbetsmilj\u00f6n p\u00e5 ett m\u00e5linriktat och \u00f6vergripande s\u00e4tt.<\/p>\n<h3>Utveckling av arbetsmilj\u00f6n<\/h3>\n<p>Vi g\u00f6r det m\u00f6jligt att utveckla arbetsmilj\u00f6ns fysiska, digitala och sociala dimensioner som en helhet.<\/p>\n<h3>St\u00f6d f\u00f6r f\u00f6r\u00e4ndringsledning<\/h3>\n<p>Vi hj\u00e4lper till att genomf\u00f6ra f\u00f6r\u00e4ndringarna i arbetsmilj\u00f6n p\u00e5 ett kontrollerat och smidigt s\u00e4tt.<\/p>\n<h3>Utveckling av informationsarbetet<\/h3>\n<p>Vi coachar i v\u00e4lbefinnande och prestanda som st\u00f6der f\u00e4rdigheter och arbetsmetoder i multilokalt arbete.<\/p>\n<h3>Tj\u00e4nstedesign<\/h3>\n<p>Vi hj\u00e4lper till att utveckla anv\u00e4ndarorienterade tj\u00e4nster med hj\u00e4lp av designmetoder.<\/p>\n<h3>Konsekvensbed\u00f6mning och processanalys<\/h3>\n<p>Vi utv\u00e4rderar konsekvenserna vid projekt med \u00e4ndringar i arbetsmilj\u00f6n och identifierar f\u00f6rdelarna.[\/vc_column_text][\/vc_column][\/vc_row][vc_row][vc_column][senaatti_liftcards heading=&#8221;Vi g\u00f6r f\u00f6r\u00e4ndringsresan och arbetet i en aktivitetsbaserad arbetsmilj\u00f6 till en smidig upplevelse&#8221; card=&#8221;%5B%7B%22label%22%3A%22Enkel%20f%C3%B6r%C3%A4ndringsresa%22%2C%22description%22%3A%22Vi%20hj%C3%A4lper%20till%20med%20f%C3%B6r%C3%A4ndringsledningen%20och%20f%C3%B6r%C3%A4ndringskommunikationen%20fr%C3%A5n%20visionen%20till%20l%C3%B6sningarna%2C%20genomf%C3%B6randet%20och%20den%20nya%20vardagen.%20Vi%20bygger%20upp%20ett%20f%C3%B6rtroende%20f%C3%B6r%20att%20f%C3%B6r%C3%A4ndringen%20lyckas.%22%7D%2C%7B%22label%22%3A%22Dialog%20och%20gemensam%20utveckling%22%2C%22description%22%3A%22Vi%20st%C3%B6der%20diskussioner%2C%20deltagande%20och%20insikter.%20Vi%20identifierar%20tillsammans%20utmaningar%20och%20kartl%C3%A4gger%20reformbehoven.%20Vi%20kommer%20p%C3%A5%20l%C3%B6sningar%20och%20coachar%20i%20nya%20arbetss%C3%A4tt.%22%7D%2C%7B%22label%22%3A%22Fungerande%20arbetsmilj%C3%B6%20och%20smidig%20vardag%22%2C%22description%22%3A%22V%C3%A5ra%20kunder%20f%C3%A5r%20en%20fungerande%2C%20trygg%20och%20arbetsst%C3%B6djande%20arbetsmilj%C3%B6%20d%C3%A4r%20verksamhetens%20s%C3%A4rdrag%20i%20det%20dagliga%20arbetet%20har%20beaktats.%22%7D%5D&#8221;][\/vc_column][\/vc_row][vc_row][vc_column][senaatti_liftcards card=&#8221;%5B%7B%22label%22%3A%22Lokaltj%C3%A4nster%22%2C%22link%22%3A%22url%3Ahttps%253A%252F%252Ftesti-e2c55b704894.senaatti.fi%252Fsv%252Flokallosningar-och-lokaltjanster%252Flokaltjanster%252F%7Ctitle%3AL%25C3%25A4s%2520mer%22%2C%22description%22%3A%22Ut%C3%B6ver%20lokalerna%20och%20arbetsmilj%C3%B6erna%20erbjuder%20vi%20v%C3%A5ra%20kunder%20ett%20brett%20utbud%20av%20tj%C3%A4nster%20i%20anslutning%20till%20lokalerna%20centraliserat%20fr%C3%A5n%20ett%20st%C3%A4lle.%20Till%20v%C3%A5ra%20lokaltj%C3%A4nster%20h%C3%B6r%20bland%20annat%20reng%C3%B6ringstj%C3%A4nster%2C%20kontorstj%C3%A4nster%2C%20m%C3%B6tes-%20och%20cateringtj%C3%A4nster%2C%20idrifttagnings-%20och%20flyttningstj%C3%A4nster%20samt%20inredningstj%C3%A4nster.%22%2C%22image%22%3A%2257970%22%7D%2C%7B%22label%22%3A%22Digitala%20lokaltj%C3%A4nster%22%2C%22link%22%3A%22url%3Ahttps%253A%252F%252Ftesti-e2c55b704894.senaatti.fi%252Fsv%252Flokallosningar-och-lokaltjanster%252Fdigitala-lokaltjanster%252F%7Ctitle%3AL%25C3%25A4s%2520mer%22%2C%22description%22%3A%22Det%20dagliga%20arbetet%20l%C3%B6per%20smidigt%20n%C3%A4r%20datakommunikationsf%C3%B6rbindelserna%20och%20sk%C3%A4rmarna%20p%C3%A5%20arbetsst%C3%A4llena%20fungerar%20och%20%C3%A4r%20enhetliga%20i%20hela%20landet.%20Vi%20utrustar%20de%20avtalade%20lokalerna%20med%20AV-teknik%20som%20m%C3%B6jligg%C3%B6r%20enkla%20kontakter%20och%20smidiga%20m%C3%B6ten.%20Vi%20har%20ocks%C3%A5%20infosk%C3%A4rmar%20eller%20tj%C3%A4nster%20som%20m%C3%A4ter%20utnyttjandegraden.%22%2C%22image%22%3A%2257973%22%7D%2C%7B%22label%22%3A%22S%C3%A4kerhetstj%C3%A4nster%22%2C%22link%22%3A%22url%3Ahttps%253A%252F%252Ftesti-e2c55b704894.senaatti.fi%252Fsv%252Flokallosningar-och-lokaltjanster%252Fsakerhetstjanster%252F%7Ctitle%3AL%25C3%25A4s%2520mer%22%2C%22description%22%3A%22Vi%20hj%C3%A4lper%20statsf%C3%B6rvaltningens%20organisationer%20att%20optimera%20s%C3%A4kerheten%20i%20sin%20arbetsmilj%C3%B6%20till%20r%C3%A4tt%20niv%C3%A5.%20Vid%20behov%20genomf%C3%B6r%20vi%20s%C3%A4kerhetsl%C3%B6sningarna%20och%20uppr%C3%A4tth%C3%A5ller%20den%20valda%20s%C3%A4kerhetsniv%C3%A5n%20samt%20utvecklar%20s%C3%A4kerhetskompetensen%20till%20exempel%20genom%20utbildning.%22%2C%22image%22%3A%2258021%22%7D%2C%7B%22label%22%3A%22Milj%C3%B6tj%C3%A4nster%22%2C%22link%22%3A%22url%3Ahttps%253A%252F%252Ftesti-e2c55b704894.senaatti.fi%252Fsv%252Fforsvarsfastigheter%252Ftjanster%252Fmiljotjanster%252F%7Ctitle%3AL%25C3%25A4s%2520mer%22%2C%22description%22%3A%22V%C3%A5ra%20erfarna%20experter%20inom%20F%C3%B6rsvarsfastigheter%20hj%C3%A4lper%20bland%20annat%20med%20milj%C3%B6-%20och%20naturutredningar%2C%20unders%C3%B6kning%20och%20sanering%20av%20f%C3%B6rorenad%20mark%2C%20milj%C3%B6tekniskt%20byggande%2C%20l%C3%B6sningar%20inom%20cirkul%C3%A4r%20ekonomi%2C%20uppf%C3%B6ljning%20av%20milj%C3%B6konsekvenser%20och%20myndighetsf%C3%B6rfaranden.%22%2C%22image%22%3A%2251598%22%7D%5D&#8221; heading=&#8221;V\u00e5ra andra tj\u00e4nster&#8221;][\/vc_column][\/vc_row]<\/p>\n<\/div>","protected":false},"excerpt":{"rendered":"<p>[vc_row][vc_column][senaatti_hero heading=&#8221;Arbetsmilj\u00f6tj\u00e4nster f\u00f6r ledningen&#8221; image=&#8221;59312&#8243; text=&#8221;Vi hj\u00e4lper statsf\u00f6rvaltningens organisationer att f\u00f6rnya sina arbetss\u00e4tt och genomf\u00f6r fungerande, s\u00e4kra och arbetsst\u00f6djande arbetsmilj\u00f6er. V\u00e5r vision \u00e4r att finska staten \u00e4r en f\u00f6reg\u00e5ngare inom nya arbetss\u00e4tt och arbetsmilj\u00f6er.&#8221;][\/vc_column][\/vc_row][vc_row][vc_column][vc_column_text remove_empty_space_above=&#8221;true&#8221;] Vi fr\u00e4mjar produktivt arbete och organisationernas prestanda Vi st\u00f6der v\u00e5ra kundorganisationers strategiska m\u00e5l och k\u00e4rnverksamhet genom att utveckla arbetsmilj\u00f6ns alla [&hellip;]<\/p>\n","protected":false},"author":67,"featured_media":0,"parent":59186,"menu_order":0,"comment_status":"closed","ping_status":"closed","template":"","meta":{"_acf_changed":false,"footnotes":""},"class_list":["post-59210","page","type-page","status-publish","hentry"],"acf":[],"yoast_head":"<!-- This site is optimized with the Yoast SEO plugin v23.9 - https:\/\/yoast.com\/wordpress\/plugins\/seo\/ -->\n<title>Arbetsmilj\u00f6tj\u00e4nster f\u00f6r ledningen - Senaatti<\/title>\n<meta name=\"robots\" content=\"noindex, follow, max-snippet:-1, max-image-preview:large, max-video-preview:-1\" \/>\n<meta property=\"og:locale\" content=\"sv_SE\" \/>\n<meta property=\"og:type\" content=\"article\" \/>\n<meta property=\"og:title\" content=\"Arbetsmilj\u00f6tj\u00e4nster f\u00f6r ledningen - Senaatti\" \/>\n<meta property=\"og:description\" content=\"[vc_row][vc_column][senaatti_hero heading=&#8221;Arbetsmilj\u00f6tj\u00e4nster f\u00f6r ledningen&#8221; image=&#8221;59312&#8243; text=&#8221;Vi hj\u00e4lper statsf\u00f6rvaltningens organisationer att f\u00f6rnya sina arbetss\u00e4tt och genomf\u00f6r fungerande, s\u00e4kra och arbetsst\u00f6djande arbetsmilj\u00f6er. V\u00e5r vision \u00e4r att finska staten \u00e4r en f\u00f6reg\u00e5ngare inom nya arbetss\u00e4tt och arbetsmilj\u00f6er.&#8221;][\/vc_column][\/vc_row][vc_row][vc_column][vc_column_text remove_empty_space_above=&#8221;true&#8221;] Vi fr\u00e4mjar produktivt arbete och organisationernas prestanda Vi st\u00f6der v\u00e5ra kundorganisationers strategiska m\u00e5l och k\u00e4rnverksamhet genom att utveckla arbetsmilj\u00f6ns alla [&hellip;]\" \/>\n<meta property=\"og:url\" content=\"https:\/\/testi-e2c55b704894.senaatti.fi\/sv\/lokallosningar-och-lokaltjanster\/arbetsmiljotjanster-for-ledningen\/\" \/>\n<meta property=\"og:site_name\" content=\"Senaatti\" \/>\n<meta property=\"article:publisher\" content=\"https:\/\/www.facebook.com\/SenaattiKiinteistot\/\" \/>\n<meta property=\"article:modified_time\" content=\"2024-02-01T11:44:42+00:00\" \/>\n<meta property=\"og:image\" content=\"https:\/\/testi-e2c55b704894.senaatti.fi\/app\/uploads\/2021\/01\/Senaatti_FB_profiili_1200x630-1024x538.png\" \/>\n\t<meta property=\"og:image:width\" content=\"1024\" \/>\n\t<meta property=\"og:image:height\" content=\"538\" \/>\n\t<meta property=\"og:image:type\" content=\"image\/png\" \/>\n<meta name=\"twitter:card\" content=\"summary_large_image\" \/>\n<meta name=\"twitter:site\" content=\"@SenaattiK\" \/>\n<meta name=\"twitter:label1\" content=\"Ber\u00e4knad l\u00e4stid\" \/>\n\t<meta name=\"twitter:data1\" content=\"2 minuter\" \/>\n<script type=\"application\/ld+json\" class=\"yoast-schema-graph\">{\"@context\":\"https:\/\/schema.org\",\"@graph\":[{\"@type\":\"WebPage\",\"@id\":\"https:\/\/testi-e2c55b704894.senaatti.fi\/sv\/lokallosningar-och-lokaltjanster\/arbetsmiljotjanster-for-ledningen\/\",\"url\":\"https:\/\/testi-e2c55b704894.senaatti.fi\/sv\/lokallosningar-och-lokaltjanster\/arbetsmiljotjanster-for-ledningen\/\",\"name\":\"Arbetsmilj\u00f6tj\u00e4nster f\u00f6r ledningen - Senaatti\",\"isPartOf\":{\"@id\":\"https:\/\/www.senaatti.fi\/#website\"},\"datePublished\":\"2023-01-05T11:00:11+00:00\",\"dateModified\":\"2024-02-01T11:44:42+00:00\",\"breadcrumb\":{\"@id\":\"https:\/\/testi-e2c55b704894.senaatti.fi\/sv\/lokallosningar-och-lokaltjanster\/arbetsmiljotjanster-for-ledningen\/#breadcrumb\"},\"inLanguage\":\"sv-SE\",\"potentialAction\":[{\"@type\":\"ReadAction\",\"target\":[\"https:\/\/testi-e2c55b704894.senaatti.fi\/sv\/lokallosningar-och-lokaltjanster\/arbetsmiljotjanster-for-ledningen\/\"]}]},{\"@type\":\"BreadcrumbList\",\"@id\":\"https:\/\/testi-e2c55b704894.senaatti.fi\/sv\/lokallosningar-och-lokaltjanster\/arbetsmiljotjanster-for-ledningen\/#breadcrumb\",\"itemListElement\":[{\"@type\":\"ListItem\",\"position\":1,\"name\":\"Hem\",\"item\":\"https:\/\/www.senaatti.fi\/sv\/\"},{\"@type\":\"ListItem\",\"position\":2,\"name\":\"Lokall\u00f6sningar och lokaltj\u00e4nster\",\"item\":\"https:\/\/www.senaatti.fi\/sv\/lokallosningar-och-lokaltjanster\/\"},{\"@type\":\"ListItem\",\"position\":3,\"name\":\"Arbetsmilj\u00f6tj\u00e4nster f\u00f6r ledningen\"}]},{\"@type\":\"WebSite\",\"@id\":\"https:\/\/www.senaatti.fi\/#website\",\"url\":\"https:\/\/www.senaatti.fi\/\",\"name\":\"Senaatti\",\"description\":\"Just another WordPress site\",\"publisher\":{\"@id\":\"https:\/\/www.senaatti.fi\/#organization\"},\"potentialAction\":[{\"@type\":\"SearchAction\",\"target\":{\"@type\":\"EntryPoint\",\"urlTemplate\":\"https:\/\/www.senaatti.fi\/?s={search_term_string}\"},\"query-input\":{\"@type\":\"PropertyValueSpecification\",\"valueRequired\":true,\"valueName\":\"search_term_string\"}}],\"inLanguage\":\"sv-SE\"},{\"@type\":\"Organization\",\"@id\":\"https:\/\/www.senaatti.fi\/#organization\",\"name\":\"Senaatti-kiinteist\u00f6t\",\"url\":\"https:\/\/www.senaatti.fi\/\",\"logo\":{\"@type\":\"ImageObject\",\"inLanguage\":\"sv-SE\",\"@id\":\"https:\/\/www.senaatti.fi\/#\/schema\/logo\/image\/\",\"url\":\"https:\/\/testi-e2c55b704894.senaatti.fi\/app\/uploads\/2021\/01\/Senaatti_FB_profiili_1200x630.png\",\"contentUrl\":\"https:\/\/testi-e2c55b704894.senaatti.fi\/app\/uploads\/2021\/01\/Senaatti_FB_profiili_1200x630.png\",\"width\":1201,\"height\":631,\"caption\":\"Senaatti-kiinteist\u00f6t\"},\"image\":{\"@id\":\"https:\/\/www.senaatti.fi\/#\/schema\/logo\/image\/\"},\"sameAs\":[\"https:\/\/www.facebook.com\/SenaattiKiinteistot\/\",\"https:\/\/x.com\/SenaattiK\",\"https:\/\/www.linkedin.com\/company\/senate-properties\",\"https:\/\/www.youtube.com\/channel\/UCunSUhMjKd5KqASPgBrndkQ\"]}]}<\/script>\n<!-- \/ Yoast SEO plugin. -->","yoast_head_json":{"title":"Arbetsmilj\u00f6tj\u00e4nster f\u00f6r ledningen - Senaatti","robots":{"index":"noindex","follow":"follow","max-snippet":"max-snippet:-1","max-image-preview":"max-image-preview:large","max-video-preview":"max-video-preview:-1"},"og_locale":"sv_SE","og_type":"article","og_title":"Arbetsmilj\u00f6tj\u00e4nster f\u00f6r ledningen - Senaatti","og_description":"[vc_row][vc_column][senaatti_hero heading=&#8221;Arbetsmilj\u00f6tj\u00e4nster f\u00f6r ledningen&#8221; image=&#8221;59312&#8243; text=&#8221;Vi hj\u00e4lper statsf\u00f6rvaltningens organisationer att f\u00f6rnya sina arbetss\u00e4tt och genomf\u00f6r fungerande, s\u00e4kra och arbetsst\u00f6djande arbetsmilj\u00f6er. V\u00e5r vision \u00e4r att finska staten \u00e4r en f\u00f6reg\u00e5ngare inom nya arbetss\u00e4tt och arbetsmilj\u00f6er.&#8221;][\/vc_column][\/vc_row][vc_row][vc_column][vc_column_text remove_empty_space_above=&#8221;true&#8221;] Vi fr\u00e4mjar produktivt arbete och organisationernas prestanda Vi st\u00f6der v\u00e5ra kundorganisationers strategiska m\u00e5l och k\u00e4rnverksamhet genom att utveckla arbetsmilj\u00f6ns alla [&hellip;]","og_url":"https:\/\/testi-e2c55b704894.senaatti.fi\/sv\/lokallosningar-och-lokaltjanster\/arbetsmiljotjanster-for-ledningen\/","og_site_name":"Senaatti","article_publisher":"https:\/\/www.facebook.com\/SenaattiKiinteistot\/","article_modified_time":"2024-02-01T11:44:42+00:00","og_image":[{"width":1024,"height":538,"url":"https:\/\/testi-e2c55b704894.senaatti.fi\/app\/uploads\/2021\/01\/Senaatti_FB_profiili_1200x630-1024x538.png","type":"image\/png"}],"twitter_card":"summary_large_image","twitter_site":"@SenaattiK","twitter_misc":{"Ber\u00e4knad l\u00e4stid":"2 minuter"},"schema":{"@context":"https:\/\/schema.org","@graph":[{"@type":"WebPage","@id":"https:\/\/testi-e2c55b704894.senaatti.fi\/sv\/lokallosningar-och-lokaltjanster\/arbetsmiljotjanster-for-ledningen\/","url":"https:\/\/testi-e2c55b704894.senaatti.fi\/sv\/lokallosningar-och-lokaltjanster\/arbetsmiljotjanster-for-ledningen\/","name":"Arbetsmilj\u00f6tj\u00e4nster f\u00f6r ledningen - Senaatti","isPartOf":{"@id":"https:\/\/www.senaatti.fi\/#website"},"datePublished":"2023-01-05T11:00:11+00:00","dateModified":"2024-02-01T11:44:42+00:00","breadcrumb":{"@id":"https:\/\/testi-e2c55b704894.senaatti.fi\/sv\/lokallosningar-och-lokaltjanster\/arbetsmiljotjanster-for-ledningen\/#breadcrumb"},"inLanguage":"sv-SE","potentialAction":[{"@type":"ReadAction","target":["https:\/\/testi-e2c55b704894.senaatti.fi\/sv\/lokallosningar-och-lokaltjanster\/arbetsmiljotjanster-for-ledningen\/"]}]},{"@type":"BreadcrumbList","@id":"https:\/\/testi-e2c55b704894.senaatti.fi\/sv\/lokallosningar-och-lokaltjanster\/arbetsmiljotjanster-for-ledningen\/#breadcrumb","itemListElement":[{"@type":"ListItem","position":1,"name":"Hem","item":"https:\/\/www.senaatti.fi\/sv\/"},{"@type":"ListItem","position":2,"name":"Lokall\u00f6sningar och lokaltj\u00e4nster","item":"https:\/\/www.senaatti.fi\/sv\/lokallosningar-och-lokaltjanster\/"},{"@type":"ListItem","position":3,"name":"Arbetsmilj\u00f6tj\u00e4nster f\u00f6r ledningen"}]},{"@type":"WebSite","@id":"https:\/\/www.senaatti.fi\/#website","url":"https:\/\/www.senaatti.fi\/","name":"Senaatti","description":"Just another WordPress site","publisher":{"@id":"https:\/\/www.senaatti.fi\/#organization"},"potentialAction":[{"@type":"SearchAction","target":{"@type":"EntryPoint","urlTemplate":"https:\/\/www.senaatti.fi\/?s={search_term_string}"},"query-input":{"@type":"PropertyValueSpecification","valueRequired":true,"valueName":"search_term_string"}}],"inLanguage":"sv-SE"},{"@type":"Organization","@id":"https:\/\/www.senaatti.fi\/#organization","name":"Senaatti-kiinteist\u00f6t","url":"https:\/\/www.senaatti.fi\/","logo":{"@type":"ImageObject","inLanguage":"sv-SE","@id":"https:\/\/www.senaatti.fi\/#\/schema\/logo\/image\/","url":"https:\/\/testi-e2c55b704894.senaatti.fi\/app\/uploads\/2021\/01\/Senaatti_FB_profiili_1200x630.png","contentUrl":"https:\/\/testi-e2c55b704894.senaatti.fi\/app\/uploads\/2021\/01\/Senaatti_FB_profiili_1200x630.png","width":1201,"height":631,"caption":"Senaatti-kiinteist\u00f6t"},"image":{"@id":"https:\/\/www.senaatti.fi\/#\/schema\/logo\/image\/"},"sameAs":["https:\/\/www.facebook.com\/SenaattiKiinteistot\/","https:\/\/x.com\/SenaattiK","https:\/\/www.linkedin.com\/company\/senate-properties","https:\/\/www.youtube.com\/channel\/UCunSUhMjKd5KqASPgBrndkQ"]}]}},"publishpress_future_action":{"enabled":false,"date":"2026-04-26 23:47:59","action":"change-status","newStatus":"draft","terms":[],"taxonomy":"translation_priority"},"_links":{"self":[{"href":"https:\/\/testi-e2c55b704894.senaatti.fi\/sv\/wp-json\/wp\/v2\/pages\/59210","targetHints":{"allow":["GET"]}}],"collection":[{"href":"https:\/\/testi-e2c55b704894.senaatti.fi\/sv\/wp-json\/wp\/v2\/pages"}],"about":[{"href":"https:\/\/testi-e2c55b704894.senaatti.fi\/sv\/wp-json\/wp\/v2\/types\/page"}],"author":[{"embeddable":true,"href":"https:\/\/testi-e2c55b704894.senaatti.fi\/sv\/wp-json\/wp\/v2\/users\/67"}],"replies":[{"embeddable":true,"href":"https:\/\/testi-e2c55b704894.senaatti.fi\/sv\/wp-json\/wp\/v2\/comments?post=59210"}],"version-history":[{"count":7,"href":"https:\/\/testi-e2c55b704894.senaatti.fi\/sv\/wp-json\/wp\/v2\/pages\/59210\/revisions"}],"predecessor-version":[{"id":64680,"href":"https:\/\/testi-e2c55b704894.senaatti.fi\/sv\/wp-json\/wp\/v2\/pages\/59210\/revisions\/64680"}],"up":[{"embeddable":true,"href":"https:\/\/testi-e2c55b704894.senaatti.fi\/sv\/wp-json\/wp\/v2\/pages\/59186"}],"wp:attachment":[{"href":"https:\/\/testi-e2c55b704894.senaatti.fi\/sv\/wp-json\/wp\/v2\/media?parent=59210"}],"curies":[{"name":"wp","href":"https:\/\/api.w.org\/{rel}","templated":true}]}}