{"id":59229,"date":"2023-01-05T12:58:40","date_gmt":"2023-01-05T10:58:40","guid":{"rendered":"https:\/\/testi-e2c55b704894.senaatti.fi\/?page_id=59229"},"modified":"2024-03-13T09:04:17","modified_gmt":"2024-03-13T07:04:17","slug":"sakerhetstjanster","status":"publish","type":"page","link":"https:\/\/testi-e2c55b704894.senaatti.fi\/sv\/lokallosningar-och-lokaltjanster\/sakerhetstjanster\/","title":{"rendered":"S\u00e4kerhetstj\u00e4nster"},"content":{"rendered":"<div class=\"wpb-content-wrapper\"><p>[vc_row][vc_column][senaatti_hero heading=&#8221;S\u00e4kerhetstj\u00e4nster&#8221; text=&#8221;Vi hj\u00e4lper organisationer inom statsf\u00f6rvaltningen att optimera s\u00e4kerheten i arbetsmilj\u00f6n till en r\u00e4tt niv\u00e5. Vid behov genomf\u00f6r vi s\u00e4kerhetsl\u00f6sningarna och uppr\u00e4tth\u00e5ller den valda s\u00e4kerhetsniv\u00e5n samt utvecklar s\u00e4kerhetskompetensen till exempel genom utbildning.&#8221; image=&#8221;58021&#8243;][\/vc_column][\/vc_row][vc_row][vc_column][vc_column_text remove_empty_space_above=&#8221;true&#8221;]<\/p>\n<h2>S\u00e4kerhetstj\u00e4nster som del av arbetsmilj\u00f6 med full service<\/h2>\n<p>Inom statsf\u00f6rvaltningen vill man allt oftare skaffa s\u00e4kerhetssystem och -tj\u00e4nster som del av arbetsmilj\u00f6n. Vi har st\u00e4rkt v\u00e5rt tj\u00e4nsteutbud och kan nu ocks\u00e5 erbjuda s\u00e4kerhetstj\u00e4nster som del av arbetsmilj\u00f6n.<\/p>\n<p>Vi kartl\u00e4gger och analyserar s\u00e4kerheten i arbetsmilj\u00f6n, utvecklar och optimerar s\u00e4kerhetsniv\u00e5n samt utvecklar s\u00e4kerhetskompetens exempelvis genom utbildning. Vi producerar s\u00e4kerhetstj\u00e4nster f\u00f6r upphandling av anordningar och system, fr\u00e5n verkst\u00e4llande och underh\u00e5ll till operativa tj\u00e4nster och huvudanv\u00e4ndartj\u00e4nster.[\/vc_column_text][\/vc_column][\/vc_row][vc_row][vc_column][senaatti_iconliftcards heading=&#8221;V\u00e5ra s\u00e4kerhetstj\u00e4nster&#8221; card=&#8221;%5B%7B%22description%22%3A%22Experttj%C3%A4nster%20inom%20s%C3%A4kerhet%22%2C%22dropdown_icons%22%3A%22https%3A%2F%2Ftesti-e2c55b704894.senaatti.fi%2Fapp%2Fthemes%2Fsenaatti-konserniuudistus%2Fdist%2Fimages%2Fdropdown-icons%2Fturvallisuuden_asiantuntija_ikoni_outline_sin.svg%22%7D%2C%7B%22description%22%3A%22Lobby-%20och%20bevakningstj%C3%A4nster%22%2C%22dropdown_icons%22%3A%22https%3A%2F%2Ftesti-e2c55b704894.senaatti.fi%2Fapp%2Fthemes%2Fsenaatti-konserniuudistus%2Fdist%2Fimages%2Fdropdown-icons%2Fhenkilokortti_ikoni_outline_sin.png%22%7D%2C%7B%22description%22%3A%22S%C3%A4kerhetstekniska%20tj%C3%A4nster%22%2C%22dropdown_icons%22%3A%22https%3A%2F%2Ftesti-e2c55b704894.senaatti.fi%2Fapp%2Fthemes%2Fsenaatti-konserniuudistus%2Fdist%2Fimages%2Fdropdown-icons%2Fturvallisuusteknologia_ikoni_outline_sin.svg%22%7D%2C%7B%22description%22%3A%22Tj%C3%A4nster%20f%C3%B6r%20huvudanv%C3%A4ndare%20och%20larm%C3%B6vervakning%22%2C%22dropdown_icons%22%3A%22https%3A%2F%2Ftesti-e2c55b704894.senaatti.fi%2Fapp%2Fthemes%2Fsenaatti-konserniuudistus%2Fdist%2Fimages%2Fdropdown-icons%2Fhalytysvalvonta_ikoni_outline_sin.svg%22%7D%2C%7B%22description%22%3A%22Tj%C3%A4nster%20f%C3%B6r%20skyddsledning%22%2C%22dropdown_icons%22%3A%22https%3A%2F%2Ftesti-e2c55b704894.senaatti.fi%2Fapp%2Fthemes%2Fsenaatti-konserniuudistus%2Fdist%2Fimages%2Fdropdown-icons%2FHuomio_ikoni_outline_sin.png%22%7D%5D&#8221;][\/vc_column][\/vc_row][vc_row][vc_column][vc_column_text]<\/p>\n<h2>S\u00e4kerhetstj\u00e4nstcentralen \u00f6vervakar 24\/7\/365<\/h2>\n<p>Senatfastigheters s\u00e4kerhetstj\u00e4nstcentral \u00e4r en centraliserad akt\u00f6r inom statsf\u00f6rvaltningens lokals\u00e4kerhet. Den ansvarar f\u00f6r en trygg arbetsmilj\u00f6, f\u00f6r \u00f6vervakningen av lokalernas s\u00e4kerhet och f\u00f6rvaltning dygnet runt.<\/p>\n<p>S\u00e4kerhetstj\u00e4nstcentralen \u00f6vervakar statens lokaler 24\/7\/365. I v\u00e5rt tj\u00e4nsteutbud finns s\u00e4kerhetstekniska tj\u00e4nster f\u00f6r huvudanv\u00e4ndare och distansanv\u00e4ndare, tillst\u00e5ndstj\u00e4nster och larmcentralstj\u00e4nster. En h\u00f6rnsten i v\u00e5r verksamhet \u00e4r kostnadseffektivitet och f\u00f6rb\u00e4ttring av kundens s\u00e4kerhetsniv\u00e5 samt h\u00f6gklassig kundservice och rapportering.<\/p>\n<p>Ytterligare upplysningar f\u00e5r du av chefen f\u00f6r s\u00e4kerhetstj\u00e4nsten i omr\u00e5det, vars kontaktuppgifter du f\u00e5r av v\u00e5r v\u00e4xel, tfn +358 294 830 000.<\/p>\n<p><a href=\"mailto:turvallisuuspalvelukeskus@senaatti.fi\" target=\"_blank\" rel=\"noopener\">turvallisuuspalvelukeskus@senaatti.fi<\/a> \/ +358 294 833 020[\/vc_column_text][\/vc_column][\/vc_row][vc_row][vc_column][senaatti_liftcards card=&#8221;%5B%7B%22label%22%3A%22Ge%20respons%22%2C%22link%22%3A%22url%3Ahttps%253A%252F%252Fpelastussuunnitelma.senaattila.fi%252Fpoikkeama%252Fpalaute%252Fkirjaudu%252Fkoodi%252Fc3b3d176-1cf5-11ec-9d3c-525400d7e4eb%7Ctitle%3AResponsblankett%7Ctarget%3A_blank%22%2C%22description%22%3A%22Vi%20h%C3%B6r%20g%C3%A4rna%20respons%20om%20S%C3%A4kerhetstj%C3%A4nstcentralens%20tj%C3%A4nster.%22%7D%5D&#8221;][\/vc_column][\/vc_row][vc_row][vc_column][senaatti_liftcards card=&#8221;%5B%7B%22label%22%3A%22Lokaltj%C3%A4nster%22%2C%22link%22%3A%22url%3Ahttps%253A%252F%252Ftesti-e2c55b704894.senaatti.fi%252Fsv%252Flokallosningar-och-lokaltjanster%252Flokaltjanster%252F%7Ctitle%3AL%25C3%25A4s%2520mer%22%2C%22description%22%3A%22Ut%C3%B6ver%20lokalerna%20och%20arbetsmilj%C3%B6erna%20erbjuder%20vi%20v%C3%A5ra%20kunder%20ett%20brett%20utbud%20av%20tj%C3%A4nster%20i%20anslutning%20till%20lokalerna%20centraliserat%20fr%C3%A5n%20ett%20st%C3%A4lle.%20Till%20v%C3%A5ra%20lokaltj%C3%A4nster%20h%C3%B6r%20bland%20annat%20reng%C3%B6ringstj%C3%A4nster%2C%20kontorstj%C3%A4nster%2C%20m%C3%B6tes-%20och%20cateringtj%C3%A4nster%2C%20idrifttagnings-%20och%20flyttningstj%C3%A4nster%20samt%20inredningstj%C3%A4nster.%22%2C%22image%22%3A%2257970%22%7D%2C%7B%22label%22%3A%22Digitala%20lokaltj%C3%A4nster%22%2C%22link%22%3A%22url%3Ahttps%253A%252F%252Ftesti-e2c55b704894.senaatti.fi%252Fsv%252Flokallosningar-och-lokaltjanster%252Fdigitala-lokaltjanster%252F%7Ctitle%3AL%25C3%25A4s%2520mer%22%2C%22description%22%3A%22Det%20dagliga%20arbetet%20l%C3%B6per%20smidigt%20n%C3%A4r%20datakommunikationsf%C3%B6rbindelserna%20och%20sk%C3%A4rmarna%20p%C3%A5%20arbetsst%C3%A4llena%20fungerar%20och%20%C3%A4r%20enhetliga%20i%20hela%20landet.%20Vi%20utrustar%20de%20avtalade%20lokalerna%20med%20AV-teknik%20som%20m%C3%B6jligg%C3%B6r%20enkla%20kontakter%20och%20smidiga%20m%C3%B6ten.%20Vi%20har%20ocks%C3%A5%20infosk%C3%A4rmar%20eller%20tj%C3%A4nster%20som%20m%C3%A4ter%20utnyttjandegraden.%22%2C%22image%22%3A%2257973%22%7D%2C%7B%22label%22%3A%22Arbetsmilj%C3%B6tj%C3%A4nster%20f%C3%B6r%20ledningen%22%2C%22link%22%3A%22url%3Ahttps%253A%252F%252Ftesti-e2c55b704894.senaatti.fi%252Fsv%252Flokallosningar-och-lokaltjanster%252Farbetsmiljotjanster-for-ledningen%252F%7Ctitle%3AL%25C3%25A4s%2520mer%22%2C%22description%22%3A%22Vi%20hj%C3%A4lper%20till%20att%20f%C3%B6rnya%20arbetsmilj%C3%B6erna%20och%20s%C3%A4tten%20att%20arbeta.%20Vi%20engagerar%2C%20entusiasmerar%20och%20aktiverar%20de%20anst%C3%A4llda%20i%20f%C3%B6r%C3%A4ndringen.%20V%C3%A5ra%20tj%C3%A4nster%20omfattar%20bland%20annat%20arbetsmilj%C3%B6ledning%2C%20f%C3%B6r%C3%A4ndringsledning%2C%20utveckling%20av%20informationsarbetet%2C%20tj%C3%A4nstedesign%20och%20konsekvensbed%C3%B6mningar.%22%2C%22image%22%3A%2259312%22%7D%2C%7B%22label%22%3A%22Milj%C3%B6tj%C3%A4nster%22%2C%22link%22%3A%22url%3Ahttps%253A%252F%252Ftesti-e2c55b704894.senaatti.fi%252Fsv%252Fforsvarsfastigheter%252Ftjanster%252Fmiljotjanster%252F%7Ctitle%3AL%25C3%25A4s%2520mer%22%2C%22description%22%3A%22V%C3%A5ra%20erfarna%20experter%20inom%20F%C3%B6rsvarsfastigheter%20hj%C3%A4lper%20bland%20annat%20med%20milj%C3%B6-%20och%20naturutredningar%2C%20unders%C3%B6kning%20och%20sanering%20av%20f%C3%B6rorenad%20mark%2C%20milj%C3%B6tekniskt%20byggande%2C%20l%C3%B6sningar%20inom%20cirkul%C3%A4r%20ekonomi%2C%20uppf%C3%B6ljning%20av%20milj%C3%B6konsekvenser%20och%20myndighetsf%C3%B6rfaranden.%22%2C%22image%22%3A%2251598%22%7D%5D&#8221; heading=&#8221;V\u00e5ra andra tj\u00e4nster&#8221;][\/vc_column][\/vc_row]<\/p>\n<\/div>","protected":false},"excerpt":{"rendered":"<p>[vc_row][vc_column][senaatti_hero heading=&#8221;S\u00e4kerhetstj\u00e4nster&#8221; text=&#8221;Vi hj\u00e4lper organisationer inom statsf\u00f6rvaltningen att optimera s\u00e4kerheten i arbetsmilj\u00f6n till en r\u00e4tt niv\u00e5. Vid behov genomf\u00f6r vi s\u00e4kerhetsl\u00f6sningarna och uppr\u00e4tth\u00e5ller den valda s\u00e4kerhetsniv\u00e5n samt utvecklar s\u00e4kerhetskompetensen till exempel genom utbildning.&#8221; image=&#8221;58021&#8243;][\/vc_column][\/vc_row][vc_row][vc_column][vc_column_text remove_empty_space_above=&#8221;true&#8221;] S\u00e4kerhetstj\u00e4nster som del av arbetsmilj\u00f6 med full service Inom statsf\u00f6rvaltningen vill man allt oftare skaffa s\u00e4kerhetssystem och -tj\u00e4nster som del [&hellip;]<\/p>\n","protected":false},"author":67,"featured_media":0,"parent":59186,"menu_order":0,"comment_status":"closed","ping_status":"closed","template":"","meta":{"_acf_changed":false,"footnotes":""},"class_list":["post-59229","page","type-page","status-publish","hentry"],"acf":[],"yoast_head":"<!-- This site is optimized with the Yoast SEO plugin v23.9 - https:\/\/yoast.com\/wordpress\/plugins\/seo\/ -->\n<title>S\u00e4kerhetstj\u00e4nster - Senaatti<\/title>\n<meta name=\"robots\" content=\"noindex, follow, max-snippet:-1, max-image-preview:large, max-video-preview:-1\" \/>\n<meta property=\"og:locale\" content=\"sv_SE\" \/>\n<meta property=\"og:type\" content=\"article\" \/>\n<meta property=\"og:title\" content=\"S\u00e4kerhetstj\u00e4nster - Senaatti\" \/>\n<meta property=\"og:description\" content=\"[vc_row][vc_column][senaatti_hero heading=&#8221;S\u00e4kerhetstj\u00e4nster&#8221; text=&#8221;Vi hj\u00e4lper organisationer inom statsf\u00f6rvaltningen att optimera s\u00e4kerheten i arbetsmilj\u00f6n till en r\u00e4tt niv\u00e5. Vid behov genomf\u00f6r vi s\u00e4kerhetsl\u00f6sningarna och uppr\u00e4tth\u00e5ller den valda s\u00e4kerhetsniv\u00e5n samt utvecklar s\u00e4kerhetskompetensen till exempel genom utbildning.&#8221; image=&#8221;58021&#8243;][\/vc_column][\/vc_row][vc_row][vc_column][vc_column_text remove_empty_space_above=&#8221;true&#8221;] S\u00e4kerhetstj\u00e4nster som del av arbetsmilj\u00f6 med full service Inom statsf\u00f6rvaltningen vill man allt oftare skaffa s\u00e4kerhetssystem och -tj\u00e4nster som del [&hellip;]\" \/>\n<meta property=\"og:url\" content=\"https:\/\/testi-e2c55b704894.senaatti.fi\/sv\/lokallosningar-och-lokaltjanster\/sakerhetstjanster\/\" \/>\n<meta property=\"og:site_name\" content=\"Senaatti\" \/>\n<meta property=\"article:publisher\" content=\"https:\/\/www.facebook.com\/SenaattiKiinteistot\/\" \/>\n<meta property=\"article:modified_time\" content=\"2024-03-13T07:04:17+00:00\" \/>\n<meta property=\"og:image\" content=\"https:\/\/testi-e2c55b704894.senaatti.fi\/app\/uploads\/2021\/01\/Senaatti_FB_profiili_1200x630-1024x538.png\" \/>\n\t<meta property=\"og:image:width\" content=\"1024\" \/>\n\t<meta property=\"og:image:height\" content=\"538\" \/>\n\t<meta property=\"og:image:type\" content=\"image\/png\" \/>\n<meta name=\"twitter:card\" content=\"summary_large_image\" \/>\n<meta name=\"twitter:site\" content=\"@SenaattiK\" \/>\n<meta name=\"twitter:label1\" content=\"Ber\u00e4knad l\u00e4stid\" \/>\n\t<meta name=\"twitter:data1\" content=\"2 minuter\" \/>\n<script type=\"application\/ld+json\" class=\"yoast-schema-graph\">{\"@context\":\"https:\/\/schema.org\",\"@graph\":[{\"@type\":\"WebPage\",\"@id\":\"https:\/\/testi-e2c55b704894.senaatti.fi\/sv\/lokallosningar-och-lokaltjanster\/sakerhetstjanster\/\",\"url\":\"https:\/\/testi-e2c55b704894.senaatti.fi\/sv\/lokallosningar-och-lokaltjanster\/sakerhetstjanster\/\",\"name\":\"S\u00e4kerhetstj\u00e4nster - Senaatti\",\"isPartOf\":{\"@id\":\"https:\/\/www.senaatti.fi\/#website\"},\"datePublished\":\"2023-01-05T10:58:40+00:00\",\"dateModified\":\"2024-03-13T07:04:17+00:00\",\"breadcrumb\":{\"@id\":\"https:\/\/testi-e2c55b704894.senaatti.fi\/sv\/lokallosningar-och-lokaltjanster\/sakerhetstjanster\/#breadcrumb\"},\"inLanguage\":\"sv-SE\",\"potentialAction\":[{\"@type\":\"ReadAction\",\"target\":[\"https:\/\/testi-e2c55b704894.senaatti.fi\/sv\/lokallosningar-och-lokaltjanster\/sakerhetstjanster\/\"]}]},{\"@type\":\"BreadcrumbList\",\"@id\":\"https:\/\/testi-e2c55b704894.senaatti.fi\/sv\/lokallosningar-och-lokaltjanster\/sakerhetstjanster\/#breadcrumb\",\"itemListElement\":[{\"@type\":\"ListItem\",\"position\":1,\"name\":\"Hem\",\"item\":\"https:\/\/www.senaatti.fi\/sv\/\"},{\"@type\":\"ListItem\",\"position\":2,\"name\":\"Lokall\u00f6sningar och lokaltj\u00e4nster\",\"item\":\"https:\/\/www.senaatti.fi\/sv\/lokallosningar-och-lokaltjanster\/\"},{\"@type\":\"ListItem\",\"position\":3,\"name\":\"S\u00e4kerhetstj\u00e4nster\"}]},{\"@type\":\"WebSite\",\"@id\":\"https:\/\/www.senaatti.fi\/#website\",\"url\":\"https:\/\/www.senaatti.fi\/\",\"name\":\"Senaatti\",\"description\":\"Just another WordPress site\",\"publisher\":{\"@id\":\"https:\/\/www.senaatti.fi\/#organization\"},\"potentialAction\":[{\"@type\":\"SearchAction\",\"target\":{\"@type\":\"EntryPoint\",\"urlTemplate\":\"https:\/\/www.senaatti.fi\/?s={search_term_string}\"},\"query-input\":{\"@type\":\"PropertyValueSpecification\",\"valueRequired\":true,\"valueName\":\"search_term_string\"}}],\"inLanguage\":\"sv-SE\"},{\"@type\":\"Organization\",\"@id\":\"https:\/\/www.senaatti.fi\/#organization\",\"name\":\"Senaatti-kiinteist\u00f6t\",\"url\":\"https:\/\/www.senaatti.fi\/\",\"logo\":{\"@type\":\"ImageObject\",\"inLanguage\":\"sv-SE\",\"@id\":\"https:\/\/www.senaatti.fi\/#\/schema\/logo\/image\/\",\"url\":\"https:\/\/testi-e2c55b704894.senaatti.fi\/app\/uploads\/2021\/01\/Senaatti_FB_profiili_1200x630.png\",\"contentUrl\":\"https:\/\/testi-e2c55b704894.senaatti.fi\/app\/uploads\/2021\/01\/Senaatti_FB_profiili_1200x630.png\",\"width\":1201,\"height\":631,\"caption\":\"Senaatti-kiinteist\u00f6t\"},\"image\":{\"@id\":\"https:\/\/www.senaatti.fi\/#\/schema\/logo\/image\/\"},\"sameAs\":[\"https:\/\/www.facebook.com\/SenaattiKiinteistot\/\",\"https:\/\/x.com\/SenaattiK\",\"https:\/\/www.linkedin.com\/company\/senate-properties\",\"https:\/\/www.youtube.com\/channel\/UCunSUhMjKd5KqASPgBrndkQ\"]}]}<\/script>\n<!-- \/ Yoast SEO plugin. -->","yoast_head_json":{"title":"S\u00e4kerhetstj\u00e4nster - Senaatti","robots":{"index":"noindex","follow":"follow","max-snippet":"max-snippet:-1","max-image-preview":"max-image-preview:large","max-video-preview":"max-video-preview:-1"},"og_locale":"sv_SE","og_type":"article","og_title":"S\u00e4kerhetstj\u00e4nster - Senaatti","og_description":"[vc_row][vc_column][senaatti_hero heading=&#8221;S\u00e4kerhetstj\u00e4nster&#8221; text=&#8221;Vi hj\u00e4lper organisationer inom statsf\u00f6rvaltningen att optimera s\u00e4kerheten i arbetsmilj\u00f6n till en r\u00e4tt niv\u00e5. Vid behov genomf\u00f6r vi s\u00e4kerhetsl\u00f6sningarna och uppr\u00e4tth\u00e5ller den valda s\u00e4kerhetsniv\u00e5n samt utvecklar s\u00e4kerhetskompetensen till exempel genom utbildning.&#8221; image=&#8221;58021&#8243;][\/vc_column][\/vc_row][vc_row][vc_column][vc_column_text remove_empty_space_above=&#8221;true&#8221;] S\u00e4kerhetstj\u00e4nster som del av arbetsmilj\u00f6 med full service Inom statsf\u00f6rvaltningen vill man allt oftare skaffa s\u00e4kerhetssystem och -tj\u00e4nster som del [&hellip;]","og_url":"https:\/\/testi-e2c55b704894.senaatti.fi\/sv\/lokallosningar-och-lokaltjanster\/sakerhetstjanster\/","og_site_name":"Senaatti","article_publisher":"https:\/\/www.facebook.com\/SenaattiKiinteistot\/","article_modified_time":"2024-03-13T07:04:17+00:00","og_image":[{"width":1024,"height":538,"url":"https:\/\/testi-e2c55b704894.senaatti.fi\/app\/uploads\/2021\/01\/Senaatti_FB_profiili_1200x630-1024x538.png","type":"image\/png"}],"twitter_card":"summary_large_image","twitter_site":"@SenaattiK","twitter_misc":{"Ber\u00e4knad l\u00e4stid":"2 minuter"},"schema":{"@context":"https:\/\/schema.org","@graph":[{"@type":"WebPage","@id":"https:\/\/testi-e2c55b704894.senaatti.fi\/sv\/lokallosningar-och-lokaltjanster\/sakerhetstjanster\/","url":"https:\/\/testi-e2c55b704894.senaatti.fi\/sv\/lokallosningar-och-lokaltjanster\/sakerhetstjanster\/","name":"S\u00e4kerhetstj\u00e4nster - Senaatti","isPartOf":{"@id":"https:\/\/www.senaatti.fi\/#website"},"datePublished":"2023-01-05T10:58:40+00:00","dateModified":"2024-03-13T07:04:17+00:00","breadcrumb":{"@id":"https:\/\/testi-e2c55b704894.senaatti.fi\/sv\/lokallosningar-och-lokaltjanster\/sakerhetstjanster\/#breadcrumb"},"inLanguage":"sv-SE","potentialAction":[{"@type":"ReadAction","target":["https:\/\/testi-e2c55b704894.senaatti.fi\/sv\/lokallosningar-och-lokaltjanster\/sakerhetstjanster\/"]}]},{"@type":"BreadcrumbList","@id":"https:\/\/testi-e2c55b704894.senaatti.fi\/sv\/lokallosningar-och-lokaltjanster\/sakerhetstjanster\/#breadcrumb","itemListElement":[{"@type":"ListItem","position":1,"name":"Hem","item":"https:\/\/www.senaatti.fi\/sv\/"},{"@type":"ListItem","position":2,"name":"Lokall\u00f6sningar och lokaltj\u00e4nster","item":"https:\/\/www.senaatti.fi\/sv\/lokallosningar-och-lokaltjanster\/"},{"@type":"ListItem","position":3,"name":"S\u00e4kerhetstj\u00e4nster"}]},{"@type":"WebSite","@id":"https:\/\/www.senaatti.fi\/#website","url":"https:\/\/www.senaatti.fi\/","name":"Senaatti","description":"Just another WordPress site","publisher":{"@id":"https:\/\/www.senaatti.fi\/#organization"},"potentialAction":[{"@type":"SearchAction","target":{"@type":"EntryPoint","urlTemplate":"https:\/\/www.senaatti.fi\/?s={search_term_string}"},"query-input":{"@type":"PropertyValueSpecification","valueRequired":true,"valueName":"search_term_string"}}],"inLanguage":"sv-SE"},{"@type":"Organization","@id":"https:\/\/www.senaatti.fi\/#organization","name":"Senaatti-kiinteist\u00f6t","url":"https:\/\/www.senaatti.fi\/","logo":{"@type":"ImageObject","inLanguage":"sv-SE","@id":"https:\/\/www.senaatti.fi\/#\/schema\/logo\/image\/","url":"https:\/\/testi-e2c55b704894.senaatti.fi\/app\/uploads\/2021\/01\/Senaatti_FB_profiili_1200x630.png","contentUrl":"https:\/\/testi-e2c55b704894.senaatti.fi\/app\/uploads\/2021\/01\/Senaatti_FB_profiili_1200x630.png","width":1201,"height":631,"caption":"Senaatti-kiinteist\u00f6t"},"image":{"@id":"https:\/\/www.senaatti.fi\/#\/schema\/logo\/image\/"},"sameAs":["https:\/\/www.facebook.com\/SenaattiKiinteistot\/","https:\/\/x.com\/SenaattiK","https:\/\/www.linkedin.com\/company\/senate-properties","https:\/\/www.youtube.com\/channel\/UCunSUhMjKd5KqASPgBrndkQ"]}]}},"publishpress_future_action":{"enabled":false,"date":"2026-04-14 17:36:02","action":"change-status","newStatus":"draft","terms":[],"taxonomy":"translation_priority"},"_links":{"self":[{"href":"https:\/\/testi-e2c55b704894.senaatti.fi\/sv\/wp-json\/wp\/v2\/pages\/59229","targetHints":{"allow":["GET"]}}],"collection":[{"href":"https:\/\/testi-e2c55b704894.senaatti.fi\/sv\/wp-json\/wp\/v2\/pages"}],"about":[{"href":"https:\/\/testi-e2c55b704894.senaatti.fi\/sv\/wp-json\/wp\/v2\/types\/page"}],"author":[{"embeddable":true,"href":"https:\/\/testi-e2c55b704894.senaatti.fi\/sv\/wp-json\/wp\/v2\/users\/67"}],"replies":[{"embeddable":true,"href":"https:\/\/testi-e2c55b704894.senaatti.fi\/sv\/wp-json\/wp\/v2\/comments?post=59229"}],"version-history":[{"count":9,"href":"https:\/\/testi-e2c55b704894.senaatti.fi\/sv\/wp-json\/wp\/v2\/pages\/59229\/revisions"}],"predecessor-version":[{"id":71261,"href":"https:\/\/testi-e2c55b704894.senaatti.fi\/sv\/wp-json\/wp\/v2\/pages\/59229\/revisions\/71261"}],"up":[{"embeddable":true,"href":"https:\/\/testi-e2c55b704894.senaatti.fi\/sv\/wp-json\/wp\/v2\/pages\/59186"}],"wp:attachment":[{"href":"https:\/\/testi-e2c55b704894.senaatti.fi\/sv\/wp-json\/wp\/v2\/media?parent=59229"}],"curies":[{"name":"wp","href":"https:\/\/api.w.org\/{rel}","templated":true}]}}