{"id":59269,"date":"2023-01-04T08:04:43","date_gmt":"2023-01-04T06:04:43","guid":{"rendered":"https:\/\/testi-e2c55b704894.senaatti.fi\/?page_id=59269"},"modified":"2024-02-01T13:44:44","modified_gmt":"2024-02-01T11:44:44","slug":"coworking-lokaler","status":"publish","type":"page","link":"https:\/\/testi-e2c55b704894.senaatti.fi\/sv\/lokallosningar-och-lokaltjanster\/coworking-lokaler\/","title":{"rendered":"Coworking-lokaler"},"content":{"rendered":"<div class=\"wpb-content-wrapper\"><p>[vc_row][vc_column][senaatti_hero heading=&#8221;Statens coworking-lokaler&#8221; text=&#8221;Vi erbjuder statsanst\u00e4llda coworking-lokaler f\u00f6r samarbete \u00f6ver organisationsgr\u00e4nserna. V\u00e4lkommen att bes\u00f6ka!&#8221; image=&#8221;19322&#8243;][\/vc_column][\/vc_row][vc_row][vc_column][senaatti_liftcards card=&#8221;%5B%7B%22label%22%3A%22Sesam%22%2C%22sublabel%22%3A%22F%C3%A5gelviksgr%C3%A4nden%204%20A%2C%20Helsingfors%22%2C%22link%22%3A%22url%3Ahttps%253A%252F%252Ftesti-e2c55b704894.senaatti.fi%252Fsv%252Fcoworking-lokaler%252Fsesam-helsingfors%252F%7Ctitle%3AL%25C3%25A4s%2520mer%22%2C%22description%22%3A%22I%20Sesam%20erbjuder%20vi%20dig%20ett%20avgiftsfritt%20tr%C3%A5dl%C3%B6st%20n%C3%A4t%2C%20kaffe%2C%20l%C3%A5sbara%20sk%C3%A5p%20och%20rum%20f%C3%B6r%20olika%20typer%20av%20arbete.%22%2C%22image%22%3A%2250279%22%7D%2C%7B%22label%22%3A%22Sesam%20%22%2C%22sublabel%22%3A%22Kallanranta%2011%2C%20Kuopio%22%2C%22description%22%3A%22Sesam%20Kuopio%20%C3%A4r%20st%C3%A4ngt.%22%2C%22image%22%3A%2215950%22%7D%5D&#8221; heading=&#8221;Kolla in v\u00e5ra coworking-lokaler&#8221;][\/vc_column][\/vc_row][vc_row][vc_column][senaatti_liftcards card=&#8221;%5B%7B%22label%22%3A%22Hupi%20i%20%C3%85bo%22%2C%22sublabel%22%3A%22Sj%C3%A4lvst%C3%A4ndighetsplatsen%202%2C%20%C3%85bo%22%2C%22link%22%3A%22url%3Ahttps%253A%252F%252Ftesti-e2c55b704894.senaatti.fi%252Fsv%252Fcoworking-lokaler%252Fhupi-i-abo%252F%7Ctitle%3AL%25C3%25A4s%2520mer%22%2C%22description%22%3A%22Hupi%20bjuder%20p%C3%A5%20en%20arbetsmilj%C3%B6%20som%20st%C3%B6der%20moderna%20arbetsmetoder.%20Hupi%20%C3%A4r%20avsedd%20f%C3%B6r%20alla%20anst%C3%A4llda%20inom%20statsf%C3%B6rvaltningen.%22%2C%22image%22%3A%2220020%22%7D%2C%7B%22label%22%3A%22Ty%C3%B6%202.0%20Lab%22%2C%22sublabel%22%3A%22Bang%C3%A5rdsv%C3%A4gen%207%2C%20Helsingfors%22%2C%22link%22%3A%22url%3Ahttps%253A%252F%252Ftyo-2-0-lab.fi%252F%7Ctitle%3AL%25C3%25A4s%2520mer%7Ctarget%3A_blank%22%2C%22description%22%3A%22Ty%C3%B6%202.0%20Lab%20erbjuder%20en%20m%C3%B6tesplats%20f%C3%B6r%20fenomenbaserade%20f%C3%B6rberedelser%20som%20%C3%B6verskrider%20f%C3%B6rvaltningsomr%C3%A5des-%20och%20sektorsgr%C3%A4nserna%20samt%20f%C3%B6r%20gemensamt%20l%C3%A4rande.%20%22%2C%22image%22%3A%2269642%22%7D%5D&#8221;][\/vc_column][\/vc_row]<\/p>\n<\/div>","protected":false},"excerpt":{"rendered":"<p>[vc_row][vc_column][senaatti_hero heading=&#8221;Statens coworking-lokaler&#8221; text=&#8221;Vi erbjuder statsanst\u00e4llda coworking-lokaler f\u00f6r samarbete \u00f6ver organisationsgr\u00e4nserna. V\u00e4lkommen att bes\u00f6ka!&#8221; image=&#8221;19322&#8243;][\/vc_column][\/vc_row][vc_row][vc_column][senaatti_liftcards card=&#8221;%5B%7B%22label%22%3A%22Sesam%22%2C%22sublabel%22%3A%22F%C3%A5gelviksgr%C3%A4nden%204%20A%2C%20Helsingfors%22%2C%22link%22%3A%22url%3Ahttps%253A%252F%252Ftesti-e2c55b704894.senaatti.fi%252Fsv%252Fcoworking-lokaler%252Fsesam-helsingfors%252F%7Ctitle%3AL%25C3%25A4s%2520mer%22%2C%22description%22%3A%22I%20Sesam%20erbjuder%20vi%20dig%20ett%20avgiftsfritt%20tr%C3%A5dl%C3%B6st%20n%C3%A4t%2C%20kaffe%2C%20l%C3%A5sbara%20sk%C3%A5p%20och%20rum%20f%C3%B6r%20olika%20typer%20av%20arbete.%22%2C%22image%22%3A%2250279%22%7D%2C%7B%22label%22%3A%22Sesam%20%22%2C%22sublabel%22%3A%22Kallanranta%2011%2C%20Kuopio%22%2C%22description%22%3A%22Sesam%20Kuopio%20%C3%A4r%20st%C3%A4ngt.%22%2C%22image%22%3A%2215950%22%7D%5D&#8221; heading=&#8221;Kolla in v\u00e5ra coworking-lokaler&#8221;][\/vc_column][\/vc_row][vc_row][vc_column][senaatti_liftcards card=&#8221;%5B%7B%22label%22%3A%22Hupi%20i%20%C3%85bo%22%2C%22sublabel%22%3A%22Sj%C3%A4lvst%C3%A4ndighetsplatsen%202%2C%20%C3%85bo%22%2C%22link%22%3A%22url%3Ahttps%253A%252F%252Ftesti-e2c55b704894.senaatti.fi%252Fsv%252Fcoworking-lokaler%252Fhupi-i-abo%252F%7Ctitle%3AL%25C3%25A4s%2520mer%22%2C%22description%22%3A%22Hupi%20bjuder%20p%C3%A5%20en%20arbetsmilj%C3%B6%20som%20st%C3%B6der%20moderna%20arbetsmetoder.%20Hupi%20%C3%A4r%20avsedd%20f%C3%B6r%20alla%20anst%C3%A4llda%20inom%20statsf%C3%B6rvaltningen.%22%2C%22image%22%3A%2220020%22%7D%2C%7B%22label%22%3A%22Ty%C3%B6%202.0%20Lab%22%2C%22sublabel%22%3A%22Bang%C3%A5rdsv%C3%A4gen%207%2C%20Helsingfors%22%2C%22link%22%3A%22url%3Ahttps%253A%252F%252Ftyo-2-0-lab.fi%252F%7Ctitle%3AL%25C3%25A4s%2520mer%7Ctarget%3A_blank%22%2C%22description%22%3A%22Ty%C3%B6%202.0%20Lab%20erbjuder%20en%20m%C3%B6tesplats%20f%C3%B6r%20fenomenbaserade%20f%C3%B6rberedelser%20som%20%C3%B6verskrider%20f%C3%B6rvaltningsomr%C3%A5des-%20och%20sektorsgr%C3%A4nserna%20samt%20f%C3%B6r%20gemensamt%20l%C3%A4rande.%20%22%2C%22image%22%3A%2269642%22%7D%5D&#8221;][\/vc_column][\/vc_row]<\/p>\n","protected":false},"author":11,"featured_media":0,"parent":59186,"menu_order":0,"comment_status":"closed","ping_status":"closed","template":"","meta":{"_acf_changed":false,"footnotes":""},"class_list":["post-59269","page","type-page","status-publish","hentry"],"acf":[],"yoast_head":"<!-- This site is optimized with the Yoast SEO plugin v23.9 - https:\/\/yoast.com\/wordpress\/plugins\/seo\/ -->\n<title>Coworking-lokaler - Senaatti<\/title>\n<meta name=\"robots\" content=\"noindex, follow, max-snippet:-1, max-image-preview:large, max-video-preview:-1\" \/>\n<meta property=\"og:locale\" content=\"sv_SE\" \/>\n<meta property=\"og:type\" content=\"article\" \/>\n<meta property=\"og:title\" content=\"Coworking-lokaler - Senaatti\" \/>\n<meta property=\"og:description\" content=\"[vc_row][vc_column][senaatti_hero heading=&#8221;Statens coworking-lokaler&#8221; text=&#8221;Vi erbjuder statsanst\u00e4llda coworking-lokaler f\u00f6r samarbete \u00f6ver organisationsgr\u00e4nserna. V\u00e4lkommen att bes\u00f6ka!&#8221; image=&#8221;19322&#8243;][\/vc_column][\/vc_row][vc_row][vc_column][senaatti_liftcards card=&#8221;%5B%7B%22label%22%3A%22Sesam%22%2C%22sublabel%22%3A%22F%C3%A5gelviksgr%C3%A4nden%204%20A%2C%20Helsingfors%22%2C%22link%22%3A%22url%3Ahttps%253A%252F%252Ftesti-e2c55b704894.senaatti.fi%252Fsv%252Fcoworking-lokaler%252Fsesam-helsingfors%252F%7Ctitle%3AL%25C3%25A4s%2520mer%22%2C%22description%22%3A%22I%20Sesam%20erbjuder%20vi%20dig%20ett%20avgiftsfritt%20tr%C3%A5dl%C3%B6st%20n%C3%A4t%2C%20kaffe%2C%20l%C3%A5sbara%20sk%C3%A5p%20och%20rum%20f%C3%B6r%20olika%20typer%20av%20arbete.%22%2C%22image%22%3A%2250279%22%7D%2C%7B%22label%22%3A%22Sesam%20%22%2C%22sublabel%22%3A%22Kallanranta%2011%2C%20Kuopio%22%2C%22description%22%3A%22Sesam%20Kuopio%20%C3%A4r%20st%C3%A4ngt.%22%2C%22image%22%3A%2215950%22%7D%5D&#8221; heading=&#8221;Kolla in v\u00e5ra coworking-lokaler&#8221;][\/vc_column][\/vc_row][vc_row][vc_column][senaatti_liftcards card=&#8221;%5B%7B%22label%22%3A%22Hupi%20i%20%C3%85bo%22%2C%22sublabel%22%3A%22Sj%C3%A4lvst%C3%A4ndighetsplatsen%202%2C%20%C3%85bo%22%2C%22link%22%3A%22url%3Ahttps%253A%252F%252Ftesti-e2c55b704894.senaatti.fi%252Fsv%252Fcoworking-lokaler%252Fhupi-i-abo%252F%7Ctitle%3AL%25C3%25A4s%2520mer%22%2C%22description%22%3A%22Hupi%20bjuder%20p%C3%A5%20en%20arbetsmilj%C3%B6%20som%20st%C3%B6der%20moderna%20arbetsmetoder.%20Hupi%20%C3%A4r%20avsedd%20f%C3%B6r%20alla%20anst%C3%A4llda%20inom%20statsf%C3%B6rvaltningen.%22%2C%22image%22%3A%2220020%22%7D%2C%7B%22label%22%3A%22Ty%C3%B6%202.0%20Lab%22%2C%22sublabel%22%3A%22Bang%C3%A5rdsv%C3%A4gen%207%2C%20Helsingfors%22%2C%22link%22%3A%22url%3Ahttps%253A%252F%252Ftyo-2-0-lab.fi%252F%7Ctitle%3AL%25C3%25A4s%2520mer%7Ctarget%3A_blank%22%2C%22description%22%3A%22Ty%C3%B6%202.0%20Lab%20erbjuder%20en%20m%C3%B6tesplats%20f%C3%B6r%20fenomenbaserade%20f%C3%B6rberedelser%20som%20%C3%B6verskrider%20f%C3%B6rvaltningsomr%C3%A5des-%20och%20sektorsgr%C3%A4nserna%20samt%20f%C3%B6r%20gemensamt%20l%C3%A4rande.%20%22%2C%22image%22%3A%2269642%22%7D%5D&#8221;][\/vc_column][\/vc_row]\" \/>\n<meta property=\"og:url\" content=\"https:\/\/testi-e2c55b704894.senaatti.fi\/sv\/lokallosningar-och-lokaltjanster\/coworking-lokaler\/\" \/>\n<meta property=\"og:site_name\" content=\"Senaatti\" \/>\n<meta property=\"article:publisher\" content=\"https:\/\/www.facebook.com\/SenaattiKiinteistot\/\" \/>\n<meta property=\"article:modified_time\" content=\"2024-02-01T11:44:44+00:00\" \/>\n<meta property=\"og:image\" content=\"https:\/\/testi-e2c55b704894.senaatti.fi\/app\/uploads\/2021\/01\/Senaatti_FB_profiili_1200x630-1024x538.png\" \/>\n\t<meta property=\"og:image:width\" content=\"1024\" \/>\n\t<meta property=\"og:image:height\" content=\"538\" \/>\n\t<meta property=\"og:image:type\" content=\"image\/png\" \/>\n<meta name=\"twitter:card\" content=\"summary_large_image\" \/>\n<meta name=\"twitter:site\" content=\"@SenaattiK\" \/>\n<meta name=\"twitter:label1\" content=\"Ber\u00e4knad l\u00e4stid\" \/>\n\t<meta name=\"twitter:data1\" content=\"1 minut\" \/>\n<script type=\"application\/ld+json\" class=\"yoast-schema-graph\">{\"@context\":\"https:\/\/schema.org\",\"@graph\":[{\"@type\":\"WebPage\",\"@id\":\"https:\/\/testi-e2c55b704894.senaatti.fi\/sv\/lokallosningar-och-lokaltjanster\/coworking-lokaler\/\",\"url\":\"https:\/\/testi-e2c55b704894.senaatti.fi\/sv\/lokallosningar-och-lokaltjanster\/coworking-lokaler\/\",\"name\":\"Coworking-lokaler - Senaatti\",\"isPartOf\":{\"@id\":\"https:\/\/www.senaatti.fi\/#website\"},\"datePublished\":\"2023-01-04T06:04:43+00:00\",\"dateModified\":\"2024-02-01T11:44:44+00:00\",\"breadcrumb\":{\"@id\":\"https:\/\/testi-e2c55b704894.senaatti.fi\/sv\/lokallosningar-och-lokaltjanster\/coworking-lokaler\/#breadcrumb\"},\"inLanguage\":\"sv-SE\",\"potentialAction\":[{\"@type\":\"ReadAction\",\"target\":[\"https:\/\/testi-e2c55b704894.senaatti.fi\/sv\/lokallosningar-och-lokaltjanster\/coworking-lokaler\/\"]}]},{\"@type\":\"BreadcrumbList\",\"@id\":\"https:\/\/testi-e2c55b704894.senaatti.fi\/sv\/lokallosningar-och-lokaltjanster\/coworking-lokaler\/#breadcrumb\",\"itemListElement\":[{\"@type\":\"ListItem\",\"position\":1,\"name\":\"Hem\",\"item\":\"https:\/\/www.senaatti.fi\/sv\/\"},{\"@type\":\"ListItem\",\"position\":2,\"name\":\"Lokall\u00f6sningar och lokaltj\u00e4nster\",\"item\":\"https:\/\/www.senaatti.fi\/sv\/lokallosningar-och-lokaltjanster\/\"},{\"@type\":\"ListItem\",\"position\":3,\"name\":\"Coworking-lokaler\"}]},{\"@type\":\"WebSite\",\"@id\":\"https:\/\/www.senaatti.fi\/#website\",\"url\":\"https:\/\/www.senaatti.fi\/\",\"name\":\"Senaatti\",\"description\":\"Just another WordPress site\",\"publisher\":{\"@id\":\"https:\/\/www.senaatti.fi\/#organization\"},\"potentialAction\":[{\"@type\":\"SearchAction\",\"target\":{\"@type\":\"EntryPoint\",\"urlTemplate\":\"https:\/\/www.senaatti.fi\/?s={search_term_string}\"},\"query-input\":{\"@type\":\"PropertyValueSpecification\",\"valueRequired\":true,\"valueName\":\"search_term_string\"}}],\"inLanguage\":\"sv-SE\"},{\"@type\":\"Organization\",\"@id\":\"https:\/\/www.senaatti.fi\/#organization\",\"name\":\"Senaatti-kiinteist\u00f6t\",\"url\":\"https:\/\/www.senaatti.fi\/\",\"logo\":{\"@type\":\"ImageObject\",\"inLanguage\":\"sv-SE\",\"@id\":\"https:\/\/www.senaatti.fi\/#\/schema\/logo\/image\/\",\"url\":\"https:\/\/testi-e2c55b704894.senaatti.fi\/app\/uploads\/2021\/01\/Senaatti_FB_profiili_1200x630.png\",\"contentUrl\":\"https:\/\/testi-e2c55b704894.senaatti.fi\/app\/uploads\/2021\/01\/Senaatti_FB_profiili_1200x630.png\",\"width\":1201,\"height\":631,\"caption\":\"Senaatti-kiinteist\u00f6t\"},\"image\":{\"@id\":\"https:\/\/www.senaatti.fi\/#\/schema\/logo\/image\/\"},\"sameAs\":[\"https:\/\/www.facebook.com\/SenaattiKiinteistot\/\",\"https:\/\/x.com\/SenaattiK\",\"https:\/\/www.linkedin.com\/company\/senate-properties\",\"https:\/\/www.youtube.com\/channel\/UCunSUhMjKd5KqASPgBrndkQ\"]}]}<\/script>\n<!-- \/ Yoast SEO plugin. -->","yoast_head_json":{"title":"Coworking-lokaler - Senaatti","robots":{"index":"noindex","follow":"follow","max-snippet":"max-snippet:-1","max-image-preview":"max-image-preview:large","max-video-preview":"max-video-preview:-1"},"og_locale":"sv_SE","og_type":"article","og_title":"Coworking-lokaler - Senaatti","og_description":"[vc_row][vc_column][senaatti_hero heading=&#8221;Statens coworking-lokaler&#8221; text=&#8221;Vi erbjuder statsanst\u00e4llda coworking-lokaler f\u00f6r samarbete \u00f6ver organisationsgr\u00e4nserna. V\u00e4lkommen att bes\u00f6ka!&#8221; image=&#8221;19322&#8243;][\/vc_column][\/vc_row][vc_row][vc_column][senaatti_liftcards card=&#8221;%5B%7B%22label%22%3A%22Sesam%22%2C%22sublabel%22%3A%22F%C3%A5gelviksgr%C3%A4nden%204%20A%2C%20Helsingfors%22%2C%22link%22%3A%22url%3Ahttps%253A%252F%252Ftesti-e2c55b704894.senaatti.fi%252Fsv%252Fcoworking-lokaler%252Fsesam-helsingfors%252F%7Ctitle%3AL%25C3%25A4s%2520mer%22%2C%22description%22%3A%22I%20Sesam%20erbjuder%20vi%20dig%20ett%20avgiftsfritt%20tr%C3%A5dl%C3%B6st%20n%C3%A4t%2C%20kaffe%2C%20l%C3%A5sbara%20sk%C3%A5p%20och%20rum%20f%C3%B6r%20olika%20typer%20av%20arbete.%22%2C%22image%22%3A%2250279%22%7D%2C%7B%22label%22%3A%22Sesam%20%22%2C%22sublabel%22%3A%22Kallanranta%2011%2C%20Kuopio%22%2C%22description%22%3A%22Sesam%20Kuopio%20%C3%A4r%20st%C3%A4ngt.%22%2C%22image%22%3A%2215950%22%7D%5D&#8221; heading=&#8221;Kolla in v\u00e5ra coworking-lokaler&#8221;][\/vc_column][\/vc_row][vc_row][vc_column][senaatti_liftcards card=&#8221;%5B%7B%22label%22%3A%22Hupi%20i%20%C3%85bo%22%2C%22sublabel%22%3A%22Sj%C3%A4lvst%C3%A4ndighetsplatsen%202%2C%20%C3%85bo%22%2C%22link%22%3A%22url%3Ahttps%253A%252F%252Ftesti-e2c55b704894.senaatti.fi%252Fsv%252Fcoworking-lokaler%252Fhupi-i-abo%252F%7Ctitle%3AL%25C3%25A4s%2520mer%22%2C%22description%22%3A%22Hupi%20bjuder%20p%C3%A5%20en%20arbetsmilj%C3%B6%20som%20st%C3%B6der%20moderna%20arbetsmetoder.%20Hupi%20%C3%A4r%20avsedd%20f%C3%B6r%20alla%20anst%C3%A4llda%20inom%20statsf%C3%B6rvaltningen.%22%2C%22image%22%3A%2220020%22%7D%2C%7B%22label%22%3A%22Ty%C3%B6%202.0%20Lab%22%2C%22sublabel%22%3A%22Bang%C3%A5rdsv%C3%A4gen%207%2C%20Helsingfors%22%2C%22link%22%3A%22url%3Ahttps%253A%252F%252Ftyo-2-0-lab.fi%252F%7Ctitle%3AL%25C3%25A4s%2520mer%7Ctarget%3A_blank%22%2C%22description%22%3A%22Ty%C3%B6%202.0%20Lab%20erbjuder%20en%20m%C3%B6tesplats%20f%C3%B6r%20fenomenbaserade%20f%C3%B6rberedelser%20som%20%C3%B6verskrider%20f%C3%B6rvaltningsomr%C3%A5des-%20och%20sektorsgr%C3%A4nserna%20samt%20f%C3%B6r%20gemensamt%20l%C3%A4rande.%20%22%2C%22image%22%3A%2269642%22%7D%5D&#8221;][\/vc_column][\/vc_row]","og_url":"https:\/\/testi-e2c55b704894.senaatti.fi\/sv\/lokallosningar-och-lokaltjanster\/coworking-lokaler\/","og_site_name":"Senaatti","article_publisher":"https:\/\/www.facebook.com\/SenaattiKiinteistot\/","article_modified_time":"2024-02-01T11:44:44+00:00","og_image":[{"width":1024,"height":538,"url":"https:\/\/testi-e2c55b704894.senaatti.fi\/app\/uploads\/2021\/01\/Senaatti_FB_profiili_1200x630-1024x538.png","type":"image\/png"}],"twitter_card":"summary_large_image","twitter_site":"@SenaattiK","twitter_misc":{"Ber\u00e4knad l\u00e4stid":"1 minut"},"schema":{"@context":"https:\/\/schema.org","@graph":[{"@type":"WebPage","@id":"https:\/\/testi-e2c55b704894.senaatti.fi\/sv\/lokallosningar-och-lokaltjanster\/coworking-lokaler\/","url":"https:\/\/testi-e2c55b704894.senaatti.fi\/sv\/lokallosningar-och-lokaltjanster\/coworking-lokaler\/","name":"Coworking-lokaler - Senaatti","isPartOf":{"@id":"https:\/\/www.senaatti.fi\/#website"},"datePublished":"2023-01-04T06:04:43+00:00","dateModified":"2024-02-01T11:44:44+00:00","breadcrumb":{"@id":"https:\/\/testi-e2c55b704894.senaatti.fi\/sv\/lokallosningar-och-lokaltjanster\/coworking-lokaler\/#breadcrumb"},"inLanguage":"sv-SE","potentialAction":[{"@type":"ReadAction","target":["https:\/\/testi-e2c55b704894.senaatti.fi\/sv\/lokallosningar-och-lokaltjanster\/coworking-lokaler\/"]}]},{"@type":"BreadcrumbList","@id":"https:\/\/testi-e2c55b704894.senaatti.fi\/sv\/lokallosningar-och-lokaltjanster\/coworking-lokaler\/#breadcrumb","itemListElement":[{"@type":"ListItem","position":1,"name":"Hem","item":"https:\/\/www.senaatti.fi\/sv\/"},{"@type":"ListItem","position":2,"name":"Lokall\u00f6sningar och lokaltj\u00e4nster","item":"https:\/\/www.senaatti.fi\/sv\/lokallosningar-och-lokaltjanster\/"},{"@type":"ListItem","position":3,"name":"Coworking-lokaler"}]},{"@type":"WebSite","@id":"https:\/\/www.senaatti.fi\/#website","url":"https:\/\/www.senaatti.fi\/","name":"Senaatti","description":"Just another WordPress site","publisher":{"@id":"https:\/\/www.senaatti.fi\/#organization"},"potentialAction":[{"@type":"SearchAction","target":{"@type":"EntryPoint","urlTemplate":"https:\/\/www.senaatti.fi\/?s={search_term_string}"},"query-input":{"@type":"PropertyValueSpecification","valueRequired":true,"valueName":"search_term_string"}}],"inLanguage":"sv-SE"},{"@type":"Organization","@id":"https:\/\/www.senaatti.fi\/#organization","name":"Senaatti-kiinteist\u00f6t","url":"https:\/\/www.senaatti.fi\/","logo":{"@type":"ImageObject","inLanguage":"sv-SE","@id":"https:\/\/www.senaatti.fi\/#\/schema\/logo\/image\/","url":"https:\/\/testi-e2c55b704894.senaatti.fi\/app\/uploads\/2021\/01\/Senaatti_FB_profiili_1200x630.png","contentUrl":"https:\/\/testi-e2c55b704894.senaatti.fi\/app\/uploads\/2021\/01\/Senaatti_FB_profiili_1200x630.png","width":1201,"height":631,"caption":"Senaatti-kiinteist\u00f6t"},"image":{"@id":"https:\/\/www.senaatti.fi\/#\/schema\/logo\/image\/"},"sameAs":["https:\/\/www.facebook.com\/SenaattiKiinteistot\/","https:\/\/x.com\/SenaattiK","https:\/\/www.linkedin.com\/company\/senate-properties","https:\/\/www.youtube.com\/channel\/UCunSUhMjKd5KqASPgBrndkQ"]}]}},"publishpress_future_action":{"enabled":false,"date":"2026-04-26 23:48:09","action":"change-status","newStatus":"draft","terms":[],"taxonomy":"translation_priority"},"_links":{"self":[{"href":"https:\/\/testi-e2c55b704894.senaatti.fi\/sv\/wp-json\/wp\/v2\/pages\/59269","targetHints":{"allow":["GET"]}}],"collection":[{"href":"https:\/\/testi-e2c55b704894.senaatti.fi\/sv\/wp-json\/wp\/v2\/pages"}],"about":[{"href":"https:\/\/testi-e2c55b704894.senaatti.fi\/sv\/wp-json\/wp\/v2\/types\/page"}],"author":[{"embeddable":true,"href":"https:\/\/testi-e2c55b704894.senaatti.fi\/sv\/wp-json\/wp\/v2\/users\/11"}],"replies":[{"embeddable":true,"href":"https:\/\/testi-e2c55b704894.senaatti.fi\/sv\/wp-json\/wp\/v2\/comments?post=59269"}],"version-history":[{"count":10,"href":"https:\/\/testi-e2c55b704894.senaatti.fi\/sv\/wp-json\/wp\/v2\/pages\/59269\/revisions"}],"predecessor-version":[{"id":69659,"href":"https:\/\/testi-e2c55b704894.senaatti.fi\/sv\/wp-json\/wp\/v2\/pages\/59269\/revisions\/69659"}],"up":[{"embeddable":true,"href":"https:\/\/testi-e2c55b704894.senaatti.fi\/sv\/wp-json\/wp\/v2\/pages\/59186"}],"wp:attachment":[{"href":"https:\/\/testi-e2c55b704894.senaatti.fi\/sv\/wp-json\/wp\/v2\/media?parent=59269"}],"curies":[{"name":"wp","href":"https:\/\/api.w.org\/{rel}","templated":true}]}}