{"id":59276,"date":"2023-01-04T08:20:05","date_gmt":"2023-01-04T06:20:05","guid":{"rendered":"https:\/\/testi-e2c55b704894.senaatti.fi\/?page_id=59276"},"modified":"2024-02-01T13:44:43","modified_gmt":"2024-02-01T11:44:43","slug":"sesam-helsingfors","status":"publish","type":"page","link":"https:\/\/testi-e2c55b704894.senaatti.fi\/sv\/lokallosningar-och-lokaltjanster\/coworking-lokaler\/sesam-helsingfors\/","title":{"rendered":"Sesam Helsingfors"},"content":{"rendered":"<div class=\"wpb-content-wrapper\"><p>[vc_row][vc_column][senaatti_hero heading=&#8221;Sesam Helsingfors, F\u00e5gelviksgr\u00e4nden 4 A&#8221; text=&#8221;V\u00e4lkommen att arbeta i det aktivitetsbaserade kontoret tillsammans med andra inom statsf\u00f6rvaltningen.&#8221; image=&#8221;50279&#8243; btn=&#8221;url:https%3A%2F%2Flintulahti.respamanager.fi%2Fself_registration.aspx|title:Anm%C3%A4l%20dig%20till%20Sesam%20Helsingfors|target:_blank&#8221;][\/vc_column][\/vc_row][vc_row][vc_column][vc_column_text remove_empty_space_above=&#8221;true&#8221;]<\/p>\n<h2>Vad \u00e4r Sesam coworking-lokal?<\/h2>\n<p>Senatfastigheters Sesam Helsingfors finns p\u00e5 v\u00e5rt verksamhetsst\u00e4lle vid S\u00f6rn\u00e4s strand, adressen F\u00e5gelviksgr\u00e4nden 4 A. Sesam \u00e4r ett aktivitetsbaserat kontor som \u00e4r \u00f6ppet f\u00f6r anst\u00e4llda inom statsf\u00f6rvaltningen och som ger faciliteter f\u00f6r arbete av m\u00e5nga slag. I Sesam Helsingfors finns ocks\u00e5 V\u00e4l\u00e4ys som \u00e4r ett rum teamarbete och som ska bokas.<\/p>\n<p>H\u00e4r finns ett avgiftsfritt tr\u00e5dl\u00f6st n\u00e4t, kaffe, l\u00e5sbara sk\u00e5p och rum f\u00f6r olika typer av arbete. Med h\u00e4nvisning till informationss\u00e4kerheten tillhandah\u00e5ller vi inte utskriftstj\u00e4nster.[\/vc_column_text][\/vc_column][\/vc_row][vc_row][vc_column][senaatti_gallery full_image=&#8221;true&#8221; images=&#8221;%5B%7B%22image%22%3A%2259496%22%7D%5D&#8221; heading=&#8221;Sesams bottenplan&#8221;][\/vc_column][\/vc_row][vc_row][vc_column][senaatti_directions heading=&#8221;Hur kommer jag till Sesam Helsingfors?&#8221; address=&#8221;F\u00e5gelviksgr\u00e4nden 4 A, Helsingfors&#8221;]<strong>Sesam finns vid F\u00e5gelviksgr\u00e4nden 4 A<\/strong>. Hit kommer du l\u00e4tt med kollektivtrafik, vi har inga reserverade bilplatser. Det finns en takf\u00f6rsedd cykelparkeringsplats p\u00e5 innerg\u00e5rden och stadscyklar finns i h\u00f6rnet av F\u00e5gelviksgr\u00e4nden och F\u00e5gelviksgatan.<\/p>\n<p><strong>Sesam \u00e4r \u00f6ppet vardagar kl. 8.00-18.00.<\/strong>[\/senaatti_directions][\/vc_column][\/vc_row][vc_row][vc_column][senaatti_herolink heading=&#8221;S\u00e4kerst\u00e4ll din plats i Sesam Helsingfors genom att anm\u00e4la dig p\u00e5 f\u00f6rhand&#8221; image=&#8221;36293&#8243; btn=&#8221;url:https%3A%2F%2Flintulahti.respamanager.fi%2Fself_registration.aspx|title:Anm%C3%A4l%20dig%20till%20Sesam%20Helsinki|target:_blank&#8221;][\/vc_column][\/vc_row][vc_row][vc_column][senaatti_feature_lift image=&#8221;56360&#8243; heading=&#8221;Hur ska jag g\u00f6ra?&#8221;]<strong>Anm\u00e4l dig vid disken p\u00e5 1:a v\u00e5ningen n\u00e4r du anl\u00e4nder.<\/strong> D\u00e4r du f\u00e5r ett Sesam-bes\u00f6karkort och en passerbricka. Var redo att visa upp ID och din organisations personkort. Via Sesams infosk\u00e4rm p\u00e5 5:e v\u00e5ningen kan du se var de lediga arbetsst\u00e4llena finns p\u00e5 bottenplanen.<\/p>\n<p>I huset intill, F\u00e5gelviksgr\u00e4nden 2, finns en restaurang. Restaurangen \u00e4r \u00f6ppen kl. 11\u201313. I n\u00e4rheten finns ocks\u00e5 m\u00e5nga andra matst\u00e4llen.[\/senaatti_feature_lift][\/vc_column][\/vc_row][vc_row][vc_column][senaatti_iconliftcards heading=&#8221;S\u00e5 h\u00e4r brukar vi g\u00f6ra i Sesam&#8221; card=&#8221;%5B%7B%22label%22%3A%22Vi%20hj%C3%A4lper%20varandra%22%2C%22description%22%3A%22Du%20f%C3%A5r%20fr%C3%A5ga%20om%20r%C3%A5d!%20Vi%20hj%C3%A4lper%20varandra%2C%20s%C3%A5%20l%C3%B6per%20arbetet%20smidigare%20f%C3%B6r%20alla.%22%2C%22dropdown_icons%22%3A%22https%3A%2F%2Ftesti-e2c55b704894.senaatti.fi%2Fapp%2Fthemes%2Fsenaatti-konserniuudistus%2Fdist%2Fimages%2Fdropdown-icons%2FAsiakaspalvelu_ikoni_outline_sin.png%22%7D%2C%7B%22label%22%3A%22Vi%20ger%20plats%20%C3%A5t%20andra%22%2C%22description%22%3A%22Vi%20flyttar%20p%C3%A5%20oss%20d%C3%A5%20vi%20%C3%A4r%20f%C3%A4rdiga%20med%20arbetet%20och%20stannar%20inte%20l%C3%A4ngre%20%C3%A4n%20n%C3%B6dv%C3%A4ndigt.%22%2C%22dropdown_icons%22%3A%22https%3A%2F%2Ftesti-e2c55b704894.senaatti.fi%2Fapp%2Fthemes%2Fsenaatti-konserniuudistus%2Fdist%2Fimages%2Fdropdown-icons%2FKierratys_ikoni_outline_sin.png%22%7D%2C%7B%22label%22%3A%22Vi%20respekterar%20reglerna%22%2C%22description%22%3A%22Olika%20rum%20%C3%A4r%20f%C3%B6r%20olika%20arbetssyften.%20Vi%20respekterar%20rumsreglerna.%22%2C%22dropdown_icons%22%3A%22https%3A%2F%2Ftesti-e2c55b704894.senaatti.fi%2Fapp%2Fthemes%2Fsenaatti-konserniuudistus%2Fdist%2Fimages%2Fdropdown-icons%2FKaytto_ikoni_outline_valk.png%22%7D%2C%7B%22label%22%3A%22Vi%20ger%20tips%20till%20varandra%22%2C%22description%22%3A%22H%C3%A4r%20m%C3%B6ts%20m%C3%A4nniskor%20fr%C3%A5n%20hela%20statsf%C3%B6rvaltningen.%20Vi%20h%C3%B6r%20g%C3%A4rna%20tips%20om%20b%C3%A4sta%20praxis.%22%2C%22dropdown_icons%22%3A%22https%3A%2F%2Ftesti-e2c55b704894.senaatti.fi%2Fapp%2Fthemes%2Fsenaatti-konserniuudistus%2Fdist%2Fimages%2Fdropdown-icons%2Fmuutosjohtamisen_tuki_ikoni_outline_sin.svg%22%7D%2C%7B%22label%22%3A%22Vi%20arbetar%20p%C3%A5%20ett%20informationss%C3%A4kert%20s%C3%A4tt%22%2C%22description%22%3A%22Vi%20ser%20till%20att%20konfidentiell%20information%20inte%20kommer%20i%20fel%20h%C3%A4nder.%22%2C%22dropdown_icons%22%3A%22https%3A%2F%2Ftesti-e2c55b704894.senaatti.fi%2Fapp%2Fthemes%2Fsenaatti-konserniuudistus%2Fdist%2Fimages%2Fdropdown-icons%2Fturvallisuusteknologia_ikoni_outline_sin.svg%22%7D%2C%7B%22label%22%3A%22Vi%20delar%20med%20av%20v%C3%A5ra%20erfarenheter%22%2C%22description%22%3A%22Vi%20g%C3%B6r%20tillsammans%20Sesam%20till%20den%20mest%20inspirerande%20och%20smarta%20arbetsmilj%C3%B6n.%20Vi%20delar%20v%C3%A5ra%20tankar%3A%20%23senaattisesam.%22%2C%22dropdown_icons%22%3A%22https%3A%2F%2Ftesti-e2c55b704894.senaatti.fi%2Fapp%2Fthemes%2Fsenaatti-konserniuudistus%2Fdist%2Fimages%2Fdropdown-icons%2FKeskustelu_ikoni_outline_sin.png%22%7D%5D&#8221;][\/vc_column][\/vc_row][vc_row][vc_column][senaatti_feature_lift heading=&#8221;Ge respons om Sesam&#8221; text=&#8221;Vad tyckte du om Sesam? Ber\u00e4tta vad vi kan g\u00f6ra annorlunda f\u00f6r att g\u00f6ra det bekv\u00e4mare att arbeta i Sesam. Skicka ocks\u00e5 ett meddelande om du vill bekanta dig med platsen och f\u00e5 mer info.&#8221; image=&#8221;19318&#8243; btn=&#8221;url:https%3A%2F%2Fresponse.questback.com%2Fsenaattikiinteistt%2Foh8yffgirv|title:Ge%20respons%20h%C3%A4r|target:_blank&#8221;][\/senaatti_feature_lift][\/vc_column][\/vc_row][vc_row][vc_column][senaatti_liftcards heading=&#8221;V\u00e5ra andra Coworking-lokaler i Helsingfors&#8221; card=&#8221;%5B%7B%22label%22%3A%22Hupi%20i%20B%C3%B6le%22%2C%22link%22%3A%22url%3Ahttps%253A%252F%252Ftesti-e2c55b704894.senaatti.fi%252Fsv%252Fcoworking-lokaler%252Fhupi-i-bole%252F%7Ctitle%3ABekanta%2520dig%2520med%2520Hupi%2520i%2520B%25C3%25B6le%22%2C%22description%22%3A%22Hupi%20bjuder%20p%C3%A5%20en%20arbetsmilj%C3%B6%20som%20st%C3%B6der%20moderna%20arbetsmetoder.%20Hupi%20%C3%A4r%20avsedd%20f%C3%B6r%20alla%20anst%C3%A4llda%20inom%20statsf%C3%B6rvaltningen%20och%20finns%20i%20B%C3%B6le%20%C3%A4mbetshus%20m%C3%B6tescentrum%20p%C3%A5%20adressen%20Bang%C3%A5rdsv%C3%A4gen%207.%22%2C%22image%22%3A%2220901%22%7D%2C%7B%22label%22%3A%22Ty%C3%B6%202.0%20Lab%22%2C%22link%22%3A%22url%3Ahttps%253A%252F%252Ftyo-2-0-lab.fi%252F%7Ctitle%3ATill%2520Ty%25C3%25B6%25202.0%2520Labs%2520webbplats%7Ctarget%3Ablank%22%2C%22description%22%3A%22Ty%C3%B6%202.0%20Lab%20erbjuder%20en%20m%C3%B6tesplats%20f%C3%B6r%20fenomenbaserade%20f%C3%B6rberedelser%20som%20%C3%B6verskrider%20f%C3%B6rvaltningsomr%C3%A5des-%20och%20sektorsgr%C3%A4nserna%20samt%20f%C3%B6r%20gemensamt%20l%C3%A4rande.%20Ty%C3%B6%202.0%20Lab%20finns%20i%20Helsingfors%20centrum%2C%20p%C3%A5%20adressen%20Universitetsgatan%205%2C%203%20v%C3%A5n.%22%2C%22image%22%3A%2238128%22%7D%5D&#8221;][\/vc_column][\/vc_row]<\/p>\n<\/div>","protected":false},"excerpt":{"rendered":"<p>[vc_row][vc_column][senaatti_hero heading=&#8221;Sesam Helsingfors, F\u00e5gelviksgr\u00e4nden 4 A&#8221; text=&#8221;V\u00e4lkommen att arbeta i det aktivitetsbaserade kontoret tillsammans med andra inom statsf\u00f6rvaltningen.&#8221; image=&#8221;50279&#8243; btn=&#8221;url:https%3A%2F%2Flintulahti.respamanager.fi%2Fself_registration.aspx|title:Anm%C3%A4l%20dig%20till%20Sesam%20Helsingfors|target:_blank&#8221;][\/vc_column][\/vc_row][vc_row][vc_column][vc_column_text remove_empty_space_above=&#8221;true&#8221;] Vad \u00e4r Sesam coworking-lokal? Senatfastigheters Sesam Helsingfors finns p\u00e5 v\u00e5rt verksamhetsst\u00e4lle vid S\u00f6rn\u00e4s strand, adressen F\u00e5gelviksgr\u00e4nden 4 A. Sesam \u00e4r ett aktivitetsbaserat kontor som \u00e4r \u00f6ppet f\u00f6r anst\u00e4llda inom statsf\u00f6rvaltningen och som ger faciliteter [&hellip;]<\/p>\n","protected":false},"author":11,"featured_media":0,"parent":59269,"menu_order":0,"comment_status":"closed","ping_status":"closed","template":"","meta":{"_acf_changed":false,"footnotes":""},"class_list":["post-59276","page","type-page","status-publish","hentry"],"acf":[],"yoast_head":"<!-- This site is optimized with the Yoast SEO plugin v23.9 - https:\/\/yoast.com\/wordpress\/plugins\/seo\/ -->\n<title>Sesam Helsingfors - Senaatti<\/title>\n<meta name=\"robots\" content=\"noindex, follow, max-snippet:-1, max-image-preview:large, max-video-preview:-1\" \/>\n<meta property=\"og:locale\" content=\"sv_SE\" \/>\n<meta property=\"og:type\" content=\"article\" \/>\n<meta property=\"og:title\" content=\"Sesam Helsingfors - Senaatti\" \/>\n<meta property=\"og:description\" content=\"[vc_row][vc_column][senaatti_hero heading=&#8221;Sesam Helsingfors, F\u00e5gelviksgr\u00e4nden 4 A&#8221; text=&#8221;V\u00e4lkommen att arbeta i det aktivitetsbaserade kontoret tillsammans med andra inom statsf\u00f6rvaltningen.&#8221; image=&#8221;50279&#8243; btn=&#8221;url:https%3A%2F%2Flintulahti.respamanager.fi%2Fself_registration.aspx|title:Anm%C3%A4l%20dig%20till%20Sesam%20Helsingfors|target:_blank&#8221;][\/vc_column][\/vc_row][vc_row][vc_column][vc_column_text remove_empty_space_above=&#8221;true&#8221;] Vad \u00e4r Sesam coworking-lokal? Senatfastigheters Sesam Helsingfors finns p\u00e5 v\u00e5rt verksamhetsst\u00e4lle vid S\u00f6rn\u00e4s strand, adressen F\u00e5gelviksgr\u00e4nden 4 A. Sesam \u00e4r ett aktivitetsbaserat kontor som \u00e4r \u00f6ppet f\u00f6r anst\u00e4llda inom statsf\u00f6rvaltningen och som ger faciliteter [&hellip;]\" \/>\n<meta property=\"og:url\" content=\"https:\/\/testi-e2c55b704894.senaatti.fi\/sv\/lokallosningar-och-lokaltjanster\/coworking-lokaler\/sesam-helsingfors\/\" \/>\n<meta property=\"og:site_name\" content=\"Senaatti\" \/>\n<meta property=\"article:publisher\" content=\"https:\/\/www.facebook.com\/SenaattiKiinteistot\/\" \/>\n<meta property=\"article:modified_time\" content=\"2024-02-01T11:44:43+00:00\" \/>\n<meta property=\"og:image\" content=\"https:\/\/testi-e2c55b704894.senaatti.fi\/app\/uploads\/2021\/01\/Senaatti_FB_profiili_1200x630-1024x538.png\" \/>\n\t<meta property=\"og:image:width\" content=\"1024\" \/>\n\t<meta property=\"og:image:height\" content=\"538\" \/>\n\t<meta property=\"og:image:type\" content=\"image\/png\" \/>\n<meta name=\"twitter:card\" content=\"summary_large_image\" \/>\n<meta name=\"twitter:site\" content=\"@SenaattiK\" \/>\n<meta name=\"twitter:label1\" content=\"Ber\u00e4knad l\u00e4stid\" \/>\n\t<meta name=\"twitter:data1\" content=\"2 minuter\" \/>\n<script type=\"application\/ld+json\" class=\"yoast-schema-graph\">{\"@context\":\"https:\/\/schema.org\",\"@graph\":[{\"@type\":\"WebPage\",\"@id\":\"https:\/\/testi-e2c55b704894.senaatti.fi\/sv\/lokallosningar-och-lokaltjanster\/coworking-lokaler\/sesam-helsingfors\/\",\"url\":\"https:\/\/testi-e2c55b704894.senaatti.fi\/sv\/lokallosningar-och-lokaltjanster\/coworking-lokaler\/sesam-helsingfors\/\",\"name\":\"Sesam Helsingfors - Senaatti\",\"isPartOf\":{\"@id\":\"https:\/\/www.senaatti.fi\/#website\"},\"datePublished\":\"2023-01-04T06:20:05+00:00\",\"dateModified\":\"2024-02-01T11:44:43+00:00\",\"breadcrumb\":{\"@id\":\"https:\/\/testi-e2c55b704894.senaatti.fi\/sv\/lokallosningar-och-lokaltjanster\/coworking-lokaler\/sesam-helsingfors\/#breadcrumb\"},\"inLanguage\":\"sv-SE\",\"potentialAction\":[{\"@type\":\"ReadAction\",\"target\":[\"https:\/\/testi-e2c55b704894.senaatti.fi\/sv\/lokallosningar-och-lokaltjanster\/coworking-lokaler\/sesam-helsingfors\/\"]}]},{\"@type\":\"BreadcrumbList\",\"@id\":\"https:\/\/testi-e2c55b704894.senaatti.fi\/sv\/lokallosningar-och-lokaltjanster\/coworking-lokaler\/sesam-helsingfors\/#breadcrumb\",\"itemListElement\":[{\"@type\":\"ListItem\",\"position\":1,\"name\":\"Hem\",\"item\":\"https:\/\/www.senaatti.fi\/sv\/\"},{\"@type\":\"ListItem\",\"position\":2,\"name\":\"Lokall\u00f6sningar och lokaltj\u00e4nster\",\"item\":\"https:\/\/www.senaatti.fi\/sv\/lokallosningar-och-lokaltjanster\/\"},{\"@type\":\"ListItem\",\"position\":3,\"name\":\"Coworking-lokaler\",\"item\":\"https:\/\/www.senaatti.fi\/sv\/lokallosningar-och-lokaltjanster\/coworking-lokaler\/\"},{\"@type\":\"ListItem\",\"position\":4,\"name\":\"Sesam Helsingfors\"}]},{\"@type\":\"WebSite\",\"@id\":\"https:\/\/www.senaatti.fi\/#website\",\"url\":\"https:\/\/www.senaatti.fi\/\",\"name\":\"Senaatti\",\"description\":\"Just another WordPress site\",\"publisher\":{\"@id\":\"https:\/\/www.senaatti.fi\/#organization\"},\"potentialAction\":[{\"@type\":\"SearchAction\",\"target\":{\"@type\":\"EntryPoint\",\"urlTemplate\":\"https:\/\/www.senaatti.fi\/?s={search_term_string}\"},\"query-input\":{\"@type\":\"PropertyValueSpecification\",\"valueRequired\":true,\"valueName\":\"search_term_string\"}}],\"inLanguage\":\"sv-SE\"},{\"@type\":\"Organization\",\"@id\":\"https:\/\/www.senaatti.fi\/#organization\",\"name\":\"Senaatti-kiinteist\u00f6t\",\"url\":\"https:\/\/www.senaatti.fi\/\",\"logo\":{\"@type\":\"ImageObject\",\"inLanguage\":\"sv-SE\",\"@id\":\"https:\/\/www.senaatti.fi\/#\/schema\/logo\/image\/\",\"url\":\"https:\/\/testi-e2c55b704894.senaatti.fi\/app\/uploads\/2021\/01\/Senaatti_FB_profiili_1200x630.png\",\"contentUrl\":\"https:\/\/testi-e2c55b704894.senaatti.fi\/app\/uploads\/2021\/01\/Senaatti_FB_profiili_1200x630.png\",\"width\":1201,\"height\":631,\"caption\":\"Senaatti-kiinteist\u00f6t\"},\"image\":{\"@id\":\"https:\/\/www.senaatti.fi\/#\/schema\/logo\/image\/\"},\"sameAs\":[\"https:\/\/www.facebook.com\/SenaattiKiinteistot\/\",\"https:\/\/x.com\/SenaattiK\",\"https:\/\/www.linkedin.com\/company\/senate-properties\",\"https:\/\/www.youtube.com\/channel\/UCunSUhMjKd5KqASPgBrndkQ\"]}]}<\/script>\n<!-- \/ Yoast SEO plugin. -->","yoast_head_json":{"title":"Sesam Helsingfors - Senaatti","robots":{"index":"noindex","follow":"follow","max-snippet":"max-snippet:-1","max-image-preview":"max-image-preview:large","max-video-preview":"max-video-preview:-1"},"og_locale":"sv_SE","og_type":"article","og_title":"Sesam Helsingfors - Senaatti","og_description":"[vc_row][vc_column][senaatti_hero heading=&#8221;Sesam Helsingfors, F\u00e5gelviksgr\u00e4nden 4 A&#8221; text=&#8221;V\u00e4lkommen att arbeta i det aktivitetsbaserade kontoret tillsammans med andra inom statsf\u00f6rvaltningen.&#8221; image=&#8221;50279&#8243; btn=&#8221;url:https%3A%2F%2Flintulahti.respamanager.fi%2Fself_registration.aspx|title:Anm%C3%A4l%20dig%20till%20Sesam%20Helsingfors|target:_blank&#8221;][\/vc_column][\/vc_row][vc_row][vc_column][vc_column_text remove_empty_space_above=&#8221;true&#8221;] Vad \u00e4r Sesam coworking-lokal? Senatfastigheters Sesam Helsingfors finns p\u00e5 v\u00e5rt verksamhetsst\u00e4lle vid S\u00f6rn\u00e4s strand, adressen F\u00e5gelviksgr\u00e4nden 4 A. Sesam \u00e4r ett aktivitetsbaserat kontor som \u00e4r \u00f6ppet f\u00f6r anst\u00e4llda inom statsf\u00f6rvaltningen och som ger faciliteter [&hellip;]","og_url":"https:\/\/testi-e2c55b704894.senaatti.fi\/sv\/lokallosningar-och-lokaltjanster\/coworking-lokaler\/sesam-helsingfors\/","og_site_name":"Senaatti","article_publisher":"https:\/\/www.facebook.com\/SenaattiKiinteistot\/","article_modified_time":"2024-02-01T11:44:43+00:00","og_image":[{"width":1024,"height":538,"url":"https:\/\/testi-e2c55b704894.senaatti.fi\/app\/uploads\/2021\/01\/Senaatti_FB_profiili_1200x630-1024x538.png","type":"image\/png"}],"twitter_card":"summary_large_image","twitter_site":"@SenaattiK","twitter_misc":{"Ber\u00e4knad l\u00e4stid":"2 minuter"},"schema":{"@context":"https:\/\/schema.org","@graph":[{"@type":"WebPage","@id":"https:\/\/testi-e2c55b704894.senaatti.fi\/sv\/lokallosningar-och-lokaltjanster\/coworking-lokaler\/sesam-helsingfors\/","url":"https:\/\/testi-e2c55b704894.senaatti.fi\/sv\/lokallosningar-och-lokaltjanster\/coworking-lokaler\/sesam-helsingfors\/","name":"Sesam Helsingfors - Senaatti","isPartOf":{"@id":"https:\/\/www.senaatti.fi\/#website"},"datePublished":"2023-01-04T06:20:05+00:00","dateModified":"2024-02-01T11:44:43+00:00","breadcrumb":{"@id":"https:\/\/testi-e2c55b704894.senaatti.fi\/sv\/lokallosningar-och-lokaltjanster\/coworking-lokaler\/sesam-helsingfors\/#breadcrumb"},"inLanguage":"sv-SE","potentialAction":[{"@type":"ReadAction","target":["https:\/\/testi-e2c55b704894.senaatti.fi\/sv\/lokallosningar-och-lokaltjanster\/coworking-lokaler\/sesam-helsingfors\/"]}]},{"@type":"BreadcrumbList","@id":"https:\/\/testi-e2c55b704894.senaatti.fi\/sv\/lokallosningar-och-lokaltjanster\/coworking-lokaler\/sesam-helsingfors\/#breadcrumb","itemListElement":[{"@type":"ListItem","position":1,"name":"Hem","item":"https:\/\/www.senaatti.fi\/sv\/"},{"@type":"ListItem","position":2,"name":"Lokall\u00f6sningar och lokaltj\u00e4nster","item":"https:\/\/www.senaatti.fi\/sv\/lokallosningar-och-lokaltjanster\/"},{"@type":"ListItem","position":3,"name":"Coworking-lokaler","item":"https:\/\/www.senaatti.fi\/sv\/lokallosningar-och-lokaltjanster\/coworking-lokaler\/"},{"@type":"ListItem","position":4,"name":"Sesam Helsingfors"}]},{"@type":"WebSite","@id":"https:\/\/www.senaatti.fi\/#website","url":"https:\/\/www.senaatti.fi\/","name":"Senaatti","description":"Just another WordPress site","publisher":{"@id":"https:\/\/www.senaatti.fi\/#organization"},"potentialAction":[{"@type":"SearchAction","target":{"@type":"EntryPoint","urlTemplate":"https:\/\/www.senaatti.fi\/?s={search_term_string}"},"query-input":{"@type":"PropertyValueSpecification","valueRequired":true,"valueName":"search_term_string"}}],"inLanguage":"sv-SE"},{"@type":"Organization","@id":"https:\/\/www.senaatti.fi\/#organization","name":"Senaatti-kiinteist\u00f6t","url":"https:\/\/www.senaatti.fi\/","logo":{"@type":"ImageObject","inLanguage":"sv-SE","@id":"https:\/\/www.senaatti.fi\/#\/schema\/logo\/image\/","url":"https:\/\/testi-e2c55b704894.senaatti.fi\/app\/uploads\/2021\/01\/Senaatti_FB_profiili_1200x630.png","contentUrl":"https:\/\/testi-e2c55b704894.senaatti.fi\/app\/uploads\/2021\/01\/Senaatti_FB_profiili_1200x630.png","width":1201,"height":631,"caption":"Senaatti-kiinteist\u00f6t"},"image":{"@id":"https:\/\/www.senaatti.fi\/#\/schema\/logo\/image\/"},"sameAs":["https:\/\/www.facebook.com\/SenaattiKiinteistot\/","https:\/\/x.com\/SenaattiK","https:\/\/www.linkedin.com\/company\/senate-properties","https:\/\/www.youtube.com\/channel\/UCunSUhMjKd5KqASPgBrndkQ"]}]}},"publishpress_future_action":{"enabled":false,"date":"2026-04-27 01:25:38","action":"change-status","newStatus":"draft","terms":[],"taxonomy":"translation_priority"},"_links":{"self":[{"href":"https:\/\/testi-e2c55b704894.senaatti.fi\/sv\/wp-json\/wp\/v2\/pages\/59276","targetHints":{"allow":["GET"]}}],"collection":[{"href":"https:\/\/testi-e2c55b704894.senaatti.fi\/sv\/wp-json\/wp\/v2\/pages"}],"about":[{"href":"https:\/\/testi-e2c55b704894.senaatti.fi\/sv\/wp-json\/wp\/v2\/types\/page"}],"author":[{"embeddable":true,"href":"https:\/\/testi-e2c55b704894.senaatti.fi\/sv\/wp-json\/wp\/v2\/users\/11"}],"replies":[{"embeddable":true,"href":"https:\/\/testi-e2c55b704894.senaatti.fi\/sv\/wp-json\/wp\/v2\/comments?post=59276"}],"version-history":[{"count":10,"href":"https:\/\/testi-e2c55b704894.senaatti.fi\/sv\/wp-json\/wp\/v2\/pages\/59276\/revisions"}],"predecessor-version":[{"id":59998,"href":"https:\/\/testi-e2c55b704894.senaatti.fi\/sv\/wp-json\/wp\/v2\/pages\/59276\/revisions\/59998"}],"up":[{"embeddable":true,"href":"https:\/\/testi-e2c55b704894.senaatti.fi\/sv\/wp-json\/wp\/v2\/pages\/59269"}],"wp:attachment":[{"href":"https:\/\/testi-e2c55b704894.senaatti.fi\/sv\/wp-json\/wp\/v2\/media?parent=59276"}],"curies":[{"name":"wp","href":"https:\/\/api.w.org\/{rel}","templated":true}]}}