{"id":59593,"date":"2023-01-04T08:10:26","date_gmt":"2023-01-04T06:10:26","guid":{"rendered":"https:\/\/testi-e2c55b704894.senaatti.fi\/?page_id=59593"},"modified":"2024-02-01T13:44:44","modified_gmt":"2024-02-01T11:44:44","slug":"hupi-i-abo","status":"publish","type":"page","link":"https:\/\/testi-e2c55b704894.senaatti.fi\/sv\/lokallosningar-och-lokaltjanster\/coworking-lokaler\/hupi-i-abo\/","title":{"rendered":"Hupi i \u00c5bo"},"content":{"rendered":"<div class=\"wpb-content-wrapper\"><p>[vc_row][vc_column][senaatti_hero heading=&#8221;Hupi i \u00c5bo&#8221; text=&#8221;Hupi bjuder p\u00e5 en arbetsmilj\u00f6 som st\u00f6der moderna arbetsmetoder. Hupi \u00e4r avsedd f\u00f6r alla anst\u00e4llda inom statsf\u00f6rvaltningen.&#8221; image=&#8221;20020&#8243; btn=&#8221;url:https%3A%2F%2Fmy.matterport.com%2Fshow%2F%3Fm%3Db7frjsF15K4|title:Se%20Hupi%20i%20%C3%85bo%20som%203D-presentation%20|target:_blank&#8221;][\/vc_column][\/vc_row][vc_row][vc_column][vc_column_text remove_empty_space_above=&#8221;true&#8221;]<\/p>\n<h2 style=\"text-align: left;\">Vad \u00e4r Hupi?<\/h2>\n<p>Hupi hj\u00e4lper experter vid olika \u00e4mbetsverk att bilda n\u00e4tverk sinsemellan samt med sina partner och kunder. M\u00f6ten i en m\u00e5ngsidig, inspirerande milj\u00f6 skapar produktivt samarbete, nya verksamhetss\u00e4tt och gemensamma arbetsmodeller.<\/p>\n<p>Att anv\u00e4nda Hupi \u00e4r avgiftsfritt f\u00f6r \u00e4mbetsverken. Senatfastigheter vill p\u00e5 detta s\u00e4tt fr\u00e4mja k\u00e4nnedomen om den nya flexibla arbetsmilj\u00f6n samt fr\u00e4mja det nya arbetsmilj\u00f6t\u00e4nkandet och samarbetet mellan akt\u00f6rerna inom statsf\u00f6rvaltningen. Hupi fungerar ocks\u00e5 som en flexibel lokalresurs f\u00f6r \u00e4mbetsverken. Besparingar uppst\u00e5r n\u00e4r man inte beh\u00f6ver reservera arbetsrum f\u00f6r arbetstagare som tillf\u00e4lligt kommer fr\u00e5n andra orter.[\/vc_column_text][\/vc_column][\/vc_row][vc_row][vc_column][senaatti_feature_lift align=&#8221;right&#8221; heading=&#8221;Information om Hupi i \u00c5bo&#8221; text=&#8221;\u2022 \u00d6ppet m\u00e5n-fre kl. 7.00-18.00<br \/>\n\u2022 Cirka 10 olika slags rum f\u00f6r m\u00f6ten och olika arbetsbehov; tyst rum, enskilt rum och rum f\u00f6r v\u00e4xelverkan<br \/>\n\u2022 WiFi-n\u00e4tverk<br \/>\n\u2022 Caf\u00e9 och restaurang p\u00e5 2. v\u00e5ningen<br \/>\n\u2022 St\u00e4dning&#8221; image=&#8221;56143&#8243;][\/senaatti_feature_lift][\/vc_column][\/vc_row][vc_row][vc_column][senaatti_directions heading=&#8221;Hur kommer jag till Hupi i \u00c5bo?&#8221; address=&#8221;Itsen\u00e4isyydenaukio 2, Turku&#8221;]Hupi finns i anslutning till servicelokalerna i statens \u00e4mbetshus i \u00c5bo p\u00e5 adressen <strong>Sj\u00e4lvst\u00e4ndighetsplatsen 2, 1. v\u00e5n<\/strong>.<\/p>\n<p><strong>Hupis lokaler kan bokas p\u00e5 f\u00f6rhand<\/strong> via mejl: <a href=\"mailto:virastotalo.turku@avarnsecurity.fi\" target=\"_blank\" rel=\"noopener\">virastotalo.turku@avarnsecurity.fi<\/a> eller per telefon 040 669 2003. N\u00e4r du kommer <strong>anm\u00e4l dig i entr\u00e9hallen<\/strong>. Var beredd att ocks\u00e5 visa upp ditt eget \u00e4mbetsverks personkort.<\/p>\n<p>Du kommer till Hupi med kollektivtrafik fr\u00e5n centrum. Det finns avgiftsbelagda parkeringsplatser <span class=\"ui-provider a b c d e f g h i j k l m n o p q r s t u v w x y z ab ac ae af ag ah ai aj ak\" dir=\"ltr\">p\u00e5 byggnadens hamnsida<\/span>. Cykelst\u00e4ll finns mot teatersidan p\u00e5 byggnadens innerg\u00e5rd, Sj\u00e4lvst\u00e4ndighetsplatsen 2.[\/senaatti_directions][\/vc_column][\/vc_row]<\/p>\n<\/div>","protected":false},"excerpt":{"rendered":"<p>[vc_row][vc_column][senaatti_hero heading=&#8221;Hupi i \u00c5bo&#8221; text=&#8221;Hupi bjuder p\u00e5 en arbetsmilj\u00f6 som st\u00f6der moderna arbetsmetoder. Hupi \u00e4r avsedd f\u00f6r alla anst\u00e4llda inom statsf\u00f6rvaltningen.&#8221; image=&#8221;20020&#8243; btn=&#8221;url:https%3A%2F%2Fmy.matterport.com%2Fshow%2F%3Fm%3Db7frjsF15K4|title:Se%20Hupi%20i%20%C3%85bo%20som%203D-presentation%20|target:_blank&#8221;][\/vc_column][\/vc_row][vc_row][vc_column][vc_column_text remove_empty_space_above=&#8221;true&#8221;] Vad \u00e4r Hupi? Hupi hj\u00e4lper experter vid olika \u00e4mbetsverk att bilda n\u00e4tverk sinsemellan samt med sina partner och kunder. M\u00f6ten i en m\u00e5ngsidig, inspirerande milj\u00f6 skapar produktivt samarbete, nya verksamhetss\u00e4tt och [&hellip;]<\/p>\n","protected":false},"author":67,"featured_media":0,"parent":59269,"menu_order":0,"comment_status":"closed","ping_status":"closed","template":"","meta":{"_acf_changed":false,"footnotes":""},"class_list":["post-59593","page","type-page","status-publish","hentry"],"acf":[],"yoast_head":"<!-- This site is optimized with the Yoast SEO plugin v23.9 - https:\/\/yoast.com\/wordpress\/plugins\/seo\/ -->\n<title>Hupi i \u00c5bo - Senaatti<\/title>\n<meta name=\"robots\" content=\"noindex, follow, max-snippet:-1, max-image-preview:large, max-video-preview:-1\" \/>\n<meta property=\"og:locale\" content=\"sv_SE\" \/>\n<meta property=\"og:type\" content=\"article\" \/>\n<meta property=\"og:title\" content=\"Hupi i \u00c5bo - Senaatti\" \/>\n<meta property=\"og:description\" content=\"[vc_row][vc_column][senaatti_hero heading=&#8221;Hupi i \u00c5bo&#8221; text=&#8221;Hupi bjuder p\u00e5 en arbetsmilj\u00f6 som st\u00f6der moderna arbetsmetoder. Hupi \u00e4r avsedd f\u00f6r alla anst\u00e4llda inom statsf\u00f6rvaltningen.&#8221; image=&#8221;20020&#8243; btn=&#8221;url:https%3A%2F%2Fmy.matterport.com%2Fshow%2F%3Fm%3Db7frjsF15K4|title:Se%20Hupi%20i%20%C3%85bo%20som%203D-presentation%20|target:_blank&#8221;][\/vc_column][\/vc_row][vc_row][vc_column][vc_column_text remove_empty_space_above=&#8221;true&#8221;] Vad \u00e4r Hupi? Hupi hj\u00e4lper experter vid olika \u00e4mbetsverk att bilda n\u00e4tverk sinsemellan samt med sina partner och kunder. M\u00f6ten i en m\u00e5ngsidig, inspirerande milj\u00f6 skapar produktivt samarbete, nya verksamhetss\u00e4tt och [&hellip;]\" \/>\n<meta property=\"og:url\" content=\"https:\/\/testi-e2c55b704894.senaatti.fi\/sv\/lokallosningar-och-lokaltjanster\/coworking-lokaler\/hupi-i-abo\/\" \/>\n<meta property=\"og:site_name\" content=\"Senaatti\" \/>\n<meta property=\"article:publisher\" content=\"https:\/\/www.facebook.com\/SenaattiKiinteistot\/\" \/>\n<meta property=\"article:modified_time\" content=\"2024-02-01T11:44:44+00:00\" \/>\n<meta property=\"og:image\" content=\"https:\/\/testi-e2c55b704894.senaatti.fi\/app\/uploads\/2021\/01\/Senaatti_FB_profiili_1200x630-1024x538.png\" \/>\n\t<meta property=\"og:image:width\" content=\"1024\" \/>\n\t<meta property=\"og:image:height\" content=\"538\" \/>\n\t<meta property=\"og:image:type\" content=\"image\/png\" \/>\n<meta name=\"twitter:card\" content=\"summary_large_image\" \/>\n<meta name=\"twitter:site\" content=\"@SenaattiK\" \/>\n<meta name=\"twitter:label1\" content=\"Ber\u00e4knad l\u00e4stid\" \/>\n\t<meta name=\"twitter:data1\" content=\"2 minuter\" \/>\n<script type=\"application\/ld+json\" class=\"yoast-schema-graph\">{\"@context\":\"https:\/\/schema.org\",\"@graph\":[{\"@type\":\"WebPage\",\"@id\":\"https:\/\/testi-e2c55b704894.senaatti.fi\/sv\/lokallosningar-och-lokaltjanster\/coworking-lokaler\/hupi-i-abo\/\",\"url\":\"https:\/\/testi-e2c55b704894.senaatti.fi\/sv\/lokallosningar-och-lokaltjanster\/coworking-lokaler\/hupi-i-abo\/\",\"name\":\"Hupi i \u00c5bo - Senaatti\",\"isPartOf\":{\"@id\":\"https:\/\/www.senaatti.fi\/#website\"},\"datePublished\":\"2023-01-04T06:10:26+00:00\",\"dateModified\":\"2024-02-01T11:44:44+00:00\",\"breadcrumb\":{\"@id\":\"https:\/\/testi-e2c55b704894.senaatti.fi\/sv\/lokallosningar-och-lokaltjanster\/coworking-lokaler\/hupi-i-abo\/#breadcrumb\"},\"inLanguage\":\"sv-SE\",\"potentialAction\":[{\"@type\":\"ReadAction\",\"target\":[\"https:\/\/testi-e2c55b704894.senaatti.fi\/sv\/lokallosningar-och-lokaltjanster\/coworking-lokaler\/hupi-i-abo\/\"]}]},{\"@type\":\"BreadcrumbList\",\"@id\":\"https:\/\/testi-e2c55b704894.senaatti.fi\/sv\/lokallosningar-och-lokaltjanster\/coworking-lokaler\/hupi-i-abo\/#breadcrumb\",\"itemListElement\":[{\"@type\":\"ListItem\",\"position\":1,\"name\":\"Hem\",\"item\":\"https:\/\/www.senaatti.fi\/sv\/\"},{\"@type\":\"ListItem\",\"position\":2,\"name\":\"Lokall\u00f6sningar och lokaltj\u00e4nster\",\"item\":\"https:\/\/www.senaatti.fi\/sv\/lokallosningar-och-lokaltjanster\/\"},{\"@type\":\"ListItem\",\"position\":3,\"name\":\"Coworking-lokaler\",\"item\":\"https:\/\/www.senaatti.fi\/sv\/lokallosningar-och-lokaltjanster\/coworking-lokaler\/\"},{\"@type\":\"ListItem\",\"position\":4,\"name\":\"Hupi i \u00c5bo\"}]},{\"@type\":\"WebSite\",\"@id\":\"https:\/\/www.senaatti.fi\/#website\",\"url\":\"https:\/\/www.senaatti.fi\/\",\"name\":\"Senaatti\",\"description\":\"Just another WordPress site\",\"publisher\":{\"@id\":\"https:\/\/www.senaatti.fi\/#organization\"},\"potentialAction\":[{\"@type\":\"SearchAction\",\"target\":{\"@type\":\"EntryPoint\",\"urlTemplate\":\"https:\/\/www.senaatti.fi\/?s={search_term_string}\"},\"query-input\":{\"@type\":\"PropertyValueSpecification\",\"valueRequired\":true,\"valueName\":\"search_term_string\"}}],\"inLanguage\":\"sv-SE\"},{\"@type\":\"Organization\",\"@id\":\"https:\/\/www.senaatti.fi\/#organization\",\"name\":\"Senaatti-kiinteist\u00f6t\",\"url\":\"https:\/\/www.senaatti.fi\/\",\"logo\":{\"@type\":\"ImageObject\",\"inLanguage\":\"sv-SE\",\"@id\":\"https:\/\/www.senaatti.fi\/#\/schema\/logo\/image\/\",\"url\":\"https:\/\/testi-e2c55b704894.senaatti.fi\/app\/uploads\/2021\/01\/Senaatti_FB_profiili_1200x630.png\",\"contentUrl\":\"https:\/\/testi-e2c55b704894.senaatti.fi\/app\/uploads\/2021\/01\/Senaatti_FB_profiili_1200x630.png\",\"width\":1201,\"height\":631,\"caption\":\"Senaatti-kiinteist\u00f6t\"},\"image\":{\"@id\":\"https:\/\/www.senaatti.fi\/#\/schema\/logo\/image\/\"},\"sameAs\":[\"https:\/\/www.facebook.com\/SenaattiKiinteistot\/\",\"https:\/\/x.com\/SenaattiK\",\"https:\/\/www.linkedin.com\/company\/senate-properties\",\"https:\/\/www.youtube.com\/channel\/UCunSUhMjKd5KqASPgBrndkQ\"]}]}<\/script>\n<!-- \/ Yoast SEO plugin. -->","yoast_head_json":{"title":"Hupi i \u00c5bo - Senaatti","robots":{"index":"noindex","follow":"follow","max-snippet":"max-snippet:-1","max-image-preview":"max-image-preview:large","max-video-preview":"max-video-preview:-1"},"og_locale":"sv_SE","og_type":"article","og_title":"Hupi i \u00c5bo - Senaatti","og_description":"[vc_row][vc_column][senaatti_hero heading=&#8221;Hupi i \u00c5bo&#8221; text=&#8221;Hupi bjuder p\u00e5 en arbetsmilj\u00f6 som st\u00f6der moderna arbetsmetoder. Hupi \u00e4r avsedd f\u00f6r alla anst\u00e4llda inom statsf\u00f6rvaltningen.&#8221; image=&#8221;20020&#8243; btn=&#8221;url:https%3A%2F%2Fmy.matterport.com%2Fshow%2F%3Fm%3Db7frjsF15K4|title:Se%20Hupi%20i%20%C3%85bo%20som%203D-presentation%20|target:_blank&#8221;][\/vc_column][\/vc_row][vc_row][vc_column][vc_column_text remove_empty_space_above=&#8221;true&#8221;] Vad \u00e4r Hupi? Hupi hj\u00e4lper experter vid olika \u00e4mbetsverk att bilda n\u00e4tverk sinsemellan samt med sina partner och kunder. M\u00f6ten i en m\u00e5ngsidig, inspirerande milj\u00f6 skapar produktivt samarbete, nya verksamhetss\u00e4tt och [&hellip;]","og_url":"https:\/\/testi-e2c55b704894.senaatti.fi\/sv\/lokallosningar-och-lokaltjanster\/coworking-lokaler\/hupi-i-abo\/","og_site_name":"Senaatti","article_publisher":"https:\/\/www.facebook.com\/SenaattiKiinteistot\/","article_modified_time":"2024-02-01T11:44:44+00:00","og_image":[{"width":1024,"height":538,"url":"https:\/\/testi-e2c55b704894.senaatti.fi\/app\/uploads\/2021\/01\/Senaatti_FB_profiili_1200x630-1024x538.png","type":"image\/png"}],"twitter_card":"summary_large_image","twitter_site":"@SenaattiK","twitter_misc":{"Ber\u00e4knad l\u00e4stid":"2 minuter"},"schema":{"@context":"https:\/\/schema.org","@graph":[{"@type":"WebPage","@id":"https:\/\/testi-e2c55b704894.senaatti.fi\/sv\/lokallosningar-och-lokaltjanster\/coworking-lokaler\/hupi-i-abo\/","url":"https:\/\/testi-e2c55b704894.senaatti.fi\/sv\/lokallosningar-och-lokaltjanster\/coworking-lokaler\/hupi-i-abo\/","name":"Hupi i \u00c5bo - Senaatti","isPartOf":{"@id":"https:\/\/www.senaatti.fi\/#website"},"datePublished":"2023-01-04T06:10:26+00:00","dateModified":"2024-02-01T11:44:44+00:00","breadcrumb":{"@id":"https:\/\/testi-e2c55b704894.senaatti.fi\/sv\/lokallosningar-och-lokaltjanster\/coworking-lokaler\/hupi-i-abo\/#breadcrumb"},"inLanguage":"sv-SE","potentialAction":[{"@type":"ReadAction","target":["https:\/\/testi-e2c55b704894.senaatti.fi\/sv\/lokallosningar-och-lokaltjanster\/coworking-lokaler\/hupi-i-abo\/"]}]},{"@type":"BreadcrumbList","@id":"https:\/\/testi-e2c55b704894.senaatti.fi\/sv\/lokallosningar-och-lokaltjanster\/coworking-lokaler\/hupi-i-abo\/#breadcrumb","itemListElement":[{"@type":"ListItem","position":1,"name":"Hem","item":"https:\/\/www.senaatti.fi\/sv\/"},{"@type":"ListItem","position":2,"name":"Lokall\u00f6sningar och lokaltj\u00e4nster","item":"https:\/\/www.senaatti.fi\/sv\/lokallosningar-och-lokaltjanster\/"},{"@type":"ListItem","position":3,"name":"Coworking-lokaler","item":"https:\/\/www.senaatti.fi\/sv\/lokallosningar-och-lokaltjanster\/coworking-lokaler\/"},{"@type":"ListItem","position":4,"name":"Hupi i \u00c5bo"}]},{"@type":"WebSite","@id":"https:\/\/www.senaatti.fi\/#website","url":"https:\/\/www.senaatti.fi\/","name":"Senaatti","description":"Just another WordPress site","publisher":{"@id":"https:\/\/www.senaatti.fi\/#organization"},"potentialAction":[{"@type":"SearchAction","target":{"@type":"EntryPoint","urlTemplate":"https:\/\/www.senaatti.fi\/?s={search_term_string}"},"query-input":{"@type":"PropertyValueSpecification","valueRequired":true,"valueName":"search_term_string"}}],"inLanguage":"sv-SE"},{"@type":"Organization","@id":"https:\/\/www.senaatti.fi\/#organization","name":"Senaatti-kiinteist\u00f6t","url":"https:\/\/www.senaatti.fi\/","logo":{"@type":"ImageObject","inLanguage":"sv-SE","@id":"https:\/\/www.senaatti.fi\/#\/schema\/logo\/image\/","url":"https:\/\/testi-e2c55b704894.senaatti.fi\/app\/uploads\/2021\/01\/Senaatti_FB_profiili_1200x630.png","contentUrl":"https:\/\/testi-e2c55b704894.senaatti.fi\/app\/uploads\/2021\/01\/Senaatti_FB_profiili_1200x630.png","width":1201,"height":631,"caption":"Senaatti-kiinteist\u00f6t"},"image":{"@id":"https:\/\/www.senaatti.fi\/#\/schema\/logo\/image\/"},"sameAs":["https:\/\/www.facebook.com\/SenaattiKiinteistot\/","https:\/\/x.com\/SenaattiK","https:\/\/www.linkedin.com\/company\/senate-properties","https:\/\/www.youtube.com\/channel\/UCunSUhMjKd5KqASPgBrndkQ"]}]}},"publishpress_future_action":{"enabled":false,"date":"2026-04-27 01:25:38","action":"change-status","newStatus":"draft","terms":[],"taxonomy":"translation_priority"},"_links":{"self":[{"href":"https:\/\/testi-e2c55b704894.senaatti.fi\/sv\/wp-json\/wp\/v2\/pages\/59593","targetHints":{"allow":["GET"]}}],"collection":[{"href":"https:\/\/testi-e2c55b704894.senaatti.fi\/sv\/wp-json\/wp\/v2\/pages"}],"about":[{"href":"https:\/\/testi-e2c55b704894.senaatti.fi\/sv\/wp-json\/wp\/v2\/types\/page"}],"author":[{"embeddable":true,"href":"https:\/\/testi-e2c55b704894.senaatti.fi\/sv\/wp-json\/wp\/v2\/users\/67"}],"replies":[{"embeddable":true,"href":"https:\/\/testi-e2c55b704894.senaatti.fi\/sv\/wp-json\/wp\/v2\/comments?post=59593"}],"version-history":[{"count":5,"href":"https:\/\/testi-e2c55b704894.senaatti.fi\/sv\/wp-json\/wp\/v2\/pages\/59593\/revisions"}],"predecessor-version":[{"id":69481,"href":"https:\/\/testi-e2c55b704894.senaatti.fi\/sv\/wp-json\/wp\/v2\/pages\/59593\/revisions\/69481"}],"up":[{"embeddable":true,"href":"https:\/\/testi-e2c55b704894.senaatti.fi\/sv\/wp-json\/wp\/v2\/pages\/59269"}],"wp:attachment":[{"href":"https:\/\/testi-e2c55b704894.senaatti.fi\/sv\/wp-json\/wp\/v2\/media?parent=59593"}],"curies":[{"name":"wp","href":"https:\/\/api.w.org\/{rel}","templated":true}]}}