{"id":62189,"date":"2023-05-15T16:30:43","date_gmt":"2023-05-15T13:30:43","guid":{"rendered":"https:\/\/testi-e2c55b704894.senaatti.fi\/?page_id=62189"},"modified":"2024-02-01T13:44:40","modified_gmt":"2024-02-01T11:44:40","slug":"inomhusforhallanden","status":"publish","type":"page","link":"https:\/\/testi-e2c55b704894.senaatti.fi\/sv\/om-oss\/inomhusforhallanden\/","title":{"rendered":"Inomhusf\u00f6rh\u00e5llanden"},"content":{"rendered":"<div class=\"wpb-content-wrapper\"><p>[vc_row][vc_column][senaatti_hero image_position_vertical=&#8221;bottom&#8221; heading=&#8221;F\u00f6r b\u00e4ttre inomhusf\u00f6rh\u00e5llanden&#8221; text=&#8221;T\u00e4nk om vi skulle g\u00f6ra Finland k\u00e4nt f\u00f6r inomhusf\u00f6rh\u00e5llanden som h\u00e5ller den h\u00f6gsta kvaliteten i v\u00e4rlden?<\/p>\n<p>Vi vill se till att alla som vid \u00e4mbetsverk, anstalter, kaserner och kontor arbetar f\u00f6r v\u00e4lf\u00e4rd, ordning och s\u00e4kerhet i Finland har de b\u00e4sta f\u00f6ruts\u00e4ttningarna att lyckas i sitt arbete. En h\u00e4lsosam arbetsmilj\u00f6 \u00e4r ett livsvillkor f\u00f6r allas v\u00e4lbefinnande.&#8221; image=&#8221;48505&#8243;][\/vc_column][\/vc_row][vc_row][vc_column][vc_column_text remove_empty_space_above=&#8221;true&#8221;]<\/p>\n<h2>Vad kan vi g\u00f6ra f\u00f6r goda inomhusf\u00f6rh\u00e5llanden?<\/h2>\n<p>Senatfastigheter satsar framf\u00f6r allt p\u00e5 f\u00f6rebyggande \u00e5tg\u00e4rder f\u00f6r att helt undvika problem med inomhusluften. Verksamheten baserar sig p\u00e5 att man k\u00e4nner till byggnadernas skick och reparationsbehov och vidtar beh\u00f6vliga reparations\u00e5tg\u00e4rder.<\/p>\n<p>Vi \u00e5tg\u00e4rdar med en dags responstid de problem som observeras. F\u00f6r n\u00e4rvarande \u00e4r mindre \u00e4n 2\u00a0% av de byggnader som vi ansvarar f\u00f6r f\u00f6rem\u00e5l f\u00f6r reaktiva inomhus\u00e5tg\u00e4rder. De flesta problem med inomhusluften l\u00f6ser vi genom fastighetssk\u00f6tsel\u00e5tg\u00e4rder, men ibland beh\u00f6vs \u00e4ven st\u00f6rre korrigerande \u00e5tg\u00e4rder. Dessa har vi vidtagit \u00e5ren 2019\u20132022 med extra satsningar p\u00e5 sammanlagt 200 miljoner euro.<\/p>\n<p>Senatfastigheter har f\u00f6rbundit sig att f\u00f6rebygga och l\u00f6sa problem med inomhusluften i v\u00e5ra kunders lokaler. \u00c5r 2019 inledde vi ett nolltoleransprogram vid problem med inomhusluften. Goda och s\u00e4kra arbetsf\u00f6rh\u00e5llanden f\u00f6ruts\u00e4tter att byggnaderna sk\u00f6ts l\u00e5ngsiktigt under hela livscykeln. Detta kr\u00e4ver r\u00e4tt kompetens, regelbunden \u00f6vervakning av byggnadernas skick och sk\u00f6tseln av reparationsskulden i byggnaderna. Vi har \u00e5stadkommit mycket, men v\u00e5r inst\u00e4llning \u00e4r att det alltid finns utrymme f\u00f6r f\u00f6rb\u00e4ttringar.[\/vc_column_text][\/vc_column][\/vc_row][vc_row][vc_column][senaatti_feature_lift align=&#8221;right&#8221; heading=&#8221;Goda inomhusf\u00f6rh\u00e5llanden kommer f\u00f6rst i v\u00e5r strategi&#8221; text=&#8221;Vi har som v\u00e5rt strategiska huvudm\u00e5l lyft fram nolltolerans mot problem med inomhusluften. Detta inneb\u00e4r framf\u00f6r allt en \u00f6vergripande verksamhetskultur och attityd. M\u00e5let \u00e4r att f\u00f6rb\u00e4ttra kvaliteten p\u00e5 inomhusf\u00f6rh\u00e5llandena i statens lokaler och att l\u00f6sa problemen.&#8221; image=&#8221;31789&#8243;][\/senaatti_feature_lift][\/vc_column][\/vc_row][vc_row][vc_column][senaatti_liftcards card=&#8221;%5B%7B%22label%22%3A%22Vad%20%C3%A4r%20det%20fr%C3%A5ga%20om%20n%C3%A4r%20man%20talar%20om%20inomhusf%C3%B6rh%C3%A5llanden%3F%22%2C%22link%22%3A%22url%3Ahttps%253A%252F%252Ftesti-e2c55b704894.senaatti.fi%252Fsv%252Fom-oss%252Finomhusforhallanden%252Fvad-ar-det-fraga-om-nar-man-talar-om-inomhusforhallanden%252F%7Ctitle%3AL%25C3%25A4s%2520mer%22%2C%22description%22%3A%22Kvaliteten%20p%C3%A5%20inomhusf%C3%B6rh%C3%A5llandena%20p%C3%A5verkas%20av%20m%C3%A5nga%20olika%20faktorer.%20Inomhusf%C3%B6rh%C3%A5llandena%20handlar%20inte%20bara%20om%20inomhusluften%2C%20de%20lukter%20som%20vi%20till%20exempel%20k%C3%A4nner%2C%20utan%20ocks%C3%A5%20om%20belysning%2C%20bullerniv%C3%A5%20och%20temperatur.%22%2C%22image%22%3A%2215950%22%7D%2C%7B%22label%22%3A%22Vad%20g%C3%B6r%20Senatfastigheter%20f%C3%B6r%20b%C3%A4ttre%20inomhusf%C3%B6rh%C3%A5llanden%3F%22%2C%22link%22%3A%22url%3Ahttps%253A%252F%252Ftesti-e2c55b704894.senaatti.fi%252Fsv%252Fom-oss%252Finomhusforhallanden%252Fvad-gor-senatfastigheter-for-battre-inomhusforhallanden%252F%7Ctitle%3AL%25C3%25A4s%2520mer%22%2C%22description%22%3A%22Att%20uppr%C3%A4tth%C3%A5lla%20och%20s%C3%A4kerst%C3%A4lla%20goda%20inomhusf%C3%B6rh%C3%A5llanden%20utg%C3%B6r%20en%20del%20av%20allt%20det%20vi%20g%C3%B6r.%20V%C3%A5r%20verksamhetsmodell%20best%C3%A5r%20av%20tre%20helheter.%22%2C%22image%22%3A%2259310%22%7D%2C%7B%22label%22%3A%22Vad%20kan%20du%20g%C3%B6ra%20f%C3%B6r%20inomhusf%C3%B6rh%C3%A5llandena%3F%20%22%2C%22link%22%3A%22url%3Ahttps%253A%252F%252Ftesti-e2c55b704894.senaatti.fi%252Fsv%252Fom-oss%252Finomhusforhallanden%252Fvad-kan-du-gora-for-inomhusforhallandena%252F%7Ctitle%3AL%25C3%25A4s%2520mer%22%2C%22description%22%3A%22Som%20lokalanv%C3%A4ndare%20p%C3%A5verkar%20vi%20genom%20v%C3%A5ra%20egna%20%C3%A5tg%C3%A4rder%20och%20val%2C%20som%20kanske%20verkar%20obetydliga%2C%20p%C3%A5%20inomhusf%C3%B6rh%C3%A5llandena.%22%2C%22image%22%3A%2219327%22%7D%5D&#8221;][\/vc_column][\/vc_row][vc_row][vc_column][senaatti_liftcards_carousel automatic1=&#8221;true&#8221; post_type2=&#8221;senaatti_article&#8221; allink=&#8221;true&#8221; heading=&#8221;Artiklar om \u00e4mnet&#8221; category2=&#8221;Inomhusf\u00f6rh\u00e5llanden&#8221; count=&#8221;6&#8243; allcta=&#8221;url:https%3A%2F%2Ftesti-e2c55b704894.senaatti.fi%2Fsv%2Faktuellt%2Fartiklar%2F%3Fsenaatti_tarticle%255B%255D%3Dinomhusforhallanden|title:Visa%20alla&#8221;][\/vc_column][\/vc_row]<\/p>\n<\/div>","protected":false},"excerpt":{"rendered":"<p>[vc_row][vc_column][senaatti_hero image_position_vertical=&#8221;bottom&#8221; heading=&#8221;F\u00f6r b\u00e4ttre inomhusf\u00f6rh\u00e5llanden&#8221; text=&#8221;T\u00e4nk om vi skulle g\u00f6ra Finland k\u00e4nt f\u00f6r inomhusf\u00f6rh\u00e5llanden som h\u00e5ller den h\u00f6gsta kvaliteten i v\u00e4rlden? Vi vill se till att alla som vid \u00e4mbetsverk, anstalter, kaserner och kontor arbetar f\u00f6r v\u00e4lf\u00e4rd, ordning och s\u00e4kerhet i Finland har de b\u00e4sta f\u00f6ruts\u00e4ttningarna att lyckas i sitt arbete. En h\u00e4lsosam arbetsmilj\u00f6 \u00e4r [&hellip;]<\/p>\n","protected":false},"author":11,"featured_media":48507,"parent":53451,"menu_order":30,"comment_status":"closed","ping_status":"closed","template":"","meta":{"_acf_changed":false,"footnotes":""},"class_list":["post-62189","page","type-page","status-publish","has-post-thumbnail","hentry"],"acf":[],"yoast_head":"<!-- This site is optimized with the Yoast SEO plugin v23.9 - https:\/\/yoast.com\/wordpress\/plugins\/seo\/ -->\n<title>Inomhusf\u00f6rh\u00e5llanden - Senaatti<\/title>\n<meta name=\"description\" content=\"Mit\u00e4, jos tekisimme Suomen tunnetuksi maailman laadukkaimmista sis\u00e4olosuhteista? Haluamme huolehtia, ett\u00e4 kaikilla, jotka ty\u00f6skentelev\u00e4t Suomen hyvinvoinnin, j\u00e4rjestyksen ja turvallisuuden eteen virastoissa, laitoksissa, kasarmeilla ja konttoreilla, on parhaat mahdolliset olosuhteet onnistua ty\u00f6ss\u00e4\u00e4n. Terveellinen ty\u00f6ymp\u00e4rist\u00f6 on elinehto meid\u00e4n kaikkien hyvinvoinnille.\" \/>\n<meta name=\"robots\" content=\"noindex, follow, max-snippet:-1, max-image-preview:large, max-video-preview:-1\" \/>\n<meta property=\"og:locale\" content=\"sv_SE\" \/>\n<meta property=\"og:type\" content=\"article\" \/>\n<meta property=\"og:title\" content=\"Inomhusf\u00f6rh\u00e5llanden - Senaatti\" \/>\n<meta property=\"og:description\" content=\"Mit\u00e4, jos tekisimme Suomen tunnetuksi maailman laadukkaimmista sis\u00e4olosuhteista? Haluamme huolehtia, ett\u00e4 kaikilla, jotka ty\u00f6skentelev\u00e4t Suomen hyvinvoinnin, j\u00e4rjestyksen ja turvallisuuden eteen virastoissa, laitoksissa, kasarmeilla ja konttoreilla, on parhaat mahdolliset olosuhteet onnistua ty\u00f6ss\u00e4\u00e4n. Terveellinen ty\u00f6ymp\u00e4rist\u00f6 on elinehto meid\u00e4n kaikkien hyvinvoinnille.\" \/>\n<meta property=\"og:url\" content=\"https:\/\/testi-e2c55b704894.senaatti.fi\/sv\/om-oss\/inomhusforhallanden\/\" \/>\n<meta property=\"og:site_name\" content=\"Senaatti\" \/>\n<meta property=\"article:publisher\" content=\"https:\/\/www.facebook.com\/SenaattiKiinteistot\/\" \/>\n<meta property=\"article:modified_time\" content=\"2024-02-01T11:44:40+00:00\" \/>\n<meta property=\"og:image\" content=\"https:\/\/www.senaatti.fi\/app\/uploads\/2021\/10\/sisaolosuhteet-1024x768.jpg\" \/>\n\t<meta property=\"og:image:width\" content=\"1024\" \/>\n\t<meta property=\"og:image:height\" content=\"768\" \/>\n\t<meta property=\"og:image:type\" content=\"image\/jpeg\" \/>\n<meta name=\"twitter:card\" content=\"summary_large_image\" \/>\n<meta name=\"twitter:site\" content=\"@SenaattiK\" \/>\n<meta name=\"twitter:label1\" content=\"Ber\u00e4knad l\u00e4stid\" \/>\n\t<meta name=\"twitter:data1\" content=\"2 minuter\" \/>\n<script type=\"application\/ld+json\" class=\"yoast-schema-graph\">{\"@context\":\"https:\/\/schema.org\",\"@graph\":[{\"@type\":\"WebPage\",\"@id\":\"https:\/\/testi-e2c55b704894.senaatti.fi\/sv\/om-oss\/inomhusforhallanden\/\",\"url\":\"https:\/\/testi-e2c55b704894.senaatti.fi\/sv\/om-oss\/inomhusforhallanden\/\",\"name\":\"Inomhusf\u00f6rh\u00e5llanden - Senaatti\",\"isPartOf\":{\"@id\":\"https:\/\/www.senaatti.fi\/#website\"},\"primaryImageOfPage\":{\"@id\":\"https:\/\/testi-e2c55b704894.senaatti.fi\/sv\/om-oss\/inomhusforhallanden\/#primaryimage\"},\"image\":{\"@id\":\"https:\/\/testi-e2c55b704894.senaatti.fi\/sv\/om-oss\/inomhusforhallanden\/#primaryimage\"},\"thumbnailUrl\":\"https:\/\/testi-e2c55b704894.senaatti.fi\/app\/uploads\/2021\/10\/sisaolosuhteet-e1672400562578.jpg\",\"datePublished\":\"2023-05-15T13:30:43+00:00\",\"dateModified\":\"2024-02-01T11:44:40+00:00\",\"description\":\"Mit\u00e4, jos tekisimme Suomen tunnetuksi maailman laadukkaimmista sis\u00e4olosuhteista? Haluamme huolehtia, ett\u00e4 kaikilla, jotka ty\u00f6skentelev\u00e4t Suomen hyvinvoinnin, j\u00e4rjestyksen ja turvallisuuden eteen virastoissa, laitoksissa, kasarmeilla ja konttoreilla, on parhaat mahdolliset olosuhteet onnistua ty\u00f6ss\u00e4\u00e4n. Terveellinen ty\u00f6ymp\u00e4rist\u00f6 on elinehto meid\u00e4n kaikkien hyvinvoinnille.\",\"breadcrumb\":{\"@id\":\"https:\/\/testi-e2c55b704894.senaatti.fi\/sv\/om-oss\/inomhusforhallanden\/#breadcrumb\"},\"inLanguage\":\"sv-SE\",\"potentialAction\":[{\"@type\":\"ReadAction\",\"target\":[\"https:\/\/testi-e2c55b704894.senaatti.fi\/sv\/om-oss\/inomhusforhallanden\/\"]}]},{\"@type\":\"ImageObject\",\"inLanguage\":\"sv-SE\",\"@id\":\"https:\/\/testi-e2c55b704894.senaatti.fi\/sv\/om-oss\/inomhusforhallanden\/#primaryimage\",\"url\":\"https:\/\/testi-e2c55b704894.senaatti.fi\/app\/uploads\/2021\/10\/sisaolosuhteet-e1672400562578.jpg\",\"contentUrl\":\"https:\/\/testi-e2c55b704894.senaatti.fi\/app\/uploads\/2021\/10\/sisaolosuhteet-e1672400562578.jpg\",\"width\":1440,\"height\":1080},{\"@type\":\"BreadcrumbList\",\"@id\":\"https:\/\/testi-e2c55b704894.senaatti.fi\/sv\/om-oss\/inomhusforhallanden\/#breadcrumb\",\"itemListElement\":[{\"@type\":\"ListItem\",\"position\":1,\"name\":\"Hem\",\"item\":\"https:\/\/www.senaatti.fi\/sv\/\"},{\"@type\":\"ListItem\",\"position\":2,\"name\":\"Om oss\",\"item\":\"https:\/\/www.senaatti.fi\/sv\/om-oss\/\"},{\"@type\":\"ListItem\",\"position\":3,\"name\":\"Inomhusf\u00f6rh\u00e5llanden\"}]},{\"@type\":\"WebSite\",\"@id\":\"https:\/\/www.senaatti.fi\/#website\",\"url\":\"https:\/\/www.senaatti.fi\/\",\"name\":\"Senaatti\",\"description\":\"Just another WordPress site\",\"publisher\":{\"@id\":\"https:\/\/www.senaatti.fi\/#organization\"},\"potentialAction\":[{\"@type\":\"SearchAction\",\"target\":{\"@type\":\"EntryPoint\",\"urlTemplate\":\"https:\/\/www.senaatti.fi\/?s={search_term_string}\"},\"query-input\":{\"@type\":\"PropertyValueSpecification\",\"valueRequired\":true,\"valueName\":\"search_term_string\"}}],\"inLanguage\":\"sv-SE\"},{\"@type\":\"Organization\",\"@id\":\"https:\/\/www.senaatti.fi\/#organization\",\"name\":\"Senaatti-kiinteist\u00f6t\",\"url\":\"https:\/\/www.senaatti.fi\/\",\"logo\":{\"@type\":\"ImageObject\",\"inLanguage\":\"sv-SE\",\"@id\":\"https:\/\/www.senaatti.fi\/#\/schema\/logo\/image\/\",\"url\":\"https:\/\/testi-e2c55b704894.senaatti.fi\/app\/uploads\/2021\/01\/Senaatti_FB_profiili_1200x630.png\",\"contentUrl\":\"https:\/\/testi-e2c55b704894.senaatti.fi\/app\/uploads\/2021\/01\/Senaatti_FB_profiili_1200x630.png\",\"width\":1201,\"height\":631,\"caption\":\"Senaatti-kiinteist\u00f6t\"},\"image\":{\"@id\":\"https:\/\/www.senaatti.fi\/#\/schema\/logo\/image\/\"},\"sameAs\":[\"https:\/\/www.facebook.com\/SenaattiKiinteistot\/\",\"https:\/\/x.com\/SenaattiK\",\"https:\/\/www.linkedin.com\/company\/senate-properties\",\"https:\/\/www.youtube.com\/channel\/UCunSUhMjKd5KqASPgBrndkQ\"]}]}<\/script>\n<!-- \/ Yoast SEO plugin. -->","yoast_head_json":{"title":"Inomhusf\u00f6rh\u00e5llanden - Senaatti","description":"Mit\u00e4, jos tekisimme Suomen tunnetuksi maailman laadukkaimmista sis\u00e4olosuhteista? Haluamme huolehtia, ett\u00e4 kaikilla, jotka ty\u00f6skentelev\u00e4t Suomen hyvinvoinnin, j\u00e4rjestyksen ja turvallisuuden eteen virastoissa, laitoksissa, kasarmeilla ja konttoreilla, on parhaat mahdolliset olosuhteet onnistua ty\u00f6ss\u00e4\u00e4n. Terveellinen ty\u00f6ymp\u00e4rist\u00f6 on elinehto meid\u00e4n kaikkien hyvinvoinnille.","robots":{"index":"noindex","follow":"follow","max-snippet":"max-snippet:-1","max-image-preview":"max-image-preview:large","max-video-preview":"max-video-preview:-1"},"og_locale":"sv_SE","og_type":"article","og_title":"Inomhusf\u00f6rh\u00e5llanden - Senaatti","og_description":"Mit\u00e4, jos tekisimme Suomen tunnetuksi maailman laadukkaimmista sis\u00e4olosuhteista? Haluamme huolehtia, ett\u00e4 kaikilla, jotka ty\u00f6skentelev\u00e4t Suomen hyvinvoinnin, j\u00e4rjestyksen ja turvallisuuden eteen virastoissa, laitoksissa, kasarmeilla ja konttoreilla, on parhaat mahdolliset olosuhteet onnistua ty\u00f6ss\u00e4\u00e4n. Terveellinen ty\u00f6ymp\u00e4rist\u00f6 on elinehto meid\u00e4n kaikkien hyvinvoinnille.","og_url":"https:\/\/testi-e2c55b704894.senaatti.fi\/sv\/om-oss\/inomhusforhallanden\/","og_site_name":"Senaatti","article_publisher":"https:\/\/www.facebook.com\/SenaattiKiinteistot\/","article_modified_time":"2024-02-01T11:44:40+00:00","og_image":[{"width":1024,"height":768,"url":"https:\/\/www.senaatti.fi\/app\/uploads\/2021\/10\/sisaolosuhteet-1024x768.jpg","type":"image\/jpeg"}],"twitter_card":"summary_large_image","twitter_site":"@SenaattiK","twitter_misc":{"Ber\u00e4knad l\u00e4stid":"2 minuter"},"schema":{"@context":"https:\/\/schema.org","@graph":[{"@type":"WebPage","@id":"https:\/\/testi-e2c55b704894.senaatti.fi\/sv\/om-oss\/inomhusforhallanden\/","url":"https:\/\/testi-e2c55b704894.senaatti.fi\/sv\/om-oss\/inomhusforhallanden\/","name":"Inomhusf\u00f6rh\u00e5llanden - Senaatti","isPartOf":{"@id":"https:\/\/www.senaatti.fi\/#website"},"primaryImageOfPage":{"@id":"https:\/\/testi-e2c55b704894.senaatti.fi\/sv\/om-oss\/inomhusforhallanden\/#primaryimage"},"image":{"@id":"https:\/\/testi-e2c55b704894.senaatti.fi\/sv\/om-oss\/inomhusforhallanden\/#primaryimage"},"thumbnailUrl":"https:\/\/testi-e2c55b704894.senaatti.fi\/app\/uploads\/2021\/10\/sisaolosuhteet-e1672400562578.jpg","datePublished":"2023-05-15T13:30:43+00:00","dateModified":"2024-02-01T11:44:40+00:00","description":"Mit\u00e4, jos tekisimme Suomen tunnetuksi maailman laadukkaimmista sis\u00e4olosuhteista? Haluamme huolehtia, ett\u00e4 kaikilla, jotka ty\u00f6skentelev\u00e4t Suomen hyvinvoinnin, j\u00e4rjestyksen ja turvallisuuden eteen virastoissa, laitoksissa, kasarmeilla ja konttoreilla, on parhaat mahdolliset olosuhteet onnistua ty\u00f6ss\u00e4\u00e4n. Terveellinen ty\u00f6ymp\u00e4rist\u00f6 on elinehto meid\u00e4n kaikkien hyvinvoinnille.","breadcrumb":{"@id":"https:\/\/testi-e2c55b704894.senaatti.fi\/sv\/om-oss\/inomhusforhallanden\/#breadcrumb"},"inLanguage":"sv-SE","potentialAction":[{"@type":"ReadAction","target":["https:\/\/testi-e2c55b704894.senaatti.fi\/sv\/om-oss\/inomhusforhallanden\/"]}]},{"@type":"ImageObject","inLanguage":"sv-SE","@id":"https:\/\/testi-e2c55b704894.senaatti.fi\/sv\/om-oss\/inomhusforhallanden\/#primaryimage","url":"https:\/\/testi-e2c55b704894.senaatti.fi\/app\/uploads\/2021\/10\/sisaolosuhteet-e1672400562578.jpg","contentUrl":"https:\/\/testi-e2c55b704894.senaatti.fi\/app\/uploads\/2021\/10\/sisaolosuhteet-e1672400562578.jpg","width":1440,"height":1080},{"@type":"BreadcrumbList","@id":"https:\/\/testi-e2c55b704894.senaatti.fi\/sv\/om-oss\/inomhusforhallanden\/#breadcrumb","itemListElement":[{"@type":"ListItem","position":1,"name":"Hem","item":"https:\/\/www.senaatti.fi\/sv\/"},{"@type":"ListItem","position":2,"name":"Om oss","item":"https:\/\/www.senaatti.fi\/sv\/om-oss\/"},{"@type":"ListItem","position":3,"name":"Inomhusf\u00f6rh\u00e5llanden"}]},{"@type":"WebSite","@id":"https:\/\/www.senaatti.fi\/#website","url":"https:\/\/www.senaatti.fi\/","name":"Senaatti","description":"Just another WordPress site","publisher":{"@id":"https:\/\/www.senaatti.fi\/#organization"},"potentialAction":[{"@type":"SearchAction","target":{"@type":"EntryPoint","urlTemplate":"https:\/\/www.senaatti.fi\/?s={search_term_string}"},"query-input":{"@type":"PropertyValueSpecification","valueRequired":true,"valueName":"search_term_string"}}],"inLanguage":"sv-SE"},{"@type":"Organization","@id":"https:\/\/www.senaatti.fi\/#organization","name":"Senaatti-kiinteist\u00f6t","url":"https:\/\/www.senaatti.fi\/","logo":{"@type":"ImageObject","inLanguage":"sv-SE","@id":"https:\/\/www.senaatti.fi\/#\/schema\/logo\/image\/","url":"https:\/\/testi-e2c55b704894.senaatti.fi\/app\/uploads\/2021\/01\/Senaatti_FB_profiili_1200x630.png","contentUrl":"https:\/\/testi-e2c55b704894.senaatti.fi\/app\/uploads\/2021\/01\/Senaatti_FB_profiili_1200x630.png","width":1201,"height":631,"caption":"Senaatti-kiinteist\u00f6t"},"image":{"@id":"https:\/\/www.senaatti.fi\/#\/schema\/logo\/image\/"},"sameAs":["https:\/\/www.facebook.com\/SenaattiKiinteistot\/","https:\/\/x.com\/SenaattiK","https:\/\/www.linkedin.com\/company\/senate-properties","https:\/\/www.youtube.com\/channel\/UCunSUhMjKd5KqASPgBrndkQ"]}]}},"publishpress_future_action":{"enabled":false,"date":"2026-04-17 19:54:53","action":"change-status","newStatus":"draft","terms":[],"taxonomy":"translation_priority"},"_links":{"self":[{"href":"https:\/\/testi-e2c55b704894.senaatti.fi\/sv\/wp-json\/wp\/v2\/pages\/62189","targetHints":{"allow":["GET"]}}],"collection":[{"href":"https:\/\/testi-e2c55b704894.senaatti.fi\/sv\/wp-json\/wp\/v2\/pages"}],"about":[{"href":"https:\/\/testi-e2c55b704894.senaatti.fi\/sv\/wp-json\/wp\/v2\/types\/page"}],"author":[{"embeddable":true,"href":"https:\/\/testi-e2c55b704894.senaatti.fi\/sv\/wp-json\/wp\/v2\/users\/11"}],"replies":[{"embeddable":true,"href":"https:\/\/testi-e2c55b704894.senaatti.fi\/sv\/wp-json\/wp\/v2\/comments?post=62189"}],"version-history":[{"count":10,"href":"https:\/\/testi-e2c55b704894.senaatti.fi\/sv\/wp-json\/wp\/v2\/pages\/62189\/revisions"}],"predecessor-version":[{"id":64188,"href":"https:\/\/testi-e2c55b704894.senaatti.fi\/sv\/wp-json\/wp\/v2\/pages\/62189\/revisions\/64188"}],"up":[{"embeddable":true,"href":"https:\/\/testi-e2c55b704894.senaatti.fi\/sv\/wp-json\/wp\/v2\/pages\/53451"}],"wp:featuredmedia":[{"embeddable":true,"href":"https:\/\/testi-e2c55b704894.senaatti.fi\/sv\/wp-json\/wp\/v2\/media\/48507"}],"wp:attachment":[{"href":"https:\/\/testi-e2c55b704894.senaatti.fi\/sv\/wp-json\/wp\/v2\/media?parent=62189"}],"curies":[{"name":"wp","href":"https:\/\/api.w.org\/{rel}","templated":true}]}}