{"id":63778,"date":"2023-05-15T16:31:46","date_gmt":"2023-05-15T13:31:46","guid":{"rendered":"https:\/\/testi-e2c55b704894.senaatti.fi\/?page_id=63778"},"modified":"2024-02-01T13:44:39","modified_gmt":"2024-02-01T11:44:39","slug":"vad-ar-det-fraga-om-nar-man-talar-om-inomhusforhallanden","status":"publish","type":"page","link":"https:\/\/testi-e2c55b704894.senaatti.fi\/sv\/om-oss\/inomhusforhallanden\/vad-ar-det-fraga-om-nar-man-talar-om-inomhusforhallanden\/","title":{"rendered":"Vad \u00e4r det fr\u00e5ga om n\u00e4r man talar om inomhusf\u00f6rh\u00e5llanden"},"content":{"rendered":"<div class=\"wpb-content-wrapper\"><p>[vc_row][vc_column][senaatti_hero heading=&#8221;Vad \u00e4r det fr\u00e5ga om n\u00e4r man talar om inomhusf\u00f6rh\u00e5llanden?&#8221; image=&#8221;15950&#8243;][\/vc_column][\/vc_row][vc_row][vc_column][vc_column_text remove_empty_space_above=&#8221;true&#8221;]<\/p>\n<h2>Inomhusluften \u00e4r en summa av flera faktorer<\/h2>\n<p>D\u00e5lig inomhusluft minskar trivseln och arbetseffektiviteten samt kan i v\u00e4rsta fall orsaka h\u00e4lsoskador och till och med allvarliga sjukdomar. Att s\u00e4kerst\u00e4lla god inomhusluft \u00e4r en av fastighets\u00e4garens viktigaste uppgifter. Till f\u00f6retagsh\u00e4lsov\u00e5rdens uppgifter h\u00f6r att utreda orsakerna till och omfattningen av symtom som h\u00e4nf\u00f6r sig till inomhusluften, och f\u00f6retagsh\u00e4lsov\u00e5rdens st\u00e4llningstagande beh\u00f6vs som en del av utredningarna av inomhusluften.<\/p>\n<p>Inomhusluftens kvalitet p\u00e5verkas av byggnadens l\u00e4ge, byggnadss\u00e4tt, byggnads- och inredningsmaterial, utomhusluftens kvalitet, ventilationens effektivitet, antalet personer och deras verksamhet, strukturella problem, v\u00e4rmef\u00f6rh\u00e5llanden, akustik, luftstr\u00f6mmar och v\u00e4derf\u00f6rh\u00e5llanden. Kanske l\u00e5ter det f\u00f6rv\u00e5nande att det \u00e4r inte enbart byggnadsmaterialen och deras skick som avg\u00f6r hur vi upplever inomhusluften?<\/p>\n<p>Det kan ocks\u00e5 vara f\u00f6rv\u00e5nande att inse att inomhusluften i en lokal aldrig kommer att k\u00e4nnas bra f\u00f6r alla, \u00e4ven om luften med alla f\u00f6r n\u00e4rvarande k\u00e4nda m\u00e4tare anses vara normal. Det \u00e4r inte m\u00f6jligt att f\u00e5 alla att vara n\u00f6jda med inomhusluften. Utg\u00e5ende fr\u00e5n de j\u00e4mf\u00f6relsev\u00e4rden som utarbetats utifr\u00e5n Arbetsh\u00e4lsoinstitutets enk\u00e4ter om inomhusklimat \u00e4r det n\u00e4mligen helt normalt att cirka en tredjedel av arbetstagarna i arbetsmilj\u00f6n varje vecka upplever att luften \u00e4r kvalmig, torr eller att ventilationen \u00e4r otillr\u00e4cklig. P\u00e5 motsvarande s\u00e4tt anser n\u00e4stan var femte varje vecka att tr\u00f6tthet, symtom i n\u00e4sa eller \u00f6gon \u00e4r arbetsrelaterade symtom, utan att dessa symtom p\u00e5 n\u00e5got s\u00e4tt \u00e4r onormala eller skulle tyda p\u00e5 problem med inomhusluften. Men detta betyder inte att personerna med dessa upplevelser och symtom automatiskt b\u00f6r anse att symtomen \u00e4r normala. Om man misst\u00e4nker att det finns problem med inomhusluften i lokalerna ska man agera i enlighet med fastighets\u00e4garens och den gemensamt avtalade verksamhetsmodellen. Anm\u00e4lningskanalerna varierar i Senatfastigheters lokaler beroende p\u00e5 lokalernas anv\u00e4ndarorganisationer.<\/p>\n<h2>M\u00e4nskliga och individuella faktorer<\/h2>\n<p>Vi \u00e4r alla individer och unika ocks\u00e5 n\u00e4r det g\u00e4ller hur vi upplever inomhusluften. Medan en person fryser och kl\u00e4r p\u00e5 sig en extra tr\u00f6ja, trivs kollegan intill utm\u00e4rkt i endast en t-shirt. Vi \u00e4r ocks\u00e5 p\u00e5 olika s\u00e4tt k\u00e4nsliga f\u00f6r orenheter inomhus, antingen p\u00e5 grund av v\u00e5rt genetiska arv eller p\u00e5 grund av hurdan luft vi har vant oss vid under v\u00e5r livstid. Lokalanv\u00e4ndarens personliga egenskaper, bakgrund och motiv p\u00e5verkar hur personen upplever inomhusluften. En k\u00e4nsligare person, s\u00e4rskilt med allergi- eller astmabakgrund, reagerar kraftigare p\u00e5 orenheter i milj\u00f6n s\u00e5som damm, parfymer och allergener.<\/p>\n<p>F\u00f6r det andra har det visat sig att den psykosociala arbetsmilj\u00f6n har betydelse som bakomliggande och bidragande faktorer till problem med inomhusluften. Detta inneb\u00e4r att till exempel psykiskt belastande arbete, sm\u00e5 p\u00e5verkningsm\u00f6jligheter, lednings- och chefsproblem i arbetsgemenskapen eller kraftiga organisationsf\u00f6r\u00e4ndringar f\u00f6rv\u00e4rrar de problemen personen upplever med inomhusklimatet. K\u00e4nsligheten f\u00f6r fysikaliska, kemiska och biologiska exponeringar i arbetsmilj\u00f6n kan \u00f6ka p\u00e5 grund av skadlig mental belastning.<\/p>\n<p>F\u00f6r det tredje \u00e4r det inte ovanligt att symtom som uppfattas som arbetsplatsrelaterade i sj\u00e4lva verket orsakas av problem med inomhusluften i det egna hemmet. Enligt en rapport fr\u00e5n riksdagens revisionsutskott som publicerades 2012 har det n\u00e4mligen bed\u00f6mts att betydande fukt- och m\u00f6gelskador f\u00f6rekommer i 7\u201310 procent av v\u00e5ningsytan i sm\u00e5hus och radhus i v\u00e5rt land och i 6\u20139 % av v\u00e5ningsytan i v\u00e5ningshus. En f\u00e4rskare unders\u00f6kning av fuktskador i sm\u00e5hus gjordes 2022. Utifr\u00e5n cirka 15 000 husbesiktningar i samband med bostadsk\u00f6p konstaterades att 15 % av sm\u00e5husen har en s\u00e4ker fuktskada och cirka 40 % har antingen en skada eller s\u00e5 beh\u00f6vs ytterligare unders\u00f6kning i de vanligaste riskutsatta konstruktionerna. Ut\u00f6ver detta finns bland annat skador i v\u00e5trum och k\u00e4llarkonstruktioner som inte ing\u00e5r i dessa siffror. D\u00e4rf\u00f6r \u00e4r det viktigt att utreda det eventuella sambandet mellan inomhusluftssymtom p\u00e5 arbetsplatsen och f\u00f6rh\u00e5llandena i det egna hemmet. Problem med inomhusluften i hemmet kan m\u00e4rkas av att en k\u00e4llarliknande doft fastnar i kl\u00e4derna. Beroende p\u00e5 boendeformen kan man i inomhuslufts\u00e4renden som g\u00e4ller hemmet kontakta husbolagets disponent eller hyresv\u00e4rden. Ocks\u00e5 av kommunens h\u00e4lsoinspekt\u00f6r kan man be om r\u00e5d f\u00f6r att reda ut problem med inomhusluften i hemmet.[\/vc_column_text][\/vc_column][\/vc_row][vc_row][vc_column width=&#8221;1\/2&#8243;][senaatti_feature_small heading=&#8221;Vad \u00e4r det fr\u00e5ga om n\u00e4r man talar om inomhusf\u00f6rh\u00e5llanden?&#8221; text=&#8221;F\u00f6r att de anst\u00e4llda ska m\u00e5 bra p\u00e5 arbetsplatsen m\u00e5ste f\u00f6rh\u00e5llandena inomhus vara i ordning. Mest diskussion v\u00e4cker inomhusluften, men en fungerande och trivsam arbetsmilj\u00f6 \u00e4r summan av m\u00e5nga faktorer.<br \/>\nInomhusf\u00f6rh\u00e5llandena handlar inte bara om inomhusluften eller det som vi till exempel k\u00e4nner doften av, utan ocks\u00e5 om belysning, bullerniv\u00e5 och temperatur.&#8221; image=&#8221;48342&#8243;][\/vc_column][vc_column width=&#8221;1\/2&#8243;][senaatti_feature_small heading=&#8221;F\u00f6rutseende \u00e4r det b\u00e4sta s\u00e4ttet att bek\u00e4mpa problem&#8221; text=&#8221;Genom en f\u00f6rutseende verksamhet f\u00f6r inomhusf\u00f6rh\u00e5llandena kan man minska de kostnader som problem med inomhusf\u00f6rh\u00e5llandena orsakar, f\u00f6rb\u00e4ttra anv\u00e4ndarn\u00f6jdheten och \u00f6ka arbetsproduktiviteten.&#8221; image=&#8221;63744&#8243;][\/vc_column][\/vc_row][vc_row][vc_column][senaatti_liftcards card=&#8221;%5B%7B%22label%22%3A%22Vad%20g%C3%B6r%20Senatfastigheter%20f%C3%B6r%20b%C3%A4ttre%20inomhusf%C3%B6rh%C3%A5llanden%3F%22%2C%22link%22%3A%22url%3Ahttps%253A%252F%252Ftesti-e2c55b704894.senaatti.fi%252Fsv%252Fom-oss%252Finomhusforhallanden%252Fvad-gor-senatfastigheter-for-battre-inomhusforhallanden%252F%7Ctitle%3AL%25C3%25A4s%2520mer%22%2C%22description%22%3A%22Att%20uppr%C3%A4tth%C3%A5lla%20och%20s%C3%A4kerst%C3%A4lla%20goda%20inomhusf%C3%B6rh%C3%A5llanden%20utg%C3%B6r%20en%20del%20av%20allt%20det%20vi%20g%C3%B6r.%20V%C3%A5r%20verksamhetsmodell%20best%C3%A5r%20av%20tre%20helheter.%22%7D%2C%7B%22label%22%3A%22Vad%20kan%20du%20g%C3%B6ra%20f%C3%B6r%20inomhusf%C3%B6rh%C3%A5llandena%3F%20%22%2C%22link%22%3A%22url%3Ahttps%253A%252F%252Ftesti-e2c55b704894.senaatti.fi%252Fsv%252Fom-oss%252Finomhusforhallanden%252Fvad-kan-du-gora-for-inomhusforhallandena%252F%7Ctitle%3AL%25C3%25A4s%2520mer%22%2C%22description%22%3A%22Som%20lokalanv%C3%A4ndare%20p%C3%A5verkar%20vi%20genom%20v%C3%A5ra%20egna%20%C3%A5tg%C3%A4rder%20och%20val%2C%20som%20kanske%20verkar%20obetydliga%2C%20p%C3%A5%20inomhusf%C3%B6rh%C3%A5llandena.%22%7D%2C%7B%22label%22%3A%22F%C3%B6r%20b%C3%A4ttre%20inomhusf%C3%B6rh%C3%A5llanden%22%2C%22link%22%3A%22url%3Ahttps%253A%252F%252Ftesti-e2c55b704894.senaatti.fi%252Fsv%252Fom-oss%252Finomhusforhallanden%252F%7Ctitle%3AL%25C3%25A4s%2520mer%22%2C%22description%22%3A%22Vi%20vill%20se%20till%20att%20alla%20som%20arbetar%20f%C3%B6r%20Finlands%20v%C3%A4lf%C3%A4rd%2C%20ordning%20och%20s%C3%A4kerhet%20vid%20%C3%A4mbetsverk%2C%20inr%C3%A4ttningar%2C%20kaserner%20och%20kontor%20har%20b%C3%A4sta%20m%C3%B6jliga%20f%C3%B6ruts%C3%A4ttningar%20att%20lyckas%20i%20sitt%20arbete.%22%7D%5D&#8221; heading=&#8221;Relaterat till \u00e4mnet&#8221;][\/vc_column][\/vc_row][vc_row][vc_column][senaatti_liftcards_carousel automatic1=&#8221;true&#8221; post_type2=&#8221;senaatti_article&#8221; allink=&#8221;true&#8221; heading=&#8221;Artiklar om \u00e4mnet&#8221; allcta=&#8221;url:https%3A%2F%2Ftesti-e2c55b704894.senaatti.fi%2Fsv%2Faktuellt%2Fartiklar%2F%3Fsenaatti_tarticle%255B%255D%3Dinomhusforhallanden|title:Visa%20alla&#8221; category2=&#8221;Sis\u00e4olosuhteet&#8221; count=&#8221;6&#8243;][\/vc_column][\/vc_row]<\/p>\n<\/div>","protected":false},"excerpt":{"rendered":"<p>[vc_row][vc_column][senaatti_hero heading=&#8221;Vad \u00e4r det fr\u00e5ga om n\u00e4r man talar om inomhusf\u00f6rh\u00e5llanden?&#8221; image=&#8221;15950&#8243;][\/vc_column][\/vc_row][vc_row][vc_column][vc_column_text remove_empty_space_above=&#8221;true&#8221;] Inomhusluften \u00e4r en summa av flera faktorer D\u00e5lig inomhusluft minskar trivseln och arbetseffektiviteten samt kan i v\u00e4rsta fall orsaka h\u00e4lsoskador och till och med allvarliga sjukdomar. Att s\u00e4kerst\u00e4lla god inomhusluft \u00e4r en av fastighets\u00e4garens viktigaste uppgifter. Till f\u00f6retagsh\u00e4lsov\u00e5rdens uppgifter h\u00f6r att utreda [&hellip;]<\/p>\n","protected":false},"author":11,"featured_media":0,"parent":62189,"menu_order":0,"comment_status":"closed","ping_status":"closed","template":"","meta":{"_acf_changed":false,"footnotes":""},"class_list":["post-63778","page","type-page","status-publish","hentry"],"acf":[],"yoast_head":"<!-- This site is optimized with the Yoast SEO plugin v23.9 - https:\/\/yoast.com\/wordpress\/plugins\/seo\/ -->\n<title>Vad \u00e4r det fr\u00e5ga om n\u00e4r man talar om inomhusf\u00f6rh\u00e5llanden - Senaatti<\/title>\n<meta name=\"robots\" content=\"noindex, follow, max-snippet:-1, max-image-preview:large, max-video-preview:-1\" \/>\n<meta property=\"og:locale\" content=\"sv_SE\" \/>\n<meta property=\"og:type\" content=\"article\" \/>\n<meta property=\"og:title\" content=\"Vad \u00e4r det fr\u00e5ga om n\u00e4r man talar om inomhusf\u00f6rh\u00e5llanden - Senaatti\" \/>\n<meta property=\"og:description\" content=\"[vc_row][vc_column][senaatti_hero heading=&#8221;Vad \u00e4r det fr\u00e5ga om n\u00e4r man talar om inomhusf\u00f6rh\u00e5llanden?&#8221; image=&#8221;15950&#8243;][\/vc_column][\/vc_row][vc_row][vc_column][vc_column_text remove_empty_space_above=&#8221;true&#8221;] Inomhusluften \u00e4r en summa av flera faktorer D\u00e5lig inomhusluft minskar trivseln och arbetseffektiviteten samt kan i v\u00e4rsta fall orsaka h\u00e4lsoskador och till och med allvarliga sjukdomar. Att s\u00e4kerst\u00e4lla god inomhusluft \u00e4r en av fastighets\u00e4garens viktigaste uppgifter. Till f\u00f6retagsh\u00e4lsov\u00e5rdens uppgifter h\u00f6r att utreda [&hellip;]\" \/>\n<meta property=\"og:url\" content=\"https:\/\/testi-e2c55b704894.senaatti.fi\/sv\/om-oss\/inomhusforhallanden\/vad-ar-det-fraga-om-nar-man-talar-om-inomhusforhallanden\/\" \/>\n<meta property=\"og:site_name\" content=\"Senaatti\" \/>\n<meta property=\"article:publisher\" content=\"https:\/\/www.facebook.com\/SenaattiKiinteistot\/\" \/>\n<meta property=\"article:modified_time\" content=\"2024-02-01T11:44:39+00:00\" \/>\n<meta property=\"og:image\" content=\"https:\/\/testi-e2c55b704894.senaatti.fi\/app\/uploads\/2021\/01\/Senaatti_FB_profiili_1200x630-1024x538.png\" \/>\n\t<meta property=\"og:image:width\" content=\"1024\" \/>\n\t<meta property=\"og:image:height\" content=\"538\" \/>\n\t<meta property=\"og:image:type\" content=\"image\/png\" \/>\n<meta name=\"twitter:card\" content=\"summary_large_image\" \/>\n<meta name=\"twitter:site\" content=\"@SenaattiK\" \/>\n<meta name=\"twitter:label1\" content=\"Ber\u00e4knad l\u00e4stid\" \/>\n\t<meta name=\"twitter:data1\" content=\"5 minuter\" \/>\n<script type=\"application\/ld+json\" class=\"yoast-schema-graph\">{\"@context\":\"https:\/\/schema.org\",\"@graph\":[{\"@type\":\"WebPage\",\"@id\":\"https:\/\/testi-e2c55b704894.senaatti.fi\/sv\/om-oss\/inomhusforhallanden\/vad-ar-det-fraga-om-nar-man-talar-om-inomhusforhallanden\/\",\"url\":\"https:\/\/testi-e2c55b704894.senaatti.fi\/sv\/om-oss\/inomhusforhallanden\/vad-ar-det-fraga-om-nar-man-talar-om-inomhusforhallanden\/\",\"name\":\"Vad \u00e4r det fr\u00e5ga om n\u00e4r man talar om inomhusf\u00f6rh\u00e5llanden - Senaatti\",\"isPartOf\":{\"@id\":\"https:\/\/www.senaatti.fi\/#website\"},\"datePublished\":\"2023-05-15T13:31:46+00:00\",\"dateModified\":\"2024-02-01T11:44:39+00:00\",\"breadcrumb\":{\"@id\":\"https:\/\/testi-e2c55b704894.senaatti.fi\/sv\/om-oss\/inomhusforhallanden\/vad-ar-det-fraga-om-nar-man-talar-om-inomhusforhallanden\/#breadcrumb\"},\"inLanguage\":\"sv-SE\",\"potentialAction\":[{\"@type\":\"ReadAction\",\"target\":[\"https:\/\/testi-e2c55b704894.senaatti.fi\/sv\/om-oss\/inomhusforhallanden\/vad-ar-det-fraga-om-nar-man-talar-om-inomhusforhallanden\/\"]}]},{\"@type\":\"BreadcrumbList\",\"@id\":\"https:\/\/testi-e2c55b704894.senaatti.fi\/sv\/om-oss\/inomhusforhallanden\/vad-ar-det-fraga-om-nar-man-talar-om-inomhusforhallanden\/#breadcrumb\",\"itemListElement\":[{\"@type\":\"ListItem\",\"position\":1,\"name\":\"Hem\",\"item\":\"https:\/\/www.senaatti.fi\/sv\/\"},{\"@type\":\"ListItem\",\"position\":2,\"name\":\"Om oss\",\"item\":\"https:\/\/www.senaatti.fi\/sv\/om-oss\/\"},{\"@type\":\"ListItem\",\"position\":3,\"name\":\"Inomhusf\u00f6rh\u00e5llanden\",\"item\":\"https:\/\/www.senaatti.fi\/sv\/om-oss\/inomhusforhallanden\/\"},{\"@type\":\"ListItem\",\"position\":4,\"name\":\"Vad \u00e4r det fr\u00e5ga om n\u00e4r man talar om inomhusf\u00f6rh\u00e5llanden\"}]},{\"@type\":\"WebSite\",\"@id\":\"https:\/\/www.senaatti.fi\/#website\",\"url\":\"https:\/\/www.senaatti.fi\/\",\"name\":\"Senaatti\",\"description\":\"Just another WordPress site\",\"publisher\":{\"@id\":\"https:\/\/www.senaatti.fi\/#organization\"},\"potentialAction\":[{\"@type\":\"SearchAction\",\"target\":{\"@type\":\"EntryPoint\",\"urlTemplate\":\"https:\/\/www.senaatti.fi\/?s={search_term_string}\"},\"query-input\":{\"@type\":\"PropertyValueSpecification\",\"valueRequired\":true,\"valueName\":\"search_term_string\"}}],\"inLanguage\":\"sv-SE\"},{\"@type\":\"Organization\",\"@id\":\"https:\/\/www.senaatti.fi\/#organization\",\"name\":\"Senaatti-kiinteist\u00f6t\",\"url\":\"https:\/\/www.senaatti.fi\/\",\"logo\":{\"@type\":\"ImageObject\",\"inLanguage\":\"sv-SE\",\"@id\":\"https:\/\/www.senaatti.fi\/#\/schema\/logo\/image\/\",\"url\":\"https:\/\/testi-e2c55b704894.senaatti.fi\/app\/uploads\/2021\/01\/Senaatti_FB_profiili_1200x630.png\",\"contentUrl\":\"https:\/\/testi-e2c55b704894.senaatti.fi\/app\/uploads\/2021\/01\/Senaatti_FB_profiili_1200x630.png\",\"width\":1201,\"height\":631,\"caption\":\"Senaatti-kiinteist\u00f6t\"},\"image\":{\"@id\":\"https:\/\/www.senaatti.fi\/#\/schema\/logo\/image\/\"},\"sameAs\":[\"https:\/\/www.facebook.com\/SenaattiKiinteistot\/\",\"https:\/\/x.com\/SenaattiK\",\"https:\/\/www.linkedin.com\/company\/senate-properties\",\"https:\/\/www.youtube.com\/channel\/UCunSUhMjKd5KqASPgBrndkQ\"]}]}<\/script>\n<!-- \/ Yoast SEO plugin. -->","yoast_head_json":{"title":"Vad \u00e4r det fr\u00e5ga om n\u00e4r man talar om inomhusf\u00f6rh\u00e5llanden - Senaatti","robots":{"index":"noindex","follow":"follow","max-snippet":"max-snippet:-1","max-image-preview":"max-image-preview:large","max-video-preview":"max-video-preview:-1"},"og_locale":"sv_SE","og_type":"article","og_title":"Vad \u00e4r det fr\u00e5ga om n\u00e4r man talar om inomhusf\u00f6rh\u00e5llanden - Senaatti","og_description":"[vc_row][vc_column][senaatti_hero heading=&#8221;Vad \u00e4r det fr\u00e5ga om n\u00e4r man talar om inomhusf\u00f6rh\u00e5llanden?&#8221; image=&#8221;15950&#8243;][\/vc_column][\/vc_row][vc_row][vc_column][vc_column_text remove_empty_space_above=&#8221;true&#8221;] Inomhusluften \u00e4r en summa av flera faktorer D\u00e5lig inomhusluft minskar trivseln och arbetseffektiviteten samt kan i v\u00e4rsta fall orsaka h\u00e4lsoskador och till och med allvarliga sjukdomar. Att s\u00e4kerst\u00e4lla god inomhusluft \u00e4r en av fastighets\u00e4garens viktigaste uppgifter. Till f\u00f6retagsh\u00e4lsov\u00e5rdens uppgifter h\u00f6r att utreda [&hellip;]","og_url":"https:\/\/testi-e2c55b704894.senaatti.fi\/sv\/om-oss\/inomhusforhallanden\/vad-ar-det-fraga-om-nar-man-talar-om-inomhusforhallanden\/","og_site_name":"Senaatti","article_publisher":"https:\/\/www.facebook.com\/SenaattiKiinteistot\/","article_modified_time":"2024-02-01T11:44:39+00:00","og_image":[{"width":1024,"height":538,"url":"https:\/\/testi-e2c55b704894.senaatti.fi\/app\/uploads\/2021\/01\/Senaatti_FB_profiili_1200x630-1024x538.png","type":"image\/png"}],"twitter_card":"summary_large_image","twitter_site":"@SenaattiK","twitter_misc":{"Ber\u00e4knad l\u00e4stid":"5 minuter"},"schema":{"@context":"https:\/\/schema.org","@graph":[{"@type":"WebPage","@id":"https:\/\/testi-e2c55b704894.senaatti.fi\/sv\/om-oss\/inomhusforhallanden\/vad-ar-det-fraga-om-nar-man-talar-om-inomhusforhallanden\/","url":"https:\/\/testi-e2c55b704894.senaatti.fi\/sv\/om-oss\/inomhusforhallanden\/vad-ar-det-fraga-om-nar-man-talar-om-inomhusforhallanden\/","name":"Vad \u00e4r det fr\u00e5ga om n\u00e4r man talar om inomhusf\u00f6rh\u00e5llanden - Senaatti","isPartOf":{"@id":"https:\/\/www.senaatti.fi\/#website"},"datePublished":"2023-05-15T13:31:46+00:00","dateModified":"2024-02-01T11:44:39+00:00","breadcrumb":{"@id":"https:\/\/testi-e2c55b704894.senaatti.fi\/sv\/om-oss\/inomhusforhallanden\/vad-ar-det-fraga-om-nar-man-talar-om-inomhusforhallanden\/#breadcrumb"},"inLanguage":"sv-SE","potentialAction":[{"@type":"ReadAction","target":["https:\/\/testi-e2c55b704894.senaatti.fi\/sv\/om-oss\/inomhusforhallanden\/vad-ar-det-fraga-om-nar-man-talar-om-inomhusforhallanden\/"]}]},{"@type":"BreadcrumbList","@id":"https:\/\/testi-e2c55b704894.senaatti.fi\/sv\/om-oss\/inomhusforhallanden\/vad-ar-det-fraga-om-nar-man-talar-om-inomhusforhallanden\/#breadcrumb","itemListElement":[{"@type":"ListItem","position":1,"name":"Hem","item":"https:\/\/www.senaatti.fi\/sv\/"},{"@type":"ListItem","position":2,"name":"Om oss","item":"https:\/\/www.senaatti.fi\/sv\/om-oss\/"},{"@type":"ListItem","position":3,"name":"Inomhusf\u00f6rh\u00e5llanden","item":"https:\/\/www.senaatti.fi\/sv\/om-oss\/inomhusforhallanden\/"},{"@type":"ListItem","position":4,"name":"Vad \u00e4r det fr\u00e5ga om n\u00e4r man talar om inomhusf\u00f6rh\u00e5llanden"}]},{"@type":"WebSite","@id":"https:\/\/www.senaatti.fi\/#website","url":"https:\/\/www.senaatti.fi\/","name":"Senaatti","description":"Just another WordPress site","publisher":{"@id":"https:\/\/www.senaatti.fi\/#organization"},"potentialAction":[{"@type":"SearchAction","target":{"@type":"EntryPoint","urlTemplate":"https:\/\/www.senaatti.fi\/?s={search_term_string}"},"query-input":{"@type":"PropertyValueSpecification","valueRequired":true,"valueName":"search_term_string"}}],"inLanguage":"sv-SE"},{"@type":"Organization","@id":"https:\/\/www.senaatti.fi\/#organization","name":"Senaatti-kiinteist\u00f6t","url":"https:\/\/www.senaatti.fi\/","logo":{"@type":"ImageObject","inLanguage":"sv-SE","@id":"https:\/\/www.senaatti.fi\/#\/schema\/logo\/image\/","url":"https:\/\/testi-e2c55b704894.senaatti.fi\/app\/uploads\/2021\/01\/Senaatti_FB_profiili_1200x630.png","contentUrl":"https:\/\/testi-e2c55b704894.senaatti.fi\/app\/uploads\/2021\/01\/Senaatti_FB_profiili_1200x630.png","width":1201,"height":631,"caption":"Senaatti-kiinteist\u00f6t"},"image":{"@id":"https:\/\/www.senaatti.fi\/#\/schema\/logo\/image\/"},"sameAs":["https:\/\/www.facebook.com\/SenaattiKiinteistot\/","https:\/\/x.com\/SenaattiK","https:\/\/www.linkedin.com\/company\/senate-properties","https:\/\/www.youtube.com\/channel\/UCunSUhMjKd5KqASPgBrndkQ"]}]}},"publishpress_future_action":{"enabled":false,"date":"2026-04-14 17:35:08","action":"change-status","newStatus":"draft","terms":[],"taxonomy":"translation_priority"},"_links":{"self":[{"href":"https:\/\/testi-e2c55b704894.senaatti.fi\/sv\/wp-json\/wp\/v2\/pages\/63778","targetHints":{"allow":["GET"]}}],"collection":[{"href":"https:\/\/testi-e2c55b704894.senaatti.fi\/sv\/wp-json\/wp\/v2\/pages"}],"about":[{"href":"https:\/\/testi-e2c55b704894.senaatti.fi\/sv\/wp-json\/wp\/v2\/types\/page"}],"author":[{"embeddable":true,"href":"https:\/\/testi-e2c55b704894.senaatti.fi\/sv\/wp-json\/wp\/v2\/users\/11"}],"replies":[{"embeddable":true,"href":"https:\/\/testi-e2c55b704894.senaatti.fi\/sv\/wp-json\/wp\/v2\/comments?post=63778"}],"version-history":[{"count":6,"href":"https:\/\/testi-e2c55b704894.senaatti.fi\/sv\/wp-json\/wp\/v2\/pages\/63778\/revisions"}],"predecessor-version":[{"id":64189,"href":"https:\/\/testi-e2c55b704894.senaatti.fi\/sv\/wp-json\/wp\/v2\/pages\/63778\/revisions\/64189"}],"up":[{"embeddable":true,"href":"https:\/\/testi-e2c55b704894.senaatti.fi\/sv\/wp-json\/wp\/v2\/pages\/62189"}],"wp:attachment":[{"href":"https:\/\/testi-e2c55b704894.senaatti.fi\/sv\/wp-json\/wp\/v2\/media?parent=63778"}],"curies":[{"name":"wp","href":"https:\/\/api.w.org\/{rel}","templated":true}]}}